{"id":722,"date":"2018-07-24T12:58:36","date_gmt":"2018-07-24T10:58:36","guid":{"rendered":"http:\/\/portail.univ-bfc.fr\/ubfc\/presentation\/membres\/"},"modified":"2019-06-06T11:41:47","modified_gmt":"2019-06-06T09:41:47","slug":"membres","status":"publish","type":"page","link":"https:\/\/ubfc-preprod.u-bourgogne.fr\/en\/ubfc\/presentation\/membres\/","title":{"rendered":"Membres"},"content":{"rendered":"\t\t<div data-elementor-type=\"wp-post\" data-elementor-id=\"722\" class=\"elementor elementor-722\" data-elementor-post-type=\"page\">\n\t\t\t\t\t\t<section class=\"elementor-section elementor-top-section elementor-element elementor-element-9a9dce2 elementor-section-boxed elementor-section-height-default elementor-section-height-default\" data-id=\"9a9dce2\" data-element_type=\"section\" data-e-type=\"section\">\n\t\t\t\t\t\t<div class=\"elementor-container elementor-column-gap-default\">\n\t\t\t\t\t<div class=\"elementor-column elementor-col-100 elementor-top-column elementor-element elementor-element-eb19816\" data-id=\"eb19816\" data-element_type=\"column\" data-e-type=\"column\">\n\t\t\t<div class=\"elementor-widget-wrap elementor-element-populated\">\n\t\t\t\t\t\t<div class=\"elementor-element elementor-element-a7ea7da elementor-widget elementor-widget-text-editor\" data-id=\"a7ea7da\" data-element_type=\"widget\" data-e-type=\"widget\" data-widget_type=\"text-editor.default\">\n\t\t\t\t<div class=\"elementor-widget-container\">\n\t\t\t\t\t\t\t\t\t<p><span style=\"font-size: 18pt;\">UBFC porte dans son ADN la construction de projets collectifs cr\u00e9ant un impact positif pour l\u2019ensemble des \u00e9tablissements d\u2019enseignement sup\u00e9rieur et de recherche du site Bourgogne \u2013 Franche-Comt\u00e9. Elle a pour vocation, \u00e0 travers les projets qu\u2019elle porte, d\u2019avoir un effet transformant, faisant de la diversit\u00e9 une force par la mise en commun des comp\u00e9tences de la communaut\u00e9, au service du public et de l\u2019int\u00e9r\u00eat g\u00e9n\u00e9ral.<\/span><\/p>\t\t\t\t\t\t\t\t<\/div>\n\t\t\t\t<\/div>\n\t\t\t\t\t<\/div>\n\t\t<\/div>\n\t\t\t\t\t<\/div>\n\t\t<\/section>\n\t\t\t\t<section class=\"elementor-section elementor-top-section elementor-element elementor-element-fb75814 elementor-section-boxed elementor-section-height-default elementor-section-height-default\" data-id=\"fb75814\" data-element_type=\"section\" data-e-type=\"section\">\n\t\t\t\t\t\t<div class=\"elementor-container elementor-column-gap-default\">\n\t\t\t\t\t<div class=\"elementor-column elementor-col-25 elementor-top-column elementor-element elementor-element-c2359d5\" data-id=\"c2359d5\" data-element_type=\"column\" data-e-type=\"column\">\n\t\t\t<div class=\"elementor-widget-wrap elementor-element-populated\">\n\t\t\t\t\t\t<div class=\"elementor-element elementor-element-af3dd5d elementor-widget elementor-widget-image\" data-id=\"af3dd5d\" data-element_type=\"widget\" data-e-type=\"widget\" data-widget_type=\"image.default\">\n\t\t\t\t<div class=\"elementor-widget-container\">\n\t\t\t\t\t\t\t\t\t\t\t\t\t\t\t\t<a href=\"https:\/\/www.agrosupdijon.fr\" target=\"_blank\">\n\t\t\t\t\t\t\t<img fetchpriority=\"high\" decoding=\"async\" width=\"400\" height=\"400\" src=\"https:\/\/ubfc-preprod.u-bourgogne.fr\/wp-content\/uploads\/2018\/10\/agrosup-dijon.jpg\" class=\"attachment-large size-large wp-image-17648\" alt=\"\" srcset=\"https:\/\/ubfc-preprod.u-bourgogne.fr\/wp-content\/uploads\/2018\/10\/agrosup-dijon.jpg 400w, https:\/\/ubfc-preprod.u-bourgogne.fr\/wp-content\/uploads\/2018\/10\/agrosup-dijon-150x150.jpg 150w, https:\/\/ubfc-preprod.u-bourgogne.fr\/wp-content\/uploads\/2018\/10\/agrosup-dijon-300x300.jpg 300w\" sizes=\"(max-width: 400px) 100vw, 400px\" \/>\t\t\t\t\t\t\t\t<\/a>\n\t\t\t\t\t\t\t\t\t\t\t\t\t\t\t<\/div>\n\t\t\t\t<\/div>\n\t\t\t\t\t<\/div>\n\t\t<\/div>\n\t\t\t\t<div class=\"elementor-column elementor-col-25 elementor-top-column elementor-element elementor-element-e1eeab5\" data-id=\"e1eeab5\" data-element_type=\"column\" data-e-type=\"column\">\n\t\t\t<div class=\"elementor-widget-wrap elementor-element-populated\">\n\t\t\t\t\t\t<div class=\"elementor-element elementor-element-4ca4d01 elementor-widget elementor-widget-image\" data-id=\"4ca4d01\" data-element_type=\"widget\" data-e-type=\"widget\" data-widget_type=\"image.default\">\n\t\t\t\t<div class=\"elementor-widget-container\">\n\t\t\t\t\t\t\t\t\t\t\t\t\t\t\t\t<a href=\"https:\/\/www.bsb-education.com\/\" target=\"_blank\">\n\t\t\t\t\t\t\t<img decoding=\"async\" width=\"400\" height=\"400\" src=\"https:\/\/ubfc-preprod.u-bourgogne.fr\/wp-content\/uploads\/2018\/10\/burgundy-school-of-business.jpg\" class=\"attachment-large size-large wp-image-17651\" alt=\"\" srcset=\"https:\/\/ubfc-preprod.u-bourgogne.fr\/wp-content\/uploads\/2018\/10\/burgundy-school-of-business.jpg 400w, https:\/\/ubfc-preprod.u-bourgogne.fr\/wp-content\/uploads\/2018\/10\/burgundy-school-of-business-150x150.jpg 150w, https:\/\/ubfc-preprod.u-bourgogne.fr\/wp-content\/uploads\/2018\/10\/burgundy-school-of-business-300x300.jpg 300w\" sizes=\"(max-width: 400px) 100vw, 400px\" \/>\t\t\t\t\t\t\t\t<\/a>\n\t\t\t\t\t\t\t\t\t\t\t\t\t\t\t<\/div>\n\t\t\t\t<\/div>\n\t\t\t\t\t<\/div>\n\t\t<\/div>\n\t\t\t\t<div class=\"elementor-column elementor-col-25 elementor-top-column elementor-element elementor-element-bd00aa0\" data-id=\"bd00aa0\" data-element_type=\"column\" data-e-type=\"column\">\n\t\t\t<div class=\"elementor-widget-wrap elementor-element-populated\">\n\t\t\t\t\t\t<div class=\"elementor-element elementor-element-35471be elementor-widget elementor-widget-image\" data-id=\"35471be\" data-element_type=\"widget\" data-e-type=\"widget\" data-widget_type=\"image.default\">\n\t\t\t\t<div class=\"elementor-widget-container\">\n\t\t\t\t\t\t\t\t\t\t\t\t\t\t\t\t<a href=\"https:\/\/artsetmetiers.fr\/fr\/campus\/cluny\" target=\"_blank\">\n\t\t\t\t\t\t\t<img decoding=\"async\" width=\"400\" height=\"400\" src=\"https:\/\/ubfc-preprod.u-bourgogne.fr\/wp-content\/uploads\/2018\/10\/ENSAM.jpg\" class=\"attachment-large size-large wp-image-17654\" alt=\"\" srcset=\"https:\/\/ubfc-preprod.u-bourgogne.fr\/wp-content\/uploads\/2018\/10\/ENSAM.jpg 400w, https:\/\/ubfc-preprod.u-bourgogne.fr\/wp-content\/uploads\/2018\/10\/ENSAM-150x150.jpg 150w, https:\/\/ubfc-preprod.u-bourgogne.fr\/wp-content\/uploads\/2018\/10\/ENSAM-300x300.jpg 300w\" sizes=\"(max-width: 400px) 100vw, 400px\" \/>\t\t\t\t\t\t\t\t<\/a>\n\t\t\t\t\t\t\t\t\t\t\t\t\t\t\t<\/div>\n\t\t\t\t<\/div>\n\t\t\t\t\t<\/div>\n\t\t<\/div>\n\t\t\t\t<div class=\"elementor-column elementor-col-25 elementor-top-column elementor-element elementor-element-c1a1bbc\" data-id=\"c1a1bbc\" data-element_type=\"column\" data-e-type=\"column\">\n\t\t\t<div class=\"elementor-widget-wrap elementor-element-populated\">\n\t\t\t\t\t\t<div class=\"elementor-element elementor-element-3196698 elementor-widget elementor-widget-image\" data-id=\"3196698\" data-element_type=\"widget\" data-e-type=\"widget\" data-widget_type=\"image.default\">\n\t\t\t\t<div class=\"elementor-widget-container\">\n\t\t\t\t\t\t\t\t\t\t\t\t\t\t\t\t<a href=\"https:\/\/www.ens2m.fr\/\" target=\"_blank\">\n\t\t\t\t\t\t\t<img loading=\"lazy\" decoding=\"async\" width=\"400\" height=\"400\" src=\"https:\/\/ubfc-preprod.u-bourgogne.fr\/wp-content\/uploads\/2018\/10\/ENSMM.jpg\" class=\"attachment-large size-large wp-image-17657\" alt=\"\" srcset=\"https:\/\/ubfc-preprod.u-bourgogne.fr\/wp-content\/uploads\/2018\/10\/ENSMM.jpg 400w, https:\/\/ubfc-preprod.u-bourgogne.fr\/wp-content\/uploads\/2018\/10\/ENSMM-150x150.jpg 150w, https:\/\/ubfc-preprod.u-bourgogne.fr\/wp-content\/uploads\/2018\/10\/ENSMM-300x300.jpg 300w\" sizes=\"(max-width: 400px) 100vw, 400px\" \/>\t\t\t\t\t\t\t\t<\/a>\n\t\t\t\t\t\t\t\t\t\t\t\t\t\t\t<\/div>\n\t\t\t\t<\/div>\n\t\t\t\t\t<\/div>\n\t\t<\/div>\n\t\t\t\t\t<\/div>\n\t\t<\/section>\n\t\t\t\t<section class=\"elementor-section elementor-top-section elementor-element elementor-element-c1dd7f6 elementor-section-boxed elementor-section-height-default elementor-section-height-default\" data-id=\"c1dd7f6\" data-element_type=\"section\" data-e-type=\"section\">\n\t\t\t\t\t\t<div class=\"elementor-container elementor-column-gap-default\">\n\t\t\t\t\t<div class=\"elementor-column elementor-col-25 elementor-top-column elementor-element elementor-element-5309798\" data-id=\"5309798\" data-element_type=\"column\" data-e-type=\"column\">\n\t\t\t<div class=\"elementor-widget-wrap elementor-element-populated\">\n\t\t\t\t\t\t<div class=\"elementor-element elementor-element-f46c84c elementor-widget elementor-widget-image\" data-id=\"f46c84c\" data-element_type=\"widget\" data-e-type=\"widget\" data-widget_type=\"image.default\">\n\t\t\t\t<div class=\"elementor-widget-container\">\n\t\t\t\t\t\t\t\t\t\t\t\t\t\t\t\t<a href=\"https:\/\/www.u-bourgogne.fr\/\" target=\"_blank\">\n\t\t\t\t\t\t\t<img loading=\"lazy\" decoding=\"async\" width=\"400\" height=\"400\" src=\"https:\/\/ubfc-preprod.u-bourgogne.fr\/wp-content\/uploads\/2018\/10\/universite-bourgogne.jpg\" class=\"attachment-large size-large wp-image-17660\" alt=\"\" srcset=\"https:\/\/ubfc-preprod.u-bourgogne.fr\/wp-content\/uploads\/2018\/10\/universite-bourgogne.jpg 400w, https:\/\/ubfc-preprod.u-bourgogne.fr\/wp-content\/uploads\/2018\/10\/universite-bourgogne-150x150.jpg 150w, https:\/\/ubfc-preprod.u-bourgogne.fr\/wp-content\/uploads\/2018\/10\/universite-bourgogne-300x300.jpg 300w\" sizes=\"(max-width: 400px) 100vw, 400px\" \/>\t\t\t\t\t\t\t\t<\/a>\n\t\t\t\t\t\t\t\t\t\t\t\t\t\t\t<\/div>\n\t\t\t\t<\/div>\n\t\t\t\t\t<\/div>\n\t\t<\/div>\n\t\t\t\t<div class=\"elementor-column elementor-col-25 elementor-top-column elementor-element elementor-element-fa7e1a7\" data-id=\"fa7e1a7\" data-element_type=\"column\" data-e-type=\"column\">\n\t\t\t<div class=\"elementor-widget-wrap elementor-element-populated\">\n\t\t\t\t\t\t<div class=\"elementor-element elementor-element-e42f6bc elementor-widget elementor-widget-image\" data-id=\"e42f6bc\" data-element_type=\"widget\" data-e-type=\"widget\" data-widget_type=\"image.default\">\n\t\t\t\t<div class=\"elementor-widget-container\">\n\t\t\t\t\t\t\t\t\t\t\t\t\t\t\t\t<a href=\"http:\/\/www.univ-fcomte.fr\/\" target=\"_blank\">\n\t\t\t\t\t\t\t<img loading=\"lazy\" decoding=\"async\" width=\"400\" height=\"400\" src=\"https:\/\/ubfc-preprod.u-bourgogne.fr\/wp-content\/uploads\/2018\/10\/universite-franche-comte.jpg\" class=\"attachment-large size-large wp-image-17663\" alt=\"\" srcset=\"https:\/\/ubfc-preprod.u-bourgogne.fr\/wp-content\/uploads\/2018\/10\/universite-franche-comte.jpg 400w, https:\/\/ubfc-preprod.u-bourgogne.fr\/wp-content\/uploads\/2018\/10\/universite-franche-comte-150x150.jpg 150w, https:\/\/ubfc-preprod.u-bourgogne.fr\/wp-content\/uploads\/2018\/10\/universite-franche-comte-300x300.jpg 300w\" sizes=\"(max-width: 400px) 100vw, 400px\" \/>\t\t\t\t\t\t\t\t<\/a>\n\t\t\t\t\t\t\t\t\t\t\t\t\t\t\t<\/div>\n\t\t\t\t<\/div>\n\t\t\t\t\t<\/div>\n\t\t<\/div>\n\t\t\t\t<div class=\"elementor-column elementor-col-25 elementor-top-column elementor-element elementor-element-d9b14ef\" data-id=\"d9b14ef\" data-element_type=\"column\" data-e-type=\"column\">\n\t\t\t<div class=\"elementor-widget-wrap elementor-element-populated\">\n\t\t\t\t\t\t<div class=\"elementor-element elementor-element-25f804f elementor-widget elementor-widget-image\" data-id=\"25f804f\" data-element_type=\"widget\" data-e-type=\"widget\" data-widget_type=\"image.default\">\n\t\t\t\t<div class=\"elementor-widget-container\">\n\t\t\t\t\t\t\t\t\t\t\t\t\t\t\t\t<a href=\"https:\/\/www.utbm.fr\/\" target=\"_blank\">\n\t\t\t\t\t\t\t<img loading=\"lazy\" decoding=\"async\" width=\"400\" height=\"400\" src=\"https:\/\/ubfc-preprod.u-bourgogne.fr\/wp-content\/uploads\/2018\/10\/UTBM.jpg\" class=\"attachment-large size-large wp-image-17666\" alt=\"\" srcset=\"https:\/\/ubfc-preprod.u-bourgogne.fr\/wp-content\/uploads\/2018\/10\/UTBM.jpg 400w, https:\/\/ubfc-preprod.u-bourgogne.fr\/wp-content\/uploads\/2018\/10\/UTBM-150x150.jpg 150w, https:\/\/ubfc-preprod.u-bourgogne.fr\/wp-content\/uploads\/2018\/10\/UTBM-300x300.jpg 300w\" sizes=\"(max-width: 400px) 100vw, 400px\" \/>\t\t\t\t\t\t\t\t<\/a>\n\t\t\t\t\t\t\t\t\t\t\t\t\t\t\t<\/div>\n\t\t\t\t<\/div>\n\t\t\t\t\t<\/div>\n\t\t<\/div>\n\t\t\t\t<div class=\"elementor-column elementor-col-25 elementor-top-column elementor-element elementor-element-281d0c9\" data-id=\"281d0c9\" data-element_type=\"column\" data-e-type=\"column\">\n\t\t\t<div class=\"elementor-widget-wrap\">\n\t\t\t\t\t\t\t<\/div>\n\t\t<\/div>\n\t\t\t\t\t<\/div>\n\t\t<\/section>\n\t\t\t\t<\/div>\n\t\t","protected":false},"excerpt":{"rendered":"<p>UBFC porte dans son ADN la construction de projets collectifs cr\u00e9ant un impact positif pour l\u2019ensemble des \u00e9tablissements d\u2019enseignement sup\u00e9rieur et de recherche du site Bourgogne \u2013 Franche-Comt\u00e9. Elle a pour vocation, \u00e0 travers les projets qu\u2019elle porte, d\u2019avoir un effet transformant, faisant de la diversit\u00e9 une force par la mise en commun des comp\u00e9tences &hellip; <a href=\"https:\/\/ubfc-preprod.u-bourgogne.fr\/en\/ubfc\/presentation\/membres\/\">Continued<\/a><\/p>\n","protected":false},"author":1,"featured_media":0,"parent":687,"menu_order":389,"comment_status":"closed","ping_status":"closed","template":"","meta":{"footnotes":""},"class_list":["post-722","page","type-page","status-publish","hentry"],"acf":[],"_links":{"self":[{"href":"https:\/\/ubfc-preprod.u-bourgogne.fr\/en\/wp-json\/wp\/v2\/pages\/722","targetHints":{"allow":["GET"]}}],"collection":[{"href":"https:\/\/ubfc-preprod.u-bourgogne.fr\/en\/wp-json\/wp\/v2\/pages"}],"about":[{"href":"https:\/\/ubfc-preprod.u-bourgogne.fr\/en\/wp-json\/wp\/v2\/types\/page"}],"author":[{"embeddable":true,"href":"https:\/\/ubfc-preprod.u-bourgogne.fr\/en\/wp-json\/wp\/v2\/users\/1"}],"replies":[{"embeddable":true,"href":"https:\/\/ubfc-preprod.u-bourgogne.fr\/en\/wp-json\/wp\/v2\/comments?post=722"}],"version-history":[{"count":2,"href":"https:\/\/ubfc-preprod.u-bourgogne.fr\/en\/wp-json\/wp\/v2\/pages\/722\/revisions"}],"predecessor-version":[{"id":36301,"href":"https:\/\/ubfc-preprod.u-bourgogne.fr\/en\/wp-json\/wp\/v2\/pages\/722\/revisions\/36301"}],"up":[{"embeddable":true,"href":"https:\/\/ubfc-preprod.u-bourgogne.fr\/en\/wp-json\/wp\/v2\/pages\/687"}],"wp:attachment":[{"href":"https:\/\/ubfc-preprod.u-bourgogne.fr\/en\/wp-json\/wp\/v2\/media?parent=722"}],"curies":[{"name":"wp","href":"https:\/\/api.w.org\/{rel}","templated":true}]}}