{"id":720,"date":"2018-07-24T12:58:36","date_gmt":"2018-07-24T10:58:36","guid":{"rendered":"http:\/\/portail.univ-bfc.fr\/ubfc\/presentation\/statut-ubfc\/"},"modified":"2019-11-07T15:32:50","modified_gmt":"2019-11-07T14:32:50","slug":"statuts-ubfc","status":"publish","type":"page","link":"https:\/\/ubfc-preprod.u-bourgogne.fr\/en\/ubfc\/presentation\/statuts-ubfc\/","title":{"rendered":"Statuts UBFC"},"content":{"rendered":"\t\t<div data-elementor-type=\"wp-post\" data-elementor-id=\"720\" class=\"elementor elementor-720\" data-elementor-post-type=\"page\">\n\t\t\t\t\t\t<section class=\"elementor-section elementor-top-section elementor-element elementor-element-635e8648 elementor-section-boxed elementor-section-height-default elementor-section-height-default\" data-id=\"635e8648\" data-element_type=\"section\" data-e-type=\"section\">\n\t\t\t\t\t\t<div class=\"elementor-container elementor-column-gap-default\">\n\t\t\t\t\t<div class=\"elementor-column elementor-col-100 elementor-top-column elementor-element elementor-element-26aafc9c\" data-id=\"26aafc9c\" data-element_type=\"column\" data-e-type=\"column\">\n\t\t\t<div class=\"elementor-widget-wrap elementor-element-populated\">\n\t\t\t\t\t\t<div class=\"elementor-element elementor-element-227466d3 elementor-widget elementor-widget-text-editor\" data-id=\"227466d3\" data-element_type=\"widget\" data-e-type=\"widget\" data-widget_type=\"text-editor.default\">\n\t\t\t\t<div class=\"elementor-widget-container\">\n\t\t\t\t\t\t\t\t\t<p>&#8220;Universit\u00e9 Bourgogne Franche-Comt\u00e9&#8221; a \u00e9t\u00e9 cr\u00e9\u00e9e le 1er avril 2015 par d\u00e9cret publi\u00e9 au Journal Officiel le 11 mars 2015. Ce d\u00e9cret a \u00e9t\u00e9 modifi\u00e9 le 14 f\u00e9vrier 2018, laissant place \u00e0 une mise \u00e0 jour du d\u00e9cret portant sur la cr\u00e9ation de la communaut\u00e9 d\u2019universit\u00e9s et \u00e9tablissements \u00ab Universit\u00e9 Bourgogne Franche- Comt\u00e9 \u00bb et l\u2019approbation de ses statuts.&#8221;<\/p>\t\t\t\t\t\t\t\t<\/div>\n\t\t\t\t<\/div>\n\t\t\t\t\t<\/div>\n\t\t<\/div>\n\t\t\t\t\t<\/div>\n\t\t<\/section>\n\t\t\t\t<section class=\"elementor-section elementor-top-section elementor-element elementor-element-d1aea17 elementor-section-boxed elementor-section-height-default elementor-section-height-default\" data-id=\"d1aea17\" data-element_type=\"section\" data-e-type=\"section\">\n\t\t\t\t\t\t<div class=\"elementor-container elementor-column-gap-default\">\n\t\t\t\t\t<div class=\"elementor-column elementor-col-50 elementor-top-column elementor-element elementor-element-1af6b0e\" data-id=\"1af6b0e\" data-element_type=\"column\" data-e-type=\"column\">\n\t\t\t<div class=\"elementor-widget-wrap elementor-element-populated\">\n\t\t\t\t\t\t<div class=\"elementor-element elementor-element-d58e39d elementor-widget elementor-widget-image\" data-id=\"d58e39d\" data-element_type=\"widget\" data-e-type=\"widget\" data-widget_type=\"image.default\">\n\t\t\t\t<div class=\"elementor-widget-container\">\n\t\t\t\t\t\t\t\t\t\t\t\t<figure class=\"wp-caption\">\n\t\t\t\t\t\t\t\t\t\t\t<a href=\"https:\/\/www.ubfc.fr\/wp-content\/uploads\/2018\/10\/decretcreation_comueubfcstatuts.pdf\" target=\"_blank\">\n\t\t\t\t\t\t\t<img decoding=\"async\" width=\"150\" height=\"150\" src=\"https:\/\/ubfc-preprod.u-bourgogne.fr\/wp-content\/uploads\/2018\/09\/PDF-logo-1.jpg\" class=\"attachment-large size-large wp-image-12804\" alt=\"\" \/>\t\t\t\t\t\t\t\t<\/a>\n\t\t\t\t\t\t\t\t\t\t\t<figcaption class=\"widget-image-caption wp-caption-text\">D\u00e9cret statuts d'UBFC<\/figcaption>\n\t\t\t\t\t\t\t\t\t\t<\/figure>\n\t\t\t\t\t\t\t\t\t<\/div>\n\t\t\t\t<\/div>\n\t\t\t\t\t<\/div>\n\t\t<\/div>\n\t\t\t\t<div class=\"elementor-column elementor-col-50 elementor-top-column elementor-element elementor-element-63de912\" data-id=\"63de912\" data-element_type=\"column\" data-e-type=\"column\">\n\t\t\t<div class=\"elementor-widget-wrap elementor-element-populated\">\n\t\t\t\t\t\t<div class=\"elementor-element elementor-element-e6049be elementor-widget elementor-widget-image\" data-id=\"e6049be\" data-element_type=\"widget\" data-e-type=\"widget\" data-widget_type=\"image.default\">\n\t\t\t\t<div class=\"elementor-widget-container\">\n\t\t\t\t\t\t\t\t\t\t\t\t<figure class=\"wp-caption\">\n\t\t\t\t\t\t\t\t\t\t\t<a href=\"https:\/\/www.ubfc.fr\/wp-content\/uploads\/2018\/10\/decretstatutsubfcmiseajour.pdf\" target=\"_blank\">\n\t\t\t\t\t\t\t<img decoding=\"async\" width=\"150\" height=\"150\" src=\"https:\/\/ubfc-preprod.u-bourgogne.fr\/wp-content\/uploads\/2018\/09\/PDF-logo-1.jpg\" class=\"attachment-large size-large wp-image-12804\" alt=\"\" \/>\t\t\t\t\t\t\t\t<\/a>\n\t\t\t\t\t\t\t\t\t\t\t<figcaption class=\"widget-image-caption wp-caption-text\">D\u00e9cret statuts mis \u00e0 jour<\/figcaption>\n\t\t\t\t\t\t\t\t\t\t<\/figure>\n\t\t\t\t\t\t\t\t\t<\/div>\n\t\t\t\t<\/div>\n\t\t\t\t\t<\/div>\n\t\t<\/div>\n\t\t\t\t\t<\/div>\n\t\t<\/section>\n\t\t\t\t<\/div>\n\t\t","protected":false},"excerpt":{"rendered":"<p>&#8220;Universit\u00e9 Bourgogne Franche-Comt\u00e9&#8221; a \u00e9t\u00e9 cr\u00e9\u00e9e le 1er avril 2015 par d\u00e9cret publi\u00e9 au Journal Officiel le 11 mars 2015. Ce d\u00e9cret a \u00e9t\u00e9 modifi\u00e9 le 14 f\u00e9vrier 2018, laissant place \u00e0 une mise \u00e0 jour du d\u00e9cret portant sur la cr\u00e9ation de la communaut\u00e9 d\u2019universit\u00e9s et \u00e9tablissements \u00ab Universit\u00e9 Bourgogne Franche- Comt\u00e9 \u00bb et &hellip; <a href=\"https:\/\/ubfc-preprod.u-bourgogne.fr\/en\/ubfc\/presentation\/statuts-ubfc\/\">Continued<\/a><\/p>\n","protected":false},"author":1,"featured_media":0,"parent":687,"menu_order":391,"comment_status":"closed","ping_status":"closed","template":"","meta":{"footnotes":""},"class_list":["post-720","page","type-page","status-publish","hentry"],"acf":[],"_links":{"self":[{"href":"https:\/\/ubfc-preprod.u-bourgogne.fr\/en\/wp-json\/wp\/v2\/pages\/720","targetHints":{"allow":["GET"]}}],"collection":[{"href":"https:\/\/ubfc-preprod.u-bourgogne.fr\/en\/wp-json\/wp\/v2\/pages"}],"about":[{"href":"https:\/\/ubfc-preprod.u-bourgogne.fr\/en\/wp-json\/wp\/v2\/types\/page"}],"author":[{"embeddable":true,"href":"https:\/\/ubfc-preprod.u-bourgogne.fr\/en\/wp-json\/wp\/v2\/users\/1"}],"replies":[{"embeddable":true,"href":"https:\/\/ubfc-preprod.u-bourgogne.fr\/en\/wp-json\/wp\/v2\/comments?post=720"}],"version-history":[{"count":4,"href":"https:\/\/ubfc-preprod.u-bourgogne.fr\/en\/wp-json\/wp\/v2\/pages\/720\/revisions"}],"predecessor-version":[{"id":40709,"href":"https:\/\/ubfc-preprod.u-bourgogne.fr\/en\/wp-json\/wp\/v2\/pages\/720\/revisions\/40709"}],"up":[{"embeddable":true,"href":"https:\/\/ubfc-preprod.u-bourgogne.fr\/en\/wp-json\/wp\/v2\/pages\/687"}],"wp:attachment":[{"href":"https:\/\/ubfc-preprod.u-bourgogne.fr\/en\/wp-json\/wp\/v2\/media?parent=720"}],"curies":[{"name":"wp","href":"https:\/\/api.w.org\/{rel}","templated":true}]}}