{"id":710,"date":"2018-07-24T12:56:45","date_gmt":"2018-07-24T10:56:45","guid":{"rendered":"http:\/\/portail.univ-bfc.fr\/vie-universitaire\/bien-vivre-en-bfc\/"},"modified":"2019-07-03T13:45:11","modified_gmt":"2019-07-03T11:45:11","slug":"bien-vivre-en-bfc","status":"publish","type":"page","link":"https:\/\/ubfc-preprod.u-bourgogne.fr\/en\/cartographie-des-formations\/vie-universitaire\/bien-vivre-en-bfc\/","title":{"rendered":"Bien vivre en Bourgogne-Franche-Comt\u00e9"},"content":{"rendered":"\t\t<div data-elementor-type=\"wp-post\" data-elementor-id=\"710\" class=\"elementor elementor-710\" data-elementor-post-type=\"page\">\n\t\t\t\t\t\t<section class=\"elementor-section elementor-top-section elementor-element elementor-element-1d99494 elementor-section-boxed elementor-section-height-default elementor-section-height-default\" data-id=\"1d99494\" data-element_type=\"section\" data-e-type=\"section\">\n\t\t\t\t\t\t<div class=\"elementor-container elementor-column-gap-default\">\n\t\t\t\t\t<div class=\"elementor-column elementor-col-100 elementor-top-column elementor-element elementor-element-e27fd24\" data-id=\"e27fd24\" data-element_type=\"column\" data-e-type=\"column\">\n\t\t\t<div class=\"elementor-widget-wrap elementor-element-populated\">\n\t\t\t\t\t\t<div class=\"elementor-element elementor-element-717f4e72 elementor-widget elementor-widget-text-editor\" data-id=\"717f4e72\" data-element_type=\"widget\" data-e-type=\"widget\" data-widget_type=\"text-editor.default\">\n\t\t\t\t<div class=\"elementor-widget-container\">\n\t\t\t\t\t\t\t\t\t<h2>Bienvenue en Bourgogne &#8211; Franche-Comt\u00e9 !<\/h2><p>La r\u00e9gion Bourgogne-Franche-Comt\u00e9 est situ\u00e9e dans le quart nord-est de la France et partage une fronti\u00e8re avec la Suisse. Elle est limitrophe des r\u00e9gions Grand Est au nord, ile de France et Centre Val de Loire \u00e0 l&#8217;ouest, Auvergne-Rh\u00f4ne-Alpes au sud.<\/p><p>Regorgeant de sites touristiques, la Bourgon:gne-Franche-Comt\u00e9 vous offre de nombreuses opportunit\u00e9s de loisirs et de d\u00e9couverte culturelle. Son patrimoine naturel, architectural et gastronomique est appr\u00e9ci\u00e9 autant de ses habitants que des touristes du monde entier.<\/p><p>Recherch\u00e9e pour son savoir-faire traditionnel et reconnue notamment pour l\u2019agriculture et l\u2019agroalimentaire, la Bourgogne-Franche-Comt\u00e9 est aussi \u00e0 la pointe de la recherche et de l\u2019innovation. Elle abrite une industrie forte et des entreprises de renom.<\/p><p>En choisissant Universit\u00e9 Bourgogne &#8211; Franche-Comt\u00e9 (UBFC), vous int\u00e9grerez la communaut\u00e9 des <strong>60 000 \u00e9tudiants et 8 800 personnels<\/strong> r\u00e9partis sur tout le territoire r\u00e9gional.<\/p><p>Pour en savoir plus, n&#8217;h\u00e9sitez pas \u00e0 vous connecter sur le site de la r\u00e9gion <a href=\"https:\/\/www.bourgognefranchecomte.fr\/\" target=\"_blank\" rel=\"noopener noreferrer\">www.bourgognefranchecomte.fr<\/a> ou le site de l&#8217;office du tourisme <a href=\"https:\/\/www.bourgognefranchecomte.com\/\">www.bourgognefranchecomte.com<\/a><\/p>\t\t\t\t\t\t\t\t<\/div>\n\t\t\t\t<\/div>\n\t\t\t\t\t<\/div>\n\t\t<\/div>\n\t\t\t\t\t<\/div>\n\t\t<\/section>\n\t\t\t\t<section class=\"elementor-section elementor-top-section elementor-element elementor-element-25faa71 elementor-section-boxed elementor-section-height-default elementor-section-height-default\" data-id=\"25faa71\" data-element_type=\"section\" data-e-type=\"section\">\n\t\t\t\t\t\t<div class=\"elementor-container elementor-column-gap-default\">\n\t\t\t\t\t<div class=\"elementor-column elementor-col-100 elementor-top-column elementor-element elementor-element-1efe927\" data-id=\"1efe927\" data-element_type=\"column\" data-e-type=\"column\">\n\t\t\t<div class=\"elementor-widget-wrap elementor-element-populated\">\n\t\t\t\t\t\t<div class=\"elementor-element elementor-element-5229e0d elementor--h-position-center elementor--v-position-middle elementor-arrows-position-inside elementor-pagination-position-inside elementor-widget elementor-widget-slides\" data-id=\"5229e0d\" data-element_type=\"widget\" data-e-type=\"widget\" data-settings=\"{&quot;navigation&quot;:&quot;both&quot;,&quot;autoplay&quot;:&quot;yes&quot;,&quot;pause_on_hover&quot;:&quot;yes&quot;,&quot;pause_on_interaction&quot;:&quot;yes&quot;,&quot;autoplay_speed&quot;:5000,&quot;infinite&quot;:&quot;yes&quot;,&quot;transition&quot;:&quot;slide&quot;,&quot;transition_speed&quot;:500}\" data-widget_type=\"slides.default\">\n\t\t\t\t<div class=\"elementor-widget-container\">\n\t\t\t\t\t\t\t\t\t<div class=\"elementor-swiper\">\n\t\t\t\t\t<div class=\"elementor-slides-wrapper elementor-main-swiper swiper\" role=\"region\" aria-roledescription=\"carousel\" aria-label=\"Slides\" dir=\"ltr\" data-animation=\"fadeInUp\">\n\t\t\t\t<div class=\"swiper-wrapper elementor-slides\">\n\t\t\t\t\t\t\t\t\t\t<div class=\"elementor-repeater-item-f90e631 swiper-slide\" role=\"group\" aria-roledescription=\"slide\"><div class=\"swiper-slide-bg\" role=\"img\"><\/div><div class=\"swiper-slide-inner\" ><div class=\"swiper-slide-contents\"><div class=\"elementor-slide-heading\">La Bourgogne-Franche-Comt\u00e9<\/div><div class=\"elementor-slide-description\">\n\n\n\n\n\n\n\n\n\n\n\n\n<\/div><\/div><\/div><\/div><div class=\"elementor-repeater-item-6c1e558 swiper-slide\" role=\"group\" aria-roledescription=\"slide\"><div class=\"swiper-slide-bg\" role=\"img\"><\/div><div class=\"swiper-slide-inner\" ><div class=\"swiper-slide-contents\"><div class=\"elementor-slide-heading\">Des villes o\u00f9 il fait bon vivre<\/div><div class=\"elementor-slide-description\">\n\n<\/div><\/div><\/div><\/div><div class=\"elementor-repeater-item-b08f6a4 swiper-slide\" role=\"group\" aria-roledescription=\"slide\"><div class=\"swiper-slide-bg\" role=\"img\"><\/div><div class=\"swiper-slide-inner\" ><div class=\"swiper-slide-contents\"><div class=\"elementor-slide-heading\">De grands espaces naturels<\/div><div class=\"elementor-slide-description\">\n\n\n\n\n\n<\/div><\/div><\/div><\/div><div class=\"elementor-repeater-item-4a0713d swiper-slide\" role=\"group\" aria-roledescription=\"slide\"><div class=\"swiper-slide-bg\" role=\"img\"><\/div><div class=\"swiper-slide-inner\" ><div class=\"swiper-slide-contents\"><div class=\"elementor-slide-heading\">Un riche patrimoine <\/div><\/div><\/div><\/div><div class=\"elementor-repeater-item-eb958b9 swiper-slide\" role=\"group\" aria-roledescription=\"slide\"><div class=\"swiper-slide-bg\" role=\"img\"><\/div><div class=\"swiper-slide-inner\" ><div class=\"swiper-slide-contents\"><div class=\"elementor-slide-heading\">Des sites remarquables<\/div><div class=\"elementor-slide-description\">\n\n\n\n<\/div><\/div><\/div><\/div><div class=\"elementor-repeater-item-8585652 swiper-slide\" role=\"group\" aria-roledescription=\"slide\"><div class=\"swiper-slide-bg\" role=\"img\"><\/div><div class=\"swiper-slide-inner\" ><div class=\"swiper-slide-contents\"><div class=\"elementor-slide-heading\">Des sports de pleine nature<\/div><div class=\"elementor-slide-description\">\n\n\n\n\n\n\n\n\n\n\n\n\n\n\n                                                   \n                                                   \n                                                   \n                                                   \n                                                   \n                                                   \n                                                   \n     <\/div><\/div><\/div><\/div><div class=\"elementor-repeater-item-84b07d5 swiper-slide\" role=\"group\" aria-roledescription=\"slide\"><div class=\"swiper-slide-bg\" role=\"img\"><\/div><div class=\"swiper-slide-inner\" ><div class=\"swiper-slide-contents\"><div class=\"elementor-slide-description\">\n\n\n\n\n\n\n\n\n\n\n\n\n<\/div><\/div><\/div><\/div><div class=\"elementor-repeater-item-8af1b33 swiper-slide\" role=\"group\" aria-roledescription=\"slide\"><div class=\"swiper-slide-bg\" role=\"img\"><\/div><div class=\"swiper-slide-inner\" ><div class=\"swiper-slide-contents\"><div class=\"elementor-slide-description\">\n\n\n\n\n\n\n\n\n\n<\/div><\/div><\/div><\/div><div class=\"elementor-repeater-item-456e23c swiper-slide\" role=\"group\" aria-roledescription=\"slide\"><div class=\"swiper-slide-bg\" role=\"img\"><\/div><div class=\"swiper-slide-inner\" ><div class=\"swiper-slide-contents\"><div class=\"elementor-slide-description\">\n\n\n\n\n\n\n\n\nCr\u00e9dit photo : Bourgogne-Franche-Comt\u00e9 Tourisme<\/div><\/div><\/div><\/div>\t\t\t\t<\/div>\n\t\t\t\t\t\t\t\t\t\t\t\t\t\t\t<div class=\"elementor-swiper-button elementor-swiper-button-prev\" role=\"button\" tabindex=\"0\" aria-label=\"Previous slide\">\n\t\t\t\t\t\t\t<i aria-hidden=\"true\" class=\"eicon-chevron-left\"><\/i>\t\t\t\t\t\t<\/div>\n\t\t\t\t\t\t<div class=\"elementor-swiper-button elementor-swiper-button-next\" role=\"button\" tabindex=\"0\" aria-label=\"Next slide\">\n\t\t\t\t\t\t\t<i aria-hidden=\"true\" class=\"eicon-chevron-right\"><\/i>\t\t\t\t\t\t<\/div>\n\t\t\t\t\t\t\t\t\t\t\t\t\t\t\t\t<div class=\"swiper-pagination\"><\/div>\n\t\t\t\t\t\t\t\t\t\t\t\t<\/div>\n\t\t\t\t<\/div>\n\t\t\t\t\t\t\t\t<\/div>\n\t\t\t\t<\/div>\n\t\t\t\t\t<\/div>\n\t\t<\/div>\n\t\t\t\t\t<\/div>\n\t\t<\/section>\n\t\t\t\t<\/div>\n\t\t","protected":false},"excerpt":{"rendered":"<p>Bienvenue en Bourgogne &#8211; Franche-Comt\u00e9 ! La r\u00e9gion Bourgogne-Franche-Comt\u00e9 est situ\u00e9e dans le quart nord-est de la France et partage une fronti\u00e8re avec la Suisse. Elle est limitrophe des r\u00e9gions Grand Est au nord, ile de France et Centre Val de Loire \u00e0 l&#8217;ouest, Auvergne-Rh\u00f4ne-Alpes au sud. Regorgeant de sites touristiques, la Bourgon:gne-Franche-Comt\u00e9 vous offre &hellip; <a href=\"https:\/\/ubfc-preprod.u-bourgogne.fr\/en\/cartographie-des-formations\/vie-universitaire\/bien-vivre-en-bfc\/\">Continued<\/a><\/p>\n","protected":false},"author":1,"featured_media":0,"parent":685,"menu_order":436,"comment_status":"closed","ping_status":"closed","template":"","meta":{"footnotes":""},"class_list":["post-710","page","type-page","status-publish","hentry"],"acf":[],"_links":{"self":[{"href":"https:\/\/ubfc-preprod.u-bourgogne.fr\/en\/wp-json\/wp\/v2\/pages\/710","targetHints":{"allow":["GET"]}}],"collection":[{"href":"https:\/\/ubfc-preprod.u-bourgogne.fr\/en\/wp-json\/wp\/v2\/pages"}],"about":[{"href":"https:\/\/ubfc-preprod.u-bourgogne.fr\/en\/wp-json\/wp\/v2\/types\/page"}],"author":[{"embeddable":true,"href":"https:\/\/ubfc-preprod.u-bourgogne.fr\/en\/wp-json\/wp\/v2\/users\/1"}],"replies":[{"embeddable":true,"href":"https:\/\/ubfc-preprod.u-bourgogne.fr\/en\/wp-json\/wp\/v2\/comments?post=710"}],"version-history":[{"count":9,"href":"https:\/\/ubfc-preprod.u-bourgogne.fr\/en\/wp-json\/wp\/v2\/pages\/710\/revisions"}],"predecessor-version":[{"id":36840,"href":"https:\/\/ubfc-preprod.u-bourgogne.fr\/en\/wp-json\/wp\/v2\/pages\/710\/revisions\/36840"}],"up":[{"embeddable":true,"href":"https:\/\/ubfc-preprod.u-bourgogne.fr\/en\/wp-json\/wp\/v2\/pages\/685"}],"wp:attachment":[{"href":"https:\/\/ubfc-preprod.u-bourgogne.fr\/en\/wp-json\/wp\/v2\/media?parent=710"}],"curies":[{"name":"wp","href":"https:\/\/api.w.org\/{rel}","templated":true}]}}