{"id":706,"date":"2018-07-24T12:55:27","date_gmt":"2018-07-24T10:55:27","guid":{"rendered":"http:\/\/portail.univ-bfc.fr\/entrepreneuriat\/jeunes-chercheurs-et-entrepreneurs\/"},"modified":"2020-05-13T16:40:34","modified_gmt":"2020-05-13T14:40:34","slug":"entrepreneuriat-et-doctorat","status":"publish","type":"page","link":"https:\/\/ubfc-preprod.u-bourgogne.fr\/en\/entrepreneuriat\/entrepreneuriat-et-doctorat\/","title":{"rendered":"Entrepreneuriat et doctorat"},"content":{"rendered":"\t\t<div data-elementor-type=\"wp-post\" data-elementor-id=\"706\" class=\"elementor elementor-706\" data-elementor-post-type=\"page\">\n\t\t\t\t\t\t<section class=\"elementor-section elementor-top-section elementor-element elementor-element-83c3fc3 elementor-section-boxed elementor-section-height-default elementor-section-height-default\" data-id=\"83c3fc3\" data-element_type=\"section\" data-e-type=\"section\">\n\t\t\t\t\t\t<div class=\"elementor-container elementor-column-gap-default\">\n\t\t\t\t\t<div class=\"elementor-column elementor-col-100 elementor-top-column elementor-element elementor-element-fa930e7\" data-id=\"fa930e7\" data-element_type=\"column\" data-e-type=\"column\">\n\t\t\t<div class=\"elementor-widget-wrap elementor-element-populated\">\n\t\t\t\t\t\t<div class=\"elementor-element elementor-element-70a5cf7 elementor-widget elementor-widget-text-editor\" data-id=\"70a5cf7\" data-element_type=\"widget\" data-e-type=\"widget\" data-widget_type=\"text-editor.default\">\n\t\t\t\t<div class=\"elementor-widget-container\">\n\t\t\t\t\t\t\t\t\t<p><span style=\"font-size: 18pt\">L\u2019entrepreneuriat \u00e9tudiant, mission inscrite aux statuts d\u2019UBFC au titre de la formation et de l\u2019insertion professionnelle, concerne tous les \u00e9tudiants d\u2019UBFC, y compris les doctorants, jeunes chercheurs en devenir.<\/span><\/p><p>Diff\u00e9rentes actions sont propos\u00e9es \u00e0 destination des doctorants. Ceci en partenariat avec les acteurs locaux de la recherche (DECA BFC, SATT SAYENS, laboratoires, etc) assurant un continuum entre la sensibilisation, la formation et l\u2019accompagnement des projets innovants issus de la recherche acad\u00e9mique.<\/p><p>Quelques exemples non exhaustifs :<\/p><ul><li><a href=\"https:\/\/www.ubfc.fr\/ice-itineraire-chercheur-entrepreneur\/\">Dispositif ICE (Itin\u00e9raire Chercheur Entrepreneur)<\/a><\/li><li>Formations propos\u00e9es au <a href=\"https:\/\/collegedoctoral.univ-bfc.fr\/wp-content\/uploads\/2020\/01\/PLAQUETTE-FORMATIONS-TRANSVERSALES-2019-2020.pdf\">catalogue des \u00e9coles doctorales<\/a><\/li><li><a href=\"https:\/\/www.ubfc.fr\/workshop-entreprendre-et-innover\/\">Workshop &#8220;Entreprendre et Innover&#8221;<\/a> <\/li><li><a href=\"http:\/\/pepite.univ-fcomte.fr\/les-actions-proposees-statut-etudiant-entrepreneur\">Statut National d&#8217;\u00e9tudiant entrepreneur<\/a> accessible aux doctorants et jeunes chercheurs<\/li><li><a href=\"https:\/\/www.chercheurs-entrepreneurs.com\/\">Concours &#8220;Chercheurs Entrepreneurs Challenges<\/a>&#8221; du groupe AEF INFO<\/li><li><a href=\"https:\/\/www.enseignementsup-recherche.gouv.fr\/pid39010\/le-concours-d-innovation-i-lab-i-phd-i-nov.html\">Concours I-PHD<\/a><\/li><li><a href=\"http:\/\/pepite.univ-fcomte.fr\/les-pepites-de-bourgogne-franche-comte\">Concours PEPITE pour l&#8217;entrepreneuriat \u00e9tudiant<\/a><\/li><\/ul><p>Pour toute demande d&#8217;information :<\/p><p><strong>Fabienne BADET<\/strong><br \/>Entrepreneuriat \u00e9tudiant<br \/><a href=\"mailto:fabienne.badet@ubfc.fr\">fabienne.badet@ubfc.fr<\/a><\/p><p><strong>El\u00e9onore LANET<\/strong><br \/>Entrepreneuriat etudiant<br \/><a href=\"mailto:eleonore.lanet@ubfc.fr\">eleonore.lanet@ubfc.fr<\/a><\/p><p><strong>Candice CHAILLOU<\/strong><br \/>Charg\u00e9e de valorisation et insertion professionnelle des doctorants<br \/><a href=\"mailto:candice.chaillou@ubfc.fr\">candice.chaillou@ubfc.fr<\/a><\/p>\t\t\t\t\t\t\t\t<\/div>\n\t\t\t\t<\/div>\n\t\t\t\t\t<\/div>\n\t\t<\/div>\n\t\t\t\t\t<\/div>\n\t\t<\/section>\n\t\t\t\t<\/div>\n\t\t","protected":false},"excerpt":{"rendered":"<p>L\u2019entrepreneuriat \u00e9tudiant, mission inscrite aux statuts d\u2019UBFC au titre de la formation et de l\u2019insertion professionnelle, concerne tous les \u00e9tudiants d\u2019UBFC, y compris les doctorants, jeunes chercheurs en devenir. Diff\u00e9rentes actions sont propos\u00e9es \u00e0 destination des doctorants. Ceci en partenariat avec les acteurs locaux de la recherche (DECA BFC, SATT SAYENS, laboratoires, etc) assurant un &hellip; <a href=\"https:\/\/ubfc-preprod.u-bourgogne.fr\/en\/entrepreneuriat\/entrepreneuriat-et-doctorat\/\">Continued<\/a><\/p>\n","protected":false},"author":1,"featured_media":0,"parent":683,"menu_order":427,"comment_status":"closed","ping_status":"closed","template":"","meta":{"footnotes":""},"class_list":["post-706","page","type-page","status-publish","hentry"],"acf":[],"_links":{"self":[{"href":"https:\/\/ubfc-preprod.u-bourgogne.fr\/en\/wp-json\/wp\/v2\/pages\/706","targetHints":{"allow":["GET"]}}],"collection":[{"href":"https:\/\/ubfc-preprod.u-bourgogne.fr\/en\/wp-json\/wp\/v2\/pages"}],"about":[{"href":"https:\/\/ubfc-preprod.u-bourgogne.fr\/en\/wp-json\/wp\/v2\/types\/page"}],"author":[{"embeddable":true,"href":"https:\/\/ubfc-preprod.u-bourgogne.fr\/en\/wp-json\/wp\/v2\/users\/1"}],"replies":[{"embeddable":true,"href":"https:\/\/ubfc-preprod.u-bourgogne.fr\/en\/wp-json\/wp\/v2\/comments?post=706"}],"version-history":[{"count":7,"href":"https:\/\/ubfc-preprod.u-bourgogne.fr\/en\/wp-json\/wp\/v2\/pages\/706\/revisions"}],"predecessor-version":[{"id":43991,"href":"https:\/\/ubfc-preprod.u-bourgogne.fr\/en\/wp-json\/wp\/v2\/pages\/706\/revisions\/43991"}],"up":[{"embeddable":true,"href":"https:\/\/ubfc-preprod.u-bourgogne.fr\/en\/wp-json\/wp\/v2\/pages\/683"}],"wp:attachment":[{"href":"https:\/\/ubfc-preprod.u-bourgogne.fr\/en\/wp-json\/wp\/v2\/media?parent=706"}],"curies":[{"name":"wp","href":"https:\/\/api.w.org\/{rel}","templated":true}]}}