{"id":687,"date":"2018-07-24T12:52:15","date_gmt":"2018-07-24T10:52:15","guid":{"rendered":"http:\/\/portail.univ-bfc.fr\/ubfc\/presentation\/"},"modified":"2020-04-02T11:36:16","modified_gmt":"2020-04-02T09:36:16","slug":"presentation","status":"publish","type":"page","link":"https:\/\/ubfc-preprod.u-bourgogne.fr\/en\/ubfc\/presentation\/","title":{"rendered":"Pr\u00e9sentation"},"content":{"rendered":"\t\t<div data-elementor-type=\"wp-post\" data-elementor-id=\"687\" class=\"elementor elementor-687\" data-elementor-post-type=\"page\">\n\t\t\t\t\t\t<section class=\"elementor-section elementor-top-section elementor-element elementor-element-7114f5ae elementor-section-boxed elementor-section-height-default elementor-section-height-default\" data-id=\"7114f5ae\" data-element_type=\"section\" data-e-type=\"section\">\n\t\t\t\t\t\t<div class=\"elementor-container elementor-column-gap-default\">\n\t\t\t\t\t<div class=\"elementor-column elementor-col-100 elementor-top-column elementor-element elementor-element-1e4d2f16\" data-id=\"1e4d2f16\" data-element_type=\"column\" data-e-type=\"column\">\n\t\t\t<div class=\"elementor-widget-wrap elementor-element-populated\">\n\t\t\t\t\t\t<div class=\"elementor-element elementor-element-478f0e82 elementor-widget elementor-widget-text-editor\" data-id=\"478f0e82\" data-element_type=\"widget\" data-e-type=\"widget\" data-widget_type=\"text-editor.default\">\n\t\t\t\t<div class=\"elementor-widget-container\">\n\t\t\t\t\t\t\t\t\t<p><iframe title=\"Bienvenue \u00e0 Universit\u00e9 Bourgogne Franche-Comt\u00e9\" width=\"500\" height=\"281\" src=\"https:\/\/www.youtube.com\/embed\/rRuYIIEvbwU?feature=oembed\" frameborder=\"0\" allow=\"accelerometer; autoplay; clipboard-write; encrypted-media; gyroscope; picture-in-picture; web-share\" referrerpolicy=\"strict-origin-when-cross-origin\" allowfullscreen><\/iframe><\/p><p><span style=\"font-size: 18pt\">Universit\u00e9 Bourgogne Franche-Comt\u00e9 (UBFC) est une communaut\u00e9 d\u2019universit\u00e9s et d\u2019\u00e9tablissements qui rassemble plus de 60 000 \u00e9tudiants et 8000 personnels. Elle se situe dans l\u2019Est de la France, au c\u0153ur de l\u2019Europe et \u00e0 \u00e9quidistance des trois grandes m\u00e9tropoles que sont Paris, Lyon et Strasbourg.<\/span><\/p><h2>Les membres fondateurs<\/h2><p>Les membres fondateurs d&#8217;UBFC sont :<\/p><ul><li><a href=\"http:\/\/www.u-bourgogne.fr\/\" target=\"_blank\" rel=\"noopener\">l\u2019Universit\u00e9 de Bourgogne (uB)<\/a><\/li><li><a href=\"http:\/\/www.univ-fcomte.fr\/\" target=\"_blank\" rel=\"noopener\">l\u2019Universit\u00e9 de Franche-Comt\u00e9 (UFC)<\/a><\/li><li><a href=\"http:\/\/www.utbm.fr\/\" target=\"_blank\" rel=\"noopener\">l\u2019Universit\u00e9 de Technologie Belfort-Montb\u00e9liard (UTBM)<\/a><\/li><li><a href=\"https:\/\/www.ens2m.fr\/\" target=\"_blank\" rel=\"noopener\">l\u2019\u00c9cole Nationale Sup\u00e9rieure de M\u00e9canique et des Microtechniques de Besan\u00e7on (ENSMM)<\/a><\/li><li><a href=\"http:\/\/www.agrosupdijon.fr\/\" target=\"_blank\" rel=\"noopener\">AgroSup Dijon<\/a><\/li><li><a href=\"http:\/\/www.escdijon.eu\/\" target=\"_blank\" rel=\"noopener\">Burgundy School of Business (BSB, anciennement ESC Dijon)<\/a><\/li><li><a href=\"https:\/\/artsetmetiers.fr\/fr\/campus\/cluny\" target=\"_blank\" rel=\"noopener\">l&#8217;\u00c9cole Nationale Sup\u00e9rieure d\u2019Arts et M\u00e9tiers (ENSAM) &#8211; Campus de Cluny<\/a><\/li><\/ul><p>UBFC a \u00e9t\u00e9 cr\u00e9\u00e9e le 1er avril 2015 par <a href=\"http:\/\/portail.univ-bfc.fr\/wp-content\/uploads\/2018\/09\/Decret-creation_COMUE-UBFC-Statuts.pdf\" target=\"_blank\" rel=\"noopener\">d\u00e9cret publi\u00e9 au Journal Officiel le 11 mars 2015<\/a>. Ce d\u00e9cret a \u00e9t\u00e9 modifi\u00e9 le 14 f\u00e9vrier 2018, laissant place \u00e0 une <a href=\"http:\/\/portail.univ-bfc.fr\/wp-content\/uploads\/2018\/09\/joe_20180216_0039_0033.pdf\" target=\"_blank\" rel=\"noopener\">mise \u00e0 jour du d\u00e9cret <\/a>portant sur la cr\u00e9ation de la communaut\u00e9 d\u2019universit\u00e9s et \u00e9tablissements \u00ab Universit\u00e9 Bourgogne Franche- Comt\u00e9 \u00bb et l\u2019approbation de ses statuts.<\/p><p>UBFC porte dans son ADN la construction de projets collectifs cr\u00e9ant un impact positif pour l\u2019ensemble des \u00e9tablissements d\u2019enseignement sup\u00e9rieur et de recherche du site Bourgogne &#8211; Franche-Comt\u00e9. Elle a pour vocation, \u00e0 travers les projets qu\u2019elle porte, d\u2019avoir un effet transformant, faisant de la diversit\u00e9 une force par la mise en commun des comp\u00e9tences de la communaut\u00e9, au service du public et de l\u2019int\u00e9r\u00eat g\u00e9n\u00e9ral.<\/p><p>UBFC porte ainsi les projets embl\u00e9matiques et structurants du site Bourgogne Franche-Comt\u00e9. Parmi ceux-ci : les <strong>programmes investissement avenir<\/strong> (PIA) tels que le projet Initiatives Sciences Innovation Territoires \u00c9conomie (<a href=\"http:\/\/portail.univ-bfc.fr\/excellence\/isite-bfc\/\"><strong>I-SITE<\/strong><\/a>), le projet Nouveau Cursus \u00e0 l\u2019Universit\u00e9 (<a href=\"http:\/\/portail.univ-bfc.fr\/excellence\/ritm-bfc\/\"><strong>NCU<\/strong><\/a>), ainsi qu\u2019une \u00c9cole Universitaire de Recherche (<a href=\"http:\/\/portail.univ-bfc.fr\/excellence\/eur-eiphi\/\"><strong>EUR<\/strong><\/a>).<\/p><h2>De grands enjeux<\/h2><p>Les grands enjeux strat\u00e9giques du regroupement a\u0300 l\u2019\u00e9chelle du territoire Bourgogne &#8211; Franche-Comt\u00e9 sont de :<\/p><ul><li><strong>cr\u00e9er une organisation globale visible et lisible<\/strong> de l\u2019Enseignement Sup\u00e9rieur et de la Recherche en Bourgogne Franche-Comt\u00e9,<\/li><li><strong>intensifier l\u2019excellence et l\u2019internationalisation<\/strong> de la recherche<\/li><li><strong>d\u00e9velopper l\u2019attractivit\u00e9<\/strong> pour les \u00e9tudiants, les chercheurs, les enseignants-chercheurs\u2028<\/li><\/ul><p>Port\u00e9e par la construction d\u2019une dynamique de site depuis plus de dix ans, l\u2019ambition d\u2019UBFC est de d\u00e9velopper un p\u00f4le d\u2019enseignement sup\u00e9rieur et de recherche visible, lisible, attractif, nourri par l\u2019ensemble de sa communaut\u00e9 des personnels et des \u00e9tudiants, tourne\u0301 vers le partenariat \u2013 socio-\u00e9conomique, international -, irriguant le territoire, assumant pleinement ses missions de service public, visant la r\u00e9ussite des \u00e9tudiants, et qui inscrit un d\u00e9veloppement efficient et p\u00e9renne de l\u2019ESR en Bourgogne &#8211; Franche-Comt\u00e9.<\/p><p>Notre universit\u00e9 f\u00e9d\u00e9rale de recherche porte clairement l\u2019ambition d\u2019une position de rang mondial sur plusieurs grands domaines scientifiques, tout en favorisant l\u2019\u00e9mergence de nouveaux domaines de recherche et de formation et consolider la n\u00e9cessaire pluridisciplinarit\u00e9. UBFC est d\u2019abord et avant tout un projet collectif.<\/p><h2>Les sp\u00e9cificit\u00e9s du site<\/h2><p>L\u2019enseignement sup\u00e9rieur et la recherche en Bourgogne Franche-Comt\u00e9 rayonnent sur 13 sites, pr\u00e9sents dans l\u2019ensemble de la R\u00e9gion.<\/p><p>Les trois grands p\u00f4les urbains que sont <strong>Dijon M\u00e9tropole<\/strong>, <strong>Grand Besan\u00e7on<\/strong> et le <strong>Pole m\u00e9tropolitain Nord Franche-Comt\u00e9<\/strong> concentrent la majorit\u00e9 de la population \u00e9tudiante et les grandes sp\u00e9cificit\u00e9s \u00e9conomiques (Agroalimentaire, Microtechniques, \u00c9nergie, Mobilit\u00e9).<\/p><p>La r\u00e9gion Bourgogne-Franche-Comt\u00e9 b\u00e9n\u00e9ficie d\u2019une culture industrielle forte. Le potentiel de recherche universitaire a permis le d\u00e9veloppement d\u2019axes scientifiques reconnus comme th\u00e9matiques d\u2019excellence sur le plan international\u00a0:<\/p><ul><li><strong>mat\u00e9riaux avanc\u00e9s, ondes et syst\u00e8mes intelligents <\/strong><\/li><li><strong>territoires, environnement, aliments<\/strong><\/li><li><strong>soins individualis\u00e9s et int\u00e9gr\u00e9s<\/strong><\/li><\/ul><p>La cr\u00e9ation d\u2019UBFC r\u00e9pond \u00e0 un imp\u00e9ratif de comp\u00e9titivit\u00e9 pour la Bourgogne-Franche-Comt\u00e9.<\/p><h2>Les comp\u00e9tences d&#8217;UBFC<\/h2><p>UBFC assure une <strong>signature scientifique commune<\/strong> \u00e0 l\u2019ensemble des chercheurs du site, leur offrant ainsi une plus grande visibilit\u00e9 nationale et internationale. Les <strong>cr\u00e9dits r\u00e9currents de recherche<\/strong> attribu\u00e9s aux laboratoires sont notifi\u00e9s par UBFC.<\/p><p>Elle g\u00e8re \u00e9galement les <strong>projets ANR<\/strong> et <strong>H2020 <\/strong>et porte la <strong>Plateforme Nationale pour la Recherche sur la fin de vie<\/strong> et un <strong>p\u00f4le r\u00e9gional de sant\u00e9 publique<\/strong>.<\/p><p>UBFC a en charge la <strong>formation doctorale.<\/strong> Ainsi, elle d\u00e9livre depuis le 1er janvier 2017 le dipl\u00f4me de doctorat aux \u00e9tudiants inscrits dans les \u00e9coles doctorales de Bourgogne Franche-Comt\u00e9, ainsi que l\u2019Habilitation \u00e0 diriger les recherches (HDR).<\/p><p>Elle d\u00e9livre \u00e9galement des <strong>masters internationaux<\/strong>, ces derniers \u00e9tant op\u00e9r\u00e9s par les \u00e9tablissements membres d\u2019UBFC.<\/p><p>Elle pilote l\u2019entrepreneuriat \u00e9tudiant via le projet <strong>PEPITE<\/strong>.<\/p><p>Elle <strong>coordonne la culture scientifique<\/strong> et porte les grands \u00e9v\u00e9nements embl\u00e9matiques de culture scientifique, technique et industrielle.<\/p><p>UBFC met en place d\u2019une <strong>politique du num\u00e9rique de site <\/strong>partag\u00e9e via la mise en \u0153uvre d\u2019un sch\u00e9ma directeur du num\u00e9rique et d\u2019un Datacenter r\u00e9gional labellis\u00e9 au printemps 2018.<\/p><p>UBFC conduit en lien avec les \u00e9tablissements membres des <strong>actions \u00e0 l\u2019international<\/strong> et met en \u0153uvre le <strong>sch\u00e9ma directeur de la vie \u00e9tudiante<\/strong>.<\/p><p>Pour en savoir plus : <a href=\"https:\/\/www.ubfc.fr\/wp-content\/uploads\/2018\/09\/Decouvrir-la-COMUE.pdf\" target=\"_blank\" rel=\"noopener\">L\u2019essentiel sur UBFC, en quelques questions<\/a><\/p>\t\t\t\t\t\t\t\t<\/div>\n\t\t\t\t<\/div>\n\t\t\t\t\t<\/div>\n\t\t<\/div>\n\t\t\t\t\t<\/div>\n\t\t<\/section>\n\t\t\t\t<\/div>\n\t\t","protected":false},"excerpt":{"rendered":"<p>Universit\u00e9 Bourgogne Franche-Comt\u00e9 (UBFC) est une communaut\u00e9 d\u2019universit\u00e9s et d\u2019\u00e9tablissements qui rassemble plus de 60 000 \u00e9tudiants et 8000 personnels. Elle se situe dans l\u2019Est de la France, au c\u0153ur de l\u2019Europe et \u00e0 \u00e9quidistance des trois grandes m\u00e9tropoles que sont Paris, Lyon et Strasbourg. Les membres fondateurs Les membres fondateurs d&#8217;UBFC sont : l\u2019Universit\u00e9 &hellip; <a href=\"https:\/\/ubfc-preprod.u-bourgogne.fr\/en\/ubfc\/presentation\/\">Continued<\/a><\/p>\n","protected":false},"author":1,"featured_media":0,"parent":679,"menu_order":388,"comment_status":"closed","ping_status":"closed","template":"","meta":{"footnotes":""},"class_list":["post-687","page","type-page","status-publish","hentry"],"acf":[],"_links":{"self":[{"href":"https:\/\/ubfc-preprod.u-bourgogne.fr\/en\/wp-json\/wp\/v2\/pages\/687","targetHints":{"allow":["GET"]}}],"collection":[{"href":"https:\/\/ubfc-preprod.u-bourgogne.fr\/en\/wp-json\/wp\/v2\/pages"}],"about":[{"href":"https:\/\/ubfc-preprod.u-bourgogne.fr\/en\/wp-json\/wp\/v2\/types\/page"}],"author":[{"embeddable":true,"href":"https:\/\/ubfc-preprod.u-bourgogne.fr\/en\/wp-json\/wp\/v2\/users\/1"}],"replies":[{"embeddable":true,"href":"https:\/\/ubfc-preprod.u-bourgogne.fr\/en\/wp-json\/wp\/v2\/comments?post=687"}],"version-history":[{"count":4,"href":"https:\/\/ubfc-preprod.u-bourgogne.fr\/en\/wp-json\/wp\/v2\/pages\/687\/revisions"}],"predecessor-version":[{"id":43579,"href":"https:\/\/ubfc-preprod.u-bourgogne.fr\/en\/wp-json\/wp\/v2\/pages\/687\/revisions\/43579"}],"up":[{"embeddable":true,"href":"https:\/\/ubfc-preprod.u-bourgogne.fr\/en\/wp-json\/wp\/v2\/pages\/679"}],"wp:attachment":[{"href":"https:\/\/ubfc-preprod.u-bourgogne.fr\/en\/wp-json\/wp\/v2\/media?parent=687"}],"curies":[{"name":"wp","href":"https:\/\/api.w.org\/{rel}","templated":true}]}}