{"id":52354,"date":"2021-03-29T17:07:18","date_gmt":"2021-03-29T15:07:18","guid":{"rendered":"https:\/\/www.ubfc.fr\/academic-programs\/"},"modified":"2021-03-29T17:07:18","modified_gmt":"2021-03-29T15:07:18","slug":"academic-programs","status":"publish","type":"page","link":"https:\/\/ubfc-preprod.u-bourgogne.fr\/en\/academic-programs\/","title":{"rendered":"Academic programs"},"content":{"rendered":"\t\t<div data-elementor-type=\"wp-post\" data-elementor-id=\"52354\" class=\"elementor elementor-52354\" data-elementor-post-type=\"page\">\n\t\t\t\t\t\t<section class=\"elementor-section elementor-top-section elementor-element elementor-element-ceae0eb elementor-section-boxed elementor-section-height-default elementor-section-height-default\" data-id=\"ceae0eb\" data-element_type=\"section\" data-e-type=\"section\">\n\t\t\t\t\t\t<div class=\"elementor-container elementor-column-gap-default\">\n\t\t\t\t\t<div class=\"elementor-column elementor-col-100 elementor-top-column elementor-element elementor-element-09c33f0\" data-id=\"09c33f0\" data-element_type=\"column\" data-e-type=\"column\">\n\t\t\t<div class=\"elementor-widget-wrap\">\n\t\t\t\t\t\t\t<\/div>\n\t\t<\/div>\n\t\t\t\t\t<\/div>\n\t\t<\/section>\n\t\t\t\t<\/div>\n\t\t","protected":false},"excerpt":{"rendered":"<p>Niveau du dipl\u00f4me Formation co-accr\u00e9dit\u00e9e Nombre de formations sur le site Cliquez pour basculer en pleine page Acc\u00e9dez au site de l&#8217;\u00e9tablissement Candidatez en ligne Traduire les formations Universit\u00e9 Bourgogne Franche-Comt\u00e9 Universit\u00e9 de Franche-Comt\u00e9 Universit\u00e9 de Bourgogne Universit\u00e9 de technologie Belfort-Montb\u00e9liard AgroSup Dijon Burgundy School of Business \u00c9cole Nationale Sup\u00e9rieure de M\u00e9canique et des Microtechniques &hellip; <a href=\"https:\/\/ubfc-preprod.u-bourgogne.fr\/en\/academic-programs\/\">Continued<\/a><\/p>\n","protected":false},"author":1,"featured_media":0,"parent":0,"menu_order":420,"comment_status":"closed","ping_status":"closed","template":"views\/template-formations.blade.php","meta":{"footnotes":""},"class_list":["post-52354","page","type-page","status-publish","hentry"],"acf":[],"_links":{"self":[{"href":"https:\/\/ubfc-preprod.u-bourgogne.fr\/en\/wp-json\/wp\/v2\/pages\/52354","targetHints":{"allow":["GET"]}}],"collection":[{"href":"https:\/\/ubfc-preprod.u-bourgogne.fr\/en\/wp-json\/wp\/v2\/pages"}],"about":[{"href":"https:\/\/ubfc-preprod.u-bourgogne.fr\/en\/wp-json\/wp\/v2\/types\/page"}],"author":[{"embeddable":true,"href":"https:\/\/ubfc-preprod.u-bourgogne.fr\/en\/wp-json\/wp\/v2\/users\/1"}],"replies":[{"embeddable":true,"href":"https:\/\/ubfc-preprod.u-bourgogne.fr\/en\/wp-json\/wp\/v2\/comments?post=52354"}],"version-history":[{"count":1,"href":"https:\/\/ubfc-preprod.u-bourgogne.fr\/en\/wp-json\/wp\/v2\/pages\/52354\/revisions"}],"predecessor-version":[{"id":52355,"href":"https:\/\/ubfc-preprod.u-bourgogne.fr\/en\/wp-json\/wp\/v2\/pages\/52354\/revisions\/52355"}],"wp:attachment":[{"href":"https:\/\/ubfc-preprod.u-bourgogne.fr\/en\/wp-json\/wp\/v2\/media?parent=52354"}],"curies":[{"name":"wp","href":"https:\/\/api.w.org\/{rel}","templated":true}]}}