{"id":52201,"date":"2021-03-25T15:15:42","date_gmt":"2021-03-25T14:15:42","guid":{"rendered":"https:\/\/www.ubfc.fr\/?page_id=52201"},"modified":"2021-03-29T16:15:50","modified_gmt":"2021-03-29T14:15:50","slug":"graduate-school-transbio","status":"publish","type":"page","link":"https:\/\/ubfc-preprod.u-bourgogne.fr\/en\/formation_\/graduate-school-transbio\/","title":{"rendered":"Graduate School TRANSBIO"},"content":{"rendered":"\t\t<div data-elementor-type=\"wp-page\" data-elementor-id=\"52201\" class=\"elementor elementor-52201\" data-elementor-post-type=\"page\">\n\t\t\t\t\t\t<section class=\"elementor-section elementor-top-section elementor-element elementor-element-ca40145 elementor-section-boxed elementor-section-height-default elementor-section-height-default\" data-id=\"ca40145\" data-element_type=\"section\" data-e-type=\"section\">\n\t\t\t\t\t\t<div class=\"elementor-container elementor-column-gap-default\">\n\t\t\t\t\t<div class=\"elementor-column elementor-col-66 elementor-top-column elementor-element elementor-element-162146e\" data-id=\"162146e\" data-element_type=\"column\" data-e-type=\"column\">\n\t\t\t<div class=\"elementor-widget-wrap elementor-element-populated\">\n\t\t\t\t\t\t<div class=\"elementor-element elementor-element-f889fd9 elementor-widget elementor-widget-toggle\" data-id=\"f889fd9\" data-element_type=\"widget\" data-e-type=\"widget\" data-widget_type=\"toggle.default\">\n\t\t\t\t<div class=\"elementor-widget-container\">\n\t\t\t\t\t\t\t<div class=\"elementor-toggle\">\n\t\t\t\t\t\t\t<div class=\"elementor-toggle-item\">\n\t\t\t\t\t<div id=\"elementor-tab-title-2601\" class=\"elementor-tab-title\" data-tab=\"1\" role=\"button\" aria-controls=\"elementor-tab-content-2601\" aria-expanded=\"false\">\n\t\t\t\t\t\t\t\t\t\t\t\t<span class=\"elementor-toggle-icon elementor-toggle-icon-left\" aria-hidden=\"true\">\n\t\t\t\t\t\t\t\t\t\t\t\t\t\t\t<span class=\"elementor-toggle-icon-closed\"><i class=\"fas fa-caret-right\"><\/i><\/span>\n\t\t\t\t\t\t\t\t<span class=\"elementor-toggle-icon-opened\"><i class=\"elementor-toggle-icon-opened fas fa-caret-up\"><\/i><\/span>\n\t\t\t\t\t\t\t\t\t\t\t\t\t<\/span>\n\t\t\t\t\t\t\t\t\t\t\t\t<a class=\"elementor-toggle-title\" tabindex=\"0\">MASTERS<\/a>\n\t\t\t\t\t<\/div>\n\n\t\t\t\t\t<div id=\"elementor-tab-content-2601\" class=\"elementor-tab-content elementor-clearfix\" data-tab=\"1\" role=\"region\" aria-labelledby=\"elementor-tab-title-2601\"><p><strong>Syst\u00e8mes agroalimentaires durables et utilisation des ressources :<\/strong><\/p><ul><li><a href=\"https:\/\/www.ubfc.fr\/cartographie-des-formations\/masters\/master-p2-food\/\"><strong>Master P\u00b2FOOD<\/strong> : <em>Physiological and Psychological FOOd choice Determinants<\/em><\/a><\/li><li><a href=\"https:\/\/www.ubfc.fr\/cartographie-des-formations\/masters\/master-bewm\/\"><strong>Master<\/strong> <strong>BEWM<\/strong> : <em>Behavioural Ecology and Wildlife Management\u00a0<\/em><\/a><\/li><\/ul><p><strong>Impacts anthropiques pass\u00e9s et actuels sur les socio-\u00e9cosyst\u00e8mes :<\/strong><\/p><ul><li><a href=\"https:\/\/www.ubfc.fr\/cartographie-des-formations\/masters\/master-emme\/\"><strong>Master EMME<\/strong> : <em>Ecology, Monitoring and Management of Ecosystems<\/em><\/a><\/li><li><a href=\"https:\/\/www.ubfc.fr\/cartographie-des-formations\/masters\/master-mp2\/\"><strong>Master MP\u00b2 :<\/strong> <em>Microbiology and Physicochemistry for food and wine Processes<\/em><\/a><\/li><li><a href=\"http:\/\/formation.univ-fcomte.fr\/master\/archeologie-sciences-pour-larcheologie-archeologie-culture-territoire-environnement\"><strong>Master ACTE<\/strong> : M1 ASA et M2 Arch\u00e9ologie, Culture, Territoire, Environnement<\/a><\/li><li><a href=\"http:\/\/formation.univ-fcomte.fr\/master\/archeologie-sciences-pour-larcheologie-archeologie-du-bati\"><strong>Master AGES<\/strong> : M1 ASA et M2 Arch\u00e9o-g\u00e9osciences<\/a><\/li><li><a href=\"http:\/\/formation.univ-fcomte.fr\/master\/sante-microbiologie-antibioresistance-genomique-et-epidemiologie\"><strong>Master MAGE<\/strong> : Microbiologie, r\u00e9sistance antimicrobienne, g\u00e9nomique, \u00e9pid\u00e9miologie<\/a><\/li><li><a href=\"https:\/\/www.u-bourgogne.fr\/images\/stories\/odf\/master\/fm-sciences-terre-planetes-environnement.pdf\"><strong>Master SEME<\/strong> : Sol, Eau, Milieux, Environnement<\/a><\/li><li><a href=\"http:\/\/formation.univ-fcomte.fr\/master\/sciences-de-leau-qualite-des-eaux-des-sols-et-traitements\"><strong>Master QuEST<\/strong> : Qualit\u00e9 des Eaux, Sols et Traitements<\/a><\/li><li><a href=\"https:\/\/www.u-bourgogne.fr\/images\/stories\/odf\/master\/fm-biologie-sante.pdf\"><strong>Master B2IPME<\/strong> : Biologie Int\u00e9grative et Interactions Plante-Microbe-Environnement<\/a><\/li><li><a href=\"https:\/\/www.u-bourgogne.fr\/images\/stories\/odf\/master\/fm-biodiversite-ecologie-evolution.pdf\"><strong>Master DyCoB<\/strong> : Dynamique et Conservation de la Biodiversit\u00e9<\/a><\/li><li><a href=\"http:\/\/formation.univ-fcomte.fr\/master\/gestion-de-lenvironnement-gestion-durable-de-lenvironnement\"><strong>Master GDE<\/strong> : Gestion Durable de l&#8217;Environnement<\/a><\/li><li><a href=\"http:\/\/formation.univ-fcomte.fr\/master\/georessources-georisques-geotechnique-geologie-appliquee\"><strong>Master GAp<\/strong> : G\u00e9ologie Appliqu\u00e9e<\/a><\/li><\/ul><p><strong>Strat\u00e9gies sociales, \u00e9conomiques et politiques pour des territoires durables :<\/strong><\/p><ul><li><a href=\"https:\/\/www.ubfc.fr\/cartographie-des-formations\/masters\/master-dasee\/\"><strong>Master DASEE<\/strong> : <em>Data Analyst for Spatial and Environmental Economics<\/em><\/a><\/li><li><a href=\"https:\/\/www.ubfc.fr\/cartographie-des-formations\/masters\/master-bdeem\/\"><strong>Master BDEEM<\/strong> : <em>Behavioral and Digital Economics for Effective Management<\/em><\/a><\/li><li><a href=\"http:\/\/formation.univ-fcomte.fr\/master\/geographie-amenagement-environnement-et-developpement-aide-a-la-decision-en-amenagement\"><strong>Master ADAUR<\/strong> : Aide \u00e0 la D\u00e9cision en Am\u00e9nagement Urbain et R\u00e9gional<\/a><\/li><\/ul><\/div>\n\t\t\t\t<\/div>\n\t\t\t\t\t\t\t<div class=\"elementor-toggle-item\">\n\t\t\t\t\t<div id=\"elementor-tab-title-2602\" class=\"elementor-tab-title\" data-tab=\"2\" role=\"button\" aria-controls=\"elementor-tab-content-2602\" aria-expanded=\"false\">\n\t\t\t\t\t\t\t\t\t\t\t\t<span class=\"elementor-toggle-icon elementor-toggle-icon-left\" aria-hidden=\"true\">\n\t\t\t\t\t\t\t\t\t\t\t\t\t\t\t<span class=\"elementor-toggle-icon-closed\"><i class=\"fas fa-caret-right\"><\/i><\/span>\n\t\t\t\t\t\t\t\t<span class=\"elementor-toggle-icon-opened\"><i class=\"elementor-toggle-icon-opened fas fa-caret-up\"><\/i><\/span>\n\t\t\t\t\t\t\t\t\t\t\t\t\t<\/span>\n\t\t\t\t\t\t\t\t\t\t\t\t<a class=\"elementor-toggle-title\" tabindex=\"0\">\u00c9COLES DOCTORALES<\/a>\n\t\t\t\t\t<\/div>\n\n\t\t\t\t\t<div id=\"elementor-tab-content-2602\" class=\"elementor-tab-content elementor-clearfix\" data-tab=\"2\" role=\"region\" aria-labelledby=\"elementor-tab-title-2602\"><ul><li><a href=\"https:\/\/www.ubfc.fr\/formation_\/etudes-doctorales-2\/ed-es\/\">\u00c9cole doctorale environnement-sant\u00e9 (ES)<\/a><\/li><li><a href=\"https:\/\/www.ubfc.fr\/formation_\/etudes-doctorales-2\/ed-dgep\/\">\u00c9cole doctorale Droit, gestion, sciences \u00e9conomiques et politiques (DGEP)<\/a><\/li><li><p><a href=\"https:\/\/www.ubfc.fr\/formation_\/etudes-doctorales-2\/ed-sept\/\">\u00c9cole doctorale Soci\u00e9t\u00e9, espace, pratiques, temps (SEPT)<\/a><\/p><\/li><\/ul><\/div>\n\t\t\t\t<\/div>\n\t\t\t\t\t\t\t<div class=\"elementor-toggle-item\">\n\t\t\t\t\t<div id=\"elementor-tab-title-2603\" class=\"elementor-tab-title\" data-tab=\"3\" role=\"button\" aria-controls=\"elementor-tab-content-2603\" aria-expanded=\"false\">\n\t\t\t\t\t\t\t\t\t\t\t\t<span class=\"elementor-toggle-icon elementor-toggle-icon-left\" aria-hidden=\"true\">\n\t\t\t\t\t\t\t\t\t\t\t\t\t\t\t<span class=\"elementor-toggle-icon-closed\"><i class=\"fas fa-caret-right\"><\/i><\/span>\n\t\t\t\t\t\t\t\t<span class=\"elementor-toggle-icon-opened\"><i class=\"elementor-toggle-icon-opened fas fa-caret-up\"><\/i><\/span>\n\t\t\t\t\t\t\t\t\t\t\t\t\t<\/span>\n\t\t\t\t\t\t\t\t\t\t\t\t<a class=\"elementor-toggle-title\" tabindex=\"0\">\u00c9TABLISSEMENTS ET ENTIT\u00c9S DE RECHERCHE OP\u00c9RATEURS<\/a>\n\t\t\t\t\t<\/div>\n\n\t\t\t\t\t<div id=\"elementor-tab-content-2603\" class=\"elementor-tab-content elementor-clearfix\" data-tab=\"3\" role=\"region\" aria-labelledby=\"elementor-tab-title-2603\"><ul><li><a href=\"https:\/\/www.u-bourgogne.fr\/\">Universit\u00e9 de Bourgogne<\/a><\/li><li><a href=\"https:\/\/www.univ-fcomte.fr\/\">Universit\u00e9 de Franche-Comt\u00e9<\/a><\/li><li><a href=\"https:\/\/agrosupdijon.fr\/\">AgroSup Dijon<\/a><\/li><\/ul><ul><li><a href=\"https:\/\/www.inrae.fr\/centres\/bourgogne-franche-comte\">INRAE<\/a><\/li><li><a href=\"https:\/\/www.cnrs.fr\/fr\/\">CNRS<\/a><\/li><li><a href=\"https:\/\/www.ephe.psl.eu\/\">EPHE<\/a><\/li><\/ul><\/div>\n\t\t\t\t<\/div>\n\t\t\t\t\t\t\t<div class=\"elementor-toggle-item\">\n\t\t\t\t\t<div id=\"elementor-tab-title-2604\" class=\"elementor-tab-title\" data-tab=\"4\" role=\"button\" aria-controls=\"elementor-tab-content-2604\" aria-expanded=\"false\">\n\t\t\t\t\t\t\t\t\t\t\t\t<span class=\"elementor-toggle-icon elementor-toggle-icon-left\" aria-hidden=\"true\">\n\t\t\t\t\t\t\t\t\t\t\t\t\t\t\t<span class=\"elementor-toggle-icon-closed\"><i class=\"fas fa-caret-right\"><\/i><\/span>\n\t\t\t\t\t\t\t\t<span class=\"elementor-toggle-icon-opened\"><i class=\"elementor-toggle-icon-opened fas fa-caret-up\"><\/i><\/span>\n\t\t\t\t\t\t\t\t\t\t\t\t\t<\/span>\n\t\t\t\t\t\t\t\t\t\t\t\t<a class=\"elementor-toggle-title\" tabindex=\"0\">UNIT\u00c9S DE RECHERCHE<\/a>\n\t\t\t\t\t<\/div>\n\n\t\t\t\t\t<div id=\"elementor-tab-content-2604\" class=\"elementor-tab-content elementor-clearfix\" data-tab=\"4\" role=\"region\" aria-labelledby=\"elementor-tab-title-2604\"><ul><li><a href=\"https:\/\/www6.dijon.inrae.fr\/umragroecologie\">Agro\u00e9cologie<\/a><\/li><li><a href=\"https:\/\/artehis.u-bourgogne.fr\/artehis.html\">ARTEHIS<\/a><\/li><li><a href=\"https:\/\/biogeosciences.u-bourgogne.fr\/\">Biog\u00e9osciences<\/a><\/li><li><a href=\"https:\/\/www.univ-fcomte.fr\/sciences-de-la-sante-et-du-sport-3s\/carcinogenese-associee-aux-hpv-facteurs-predictifs-et#.YFynWa9KiUk\">Carcinog\u00e9n\u00e8se associ\u00e9e aux HPV<\/a><\/li><li><a href=\"https:\/\/chrono-environnement.univ-fcomte.fr\/\">Chrono-Environnement<\/a><\/li><li><a href=\"https:\/\/crego.u-bourgogne.fr\/\">CREGO<\/a><\/li><li><a href=\"https:\/\/crese.univ-fcomte.fr\/fr\">CRESE<\/a><\/li><li><a href=\"https:\/\/www2.dijon.inrae.fr\/csga\/\">CSGA<\/a><\/li><li><a href=\"https:\/\/ledi.u-bourgogne.fr\/\">LEDI<\/a><\/li><li><a href=\"https:\/\/www.umr-pam.fr\/fr\/\">PAM<\/a><\/li><li><a href=\"http:\/\/thema.univ-fcomte.fr\/\">THEMA<\/a><\/li><li><a href=\"https:\/\/www2.dijon.inrae.fr\/cesaer\/\">CESAER<\/a><\/li><li><a href=\"https:\/\/www.inrae.fr\/centres\/bourgogne-franche-comte\">URTAL<\/a><\/li><\/ul><\/div>\n\t\t\t\t<\/div>\n\t\t\t\t\t\t\t\t<\/div>\n\t\t\t\t\t\t<\/div>\n\t\t\t\t<\/div>\n\t\t\t\t\t<\/div>\n\t\t<\/div>\n\t\t\t\t<div class=\"elementor-column elementor-col-33 elementor-top-column elementor-element elementor-element-c8ddd5e\" data-id=\"c8ddd5e\" data-element_type=\"column\" data-e-type=\"column\">\n\t\t\t<div class=\"elementor-widget-wrap\">\n\t\t\t\t\t\t\t<\/div>\n\t\t<\/div>\n\t\t\t\t\t<\/div>\n\t\t<\/section>\n\t\t\t\t<\/div>\n\t\t","protected":false},"excerpt":{"rendered":"<p>MASTERS Syst\u00e8mes agroalimentaires durables et utilisation des ressources : Master P\u00b2FOOD : Physiological and Psychological FOOd choice Determinants Master BEWM : Behavioural Ecology and Wildlife Management\u00a0 Impacts anthropiques pass\u00e9s et actuels sur les socio-\u00e9cosyst\u00e8mes : Master EMME : Ecology, Monitoring and Management of Ecosystems Master MP\u00b2 : Microbiology and Physicochemistry for food and wine Processes &hellip; <a href=\"https:\/\/ubfc-preprod.u-bourgogne.fr\/en\/formation_\/graduate-school-transbio\/\">Continued<\/a><\/p>\n","protected":false},"author":60,"featured_media":0,"parent":44139,"menu_order":4,"comment_status":"closed","ping_status":"closed","template":"","meta":{"footnotes":""},"class_list":["post-52201","page","type-page","status-publish","hentry"],"acf":[],"_links":{"self":[{"href":"https:\/\/ubfc-preprod.u-bourgogne.fr\/en\/wp-json\/wp\/v2\/pages\/52201","targetHints":{"allow":["GET"]}}],"collection":[{"href":"https:\/\/ubfc-preprod.u-bourgogne.fr\/en\/wp-json\/wp\/v2\/pages"}],"about":[{"href":"https:\/\/ubfc-preprod.u-bourgogne.fr\/en\/wp-json\/wp\/v2\/types\/page"}],"author":[{"embeddable":true,"href":"https:\/\/ubfc-preprod.u-bourgogne.fr\/en\/wp-json\/wp\/v2\/users\/60"}],"replies":[{"embeddable":true,"href":"https:\/\/ubfc-preprod.u-bourgogne.fr\/en\/wp-json\/wp\/v2\/comments?post=52201"}],"version-history":[{"count":8,"href":"https:\/\/ubfc-preprod.u-bourgogne.fr\/en\/wp-json\/wp\/v2\/pages\/52201\/revisions"}],"predecessor-version":[{"id":52342,"href":"https:\/\/ubfc-preprod.u-bourgogne.fr\/en\/wp-json\/wp\/v2\/pages\/52201\/revisions\/52342"}],"up":[{"embeddable":true,"href":"https:\/\/ubfc-preprod.u-bourgogne.fr\/en\/wp-json\/wp\/v2\/pages\/44139"}],"wp:attachment":[{"href":"https:\/\/ubfc-preprod.u-bourgogne.fr\/en\/wp-json\/wp\/v2\/media?parent=52201"}],"curies":[{"name":"wp","href":"https:\/\/api.w.org\/{rel}","templated":true}]}}