{"id":52199,"date":"2021-03-29T16:12:23","date_gmt":"2021-03-29T14:12:23","guid":{"rendered":"https:\/\/www.ubfc.fr\/?page_id=52199"},"modified":"2021-03-29T16:23:27","modified_gmt":"2021-03-29T14:23:27","slug":"graduate-school-eiphi","status":"publish","type":"page","link":"https:\/\/ubfc-preprod.u-bourgogne.fr\/en\/formation_\/graduate-school-eiphi\/","title":{"rendered":"Graduate School EIPHI"},"content":{"rendered":"\t\t<div data-elementor-type=\"wp-page\" data-elementor-id=\"52199\" class=\"elementor elementor-52199\" data-elementor-post-type=\"page\">\n\t\t\t\t\t\t<section class=\"elementor-section elementor-top-section elementor-element elementor-element-bb2808e elementor-section-boxed elementor-section-height-default elementor-section-height-default\" data-id=\"bb2808e\" data-element_type=\"section\" data-e-type=\"section\">\n\t\t\t\t\t\t<div class=\"elementor-container elementor-column-gap-default\">\n\t\t\t\t\t<div class=\"elementor-column elementor-col-100 elementor-top-column elementor-element elementor-element-b3686b7\" data-id=\"b3686b7\" data-element_type=\"column\" data-e-type=\"column\">\n\t\t\t<div class=\"elementor-widget-wrap elementor-element-populated\">\n\t\t\t\t\t\t<div class=\"elementor-element elementor-element-c7fe104 elementor-widget elementor-widget-text-editor\" data-id=\"c7fe104\" data-element_type=\"widget\" data-e-type=\"widget\" data-widget_type=\"text-editor.default\">\n\t\t\t\t<div class=\"elementor-widget-container\">\n\t\t\t\t\t\t\t\t\t<p><span style=\"font-size: 14pt\"><strong>Une \u00e9cole universitaire de recherche, pour davantage de continuit\u00e9 entre le master et le doctorat.<\/strong><\/span><\/p>\t\t\t\t\t\t\t\t<\/div>\n\t\t\t\t<\/div>\n\t\t\t\t\t<\/div>\n\t\t<\/div>\n\t\t\t\t\t<\/div>\n\t\t<\/section>\n\t\t\t\t<section class=\"elementor-section elementor-top-section elementor-element elementor-element-99b7b52 elementor-section-boxed elementor-section-height-default elementor-section-height-default\" data-id=\"99b7b52\" data-element_type=\"section\" data-e-type=\"section\">\n\t\t\t\t\t\t<div class=\"elementor-container elementor-column-gap-default\">\n\t\t\t\t\t<div class=\"elementor-column elementor-col-100 elementor-top-column elementor-element elementor-element-626aef6\" data-id=\"626aef6\" data-element_type=\"column\" data-e-type=\"column\">\n\t\t\t<div class=\"elementor-widget-wrap elementor-element-populated\">\n\t\t\t\t\t\t<div class=\"elementor-element elementor-element-7532b5e elementor-widget elementor-widget-text-editor\" data-id=\"7532b5e\" data-element_type=\"widget\" data-e-type=\"widget\" data-widget_type=\"text-editor.default\">\n\t\t\t\t<div class=\"elementor-widget-container\">\n\t\t\t\t\t\t\t\t\t<p>Universit\u00e9 Bourgogne Franche-Comt\u00e9 propose un cursus international int\u00e9gr\u00e9 de master-doctorat, intitul\u00e9 <strong>EIPHI<\/strong> pour \u00ab <em>Ing\u00e9nierie et innovation par les sciences physiques, les hautes technologies et la recherche interdisciplinaire <\/em>\u00bb.<\/p><p>Nos laboratoires mondialement reconnus : FEMTO-ST, ICB et IMB ainsi que leurs partenaires ont d\u00e9cid\u00e9 de s\u2019associer pour cr\u00e9er un environnement technologique hautement comp\u00e9titif et \u00e0 la pointe de la technologie, destin\u00e9 aux \u00e9tudiants de doctorat et de master en sciences venant du monde entier.<\/p><p>L\u2019EIPHI Graduate School propose des cours tr\u00e8s comp\u00e9titifs et sans \u00e9quivalents dans divers domaines d\u2019\u00e9tudes :<\/p><ul><li>Physique, Math\u00e9matiques, Applications<\/li><li>Syst\u00e8me intelligent et structures<\/li><li>\u00c9nergie<\/li><li>Sciences des mat\u00e9riaux<\/li><li>Informatique<\/li><\/ul><p>Les laboratoires et facult\u00e9s EIPHI sont r\u00e9partis sur 4 sites en Bourgogne Franche Comt\u00e9, une bonne opportunit\u00e9 pour d\u00e9couvrir toute une r\u00e9gion et sa culture.<\/p><p>Directeur de la graduate school EIPHI : <a href=\"https:\/\/www.ubfc.fr\/excellence\/eur-eiphi\/herve.maillotte@femto-st.fr\">Herv\u00e9 MAILLOTTE<\/a><\/p><p><a href=\"http:\/\/www.ubfc.fr\/wp-content\/uploads\/2019\/02\/brochure-A4-EIPHI-2019.pdf\">T\u00e9l\u00e9chargez la brochure de pr\u00e9sentation<\/a><\/p><p><a href=\"http:\/\/gradschool.eiphi.univ-bfc.fr\/\" target=\"_blank\" rel=\"noopener\">Visitez le site d\u2019EIPHI<\/a><\/p>\t\t\t\t\t\t\t\t<\/div>\n\t\t\t\t<\/div>\n\t\t\t\t\t<\/div>\n\t\t<\/div>\n\t\t\t\t\t<\/div>\n\t\t<\/section>\n\t\t\t\t<section class=\"elementor-section elementor-top-section elementor-element elementor-element-4eaebe3 elementor-section-boxed elementor-section-height-default elementor-section-height-default\" data-id=\"4eaebe3\" data-element_type=\"section\" data-e-type=\"section\">\n\t\t\t\t\t\t<div class=\"elementor-container elementor-column-gap-default\">\n\t\t\t\t\t<div class=\"elementor-column elementor-col-66 elementor-top-column elementor-element elementor-element-a52a11d\" data-id=\"a52a11d\" data-element_type=\"column\" data-e-type=\"column\">\n\t\t\t<div class=\"elementor-widget-wrap elementor-element-populated\">\n\t\t\t\t\t\t<div class=\"elementor-element elementor-element-f2724fa elementor-widget elementor-widget-toggle\" data-id=\"f2724fa\" data-element_type=\"widget\" data-e-type=\"widget\" data-widget_type=\"toggle.default\">\n\t\t\t\t<div class=\"elementor-widget-container\">\n\t\t\t\t\t\t\t<div class=\"elementor-toggle\">\n\t\t\t\t\t\t\t<div class=\"elementor-toggle-item\">\n\t\t\t\t\t<div id=\"elementor-tab-title-2541\" class=\"elementor-tab-title\" data-tab=\"1\" role=\"button\" aria-controls=\"elementor-tab-content-2541\" aria-expanded=\"false\">\n\t\t\t\t\t\t\t\t\t\t\t\t<span class=\"elementor-toggle-icon elementor-toggle-icon-left\" aria-hidden=\"true\">\n\t\t\t\t\t\t\t\t\t\t\t\t\t\t\t<span class=\"elementor-toggle-icon-closed\"><i class=\"fas fa-caret-right\"><\/i><\/span>\n\t\t\t\t\t\t\t\t<span class=\"elementor-toggle-icon-opened\"><i class=\"elementor-toggle-icon-opened fas fa-caret-up\"><\/i><\/span>\n\t\t\t\t\t\t\t\t\t\t\t\t\t<\/span>\n\t\t\t\t\t\t\t\t\t\t\t\t<a class=\"elementor-toggle-title\" tabindex=\"0\">MASTERS<\/a>\n\t\t\t\t\t<\/div>\n\n\t\t\t\t\t<div id=\"elementor-tab-content-2541\" class=\"elementor-tab-content elementor-clearfix\" data-tab=\"1\" role=\"region\" aria-labelledby=\"elementor-tab-title-2541\"><p><strong>Applications physiques et math\u00e9matiques<\/strong><\/p><ul><li><a href=\"https:\/\/www.ubfc.fr\/cartographie-des-formations\/masters\/master-ppn\/\"><strong>Master PNN<\/strong> :<em> Physics, Photonics &amp; Nanotechnology<\/em><\/a><\/li><li><a href=\"https:\/\/www.ubfc.fr\/cartographie-des-formations\/masters\/master-pics\/\"><strong>Master<\/strong> <strong>PICS<\/strong> : <em>Photonics, mIcronanotechnology, time-frequenCy metrology, and complex Systems<\/em><\/a><\/li><li><a href=\"https:\/\/www.ubfc.fr\/cartographie-des-formations\/masters\/master-compuphys\/\"><strong>Master CompuPhys<\/strong> : <em>Computational\u00a0Physics<\/em><\/a><\/li><li><a href=\"https:\/\/www.ubfc.fr\/cartographie-des-formations\/masters\/math4phys\/\"><strong>Master Math4Phys :<\/strong> <em>Mathematical Physics<\/em><\/a><\/li><\/ul><p><strong><br \/>Syst\u00e8mes intelligents et structures<\/strong><\/p><ul><li><a href=\"https:\/\/www.ubfc.fr\/cartographie-des-formations\/masters\/master-greem\/\"><strong>Master GREEM<\/strong> : <em>Control for green mechatronics<\/em><\/a><\/li><li><a href=\"http:\/\/formation.univ-fcomte.fr\/master\/ingenierie-des-systemes-complexes-smart-integrated-systems\"><strong>Master SIS<\/strong> : <em>Ing\u00e9nierie des syst\u00e8mes complexes<\/em><\/a><\/li><li><a href=\"http:\/\/formation.univ-fcomte.fr\/master\/mecanique-mecanique-et-ingenierie-recherche-et-innovation\"><strong>Master M\u00e9canique<\/strong><\/a><\/li><li><strong><a href=\"https:\/\/www.u-bourgogne.fr\/images\/stories\/odf\/master\/fm-traitement-signal-images.pdf\">Master Computer Vision MaIA\/VIBOT<\/a><\/strong><\/li><\/ul><p><strong><br \/>Energie<\/strong><\/p><ul><li><a href=\"http:\/\/formation.univ-fcomte.fr\/master\/energie-energie-electrique\"><strong>Master Energie \u00e9lectrique<\/strong><\/a><\/li><li><a href=\"http:\/\/formation.univ-fcomte.fr\/master\/energie-ingenierie-thermique-et-energie\"><strong> Master Ing\u00e9nierie thermique et \u00e9nergie<\/strong><\/a><\/li><\/ul><p><strong><br \/>Sciences des mat\u00e9riaux<\/strong><\/p><ul><li><a href=\"https:\/\/www.u-bourgogne.fr\/images\/stories\/odf\/master\/fm-chimie.pdf\"><strong>Master CMB<\/strong> : <em>Contr\u00f4les et durabilit\u00e9 des mat\u00e9riaux<\/em><\/a><\/li><li><a href=\"https:\/\/www.ubfc.fr\/cartographie-des-formations\/masters\/master-t2mc\/\"><strong>Master T2MC : <\/strong>Transition\u00a0Metals\u00a0in\u00a0Molecular\u00a0Chemistry<\/a><\/li><\/ul><p><strong><br \/>Sciences informatiques<\/strong><\/p><ul><li><a href=\"http:\/\/formation.univ-fcomte.fr\/master\/informatique-ingenierie-systemes-et-logiciels\"><strong>Master SSE\/ISL<\/strong> : <em>Ing\u00e9nierie syst\u00e8mes et logiciels<\/em><\/a><\/li><li><a href=\"https:\/\/www.ubfc.fr\/cartographie-des-formations\/masters\/master-iot\/\"><strong>Master IoT<\/strong> : <em>Internet\u00a0of\u00a0Things<\/em><\/a><\/li><\/ul><\/div>\n\t\t\t\t<\/div>\n\t\t\t\t\t\t\t<div class=\"elementor-toggle-item\">\n\t\t\t\t\t<div id=\"elementor-tab-title-2542\" class=\"elementor-tab-title\" data-tab=\"2\" role=\"button\" aria-controls=\"elementor-tab-content-2542\" aria-expanded=\"false\">\n\t\t\t\t\t\t\t\t\t\t\t\t<span class=\"elementor-toggle-icon elementor-toggle-icon-left\" aria-hidden=\"true\">\n\t\t\t\t\t\t\t\t\t\t\t\t\t\t\t<span class=\"elementor-toggle-icon-closed\"><i class=\"fas fa-caret-right\"><\/i><\/span>\n\t\t\t\t\t\t\t\t<span class=\"elementor-toggle-icon-opened\"><i class=\"elementor-toggle-icon-opened fas fa-caret-up\"><\/i><\/span>\n\t\t\t\t\t\t\t\t\t\t\t\t\t<\/span>\n\t\t\t\t\t\t\t\t\t\t\t\t<a class=\"elementor-toggle-title\" tabindex=\"0\">\u00c9COLES DOCTORALES<\/a>\n\t\t\t\t\t<\/div>\n\n\t\t\t\t\t<div id=\"elementor-tab-content-2542\" class=\"elementor-tab-content elementor-clearfix\" data-tab=\"2\" role=\"region\" aria-labelledby=\"elementor-tab-title-2542\"><ul><li><a href=\"https:\/\/www.ubfc.fr\/formation_\/etudes-doctorales-2\/ed-cp\/\">\u00c9cole doctorale Carnot Pasteur (CP)<\/a><\/li><li><a href=\"https:\/\/www.ubfc.fr\/formation_\/etudes-doctorales-2\/ed-spim\/\">\u00c9cole doctorale Sciences pour l&#8217;Ing\u00e9nieur et microtechniques (SPIM)<\/a><\/li><\/ul><\/div>\n\t\t\t\t<\/div>\n\t\t\t\t\t\t\t<div class=\"elementor-toggle-item\">\n\t\t\t\t\t<div id=\"elementor-tab-title-2543\" class=\"elementor-tab-title\" data-tab=\"3\" role=\"button\" aria-controls=\"elementor-tab-content-2543\" aria-expanded=\"false\">\n\t\t\t\t\t\t\t\t\t\t\t\t<span class=\"elementor-toggle-icon elementor-toggle-icon-left\" aria-hidden=\"true\">\n\t\t\t\t\t\t\t\t\t\t\t\t\t\t\t<span class=\"elementor-toggle-icon-closed\"><i class=\"fas fa-caret-right\"><\/i><\/span>\n\t\t\t\t\t\t\t\t<span class=\"elementor-toggle-icon-opened\"><i class=\"elementor-toggle-icon-opened fas fa-caret-up\"><\/i><\/span>\n\t\t\t\t\t\t\t\t\t\t\t\t\t<\/span>\n\t\t\t\t\t\t\t\t\t\t\t\t<a class=\"elementor-toggle-title\" tabindex=\"0\">\u00c9TABLISSEMENTS ET ENTIT\u00c9S DE RECHERCHE OP\u00c9RATEURS<\/a>\n\t\t\t\t\t<\/div>\n\n\t\t\t\t\t<div id=\"elementor-tab-content-2543\" class=\"elementor-tab-content elementor-clearfix\" data-tab=\"3\" role=\"region\" aria-labelledby=\"elementor-tab-title-2543\"><ul><li><a href=\"https:\/\/www.u-bourgogne.fr\/\">Universit\u00e9 de Bourgogne<\/a><\/li><li><a href=\"https:\/\/www.univ-fcomte.fr\/\">Universit\u00e9 de Franche-Comt\u00e9<\/a><\/li><li><a href=\"https:\/\/www.utbm.fr\/\">UTBM<\/a><\/li><li><a href=\"https:\/\/www.ens2m.fr\/\">ENSMM<\/a><\/li><li><a href=\"https:\/\/www.cnrs.fr\/fr\/\">CNRS<\/a><\/li><\/ul><\/div>\n\t\t\t\t<\/div>\n\t\t\t\t\t\t\t<div class=\"elementor-toggle-item\">\n\t\t\t\t\t<div id=\"elementor-tab-title-2544\" class=\"elementor-tab-title\" data-tab=\"4\" role=\"button\" aria-controls=\"elementor-tab-content-2544\" aria-expanded=\"false\">\n\t\t\t\t\t\t\t\t\t\t\t\t<span class=\"elementor-toggle-icon elementor-toggle-icon-left\" aria-hidden=\"true\">\n\t\t\t\t\t\t\t\t\t\t\t\t\t\t\t<span class=\"elementor-toggle-icon-closed\"><i class=\"fas fa-caret-right\"><\/i><\/span>\n\t\t\t\t\t\t\t\t<span class=\"elementor-toggle-icon-opened\"><i class=\"elementor-toggle-icon-opened fas fa-caret-up\"><\/i><\/span>\n\t\t\t\t\t\t\t\t\t\t\t\t\t<\/span>\n\t\t\t\t\t\t\t\t\t\t\t\t<a class=\"elementor-toggle-title\" tabindex=\"0\">UNIT\u00c9S DE RECHERCHE<\/a>\n\t\t\t\t\t<\/div>\n\n\t\t\t\t\t<div id=\"elementor-tab-content-2544\" class=\"elementor-tab-content elementor-clearfix\" data-tab=\"4\" role=\"region\" aria-labelledby=\"elementor-tab-title-2544\"><ul><li><a href=\"https:\/\/www.femto-st.fr\/fr\">FEMTO-ST<\/a><\/li><li><a href=\"https:\/\/icb.u-bourgogne.fr\/\">ICB<\/a><\/li><li><a href=\"http:\/\/www.icmub.com\/fr\/\">ICMUB<\/a><\/li><li><a href=\"https:\/\/math.u-bourgogne.fr\/\">IMB<\/a><\/li><li><a href=\"https:\/\/imvia.u-bourgogne.fr\/laboratoire\">IMVIA<\/a><\/li><li><a href=\"http:\/\/lmb.univ-fcomte.fr\/\">LmB<\/a><\/li><li><a href=\"https:\/\/www.utinam.cnrs.fr\/\">UTINAM<\/a><\/li><\/ul><\/div>\n\t\t\t\t<\/div>\n\t\t\t\t\t\t\t\t<\/div>\n\t\t\t\t\t\t<\/div>\n\t\t\t\t<\/div>\n\t\t\t\t\t<\/div>\n\t\t<\/div>\n\t\t\t\t<div class=\"elementor-column elementor-col-33 elementor-top-column elementor-element elementor-element-7eec788\" data-id=\"7eec788\" data-element_type=\"column\" data-e-type=\"column\">\n\t\t\t<div class=\"elementor-widget-wrap\">\n\t\t\t\t\t\t\t<\/div>\n\t\t<\/div>\n\t\t\t\t\t<\/div>\n\t\t<\/section>\n\t\t\t\t<\/div>\n\t\t","protected":false},"excerpt":{"rendered":"<p>Une \u00e9cole universitaire de recherche, pour davantage de continuit\u00e9 entre le master et le doctorat. Universit\u00e9 Bourgogne Franche-Comt\u00e9 propose un cursus international int\u00e9gr\u00e9 de master-doctorat, intitul\u00e9 EIPHI pour \u00ab Ing\u00e9nierie et innovation par les sciences physiques, les hautes technologies et la recherche interdisciplinaire \u00bb. Nos laboratoires mondialement reconnus : FEMTO-ST, ICB et IMB ainsi que &hellip; <a href=\"https:\/\/ubfc-preprod.u-bourgogne.fr\/en\/formation_\/graduate-school-eiphi\/\">Continued<\/a><\/p>\n","protected":false},"author":60,"featured_media":0,"parent":44139,"menu_order":5,"comment_status":"closed","ping_status":"closed","template":"","meta":{"footnotes":""},"class_list":["post-52199","page","type-page","status-publish","hentry"],"acf":[],"_links":{"self":[{"href":"https:\/\/ubfc-preprod.u-bourgogne.fr\/en\/wp-json\/wp\/v2\/pages\/52199","targetHints":{"allow":["GET"]}}],"collection":[{"href":"https:\/\/ubfc-preprod.u-bourgogne.fr\/en\/wp-json\/wp\/v2\/pages"}],"about":[{"href":"https:\/\/ubfc-preprod.u-bourgogne.fr\/en\/wp-json\/wp\/v2\/types\/page"}],"author":[{"embeddable":true,"href":"https:\/\/ubfc-preprod.u-bourgogne.fr\/en\/wp-json\/wp\/v2\/users\/60"}],"replies":[{"embeddable":true,"href":"https:\/\/ubfc-preprod.u-bourgogne.fr\/en\/wp-json\/wp\/v2\/comments?post=52199"}],"version-history":[{"count":11,"href":"https:\/\/ubfc-preprod.u-bourgogne.fr\/en\/wp-json\/wp\/v2\/pages\/52199\/revisions"}],"predecessor-version":[{"id":52348,"href":"https:\/\/ubfc-preprod.u-bourgogne.fr\/en\/wp-json\/wp\/v2\/pages\/52199\/revisions\/52348"}],"up":[{"embeddable":true,"href":"https:\/\/ubfc-preprod.u-bourgogne.fr\/en\/wp-json\/wp\/v2\/pages\/44139"}],"wp:attachment":[{"href":"https:\/\/ubfc-preprod.u-bourgogne.fr\/en\/wp-json\/wp\/v2\/media?parent=52199"}],"curies":[{"name":"wp","href":"https:\/\/api.w.org\/{rel}","templated":true}]}}