{"id":52193,"date":"2021-03-25T15:06:42","date_gmt":"2021-03-25T14:06:42","guid":{"rendered":"https:\/\/www.ubfc.fr\/?page_id=52193"},"modified":"2021-03-29T16:17:44","modified_gmt":"2021-03-29T14:17:44","slug":"ubfc-integrate","status":"publish","type":"page","link":"https:\/\/ubfc-preprod.u-bourgogne.fr\/en\/formation_\/ubfc-integrate\/","title":{"rendered":"UBFC integrate : Graduate schools"},"content":{"rendered":"\t\t<div data-elementor-type=\"wp-page\" data-elementor-id=\"52193\" class=\"elementor elementor-52193\" data-elementor-post-type=\"page\">\n\t\t\t\t\t\t<section class=\"elementor-section elementor-top-section elementor-element elementor-element-eb2d7b8 elementor-section-boxed elementor-section-height-default elementor-section-height-default\" data-id=\"eb2d7b8\" data-element_type=\"section\" data-e-type=\"section\">\n\t\t\t\t\t\t<div class=\"elementor-container elementor-column-gap-default\">\n\t\t\t\t\t<div class=\"elementor-column elementor-col-100 elementor-top-column elementor-element elementor-element-75c7616\" data-id=\"75c7616\" data-element_type=\"column\" data-e-type=\"column\">\n\t\t\t<div class=\"elementor-widget-wrap elementor-element-populated\">\n\t\t\t\t\t\t<div class=\"elementor-element elementor-element-06e0151 elementor-widget elementor-widget-text-editor\" data-id=\"06e0151\" data-element_type=\"widget\" data-e-type=\"widget\" data-widget_type=\"text-editor.default\">\n\t\t\t\t<div class=\"elementor-widget-container\">\n\t\t\t\t\t\t\t\t\t<p><strong><span style=\"font-size: 14pt\">Une \u00e9cole universitaire de recherche, pour davantage de continuit\u00e9 entre le master et le doctorat.<\/span><\/strong><\/p>\t\t\t\t\t\t\t\t<\/div>\n\t\t\t\t<\/div>\n\t\t\t\t\t<\/div>\n\t\t<\/div>\n\t\t\t\t\t<\/div>\n\t\t<\/section>\n\t\t\t\t<section class=\"elementor-section elementor-top-section elementor-element elementor-element-6a96dcd elementor-section-boxed elementor-section-height-default elementor-section-height-default\" data-id=\"6a96dcd\" data-element_type=\"section\" data-e-type=\"section\">\n\t\t\t\t\t\t<div class=\"elementor-container elementor-column-gap-default\">\n\t\t\t\t\t<div class=\"elementor-column elementor-col-100 elementor-top-column elementor-element elementor-element-2029e64\" data-id=\"2029e64\" data-element_type=\"column\" data-e-type=\"column\">\n\t\t\t<div class=\"elementor-widget-wrap elementor-element-populated\">\n\t\t\t\t\t\t<div class=\"elementor-element elementor-element-d116a09 elementor-widget elementor-widget-text-editor\" data-id=\"d116a09\" data-element_type=\"widget\" data-e-type=\"widget\" data-widget_type=\"text-editor.default\">\n\t\t\t\t<div class=\"elementor-widget-container\">\n\t\t\t\t\t\t\t\t\t<p>Universit\u00e9 Bourgogne Franche-Comt\u00e9 propose <strong>un cursus international int\u00e9gr\u00e9 de master-doctorat<\/strong>, s\u2019appuyant sur des \u00e9quipes de recherche laboratoires mondialement reconnues et sur leurs partenaires. UBFC cr\u00e9e ainsi un <strong>environnement hautement comp\u00e9titif et \u00e0 la pointe de la technologie<\/strong>, destin\u00e9 aux \u00e9tudiants de doctorat et de master en sciences venant du <strong>monde entier<\/strong>.<\/p><p>Int\u00e9grer une Graduate School UBFC, c\u2019est l\u2019<strong>assurance pour les \u00e9tudiants en master, d\u2019\u00eatre<\/strong> :<\/p><ul><li>immerg\u00e9s dans une \u00e9quipe de recherche d\u00e8s le premier jour du master 1<\/li><li>engag\u00e9s dans un cursus compatible avec d\u2019autres programmes \u00e0 l\u2019international, qui favorise l&#8217;interdisciplinarit\u00e9 et qui int\u00e8gre des pratiques p\u00e9dagogiques orient\u00e9es projets, tout en s&#8217;appuyant sur des openlabs et des plateformes<\/li><li>en relation directe avec des \u00e9quipes de recherche, dont les doctorants via le tutorat<\/li><li>suivis individuellement (mentorat) pour d\u00e9velopper leur r\u00e9seau professionnel<\/li><li>accompagn\u00e9s pour leur projet de mobilit\u00e9 internationale (stage, double-dipl\u00f4me, <em>etc.<\/em>)<\/li><li>ambassadeurs de leur formation : tuteurs des \u00e9tudiants en licence dans leur discipline<\/li><li>form\u00e9s aux enjeux socio-\u00e9conomiques via des enseignements transversaux<\/li><\/ul><p><strong>Pour les doctorants, d\u2019\u00eatre<\/strong> :<\/p><ul><li>acteurs d\u2019un parcours de formation doctorale augment\u00e9 et tourn\u00e9 vers l\u2019international<\/li><li>suivis individuellement (mentorat) pour d\u00e9velopper leur r\u00e9seau professionnel<\/li><li>accompagn\u00e9s pour leur projet de mobilit\u00e9 internationale (label europ\u00e9en, <em>networking<\/em>, <em>etc.<\/em>)<\/li><\/ul>\t\t\t\t\t\t\t\t<\/div>\n\t\t\t\t<\/div>\n\t\t\t\t\t<\/div>\n\t\t<\/div>\n\t\t\t\t\t<\/div>\n\t\t<\/section>\n\t\t\t\t<section class=\"elementor-section elementor-top-section elementor-element elementor-element-0fb4652 elementor-section-boxed elementor-section-height-default elementor-section-height-default\" data-id=\"0fb4652\" data-element_type=\"section\" data-e-type=\"section\">\n\t\t\t\t\t\t<div class=\"elementor-container elementor-column-gap-default\">\n\t\t\t\t\t<div class=\"elementor-column elementor-col-100 elementor-top-column elementor-element elementor-element-c09f9ff\" data-id=\"c09f9ff\" data-element_type=\"column\" data-e-type=\"column\">\n\t\t\t<div class=\"elementor-widget-wrap elementor-element-populated\">\n\t\t\t\t\t\t<div class=\"elementor-element elementor-element-30938d6 elementor-widget elementor-widget-spacer\" data-id=\"30938d6\" data-element_type=\"widget\" data-e-type=\"widget\" data-widget_type=\"spacer.default\">\n\t\t\t\t<div class=\"elementor-widget-container\">\n\t\t\t\t\t\t\t<div class=\"elementor-spacer\">\n\t\t\t<div class=\"elementor-spacer-inner\"><\/div>\n\t\t<\/div>\n\t\t\t\t\t\t<\/div>\n\t\t\t\t<\/div>\n\t\t\t\t\t<\/div>\n\t\t<\/div>\n\t\t\t\t\t<\/div>\n\t\t<\/section>\n\t\t\t\t<section class=\"elementor-section elementor-top-section elementor-element elementor-element-3acadee elementor-section-boxed elementor-section-height-default elementor-section-height-default\" data-id=\"3acadee\" data-element_type=\"section\" data-e-type=\"section\">\n\t\t\t\t\t\t<div class=\"elementor-container elementor-column-gap-default\">\n\t\t\t\t\t<div class=\"elementor-column elementor-col-100 elementor-top-column elementor-element elementor-element-123ff14\" data-id=\"123ff14\" data-element_type=\"column\" data-e-type=\"column\">\n\t\t\t<div class=\"elementor-widget-wrap elementor-element-populated\">\n\t\t\t\t\t\t<div class=\"elementor-element elementor-element-836d959 elementor-widget elementor-widget-text-editor\" data-id=\"836d959\" data-element_type=\"widget\" data-e-type=\"widget\" data-widget_type=\"text-editor.default\">\n\t\t\t\t<div class=\"elementor-widget-container\">\n\t\t\t\t\t\t\t\t\t<p><span style=\"font-size: 14pt\">UBFC Integrate comprend <strong>3 graduate schools<\/strong><\/span><\/p>\t\t\t\t\t\t\t\t<\/div>\n\t\t\t\t<\/div>\n\t\t\t\t\t<\/div>\n\t\t<\/div>\n\t\t\t\t\t<\/div>\n\t\t<\/section>\n\t\t\t\t<section class=\"elementor-section elementor-top-section elementor-element elementor-element-cf3b0a8 elementor-section-boxed elementor-section-height-default elementor-section-height-default\" data-id=\"cf3b0a8\" data-element_type=\"section\" data-e-type=\"section\">\n\t\t\t\t\t\t<div class=\"elementor-container elementor-column-gap-default\">\n\t\t\t\t\t<div class=\"elementor-column elementor-col-33 elementor-top-column elementor-element elementor-element-d718236\" data-id=\"d718236\" data-element_type=\"column\" data-e-type=\"column\">\n\t\t\t<div class=\"elementor-widget-wrap elementor-element-populated\">\n\t\t\t\t\t\t<div class=\"elementor-element elementor-element-e801f00 elementor-widget elementor-widget-text-editor\" data-id=\"e801f00\" data-element_type=\"widget\" data-e-type=\"widget\" data-widget_type=\"text-editor.default\">\n\t\t\t\t<div class=\"elementor-widget-container\">\n\t\t\t\t\t\t\t\t\t<p style=\"text-align: center\"><span style=\"color: #32acc4\"><strong><span style=\"font-size: 14pt\">EIPHI Graduate School<\/span><\/strong><\/span><\/p><p style=\"text-align: center\"><em>Physique, Math\u00e9matiques, Applications \/ Syst\u00e8me intelligent et structures \/ \u00c9nergie \/ Sciences des mat\u00e9riaux \/ Informatique<br \/><\/em><a href=\"https:\/\/www.ubfc.fr\/isite-bfc\/axe-1-materiaux-avances-ondes-et-systemes-intelligents\/\">AXE 1 ISITE-BFC<\/a><\/p>\t\t\t\t\t\t\t\t<\/div>\n\t\t\t\t<\/div>\n\t\t\t\t\t<\/div>\n\t\t<\/div>\n\t\t\t\t<div class=\"elementor-column elementor-col-33 elementor-top-column elementor-element elementor-element-bd3cab4\" data-id=\"bd3cab4\" data-element_type=\"column\" data-e-type=\"column\">\n\t\t\t<div class=\"elementor-widget-wrap elementor-element-populated\">\n\t\t\t\t\t\t<div class=\"elementor-element elementor-element-c703201 elementor-widget elementor-widget-text-editor\" data-id=\"c703201\" data-element_type=\"widget\" data-e-type=\"widget\" data-widget_type=\"text-editor.default\">\n\t\t\t\t<div class=\"elementor-widget-container\">\n\t\t\t\t\t\t\t\t\t<p style=\"text-align: center\"><span style=\"color: #32acc4\"><strong><span style=\"font-size: 14pt\">TRANSBIO Graduate School<\/span><\/strong><\/span><\/p><p style=\"text-align: center\"><em>Transition socio-\u00e9cologique \/ Territoires durables, Complexit\u00e9 et processus de transition\/ \u00ab Livelisystem \u00bb et processus de transformation environnementale, agro-\u00e9cologie \/ Innovation au sein de cha\u00eenes alimentaires int\u00e9gr\u00e9es, production et comportements<\/em><br \/><a href=\"https:\/\/www.ubfc.fr\/isite-bfc\/axe-2-territoires-environnement-aliments\/\">Axe 2 ISITE-BFC<\/a><\/p>\t\t\t\t\t\t\t\t<\/div>\n\t\t\t\t<\/div>\n\t\t\t\t\t<\/div>\n\t\t<\/div>\n\t\t\t\t<div class=\"elementor-column elementor-col-33 elementor-top-column elementor-element elementor-element-b0bf991\" data-id=\"b0bf991\" data-element_type=\"column\" data-e-type=\"column\">\n\t\t\t<div class=\"elementor-widget-wrap elementor-element-populated\">\n\t\t\t\t\t\t<div class=\"elementor-element elementor-element-dc7af3b elementor-widget elementor-widget-text-editor\" data-id=\"dc7af3b\" data-element_type=\"widget\" data-e-type=\"widget\" data-widget_type=\"text-editor.default\">\n\t\t\t\t<div class=\"elementor-widget-container\">\n\t\t\t\t\t\t\t\t\t<p style=\"text-align: center\"><span style=\"color: #32acc4\"><strong><span style=\"font-size: 14pt\">INTHERAPI Graduate School<\/span><\/strong><\/span><\/p><p style=\"text-align: center\"><em>Soins individualis\u00e9s et int\u00e9gr\u00e9s \/ Sant\u00e9 \/ Technologies des syst\u00e8mes intelligents innovantes \/ Sciences cognitives\/ Sciences humaines et sociales<br \/><\/em><a href=\"https:\/\/www.ubfc.fr\/isite-bfc\/axe-3-soins-individualises-et-integres\/\">Axe 3 ISITE-BFC<\/a><\/p>\t\t\t\t\t\t\t\t<\/div>\n\t\t\t\t<\/div>\n\t\t\t\t\t<\/div>\n\t\t<\/div>\n\t\t\t\t\t<\/div>\n\t\t<\/section>\n\t\t\t\t<section class=\"elementor-section elementor-top-section elementor-element elementor-element-fc46544 elementor-section-boxed elementor-section-height-default elementor-section-height-default\" data-id=\"fc46544\" data-element_type=\"section\" data-e-type=\"section\">\n\t\t\t\t\t\t<div class=\"elementor-container elementor-column-gap-default\">\n\t\t\t\t\t<div class=\"elementor-column elementor-col-33 elementor-top-column elementor-element elementor-element-d7a07d7\" data-id=\"d7a07d7\" data-element_type=\"column\" data-e-type=\"column\">\n\t\t\t<div class=\"elementor-widget-wrap elementor-element-populated\">\n\t\t\t\t\t\t<div class=\"elementor-element elementor-element-64f7e3d elementor-align-center elementor-widget elementor-widget-button\" data-id=\"64f7e3d\" data-element_type=\"widget\" data-e-type=\"widget\" data-widget_type=\"button.default\">\n\t\t\t\t<div class=\"elementor-widget-container\">\n\t\t\t\t\t\t\t\t\t<div class=\"elementor-button-wrapper\">\n\t\t\t\t\t<a class=\"elementor-button elementor-button-link elementor-size-sm\" href=\"https:\/\/www.ubfc.fr\/formation_\/graduate-school-eiphi\/\">\n\t\t\t\t\t\t<span class=\"elementor-button-content-wrapper\">\n\t\t\t\t\t\t\t\t\t<span class=\"elementor-button-text\">En savoir plus sur EIPHI GS<\/span>\n\t\t\t\t\t<\/span>\n\t\t\t\t\t<\/a>\n\t\t\t\t<\/div>\n\t\t\t\t\t\t\t\t<\/div>\n\t\t\t\t<\/div>\n\t\t\t\t\t<\/div>\n\t\t<\/div>\n\t\t\t\t<div class=\"elementor-column elementor-col-33 elementor-top-column elementor-element elementor-element-826b773\" data-id=\"826b773\" data-element_type=\"column\" data-e-type=\"column\">\n\t\t\t<div class=\"elementor-widget-wrap elementor-element-populated\">\n\t\t\t\t\t\t<div class=\"elementor-element elementor-element-61b6afc elementor-align-center elementor-widget elementor-widget-button\" data-id=\"61b6afc\" data-element_type=\"widget\" data-e-type=\"widget\" data-widget_type=\"button.default\">\n\t\t\t\t<div class=\"elementor-widget-container\">\n\t\t\t\t\t\t\t\t\t<div class=\"elementor-button-wrapper\">\n\t\t\t\t\t<a class=\"elementor-button elementor-button-link elementor-size-sm\" href=\"https:\/\/www.ubfc.fr\/formation_\/graduate-school-transbio\/\">\n\t\t\t\t\t\t<span class=\"elementor-button-content-wrapper\">\n\t\t\t\t\t\t\t\t\t<span class=\"elementor-button-text\">En savoir plus sur TRANSBIO GS<\/span>\n\t\t\t\t\t<\/span>\n\t\t\t\t\t<\/a>\n\t\t\t\t<\/div>\n\t\t\t\t\t\t\t\t<\/div>\n\t\t\t\t<\/div>\n\t\t\t\t\t<\/div>\n\t\t<\/div>\n\t\t\t\t<div class=\"elementor-column elementor-col-33 elementor-top-column elementor-element elementor-element-e749a96\" data-id=\"e749a96\" data-element_type=\"column\" data-e-type=\"column\">\n\t\t\t<div class=\"elementor-widget-wrap elementor-element-populated\">\n\t\t\t\t\t\t<div class=\"elementor-element elementor-element-402e6ce elementor-align-center elementor-widget elementor-widget-button\" data-id=\"402e6ce\" data-element_type=\"widget\" data-e-type=\"widget\" data-widget_type=\"button.default\">\n\t\t\t\t<div class=\"elementor-widget-container\">\n\t\t\t\t\t\t\t\t\t<div class=\"elementor-button-wrapper\">\n\t\t\t\t\t<a class=\"elementor-button elementor-button-link elementor-size-sm\" href=\"https:\/\/www.ubfc.fr\/formation_\/graduate-school-intherapi\/\">\n\t\t\t\t\t\t<span class=\"elementor-button-content-wrapper\">\n\t\t\t\t\t\t\t\t\t<span class=\"elementor-button-text\">En savoir plus sur INTHERAPI GS<\/span>\n\t\t\t\t\t<\/span>\n\t\t\t\t\t<\/a>\n\t\t\t\t<\/div>\n\t\t\t\t\t\t\t\t<\/div>\n\t\t\t\t<\/div>\n\t\t\t\t\t<\/div>\n\t\t<\/div>\n\t\t\t\t\t<\/div>\n\t\t<\/section>\n\t\t\t\t<section class=\"elementor-section elementor-top-section elementor-element elementor-element-1289bcc elementor-section-boxed elementor-section-height-default elementor-section-height-default\" data-id=\"1289bcc\" data-element_type=\"section\" data-e-type=\"section\">\n\t\t\t\t\t\t<div class=\"elementor-container elementor-column-gap-default\">\n\t\t\t\t\t<div class=\"elementor-column elementor-col-100 elementor-top-column elementor-element elementor-element-c480c60\" data-id=\"c480c60\" data-element_type=\"column\" data-e-type=\"column\">\n\t\t\t<div class=\"elementor-widget-wrap elementor-element-populated\">\n\t\t\t\t\t\t<div class=\"elementor-element elementor-element-31b4228 elementor-widget elementor-widget-spacer\" data-id=\"31b4228\" data-element_type=\"widget\" data-e-type=\"widget\" data-widget_type=\"spacer.default\">\n\t\t\t\t<div class=\"elementor-widget-container\">\n\t\t\t\t\t\t\t<div class=\"elementor-spacer\">\n\t\t\t<div class=\"elementor-spacer-inner\"><\/div>\n\t\t<\/div>\n\t\t\t\t\t\t<\/div>\n\t\t\t\t<\/div>\n\t\t\t\t\t<\/div>\n\t\t<\/div>\n\t\t\t\t\t<\/div>\n\t\t<\/section>\n\t\t\t\t<section class=\"elementor-section elementor-top-section elementor-element elementor-element-d6d1f72 elementor-section-boxed elementor-section-height-default elementor-section-height-default\" data-id=\"d6d1f72\" data-element_type=\"section\" data-e-type=\"section\">\n\t\t\t\t\t\t<div class=\"elementor-container elementor-column-gap-default\">\n\t\t\t\t\t<div class=\"elementor-column elementor-col-25 elementor-top-column elementor-element elementor-element-b755dd0\" data-id=\"b755dd0\" data-element_type=\"column\" data-e-type=\"column\">\n\t\t\t<div class=\"elementor-widget-wrap elementor-element-populated\">\n\t\t\t\t\t\t<div class=\"elementor-element elementor-element-2d528c6 elementor-widget elementor-widget-image\" data-id=\"2d528c6\" data-element_type=\"widget\" data-e-type=\"widget\" data-widget_type=\"image.default\">\n\t\t\t\t<div class=\"elementor-widget-container\">\n\t\t\t\t\t\t\t\t\t\t\t\t\t\t\t<img decoding=\"async\" width=\"300\" height=\"139\" src=\"https:\/\/ubfc-preprod.u-bourgogne.fr\/wp-content\/uploads\/2021\/03\/ISITE-BFC_quadri-300x139.jpg\" class=\"attachment-medium size-medium wp-image-52299\" alt=\"\" srcset=\"https:\/\/ubfc-preprod.u-bourgogne.fr\/wp-content\/uploads\/2021\/03\/ISITE-BFC_quadri-300x139.jpg 300w, https:\/\/ubfc-preprod.u-bourgogne.fr\/wp-content\/uploads\/2021\/03\/ISITE-BFC_quadri.jpg 369w\" sizes=\"(max-width: 300px) 100vw, 300px\" \/>\t\t\t\t\t\t\t\t\t\t\t\t\t\t\t<\/div>\n\t\t\t\t<\/div>\n\t\t\t\t\t<\/div>\n\t\t<\/div>\n\t\t\t\t<div class=\"elementor-column elementor-col-25 elementor-top-column elementor-element elementor-element-26e309b\" data-id=\"26e309b\" data-element_type=\"column\" data-e-type=\"column\">\n\t\t\t<div class=\"elementor-widget-wrap elementor-element-populated\">\n\t\t\t\t\t\t<div class=\"elementor-element elementor-element-e900747 elementor-widget elementor-widget-image\" data-id=\"e900747\" data-element_type=\"widget\" data-e-type=\"widget\" data-widget_type=\"image.default\">\n\t\t\t\t<div class=\"elementor-widget-container\">\n\t\t\t\t\t\t\t\t\t\t\t\t\t\t\t<img decoding=\"async\" width=\"150\" height=\"150\" src=\"https:\/\/ubfc-preprod.u-bourgogne.fr\/wp-content\/uploads\/2020\/10\/Logo_PIA_Marianne_fondtransparent-150x150.png\" class=\"attachment-thumbnail size-thumbnail wp-image-47963\" alt=\"\" srcset=\"https:\/\/ubfc-preprod.u-bourgogne.fr\/wp-content\/uploads\/2020\/10\/Logo_PIA_Marianne_fondtransparent-150x150.png 150w, https:\/\/ubfc-preprod.u-bourgogne.fr\/wp-content\/uploads\/2020\/10\/Logo_PIA_Marianne_fondtransparent-300x300.png 300w, https:\/\/ubfc-preprod.u-bourgogne.fr\/wp-content\/uploads\/2020\/10\/Logo_PIA_Marianne_fondtransparent-400x400.png 400w, https:\/\/ubfc-preprod.u-bourgogne.fr\/wp-content\/uploads\/2020\/10\/Logo_PIA_Marianne_fondtransparent.png 531w\" sizes=\"(max-width: 150px) 100vw, 150px\" \/>\t\t\t\t\t\t\t\t\t\t\t\t\t\t\t<\/div>\n\t\t\t\t<\/div>\n\t\t\t\t\t<\/div>\n\t\t<\/div>\n\t\t\t\t<div class=\"elementor-column elementor-col-25 elementor-top-column elementor-element elementor-element-f54af63\" data-id=\"f54af63\" data-element_type=\"column\" data-e-type=\"column\">\n\t\t\t<div class=\"elementor-widget-wrap elementor-element-populated\">\n\t\t\t\t\t\t<div class=\"elementor-element elementor-element-c6b2117 elementor-widget elementor-widget-image\" data-id=\"c6b2117\" data-element_type=\"widget\" data-e-type=\"widget\" data-widget_type=\"image.default\">\n\t\t\t\t<div class=\"elementor-widget-container\">\n\t\t\t\t\t\t\t\t\t\t\t\t\t\t\t<img fetchpriority=\"high\" decoding=\"async\" width=\"768\" height=\"512\" src=\"https:\/\/ubfc-preprod.u-bourgogne.fr\/wp-content\/uploads\/2021\/03\/flag_yellow_high-768x512.jpg\" class=\"attachment-medium_large size-medium_large wp-image-52310\" alt=\"\" srcset=\"https:\/\/ubfc-preprod.u-bourgogne.fr\/wp-content\/uploads\/2021\/03\/flag_yellow_high-768x512.jpg 768w, https:\/\/ubfc-preprod.u-bourgogne.fr\/wp-content\/uploads\/2021\/03\/flag_yellow_high-300x200.jpg 300w, https:\/\/ubfc-preprod.u-bourgogne.fr\/wp-content\/uploads\/2021\/03\/flag_yellow_high-1024x683.jpg 1024w, https:\/\/ubfc-preprod.u-bourgogne.fr\/wp-content\/uploads\/2021\/03\/flag_yellow_high-1536x1024.jpg 1536w, https:\/\/ubfc-preprod.u-bourgogne.fr\/wp-content\/uploads\/2021\/03\/flag_yellow_high-2048x1366.jpg 2048w\" sizes=\"(max-width: 768px) 100vw, 768px\" \/>\t\t\t\t\t\t\t\t\t\t\t\t\t\t\t<\/div>\n\t\t\t\t<\/div>\n\t\t\t\t\t<\/div>\n\t\t<\/div>\n\t\t\t\t<div class=\"elementor-column elementor-col-25 elementor-top-column elementor-element elementor-element-b18e6e0\" data-id=\"b18e6e0\" data-element_type=\"column\" data-e-type=\"column\">\n\t\t\t<div class=\"elementor-widget-wrap elementor-element-populated\">\n\t\t\t\t\t\t<div class=\"elementor-element elementor-element-346625f elementor-widget elementor-widget-image\" data-id=\"346625f\" data-element_type=\"widget\" data-e-type=\"widget\" data-widget_type=\"image.default\">\n\t\t\t\t<div class=\"elementor-widget-container\">\n\t\t\t\t\t\t\t\t\t\t\t\t\t\t\t<img loading=\"lazy\" decoding=\"async\" width=\"300\" height=\"272\" src=\"https:\/\/ubfc-preprod.u-bourgogne.fr\/wp-content\/uploads\/2021\/03\/Republique_Francaise_RVB-300x272.png\" class=\"attachment-medium size-medium wp-image-52308\" alt=\"\" srcset=\"https:\/\/ubfc-preprod.u-bourgogne.fr\/wp-content\/uploads\/2021\/03\/Republique_Francaise_RVB-300x272.png 300w, https:\/\/ubfc-preprod.u-bourgogne.fr\/wp-content\/uploads\/2021\/03\/Republique_Francaise_RVB-1024x928.png 1024w, https:\/\/ubfc-preprod.u-bourgogne.fr\/wp-content\/uploads\/2021\/03\/Republique_Francaise_RVB-768x696.png 768w, https:\/\/ubfc-preprod.u-bourgogne.fr\/wp-content\/uploads\/2021\/03\/Republique_Francaise_RVB-1536x1392.png 1536w, https:\/\/ubfc-preprod.u-bourgogne.fr\/wp-content\/uploads\/2021\/03\/Republique_Francaise_RVB-2048x1856.png 2048w\" sizes=\"(max-width: 300px) 100vw, 300px\" \/>\t\t\t\t\t\t\t\t\t\t\t\t\t\t\t<\/div>\n\t\t\t\t<\/div>\n\t\t\t\t\t<\/div>\n\t\t<\/div>\n\t\t\t\t\t<\/div>\n\t\t<\/section>\n\t\t\t\t<\/div>\n\t\t","protected":false},"excerpt":{"rendered":"<p>Une \u00e9cole universitaire de recherche, pour davantage de continuit\u00e9 entre le master et le doctorat. Universit\u00e9 Bourgogne Franche-Comt\u00e9 propose un cursus international int\u00e9gr\u00e9 de master-doctorat, s\u2019appuyant sur des \u00e9quipes de recherche laboratoires mondialement reconnues et sur leurs partenaires. UBFC cr\u00e9e ainsi un environnement hautement comp\u00e9titif et \u00e0 la pointe de la technologie, destin\u00e9 aux \u00e9tudiants &hellip; <a href=\"https:\/\/ubfc-preprod.u-bourgogne.fr\/en\/formation_\/ubfc-integrate\/\">Continued<\/a><\/p>\n","protected":false},"author":60,"featured_media":0,"parent":44139,"menu_order":6,"comment_status":"closed","ping_status":"closed","template":"","meta":{"footnotes":""},"class_list":["post-52193","page","type-page","status-publish","hentry"],"acf":[],"_links":{"self":[{"href":"https:\/\/ubfc-preprod.u-bourgogne.fr\/en\/wp-json\/wp\/v2\/pages\/52193","targetHints":{"allow":["GET"]}}],"collection":[{"href":"https:\/\/ubfc-preprod.u-bourgogne.fr\/en\/wp-json\/wp\/v2\/pages"}],"about":[{"href":"https:\/\/ubfc-preprod.u-bourgogne.fr\/en\/wp-json\/wp\/v2\/types\/page"}],"author":[{"embeddable":true,"href":"https:\/\/ubfc-preprod.u-bourgogne.fr\/en\/wp-json\/wp\/v2\/users\/60"}],"replies":[{"embeddable":true,"href":"https:\/\/ubfc-preprod.u-bourgogne.fr\/en\/wp-json\/wp\/v2\/comments?post=52193"}],"version-history":[{"count":11,"href":"https:\/\/ubfc-preprod.u-bourgogne.fr\/en\/wp-json\/wp\/v2\/pages\/52193\/revisions"}],"predecessor-version":[{"id":52346,"href":"https:\/\/ubfc-preprod.u-bourgogne.fr\/en\/wp-json\/wp\/v2\/pages\/52193\/revisions\/52346"}],"up":[{"embeddable":true,"href":"https:\/\/ubfc-preprod.u-bourgogne.fr\/en\/wp-json\/wp\/v2\/pages\/44139"}],"wp:attachment":[{"href":"https:\/\/ubfc-preprod.u-bourgogne.fr\/en\/wp-json\/wp\/v2\/media?parent=52193"}],"curies":[{"name":"wp","href":"https:\/\/api.w.org\/{rel}","templated":true}]}}