{"id":51682,"date":"2021-02-25T16:40:12","date_gmt":"2021-02-25T15:40:12","guid":{"rendered":"https:\/\/www.ubfc.fr\/?page_id=51682"},"modified":"2021-03-02T10:07:10","modified_gmt":"2021-03-02T09:07:10","slug":"appel-a-projet-regional-2021","status":"publish","type":"page","link":"https:\/\/ubfc-preprod.u-bourgogne.fr\/en\/recherche\/pole-sante-publique-bfc\/appel-a-projet-regional-2021\/","title":{"rendered":"Appel \u00e0 projet r\u00e9gional 2021"},"content":{"rendered":"\t\t<div data-elementor-type=\"wp-page\" data-elementor-id=\"51682\" class=\"elementor elementor-51682\" data-elementor-post-type=\"page\">\n\t\t\t\t\t\t<section class=\"elementor-section elementor-top-section elementor-element elementor-element-8654388 elementor-section-boxed elementor-section-height-default elementor-section-height-default\" data-id=\"8654388\" data-element_type=\"section\" data-e-type=\"section\">\n\t\t\t\t\t\t<div class=\"elementor-container elementor-column-gap-default\">\n\t\t\t\t\t<div class=\"elementor-column elementor-col-100 elementor-top-column elementor-element elementor-element-12e1ffd\" data-id=\"12e1ffd\" data-element_type=\"column\" data-e-type=\"column\">\n\t\t\t<div class=\"elementor-widget-wrap elementor-element-populated\">\n\t\t\t\t\t\t<div class=\"elementor-element elementor-element-874be49 elementor-widget elementor-widget-text-editor\" data-id=\"874be49\" data-element_type=\"widget\" data-e-type=\"widget\" data-widget_type=\"text-editor.default\">\n\t\t\t\t<div class=\"elementor-widget-container\">\n\t\t\t\t\t\t\t\t\t<p><strong><span style=\"font-size: 14pt\">Le P\u00f4le f\u00e9d\u00e9ratif de recherche et de formation en sant\u00e9 publique Bourgogne Franche-Comt\u00e9 lance le troisi\u00e8me appel \u00e0 projet (AAP) avec un montant de 80 000 \u20ac \u00e0 attribuer en 2021.<\/span><\/strong><\/p>\t\t\t\t\t\t\t\t<\/div>\n\t\t\t\t<\/div>\n\t\t\t\t\t<\/div>\n\t\t<\/div>\n\t\t\t\t\t<\/div>\n\t\t<\/section>\n\t\t\t\t<section class=\"elementor-section elementor-top-section elementor-element elementor-element-ce70ca3 elementor-section-boxed elementor-section-height-default elementor-section-height-default\" data-id=\"ce70ca3\" data-element_type=\"section\" data-e-type=\"section\">\n\t\t\t\t\t\t<div class=\"elementor-container elementor-column-gap-default\">\n\t\t\t\t\t<div class=\"elementor-column elementor-col-100 elementor-top-column elementor-element elementor-element-1587e68\" data-id=\"1587e68\" data-element_type=\"column\" data-e-type=\"column\">\n\t\t\t<div class=\"elementor-widget-wrap elementor-element-populated\">\n\t\t\t\t\t\t<div class=\"elementor-element elementor-element-f3eca3f elementor-widget elementor-widget-text-editor\" data-id=\"f3eca3f\" data-element_type=\"widget\" data-e-type=\"widget\" data-widget_type=\"text-editor.default\">\n\t\t\t\t<div class=\"elementor-widget-container\">\n\t\t\t\t\t\t\t\t\t<p>Le P\u00f4le veut renforcer le d\u00e9veloppement de recherches interdisciplinaires et partenariales en sant\u00e9 publique, principalement dans trois champs :<\/p><ul><li><strong>L\u2019organisation de l\u2019offre de sant\u00e9 : <\/strong>soins primaires, articulation entre les diff\u00e9rents secteurs (h\u00f4pital\/ville, m\u00e9dico-social\/social), organisation territoriale, r\u00e9duction des in\u00e9galit\u00e9s sociales et territoriales<\/li><li><strong>La promotion de la sant\u00e9 et la pr\u00e9vention <\/strong>incluant l\u2019am\u00e9lioration des d\u00e9terminants de la sant\u00e9<\/li><li><strong>La sant\u00e9 et l\u2019environnement <\/strong>avec pour la deuxi\u00e8me ann\u00e9e cons\u00e9cutive, <em>une attention particuli\u00e8re <\/em><em>port\u00e9e<\/em> \u00e0 la transition socio-\u00e9cologique et ses implications en sant\u00e9 publique. La transition socio-\u00e9cologique est un processus de transformations de nos modes de vie, sur un mod\u00e8le horizontal, dans le but de r\u00e9pondre aux enjeux \u00e0 la fois environnementaux et sociaux.<\/li><\/ul>\t\t\t\t\t\t\t\t<\/div>\n\t\t\t\t<\/div>\n\t\t\t\t\t<\/div>\n\t\t<\/div>\n\t\t\t\t\t<\/div>\n\t\t<\/section>\n\t\t\t\t<section class=\"elementor-section elementor-top-section elementor-element elementor-element-035abdb elementor-section-boxed elementor-section-height-default elementor-section-height-default\" data-id=\"035abdb\" data-element_type=\"section\" data-e-type=\"section\">\n\t\t\t\t\t\t<div class=\"elementor-container elementor-column-gap-default\">\n\t\t\t\t\t<div class=\"elementor-column elementor-col-100 elementor-top-column elementor-element elementor-element-cbb54c5\" data-id=\"cbb54c5\" data-element_type=\"column\" data-e-type=\"column\">\n\t\t\t<div class=\"elementor-widget-wrap elementor-element-populated\">\n\t\t\t\t\t\t<div class=\"elementor-element elementor-element-0d12ff3 elementor-widget elementor-widget-text-editor\" data-id=\"0d12ff3\" data-element_type=\"widget\" data-e-type=\"widget\" data-widget_type=\"text-editor.default\">\n\t\t\t\t<div class=\"elementor-widget-container\">\n\t\t\t\t\t\t\t\t\t<p>Pour cette nouvelle \u00e9dition, le P\u00f4le propose aux porteurs de projets de s\u2019int\u00e9resser aux th\u00e8mes suivants\u00a0:<strong>\u00a0 <\/strong><\/p><ul><li><strong>Pair-aidance et savoirs exp\u00e9rientiels<\/strong>: (re)connaissance, pratiques, articulation, coop\u00e9rations.<\/li><li><strong>Pr\u00e9vention et population(s) pr\u00e9caire(s)<\/strong> : enjeux de la litt\u00e9ratie pour promouvoir la sant\u00e9<\/li><\/ul>\t\t\t\t\t\t\t\t<\/div>\n\t\t\t\t<\/div>\n\t\t\t\t\t<\/div>\n\t\t<\/div>\n\t\t\t\t\t<\/div>\n\t\t<\/section>\n\t\t\t\t<section class=\"elementor-section elementor-top-section elementor-element elementor-element-4bbb95a elementor-section-boxed elementor-section-height-default elementor-section-height-default\" data-id=\"4bbb95a\" data-element_type=\"section\" data-e-type=\"section\">\n\t\t\t\t\t\t<div class=\"elementor-container elementor-column-gap-default\">\n\t\t\t\t\t<div class=\"elementor-column elementor-col-100 elementor-top-column elementor-element elementor-element-28fe9cb\" data-id=\"28fe9cb\" data-element_type=\"column\" data-e-type=\"column\">\n\t\t\t<div class=\"elementor-widget-wrap elementor-element-populated\">\n\t\t\t\t\t\t<div class=\"elementor-element elementor-element-41c08cd elementor-widget elementor-widget-text-editor\" data-id=\"41c08cd\" data-element_type=\"widget\" data-e-type=\"widget\" data-widget_type=\"text-editor.default\">\n\t\t\t\t<div class=\"elementor-widget-container\">\n\t\t\t\t\t\t\t\t\t<p>Le P\u00f4le souhaite encourager et faciliter la co-construction des projets de recherches interventionnelles entre chercheurs, acteurs et usagers (entendu au sens large du terme : patient, aidant, citoyen ou personne accueillie).<\/p>\t\t\t\t\t\t\t\t<\/div>\n\t\t\t\t<\/div>\n\t\t\t\t\t<\/div>\n\t\t<\/div>\n\t\t\t\t\t<\/div>\n\t\t<\/section>\n\t\t\t\t<section class=\"elementor-section elementor-top-section elementor-element elementor-element-d334c99 elementor-section-boxed elementor-section-height-default elementor-section-height-default\" data-id=\"d334c99\" data-element_type=\"section\" data-e-type=\"section\">\n\t\t\t\t\t\t<div class=\"elementor-container elementor-column-gap-default\">\n\t\t\t\t\t<div class=\"elementor-column elementor-col-100 elementor-top-column elementor-element elementor-element-f58ad98\" data-id=\"f58ad98\" data-element_type=\"column\" data-e-type=\"column\">\n\t\t\t<div class=\"elementor-widget-wrap elementor-element-populated\">\n\t\t\t\t\t\t<div class=\"elementor-element elementor-element-dfe92b6 elementor-widget elementor-widget-text-editor\" data-id=\"dfe92b6\" data-element_type=\"widget\" data-e-type=\"widget\" data-widget_type=\"text-editor.default\">\n\t\t\t\t<div class=\"elementor-widget-container\">\n\t\t\t\t\t\t\t\t\t<p>Deux modalit\u00e9s de soutien sont propos\u00e9es par le P\u00f4le :<\/p><ul><li>Participation au financement d\u2019un projet de recherche abouti<\/li><li>Fonds d\u2019amor\u00e7age <a href=\"#_ftn1\" name=\"_ftnref1\">[1]<\/a>.<\/li><\/ul><p>Cet AAP a vocation \u00e0 \u00eatre renouvel\u00e9 annuellement.<\/p>\t\t\t\t\t\t\t\t<\/div>\n\t\t\t\t<\/div>\n\t\t\t\t\t<\/div>\n\t\t<\/div>\n\t\t\t\t\t<\/div>\n\t\t<\/section>\n\t\t\t\t<section class=\"elementor-section elementor-top-section elementor-element elementor-element-d63c885 elementor-section-boxed elementor-section-height-default elementor-section-height-default\" data-id=\"d63c885\" data-element_type=\"section\" data-e-type=\"section\">\n\t\t\t\t\t\t<div class=\"elementor-container elementor-column-gap-default\">\n\t\t\t\t\t<div class=\"elementor-column elementor-col-100 elementor-top-column elementor-element elementor-element-f36eb44\" data-id=\"f36eb44\" data-element_type=\"column\" data-e-type=\"column\">\n\t\t\t<div class=\"elementor-widget-wrap elementor-element-populated\">\n\t\t\t\t\t\t<div class=\"elementor-element elementor-element-ce2528e elementor-widget elementor-widget-text-editor\" data-id=\"ce2528e\" data-element_type=\"widget\" data-e-type=\"widget\" data-widget_type=\"text-editor.default\">\n\t\t\t\t<div class=\"elementor-widget-container\">\n\t\t\t\t\t\t\t\t\t<p><span style=\"font-size: 10pt\"><a href=\"#_ftnref1\" name=\"_ftn1\">[1]<\/a> Un fond d\u2019amor\u00e7age pourra \u00eatre allou\u00e9 \u00e0 des \u00e9quipes souhaitant s\u2019inscrire dans une d\u00e9marche particuli\u00e8rement collaborative afin de construire une r\u00e9ponse interdisciplinaire ou associant des acteurs autres que des chercheurs \u00e0 un AAP national ou international en 2021. Le fonds d\u2019amor\u00e7age consiste \u00e0 soutenir un projet en cours de co-construction, notamment autour de la m\u00e9thodologie d\u2019\u00e9tude.<\/span><\/p>\t\t\t\t\t\t\t\t<\/div>\n\t\t\t\t<\/div>\n\t\t\t\t\t<\/div>\n\t\t<\/div>\n\t\t\t\t\t<\/div>\n\t\t<\/section>\n\t\t\t\t<\/div>\n\t\t","protected":false},"excerpt":{"rendered":"<p>Le P\u00f4le f\u00e9d\u00e9ratif de recherche et de formation en sant\u00e9 publique Bourgogne Franche-Comt\u00e9 lance le troisi\u00e8me appel \u00e0 projet (AAP) avec un montant de 80 000 \u20ac \u00e0 attribuer en 2021. Le P\u00f4le veut renforcer le d\u00e9veloppement de recherches interdisciplinaires et partenariales en sant\u00e9 publique, principalement dans trois champs : L\u2019organisation de l\u2019offre de sant\u00e9 &hellip; <a href=\"https:\/\/ubfc-preprod.u-bourgogne.fr\/en\/recherche\/pole-sante-publique-bfc\/appel-a-projet-regional-2021\/\">Continued<\/a><\/p>\n","protected":false},"author":60,"featured_media":0,"parent":44608,"menu_order":13,"comment_status":"closed","ping_status":"closed","template":"views\/template-documents.blade.php","meta":{"footnotes":""},"class_list":["post-51682","page","type-page","status-publish","hentry"],"acf":[],"_links":{"self":[{"href":"https:\/\/ubfc-preprod.u-bourgogne.fr\/en\/wp-json\/wp\/v2\/pages\/51682","targetHints":{"allow":["GET"]}}],"collection":[{"href":"https:\/\/ubfc-preprod.u-bourgogne.fr\/en\/wp-json\/wp\/v2\/pages"}],"about":[{"href":"https:\/\/ubfc-preprod.u-bourgogne.fr\/en\/wp-json\/wp\/v2\/types\/page"}],"author":[{"embeddable":true,"href":"https:\/\/ubfc-preprod.u-bourgogne.fr\/en\/wp-json\/wp\/v2\/users\/60"}],"replies":[{"embeddable":true,"href":"https:\/\/ubfc-preprod.u-bourgogne.fr\/en\/wp-json\/wp\/v2\/comments?post=51682"}],"version-history":[{"count":7,"href":"https:\/\/ubfc-preprod.u-bourgogne.fr\/en\/wp-json\/wp\/v2\/pages\/51682\/revisions"}],"predecessor-version":[{"id":51726,"href":"https:\/\/ubfc-preprod.u-bourgogne.fr\/en\/wp-json\/wp\/v2\/pages\/51682\/revisions\/51726"}],"up":[{"embeddable":true,"href":"https:\/\/ubfc-preprod.u-bourgogne.fr\/en\/wp-json\/wp\/v2\/pages\/44608"}],"wp:attachment":[{"href":"https:\/\/ubfc-preprod.u-bourgogne.fr\/en\/wp-json\/wp\/v2\/media?parent=51682"}],"curies":[{"name":"wp","href":"https:\/\/api.w.org\/{rel}","templated":true}]}}