{"id":50887,"date":"2021-01-21T08:49:26","date_gmt":"2021-01-21T07:49:26","guid":{"rendered":"https:\/\/www.ubfc.fr\/?page_id=50887"},"modified":"2021-03-16T15:19:07","modified_gmt":"2021-03-16T14:19:07","slug":"cac-proces-verbaux-2021","status":"publish","type":"page","link":"https:\/\/ubfc-preprod.u-bourgogne.fr\/en\/ubfc\/gouvernance\/instances\/conseil-academique\/cac-proces-verbaux-2021\/","title":{"rendered":"CAC &#8211; Proc\u00e8s verbaux 2021"},"content":{"rendered":"\t\t<div data-elementor-type=\"wp-page\" data-elementor-id=\"50887\" class=\"elementor elementor-50887\" data-elementor-post-type=\"page\">\n\t\t\t\t\t\t<section class=\"elementor-section elementor-top-section elementor-element elementor-element-c69de6a elementor-section-boxed elementor-section-height-default elementor-section-height-default\" data-id=\"c69de6a\" data-element_type=\"section\" data-e-type=\"section\">\n\t\t\t\t\t\t<div class=\"elementor-container elementor-column-gap-default\">\n\t\t\t\t\t<div class=\"elementor-column elementor-col-100 elementor-top-column elementor-element elementor-element-cb640f4\" data-id=\"cb640f4\" data-element_type=\"column\" data-e-type=\"column\">\n\t\t\t<div class=\"elementor-widget-wrap elementor-element-populated\">\n\t\t\t\t\t\t<div class=\"elementor-element elementor-element-565b243 elementor-widget elementor-widget-toggle\" data-id=\"565b243\" data-element_type=\"widget\" data-e-type=\"widget\" data-widget_type=\"toggle.default\">\n\t\t\t\t<div class=\"elementor-widget-container\">\n\t\t\t\t\t\t\t<div class=\"elementor-toggle\">\n\t\t\t\t\t\t\t<div class=\"elementor-toggle-item\">\n\t\t\t\t\t<div id=\"elementor-tab-title-9051\" class=\"elementor-tab-title\" data-tab=\"1\" role=\"button\" aria-controls=\"elementor-tab-content-9051\" aria-expanded=\"false\">\n\t\t\t\t\t\t\t\t\t\t\t\t<span class=\"elementor-toggle-icon elementor-toggle-icon-left\" aria-hidden=\"true\">\n\t\t\t\t\t\t\t\t\t\t\t\t\t\t\t<span class=\"elementor-toggle-icon-closed\"><i class=\"fas fa-caret-right\"><\/i><\/span>\n\t\t\t\t\t\t\t\t<span class=\"elementor-toggle-icon-opened\"><i class=\"elementor-toggle-icon-opened fas fa-caret-up\"><\/i><\/span>\n\t\t\t\t\t\t\t\t\t\t\t\t\t<\/span>\n\t\t\t\t\t\t\t\t\t\t\t\t<a class=\"elementor-toggle-title\" tabindex=\"0\">Conseil Acad\u00e9mique du 20 janvier 2021<\/a>\n\t\t\t\t\t<\/div>\n\n\t\t\t\t\t<div id=\"elementor-tab-content-9051\" class=\"elementor-tab-content elementor-clearfix\" data-tab=\"1\" role=\"region\" aria-labelledby=\"elementor-tab-title-9051\"><ul><li><a href=\"https:\/\/www.ubfc.fr\/wp-content\/uploads\/2021\/01\/Rapport-n\u00b01_Approbation-du-Verbatim_16122020.pdf\">Rapport n\u00b01 : Approbation du Verbatim du 16\/12\/2020<\/a><\/li><li><a href=\"https:\/\/www.ubfc.fr\/wp-content\/uploads\/2021\/01\/Rapport-n\u00b02_CAC-UBFC-20.01.21_reporting-EIPHI-BFC.pdf\">Rapport n\u00b02 : Reporting EIPHI-BFC<\/a><\/li><li><a href=\"https:\/\/www.ubfc.fr\/wp-content\/uploads\/2021\/01\/Rapport-n\u00b03_CAC-CER.pdf\">Rapport n\u00b03 : Comit\u00e9 d&rsquo;\u00e9thique de la recherche (CER)<\/a><\/li><li><a href=\"https:\/\/www.ubfc.fr\/wp-content\/uploads\/2021\/01\/Rapport-n\u00b04_dat@UBFC_CAC_2001_2021.pdf\">Rapport n\u00b04 : Dat@UBFC<\/a><\/li><\/ul><\/div>\n\t\t\t\t<\/div>\n\t\t\t\t\t\t\t<div class=\"elementor-toggle-item\">\n\t\t\t\t\t<div id=\"elementor-tab-title-9052\" class=\"elementor-tab-title\" data-tab=\"2\" role=\"button\" aria-controls=\"elementor-tab-content-9052\" aria-expanded=\"false\">\n\t\t\t\t\t\t\t\t\t\t\t\t<span class=\"elementor-toggle-icon elementor-toggle-icon-left\" aria-hidden=\"true\">\n\t\t\t\t\t\t\t\t\t\t\t\t\t\t\t<span class=\"elementor-toggle-icon-closed\"><i class=\"fas fa-caret-right\"><\/i><\/span>\n\t\t\t\t\t\t\t\t<span class=\"elementor-toggle-icon-opened\"><i class=\"elementor-toggle-icon-opened fas fa-caret-up\"><\/i><\/span>\n\t\t\t\t\t\t\t\t\t\t\t\t\t<\/span>\n\t\t\t\t\t\t\t\t\t\t\t\t<a class=\"elementor-toggle-title\" tabindex=\"0\">Conseil Acad\u00e9mique du 04 mars 2021<\/a>\n\t\t\t\t\t<\/div>\n\n\t\t\t\t\t<div id=\"elementor-tab-content-9052\" class=\"elementor-tab-content elementor-clearfix\" data-tab=\"2\" role=\"region\" aria-labelledby=\"elementor-tab-title-9052\"><ul><li><a href=\"https:\/\/www.ubfc.fr\/wp-content\/uploads\/2021\/03\/Rapport_1_Verbatim_CAC_plenier_UBFC_20.01.21-min.pdf\">Rapport n\u00b01 : Verbatim CAC pl\u00e9nier UBFC 20.01.2021<\/a><\/li><li><a href=\"https:\/\/www.ubfc.fr\/wp-content\/uploads\/2021\/03\/Pr\u00e9sentation-service-PSR_CAC-du-4-mars-2021.pdf\">Pr\u00e9sentation service PSR<\/a><\/li><li><a href=\"https:\/\/www.ubfc.fr\/wp-content\/uploads\/2021\/03\/Lancement_SFRI_UBFC_InteGrate_comp-min.pdf\">Lancement SFRI <em>UBFC Integrate<\/em><\/a><\/li><li><a href=\"https:\/\/www.ubfc.fr\/wp-content\/uploads\/2021\/03\/Pr\u00e9sentation-service-FIP_CAC-du-4-mars-2021-version_modifi\u00e9e.pdf\">Pr\u00e9sentation service FIP<\/a><\/li><li><a href=\"https:\/\/www.ubfc.fr\/wp-content\/uploads\/2021\/03\/Rapport5_CER_soci\u00e9t\u00e9-civile-et-installation-du-bureau.pdf\">Rapport n\u00b05 : CER, soci\u00e9t\u00e9 civile et installation du bureau<\/a><\/li><\/ul><\/div>\n\t\t\t\t<\/div>\n\t\t\t\t\t\t\t\t<\/div>\n\t\t\t\t\t\t<\/div>\n\t\t\t\t<\/div>\n\t\t\t\t\t<\/div>\n\t\t<\/div>\n\t\t\t\t\t<\/div>\n\t\t<\/section>\n\t\t\t\t<\/div>\n\t\t","protected":false},"excerpt":{"rendered":"<p>Conseil Acad\u00e9mique du 20 janvier 2021 Rapport n\u00b01 : Approbation du Verbatim du 16\/12\/2020 Rapport n\u00b02 : Reporting EIPHI-BFC Rapport n\u00b03 : Comit\u00e9 d&rsquo;\u00e9thique de la recherche (CER) Rapport n\u00b04 : Dat@UBFC Conseil Acad\u00e9mique du 04 mars 2021 Rapport n\u00b01 : Verbatim CAC pl\u00e9nier UBFC 20.01.2021 Pr\u00e9sentation service PSR Lancement SFRI UBFC Integrate Pr\u00e9sentation service &hellip; <a href=\"https:\/\/ubfc-preprod.u-bourgogne.fr\/en\/ubfc\/gouvernance\/instances\/conseil-academique\/cac-proces-verbaux-2021\/\">Continued<\/a><\/p>\n","protected":false},"author":18,"featured_media":0,"parent":735,"menu_order":23,"comment_status":"closed","ping_status":"closed","template":"","meta":{"footnotes":""},"class_list":["post-50887","page","type-page","status-publish","hentry"],"acf":[],"_links":{"self":[{"href":"https:\/\/ubfc-preprod.u-bourgogne.fr\/en\/wp-json\/wp\/v2\/pages\/50887","targetHints":{"allow":["GET"]}}],"collection":[{"href":"https:\/\/ubfc-preprod.u-bourgogne.fr\/en\/wp-json\/wp\/v2\/pages"}],"about":[{"href":"https:\/\/ubfc-preprod.u-bourgogne.fr\/en\/wp-json\/wp\/v2\/types\/page"}],"author":[{"embeddable":true,"href":"https:\/\/ubfc-preprod.u-bourgogne.fr\/en\/wp-json\/wp\/v2\/users\/18"}],"replies":[{"embeddable":true,"href":"https:\/\/ubfc-preprod.u-bourgogne.fr\/en\/wp-json\/wp\/v2\/comments?post=50887"}],"version-history":[{"count":6,"href":"https:\/\/ubfc-preprod.u-bourgogne.fr\/en\/wp-json\/wp\/v2\/pages\/50887\/revisions"}],"predecessor-version":[{"id":51961,"href":"https:\/\/ubfc-preprod.u-bourgogne.fr\/en\/wp-json\/wp\/v2\/pages\/50887\/revisions\/51961"}],"up":[{"embeddable":true,"href":"https:\/\/ubfc-preprod.u-bourgogne.fr\/en\/wp-json\/wp\/v2\/pages\/735"}],"wp:attachment":[{"href":"https:\/\/ubfc-preprod.u-bourgogne.fr\/en\/wp-json\/wp\/v2\/media?parent=50887"}],"curies":[{"name":"wp","href":"https:\/\/api.w.org\/{rel}","templated":true}]}}