{"id":50735,"date":"2021-01-18T14:23:17","date_gmt":"2021-01-18T13:23:17","guid":{"rendered":"https:\/\/www.ubfc.fr\/?page_id=50735"},"modified":"2021-01-18T15:37:39","modified_gmt":"2021-01-18T14:37:39","slug":"datubfc","status":"publish","type":"page","link":"https:\/\/ubfc-preprod.u-bourgogne.fr\/en\/datubfc\/","title":{"rendered":"Dat@UBFC"},"content":{"rendered":"\t\t<div data-elementor-type=\"wp-page\" data-elementor-id=\"50735\" class=\"elementor elementor-50735\" data-elementor-post-type=\"page\">\n\t\t\t\t\t\t<section class=\"elementor-section elementor-top-section elementor-element elementor-element-062ffdc elementor-section-boxed elementor-section-height-default elementor-section-height-default\" data-id=\"062ffdc\" data-element_type=\"section\" data-e-type=\"section\">\n\t\t\t\t\t\t<div class=\"elementor-container elementor-column-gap-default\">\n\t\t\t\t\t<div class=\"elementor-column elementor-col-50 elementor-top-column elementor-element elementor-element-c08b67a\" data-id=\"c08b67a\" data-element_type=\"column\" data-e-type=\"column\">\n\t\t\t<div class=\"elementor-widget-wrap elementor-element-populated\">\n\t\t\t\t\t\t<div class=\"elementor-element elementor-element-d1de20e elementor-widget elementor-widget-text-editor\" data-id=\"d1de20e\" data-element_type=\"widget\" data-e-type=\"widget\" data-widget_type=\"text-editor.default\">\n\t\t\t\t<div class=\"elementor-widget-container\">\n\t\t\t\t\t\t\t\t\t<p><strong><span style=\"font-size: 14pt\">Le projet dat@UBFC propose la mise en place d&#8217;un service de gestion et de valorisation des donn\u00e9es de la recherche en Bourgogne-Franche-Comt\u00e9. Dans le contexte international d\u2019ouverture des donn\u00e9es de la recherche, ce service permettra d\u2019accompagner les chercheurs pour la gestion de leurs donn\u00e9es, de faciliter le partage des donn\u00e9es via un portail de r\u00e9f\u00e9rencement interop\u00e9rable avec les principaux services de donn\u00e9es, d\u2019augmenter la visibilit\u00e9 et l&#8217;efficacit\u00e9 de la recherche locale et de conserver le patrimoine num\u00e9rique scientifique r\u00e9gional.<\/span><\/strong><\/p>\t\t\t\t\t\t\t\t<\/div>\n\t\t\t\t<\/div>\n\t\t\t\t\t<\/div>\n\t\t<\/div>\n\t\t\t\t<div class=\"elementor-column elementor-col-50 elementor-top-column elementor-element elementor-element-f94c992\" data-id=\"f94c992\" data-element_type=\"column\" data-e-type=\"column\">\n\t\t\t<div class=\"elementor-widget-wrap elementor-element-populated\">\n\t\t\t\t\t\t<div class=\"elementor-element elementor-element-969fb60 elementor-widget elementor-widget-text-editor\" data-id=\"969fb60\" data-element_type=\"widget\" data-e-type=\"widget\" data-widget_type=\"text-editor.default\">\n\t\t\t\t<div class=\"elementor-widget-container\">\n\t\t\t\t\t\t\t\t\t<p><img decoding=\"async\" class=\"alignnone  wp-image-44680\" src=\"https:\/\/www.ubfc.fr\/wp-content\/uploads\/2020\/06\/logoDATa-300x206.png\" alt=\"\" width=\"210\" height=\"145\" srcset=\"https:\/\/ubfc-preprod.u-bourgogne.fr\/wp-content\/uploads\/2020\/06\/logoDATa-300x206.png 300w, https:\/\/ubfc-preprod.u-bourgogne.fr\/wp-content\/uploads\/2020\/06\/logoDATa-1024x703.png 1024w, https:\/\/ubfc-preprod.u-bourgogne.fr\/wp-content\/uploads\/2020\/06\/logoDATa-768x527.png 768w, https:\/\/ubfc-preprod.u-bourgogne.fr\/wp-content\/uploads\/2020\/06\/logoDATa-1536x1054.png 1536w, https:\/\/ubfc-preprod.u-bourgogne.fr\/wp-content\/uploads\/2020\/06\/logoDATa-2048x1406.png 2048w\" sizes=\"(max-width: 210px) 100vw, 210px\" \/><\/p>\t\t\t\t\t\t\t\t<\/div>\n\t\t\t\t<\/div>\n\t\t\t\t\t<\/div>\n\t\t<\/div>\n\t\t\t\t\t<\/div>\n\t\t<\/section>\n\t\t\t\t<section class=\"elementor-section elementor-top-section elementor-element elementor-element-faafea6 elementor-section-boxed elementor-section-height-default elementor-section-height-default\" data-id=\"faafea6\" data-element_type=\"section\" data-e-type=\"section\">\n\t\t\t\t\t\t<div class=\"elementor-container elementor-column-gap-default\">\n\t\t\t\t\t<div class=\"elementor-column elementor-col-66 elementor-top-column elementor-element elementor-element-8ae6eb0\" data-id=\"8ae6eb0\" data-element_type=\"column\" data-e-type=\"column\">\n\t\t\t<div class=\"elementor-widget-wrap elementor-element-populated\">\n\t\t\t\t\t\t<div class=\"elementor-element elementor-element-4ca2030 elementor-widget elementor-widget-text-editor\" data-id=\"4ca2030\" data-element_type=\"widget\" data-e-type=\"widget\" data-widget_type=\"text-editor.default\">\n\t\t\t\t<div class=\"elementor-widget-container\">\n\t\t\t\t\t\t\t\t\t<h2>Le contexte<\/h2><p>Les nouvelles technologies et les nouveaux moyens informatiques permettent une production de donn\u00e9es qui peuvent \u00eatre aussi bien des donn\u00e9es d\u2019observation que des r\u00e9sultats de simulations num\u00e9riques. Ces donn\u00e9es sont produites en quantit\u00e9 toujours plus importante. On parle ainsi du big data qui inclut les m\u00e9thodes de collecte et de traitement de grands volumes de donn\u00e9es. Cependant, pour que ces donn\u00e9es puissent offrir tout leur potentiel, il est essentiel qu\u2019elles soient prot\u00e9g\u00e9es, garanties et partag\u00e9es. Ainsi, ces derni\u00e8res ann\u00e9es ont vu l\u2019\u00e9mergence du mouvement de \u00ab l\u2019open data \u00bb qui, en favorisant l&#8217;ouverture des donn\u00e9es, vise la r\u00e9utilisation optimale de celles-ci. Les donn\u00e9es publiques (donn\u00e9es collect\u00e9es et financ\u00e9es par les organismes publics) sont de ce fait vues comme un bien commun, le patrimoine num\u00e9rique dont la diffusion est d\u2019int\u00e9r\u00eat public et g\u00e9n\u00e9ral, et en particulier, parmi elles, les donn\u00e9es issues de la recherche scientifique. Ainsi, le mouvement de \u00ab l&#8217;open science \u00bb a vu le jour, avec diff\u00e9rents projets et portails internationaux.<\/p><p>Pour une structure telle que UBFC, proposer un service commun d\u2019accompagnement \u00e0 la communaut\u00e9 scientifique afin de soutenir une bonne gestion et valorisation des donn\u00e9es de la recherche est aujourd\u2019hui un enjeu majeur et fait partie des services \u00e0 rationaliser et mutualiser au niveau r\u00e9gional.<\/p><p>Le projet dat@UBFC propose ainsi la mise en place d&#8217;un tel service innovant \u00e0 un niveau r\u00e9gional, en s\u2019appuyant naturellement sur deux projets pr\u00e9existants : dat@OSU de l\u2019OSU THETA (cf. encadr\u00e9 dat@OSU ci-dessous) pour la cr\u00e9ation d\u2019un portail de valorisation des donn\u00e9es de la recherche et le projet de datacenter r\u00e9gional d&#8217;UBFC pour le traitement et le stockage des donn\u00e9es.<\/p>\t\t\t\t\t\t\t\t<\/div>\n\t\t\t\t<\/div>\n\t\t\t\t\t<\/div>\n\t\t<\/div>\n\t\t\t\t<div class=\"elementor-column elementor-col-33 elementor-top-column elementor-element elementor-element-438c932\" data-id=\"438c932\" data-element_type=\"column\" data-e-type=\"column\">\n\t\t\t<div class=\"elementor-widget-wrap elementor-element-populated\">\n\t\t\t\t\t\t<div class=\"elementor-element elementor-element-76f04c1 elementor-widget elementor-widget-text-editor\" data-id=\"76f04c1\" data-element_type=\"widget\" data-e-type=\"widget\" data-widget_type=\"text-editor.default\">\n\t\t\t\t<div class=\"elementor-widget-container\">\n\t\t\t\t\t\t\t\t\t<h3 style=\"text-align: center\">FAIR &#8211; Findability, Accessibility, Interoperability and Reusability<\/h3><p style=\"text-align: justify\">Depuis 2016, les principes FAIR, agr\u00e9\u00e9s par la communaut\u00e9 internationale de la recherche scientifique, favorisent, par leur mise en \u0153uvre, la d\u00e9couverte, l&#8217;acc\u00e8s, l&#8217;interop\u00e9rabilit\u00e9 et la r\u00e9utilisation des donn\u00e9es de recherche \u00e0 la fois aux humains et aux machines. L&#8217;obtention de donn\u00e9es FAIR est facilit\u00e9e par l&#8217;utilisation de plans de gestion de donn\u00e9es (Data Management Plan \u2013 DMP). Ce sont des documents r\u00e9dig\u00e9s au commencement d&#8217;un projet de recherche qui d\u00e9finissent ce que les chercheurs feront de leurs donn\u00e9es pendant et apr\u00e8s le projet, en explicitant notamment la mise \u00e0 disposition des donn\u00e9es. Ils sont obligatoires depuis 2017 dans les demandes de financements europ\u00e9ens H2020 et depuis 2019 dans celles de l\u2019Agence Nationale de la Recherche (ANR).<\/p>\t\t\t\t\t\t\t\t<\/div>\n\t\t\t\t<\/div>\n\t\t\t\t\t<\/div>\n\t\t<\/div>\n\t\t\t\t\t<\/div>\n\t\t<\/section>\n\t\t\t\t<section class=\"elementor-section elementor-top-section elementor-element elementor-element-9f3a633 elementor-section-boxed elementor-section-height-default elementor-section-height-default\" data-id=\"9f3a633\" data-element_type=\"section\" data-e-type=\"section\">\n\t\t\t\t\t\t<div class=\"elementor-container elementor-column-gap-default\">\n\t\t\t\t\t<div class=\"elementor-column elementor-col-66 elementor-top-column elementor-element elementor-element-279bd3b\" data-id=\"279bd3b\" data-element_type=\"column\" data-e-type=\"column\">\n\t\t\t<div class=\"elementor-widget-wrap elementor-element-populated\">\n\t\t\t\t\t\t<div class=\"elementor-element elementor-element-1de4576 elementor-widget elementor-widget-text-editor\" data-id=\"1de4576\" data-element_type=\"widget\" data-e-type=\"widget\" data-widget_type=\"text-editor.default\">\n\t\t\t\t<div class=\"elementor-widget-container\">\n\t\t\t\t\t\t\t\t\t<h2>Un service de soutien \u00e0 la recherche<\/h2><p>Ce service de soutien \u00e0 la recherche aura pour objectif de guider les chercheurs d\u00e8s la cr\u00e9ation de leurs donn\u00e9es afin de :<\/p><ul><li>g\u00e9rer leurs donn\u00e9es tout au long de leur cycle de vie ;<\/li><li>faciliter le partage des donn\u00e9es ;<\/li><li>faciliter la reproduction et la v\u00e9rification des donn\u00e9es (int\u00e9grit\u00e9 scientifique) ;<\/li><li>valoriser les recherches (la citation des donn\u00e9es et des publications augmente la visibilit\u00e9 des r\u00e9sultats) ;<\/li><li>sauvegarder et p\u00e9renniser les donn\u00e9es.<\/li><\/ul><p>Il permettra notamment :<\/p><ul><li>de r\u00e9pondre aux exigences institutionnelles et \u00e0 celles des financeurs ;<\/li><li>d\u2019offrir une recherche de meilleure qualit\u00e9 et de nouvelles perspectives scientifiques ;<\/li><li>d\u2019augmenter la visibilit\u00e9 et l&#8217;efficacit\u00e9 de la recherche locale (\u00e9conomie de moyens, acc\u00e9l\u00e9ration des progr\u00e8s de la recherche) ;<\/li><li>de conserver le patrimoine num\u00e9rique scientifique r\u00e9gional.<\/li><\/ul>\t\t\t\t\t\t\t\t<\/div>\n\t\t\t\t<\/div>\n\t\t\t\t\t<\/div>\n\t\t<\/div>\n\t\t\t\t<div class=\"elementor-column elementor-col-33 elementor-top-column elementor-element elementor-element-d8e5bce\" data-id=\"d8e5bce\" data-element_type=\"column\" data-e-type=\"column\">\n\t\t\t<div class=\"elementor-widget-wrap elementor-element-populated\">\n\t\t\t\t\t\t<div class=\"elementor-element elementor-element-1042c3c elementor-widget elementor-widget-text-editor\" data-id=\"1042c3c\" data-element_type=\"widget\" data-e-type=\"widget\" data-widget_type=\"text-editor.default\">\n\t\t\t\t<div class=\"elementor-widget-container\">\n\t\t\t\t\t\t\t\t\t<h3>Lancement de dat@UBFC<\/h3><p><strong>Le colloque DataBFC2 s&#8217;est tenu du 20 au <span id=\"OBJ_PREFIX_DWT3009_com_zimbra_date\" class=\"Object\" role=\"link\"><span id=\"OBJ_PREFIX_DWT3010_com_zimbra_date\" class=\"Object\" role=\"link\"><span id=\"OBJ_PREFIX_DWT3052_com_zimbra_date\" class=\"Object\" role=\"link\">22 novembre 2019<\/span><\/span><\/span>, \u00e0 Dijon (Campus Montmuzard)<\/strong><span id=\"OBJ_PREFIX_DWT3011_com_zimbra_date\" class=\"Object\" role=\"link\"><span id=\"OBJ_PREFIX_DWT3012_com_zimbra_date\" class=\"Object\" role=\"link\"><span id=\"OBJ_PREFIX_DWT3053_com_zimbra_date\" class=\"Object\" role=\"link\"><\/span><\/span><\/span><\/p><p>Le colloque DataBFC2 &#8220;<em>Science ouverte : initiatives et projets en Bourgogne-Franche-Comt\u00e9 dans le nouveau contexte europ\u00e9en et international des donn\u00e9es de la recherche<\/em>&#8221; se proposait de dresser un panorama des initiatives r\u00e9gionales entreprises en mati\u00e8re de gestion, d&#8217;ouverture et de valorisation des donn\u00e9es de la recherche. Cet \u00e9v\u00e9nement a \u00e9t\u00e9 l&#8217;occasion de lancer officiellement le projet dat@UBFC.<\/p><p><a href=\"https:\/\/databfc2.sciencesconf.org\/\"><strong>https:\/\/databfc2.sciencesconf.org\/<\/strong><\/a><\/p><p>Acc\u00e9der au <strong><a href=\"https:\/\/theta.obs-besancon.fr\/spip.php?article605\"> compte-rendu du colloque.<\/a><\/strong><\/p>\t\t\t\t\t\t\t\t<\/div>\n\t\t\t\t<\/div>\n\t\t\t\t\t<\/div>\n\t\t<\/div>\n\t\t\t\t\t<\/div>\n\t\t<\/section>\n\t\t\t\t<section class=\"elementor-section elementor-top-section elementor-element elementor-element-a166ab6 elementor-section-boxed elementor-section-height-default elementor-section-height-default\" data-id=\"a166ab6\" data-element_type=\"section\" data-e-type=\"section\">\n\t\t\t\t\t\t<div class=\"elementor-container elementor-column-gap-default\">\n\t\t\t\t\t<div class=\"elementor-column elementor-col-100 elementor-top-column elementor-element elementor-element-b2e6382\" data-id=\"b2e6382\" data-element_type=\"column\" data-e-type=\"column\">\n\t\t\t<div class=\"elementor-widget-wrap elementor-element-populated\">\n\t\t\t\t\t\t<div class=\"elementor-element elementor-element-5e47d6c elementor-widget elementor-widget-text-editor\" data-id=\"5e47d6c\" data-element_type=\"widget\" data-e-type=\"widget\" data-widget_type=\"text-editor.default\">\n\t\t\t\t<div class=\"elementor-widget-container\">\n\t\t\t\t\t\t\t\t\t<p>Les services propos\u00e9s doivent traiter de l&#8217;ensemble des phases du cycle de vie des donn\u00e9es\u00a0:<\/p><ul><li><strong>planification<\/strong> : d\u00e8s le lancement d\u2019un projet de recherche, l&#8217;\u00e9quipe de dat@UBFC peut accompagner les chercheurs dans la r\u00e9daction d&#8217;un plan de gestion de donn\u00e9es (DMP).<\/li><li><strong>collecte et analyse<\/strong> : ces deux \u00e9tapes peuvent \u00eatre r\u00e9alis\u00e9es gr\u00e2ce aux outils informatiques mutualis\u00e9s et mis \u00e0 disposition par le p\u00f4le scientifique du datacenter (serveurs de calcul, outils sp\u00e9cifiques de traitement, simulateurs, <em>etc.<\/em>).<\/li><li><strong>documentation<\/strong> : le service accompagnera les chercheurs dans la description de leurs donn\u00e9es. Cette description des donn\u00e9es sera r\u00e9alis\u00e9e via le portail dat@UBFC.<\/li><li><strong>stockage<\/strong> : l&#8217;infrastructure du datacenter r\u00e9gional pourra r\u00e9aliser la sauvegarde des donn\u00e9es d\u00e9crites dans le portail.<\/li><li><strong>conservation<\/strong> : l&#8217;archivage p\u00e9renne de certaines donn\u00e9es pourra \u00eatre r\u00e9alis\u00e9 ou organis\u00e9 par le datacenter.<\/li><li><strong>exposition<\/strong> : le portail dat@UBFC permettra la recherche et la consultation des donn\u00e9es de recherche de l\u2019ensemble d&#8217;UBFC et la r\u00e9exposition de ces donn\u00e9es sur d\u2019autres portails avec lesquels il sera interop\u00e9rable (DataCite, Isidore, <em>etc.<\/em>).<\/li><li><strong>r\u00e9utilisation<\/strong> : les bonnes pratiques en termes de gestion des donn\u00e9es de la recherche d\u00e8s le d\u00e9but d\u2019un projet ou d\u00e8s la cr\u00e9ation des donn\u00e9es faciliteront leur r\u00e9utilisation.<\/li><\/ul><p>L\u2019infrastructure de donn\u00e9es repose sur :<\/p><ul><li>un portail qui doit permettre aux chercheurs non seulement de d\u00e9crire leurs donn\u00e9es, de les mettre \u00e0 disposition en libre acc\u00e8s mais aussi de les sauvegarder ;<\/li><li>un environnement num\u00e9rique proposant des outils ou services n\u00e9cessaires \u00e0 une bonne gestion des donn\u00e9es, tels que :<ul><li>des outils de simulation et\/ou de calcul pour g\u00e9n\u00e9rer ou traiter les donn\u00e9es des chercheurs ;<\/li><li>la mise \u00e0 disposition de services tels que l\u2019attribution de DOI, la r\u00e9alisation de plans de gestion des donn\u00e9es (DMP de OPIDoR) et l\u2019aide au choix de formats p\u00e9rennes (FACILE du CINES) ;<\/li><li>la sauvegarde et la p\u00e9rennisation des donn\u00e9es gr\u00e2ce \u00e0 la mise en place de services de stockage mutualis\u00e9s mis \u00e0 disposition des chercheurs.<\/li><\/ul><\/li><li>des formations, des guides et des tutoriels, mis \u00e0 disposition des utilisateurs, pour d\u00e9crire les bonnes pratiques de gestion des donn\u00e9es et guider les chercheurs sur des \u00e9l\u00e9ments sp\u00e9cifiques.<\/li><\/ul><div><p><!-- [if gte mso 9]&gt;--><\/p><p><!-- [if gte mso 9]&gt;--><\/p><p>Le portail sera aliment\u00e9 par tous les chercheurs d\u2019UBFC qui pourront d\u00e9crire des donn\u00e9es de nature tr\u00e8s diff\u00e9rentes. Pour assurer la qualit\u00e9, l\u2019homog\u00e9n\u00e9it\u00e9 et la compl\u00e9tude de leur description, il est essentiel que toutes ces informations soient valid\u00e9es par un documentaliste avant leur exposition sur le portail. Une \u00e9quipe d\u2019ing\u00e9nieurs documentalistes (sp\u00e9cialis\u00e9s dans le traitement des donn\u00e9es scientifiques) et d&#8217;ing\u00e9nieurs informaticiens assurera l\u2019accompagnement et le conseil aux chercheurs <em>via<\/em> des rencontres individuelles ou collectives et la mise en place de formations (dans le cadre de l&#8217;\u00e9cole doctorale pour sensibiliser les futurs chercheurs et les inciter \u00e0 d\u00e9crire leurs donn\u00e9es et de la formation permanente). L&#8217;\u00e9quipe proposera \u00e9galement des outils documentaires et des conseils juridiques et aidera les chercheurs \u00e0 g\u00e9rer leurs donn\u00e9es tout au long de leur cycle de vie.<\/p><\/div>\t\t\t\t\t\t\t\t<\/div>\n\t\t\t\t<\/div>\n\t\t\t\t\t<\/div>\n\t\t<\/div>\n\t\t\t\t\t<\/div>\n\t\t<\/section>\n\t\t\t\t<section class=\"elementor-section elementor-top-section elementor-element elementor-element-f43f2fa elementor-section-boxed elementor-section-height-default elementor-section-height-default\" data-id=\"f43f2fa\" data-element_type=\"section\" data-e-type=\"section\">\n\t\t\t\t\t\t<div class=\"elementor-container elementor-column-gap-default\">\n\t\t\t\t\t<div class=\"elementor-column elementor-col-50 elementor-top-column elementor-element elementor-element-8add213\" data-id=\"8add213\" data-element_type=\"column\" data-e-type=\"column\">\n\t\t\t<div class=\"elementor-widget-wrap elementor-element-populated\">\n\t\t\t\t\t\t<div class=\"elementor-element elementor-element-c250b73 elementor-widget elementor-widget-text-editor\" data-id=\"c250b73\" data-element_type=\"widget\" data-e-type=\"widget\" data-widget_type=\"text-editor.default\">\n\t\t\t\t<div class=\"elementor-widget-container\">\n\t\t\t\t\t\t\t\t\t<h2>Une base pr\u00e9existante<\/h2><p>Le <strong>portail dat@OSU<\/strong>, op\u00e9rationnel depuis avril 2016, sera r\u00e9utilis\u00e9 pour concevoir le portail dat@UBFC. Sa structure informatique (code et mod\u00e8le de donn\u00e9es) sera utilis\u00e9e pour d\u00e9finir une \u00ab base \u00bb de portail r\u00e9utilisable \u00e0 l\u2019\u00e9chelle d\u2019UBFC.\u00a0Elle sera interop\u00e9rable avec d\u2019autres portails nationaux et internationaux \u00e0 l\u2019instar du portail de dat@OSU.<\/p><p>La proposition d\u2019outils s\u2019appuiera quant \u00e0 elle sur le <strong>datacenter r\u00e9gional<\/strong>. Celui-ci permettra la mutualisation et la mise \u00e0 disposition d\u2019outils pour la g\u00e9n\u00e9ration, le traitement, le stockage et l\u2019archivage des donn\u00e9es. L\u2019h\u00e9bergement de la solution d\u00e9velopp\u00e9e et d\u00e9ploy\u00e9e sera assur\u00e9 par le datacenter r\u00e9gional.<\/p>\t\t\t\t\t\t\t\t<\/div>\n\t\t\t\t<\/div>\n\t\t\t\t\t<\/div>\n\t\t<\/div>\n\t\t\t\t<div class=\"elementor-column elementor-col-50 elementor-top-column elementor-element elementor-element-1d7fb00\" data-id=\"1d7fb00\" data-element_type=\"column\" data-e-type=\"column\">\n\t\t\t<div class=\"elementor-widget-wrap elementor-element-populated\">\n\t\t\t\t\t\t<div class=\"elementor-element elementor-element-882a153 elementor-widget elementor-widget-text-editor\" data-id=\"882a153\" data-element_type=\"widget\" data-e-type=\"widget\" data-widget_type=\"text-editor.default\">\n\t\t\t\t<div class=\"elementor-widget-container\">\n\t\t\t\t\t\t\t\t\t<h3 style=\"text-align: center\">Dat@OSU<\/h3><p style=\"text-align: justify\">Le projet dat@OSU, port\u00e9 par l\u2019OSU THETA, d\u00e9crit les donn\u00e9es de recherche de ses laboratoires et \u00e9quipes f\u00e9d\u00e9r\u00e9s en se basant sur les standards utilis\u00e9s par la communaut\u00e9 scientifique. Il a \u00e9t\u00e9 ouvert en avril 2016. De nombreuses fiches de description de jeux et de bases de donn\u00e9es ayant trait aussi bien \u00e0 la recherche m\u00e9dicale, la spectroscopie mol\u00e9culaire, l\u2019\u00e9cologie, la biodiversit\u00e9, l\u2019astronomie, la chimie, l\u2019arch\u00e9ologie, la climatologie\u2026 sont disponibles. Ce portail dot\u00e9 d\u2019un moteur de recherche tr\u00e8s \u00e9labor\u00e9 permet la recherche et la consultation des fiches de description des donn\u00e9es, via une interface web ouverte \u00e0 tout public (chercheurs, \u00e9tudiants, d\u00e9cisionnaires, financeurs, grand public, etc.), avec un affichage des r\u00e9sultats de mani\u00e8re g\u00e9olocalis\u00e9e sur une carte du monde. L\u2019interop\u00e9rabilit\u00e9 a \u00e9t\u00e9 mise en place avec un certain nombre de plateformes.<\/p><p><strong>Pour en savoir plus :<\/strong><br \/><strong><a href=\"https:\/\/dataosu.obs-besancon.fr\">https:\/\/dataosu.obs-besancon.fr<\/a><\/strong><\/p>\t\t\t\t\t\t\t\t<\/div>\n\t\t\t\t<\/div>\n\t\t\t\t\t<\/div>\n\t\t<\/div>\n\t\t\t\t\t<\/div>\n\t\t<\/section>\n\t\t\t\t<section class=\"elementor-section elementor-top-section elementor-element elementor-element-e4bc011 elementor-section-boxed elementor-section-height-default elementor-section-height-default\" data-id=\"e4bc011\" data-element_type=\"section\" data-e-type=\"section\">\n\t\t\t\t\t\t<div class=\"elementor-container elementor-column-gap-default\">\n\t\t\t\t\t<div class=\"elementor-column elementor-col-100 elementor-top-column elementor-element elementor-element-3ab5a57\" data-id=\"3ab5a57\" data-element_type=\"column\" data-e-type=\"column\">\n\t\t\t<div class=\"elementor-widget-wrap elementor-element-populated\">\n\t\t\t\t\t\t<div class=\"elementor-element elementor-element-d113174 elementor-widget elementor-widget-text-editor\" data-id=\"d113174\" data-element_type=\"widget\" data-e-type=\"widget\" data-widget_type=\"text-editor.default\">\n\t\t\t\t<div class=\"elementor-widget-container\">\n\t\t\t\t\t\t\t\t\t<h2>Ouverture du portail Bac \u00e0 sable<\/h2><p>Le <a href=\"http:\/\/datasupporter.univ-bfc.fr\/dataubfc\/\">portail Bac \u00e0 sable de dat@UBFC<\/a> a \u00e9t\u00e9 ouvert en juin 2020. Il contient actuellement les fiches de description des donn\u00e9es issues du <a href=\"https:\/\/dataosu.obs-besancon.fr\/\">portail dat@OSU<\/a>, ainsi que celles saisies par les chercheurs d&#8217;UBFC.\u00a0<\/p><p>Ce portail doit permettre aux chercheurs de toutes disciplines de tester l&#8217;outil et faire remonter les besoins qui permettront de faire \u00e9voluer le portail dat@UBFC.\u00a0<\/p><p>Les chercheurs qui souhaitent participer au projet peuvent visiter le portail et\/ou prendre contact avec l&#8217;\u00e9quipe du projet : dataubfc-equipe@ubfc.fr<\/p>\t\t\t\t\t\t\t\t<\/div>\n\t\t\t\t<\/div>\n\t\t\t\t\t<\/div>\n\t\t<\/div>\n\t\t\t\t\t<\/div>\n\t\t<\/section>\n\t\t\t\t<section class=\"elementor-section elementor-top-section elementor-element elementor-element-addffc6 elementor-section-boxed elementor-section-height-default elementor-section-height-default\" data-id=\"addffc6\" data-element_type=\"section\" data-e-type=\"section\">\n\t\t\t\t\t\t<div class=\"elementor-container elementor-column-gap-default\">\n\t\t\t\t\t<div class=\"elementor-column elementor-col-100 elementor-top-column elementor-element elementor-element-f71faca\" data-id=\"f71faca\" data-element_type=\"column\" data-e-type=\"column\">\n\t\t\t<div class=\"elementor-widget-wrap elementor-element-populated\">\n\t\t\t\t\t\t<div class=\"elementor-element elementor-element-1c0b208 elementor-widget elementor-widget-text-editor\" data-id=\"1c0b208\" data-element_type=\"widget\" data-e-type=\"widget\" data-widget_type=\"text-editor.default\">\n\t\t\t\t<div class=\"elementor-widget-container\">\n\t\t\t\t\t\t\t\t\t<p><strong>L&#8217;\u00e9quipe du projet :<\/strong><br \/>Sylvie DAMY, porteur du projet (Chrono-environnement, UFC)<\/p><p>Vincent BOUDON (ICB &#8211; CNRS)<br \/>Fran\u00e7oise CHAMBEFORT (SCD UFC)<br \/>Bernard DEBRAY (UTINAM &#8211; CNRS)<br \/>Jocelyn LEVREY (DSI &#8211; UBFC)<br \/>Rapha\u00ebl MELIOR (OSU THETA &#8211; CNRS)<br \/>Julien PERGAUD (Biog\u00e9osciences &#8211; CNRS)<br \/>Benjamin POHL (Biog\u00e9osciences &#8211; CNRS)<br \/>Francis RAOUL (Chrono-environnement &#8211; UFC)<br \/>Didier REBEIX (DNUM &#8211; UB)<br \/>H\u00e9l\u00e8ne TISSERAND (OSU THETA &#8211; CNRS)<\/p><p><strong>Contact :<\/strong>\u00a0<a href=\"mailto:dataubfc@obs-besancon.fr\">dataubfc@ubfc.fr<\/a><\/p>\t\t\t\t\t\t\t\t<\/div>\n\t\t\t\t<\/div>\n\t\t\t\t\t<\/div>\n\t\t<\/div>\n\t\t\t\t\t<\/div>\n\t\t<\/section>\n\t\t\t\t<\/div>\n\t\t","protected":false},"excerpt":{"rendered":"<p>Le projet dat@UBFC propose la mise en place d&#8217;un service de gestion et de valorisation des donn\u00e9es de la recherche en Bourgogne-Franche-Comt\u00e9. Dans le contexte international d\u2019ouverture des donn\u00e9es de la recherche, ce service permettra d\u2019accompagner les chercheurs pour la gestion de leurs donn\u00e9es, de faciliter le partage des donn\u00e9es via un portail de r\u00e9f\u00e9rencement &hellip; <a href=\"https:\/\/ubfc-preprod.u-bourgogne.fr\/en\/datubfc\/\">Continued<\/a><\/p>\n","protected":false},"author":60,"featured_media":0,"parent":0,"menu_order":26,"comment_status":"closed","ping_status":"closed","template":"","meta":{"footnotes":""},"class_list":["post-50735","page","type-page","status-publish","hentry"],"acf":[],"_links":{"self":[{"href":"https:\/\/ubfc-preprod.u-bourgogne.fr\/en\/wp-json\/wp\/v2\/pages\/50735","targetHints":{"allow":["GET"]}}],"collection":[{"href":"https:\/\/ubfc-preprod.u-bourgogne.fr\/en\/wp-json\/wp\/v2\/pages"}],"about":[{"href":"https:\/\/ubfc-preprod.u-bourgogne.fr\/en\/wp-json\/wp\/v2\/types\/page"}],"author":[{"embeddable":true,"href":"https:\/\/ubfc-preprod.u-bourgogne.fr\/en\/wp-json\/wp\/v2\/users\/60"}],"replies":[{"embeddable":true,"href":"https:\/\/ubfc-preprod.u-bourgogne.fr\/en\/wp-json\/wp\/v2\/comments?post=50735"}],"version-history":[{"count":3,"href":"https:\/\/ubfc-preprod.u-bourgogne.fr\/en\/wp-json\/wp\/v2\/pages\/50735\/revisions"}],"predecessor-version":[{"id":50741,"href":"https:\/\/ubfc-preprod.u-bourgogne.fr\/en\/wp-json\/wp\/v2\/pages\/50735\/revisions\/50741"}],"wp:attachment":[{"href":"https:\/\/ubfc-preprod.u-bourgogne.fr\/en\/wp-json\/wp\/v2\/media?parent=50735"}],"curies":[{"name":"wp","href":"https:\/\/api.w.org\/{rel}","templated":true}]}}