{"id":49949,"date":"2021-02-23T08:48:19","date_gmt":"2021-02-23T07:48:19","guid":{"rendered":"https:\/\/www.ubfc.fr\/?page_id=49949"},"modified":"2021-03-17T10:35:50","modified_gmt":"2021-03-17T09:35:50","slug":"rapports-deliberations-et-verbatims-2021","status":"publish","type":"page","link":"https:\/\/ubfc-preprod.u-bourgogne.fr\/en\/ubfc\/gouvernance\/instances\/conseil-dadministration\/rapports-deliberations-et-verbatims-2021\/","title":{"rendered":"Rapports, d\u00e9lib\u00e9rations et verbatims 2021"},"content":{"rendered":"\t\t<div data-elementor-type=\"wp-page\" data-elementor-id=\"49949\" class=\"elementor elementor-49949\" data-elementor-post-type=\"page\">\n\t\t\t\t\t\t<section class=\"elementor-section elementor-top-section elementor-element elementor-element-43eccf8 elementor-section-boxed elementor-section-height-default elementor-section-height-default\" data-id=\"43eccf8\" data-element_type=\"section\" data-e-type=\"section\">\n\t\t\t\t\t\t<div class=\"elementor-container elementor-column-gap-default\">\n\t\t\t\t\t<div class=\"elementor-column elementor-col-100 elementor-top-column elementor-element elementor-element-e513cef\" data-id=\"e513cef\" data-element_type=\"column\" data-e-type=\"column\">\n\t\t\t<div class=\"elementor-widget-wrap elementor-element-populated\">\n\t\t\t\t\t\t<div class=\"elementor-element elementor-element-65685ce elementor-widget elementor-widget-toggle\" data-id=\"65685ce\" data-element_type=\"widget\" data-e-type=\"widget\" data-widget_type=\"toggle.default\">\n\t\t\t\t<div class=\"elementor-widget-container\">\n\t\t\t\t\t\t\t<div class=\"elementor-toggle\">\n\t\t\t\t\t\t\t<div class=\"elementor-toggle-item\">\n\t\t\t\t\t<div id=\"elementor-tab-title-1061\" class=\"elementor-tab-title\" data-tab=\"1\" role=\"button\" aria-controls=\"elementor-tab-content-1061\" aria-expanded=\"false\">\n\t\t\t\t\t\t\t\t\t\t\t\t<span class=\"elementor-toggle-icon elementor-toggle-icon-left\" aria-hidden=\"true\">\n\t\t\t\t\t\t\t\t\t\t\t\t\t\t\t<span class=\"elementor-toggle-icon-closed\"><i class=\"fas fa-caret-right\"><\/i><\/span>\n\t\t\t\t\t\t\t\t<span class=\"elementor-toggle-icon-opened\"><i class=\"elementor-toggle-icon-opened fas fa-caret-up\"><\/i><\/span>\n\t\t\t\t\t\t\t\t\t\t\t\t\t<\/span>\n\t\t\t\t\t\t\t\t\t\t\t\t<a class=\"elementor-toggle-title\" tabindex=\"0\">Conseil d'administration du 11 mars 2021<\/a>\n\t\t\t\t\t<\/div>\n\n\t\t\t\t\t<div id=\"elementor-tab-content-1061\" class=\"elementor-tab-content elementor-clearfix\" data-tab=\"1\" role=\"region\" aria-labelledby=\"elementor-tab-title-1061\"><p><a href=\"https:\/\/www.ubfc.fr\/wp-content\/uploads\/2021\/03\/DELIB_2021_CA.17_Approbation_verbatim_CA28012021.pdf\">D\u00e9lib\u00e9ration n\u00b017 : Approbation verbatim CA 28.01.2021<\/a><br \/><a href=\"https:\/\/www.ubfc.fr\/wp-content\/uploads\/2021\/03\/DELIB_2021_CA.18_Compte-financier-2020.pdf\">D\u00e9lib\u00e9ration n\u00b018 : Compte financier 2020<\/a><br \/><a href=\"https:\/\/www.ubfc.fr\/wp-content\/uploads\/2021\/03\/DELIB_2021_CA.19_Convention-UBFC-EM-UMR-CNRS.pdf\">D\u00e9lib\u00e9ration n\u00b019 : Convention UBFC-EM (UMR CNRS)<\/a><br \/><a href=\"https:\/\/www.ubfc.fr\/wp-content\/uploads\/2021\/03\/DELIB_2021_CA.20_Soutien-aux-doctorants-en-difficult\u00e9s.pdf\">D\u00e9lib\u00e9ration n\u00b020 : Soutien aux doctorants en difficult\u00e9s<\/a><br \/><a href=\"https:\/\/www.ubfc.fr\/wp-content\/uploads\/2021\/03\/INF_2021_CA.01_Am\u00e9lioration-de-lattractivit\u00e9-du-site-universitaire-d\u00e9bat.pdf\">Information n\u00b001 : Am\u00e9lioration de l&#8217;attractivit\u00e9 du site universitaire d\u00e9bat<\/a><\/p><\/div>\n\t\t\t\t<\/div>\n\t\t\t\t\t\t\t<div class=\"elementor-toggle-item\">\n\t\t\t\t\t<div id=\"elementor-tab-title-1062\" class=\"elementor-tab-title\" data-tab=\"2\" role=\"button\" aria-controls=\"elementor-tab-content-1062\" aria-expanded=\"false\">\n\t\t\t\t\t\t\t\t\t\t\t\t<span class=\"elementor-toggle-icon elementor-toggle-icon-left\" aria-hidden=\"true\">\n\t\t\t\t\t\t\t\t\t\t\t\t\t\t\t<span class=\"elementor-toggle-icon-closed\"><i class=\"fas fa-caret-right\"><\/i><\/span>\n\t\t\t\t\t\t\t\t<span class=\"elementor-toggle-icon-opened\"><i class=\"elementor-toggle-icon-opened fas fa-caret-up\"><\/i><\/span>\n\t\t\t\t\t\t\t\t\t\t\t\t\t<\/span>\n\t\t\t\t\t\t\t\t\t\t\t\t<a class=\"elementor-toggle-title\" tabindex=\"0\">Conseil d'administration du 28 janvier 2021<\/a>\n\t\t\t\t\t<\/div>\n\n\t\t\t\t\t<div id=\"elementor-tab-content-1062\" class=\"elementor-tab-content elementor-clearfix\" data-tab=\"2\" role=\"region\" aria-labelledby=\"elementor-tab-title-1062\"><p><a href=\"https:\/\/www.ubfc.fr\/wp-content\/uploads\/2021\/02\/DELIB_2021_CA.04_Approbation_verbatim_CA14012021.pdf\">D\u00e9lib\u00e9ration n\u00b004 : Approbation verbatim CA 14\/01\/2021<\/a><br \/><a href=\"https:\/\/www.ubfc.fr\/wp-content\/uploads\/2021\/02\/DELIB_2021_CA.05_Election_VP_Num\u00e9rique.pdf\">D\u00e9lib\u00e9ration n\u00b005 : \u00c9lection VP Num\u00e9rique<\/a><br \/><a href=\"https:\/\/www.ubfc.fr\/wp-content\/uploads\/2021\/02\/DELIB_2021_CA.06_D\u00e9signation_VPd\u00e9l\u00e9gu\u00e9s.pdf\">D\u00e9lib\u00e9ration n\u00b006 : D\u00e9signation VP d\u00e9l\u00e9gu\u00e9s<\/a><br \/><a href=\"https:\/\/www.ubfc.fr\/wp-content\/uploads\/2021\/02\/DELIB_2021_CA.07_Primes_charges_administratives_2020-2021.pdf\">D\u00e9lib\u00e9ration n\u00b007 : Primes charges administratives 2020-2021<\/a><br \/><a href=\"https:\/\/www.ubfc.fr\/wp-content\/uploads\/2021\/02\/DELIB_2021_CA.08_Autorisation_verser_avance_remboursable_personnelsUBFC_retard_paiementsalaire.pdf\">D\u00e9lib\u00e9ration n\u00b008 : Autorisation verser avance remboursable\u00a0 personnels UBFC retard paiement salaire<\/a><br \/><a href=\"https:\/\/www.ubfc.fr\/wp-content\/uploads\/2021\/02\/DELIB_2021_CA.09_Droits_inscription_\u00e9tudiants_extra-communautaires_modalit\u00e9s_exon\u00e9ration.pdf\">D\u00e9lib\u00e9ration n\u00b009 : Droits inscription \u00e9tudiants extra-communautaires modalit\u00e9s exon\u00e9ration<\/a><br \/><a href=\"https:\/\/www.ubfc.fr\/wp-content\/uploads\/2021\/02\/DELIB_2021_CA.10_Prix_sp\u00e9cial_\u00e9tudiante_concours_initiative_f\u00e9minin.pdf\">D\u00e9lib\u00e9ration n\u00b010 : Prix sp\u00e9cial \u00e9tudiante concours initiative f\u00e9minin<\/a> <a href=\"https:\/\/www.ubfc.fr\/wp-content\/uploads\/2021\/02\/DELIB_2021_CA.11_Commission_attribution_bourses_ERASMUS.pdf\">D\u00e9lib\u00e9ration n\u00b011 : Commission attribution bourses ERASMUS+<\/a><br \/><a href=\"https:\/\/www.ubfc.fr\/wp-content\/uploads\/2021\/02\/DELIB_2021_CA.12_Adh\u00e9sion-EUA.pdf\">D\u00e9lib\u00e9ration n\u00b012 : Adh\u00e9sion EUA<\/a><br \/><a href=\"https:\/\/www.ubfc.fr\/wp-content\/uploads\/2021\/02\/DELIB_2021_CA.13_Validation_phae2_r\u00e9ponse_juryISITE.pdf\">D\u00e9lib\u00e9ration n\u00b013 : Validation phae2 r\u00e9ponse jury ISITE<\/a><br \/><a href=\"https:\/\/www.ubfc.fr\/wp-content\/uploads\/2021\/02\/DELIB_2021_CA.14_Dde_cofinancement_FEDER_AAP_Recherche_EIPHI2021.pdf\">D\u00e9lib\u00e9ration n\u00b014 : Demande cofinancement FEDER AAP Recherche EIPHI2021<\/a><br \/><a href=\"https:\/\/www.ubfc.fr\/wp-content\/uploads\/2021\/02\/DELIB_2021_CA.15_Dde_cofinancement_FEDER_AAP_Recherche_LipSTIC2021.pdf\">D\u00e9lib\u00e9ration n\u00b015 : Demande cofinancement FEDER AAP Recherche LipSTIC2021<\/a><br \/><a href=\"https:\/\/www.ubfc.fr\/wp-content\/uploads\/2021\/02\/DELIB_2021_CA.16_Dde_cofinancement_FEDER_projet_ANR_OCTANE.pdf\">D\u00e9lib\u00e9ration n\u00b016 : Demande cofinancement FEDER projet ANR OCTANE<\/a><\/p><\/div>\n\t\t\t\t<\/div>\n\t\t\t\t\t\t\t<div class=\"elementor-toggle-item\">\n\t\t\t\t\t<div id=\"elementor-tab-title-1063\" class=\"elementor-tab-title\" data-tab=\"3\" role=\"button\" aria-controls=\"elementor-tab-content-1063\" aria-expanded=\"false\">\n\t\t\t\t\t\t\t\t\t\t\t\t<span class=\"elementor-toggle-icon elementor-toggle-icon-left\" aria-hidden=\"true\">\n\t\t\t\t\t\t\t\t\t\t\t\t\t\t\t<span class=\"elementor-toggle-icon-closed\"><i class=\"fas fa-caret-right\"><\/i><\/span>\n\t\t\t\t\t\t\t\t<span class=\"elementor-toggle-icon-opened\"><i class=\"elementor-toggle-icon-opened fas fa-caret-up\"><\/i><\/span>\n\t\t\t\t\t\t\t\t\t\t\t\t\t<\/span>\n\t\t\t\t\t\t\t\t\t\t\t\t<a class=\"elementor-toggle-title\" tabindex=\"0\">Conseil d'administration du 14 janvier 2021<\/a>\n\t\t\t\t\t<\/div>\n\n\t\t\t\t\t<div id=\"elementor-tab-content-1063\" class=\"elementor-tab-content elementor-clearfix\" data-tab=\"3\" role=\"region\" aria-labelledby=\"elementor-tab-title-1063\"><p><a href=\"https:\/\/www.ubfc.fr\/wp-content\/uploads\/2021\/02\/DELIB_2021_CA.01_Approbation_verbatim_CA10122020.pdf\">D\u00e9lib\u00e9ration n\u00b001 : Approbation du verbatim du Conseil d&#8217;administration du <span id=\"OBJ_PREFIX_DWT7121_com_zimbra_date\" class=\"Object\" role=\"link\"><span id=\"OBJ_PREFIX_DWT7126_com_zimbra_date\" class=\"Object\" role=\"link\">10 d\u00e9cembre 2020<\/span><\/span><\/a><br \/><a href=\"https:\/\/www.ubfc.fr\/wp-content\/uploads\/2021\/02\/RAPPORT_N\u00b01_Approbation_verbatim_CA10122020.pdf\">-&gt; Verbatim du <span id=\"OBJ_PREFIX_DWT7122_com_zimbra_date\" class=\"Object\" role=\"link\"><span id=\"OBJ_PREFIX_DWT7127_com_zimbra_date\" class=\"Object\" role=\"link\">10 d\u00e9cembre 2020<\/span><\/span><\/a><br \/><a href=\"https:\/\/www.ubfc.fr\/wp-content\/uploads\/2021\/02\/DELIB_2021_CA.02_Approbation_verbatim_CA17122020.pdf\">D\u00e9lib\u00e9ration n\u00b002 : Approbation du verbatim du Conseil d&#8217;administration du <span id=\"OBJ_PREFIX_DWT7123_com_zimbra_date\" class=\"Object\" role=\"link\"><span id=\"OBJ_PREFIX_DWT7128_com_zimbra_date\" class=\"Object\" role=\"link\">17 d\u00e9cembre 2020<\/span><\/span><\/a> <br \/><a href=\"https:\/\/www.ubfc.fr\/wp-content\/uploads\/2021\/02\/RAPPORT_N\u00b02_Approbation_verbatim_CA17122020.pdf\">-&gt; Verbatim du <span id=\"OBJ_PREFIX_DWT7124_com_zimbra_date\" class=\"Object\" role=\"link\"><span id=\"OBJ_PREFIX_DWT7129_com_zimbra_date\" class=\"Object\" role=\"link\">17 d\u00e9cembre 2020<\/span><\/span><\/a><br \/><a href=\"https:\/\/www.ubfc.fr\/wp-content\/uploads\/2021\/02\/DELIB_2021_CA.03_BI2021.pdf\">D\u00e9lib\u00e9ration n\u00b003 : Approbation du budget initial 2021<\/a><br \/><a href=\"https:\/\/www.ubfc.fr\/wp-content\/uploads\/2021\/02\/RAPPORT_N\u00b03_Budget_initial_2021.pdf\">-&gt; Rapport pr\u00e9paratoire<\/a><\/p><\/div>\n\t\t\t\t<\/div>\n\t\t\t\t\t\t\t\t<\/div>\n\t\t\t\t\t\t<\/div>\n\t\t\t\t<\/div>\n\t\t\t\t\t<\/div>\n\t\t<\/div>\n\t\t\t\t\t<\/div>\n\t\t<\/section>\n\t\t\t\t<\/div>\n\t\t","protected":false},"excerpt":{"rendered":"<p>Conseil d&#8217;administration du 11 mars 2021 D\u00e9lib\u00e9ration n\u00b017 : Approbation verbatim CA 28.01.2021D\u00e9lib\u00e9ration n\u00b018 : Compte financier 2020D\u00e9lib\u00e9ration n\u00b019 : Convention UBFC-EM (UMR CNRS)D\u00e9lib\u00e9ration n\u00b020 : Soutien aux doctorants en difficult\u00e9sInformation n\u00b001 : Am\u00e9lioration de l&rsquo;attractivit\u00e9 du site universitaire d\u00e9bat Conseil d&#8217;administration du 28 janvier 2021 D\u00e9lib\u00e9ration n\u00b004 : Approbation verbatim CA 14\/01\/2021D\u00e9lib\u00e9ration n\u00b005 : &hellip; <a href=\"https:\/\/ubfc-preprod.u-bourgogne.fr\/en\/ubfc\/gouvernance\/instances\/conseil-dadministration\/rapports-deliberations-et-verbatims-2021\/\">Continued<\/a><\/p>\n","protected":false},"author":18,"featured_media":0,"parent":44653,"menu_order":28,"comment_status":"closed","ping_status":"closed","template":"","meta":{"footnotes":""},"class_list":["post-49949","page","type-page","status-publish","hentry"],"acf":[],"_links":{"self":[{"href":"https:\/\/ubfc-preprod.u-bourgogne.fr\/en\/wp-json\/wp\/v2\/pages\/49949","targetHints":{"allow":["GET"]}}],"collection":[{"href":"https:\/\/ubfc-preprod.u-bourgogne.fr\/en\/wp-json\/wp\/v2\/pages"}],"about":[{"href":"https:\/\/ubfc-preprod.u-bourgogne.fr\/en\/wp-json\/wp\/v2\/types\/page"}],"author":[{"embeddable":true,"href":"https:\/\/ubfc-preprod.u-bourgogne.fr\/en\/wp-json\/wp\/v2\/users\/18"}],"replies":[{"embeddable":true,"href":"https:\/\/ubfc-preprod.u-bourgogne.fr\/en\/wp-json\/wp\/v2\/comments?post=49949"}],"version-history":[{"count":4,"href":"https:\/\/ubfc-preprod.u-bourgogne.fr\/en\/wp-json\/wp\/v2\/pages\/49949\/revisions"}],"predecessor-version":[{"id":51991,"href":"https:\/\/ubfc-preprod.u-bourgogne.fr\/en\/wp-json\/wp\/v2\/pages\/49949\/revisions\/51991"}],"up":[{"embeddable":true,"href":"https:\/\/ubfc-preprod.u-bourgogne.fr\/en\/wp-json\/wp\/v2\/pages\/44653"}],"wp:attachment":[{"href":"https:\/\/ubfc-preprod.u-bourgogne.fr\/en\/wp-json\/wp\/v2\/media?parent=49949"}],"curies":[{"name":"wp","href":"https:\/\/api.w.org\/{rel}","templated":true}]}}