{"id":48605,"date":"2020-11-04T16:00:58","date_gmt":"2020-11-04T15:00:58","guid":{"rendered":"https:\/\/www.ubfc.fr\/?page_id=48605"},"modified":"2020-11-04T16:29:07","modified_gmt":"2020-11-04T15:29:07","slug":"ncu-ritm-bfc","status":"publish","type":"page","link":"https:\/\/ubfc-preprod.u-bourgogne.fr\/en\/recherche\/projets-de-recherche\/pia\/ncu-ritm-bfc\/","title":{"rendered":"NCU RITM-BFC"},"content":{"rendered":"\t\t<div data-elementor-type=\"wp-page\" data-elementor-id=\"48605\" class=\"elementor elementor-48605\" data-elementor-post-type=\"page\">\n\t\t\t\t\t\t<section class=\"elementor-section elementor-top-section elementor-element elementor-element-f6948e4 elementor-section-boxed elementor-section-height-default elementor-section-height-default\" data-id=\"f6948e4\" data-element_type=\"section\" data-e-type=\"section\">\n\t\t\t\t\t\t<div class=\"elementor-container elementor-column-gap-default\">\n\t\t\t\t\t<div class=\"elementor-column elementor-col-100 elementor-top-column elementor-element elementor-element-244b548\" data-id=\"244b548\" data-element_type=\"column\" data-e-type=\"column\">\n\t\t\t<div class=\"elementor-widget-wrap elementor-element-populated\">\n\t\t\t\t\t\t<div class=\"elementor-element elementor-element-2e1d904 elementor-widget elementor-widget-text-editor\" data-id=\"2e1d904\" data-element_type=\"widget\" data-e-type=\"widget\" data-widget_type=\"text-editor.default\">\n\t\t\t\t<div class=\"elementor-widget-container\">\n\t\t\t\t\t\t\t\t\t<p><strong><span style=\"font-size: 18pt\"><br \/>Nouveaux Cursus \u00e0 l\u2019Universit\u00e9 pour R\u00e9ussir &#8211; Innover &#8211; Transformer &#8211; Mobiliser en Bourgogne-Franche-Comt\u00e9<\/span><\/strong><\/p>\t\t\t\t\t\t\t\t<\/div>\n\t\t\t\t<\/div>\n\t\t\t\t\t<\/div>\n\t\t<\/div>\n\t\t\t\t\t<\/div>\n\t\t<\/section>\n\t\t\t\t<section class=\"elementor-section elementor-top-section elementor-element elementor-element-eb1713d elementor-section-boxed elementor-section-height-default elementor-section-height-default\" data-id=\"eb1713d\" data-element_type=\"section\" data-e-type=\"section\">\n\t\t\t\t\t\t<div class=\"elementor-container elementor-column-gap-default\">\n\t\t\t\t\t<div class=\"elementor-column elementor-col-66 elementor-top-column elementor-element elementor-element-d869fd1\" data-id=\"d869fd1\" data-element_type=\"column\" data-e-type=\"column\">\n\t\t\t<div class=\"elementor-widget-wrap elementor-element-populated\">\n\t\t\t\t\t\t<div class=\"elementor-element elementor-element-fabfa23 elementor-widget elementor-widget-text-editor\" data-id=\"fabfa23\" data-element_type=\"widget\" data-e-type=\"widget\" data-widget_type=\"text-editor.default\">\n\t\t\t\t<div class=\"elementor-widget-container\">\n\t\t\t\t\t\t\t\t\t<p>Le projet RITM-BFC a pour objectif de <strong>favoriser et d\u2019am\u00e9liorer la r\u00e9ussite des \u00e9tudiants<\/strong>.<\/p><p>Il est le fruit d\u2019un appel \u00e0 projet lanc\u00e9 dans le cadre du troisi\u00e8me Programme d\u2019investissement d\u2019avenir (PIA 3) \u00ab Nouveaux cursus \u00e0 l\u2019universit\u00e9 (NCU) \u00bb ayant pour objectif d\u2019<strong>assurer une meilleure r\u00e9ussite en premier cycle<\/strong> par une diversification des formations, adapt\u00e9e \u00e0 la pluralit\u00e9 des publics accueillis.<\/p><p>RITM-BFC est un outil destin\u00e9 aux responsables de formations et aux \u00e9quipes p\u00e9dagogiques pour les aider \u00e0 <strong>faire de la r\u00e9ussite \u00e9tudiante pour tous un enjeu majeur<\/strong>.<\/p><p>Il s\u2019inscrit sur 10 ans et pr\u00e9sente deux priorit\u00e9s :<\/p><ul><li><strong>construire des dispositifs plus individualis\u00e9s<\/strong> de r\u00e9ussite en Licence et mieux pr\u00e9parer \u00e0 l\u2019insertion professionnelle,<\/li><li><strong>d\u00e9velopper la formation<\/strong> tout au long de la vie.<\/li><\/ul><p>Pour r\u00e9pondre \u00e0 ces priorit\u00e9s, des actions embl\u00e9matiques et des actions prospectives sous forme d\u2019appels \u00e0 projets seront propos\u00e9es aux acteurs de la formation.<\/p><p>RITM-BFC vise \u00e0 encourager les initiatives et soutenir les \u00e9quipes p\u00e9dagogiques. C\u2019est un projet ouvert sur le territoire et les partenariats institutionnels et socio-\u00e9conomiques.<\/p><p>Au c\u0153ur des projets innovants, UBFC accompagne la formation et la recherche pour faire de la Bourgogne-Franche-Comt\u00e9 un site visible et attractif.<\/p><p><a href=\"http:\/\/www.ubfc.fr\/wp-content\/uploads\/2019\/05\/Flyer_RITM-BFC_Mise\u00e0jourMAI2019_VERSION_SITEINTERNET-2-compress\u00e9.pdf\" target=\"_blank\" rel=\"noopener\"><strong>T\u00e9l\u00e9charger la plaquette RITM-BFC<\/strong><\/a><\/p>\t\t\t\t\t\t\t\t<\/div>\n\t\t\t\t<\/div>\n\t\t\t\t\t<\/div>\n\t\t<\/div>\n\t\t\t\t<div class=\"elementor-column elementor-col-33 elementor-top-column elementor-element elementor-element-3177498\" data-id=\"3177498\" data-element_type=\"column\" data-e-type=\"column\">\n\t\t\t<div class=\"elementor-widget-wrap elementor-element-populated\">\n\t\t\t\t\t\t<div class=\"elementor-element elementor-element-9ee7b3c elementor-widget elementor-widget-image\" data-id=\"9ee7b3c\" data-element_type=\"widget\" data-e-type=\"widget\" data-widget_type=\"image.default\">\n\t\t\t\t<div class=\"elementor-widget-container\">\n\t\t\t\t\t\t\t\t\t\t\t\t\t\t\t<img decoding=\"async\" width=\"300\" height=\"164\" src=\"https:\/\/ubfc-preprod.u-bourgogne.fr\/wp-content\/uploads\/2018\/10\/RITM-BFC-300x164.jpg\" class=\"attachment-medium size-medium wp-image-21219\" alt=\"\" srcset=\"https:\/\/ubfc-preprod.u-bourgogne.fr\/wp-content\/uploads\/2018\/10\/RITM-BFC-300x164.jpg 300w, https:\/\/ubfc-preprod.u-bourgogne.fr\/wp-content\/uploads\/2018\/10\/RITM-BFC-768x419.jpg 768w, https:\/\/ubfc-preprod.u-bourgogne.fr\/wp-content\/uploads\/2018\/10\/RITM-BFC-1024x559.jpg 1024w, https:\/\/ubfc-preprod.u-bourgogne.fr\/wp-content\/uploads\/2018\/10\/RITM-BFC.jpg 1363w\" sizes=\"(max-width: 300px) 100vw, 300px\" \/>\t\t\t\t\t\t\t\t\t\t\t\t\t\t\t<\/div>\n\t\t\t\t<\/div>\n\t\t\t\t<div class=\"elementor-element elementor-element-1822442 elementor-widget elementor-widget-text-editor\" data-id=\"1822442\" data-element_type=\"widget\" data-e-type=\"widget\" data-widget_type=\"text-editor.default\">\n\t\t\t\t<div class=\"elementor-widget-container\">\n\t\t\t\t\t\t\t\t\t<h3><span style=\"color: #cc2e6d\"><strong>Retrouvez toute l&#8217;activit\u00e9 de RITM-BFC :<\/strong><\/span><\/h3><p style=\"padding-left: 40px\"><strong>\u21d2 Appels \u00e0 projets (AAP)<\/strong><\/p><p style=\"padding-left: 40px\"><strong>\u21d2 Appels \u00e0 candidatures (AAC)<\/strong><\/p><p style=\"padding-left: 40px\"><strong>\u21d2 Liste des projets financ\u00e9s par RITM-BFC<\/strong><\/p><p style=\"padding-left: 40px\"><strong>\u21d2 Bourses de mobilit\u00e9 \u00e0 l&#8217;\u00e9tranger<\/strong><\/p><p style=\"padding-left: 40px\"><strong>\u21d2 Open Badges<\/strong><\/p><p style=\"padding-left: 40px\"><strong>\u21d2 Open Class<\/strong><\/p><p style=\"padding-left: 40px\"><strong>\u21d2 Actualit\u00e9s et vie du r\u00e9seau<\/strong><\/p>\t\t\t\t\t\t\t\t<\/div>\n\t\t\t\t<\/div>\n\t\t\t\t\t<\/div>\n\t\t<\/div>\n\t\t\t\t\t<\/div>\n\t\t<\/section>\n\t\t\t\t<section class=\"elementor-section elementor-top-section elementor-element elementor-element-1df4f7b elementor-section-boxed elementor-section-height-default elementor-section-height-default\" data-id=\"1df4f7b\" data-element_type=\"section\" data-e-type=\"section\">\n\t\t\t\t\t\t<div class=\"elementor-container elementor-column-gap-default\">\n\t\t\t\t\t<div class=\"elementor-column elementor-col-100 elementor-top-column elementor-element elementor-element-95ae960\" data-id=\"95ae960\" data-element_type=\"column\" data-e-type=\"column\">\n\t\t\t<div class=\"elementor-widget-wrap elementor-element-populated\">\n\t\t\t\t\t\t\t<\/div>\n\t\t<\/div>\n\t\t\t\t\t<\/div>\n\t\t<\/section>\n\t\t\t\t<section class=\"elementor-section elementor-top-section elementor-element elementor-element-e11a2c0 elementor-section-boxed elementor-section-height-default elementor-section-height-default\" data-id=\"e11a2c0\" data-element_type=\"section\" data-e-type=\"section\">\n\t\t\t\t\t\t<div class=\"elementor-container elementor-column-gap-default\">\n\t\t\t\t\t<div class=\"elementor-column elementor-col-100 elementor-top-column elementor-element elementor-element-9a7f3ef\" data-id=\"9a7f3ef\" data-element_type=\"column\" data-e-type=\"column\">\n\t\t\t<div class=\"elementor-widget-wrap elementor-element-populated\">\n\t\t\t\t\t\t<div class=\"elementor-element elementor-element-c0c3c29 elementor-widget elementor-widget-text-editor\" data-id=\"c0c3c29\" data-element_type=\"widget\" data-e-type=\"widget\" data-widget_type=\"text-editor.default\">\n\t\t\t\t<div class=\"elementor-widget-container\">\n\t\t\t\t\t\t\t\t\t<h2>Six leviers de transformation<\/h2><p>RITM-BFC va agir \u00e0 diff\u00e9rents niveaux :<\/p>\t\t\t\t\t\t\t\t<\/div>\n\t\t\t\t<\/div>\n\t\t\t\t\t<\/div>\n\t\t<\/div>\n\t\t\t\t\t<\/div>\n\t\t<\/section>\n\t\t\t\t<section class=\"elementor-section elementor-top-section elementor-element elementor-element-b3e9dce elementor-section-boxed elementor-section-height-default elementor-section-height-default\" data-id=\"b3e9dce\" data-element_type=\"section\" data-e-type=\"section\">\n\t\t\t\t\t\t<div class=\"elementor-container elementor-column-gap-default\">\n\t\t\t\t\t<div class=\"elementor-column elementor-col-50 elementor-top-column elementor-element elementor-element-4290f6e\" data-id=\"4290f6e\" data-element_type=\"column\" data-e-type=\"column\">\n\t\t\t<div class=\"elementor-widget-wrap elementor-element-populated\">\n\t\t\t\t\t\t<div class=\"elementor-element elementor-element-13648df elementor-widget elementor-widget-toggle\" data-id=\"13648df\" data-element_type=\"widget\" data-e-type=\"widget\" data-widget_type=\"toggle.default\">\n\t\t\t\t<div class=\"elementor-widget-container\">\n\t\t\t\t\t\t\t<div class=\"elementor-toggle\">\n\t\t\t\t\t\t\t<div class=\"elementor-toggle-item\">\n\t\t\t\t\t<div id=\"elementor-tab-title-2031\" class=\"elementor-tab-title\" data-tab=\"1\" role=\"button\" aria-controls=\"elementor-tab-content-2031\" aria-expanded=\"false\">\n\t\t\t\t\t\t\t\t\t\t\t\t<span class=\"elementor-toggle-icon elementor-toggle-icon-left\" aria-hidden=\"true\">\n\t\t\t\t\t\t\t\t\t\t\t\t\t\t\t<span class=\"elementor-toggle-icon-closed\"><i class=\"fas fa-caret-right\"><\/i><\/span>\n\t\t\t\t\t\t\t\t<span class=\"elementor-toggle-icon-opened\"><i class=\"elementor-toggle-icon-opened fas fa-caret-up\"><\/i><\/span>\n\t\t\t\t\t\t\t\t\t\t\t\t\t<\/span>\n\t\t\t\t\t\t\t\t\t\t\t\t<a class=\"elementor-toggle-title\" tabindex=\"0\">Levier 1 - Dispositifs pour une meilleure orientation et r\u00e9ussite \u00e0 l'entr\u00e9e dans le sup\u00e9rieur<\/a>\n\t\t\t\t\t<\/div>\n\n\t\t\t\t\t<div id=\"elementor-tab-content-2031\" class=\"elementor-tab-content elementor-clearfix\" data-tab=\"1\" role=\"region\" aria-labelledby=\"elementor-tab-title-2031\"><p>Mise en place de parcours d&#8217;int\u00e9gration de 7 jours lors de l&#8217;entr\u00e9e \u00e0 l&#8217;universit\u00e9 avec des ateliers de rencontres entre les \u00e9quipes p\u00e9dagogiques, les laboratoires et les entreprises ainsi qu&#8217;un accompagnement personnalis\u00e9.<\/p><p><strong>Pilotes :<\/strong><\/p><ul><li>Christelle SERRE-CHAUSSINAND<br \/>Vice-pr\u00e9sidente d\u00e9l\u00e9gu\u00e9e en charge du cycle licence<br \/>Universit\u00e9 de Bourgogne<\/li><li>Karin MONNIER-JOBE<br \/>Directrice du service Orientation, stage, emploi (OSE)<br \/>Universit\u00e9 de Franche-Comt\u00e9<\/li><\/ul><\/div>\n\t\t\t\t<\/div>\n\t\t\t\t\t\t\t<div class=\"elementor-toggle-item\">\n\t\t\t\t\t<div id=\"elementor-tab-title-2032\" class=\"elementor-tab-title\" data-tab=\"2\" role=\"button\" aria-controls=\"elementor-tab-content-2032\" aria-expanded=\"false\">\n\t\t\t\t\t\t\t\t\t\t\t\t<span class=\"elementor-toggle-icon elementor-toggle-icon-left\" aria-hidden=\"true\">\n\t\t\t\t\t\t\t\t\t\t\t\t\t\t\t<span class=\"elementor-toggle-icon-closed\"><i class=\"fas fa-caret-right\"><\/i><\/span>\n\t\t\t\t\t\t\t\t<span class=\"elementor-toggle-icon-opened\"><i class=\"elementor-toggle-icon-opened fas fa-caret-up\"><\/i><\/span>\n\t\t\t\t\t\t\t\t\t\t\t\t\t<\/span>\n\t\t\t\t\t\t\t\t\t\t\t\t<a class=\"elementor-toggle-title\" tabindex=\"0\">Levier 2 - Int\u00e9gration de parcours diff\u00e9renci\u00e9s, ouverts sur la soci\u00e9t\u00e9<\/a>\n\t\t\t\t\t<\/div>\n\n\t\t\t\t\t<div id=\"elementor-tab-content-2032\" class=\"elementor-tab-content elementor-clearfix\" data-tab=\"2\" role=\"region\" aria-labelledby=\"elementor-tab-title-2032\"><p>Mise en place et proposition d&#8217;unit\u00e9s d&#8217;enseignement (UE) transversales sur 4 axes : citoyennet\u00e9, comp\u00e9tences sociales, sensibilisation \u00e0 la recherche et entrepreneuriat.<\/p><p><strong>Pilotes :<\/strong><\/p><ul><li>Pierre ANCET<br \/>Vice-pr\u00e9sident d\u00e9l\u00e9gu\u00e9 aux politiques culturelles<br \/>Universit\u00e9 de Bourgogne<\/li><li>Claire DUPOUET<br \/>Vice-Pr\u00e9sidente charg\u00e9e des politiques culturelles<br \/>Universit\u00e9 de Franche-Comt\u00e9<\/li><\/ul><\/div>\n\t\t\t\t<\/div>\n\t\t\t\t\t\t\t<div class=\"elementor-toggle-item\">\n\t\t\t\t\t<div id=\"elementor-tab-title-2033\" class=\"elementor-tab-title\" data-tab=\"3\" role=\"button\" aria-controls=\"elementor-tab-content-2033\" aria-expanded=\"false\">\n\t\t\t\t\t\t\t\t\t\t\t\t<span class=\"elementor-toggle-icon elementor-toggle-icon-left\" aria-hidden=\"true\">\n\t\t\t\t\t\t\t\t\t\t\t\t\t\t\t<span class=\"elementor-toggle-icon-closed\"><i class=\"fas fa-caret-right\"><\/i><\/span>\n\t\t\t\t\t\t\t\t<span class=\"elementor-toggle-icon-opened\"><i class=\"elementor-toggle-icon-opened fas fa-caret-up\"><\/i><\/span>\n\t\t\t\t\t\t\t\t\t\t\t\t\t<\/span>\n\t\t\t\t\t\t\t\t\t\t\t\t<a class=\"elementor-toggle-title\" tabindex=\"0\">Levier 3 - Renforcement des liens formation-recherche<\/a>\n\t\t\t\t\t<\/div>\n\n\t\t\t\t\t<div id=\"elementor-tab-content-2033\" class=\"elementor-tab-content elementor-clearfix\" data-tab=\"3\" role=\"region\" aria-labelledby=\"elementor-tab-title-2033\"><p>Stages en laboratoire avec tutorats de master, doctorat. Appels \u00e0 projets pour la cr\u00e9ation d&#8217;Open-lab, pour des projets p\u00e9dagogiques de valorisation formation-recherche. Aide \u00e0 des missions internationales pour les \u00e9tudiants.<\/p><p><strong>Pilotes :<\/strong><\/p><ul><li>Maxime JACQUOT<br \/>Responsable scientifique CMI-Figure<br \/>Universit\u00e9 de Franche-Comt\u00e9<\/li><li>Fr\u00e9d\u00e9ric HOLWECK<br \/>Vice-pr\u00e9sident du Conseil des \u00e9tudes et de la vie universitaire<br \/>Universit\u00e9 Technologique Belfort-Montb\u00e9liard (UTBM)<\/li><\/ul><\/div>\n\t\t\t\t<\/div>\n\t\t\t\t\t\t\t\t<\/div>\n\t\t\t\t\t\t<\/div>\n\t\t\t\t<\/div>\n\t\t\t\t\t<\/div>\n\t\t<\/div>\n\t\t\t\t<div class=\"elementor-column elementor-col-50 elementor-top-column elementor-element elementor-element-6a1cee6\" data-id=\"6a1cee6\" data-element_type=\"column\" data-e-type=\"column\">\n\t\t\t<div class=\"elementor-widget-wrap elementor-element-populated\">\n\t\t\t\t\t\t<div class=\"elementor-element elementor-element-52cc5e3 elementor-widget elementor-widget-toggle\" data-id=\"52cc5e3\" data-element_type=\"widget\" data-e-type=\"widget\" data-widget_type=\"toggle.default\">\n\t\t\t\t<div class=\"elementor-widget-container\">\n\t\t\t\t\t\t\t<div class=\"elementor-toggle\">\n\t\t\t\t\t\t\t<div class=\"elementor-toggle-item\">\n\t\t\t\t\t<div id=\"elementor-tab-title-8681\" class=\"elementor-tab-title\" data-tab=\"1\" role=\"button\" aria-controls=\"elementor-tab-content-8681\" aria-expanded=\"false\">\n\t\t\t\t\t\t\t\t\t\t\t\t<span class=\"elementor-toggle-icon elementor-toggle-icon-left\" aria-hidden=\"true\">\n\t\t\t\t\t\t\t\t\t\t\t\t\t\t\t<span class=\"elementor-toggle-icon-closed\"><i class=\"fas fa-caret-right\"><\/i><\/span>\n\t\t\t\t\t\t\t\t<span class=\"elementor-toggle-icon-opened\"><i class=\"elementor-toggle-icon-opened fas fa-caret-up\"><\/i><\/span>\n\t\t\t\t\t\t\t\t\t\t\t\t\t<\/span>\n\t\t\t\t\t\t\t\t\t\t\t\t<a class=\"elementor-toggle-title\" tabindex=\"0\">Levier 4 - Valorisation de l'engagement p\u00e9dagogique de l'enseignant<\/a>\n\t\t\t\t\t<\/div>\n\n\t\t\t\t\t<div id=\"elementor-tab-content-8681\" class=\"elementor-tab-content elementor-clearfix\" data-tab=\"1\" role=\"region\" aria-labelledby=\"elementor-tab-title-8681\"><p>\u00c0 travers l&#8217;organisation de r\u00e9sidences p\u00e9dagogiques, de s\u00e9minaires r\u00e9sidence et des Biennales universitaires de la p\u00e9dagogie.<\/p><p><strong>Pilotes :<\/strong><\/p><ul><li>Fr\u00e9d\u00e9ric MUYARD<br \/>Vice-pr\u00e9sident en charge de la formation et de la vie \u00e9tudiante <br \/>Universit\u00e9 de Franche-Comt\u00e9<\/li><li>Jean-Jacques BOUTAUD<br \/>Vice-pr\u00e9sident \u00e9lu \u00e0 la Commission de la formation et de la vie universitaire<br \/>Universit\u00e9 de Bourgogne<\/li><\/ul><\/div>\n\t\t\t\t<\/div>\n\t\t\t\t\t\t\t<div class=\"elementor-toggle-item\">\n\t\t\t\t\t<div id=\"elementor-tab-title-8682\" class=\"elementor-tab-title\" data-tab=\"2\" role=\"button\" aria-controls=\"elementor-tab-content-8682\" aria-expanded=\"false\">\n\t\t\t\t\t\t\t\t\t\t\t\t<span class=\"elementor-toggle-icon elementor-toggle-icon-left\" aria-hidden=\"true\">\n\t\t\t\t\t\t\t\t\t\t\t\t\t\t\t<span class=\"elementor-toggle-icon-closed\"><i class=\"fas fa-caret-right\"><\/i><\/span>\n\t\t\t\t\t\t\t\t<span class=\"elementor-toggle-icon-opened\"><i class=\"elementor-toggle-icon-opened fas fa-caret-up\"><\/i><\/span>\n\t\t\t\t\t\t\t\t\t\t\t\t\t<\/span>\n\t\t\t\t\t\t\t\t\t\t\t\t<a class=\"elementor-toggle-title\" tabindex=\"0\">Levier 5 - Acculturation et d\u00e9veloppement de la formation tout au long de la vie<\/a>\n\t\t\t\t\t<\/div>\n\n\t\t\t\t\t<div id=\"elementor-tab-content-8682\" class=\"elementor-tab-content elementor-clearfix\" data-tab=\"2\" role=\"region\" aria-labelledby=\"elementor-tab-title-8682\"><p>S\u00e9quences de retour en formation pour jeunes dipl\u00f4m\u00e9s, Biennales de l&#8217;innovation p\u00e9dagogique pour la FTLV, r\u00e9sidences et immersions en entreprise, accompagnement \u00e0 la prise de fonctions.<\/p><p><strong>Pilotes :<\/strong><\/p><ul><li>Laurence RICQ<br \/>Vice-pr\u00e9sidente charg\u00e9e de la Formation tout au long de la vie et des relations avec le monde socio-\u00e9conomique<br \/>Universit\u00e9 de Franche-Comt\u00e9<\/li><li>Gilles BRACHOTTE<br \/>Vice-pr\u00e9sident d\u00e9l\u00e9gu\u00e9 aux formations technologiques et professionnelles.<br \/>Universit\u00e9 de Bourgogne<\/li><\/ul><\/div>\n\t\t\t\t<\/div>\n\t\t\t\t\t\t\t<div class=\"elementor-toggle-item\">\n\t\t\t\t\t<div id=\"elementor-tab-title-8683\" class=\"elementor-tab-title\" data-tab=\"3\" role=\"button\" aria-controls=\"elementor-tab-content-8683\" aria-expanded=\"false\">\n\t\t\t\t\t\t\t\t\t\t\t\t<span class=\"elementor-toggle-icon elementor-toggle-icon-left\" aria-hidden=\"true\">\n\t\t\t\t\t\t\t\t\t\t\t\t\t\t\t<span class=\"elementor-toggle-icon-closed\"><i class=\"fas fa-caret-right\"><\/i><\/span>\n\t\t\t\t\t\t\t\t<span class=\"elementor-toggle-icon-opened\"><i class=\"elementor-toggle-icon-opened fas fa-caret-up\"><\/i><\/span>\n\t\t\t\t\t\t\t\t\t\t\t\t\t<\/span>\n\t\t\t\t\t\t\t\t\t\t\t\t<a class=\"elementor-toggle-title\" tabindex=\"0\">Levier 6 - Acc\u00e9l\u00e9rateur de transformation p\u00e9dagogique en Bourgogne-Franche-Comt\u00e9 (ATP-BFC)<\/a>\n\t\t\t\t\t<\/div>\n\n\t\t\t\t\t<div id=\"elementor-tab-content-8683\" class=\"elementor-tab-content elementor-clearfix\" data-tab=\"3\" role=\"region\" aria-labelledby=\"elementor-tab-title-8683\"><p>Cr\u00e9ation d&#8217;un dispositif transversal original, lieu de coordination pour l&#8217;ing\u00e9nierie de formation et les pratiques p\u00e9dagogiques nouvelles ouvertes sur la soci\u00e9t\u00e9, le monde socio-\u00e9conomique et l&#8217;international. Laboratoires de la transformation p\u00e9dagogique et Fablabs.<\/p><p><strong>Responsable :<\/strong><\/p><ul><li>Pascaline PONCE<br \/><a href=\"mailto:pascaline.ponce@ubfc.fr\">pascaline.ponce@ubfc.fr<\/a><\/li><\/ul><\/div>\n\t\t\t\t<\/div>\n\t\t\t\t\t\t\t\t<\/div>\n\t\t\t\t\t\t<\/div>\n\t\t\t\t<\/div>\n\t\t\t\t\t<\/div>\n\t\t<\/div>\n\t\t\t\t\t<\/div>\n\t\t<\/section>\n\t\t\t\t<section class=\"elementor-section elementor-top-section elementor-element elementor-element-de44e33 elementor-section-boxed elementor-section-height-default elementor-section-height-default\" data-id=\"de44e33\" data-element_type=\"section\" data-e-type=\"section\">\n\t\t\t\t\t\t<div class=\"elementor-container elementor-column-gap-default\">\n\t\t\t\t\t<div class=\"elementor-column elementor-col-100 elementor-top-column elementor-element elementor-element-340a845\" data-id=\"340a845\" data-element_type=\"column\" data-e-type=\"column\">\n\t\t\t<div class=\"elementor-widget-wrap elementor-element-populated\">\n\t\t\t\t\t\t<div class=\"elementor-element elementor-element-f988c44 elementor-widget elementor-widget-spacer\" data-id=\"f988c44\" data-element_type=\"widget\" data-e-type=\"widget\" data-widget_type=\"spacer.default\">\n\t\t\t\t<div class=\"elementor-widget-container\">\n\t\t\t\t\t\t\t<div class=\"elementor-spacer\">\n\t\t\t<div class=\"elementor-spacer-inner\"><\/div>\n\t\t<\/div>\n\t\t\t\t\t\t<\/div>\n\t\t\t\t<\/div>\n\t\t\t\t\t<\/div>\n\t\t<\/div>\n\t\t\t\t\t<\/div>\n\t\t<\/section>\n\t\t\t\t<section class=\"elementor-section elementor-top-section elementor-element elementor-element-44d4cff elementor-section-boxed elementor-section-height-default elementor-section-height-default\" data-id=\"44d4cff\" data-element_type=\"section\" data-e-type=\"section\">\n\t\t\t\t\t\t<div class=\"elementor-container elementor-column-gap-default\">\n\t\t\t\t\t<div class=\"elementor-column elementor-col-100 elementor-top-column elementor-element elementor-element-74bd777\" data-id=\"74bd777\" data-element_type=\"column\" data-e-type=\"column\">\n\t\t\t<div class=\"elementor-widget-wrap elementor-element-populated\">\n\t\t\t\t\t\t\t<\/div>\n\t\t<\/div>\n\t\t\t\t\t<\/div>\n\t\t<\/section>\n\t\t\t\t<section class=\"elementor-section elementor-top-section elementor-element elementor-element-bb09906 elementor-section-boxed elementor-section-height-default elementor-section-height-default\" data-id=\"bb09906\" data-element_type=\"section\" data-e-type=\"section\">\n\t\t\t\t\t\t<div class=\"elementor-container elementor-column-gap-default\">\n\t\t\t\t\t<div class=\"elementor-column elementor-col-100 elementor-top-column elementor-element elementor-element-4010eca\" data-id=\"4010eca\" data-element_type=\"column\" data-e-type=\"column\">\n\t\t\t<div class=\"elementor-widget-wrap elementor-element-populated\">\n\t\t\t\t\t\t<div class=\"elementor-element elementor-element-acc0a81 elementor-widget elementor-widget-spacer\" data-id=\"acc0a81\" data-element_type=\"widget\" data-e-type=\"widget\" data-widget_type=\"spacer.default\">\n\t\t\t\t<div class=\"elementor-widget-container\">\n\t\t\t\t\t\t\t<div class=\"elementor-spacer\">\n\t\t\t<div class=\"elementor-spacer-inner\"><\/div>\n\t\t<\/div>\n\t\t\t\t\t\t<\/div>\n\t\t\t\t<\/div>\n\t\t\t\t\t<\/div>\n\t\t<\/div>\n\t\t\t\t\t<\/div>\n\t\t<\/section>\n\t\t\t\t<\/div>\n\t\t","protected":false},"excerpt":{"rendered":"<p>Nouveaux Cursus \u00e0 l\u2019Universit\u00e9 pour R\u00e9ussir &#8211; Innover &#8211; Transformer &#8211; Mobiliser en Bourgogne-Franche-Comt\u00e9 Le projet RITM-BFC a pour objectif de favoriser et d\u2019am\u00e9liorer la r\u00e9ussite des \u00e9tudiants. Il est le fruit d\u2019un appel \u00e0 projet lanc\u00e9 dans le cadre du troisi\u00e8me Programme d\u2019investissement d\u2019avenir (PIA 3) \u00ab Nouveaux cursus \u00e0 l\u2019universit\u00e9 (NCU) \u00bb ayant &hellip; <a href=\"https:\/\/ubfc-preprod.u-bourgogne.fr\/en\/recherche\/projets-de-recherche\/pia\/ncu-ritm-bfc\/\">Continued<\/a><\/p>\n","protected":false},"author":18,"featured_media":0,"parent":48596,"menu_order":36,"comment_status":"closed","ping_status":"closed","template":"","meta":{"footnotes":""},"class_list":["post-48605","page","type-page","status-publish","hentry"],"acf":[],"_links":{"self":[{"href":"https:\/\/ubfc-preprod.u-bourgogne.fr\/en\/wp-json\/wp\/v2\/pages\/48605","targetHints":{"allow":["GET"]}}],"collection":[{"href":"https:\/\/ubfc-preprod.u-bourgogne.fr\/en\/wp-json\/wp\/v2\/pages"}],"about":[{"href":"https:\/\/ubfc-preprod.u-bourgogne.fr\/en\/wp-json\/wp\/v2\/types\/page"}],"author":[{"embeddable":true,"href":"https:\/\/ubfc-preprod.u-bourgogne.fr\/en\/wp-json\/wp\/v2\/users\/18"}],"replies":[{"embeddable":true,"href":"https:\/\/ubfc-preprod.u-bourgogne.fr\/en\/wp-json\/wp\/v2\/comments?post=48605"}],"version-history":[{"count":7,"href":"https:\/\/ubfc-preprod.u-bourgogne.fr\/en\/wp-json\/wp\/v2\/pages\/48605\/revisions"}],"predecessor-version":[{"id":48619,"href":"https:\/\/ubfc-preprod.u-bourgogne.fr\/en\/wp-json\/wp\/v2\/pages\/48605\/revisions\/48619"}],"up":[{"embeddable":true,"href":"https:\/\/ubfc-preprod.u-bourgogne.fr\/en\/wp-json\/wp\/v2\/pages\/48596"}],"wp:attachment":[{"href":"https:\/\/ubfc-preprod.u-bourgogne.fr\/en\/wp-json\/wp\/v2\/media?parent=48605"}],"curies":[{"name":"wp","href":"https:\/\/api.w.org\/{rel}","templated":true}]}}