{"id":48248,"date":"2020-10-29T12:45:16","date_gmt":"2020-10-29T11:45:16","guid":{"rendered":"https:\/\/www.ubfc.fr\/academic-council-2019-minutes\/"},"modified":"2020-10-29T12:45:19","modified_gmt":"2020-10-29T11:45:19","slug":"academic-council-2019-minutes","status":"publish","type":"page","link":"https:\/\/ubfc-preprod.u-bourgogne.fr\/en\/academic-council-2019-minutes\/","title":{"rendered":"Academic council \u2013 2019 Minutes"},"content":{"rendered":"\t\t<div data-elementor-type=\"wp-page\" data-elementor-id=\"48248\" class=\"elementor elementor-48248\" data-elementor-post-type=\"page\">\n\t\t\t\t\t\t<section class=\"elementor-section elementor-top-section elementor-element elementor-element-fb45bd3 elementor-section-boxed elementor-section-height-default elementor-section-height-default\" data-id=\"fb45bd3\" data-element_type=\"section\" data-e-type=\"section\">\n\t\t\t\t\t\t<div class=\"elementor-container elementor-column-gap-default\">\n\t\t\t\t\t<div class=\"elementor-column elementor-col-100 elementor-top-column elementor-element elementor-element-0c050f4\" data-id=\"0c050f4\" data-element_type=\"column\" data-e-type=\"column\">\n\t\t\t<div class=\"elementor-widget-wrap elementor-element-populated\">\n\t\t\t\t\t\t<div class=\"elementor-element elementor-element-3244965 elementor-widget elementor-widget-toggle\" data-id=\"3244965\" data-element_type=\"widget\" data-e-type=\"widget\" data-widget_type=\"toggle.default\">\n\t\t\t\t<div class=\"elementor-widget-container\">\n\t\t\t\t\t\t\t<div class=\"elementor-toggle\">\n\t\t\t\t\t\t\t<div class=\"elementor-toggle-item\">\n\t\t\t\t\t<div id=\"elementor-tab-title-5271\" class=\"elementor-tab-title\" data-tab=\"1\" role=\"button\" aria-controls=\"elementor-tab-content-5271\" aria-expanded=\"false\">\n\t\t\t\t\t\t\t\t\t\t\t\t<span class=\"elementor-toggle-icon elementor-toggle-icon-left\" aria-hidden=\"true\">\n\t\t\t\t\t\t\t\t\t\t\t\t\t\t\t<span class=\"elementor-toggle-icon-closed\"><i class=\"fas fa-caret-right\"><\/i><\/span>\n\t\t\t\t\t\t\t\t<span class=\"elementor-toggle-icon-opened\"><i class=\"elementor-toggle-icon-opened fas fa-caret-up\"><\/i><\/span>\n\t\t\t\t\t\t\t\t\t\t\t\t\t<\/span>\n\t\t\t\t\t\t\t\t\t\t\t\t<a class=\"elementor-toggle-title\" tabindex=\"0\"> Academic Council, 14th November 2019<\/a>\n\t\t\t\t\t<\/div>\n\n\t\t\t\t\t<div id=\"elementor-tab-content-5271\" class=\"elementor-tab-content elementor-clearfix\" data-tab=\"1\" role=\"region\" aria-labelledby=\"elementor-tab-title-5271\"><ul id=\"document-list-4\" class=\"collapse show\" data-parent=\"#document-section-4\">\n<li><a class=\"type-pdf\" href=\"https:\/\/www.ubfc.fr\/wp-content\/uploads\/2019\/12\/RAPPORT-N\u00b01_Annexe-1.pdf\" target=\"_blank\" rel=\"noopener\">RAPPORT N\u00b01 &#8211; Annexe 1<\/a><\/li>\n<li><a class=\"type-pdf\" href=\"https:\/\/www.ubfc.fr\/wp-content\/uploads\/2019\/12\/RAPPORT-N\u00b01_Annexe-2.pdf\" target=\"_blank\" rel=\"noopener\">RAPPORT N\u00b01 &#8211; Annexe 2<\/a><\/li>\n<li><a class=\"type-pdf\" href=\"https:\/\/www.ubfc.fr\/wp-content\/uploads\/2019\/12\/RAPPORT-N\u00b01_Annexe-3.pdf\" target=\"_blank\" rel=\"noopener\">RAPPORT N\u00b01 &#8211; Annexe 3<\/a><\/li>\n<li><a class=\"type-pdf\" href=\"https:\/\/www.ubfc.fr\/wp-content\/uploads\/2019\/12\/RAPPORT-N\u00b01_Annexe-4.pdf\" target=\"_blank\" rel=\"noopener\">RAPPORT N\u00b01 &#8211; Annexe 4<\/a><\/li>\n<li><a class=\"type-pdf\" href=\"https:\/\/www.ubfc.fr\/wp-content\/uploads\/2019\/12\/RAPPORT-N\u00b01_Annexe-5.pdf\" target=\"_blank\" rel=\"noopener\">RAPPORT N\u00b01 &#8211; Annexe 5<\/a><\/li>\n<li><a class=\"type-pdf\" href=\"https:\/\/www.ubfc.fr\/wp-content\/uploads\/2019\/12\/RAPPORT-N\u00b01_Annexe-6.pdf\" target=\"_blank\" rel=\"noopener\">RAPPORT N\u00b01 &#8211; Annexe 6<\/a><\/li>\n<li><a class=\"type-pdf\" href=\"https:\/\/www.ubfc.fr\/wp-content\/uploads\/2019\/12\/RAPPORT-N\u00b01_PV-du-CAC-du-26-juin-2019.pdf\" target=\"_blank\" rel=\"noopener\">RAPPORT N\u00b01 &#8211; PV du CAC du 26 juin 2019<\/a><\/li>\n<li><a class=\"type-pdf\" href=\"https:\/\/www.ubfc.fr\/wp-content\/uploads\/2019\/12\/RAPPORT-N\u00b02-Modification-fiche-fili\u00e8re-Master-DASEE-validation-des-MCC-du-master-IOT-modif-tableau-Masters-UBFC.pdf\" target=\"_blank\" rel=\"noopener\">RAPPORT N\u00b02 &#8211; Modification fiche fili\u00e8re Master DASEE-validation des MCC du master IOT-modif tableau Masters UBFC<\/a><\/li>\n<li><a class=\"type-pdf\" href=\"https:\/\/www.ubfc.fr\/wp-content\/uploads\/2019\/12\/RAPPORT-N\u00b03-R\u00e9sultats-AAP-R\u00e9gion-Vie-Etudiante-et-EPN.pdf\" target=\"_blank\" rel=\"noopener\">RAPPORT N\u00b03 &#8211; R\u00e9sultats AAP R\u00e9gion Vie Etudiante et EPN<\/a><\/li>\n<li><a class=\"type-pdf\" href=\"https:\/\/www.ubfc.fr\/wp-content\/uploads\/2019\/12\/RAPPORT-N\u00b04-Coordination-concours-I-PhD-Chercheurs-Entrepreneurs-Challenges.pdf\" target=\"_blank\" rel=\"noopener\">RAPPORT N\u00b04 &#8211; Coordination concours I-PhD Chercheurs-Entrepreneurs Challenges<\/a><\/li>\n<li><a class=\"type-pdf\" href=\"https:\/\/www.ubfc.fr\/wp-content\/uploads\/2019\/12\/RAPPORT-N\u00b05-Catalogue-de-formations-transversales.pdf\" target=\"_blank\" rel=\"noopener\">RAPPORT N\u00b05 &#8211; Catalogue de formations transversales<\/a><\/li>\n<li><a class=\"type-pdf\" href=\"https:\/\/www.ubfc.fr\/wp-content\/uploads\/2019\/12\/RAPPORT-N\u00b06-Exoneration-des-droits-de-scolarit\u00e9-des-doctorants-soutenant-avant-le-31-decembre.pdf\" target=\"_blank\" rel=\"noopener\">RAPPORT N\u00b06 &#8211; Exoneration des droits de scolarit\u00e9 des doctorants soutenant avant le 31 decembre<\/a><\/li>\n<li><a class=\"type-pdf\" href=\"https:\/\/www.ubfc.fr\/wp-content\/uploads\/2019\/12\/RAPPORT-N\u00b07-R\u00e9sultats-AAP-Region-Itineraire-Chercheur-Entrepreneur.pdf\" target=\"_blank\" rel=\"noopener\">RAPPORT N\u00b07- R\u00e9sultats AAP Region Itineraire Chercheur Entrepreneur<\/a><\/li>\n<li><a class=\"type-pdf\" href=\"https:\/\/www.ubfc.fr\/wp-content\/uploads\/2019\/12\/RAPPORT-N\u00b08-R\u00e9sultats-AAP-P\u00f4le-sant\u00e9-publique.pdf\" target=\"_blank\" rel=\"noopener\">RAPPORT N\u00b08 &#8211; R\u00e9sultats AAP P\u00f4le sant\u00e9 publique<\/a><\/li>\n<li><a class=\"type-pdf\" href=\"https:\/\/www.ubfc.fr\/wp-content\/uploads\/2019\/12\/RAPPORT-N\u00b09-Cl\u00e9-de-r\u00e9partition-de-la-dotation-r\u00e9currente-des-laboratoires-de-recherche-vf.pdf\" target=\"_blank\" rel=\"noopener\">RAPPORT N\u00b09 &#8211; Cl\u00e9 de r\u00e9partition de la dotation r\u00e9currente des laboratoires de recherche-vf<\/a><\/li>\n<li><a class=\"type-pdf\" href=\"https:\/\/www.ubfc.fr\/wp-content\/uploads\/2019\/12\/RAPPORT-N\u00b010-Traitement-des-demandes-d\u2019exon\u00e9ration-des-droits-d\u2019inscription-\u00e0-UBFC.pdf\" target=\"_blank\" rel=\"noopener\">RAPPORT N\u00b010 &#8211; Traitement des demandes d\u2019exon\u00e9ration des droits d\u2019inscription \u00e0 UBFC<\/a><\/li>\n<\/ul>\n<\/div>\n\t\t\t\t<\/div>\n\t\t\t\t\t\t\t<div class=\"elementor-toggle-item\">\n\t\t\t\t\t<div id=\"elementor-tab-title-5272\" class=\"elementor-tab-title\" data-tab=\"2\" role=\"button\" aria-controls=\"elementor-tab-content-5272\" aria-expanded=\"false\">\n\t\t\t\t\t\t\t\t\t\t\t\t<span class=\"elementor-toggle-icon elementor-toggle-icon-left\" aria-hidden=\"true\">\n\t\t\t\t\t\t\t\t\t\t\t\t\t\t\t<span class=\"elementor-toggle-icon-closed\"><i class=\"fas fa-caret-right\"><\/i><\/span>\n\t\t\t\t\t\t\t\t<span class=\"elementor-toggle-icon-opened\"><i class=\"elementor-toggle-icon-opened fas fa-caret-up\"><\/i><\/span>\n\t\t\t\t\t\t\t\t\t\t\t\t\t<\/span>\n\t\t\t\t\t\t\t\t\t\t\t\t<a class=\"elementor-toggle-title\" tabindex=\"0\"> Academic Council, 26th June 2019<\/a>\n\t\t\t\t\t<\/div>\n\n\t\t\t\t\t<div id=\"elementor-tab-content-5272\" class=\"elementor-tab-content elementor-clearfix\" data-tab=\"2\" role=\"region\" aria-labelledby=\"elementor-tab-title-5272\"><ul id=\"document-list-5\" class=\"collapse show\" data-parent=\"#document-section-5\">\n<li><a class=\"type-pdf\" href=\"https:\/\/www.ubfc.fr\/wp-content\/uploads\/2019\/10\/Annexe-1.pdf\" target=\"_blank\" rel=\"noopener\">RAPPORT N\u00b01 Proce\u0300s verbal CAC 17042019<\/a><\/li>\n<li><a class=\"type-pdf\" href=\"https:\/\/www.ubfc.fr\/wp-content\/uploads\/2019\/09\/RAPPORT-N\u00b02_Rentre\u0301e_universitaire_DoctoratUBFC.pdf\" target=\"_blank\" rel=\"noopener\">RAPPORT N\u00b02 Rentre\u0301e universitaire Doctorat UBFC<\/a><\/li>\n<li><a class=\"type-pdf\" href=\"https:\/\/www.ubfc.fr\/wp-content\/uploads\/2019\/09\/RAPPORT-N\u00b03_Rentre\u0301e_universitaire_MastersUBFCAnnexes.pdf\" target=\"_blank\" rel=\"noopener\">RAPPORT N\u00b03 Rentre\u0301e universitaire MastersUBFC+Annexes<\/a><\/li>\n<li><a class=\"type-pdf\" href=\"https:\/\/www.ubfc.fr\/wp-content\/uploads\/2019\/09\/RAPPORT-N\u00b04_Cartographie-formation.pdf\" target=\"_blank\" rel=\"noopener\">RAPPORT N\u00b04 Cartographie formation<\/a><\/li>\n<li><a class=\"type-pdf\" href=\"https:\/\/www.ubfc.fr\/wp-content\/uploads\/2019\/09\/RAPPORT-N\u00b05_CVEC.pdf\" target=\"_blank\" rel=\"noopener\">RAPPORT N\u00b05 CVEC<\/a><\/li>\n<li><a class=\"type-pdf\" href=\"https:\/\/www.ubfc.fr\/wp-content\/uploads\/2019\/09\/RAPPORT-N\u00b06.a_Reporting_annuel_ISITE-BFC-avec-Annexe.pdf\" target=\"_blank\" rel=\"noopener\">RAPPORT N\u00b06.a Reporting annuel ISITE-BFC + Annexe<\/a><\/li>\n<li><a class=\"type-pdf\" href=\"https:\/\/www.ubfc.fr\/wp-content\/uploads\/2019\/09\/RAPPORT-N\u00b06.b_Reporting_annuel_EIPHI.pdf\" target=\"_blank\" rel=\"noopener\">RAPPORT N\u00b06.b Reporting annuel EIPHI<\/a><\/li>\n<li><a class=\"type-pdf\" href=\"https:\/\/www.ubfc.fr\/wp-content\/uploads\/2019\/09\/RAPPORT-N\u00b06.c_Reporting_annuel_RITM-BFC.pdf\" target=\"_blank\" rel=\"noopener\">RAPPORT N\u00b06.c Reporting annuel RITM-BFC<\/a><\/li>\n<li><a class=\"type-pdf\" href=\"https:\/\/www.ubfc.fr\/wp-content\/uploads\/2019\/09\/RAPPORT-N\u00b07_Bilan_bourses-mobilit\u00e9_EUR-EIPHI.pdf\" target=\"_blank\" rel=\"noopener\">RAPPORT N\u00b07 Bilan bourses mobilit\u00e9 EUR EIPHI<\/a><\/li>\n<li><a class=\"type-pdf\" href=\"https:\/\/www.ubfc.fr\/wp-content\/uploads\/2019\/09\/RAPPORT-N\u00b08-_Attribution_heures_Tutorat-EUR-EIPHI_2018-2019.pdf\" target=\"_blank\" rel=\"noopener\">RAPPORT N\u00b08 Attribution heures Tutorat EUR EIPHI 2018-2019<\/a><\/li>\n<li><a class=\"type-pdf\" href=\"https:\/\/www.ubfc.fr\/wp-content\/uploads\/2019\/09\/RAPPORT-N\u00b09_R\u00e9sultats_AAP2_RITM-BFC.pdf\" target=\"_blank\" rel=\"noopener\">RAPPORT N\u00b09 R\u00e9sultats AAP2 RITM-BFC<\/a><\/li>\n<li><a class=\"type-pdf\" href=\"https:\/\/www.ubfc.fr\/wp-content\/uploads\/2019\/09\/RAPPORT-N\u00b010_Rapport_activite\u0301_Colle\u0300ge-doctoral_2018-2019.pdf\" target=\"_blank\" rel=\"noopener\">RAPPORT N\u00b010 Rapport activite\u0301 Colle\u0300ge doctoral 2018-2019<\/a><\/li>\n<li><a class=\"type-pdf\" href=\"https:\/\/www.ubfc.fr\/wp-content\/uploads\/2019\/09\/RAPPORT-N\u00b011_Dispositif_ICE.pdf\" target=\"_blank\" rel=\"noopener\">RAPPORT N\u00b011 Dispositif ICE<\/a><\/li>\n<li><a class=\"type-pdf\" href=\"https:\/\/www.ubfc.fr\/wp-content\/uploads\/2019\/09\/RAPPORT-N\u00b012_Bilan-actions-internationales-2018-2019.pdf\" target=\"_blank\" rel=\"noopener\">RAPPORT N\u00b012 Bilan actions internationales 2018-2019<\/a><\/li>\n<li><a class=\"type-pdf\" href=\"https:\/\/www.ubfc.fr\/wp-content\/uploads\/2019\/09\/RAPPORT-N\u00b013_Bilan-Actions-Entrepreneuriat.pdf\" target=\"_blank\" rel=\"noopener\">RAPPORT N\u00b013 Bilan Actions Entrepreneuriat<\/a><\/li>\n<li><a class=\"type-pdf\" href=\"https:\/\/www.ubfc.fr\/wp-content\/uploads\/2019\/09\/RAPPORT-N\u00b014_Initiative-au-fe\u0301minin-et-Concours-Entrepreneurs-Challenge.pdf\" target=\"_blank\" rel=\"noopener\">RAPPORT N\u00b014 Initiative au fe\u0301minin et Concours Entrepreneurs Challenge<\/a><\/li>\n<\/ul>\n<\/div>\n\t\t\t\t<\/div>\n\t\t\t\t\t\t\t\t<\/div>\n\t\t\t\t\t\t<\/div>\n\t\t\t\t<\/div>\n\t\t\t\t\t<\/div>\n\t\t<\/div>\n\t\t\t\t\t<\/div>\n\t\t<\/section>\n\t\t\t\t<\/div>\n\t\t","protected":false},"excerpt":{"rendered":"<p>Academic Council, 14th November 2019 RAPPORT N\u00b01 &#8211; Annexe 1 RAPPORT N\u00b01 &#8211; Annexe 2 RAPPORT N\u00b01 &#8211; Annexe 3 RAPPORT N\u00b01 &#8211; Annexe 4 RAPPORT N\u00b01 &#8211; Annexe 5 RAPPORT N\u00b01 &#8211; Annexe 6 RAPPORT N\u00b01 &#8211; PV du CAC du 26 juin 2019 RAPPORT N\u00b02 &#8211; Modification fiche fili\u00e8re Master DASEE-validation des MCC &hellip; <a href=\"https:\/\/ubfc-preprod.u-bourgogne.fr\/en\/academic-council-2019-minutes\/\">Continued<\/a><\/p>\n","protected":false},"author":18,"featured_media":0,"parent":0,"menu_order":47,"comment_status":"closed","ping_status":"closed","template":"","meta":{"footnotes":""},"class_list":["post-48248","page","type-page","status-publish","hentry"],"acf":[],"_links":{"self":[{"href":"https:\/\/ubfc-preprod.u-bourgogne.fr\/en\/wp-json\/wp\/v2\/pages\/48248","targetHints":{"allow":["GET"]}}],"collection":[{"href":"https:\/\/ubfc-preprod.u-bourgogne.fr\/en\/wp-json\/wp\/v2\/pages"}],"about":[{"href":"https:\/\/ubfc-preprod.u-bourgogne.fr\/en\/wp-json\/wp\/v2\/types\/page"}],"author":[{"embeddable":true,"href":"https:\/\/ubfc-preprod.u-bourgogne.fr\/en\/wp-json\/wp\/v2\/users\/18"}],"replies":[{"embeddable":true,"href":"https:\/\/ubfc-preprod.u-bourgogne.fr\/en\/wp-json\/wp\/v2\/comments?post=48248"}],"version-history":[{"count":3,"href":"https:\/\/ubfc-preprod.u-bourgogne.fr\/en\/wp-json\/wp\/v2\/pages\/48248\/revisions"}],"predecessor-version":[{"id":48251,"href":"https:\/\/ubfc-preprod.u-bourgogne.fr\/en\/wp-json\/wp\/v2\/pages\/48248\/revisions\/48251"}],"wp:attachment":[{"href":"https:\/\/ubfc-preprod.u-bourgogne.fr\/en\/wp-json\/wp\/v2\/media?parent=48248"}],"curies":[{"name":"wp","href":"https:\/\/api.w.org\/{rel}","templated":true}]}}