{"id":45908,"date":"2020-09-01T16:06:40","date_gmt":"2020-09-01T14:06:40","guid":{"rendered":"https:\/\/www.ubfc.fr\/everyday-life\/sports\/"},"modified":"2020-09-01T16:06:43","modified_gmt":"2020-09-01T14:06:43","slug":"sports","status":"publish","type":"page","link":"https:\/\/ubfc-preprod.u-bourgogne.fr\/en\/campus-life\/everyday-life\/sports\/","title":{"rendered":"Sports"},"content":{"rendered":"\t\t<div data-elementor-type=\"wp-page\" data-elementor-id=\"45908\" class=\"elementor elementor-45908\" data-elementor-post-type=\"page\">\n\t\t\t\t\t\t<section class=\"elementor-section elementor-top-section elementor-element elementor-element-9694710 elementor-section-boxed elementor-section-height-default elementor-section-height-default\" data-id=\"9694710\" data-element_type=\"section\" data-e-type=\"section\">\n\t\t\t\t\t\t<div class=\"elementor-container elementor-column-gap-default\">\n\t\t\t\t\t<div class=\"elementor-column elementor-col-100 elementor-top-column elementor-element elementor-element-3d7465e\" data-id=\"3d7465e\" data-element_type=\"column\" data-e-type=\"column\">\n\t\t\t<div class=\"elementor-widget-wrap elementor-element-populated\">\n\t\t\t\t\t\t<div class=\"elementor-element elementor-element-2c7e7ae elementor-widget elementor-widget-text-editor\" data-id=\"2c7e7ae\" data-element_type=\"widget\" data-e-type=\"widget\" data-widget_type=\"text-editor.default\">\n\t\t\t\t<div class=\"elementor-widget-container\">\n\t\t\t\t\t\t\t\t\t<p>The UBFC institutions offer a wide variety of sport activities to students, but also to staff:<\/p>\n<ul>\n<li><strong>Universit\u00e9 de Bourgogne<\/strong>: <a href=\"https:\/\/suaps.u-bourgogne.fr\">SUAPS<\/a><\/li>\n<li><strong>Universit\u00e9 de Franche-Comt\u00e9<\/strong>: <a href=\"http:\/\/u-sports.univ-fcomte.fr\/pages\/fr\/menu617\/s-inscrire-a-l-u-sports\/1.0-campus_sports_accueil-14451.html\">Campus Sports <\/a>(also accessible to ENSMM and UBFC students)<\/li>\n<li><strong>UTBM<\/strong>: <a href=\"https:\/\/www.utbm.fr\/espace-etudiants\/associations\/#bds\">Sports bureau\u00a0<\/a><\/li>\n<li><strong>AgroSup Dijon<\/strong>: <a href=\"https:\/\/agrosupdijon.fr\/vie-etudiante\/campus\/activites-sportives\">student associations or Universit\u00e9 de Bourgogne\u00a0<\/a><\/li>\n<li><strong>Burgundy School of Busines<\/strong>s: <a href=\"https:\/\/www.bsb-education.com\/ecole-bsb\/la-vie-etudiante\/la-vie-associative.html\">student associations\u00a0<\/a><\/li>\n<li><strong>Arts et M\u00e9tiers \u2013 Cluny<\/strong>: <a href=\"https:\/\/artsetmetiers.fr\/formation\/associations\">student associations<\/a><\/li>\n<\/ul>\n\t\t\t\t\t\t\t\t<\/div>\n\t\t\t\t<\/div>\n\t\t\t\t\t<\/div>\n\t\t<\/div>\n\t\t\t\t\t<\/div>\n\t\t<\/section>\n\t\t\t\t<section class=\"elementor-section elementor-top-section elementor-element elementor-element-416d7a5 elementor-section-boxed elementor-section-height-default elementor-section-height-default\" data-id=\"416d7a5\" data-element_type=\"section\" data-e-type=\"section\">\n\t\t\t\t\t\t<div class=\"elementor-container elementor-column-gap-default\">\n\t\t\t\t\t<div class=\"elementor-column elementor-col-100 elementor-top-column elementor-element elementor-element-0a04c27\" data-id=\"0a04c27\" data-element_type=\"column\" data-e-type=\"column\">\n\t\t\t<div class=\"elementor-widget-wrap elementor-element-populated\">\n\t\t\t\t\t\t<div class=\"elementor-element elementor-element-f33bf6b elementor-widget elementor-widget-text-editor\" data-id=\"f33bf6b\" data-element_type=\"widget\" data-e-type=\"widget\" data-widget_type=\"text-editor.default\">\n\t\t\t\t<div class=\"elementor-widget-container\">\n\t\t\t\t\t\t\t\t\t<p><strong>Are you a high-performance athlete? Do you need a customized curriculum?<\/strong><\/p>\n<p>UBFC institutions offer you support so that you may fulfil your two-fold project. Arrangements are devised to integrate the constraints (daily training, competitions, training sessions, etc.) related to your studies and to sports practice in order to lead you on the way to success and excellence. To benefit from the \u201chigh-performance athlete-student\u201d status (\u201c\u00e9tudiant sportif de haut niveau\u201d, SHN), contact the Sports bureau or the supervisors of the different modules, who will examine your situation and let you know you what to do.<\/p>\n\t\t\t\t\t\t\t\t<\/div>\n\t\t\t\t<\/div>\n\t\t\t\t\t<\/div>\n\t\t<\/div>\n\t\t\t\t\t<\/div>\n\t\t<\/section>\n\t\t\t\t<\/div>\n\t\t","protected":false},"excerpt":{"rendered":"<p>The UBFC institutions offer a wide variety of sport activities to students, but also to staff: Universit\u00e9 de Bourgogne: SUAPS Universit\u00e9 de Franche-Comt\u00e9: Campus Sports (also accessible to ENSMM and UBFC students) UTBM: Sports bureau\u00a0 AgroSup Dijon: student associations or Universit\u00e9 de Bourgogne\u00a0 Burgundy School of Business: student associations\u00a0 Arts et M\u00e9tiers \u2013 Cluny: student &hellip; <a href=\"https:\/\/ubfc-preprod.u-bourgogne.fr\/en\/campus-life\/everyday-life\/sports\/\">Continued<\/a><\/p>\n","protected":false},"author":18,"featured_media":0,"parent":45898,"menu_order":195,"comment_status":"closed","ping_status":"closed","template":"","meta":{"footnotes":""},"class_list":["post-45908","page","type-page","status-publish","hentry"],"acf":[],"_links":{"self":[{"href":"https:\/\/ubfc-preprod.u-bourgogne.fr\/en\/wp-json\/wp\/v2\/pages\/45908","targetHints":{"allow":["GET"]}}],"collection":[{"href":"https:\/\/ubfc-preprod.u-bourgogne.fr\/en\/wp-json\/wp\/v2\/pages"}],"about":[{"href":"https:\/\/ubfc-preprod.u-bourgogne.fr\/en\/wp-json\/wp\/v2\/types\/page"}],"author":[{"embeddable":true,"href":"https:\/\/ubfc-preprod.u-bourgogne.fr\/en\/wp-json\/wp\/v2\/users\/18"}],"replies":[{"embeddable":true,"href":"https:\/\/ubfc-preprod.u-bourgogne.fr\/en\/wp-json\/wp\/v2\/comments?post=45908"}],"version-history":[{"count":3,"href":"https:\/\/ubfc-preprod.u-bourgogne.fr\/en\/wp-json\/wp\/v2\/pages\/45908\/revisions"}],"predecessor-version":[{"id":45911,"href":"https:\/\/ubfc-preprod.u-bourgogne.fr\/en\/wp-json\/wp\/v2\/pages\/45908\/revisions\/45911"}],"up":[{"embeddable":true,"href":"https:\/\/ubfc-preprod.u-bourgogne.fr\/en\/wp-json\/wp\/v2\/pages\/45898"}],"wp:attachment":[{"href":"https:\/\/ubfc-preprod.u-bourgogne.fr\/en\/wp-json\/wp\/v2\/media?parent=45908"}],"curies":[{"name":"wp","href":"https:\/\/api.w.org\/{rel}","templated":true}]}}