{"id":45904,"date":"2020-09-01T16:04:18","date_gmt":"2020-09-01T14:04:18","guid":{"rendered":"https:\/\/www.ubfc.fr\/everyday-life\/ubfc-pass\/"},"modified":"2020-09-01T16:04:20","modified_gmt":"2020-09-01T14:04:20","slug":"ubfc-pass","status":"publish","type":"page","link":"https:\/\/ubfc-preprod.u-bourgogne.fr\/en\/campus-life\/everyday-life\/ubfc-pass\/","title":{"rendered":"UBFC pass"},"content":{"rendered":"\t\t<div data-elementor-type=\"wp-page\" data-elementor-id=\"45904\" class=\"elementor elementor-45904\" data-elementor-post-type=\"page\">\n\t\t\t\t\t\t<section class=\"elementor-section elementor-top-section elementor-element elementor-element-be07a0a elementor-section-boxed elementor-section-height-default elementor-section-height-default\" data-id=\"be07a0a\" data-element_type=\"section\" data-e-type=\"section\">\n\t\t\t\t\t\t<div class=\"elementor-container elementor-column-gap-default\">\n\t\t\t\t\t<div class=\"elementor-column elementor-col-100 elementor-top-column elementor-element elementor-element-116ba33\" data-id=\"116ba33\" data-element_type=\"column\" data-e-type=\"column\">\n\t\t\t<div class=\"elementor-widget-wrap elementor-element-populated\">\n\t\t\t\t\t\t<div class=\"elementor-element elementor-element-0c14822 elementor-widget elementor-widget-text-editor\" data-id=\"0c14822\" data-element_type=\"widget\" data-e-type=\"widget\" data-widget_type=\"text-editor.default\">\n\t\t\t\t<div class=\"elementor-widget-container\">\n\t\t\t\t\t\t\t\t\t<p>UBFC and the Crous BFC provide a sole multiservice card common to all Bourgogne-Franche-Comt\u00e9 sites.<\/p>\n<p>This contactless card is supported by the \u201cIzly\u201d e-money service of the Crous. It is aimed at making everyday life of UBFC students and staff easier.<\/p>\n<p>You can get this card from the following institutions:<\/p>\n<ul>\n<li>The Universit\u00e9 de Bourgogne (uB)<\/li>\n<li>The Universit\u00e9 de Franche-Comt\u00e9 (UFC)<\/li>\n<li>The Universit\u00e9 de Technologie de Belfort-Montb\u00e9liard (UTBM)<\/li>\n<li>The \u00c9cole Nationale Sup\u00e9rieure de M\u00e9canique et des Microtechniques (ENSMM)<\/li>\n<li>AgroSup Dijon<\/li>\n<li>Burgundy School of Business<\/li>\n<li>Crous Bourgogne Franche-Comt\u00e9.<\/li>\n<\/ul>\n\t\t\t\t\t\t\t\t<\/div>\n\t\t\t\t<\/div>\n\t\t\t\t\t<\/div>\n\t\t<\/div>\n\t\t\t\t\t<\/div>\n\t\t<\/section>\n\t\t\t\t<\/div>\n\t\t","protected":false},"excerpt":{"rendered":"<p>UBFC and the Crous BFC provide a sole multiservice card common to all Bourgogne-Franche-Comt\u00e9 sites. This contactless card is supported by the \u201cIzly\u201d e-money service of the Crous. It is aimed at making everyday life of UBFC students and staff easier. You can get this card from the following institutions: The Universit\u00e9 de Bourgogne (uB) &hellip; <a href=\"https:\/\/ubfc-preprod.u-bourgogne.fr\/en\/campus-life\/everyday-life\/ubfc-pass\/\">Continued<\/a><\/p>\n","protected":false},"author":18,"featured_media":0,"parent":45898,"menu_order":193,"comment_status":"closed","ping_status":"closed","template":"","meta":{"footnotes":""},"class_list":["post-45904","page","type-page","status-publish","hentry"],"acf":[],"_links":{"self":[{"href":"https:\/\/ubfc-preprod.u-bourgogne.fr\/en\/wp-json\/wp\/v2\/pages\/45904","targetHints":{"allow":["GET"]}}],"collection":[{"href":"https:\/\/ubfc-preprod.u-bourgogne.fr\/en\/wp-json\/wp\/v2\/pages"}],"about":[{"href":"https:\/\/ubfc-preprod.u-bourgogne.fr\/en\/wp-json\/wp\/v2\/types\/page"}],"author":[{"embeddable":true,"href":"https:\/\/ubfc-preprod.u-bourgogne.fr\/en\/wp-json\/wp\/v2\/users\/18"}],"replies":[{"embeddable":true,"href":"https:\/\/ubfc-preprod.u-bourgogne.fr\/en\/wp-json\/wp\/v2\/comments?post=45904"}],"version-history":[{"count":3,"href":"https:\/\/ubfc-preprod.u-bourgogne.fr\/en\/wp-json\/wp\/v2\/pages\/45904\/revisions"}],"predecessor-version":[{"id":45907,"href":"https:\/\/ubfc-preprod.u-bourgogne.fr\/en\/wp-json\/wp\/v2\/pages\/45904\/revisions\/45907"}],"up":[{"embeddable":true,"href":"https:\/\/ubfc-preprod.u-bourgogne.fr\/en\/wp-json\/wp\/v2\/pages\/45898"}],"wp:attachment":[{"href":"https:\/\/ubfc-preprod.u-bourgogne.fr\/en\/wp-json\/wp\/v2\/media?parent=45904"}],"curies":[{"name":"wp","href":"https:\/\/api.w.org\/{rel}","templated":true}]}}