{"id":45791,"date":"2020-09-01T11:05:38","date_gmt":"2020-09-01T09:05:38","guid":{"rendered":"https:\/\/www.ubfc.fr\/governance\/bodies\/the-board-of-administrators\/"},"modified":"2020-12-03T14:35:38","modified_gmt":"2020-12-03T13:35:38","slug":"the-board-of-administrators","status":"publish","type":"page","link":"https:\/\/ubfc-preprod.u-bourgogne.fr\/en\/governance\/bodies\/the-board-of-administrators\/","title":{"rendered":"The board of administrators"},"content":{"rendered":"\t\t<div data-elementor-type=\"wp-page\" data-elementor-id=\"45791\" class=\"elementor elementor-45791\" data-elementor-post-type=\"page\">\n\t\t\t\t\t\t<section class=\"elementor-section elementor-top-section elementor-element elementor-element-d5a53c9 elementor-section-boxed elementor-section-height-default elementor-section-height-default\" data-id=\"d5a53c9\" data-element_type=\"section\" data-e-type=\"section\">\n\t\t\t\t\t\t<div class=\"elementor-container elementor-column-gap-default\">\n\t\t\t\t\t<div class=\"elementor-column elementor-col-100 elementor-top-column elementor-element elementor-element-29de79e\" data-id=\"29de79e\" data-element_type=\"column\" data-e-type=\"column\">\n\t\t\t<div class=\"elementor-widget-wrap elementor-element-populated\">\n\t\t\t\t\t\t<div class=\"elementor-element elementor-element-9a244a5 elementor-widget elementor-widget-text-editor\" data-id=\"9a244a5\" data-element_type=\"widget\" data-e-type=\"widget\" data-widget_type=\"text-editor.default\">\n\t\t\t\t<div class=\"elementor-widget-container\">\n\t\t\t\t\t\t\t\t\t<blockquote><p><span style=\"color: #32acc4;\"><strong>&gt; Access to reports, decisions and verbatim accounts<\/strong><\/span><\/p><\/blockquote>\n<p>&nbsp;<\/p>\n<p><strong><span style=\"font-size: 18pt;\">Composition and role<\/span><\/strong><\/p>\n<p><strong>The board of administrators is presided over by Dominique GREVEY<\/strong>, and <strong>composed of 45 members<\/strong>:<\/p>\n<ul>\n<li>24 elected members<\/li>\n<li>7 designated persons from UBFC member institutions<\/li>\n<li>14 external figures<\/li>\n<\/ul>\n<p><strong>The board of administrators <\/strong>is a deciding body that <strong>determines the COMUE\u2019s policy and ensures that it is implemented<\/strong>.\u00a0Its competences are definded in article 12 of the <a href=\"https:\/\/www.ubfc.fr\/en\/about-ubfc\/reference-documents\/\">UBFC statutes.<\/a><\/p>\n\t\t\t\t\t\t\t\t<\/div>\n\t\t\t\t<\/div>\n\t\t\t\t<div class=\"elementor-element elementor-element-de4a8d3 elementor-widget elementor-widget-toggle\" data-id=\"de4a8d3\" data-element_type=\"widget\" data-e-type=\"widget\" data-widget_type=\"toggle.default\">\n\t\t\t\t<div class=\"elementor-widget-container\">\n\t\t\t\t\t\t\t<div class=\"elementor-toggle\">\n\t\t\t\t\t\t\t<div class=\"elementor-toggle-item\">\n\t\t\t\t\t<div id=\"elementor-tab-title-2331\" class=\"elementor-tab-title\" data-tab=\"1\" role=\"button\" aria-controls=\"elementor-tab-content-2331\" aria-expanded=\"false\">\n\t\t\t\t\t\t\t\t\t\t\t\t<span class=\"elementor-toggle-icon elementor-toggle-icon-left\" aria-hidden=\"true\">\n\t\t\t\t\t\t\t\t\t\t\t\t\t\t\t<span class=\"elementor-toggle-icon-closed\"><i class=\"fas fa-caret-right\"><\/i><\/span>\n\t\t\t\t\t\t\t\t<span class=\"elementor-toggle-icon-opened\"><i class=\"elementor-toggle-icon-opened fas fa-caret-up\"><\/i><\/span>\n\t\t\t\t\t\t\t\t\t\t\t\t\t<\/span>\n\t\t\t\t\t\t\t\t\t\t\t\t<a class=\"elementor-toggle-title\" tabindex=\"0\">College A representatives (professors, staff with an equivalent grade)<\/a>\n\t\t\t\t\t<\/div>\n\n\t\t\t\t\t<div id=\"elementor-tab-content-2331\" class=\"elementor-tab-content elementor-clearfix\" data-tab=\"1\" role=\"region\" aria-labelledby=\"elementor-tab-title-2331\"><ul>\n<li>Mrs. Ausrine BARTASYTE<\/li>\n<li>Mr. Patrick BOUCHET<\/li>\n<li>Mr. Dominique GREVEY<\/li>\n<li>Mrs. Pascale GUIBERT<\/li>\n<li>Mrs. C\u00e9cile LANGLADE<\/li>\n<li>Mr. Boris VANNIERE<\/li>\n<\/ul>\n<\/div>\n\t\t\t\t<\/div>\n\t\t\t\t\t\t\t<div class=\"elementor-toggle-item\">\n\t\t\t\t\t<div id=\"elementor-tab-title-2332\" class=\"elementor-tab-title\" data-tab=\"2\" role=\"button\" aria-controls=\"elementor-tab-content-2332\" aria-expanded=\"false\">\n\t\t\t\t\t\t\t\t\t\t\t\t<span class=\"elementor-toggle-icon elementor-toggle-icon-left\" aria-hidden=\"true\">\n\t\t\t\t\t\t\t\t\t\t\t\t\t\t\t<span class=\"elementor-toggle-icon-closed\"><i class=\"fas fa-caret-right\"><\/i><\/span>\n\t\t\t\t\t\t\t\t<span class=\"elementor-toggle-icon-opened\"><i class=\"elementor-toggle-icon-opened fas fa-caret-up\"><\/i><\/span>\n\t\t\t\t\t\t\t\t\t\t\t\t\t<\/span>\n\t\t\t\t\t\t\t\t\t\t\t\t<a class=\"elementor-toggle-title\" tabindex=\"0\">College B representatives (other lecturers-researchers, lecturers, staff with an equivalent grade)<\/a>\n\t\t\t\t\t<\/div>\n\n\t\t\t\t\t<div id=\"elementor-tab-content-2332\" class=\"elementor-tab-content elementor-clearfix\" data-tab=\"2\" role=\"region\" aria-labelledby=\"elementor-tab-title-2332\"><ul>\n<li>Mr. Aur\u00e9lien BESNARD<\/li>\n<li>Mr. Pierre DEFFONTAINES<\/li>\n<li>Mrs. Marie-Ange FOUGERE<\/li>\n<li>Mrs. Laurence MAUREL<\/li>\n<li>Mr. Renaud SCHEIFLER<\/li>\n<li>Mr. Bruno TATIBOUET<\/li>\n<\/ul>\n<\/div>\n\t\t\t\t<\/div>\n\t\t\t\t\t\t\t<div class=\"elementor-toggle-item\">\n\t\t\t\t\t<div id=\"elementor-tab-title-2333\" class=\"elementor-tab-title\" data-tab=\"3\" role=\"button\" aria-controls=\"elementor-tab-content-2333\" aria-expanded=\"false\">\n\t\t\t\t\t\t\t\t\t\t\t\t<span class=\"elementor-toggle-icon elementor-toggle-icon-left\" aria-hidden=\"true\">\n\t\t\t\t\t\t\t\t\t\t\t\t\t\t\t<span class=\"elementor-toggle-icon-closed\"><i class=\"fas fa-caret-right\"><\/i><\/span>\n\t\t\t\t\t\t\t\t<span class=\"elementor-toggle-icon-opened\"><i class=\"elementor-toggle-icon-opened fas fa-caret-up\"><\/i><\/span>\n\t\t\t\t\t\t\t\t\t\t\t\t\t<\/span>\n\t\t\t\t\t\t\t\t\t\t\t\t<a class=\"elementor-toggle-title\" tabindex=\"0\">College C representatives (BIATSS, other staff)<\/a>\n\t\t\t\t\t<\/div>\n\n\t\t\t\t\t<div id=\"elementor-tab-content-2333\" class=\"elementor-tab-content elementor-clearfix\" data-tab=\"3\" role=\"region\" aria-labelledby=\"elementor-tab-title-2333\"><ul>\n<li>Mrs. Martine CLERGET<\/li>\n<li>Mr. Nicolas CREANTOR<\/li>\n<li>Mrs. Sylvie CUCHE<\/li>\n<li>Mrs. Val\u00e9rie FAUVEZ<\/li>\n<li>Mr. Nicolas JOURDAIN<\/li>\n<li>Mr. Christian VIERON-LEPOUTRE<\/li>\n<\/ul>\n<\/div>\n\t\t\t\t<\/div>\n\t\t\t\t\t\t\t<div class=\"elementor-toggle-item\">\n\t\t\t\t\t<div id=\"elementor-tab-title-2334\" class=\"elementor-tab-title\" data-tab=\"4\" role=\"button\" aria-controls=\"elementor-tab-content-2334\" aria-expanded=\"false\">\n\t\t\t\t\t\t\t\t\t\t\t\t<span class=\"elementor-toggle-icon elementor-toggle-icon-left\" aria-hidden=\"true\">\n\t\t\t\t\t\t\t\t\t\t\t\t\t\t\t<span class=\"elementor-toggle-icon-closed\"><i class=\"fas fa-caret-right\"><\/i><\/span>\n\t\t\t\t\t\t\t\t<span class=\"elementor-toggle-icon-opened\"><i class=\"elementor-toggle-icon-opened fas fa-caret-up\"><\/i><\/span>\n\t\t\t\t\t\t\t\t\t\t\t\t\t<\/span>\n\t\t\t\t\t\t\t\t\t\t\t\t<a class=\"elementor-toggle-title\" tabindex=\"0\">College D representatives (users)<\/a>\n\t\t\t\t\t<\/div>\n\n\t\t\t\t\t<div id=\"elementor-tab-content-2334\" class=\"elementor-tab-content elementor-clearfix\" data-tab=\"4\" role=\"region\" aria-labelledby=\"elementor-tab-title-2334\"><ul>\n<li>Mr. J\u00e9r\u00e9my BEAUD\n<ul>\n<li>Substitute : Mrs. Mathilde ROY<\/li>\n<\/ul>\n<\/li>\n<li>Mrs. Ambre BUSCAGLIA\n<ul>\n<li>Substitute : Mr. Anthony DEVISE<\/li>\n<\/ul>\n<\/li>\n<li>Mr. Quentin GENELOT\n<ul>\n<li>Substitute : Mrs. Raphaela BARILE<\/li>\n<\/ul>\n<\/li>\n<li>Mr. Matthieu GUINEBERT\n<ul>\n<li>Substitute : Mrs. Anna FOURNIER<\/li>\n<\/ul>\n<\/li>\n<li>Mrs. Ursule SCHROETER\n<ul>\n<li>Substitute : Mr. Gauthier MAIMBOURG<\/li>\n<\/ul>\n<\/li>\n<li>Mrs. Marine VUILLERMOZ\n<ul>\n<li>Substitute : Mr. Maxence ROULLIAT<\/li>\n<\/ul>\n<\/li>\n<\/ul>\n<\/div>\n\t\t\t\t<\/div>\n\t\t\t\t\t\t\t<div class=\"elementor-toggle-item\">\n\t\t\t\t\t<div id=\"elementor-tab-title-2335\" class=\"elementor-tab-title\" data-tab=\"5\" role=\"button\" aria-controls=\"elementor-tab-content-2335\" aria-expanded=\"false\">\n\t\t\t\t\t\t\t\t\t\t\t\t<span class=\"elementor-toggle-icon elementor-toggle-icon-left\" aria-hidden=\"true\">\n\t\t\t\t\t\t\t\t\t\t\t\t\t\t\t<span class=\"elementor-toggle-icon-closed\"><i class=\"fas fa-caret-right\"><\/i><\/span>\n\t\t\t\t\t\t\t\t<span class=\"elementor-toggle-icon-opened\"><i class=\"elementor-toggle-icon-opened fas fa-caret-up\"><\/i><\/span>\n\t\t\t\t\t\t\t\t\t\t\t\t\t<\/span>\n\t\t\t\t\t\t\t\t\t\t\t\t<a class=\"elementor-toggle-title\" tabindex=\"0\">Designated persons from member institutions<\/a>\n\t\t\t\t\t<\/div>\n\n\t\t\t\t\t<div id=\"elementor-tab-content-2335\" class=\"elementor-tab-content elementor-clearfix\" data-tab=\"5\" role=\"region\" aria-labelledby=\"elementor-tab-title-2335\"><ul>\n<li>Emmanuelle PUCEAT (uB)<\/li>\n<li>Antoine PERASSO (UFC)<\/li>\n<li>Abderrafiaa KOUKAM (UTBM)<\/li>\n<li>Emmanuel PIAT (ENSMM)<\/li>\n<li>Claude COMPAGNONE (Agrosup Dijon)<\/li>\n<li>Laurence ATTUEL-MENDES (BSB)<\/li>\n<li>Michel JAUZEIN (Arts et M\u00e9tiers \u2013 Campus de Cluny)<\/li>\n<\/ul>\n<\/div>\n\t\t\t\t<\/div>\n\t\t\t\t\t\t\t<div class=\"elementor-toggle-item\">\n\t\t\t\t\t<div id=\"elementor-tab-title-2336\" class=\"elementor-tab-title\" data-tab=\"6\" role=\"button\" aria-controls=\"elementor-tab-content-2336\" aria-expanded=\"false\">\n\t\t\t\t\t\t\t\t\t\t\t\t<span class=\"elementor-toggle-icon elementor-toggle-icon-left\" aria-hidden=\"true\">\n\t\t\t\t\t\t\t\t\t\t\t\t\t\t\t<span class=\"elementor-toggle-icon-closed\"><i class=\"fas fa-caret-right\"><\/i><\/span>\n\t\t\t\t\t\t\t\t<span class=\"elementor-toggle-icon-opened\"><i class=\"elementor-toggle-icon-opened fas fa-caret-up\"><\/i><\/span>\n\t\t\t\t\t\t\t\t\t\t\t\t\t<\/span>\n\t\t\t\t\t\t\t\t\t\t\t\t<a class=\"elementor-toggle-title\" tabindex=\"0\">Third parties<\/a>\n\t\t\t\t\t<\/div>\n\n\t\t\t\t\t<div id=\"elementor-tab-content-2336\" class=\"elementor-tab-content elementor-clearfix\" data-tab=\"6\" role=\"region\" aria-labelledby=\"elementor-tab-title-2336\"><ul>\n<li>Nathalie MUNIER-JOLAIN (INRAE)<\/li>\n<li>Fabien THOMAS (CNRS)<\/li>\n<li>Nadi\u00e8ge BAILLE (CHU Dijon)<\/li>\n<li>Chantal CARROGER (CHU Besan\u00e7on)<\/li>\n<li>Maude CLAVEQUIN (Conseil r\u00e9gional Bourgogne-Franche-Comt\u00e9)<\/li>\n<li>St\u00e9phane GUIGUET(Conseil r\u00e9gional Bourgogne-Franche-Comt\u00e9)<\/li>\n<li>Denis HAMEAU (Dijon M\u00e9tropole)<\/li>\n<li>Anne VIGNOT (Grand Besan\u00e7on M\u00e9tropole)<\/li>\n<li>\u00c9ric KOEBERL\u00c9 (P\u00f4le m\u00e9tropolitain Nord Franche-Comt\u00e9)<\/li>\n<li>Fran\u00e7oise HERVET(Nevers Agglom\u00e9ration)<\/li>\n<li>Sylvain MARMIER (CESER Bourgogne-Franche-Comt\u00e9)<\/li>\n<li>Fran\u00e7oise FREREBEAU (CESER Bourgogne-Franche-Comt\u00e9)<\/li>\n<li>Roland DE LA BROSSE (Adhex Technologie)<\/li>\n<li>Henri PORTE (IXBlue)<\/li>\n<\/ul>\n<\/div>\n\t\t\t\t<\/div>\n\t\t\t\t\t\t\t\t<\/div>\n\t\t\t\t\t\t<\/div>\n\t\t\t\t<\/div>\n\t\t\t\t\t<\/div>\n\t\t<\/div>\n\t\t\t\t\t<\/div>\n\t\t<\/section>\n\t\t\t\t<section class=\"elementor-section elementor-top-section elementor-element elementor-element-29cff7b elementor-section-boxed elementor-section-height-default elementor-section-height-default\" data-id=\"29cff7b\" data-element_type=\"section\" data-e-type=\"section\">\n\t\t\t\t\t\t<div class=\"elementor-container elementor-column-gap-default\">\n\t\t\t\t\t<div class=\"elementor-column elementor-col-100 elementor-top-column elementor-element elementor-element-06a96d2\" data-id=\"06a96d2\" data-element_type=\"column\" data-e-type=\"column\">\n\t\t\t<div class=\"elementor-widget-wrap elementor-element-populated\">\n\t\t\t\t\t\t<div class=\"elementor-element elementor-element-1495ce3 elementor-widget elementor-widget-text-editor\" data-id=\"1495ce3\" data-element_type=\"widget\" data-e-type=\"widget\" data-widget_type=\"text-editor.default\">\n\t\t\t\t<div class=\"elementor-widget-container\">\n\t\t\t\t\t\t\t\t\t<p><strong><span style=\"font-size: 14pt;\">Reports, decision reports, verbatim accounts<\/span><\/strong><\/p>\n\t\t\t\t\t\t\t\t<\/div>\n\t\t\t\t<\/div>\n\t\t\t\t\t<\/div>\n\t\t<\/div>\n\t\t\t\t\t<\/div>\n\t\t<\/section>\n\t\t\t\t<section class=\"elementor-section elementor-top-section elementor-element elementor-element-da62632 elementor-section-boxed elementor-section-height-default elementor-section-height-default\" data-id=\"da62632\" data-element_type=\"section\" data-e-type=\"section\">\n\t\t\t\t\t\t<div class=\"elementor-container elementor-column-gap-default\">\n\t\t\t\t\t<div class=\"elementor-column elementor-col-100 elementor-top-column elementor-element elementor-element-c899ae0\" data-id=\"c899ae0\" data-element_type=\"column\" data-e-type=\"column\">\n\t\t\t<div class=\"elementor-widget-wrap elementor-element-populated\">\n\t\t\t\t\t\t<div class=\"elementor-element elementor-element-da55da8 elementor-widget elementor-widget-text-editor\" data-id=\"da55da8\" data-element_type=\"widget\" data-e-type=\"widget\" data-widget_type=\"text-editor.default\">\n\t\t\t\t<div class=\"elementor-widget-container\">\n\t\t\t\t\t\t\t\t\t<p><a href=\"\/?page_id=44655\"><strong><span style=\"font-size: 14pt;\">2020 <\/span><\/strong><\/a><\/p>\n\t\t\t\t\t\t\t\t<\/div>\n\t\t\t\t<\/div>\n\t\t\t\t\t<\/div>\n\t\t<\/div>\n\t\t\t\t\t<\/div>\n\t\t<\/section>\n\t\t\t\t<section class=\"elementor-section elementor-top-section elementor-element elementor-element-097aa2b elementor-section-boxed elementor-section-height-default elementor-section-height-default\" data-id=\"097aa2b\" data-element_type=\"section\" data-e-type=\"section\">\n\t\t\t\t\t\t<div class=\"elementor-container elementor-column-gap-default\">\n\t\t\t\t\t<div class=\"elementor-column elementor-col-100 elementor-top-column elementor-element elementor-element-2910787\" data-id=\"2910787\" data-element_type=\"column\" data-e-type=\"column\">\n\t\t\t<div class=\"elementor-widget-wrap elementor-element-populated\">\n\t\t\t\t\t\t<div class=\"elementor-element elementor-element-bb77d76 elementor-widget elementor-widget-text-editor\" data-id=\"bb77d76\" data-element_type=\"widget\" data-e-type=\"widget\" data-widget_type=\"text-editor.default\">\n\t\t\t\t<div class=\"elementor-widget-container\">\n\t\t\t\t\t\t\t\t\t<p><strong><a href=\"\/?page_id=44658\"><span style=\"font-size: 14pt;\">2019 <\/span><\/a><\/strong><\/p>\n\t\t\t\t\t\t\t\t<\/div>\n\t\t\t\t<\/div>\n\t\t\t\t\t<\/div>\n\t\t<\/div>\n\t\t\t\t\t<\/div>\n\t\t<\/section>\n\t\t\t\t<section class=\"elementor-section elementor-top-section elementor-element elementor-element-c72d7c9 elementor-section-boxed elementor-section-height-default elementor-section-height-default\" data-id=\"c72d7c9\" data-element_type=\"section\" data-e-type=\"section\">\n\t\t\t\t\t\t<div class=\"elementor-container elementor-column-gap-default\">\n\t\t\t\t\t<div class=\"elementor-column elementor-col-100 elementor-top-column elementor-element elementor-element-49f21f1\" data-id=\"49f21f1\" data-element_type=\"column\" data-e-type=\"column\">\n\t\t\t<div class=\"elementor-widget-wrap elementor-element-populated\">\n\t\t\t\t\t\t<div class=\"elementor-element elementor-element-d19216b elementor-widget elementor-widget-text-editor\" data-id=\"d19216b\" data-element_type=\"widget\" data-e-type=\"widget\" data-widget_type=\"text-editor.default\">\n\t\t\t\t<div class=\"elementor-widget-container\">\n\t\t\t\t\t\t\t\t\t<p><strong><a href=\"\/?page_id=44661\"><span style=\"font-size: 14pt;\">2018 <\/span><\/a><br \/>\n<\/strong><\/p>\n\t\t\t\t\t\t\t\t<\/div>\n\t\t\t\t<\/div>\n\t\t\t\t\t<\/div>\n\t\t<\/div>\n\t\t\t\t\t<\/div>\n\t\t<\/section>\n\t\t\t\t<section class=\"elementor-section elementor-top-section elementor-element elementor-element-a86c663 elementor-section-boxed elementor-section-height-default elementor-section-height-default\" data-id=\"a86c663\" data-element_type=\"section\" data-e-type=\"section\">\n\t\t\t\t\t\t<div class=\"elementor-container elementor-column-gap-default\">\n\t\t\t\t\t<div class=\"elementor-column elementor-col-100 elementor-top-column elementor-element elementor-element-b3d9fae\" data-id=\"b3d9fae\" data-element_type=\"column\" data-e-type=\"column\">\n\t\t\t<div class=\"elementor-widget-wrap elementor-element-populated\">\n\t\t\t\t\t\t<div class=\"elementor-element elementor-element-1264e07 elementor-widget elementor-widget-text-editor\" data-id=\"1264e07\" data-element_type=\"widget\" data-e-type=\"widget\" data-widget_type=\"text-editor.default\">\n\t\t\t\t<div class=\"elementor-widget-container\">\n\t\t\t\t\t\t\t\t\t<p><strong><a href=\"\/?page_id=44663\"><span style=\"font-size: 14pt;\">2017 <\/span><\/a><br \/>\n<\/strong><\/p>\n\t\t\t\t\t\t\t\t<\/div>\n\t\t\t\t<\/div>\n\t\t\t\t\t<\/div>\n\t\t<\/div>\n\t\t\t\t\t<\/div>\n\t\t<\/section>\n\t\t\t\t<section class=\"elementor-section elementor-top-section elementor-element elementor-element-aaaeda6 elementor-section-boxed elementor-section-height-default elementor-section-height-default\" data-id=\"aaaeda6\" data-element_type=\"section\" data-e-type=\"section\">\n\t\t\t\t\t\t<div class=\"elementor-container elementor-column-gap-default\">\n\t\t\t\t\t<div class=\"elementor-column elementor-col-100 elementor-top-column elementor-element elementor-element-985f1bf\" data-id=\"985f1bf\" data-element_type=\"column\" data-e-type=\"column\">\n\t\t\t<div class=\"elementor-widget-wrap elementor-element-populated\">\n\t\t\t\t\t\t<div class=\"elementor-element elementor-element-fc58627 elementor-widget elementor-widget-text-editor\" data-id=\"fc58627\" data-element_type=\"widget\" data-e-type=\"widget\" data-widget_type=\"text-editor.default\">\n\t\t\t\t<div class=\"elementor-widget-container\">\n\t\t\t\t\t\t\t\t\t<p><strong><span style=\"font-size: 14pt;\"><a href=\"\/?page_id=44665\">2016<\/a> <\/span><br \/>\n<\/strong><\/p>\n\t\t\t\t\t\t\t\t<\/div>\n\t\t\t\t<\/div>\n\t\t\t\t\t<\/div>\n\t\t<\/div>\n\t\t\t\t\t<\/div>\n\t\t<\/section>\n\t\t\t\t<\/div>\n\t\t","protected":false},"excerpt":{"rendered":"<p>&gt; Access to reports, decisions and verbatim accounts &nbsp; Composition and role The board of administrators is presided over by Dominique GREVEY, and composed of 45 members: 24 elected members 7 designated persons from UBFC member institutions 14 external figures The board of administrators is a deciding body that determines the COMUE\u2019s policy and ensures &hellip; <a href=\"https:\/\/ubfc-preprod.u-bourgogne.fr\/en\/governance\/bodies\/the-board-of-administrators\/\">Continued<\/a><\/p>\n","protected":false},"author":18,"featured_media":0,"parent":45184,"menu_order":71,"comment_status":"closed","ping_status":"closed","template":"","meta":{"footnotes":""},"class_list":["post-45791","page","type-page","status-publish","hentry"],"acf":[],"_links":{"self":[{"href":"https:\/\/ubfc-preprod.u-bourgogne.fr\/en\/wp-json\/wp\/v2\/pages\/45791","targetHints":{"allow":["GET"]}}],"collection":[{"href":"https:\/\/ubfc-preprod.u-bourgogne.fr\/en\/wp-json\/wp\/v2\/pages"}],"about":[{"href":"https:\/\/ubfc-preprod.u-bourgogne.fr\/en\/wp-json\/wp\/v2\/types\/page"}],"author":[{"embeddable":true,"href":"https:\/\/ubfc-preprod.u-bourgogne.fr\/en\/wp-json\/wp\/v2\/users\/18"}],"replies":[{"embeddable":true,"href":"https:\/\/ubfc-preprod.u-bourgogne.fr\/en\/wp-json\/wp\/v2\/comments?post=45791"}],"version-history":[{"count":6,"href":"https:\/\/ubfc-preprod.u-bourgogne.fr\/en\/wp-json\/wp\/v2\/pages\/45791\/revisions"}],"predecessor-version":[{"id":49404,"href":"https:\/\/ubfc-preprod.u-bourgogne.fr\/en\/wp-json\/wp\/v2\/pages\/45791\/revisions\/49404"}],"up":[{"embeddable":true,"href":"https:\/\/ubfc-preprod.u-bourgogne.fr\/en\/wp-json\/wp\/v2\/pages\/45184"}],"wp:attachment":[{"href":"https:\/\/ubfc-preprod.u-bourgogne.fr\/en\/wp-json\/wp\/v2\/media?parent=45791"}],"curies":[{"name":"wp","href":"https:\/\/api.w.org\/{rel}","templated":true}]}}