{"id":45767,"date":"2020-09-01T10:35:01","date_gmt":"2020-09-01T08:35:01","guid":{"rendered":"https:\/\/www.ubfc.fr\/about-ubfc\/presentation\/"},"modified":"2020-09-01T10:35:04","modified_gmt":"2020-09-01T08:35:04","slug":"presentation","status":"publish","type":"page","link":"https:\/\/ubfc-preprod.u-bourgogne.fr\/en\/about-ubfc\/presentation\/","title":{"rendered":"Presentation"},"content":{"rendered":"\t\t<div data-elementor-type=\"wp-page\" data-elementor-id=\"45767\" class=\"elementor elementor-45767\" data-elementor-post-type=\"page\">\n\t\t\t\t\t\t<section class=\"elementor-section elementor-top-section elementor-element elementor-element-2a0333b elementor-section-boxed elementor-section-height-default elementor-section-height-default\" data-id=\"2a0333b\" data-element_type=\"section\" data-e-type=\"section\">\n\t\t\t\t\t\t<div class=\"elementor-container elementor-column-gap-default\">\n\t\t\t\t\t<div class=\"elementor-column elementor-col-50 elementor-top-column elementor-element elementor-element-8d303ae\" data-id=\"8d303ae\" data-element_type=\"column\" data-e-type=\"column\">\n\t\t\t<div class=\"elementor-widget-wrap elementor-element-populated\">\n\t\t\t\t\t\t<div class=\"elementor-element elementor-element-ad473f6 elementor-widget elementor-widget-text-editor\" data-id=\"ad473f6\" data-element_type=\"widget\" data-e-type=\"widget\" data-widget_type=\"text-editor.default\">\n\t\t\t\t<div class=\"elementor-widget-container\">\n\t\t\t\t\t\t\t\t\t<p>Universit\u00e9 Bourgogne Franche-Comt\u00e9 (UBFC) is a community of universities and institutions (COMUE); it was born on 1<sup>st<\/sup> April 2015 and gathers <a href=\"https:\/\/www.ubfc.fr\/en\/about-ubfc\/presentation\/#membres\">seven higher-education and research institutions<\/a>.<\/p>\n<p>The creation of UBFC meets an imperative need for competitivity in Bourgogne \u2013 Franche-Comt\u00e9. UBFC represents the development of higher education, research and innovation across the whole regional territory, based on the strengths and assets of the institutions it gathers. This development leads to a multidisciplinary, high-quality training offer, in link with research in recognised specialisation fields and in agreement with territorial economy and culture.<\/p>\n<p>The strategic project of UBFC is that of a joint university that respects the sovereignty of its members while building up collective projects.<\/p>\n<p>UBFC currently hosts more than 60,000 students and 8,800 staff. It spreads across 13 sites distributed in the Bourgogne Franche-Comt\u00e9 region. The student population is mainly found in the following four urban centres:<strong> Dijon M\u00e9tropole<\/strong>, <strong>Grand Besan\u00e7on M\u00e9tropole<\/strong>, <strong>P\u00f4le m\u00e9tropolitain Nord Franche-Comt\u00e9, and Sud Bourgogne.<\/strong><\/p>\n<p>These centres are also at the origin of the strong industrial culture of Bourgogne \u2013 Franche-Comt\u00e9, and currently offer great economic specificities, namely the agri-food industry, micro techniques, energy, and mobility.<\/p>\n<p>Besides this regional economic activity, the key competences of Bourgogne \u2013 Franche-Comt\u00e9 have led to the emergence of three scientific lines of research recognised as themes of excellence at the international scale:<\/p>\n<ul>\n<li><strong>Advanced materials, waves, intelligent systems<\/strong><\/li>\n<li><strong>Territories, environment, food<\/strong><\/li>\n<li><strong>Integrated personalised care<\/strong><\/li>\n<\/ul>\n<p>Thus, the creation of UBFC makes it possible to develop the competitivity of Bourgogne \u2013 Franche-Comt\u00e9 at the local, national, but also international scales.<\/p>\n\t\t\t\t\t\t\t\t<\/div>\n\t\t\t\t<\/div>\n\t\t\t\t\t<\/div>\n\t\t<\/div>\n\t\t\t\t<div class=\"elementor-column elementor-col-50 elementor-top-column elementor-element elementor-element-11ee79d\" data-id=\"11ee79d\" data-element_type=\"column\" data-e-type=\"column\">\n\t\t\t<div class=\"elementor-widget-wrap elementor-element-populated\">\n\t\t\t\t\t\t<div class=\"elementor-element elementor-element-5384efe elementor-widget elementor-widget-image\" data-id=\"5384efe\" data-element_type=\"widget\" data-e-type=\"widget\" data-widget_type=\"image.default\">\n\t\t\t\t<div class=\"elementor-widget-container\">\n\t\t\t\t\t\t\t\t\t\t\t\t\t\t\t<img fetchpriority=\"high\" decoding=\"async\" width=\"1024\" height=\"851\" src=\"https:\/\/ubfc-preprod.u-bourgogne.fr\/wp-content\/uploads\/2019\/03\/Carte_membresUBFC-01-1024x851.jpg\" class=\"attachment-large size-large wp-image-34028\" alt=\"\" srcset=\"https:\/\/ubfc-preprod.u-bourgogne.fr\/wp-content\/uploads\/2019\/03\/Carte_membresUBFC-01-1024x851.jpg 1024w, https:\/\/ubfc-preprod.u-bourgogne.fr\/wp-content\/uploads\/2019\/03\/Carte_membresUBFC-01-300x249.jpg 300w, https:\/\/ubfc-preprod.u-bourgogne.fr\/wp-content\/uploads\/2019\/03\/Carte_membresUBFC-01-768x638.jpg 768w, https:\/\/ubfc-preprod.u-bourgogne.fr\/wp-content\/uploads\/2019\/03\/Carte_membresUBFC-01.jpg 1470w\" sizes=\"(max-width: 1024px) 100vw, 1024px\" \/>\t\t\t\t\t\t\t\t\t\t\t\t\t\t\t<\/div>\n\t\t\t\t<\/div>\n\t\t\t\t\t<\/div>\n\t\t<\/div>\n\t\t\t\t\t<\/div>\n\t\t<\/section>\n\t\t\t\t<section class=\"elementor-section elementor-top-section elementor-element elementor-element-7e95eb9 elementor-section-boxed elementor-section-height-default elementor-section-height-default\" data-id=\"7e95eb9\" data-element_type=\"section\" data-e-type=\"section\">\n\t\t\t\t\t\t<div class=\"elementor-container elementor-column-gap-default\">\n\t\t\t\t\t<div class=\"elementor-column elementor-col-100 elementor-top-column elementor-element elementor-element-92577aa\" data-id=\"92577aa\" data-element_type=\"column\" data-e-type=\"column\">\n\t\t\t<div class=\"elementor-widget-wrap elementor-element-populated\">\n\t\t\t\t\t\t<div class=\"elementor-element elementor-element-280d106 elementor-widget elementor-widget-toggle\" data-id=\"280d106\" data-element_type=\"widget\" data-e-type=\"widget\" data-widget_type=\"toggle.default\">\n\t\t\t\t<div class=\"elementor-widget-container\">\n\t\t\t\t\t\t\t<div class=\"elementor-toggle\">\n\t\t\t\t\t\t\t<div class=\"elementor-toggle-item\">\n\t\t\t\t\t<div id=\"elementor-tab-title-4191\" class=\"elementor-tab-title\" data-tab=\"1\" role=\"button\" aria-controls=\"elementor-tab-content-4191\" aria-expanded=\"false\">\n\t\t\t\t\t\t\t\t\t\t\t\t<span class=\"elementor-toggle-icon elementor-toggle-icon-left\" aria-hidden=\"true\">\n\t\t\t\t\t\t\t\t\t\t\t\t\t\t\t<span class=\"elementor-toggle-icon-closed\"><i class=\"fas fa-caret-right\"><\/i><\/span>\n\t\t\t\t\t\t\t\t<span class=\"elementor-toggle-icon-opened\"><i class=\"elementor-toggle-icon-opened fas fa-caret-up\"><\/i><\/span>\n\t\t\t\t\t\t\t\t\t\t\t\t\t<\/span>\n\t\t\t\t\t\t\t\t\t\t\t\t<a class=\"elementor-toggle-title\" tabindex=\"0\">Founding members     <\/a>\n\t\t\t\t\t<\/div>\n\n\t\t\t\t\t<div id=\"elementor-tab-content-4191\" class=\"elementor-tab-content elementor-clearfix\" data-tab=\"1\" role=\"region\" aria-labelledby=\"elementor-tab-title-4191\"><p>The seven founding institutions of UBFC are<\/p>\n<ul>\n<li><a href=\"http:\/\/www.u-bourgogne.fr\/\">Universit\u00e9 de Bourgogne (uB)<\/a><\/li>\n<li><a href=\"http:\/\/www.univ-fcomte.fr\/\">Universit\u00e9 de Franche-Comt\u00e9 (UFC)<\/a><\/li>\n<li><a href=\"http:\/\/www.utbm.fr\/\">Universit\u00e9 de Technologie Belfort-Montb\u00e9liard (UTBM)<\/a><\/li>\n<li><a href=\"https:\/\/www.ens2m.fr\/\">\u00c9cole Nationale Sup\u00e9rieure de M\u00e9canique et des Microtechniques (ENSMM)<\/a><\/li>\n<li><a href=\"http:\/\/www.agrosupdijon.fr\/\">AgroSup Dijon<\/a><\/li>\n<li><a href=\"http:\/\/www.escdijon.eu\/\">Burgundy School of Business (BSB)<br \/>\n<\/a><a href=\"http:\/\/www.escdijon.eu\/\">\u00c9cole Nationale Sup\u00e9rieure d\u2019Arts et M\u00e9tiers (ENSAM)<\/a><\/li>\n<\/ul>\n<\/div>\n\t\t\t\t<\/div>\n\t\t\t\t\t\t\t<div class=\"elementor-toggle-item\">\n\t\t\t\t\t<div id=\"elementor-tab-title-4192\" class=\"elementor-tab-title\" data-tab=\"2\" role=\"button\" aria-controls=\"elementor-tab-content-4192\" aria-expanded=\"false\">\n\t\t\t\t\t\t\t\t\t\t\t\t<span class=\"elementor-toggle-icon elementor-toggle-icon-left\" aria-hidden=\"true\">\n\t\t\t\t\t\t\t\t\t\t\t\t\t\t\t<span class=\"elementor-toggle-icon-closed\"><i class=\"fas fa-caret-right\"><\/i><\/span>\n\t\t\t\t\t\t\t\t<span class=\"elementor-toggle-icon-opened\"><i class=\"elementor-toggle-icon-opened fas fa-caret-up\"><\/i><\/span>\n\t\t\t\t\t\t\t\t\t\t\t\t\t<\/span>\n\t\t\t\t\t\t\t\t\t\t\t\t<a class=\"elementor-toggle-title\" tabindex=\"0\">Stakes<\/a>\n\t\t\t\t\t<\/div>\n\n\t\t\t\t\t<div id=\"elementor-tab-content-4192\" class=\"elementor-tab-content elementor-clearfix\" data-tab=\"2\" role=\"region\" aria-labelledby=\"elementor-tab-title-4192\"><p>Through the creation of UBFC, the grouping of the Bourgogne \u2013 Franche-Comt\u00e9 higher-education and research universities and institutions is aimed at addressing three strategic challenges, i.e.,<\/p>\n<ul>\n<li><strong>Create a global and legible organisation <\/strong>of higher education and research in Bourgogne \u2013 Franche-Comt\u00e9<\/li>\n<li><strong>Intensify the excellence and internationalisation<\/strong> of research<\/li>\n<li><strong>Develop attractiveness<\/strong> for students, researchers, lecturers-researchers<\/li>\n<li><strong>Lead all students to success.<\/strong><\/li>\n<\/ul>\n<p>Thus, UBFC stands out by the collective projects it builds up and supports within the community, with positive effects on all its member institutions.<\/p>\n<p>Among these projects are Investments for the Future programmes (\u201cprogrammes d\u2019investissement d\u2019avenir\u201d, PIA) such as the \u201cInitiatives Sciences Innovation Territoires \u00c9conomie Bourgogne \u2013 Franche-Comt\u00e9\u201d (I-SITE BFC) project, the \u201cNouveau Cursus \u00e0 l\u2019Universit\u00e9\u201d (NCU) project, and a University Research School (\u201c\u00c9cole Universitaire de Recherche\u201d, EUR) also called Graduate School.<\/p>\n<p>The competences of the whole community are mobilised to fulfill these projects; UBFC\u2019s diversity represents an asset at the service of all its members.<\/p>\n<\/div>\n\t\t\t\t<\/div>\n\t\t\t\t\t\t\t\t<\/div>\n\t\t\t\t\t\t<\/div>\n\t\t\t\t<\/div>\n\t\t\t\t\t<\/div>\n\t\t<\/div>\n\t\t\t\t\t<\/div>\n\t\t<\/section>\n\t\t\t\t<\/div>\n\t\t","protected":false},"excerpt":{"rendered":"<p>Universit\u00e9 Bourgogne Franche-Comt\u00e9 (UBFC) is a community of universities and institutions (COMUE); it was born on 1st April 2015 and gathers seven higher-education and research institutions. The creation of UBFC meets an imperative need for competitivity in Bourgogne \u2013 Franche-Comt\u00e9. UBFC represents the development of higher education, research and innovation across the whole regional territory, &hellip; <a href=\"https:\/\/ubfc-preprod.u-bourgogne.fr\/en\/about-ubfc\/presentation\/\">Continued<\/a><\/p>\n","protected":false},"author":18,"featured_media":0,"parent":45763,"menu_order":163,"comment_status":"closed","ping_status":"closed","template":"","meta":{"footnotes":""},"class_list":["post-45767","page","type-page","status-publish","hentry"],"acf":[],"_links":{"self":[{"href":"https:\/\/ubfc-preprod.u-bourgogne.fr\/en\/wp-json\/wp\/v2\/pages\/45767","targetHints":{"allow":["GET"]}}],"collection":[{"href":"https:\/\/ubfc-preprod.u-bourgogne.fr\/en\/wp-json\/wp\/v2\/pages"}],"about":[{"href":"https:\/\/ubfc-preprod.u-bourgogne.fr\/en\/wp-json\/wp\/v2\/types\/page"}],"author":[{"embeddable":true,"href":"https:\/\/ubfc-preprod.u-bourgogne.fr\/en\/wp-json\/wp\/v2\/users\/18"}],"replies":[{"embeddable":true,"href":"https:\/\/ubfc-preprod.u-bourgogne.fr\/en\/wp-json\/wp\/v2\/comments?post=45767"}],"version-history":[{"count":3,"href":"https:\/\/ubfc-preprod.u-bourgogne.fr\/en\/wp-json\/wp\/v2\/pages\/45767\/revisions"}],"predecessor-version":[{"id":45770,"href":"https:\/\/ubfc-preprod.u-bourgogne.fr\/en\/wp-json\/wp\/v2\/pages\/45767\/revisions\/45770"}],"up":[{"embeddable":true,"href":"https:\/\/ubfc-preprod.u-bourgogne.fr\/en\/wp-json\/wp\/v2\/pages\/45763"}],"wp:attachment":[{"href":"https:\/\/ubfc-preprod.u-bourgogne.fr\/en\/wp-json\/wp\/v2\/media?parent=45767"}],"curies":[{"name":"wp","href":"https:\/\/api.w.org\/{rel}","templated":true}]}}