{"id":45468,"date":"2020-07-22T16:29:08","date_gmt":"2020-07-22T14:29:08","guid":{"rendered":"https:\/\/www.ubfc.fr\/integrated-projects\/"},"modified":"2021-01-05T13:05:50","modified_gmt":"2021-01-05T12:05:50","slug":"integrated-projects","status":"publish","type":"page","link":"https:\/\/ubfc-preprod.u-bourgogne.fr\/en\/isite-bfc-project\/integrated-projects\/","title":{"rendered":"Integrated projects"},"content":{"rendered":"\t\t<div data-elementor-type=\"wp-page\" data-elementor-id=\"45468\" class=\"elementor elementor-45468\" data-elementor-post-type=\"page\">\n\t\t\t\t\t\t<section class=\"elementor-section elementor-top-section elementor-element elementor-element-71d66a3 elementor-section-boxed elementor-section-height-default elementor-section-height-default\" data-id=\"71d66a3\" data-element_type=\"section\" data-e-type=\"section\">\n\t\t\t\t\t\t<div class=\"elementor-container elementor-column-gap-default\">\n\t\t\t\t\t<div class=\"elementor-column elementor-col-100 elementor-top-column elementor-element elementor-element-627456e\" data-id=\"627456e\" data-element_type=\"column\" data-e-type=\"column\">\n\t\t\t<div class=\"elementor-widget-wrap elementor-element-populated\">\n\t\t\t\t\t\t<div class=\"elementor-element elementor-element-7e77df9 elementor-widget elementor-widget-text-editor\" data-id=\"7e77df9\" data-element_type=\"widget\" data-e-type=\"widget\" data-widget_type=\"text-editor.default\">\n\t\t\t\t<div class=\"elementor-widget-container\">\n\t\t\t\t\t\t\t\t\t<p>Integrated projects are &#8220;top-down&#8221; projects. <strong>Their purpose is to integrate the ISITE-BFC dynamics into each of the priority axis and thus, guide tomorrow&#8217;s research. <\/strong><\/p>\n<p>These projects fulfill one or more of the following criteria:<\/p>\n<ol>\n<li>Integration of all the partners in the ISITE-BFC research dynamic.<\/li>\n<li>creation of infrastructures favoring:<\/li>\n<\/ol>\n<ul>\n<li style=\"list-style-type: none;\">\n<ul style=\"list-style-type: circle;\">\n<li>the candidacy of talented international researchers for international fellowships.<\/li>\n<li>the revision of the objectives of UBFC researchers to ensure that they are in line with one of the priority axes<\/li>\n<li>the emergence of internal interdisciplinary projects.<\/li>\n<\/ul>\n<\/li>\n<\/ul>\n\t\t\t\t\t\t\t\t<\/div>\n\t\t\t\t<\/div>\n\t\t\t\t\t<\/div>\n\t\t<\/div>\n\t\t\t\t\t<\/div>\n\t\t<\/section>\n\t\t\t\t<section class=\"elementor-section elementor-top-section elementor-element elementor-element-699ff2a elementor-section-boxed elementor-section-height-default elementor-section-height-default\" data-id=\"699ff2a\" data-element_type=\"section\" data-e-type=\"section\">\n\t\t\t\t\t\t<div class=\"elementor-container elementor-column-gap-default\">\n\t\t\t\t\t<div class=\"elementor-column elementor-col-100 elementor-top-column elementor-element elementor-element-d0eacd6\" data-id=\"d0eacd6\" data-element_type=\"column\" data-e-type=\"column\">\n\t\t\t<div class=\"elementor-widget-wrap elementor-element-populated\">\n\t\t\t\t\t\t<div class=\"elementor-element elementor-element-d1de19b elementor-widget elementor-widget-toggle\" data-id=\"d1de19b\" data-element_type=\"widget\" data-e-type=\"widget\" data-widget_type=\"toggle.default\">\n\t\t\t\t<div class=\"elementor-widget-container\">\n\t\t\t\t\t\t\t<div class=\"elementor-toggle\">\n\t\t\t\t\t\t\t<div class=\"elementor-toggle-item\">\n\t\t\t\t\t<div id=\"elementor-tab-title-2201\" class=\"elementor-tab-title\" data-tab=\"1\" role=\"button\" aria-controls=\"elementor-tab-content-2201\" aria-expanded=\"false\">\n\t\t\t\t\t\t\t\t\t\t\t\t<span class=\"elementor-toggle-icon elementor-toggle-icon-left\" aria-hidden=\"true\">\n\t\t\t\t\t\t\t\t\t\t\t\t\t\t\t<span class=\"elementor-toggle-icon-closed\"><i class=\"fas fa-caret-right\"><\/i><\/span>\n\t\t\t\t\t\t\t\t<span class=\"elementor-toggle-icon-opened\"><i class=\"elementor-toggle-icon-opened fas fa-caret-up\"><\/i><\/span>\n\t\t\t\t\t\t\t\t\t\t\t\t\t<\/span>\n\t\t\t\t\t\t\t\t\t\t\t\t<a class=\"elementor-toggle-title\" tabindex=\"0\">APPEAR (1st axis)<\/a>\n\t\t\t\t\t<\/div>\n\n\t\t\t\t\t<div id=\"elementor-tab-content-2201\" class=\"elementor-tab-content elementor-clearfix\" data-tab=\"1\" role=\"region\" aria-labelledby=\"elementor-tab-title-2201\"><p>This project concerns the development of photonics, a modern terminology covering all aspects of optics, lasers and their applications which are gradually spreading in all areas of human activity: communications, environmental analysis, medicine, material processing etc. The fundamental possibilities of optics in its wave, quantum and nonlinear aspects are explored and exploited to develop photonic devices at the international state of the art with innovative functionalities.<\/p>\n<p>The ICB (Dijon) and FEMTO (Besan\u00e7on) laboratories aim to develop, within the framework of the APPEAR project, an experimentation and characterization platform essentially oriented towards the mid-infrared domain, first in the optical spectral band included between 2 and 3 microns, then in the 3-5 micron range. This strategic orientation targets numerous project developments in this wide spectral range, which includes development of materials and processes, as also taking place on the international scene. The current scientific frenzy in the direction of the mid-infrared reflects many possible applications, in particular in the fields of health, environment and communication. In fact, infrared between 2 and 5 microns covers spectral regions of interest for spectroscopy holding the molecular fingerprints of simple to complex molecules (greenhouse gases, atmospheric pollutants, toxics and explosive, etc.) as well as atmospheric transparency windows that can be used for communications toward space.<\/p>\n<p>&nbsp;<\/p>\n<p>The APPEAR project concretely allows:<\/p>\n<ul>\n<li>To reach a critical mass of high-performance equipment in the infrared field, including the possibility of characterization at an optical wavelength up to 5 microns, as well as the support of staff essential for the implementation of related experimental projects;<\/li>\n<li>To promote, through the presence of available pooled equipment, the development of collaborations between the ICB and FEMTO-ST laboratories.<\/li>\n<\/ul>\n<p>&nbsp;<\/p>\n<p><strong>Coordinators :<\/strong><\/p>\n<p><strong>Philippe Grelu<\/strong><br \/>\nICB &#8211; UMR 6303 CNRS-uB &#8211; UBFC<br \/>\nPhotonics Department<br \/>\n<a href=\"mailto:philippe.grelu@ubfc.fr\">philippe.grelu@ubfc.fr<\/a><\/p>\n<p><strong>Maxime Jacquot<\/strong><br \/>\nFEMTO-ST &#8211; UMR 6174 CNRS-UFC &#8211; UBFC<br \/>\nOptic Department Optique<br \/>\n<a href=\"mailto:maxime.jacquot@ubfc.fr\">maxime.jacquot@ubfc.fr<\/a><\/p>\n<p><strong>Collaborator labs:<\/strong><\/p>\n<ul>\n<li><a href=\"https:\/\/icb.u-bourgogne.fr\/\">ICB<\/a><\/li>\n<li><a href=\"https:\/\/www.femto-st.fr\/fr\">FEMTO-ST<\/a><\/li>\n<\/ul>\n<table style=\"width: 84.8005%; height: 84px;\">\n<tbody>\n<tr>\n<td style=\"width: 75%;\"><strong>This project is co-funded by the BFC Region<br \/>\n<\/strong><\/td>\n<td style=\"width: 25%;\"><img decoding=\"async\" class=\"alignnone  wp-image-49883\" src=\"https:\/\/www.ubfc.fr\/wp-content\/uploads\/2021\/01\/Conseil-re\u0301gional-BFC-300x232.jpg\" alt=\"\" width=\"103\" height=\"79\" srcset=\"https:\/\/ubfc-preprod.u-bourgogne.fr\/wp-content\/uploads\/2021\/01\/Conseil-re\u0301gional-BFC-300x232.jpg 300w, https:\/\/ubfc-preprod.u-bourgogne.fr\/wp-content\/uploads\/2021\/01\/Conseil-re\u0301gional-BFC-768x593.jpg 768w, https:\/\/ubfc-preprod.u-bourgogne.fr\/wp-content\/uploads\/2021\/01\/Conseil-re\u0301gional-BFC.jpg 813w\" sizes=\"(max-width: 103px) 100vw, 103px\" \/><\/td>\n<\/tr>\n<\/tbody>\n<\/table>\n<\/div>\n\t\t\t\t<\/div>\n\t\t\t\t\t\t\t<div class=\"elementor-toggle-item\">\n\t\t\t\t\t<div id=\"elementor-tab-title-2202\" class=\"elementor-tab-title\" data-tab=\"2\" role=\"button\" aria-controls=\"elementor-tab-content-2202\" aria-expanded=\"false\">\n\t\t\t\t\t\t\t\t\t\t\t\t<span class=\"elementor-toggle-icon elementor-toggle-icon-left\" aria-hidden=\"true\">\n\t\t\t\t\t\t\t\t\t\t\t\t\t\t\t<span class=\"elementor-toggle-icon-closed\"><i class=\"fas fa-caret-right\"><\/i><\/span>\n\t\t\t\t\t\t\t\t<span class=\"elementor-toggle-icon-opened\"><i class=\"elementor-toggle-icon-opened fas fa-caret-up\"><\/i><\/span>\n\t\t\t\t\t\t\t\t\t\t\t\t\t<\/span>\n\t\t\t\t\t\t\t\t\t\t\t\t<a class=\"elementor-toggle-title\" tabindex=\"0\">PubPrivLand (2nd axis) - Public-private interactions: economic, social and environmental causes of different uses and management options<\/a>\n\t\t\t\t\t<\/div>\n\n\t\t\t\t\t<div id=\"elementor-tab-content-2202\" class=\"elementor-tab-content elementor-clearfix\" data-tab=\"2\" role=\"region\" aria-labelledby=\"elementor-tab-title-2202\"><p>While most analyses of the severe housing affordability crisisand contemporary environmental issues are posed separately on a large scale,or focus on the situation of large cities, this integrated project of the I-SITE BFC is driven by a triple ambition:<\/p>\n<p>deal with the interactions between private and public landsmutually linkedin their economic, social and environmental dimensions;<\/p>\n<p>capture these interactions at the regional level of Bourgogne Franche-Comt\u00e9 region on the basis of three themes emblematic of relatively sparsely populated European regions, namely urban green spaces, forested areas and agricultural lands; i<\/p>\n<p>thanks to the synergy of more than 65 agents from 6 laboratories in Besan\u00e7on and Dijon, our analysis is interdisciplinary between social and environmental sciences in order to broaden the scope of the work of our respective laboratories, both in our various academic fields and in terms of public decision support.<\/p>\n<p>By analyzing the interactions between public and private lands over time and over the whole urban-rural-naturalgradient, we address two main questions: which properties for which uses and for which development opportunities? Which public policies are best adequateto respond to the major environmental issues surrounding land and its uses?<\/p>\n<p><strong>Coordinators:<\/strong><\/p>\n<p><strong>Francis Raoul<\/strong><br \/>\nChrono-environnement \/ Universit\u00e9 de Franche-Comt\u00e9<br \/>\n<a href=\"mailto:francis.raoul@univ-fcomte.fr\">francis.raoul@univ-fcomte.fr<\/a><\/p>\n<p><strong>Nicolas Renahy<\/strong><br \/>\nCESAER \/ INRAE<br \/>\n<a href=\"nicolas.renahy@inrae.fr\">nicolas.renahy@inrae.fr<\/a><\/p>\n<p><strong>Collaborator labs:<br \/>\n<\/strong><\/p>\n<ul>\n<li><a href=\"http:\/\/thema.univ-fcomte.fr\/\">Th\u00e9MA<\/a><\/li>\n<li><a href=\"https:\/\/www2.dijon.inra.fr\/cesaer\/\">CESAER<\/a><\/li>\n<li><a href=\"http:\/\/ledi.u-bourgogne.fr\/\">LEDI<\/a><\/li>\n<li><a href=\"http:\/\/biogeosciences.u-bourgogne.fr\">Biog\u00e9osciences<\/a><\/li>\n<li><a href=\"https:\/\/chrono-environnement.univ-fcomte.fr\/\">Chronoenvironnement<\/a><\/li>\n<li><a href=\"https:\/\/www6.dijon.inra.fr\/umragroecologie\">Agro\u00e9cologie<\/a><\/li>\n<\/ul>\n<table>\n<tbody>\n<tr>\n<td><strong>This project is co-funded by the BFC Region<br \/>\n<\/strong><\/td>\n<td><img decoding=\"async\" class=\"alignnone  wp-image-49883\" src=\"https:\/\/www.ubfc.fr\/wp-content\/uploads\/2021\/01\/Conseil-re\u0301gional-BFC-300x232.jpg\" alt=\"\" width=\"103\" height=\"79\" srcset=\"https:\/\/ubfc-preprod.u-bourgogne.fr\/wp-content\/uploads\/2021\/01\/Conseil-re\u0301gional-BFC-300x232.jpg 300w, https:\/\/ubfc-preprod.u-bourgogne.fr\/wp-content\/uploads\/2021\/01\/Conseil-re\u0301gional-BFC-768x593.jpg 768w, https:\/\/ubfc-preprod.u-bourgogne.fr\/wp-content\/uploads\/2021\/01\/Conseil-re\u0301gional-BFC.jpg 813w\" sizes=\"(max-width: 103px) 100vw, 103px\" \/><\/td>\n<\/tr>\n<\/tbody>\n<\/table>\n<\/div>\n\t\t\t\t<\/div>\n\t\t\t\t\t\t\t<div class=\"elementor-toggle-item\">\n\t\t\t\t\t<div id=\"elementor-tab-title-2203\" class=\"elementor-tab-title\" data-tab=\"3\" role=\"button\" aria-controls=\"elementor-tab-content-2203\" aria-expanded=\"false\">\n\t\t\t\t\t\t\t\t\t\t\t\t<span class=\"elementor-toggle-icon elementor-toggle-icon-left\" aria-hidden=\"true\">\n\t\t\t\t\t\t\t\t\t\t\t\t\t\t\t<span class=\"elementor-toggle-icon-closed\"><i class=\"fas fa-caret-right\"><\/i><\/span>\n\t\t\t\t\t\t\t\t<span class=\"elementor-toggle-icon-opened\"><i class=\"elementor-toggle-icon-opened fas fa-caret-up\"><\/i><\/span>\n\t\t\t\t\t\t\t\t\t\t\t\t\t<\/span>\n\t\t\t\t\t\t\t\t\t\t\t\t<a class=\"elementor-toggle-title\" tabindex=\"0\">Personalise (3rd axis)<\/a>\n\t\t\t\t\t<\/div>\n\n\t\t\t\t\t<div id=\"elementor-tab-content-2203\" class=\"elementor-tab-content elementor-clearfix\" data-tab=\"3\" role=\"region\" aria-labelledby=\"elementor-tab-title-2203\"><p>PERSONALISE is the result of a strong ambition for research in rare\/common diseases and oncology, continuation of partnerships woven for many years by the actors of Bourgogne-Franche-Comt\u00e9. This project aims to be at the center of the I-SITE ecosystem bringing together all the key actors in research, care, education and valorization on its territory, people acting for patients and their families (GIMI, FHUs TRANSLAD\/INCREASE, LipSTIC Labex, EquipEx IMAPPI, CGFL, CHUs Dijon\/Besan\u00e7on, EFS BFC, INSERM, Universit\u00e9 Bourgogne Franche-Comt\u00e9, Clinical Investigation Centers).<\/p>\n<p>In the therapeutic field where precision medicine takes off and new technologies are emerging, PERSONALISE wishes to capitalize on four strong axes in order to develop new diagnostic and therapeutic approaches for the benefit of healthcare professionals and patients affected with rare\/common diseases or cancer:<\/p>\n<ul>\n<li>The development of genomics, molecular imaging and pathophysiological signature,<\/li>\n<li>The development of innovative therapy and clinical trials, in particular immunological approaches, to promote the passage of research towards the patient,<\/li>\n<li>An important work on ethical, economic and social issues through human social science research projects,<\/li>\n<li>The professional teaching and patient\u2019s information to make the most advanced information in precision medicine available and to permit patient empowerment.<\/li>\n<\/ul>\n<p>PERSONALISE aims to have transdisciplinary and integrated approaches that make it possible to take better account of patient issues. Playing also a catalytic role in the economic development of industrial companies, PERSONALISE is therefore destined to become an inescapable player in the French health landscape thanks to the complementarity of its scientific, medical and social approaches, its ability to forge links with local players (professionals and the general public in particular) and its close proximity to the industrial world.<\/p>\n<p>&nbsp;<\/p>\n<p><strong>Coordinators :<\/strong><\/p>\n<p><strong>Christel Thauvin<\/strong><br \/>\nCentre de G\u00e9n\u00e9tique, H\u00f4pital d&#8217;Enfants, CHU Dijon Bourgogne<br \/>\n<a href=\"mailto:christel.thauvin@chu-dijon.fr\">christel.thauvin@chu-dijon.fr<\/a><\/p>\n<p><strong>Fran\u00e7ois Ghiringhelli<br \/>\n<\/strong> UMR1231, LNC, Center Georges Fran\u00e7ois Leclerc<br \/>\n<a href=\"mailto:FGhiringhelli@cgfl.fr\">FGhiringhelli@cgfl.fr<\/a><\/p>\n<p><strong>Olivier Adotevi<br \/>\n<\/strong> INSERM UMR1098, CHU Minjoz<br \/>\n<a href=\"mailto:olivier.adotevi@univ-fcomte.fr\">olivier.adotevi@univ-fcomte.fr<\/a><\/p>\n<p><strong>Collaborator labs :<\/strong><\/p>\n<ul>\n<li><a href=\"https:\/\/www.u-bourgogne.fr\/organisation\/laboratoires-et-entites-de-recherche\/lipides-nutrition-cancer-lnc.html\">U1231, LNC Lipide Nutrition Cancer<\/a><\/li>\n<li><a href=\"https:\/\/www.univ-fcomte.fr\/sciences-de-la-sante-et-du-sport-3s\/interactions-hote-greffon-tumeur-et-ingenierie-cellulaire-et#.Xz_KiEk6_VA\">U1098, Interaction H\u00f4te-Greffon-Tumeur, Ing\u00e9nierie Cellulaire et G\u00e9nique<\/a><\/li>\n<li><a href=\"http:\/\/www.icmub.com\/fr\/\">ICMUB, Institut de Chimie Mol\u00e9culaire Universit\u00e9 de Bourgogne<\/a><\/li>\n<li><a href=\"https:\/\/ledi.u-bourgogne.fr\/\">LEDi, Laboratoire d\u2019Economie de Dijon<\/a><\/li>\n<li><a href=\"https:\/\/psy-drepi.u-bourgogne.fr\/\">Psy-DREPI, Dynamique RElationnelles et Processus Identitaire<\/a><\/li>\n<li><a href=\"https:\/\/www.chu-besancon.fr\/la-recherche\/les-acteurs-de-la-recherche-au-chru\/unite-de-methodologie-et-de-qualite-de-vie-en-cancerologie.html\">UMQVC, Unit\u00e9 de m\u00e9thodologie et de qualit\u00e9 de vie en canc\u00e9rologie<\/a><\/li>\n<\/ul>\n<table>\n<tbody>\n<tr>\n<td><strong>This project is co-funded by the BFC Region<br \/>\n<\/strong><\/td>\n<td><img decoding=\"async\" class=\"alignnone  wp-image-49883\" src=\"https:\/\/www.ubfc.fr\/wp-content\/uploads\/2021\/01\/Conseil-re\u0301gional-BFC-300x232.jpg\" alt=\"\" width=\"103\" height=\"79\" srcset=\"https:\/\/ubfc-preprod.u-bourgogne.fr\/wp-content\/uploads\/2021\/01\/Conseil-re\u0301gional-BFC-300x232.jpg 300w, https:\/\/ubfc-preprod.u-bourgogne.fr\/wp-content\/uploads\/2021\/01\/Conseil-re\u0301gional-BFC-768x593.jpg 768w, https:\/\/ubfc-preprod.u-bourgogne.fr\/wp-content\/uploads\/2021\/01\/Conseil-re\u0301gional-BFC.jpg 813w\" sizes=\"(max-width: 103px) 100vw, 103px\" \/><\/td>\n<\/tr>\n<\/tbody>\n<\/table>\n<\/div>\n\t\t\t\t<\/div>\n\t\t\t\t\t\t\t\t<\/div>\n\t\t\t\t\t\t<\/div>\n\t\t\t\t<\/div>\n\t\t\t\t\t<\/div>\n\t\t<\/div>\n\t\t\t\t\t<\/div>\n\t\t<\/section>\n\t\t\t\t<\/div>\n\t\t","protected":false},"excerpt":{"rendered":"<p>Integrated projects are &#8220;top-down&#8221; projects. Their purpose is to integrate the ISITE-BFC dynamics into each of the priority axis and thus, guide tomorrow&#8217;s research. These projects fulfill one or more of the following criteria: Integration of all the partners in the ISITE-BFC research dynamic. creation of infrastructures favoring: the candidacy of talented international researchers for &hellip; <a href=\"https:\/\/ubfc-preprod.u-bourgogne.fr\/en\/isite-bfc-project\/integrated-projects\/\">Continued<\/a><\/p>\n","protected":false},"author":18,"featured_media":0,"parent":50072,"menu_order":61,"comment_status":"closed","ping_status":"closed","template":"","meta":{"footnotes":""},"class_list":["post-45468","page","type-page","status-publish","hentry"],"acf":[],"_links":{"self":[{"href":"https:\/\/ubfc-preprod.u-bourgogne.fr\/en\/wp-json\/wp\/v2\/pages\/45468","targetHints":{"allow":["GET"]}}],"collection":[{"href":"https:\/\/ubfc-preprod.u-bourgogne.fr\/en\/wp-json\/wp\/v2\/pages"}],"about":[{"href":"https:\/\/ubfc-preprod.u-bourgogne.fr\/en\/wp-json\/wp\/v2\/types\/page"}],"author":[{"embeddable":true,"href":"https:\/\/ubfc-preprod.u-bourgogne.fr\/en\/wp-json\/wp\/v2\/users\/18"}],"replies":[{"embeddable":true,"href":"https:\/\/ubfc-preprod.u-bourgogne.fr\/en\/wp-json\/wp\/v2\/comments?post=45468"}],"version-history":[{"count":15,"href":"https:\/\/ubfc-preprod.u-bourgogne.fr\/en\/wp-json\/wp\/v2\/pages\/45468\/revisions"}],"predecessor-version":[{"id":49905,"href":"https:\/\/ubfc-preprod.u-bourgogne.fr\/en\/wp-json\/wp\/v2\/pages\/45468\/revisions\/49905"}],"up":[{"embeddable":true,"href":"https:\/\/ubfc-preprod.u-bourgogne.fr\/en\/wp-json\/wp\/v2\/pages\/50072"}],"wp:attachment":[{"href":"https:\/\/ubfc-preprod.u-bourgogne.fr\/en\/wp-json\/wp\/v2\/media?parent=45468"}],"curies":[{"name":"wp","href":"https:\/\/api.w.org\/{rel}","templated":true}]}}