{"id":45223,"date":"2020-07-20T15:55:44","date_gmt":"2020-07-20T13:55:44","guid":{"rendered":"https:\/\/www.ubfc.fr\/human-resources\/directory\/"},"modified":"2020-11-26T14:18:42","modified_gmt":"2020-11-26T13:18:42","slug":"directory","status":"publish","type":"page","link":"https:\/\/ubfc-preprod.u-bourgogne.fr\/en\/human-resources\/directory\/","title":{"rendered":"Directory"},"content":{"rendered":"\t\t<div data-elementor-type=\"wp-page\" data-elementor-id=\"45223\" class=\"elementor elementor-45223\" data-elementor-post-type=\"page\">\n\t\t\t\t\t\t<section class=\"elementor-section elementor-top-section elementor-element elementor-element-ceaaf1a elementor-section-boxed elementor-section-height-default elementor-section-height-default\" data-id=\"ceaaf1a\" data-element_type=\"section\" data-e-type=\"section\">\n\t\t\t\t\t\t<div class=\"elementor-container elementor-column-gap-default\">\n\t\t\t\t\t<div class=\"elementor-column elementor-col-100 elementor-top-column elementor-element elementor-element-8743f41\" data-id=\"8743f41\" data-element_type=\"column\" data-e-type=\"column\">\n\t\t\t<div class=\"elementor-widget-wrap elementor-element-populated\">\n\t\t\t\t\t\t<div class=\"elementor-element elementor-element-12e240d elementor-widget elementor-widget-toggle\" data-id=\"12e240d\" data-element_type=\"widget\" data-e-type=\"widget\" data-widget_type=\"toggle.default\">\n\t\t\t\t<div class=\"elementor-widget-container\">\n\t\t\t\t\t\t\t<div class=\"elementor-toggle\">\n\t\t\t\t\t\t\t<div class=\"elementor-toggle-item\">\n\t\t\t\t\t<div id=\"elementor-tab-title-1981\" class=\"elementor-tab-title\" data-tab=\"1\" role=\"button\" aria-controls=\"elementor-tab-content-1981\" aria-expanded=\"false\">\n\t\t\t\t\t\t\t\t\t\t\t\t<span class=\"elementor-toggle-icon elementor-toggle-icon-left\" aria-hidden=\"true\">\n\t\t\t\t\t\t\t\t\t\t\t\t\t\t\t<span class=\"elementor-toggle-icon-closed\"><i class=\"fas fa-caret-right\"><\/i><\/span>\n\t\t\t\t\t\t\t\t<span class=\"elementor-toggle-icon-opened\"><i class=\"elementor-toggle-icon-opened fas fa-caret-up\"><\/i><\/span>\n\t\t\t\t\t\t\t\t\t\t\t\t\t<\/span>\n\t\t\t\t\t\t\t\t\t\t\t\t<a class=\"elementor-toggle-title\" tabindex=\"0\">Cabinet     <\/a>\n\t\t\t\t\t<\/div>\n\n\t\t\t\t\t<div id=\"elementor-tab-content-1981\" class=\"elementor-tab-content elementor-clearfix\" data-tab=\"1\" role=\"region\" aria-labelledby=\"elementor-tab-title-1981\"><ul>\n<li>Temporary administrator\u2019s assistant : Delphine JOLISSAINT \/\u00a0<a href=\"mailto:delphine.jolissaint@ubfc.fr\">delphine.jolissaint@ubfc.fr<\/a>\u00a0\/ 03 63 08 26 50<\/li>\n<\/ul>\n<\/div>\n\t\t\t\t<\/div>\n\t\t\t\t\t\t\t<div class=\"elementor-toggle-item\">\n\t\t\t\t\t<div id=\"elementor-tab-title-1982\" class=\"elementor-tab-title\" data-tab=\"2\" role=\"button\" aria-controls=\"elementor-tab-content-1982\" aria-expanded=\"false\">\n\t\t\t\t\t\t\t\t\t\t\t\t<span class=\"elementor-toggle-icon elementor-toggle-icon-left\" aria-hidden=\"true\">\n\t\t\t\t\t\t\t\t\t\t\t\t\t\t\t<span class=\"elementor-toggle-icon-closed\"><i class=\"fas fa-caret-right\"><\/i><\/span>\n\t\t\t\t\t\t\t\t<span class=\"elementor-toggle-icon-opened\"><i class=\"elementor-toggle-icon-opened fas fa-caret-up\"><\/i><\/span>\n\t\t\t\t\t\t\t\t\t\t\t\t\t<\/span>\n\t\t\t\t\t\t\t\t\t\t\t\t<a class=\"elementor-toggle-title\" tabindex=\"0\">General administration<\/a>\n\t\t\t\t\t<\/div>\n\n\t\t\t\t\t<div id=\"elementor-tab-content-1982\" class=\"elementor-tab-content elementor-clearfix\" data-tab=\"2\" role=\"region\" aria-labelledby=\"elementor-tab-title-1982\"><p><a href=\"mailto:juridique@ubfc.fr\">juridique@ubfc.fr<\/a><\/p>\n<\/div>\n\t\t\t\t<\/div>\n\t\t\t\t\t\t\t<div class=\"elementor-toggle-item\">\n\t\t\t\t\t<div id=\"elementor-tab-title-1983\" class=\"elementor-tab-title\" data-tab=\"3\" role=\"button\" aria-controls=\"elementor-tab-content-1983\" aria-expanded=\"false\">\n\t\t\t\t\t\t\t\t\t\t\t\t<span class=\"elementor-toggle-icon elementor-toggle-icon-left\" aria-hidden=\"true\">\n\t\t\t\t\t\t\t\t\t\t\t\t\t\t\t<span class=\"elementor-toggle-icon-closed\"><i class=\"fas fa-caret-right\"><\/i><\/span>\n\t\t\t\t\t\t\t\t<span class=\"elementor-toggle-icon-opened\"><i class=\"elementor-toggle-icon-opened fas fa-caret-up\"><\/i><\/span>\n\t\t\t\t\t\t\t\t\t\t\t\t\t<\/span>\n\t\t\t\t\t\t\t\t\t\t\t\t<a class=\"elementor-toggle-title\" tabindex=\"0\">Human resources<\/a>\n\t\t\t\t\t<\/div>\n\n\t\t\t\t\t<div id=\"elementor-tab-content-1983\" class=\"elementor-tab-content elementor-clearfix\" data-tab=\"3\" role=\"region\" aria-labelledby=\"elementor-tab-title-1983\"><p><a href=\"mailto:rh@ubfc.fr\">rh@ubfc.fr<\/a><\/p>\n<\/div>\n\t\t\t\t<\/div>\n\t\t\t\t\t\t\t<div class=\"elementor-toggle-item\">\n\t\t\t\t\t<div id=\"elementor-tab-title-1984\" class=\"elementor-tab-title\" data-tab=\"4\" role=\"button\" aria-controls=\"elementor-tab-content-1984\" aria-expanded=\"false\">\n\t\t\t\t\t\t\t\t\t\t\t\t<span class=\"elementor-toggle-icon elementor-toggle-icon-left\" aria-hidden=\"true\">\n\t\t\t\t\t\t\t\t\t\t\t\t\t\t\t<span class=\"elementor-toggle-icon-closed\"><i class=\"fas fa-caret-right\"><\/i><\/span>\n\t\t\t\t\t\t\t\t<span class=\"elementor-toggle-icon-opened\"><i class=\"elementor-toggle-icon-opened fas fa-caret-up\"><\/i><\/span>\n\t\t\t\t\t\t\t\t\t\t\t\t\t<\/span>\n\t\t\t\t\t\t\t\t\t\t\t\t<a class=\"elementor-toggle-title\" tabindex=\"0\">Communication <\/a>\n\t\t\t\t\t<\/div>\n\n\t\t\t\t\t<div id=\"elementor-tab-content-1984\" class=\"elementor-tab-content elementor-clearfix\" data-tab=\"4\" role=\"region\" aria-labelledby=\"elementor-tab-title-1984\"><p><a href=\"mailto:communication@ubfc.fr\">communication<\/a><a href=\"mailto:communication@ubfc.fr\">@ubfc.fr<\/a><\/p>\n<\/div>\n\t\t\t\t<\/div>\n\t\t\t\t\t\t\t<div class=\"elementor-toggle-item\">\n\t\t\t\t\t<div id=\"elementor-tab-title-1985\" class=\"elementor-tab-title\" data-tab=\"5\" role=\"button\" aria-controls=\"elementor-tab-content-1985\" aria-expanded=\"false\">\n\t\t\t\t\t\t\t\t\t\t\t\t<span class=\"elementor-toggle-icon elementor-toggle-icon-left\" aria-hidden=\"true\">\n\t\t\t\t\t\t\t\t\t\t\t\t\t\t\t<span class=\"elementor-toggle-icon-closed\"><i class=\"fas fa-caret-right\"><\/i><\/span>\n\t\t\t\t\t\t\t\t<span class=\"elementor-toggle-icon-opened\"><i class=\"elementor-toggle-icon-opened fas fa-caret-up\"><\/i><\/span>\n\t\t\t\t\t\t\t\t\t\t\t\t\t<\/span>\n\t\t\t\t\t\t\t\t\t\t\t\t<a class=\"elementor-toggle-title\" tabindex=\"0\">Digital technology<\/a>\n\t\t\t\t\t<\/div>\n\n\t\t\t\t\t<div id=\"elementor-tab-content-1985\" class=\"elementor-tab-content elementor-clearfix\" data-tab=\"5\" role=\"region\" aria-labelledby=\"elementor-tab-title-1985\"><ul>\n<li>Head of the computing and digital service: Jocelyn LEVREY<\/li>\n<li>IT project manager: Nicolas ARNAUD \/ <a href=\"mailto:nicolas.arnaud@ubfc.fr\">nicolas.arnaud@ubfc.fr<\/a><\/li>\n<\/ul>\n<p>Computing and digital technology technicians :<\/p>\n<ul>\n<li>Christopher LANGLOIS \/ <a href=\"mailto:christopher.langlois@ubfc.fr\">christopher.langlois@ubfc.fr<\/a> \/ 03 63 08 26 86<\/li>\n<li>Alain DOS-REIS-PASQUAULT \/ <a href=\"mailto:alain.dos-reis-pasquault@ubfc.fr\">alain.dos-reis-pasquault@ubfc.fr<\/a> \/ 03 63 08 26 83<\/li>\n<\/ul>\n<\/div>\n\t\t\t\t<\/div>\n\t\t\t\t\t\t\t<div class=\"elementor-toggle-item\">\n\t\t\t\t\t<div id=\"elementor-tab-title-1986\" class=\"elementor-tab-title\" data-tab=\"6\" role=\"button\" aria-controls=\"elementor-tab-content-1986\" aria-expanded=\"false\">\n\t\t\t\t\t\t\t\t\t\t\t\t<span class=\"elementor-toggle-icon elementor-toggle-icon-left\" aria-hidden=\"true\">\n\t\t\t\t\t\t\t\t\t\t\t\t\t\t\t<span class=\"elementor-toggle-icon-closed\"><i class=\"fas fa-caret-right\"><\/i><\/span>\n\t\t\t\t\t\t\t\t<span class=\"elementor-toggle-icon-opened\"><i class=\"elementor-toggle-icon-opened fas fa-caret-up\"><\/i><\/span>\n\t\t\t\t\t\t\t\t\t\t\t\t\t<\/span>\n\t\t\t\t\t\t\t\t\t\t\t\t<a class=\"elementor-toggle-title\" tabindex=\"0\">Finances <\/a>\n\t\t\t\t\t<\/div>\n\n\t\t\t\t\t<div id=\"elementor-tab-content-1986\" class=\"elementor-tab-content elementor-clearfix\" data-tab=\"6\" role=\"region\" aria-labelledby=\"elementor-tab-title-1986\"><p><a href=\"mailto:finances@ubfc.fr\">finances@ubfc.fr<\/a><\/p>\n<\/div>\n\t\t\t\t<\/div>\n\t\t\t\t\t\t\t<div class=\"elementor-toggle-item\">\n\t\t\t\t\t<div id=\"elementor-tab-title-1987\" class=\"elementor-tab-title\" data-tab=\"7\" role=\"button\" aria-controls=\"elementor-tab-content-1987\" aria-expanded=\"false\">\n\t\t\t\t\t\t\t\t\t\t\t\t<span class=\"elementor-toggle-icon elementor-toggle-icon-left\" aria-hidden=\"true\">\n\t\t\t\t\t\t\t\t\t\t\t\t\t\t\t<span class=\"elementor-toggle-icon-closed\"><i class=\"fas fa-caret-right\"><\/i><\/span>\n\t\t\t\t\t\t\t\t<span class=\"elementor-toggle-icon-opened\"><i class=\"elementor-toggle-icon-opened fas fa-caret-up\"><\/i><\/span>\n\t\t\t\t\t\t\t\t\t\t\t\t\t<\/span>\n\t\t\t\t\t\t\t\t\t\t\t\t<a class=\"elementor-toggle-title\" tabindex=\"0\">Research and structuring projects<\/a>\n\t\t\t\t\t<\/div>\n\n\t\t\t\t\t<div id=\"elementor-tab-content-1987\" class=\"elementor-tab-content elementor-clearfix\" data-tab=\"7\" role=\"region\" aria-labelledby=\"elementor-tab-title-1987\"><ul>\n<li>Head of the Research and structuring projects service: Claudia LAOU-HUEN \/\u00a0<a href=\"mailto:claudia.laou-huen@ubfc.fr\">claudia.laou-huen@ubfc.fr<\/a><br \/>\nContact for the UBFC thematic poles and setting-up of PIA projects<\/li>\n<\/ul>\n<p><strong>Research project<\/strong><\/p>\n<ul>\n<li>Person in charge of the follow-up of research contracts: Julien THIBERT \/ <a href=\"mailto:recherche@ubfc.fr\">recherche@ubfc.fr<\/a> \/ 03 63 08 26 43<br \/>\n(ANR and H2020 administrative follow-up, FEDER setup)<\/li>\n<li>Administrative and financial manager, HR: Sylvie Vauge \/ <a href=\"mailto:recherche@ubfc.fr\">recrutement-projet@ubfc.fr<\/a> \/ 03 63 08 26 61<\/li>\n<\/ul>\n<p><strong>ISITE-BFC<\/strong><\/p>\n<ul>\n<li>Coordination: Alain DEREUX<\/li>\n<li>Person in charge of administrative follow-up: Antoine PERRIER-CORNET \/ <a href=\"mailto:isite@ubfc.fr\">isite@ubfc.fr<\/a> \/ 03 63 08 26 65<\/li>\n<li>Administrative manager: Marilyne DRAPS \/\u00a0<a href=\"mailto:marilyne.draps@ubfc.fr\">marilyne.draps@ubfc.fr<\/a>\u00a0\/ 03 63 08 26 77<\/li>\n<\/ul>\n<p><strong>EIPHI-BFC graduate school <\/strong><\/p>\n<ul>\n<li>Coordination: Herv\u00e9 MAILLOTE<\/li>\n<li>Project manager: Fr\u00e9d\u00e9ric PENEAU \/ <a href=\"mailto:eiphi@ubfc.fr\">eiphi@ubfc.fr<\/a> \/ 03 81 66 63 47<\/li>\n<li>Training assistant: recruitment ongoing<\/li>\n<li>Research assistant: Florian BOUCHERIE \/ <a href=\"mailto:frederic.peneau@ubfc.fr\">florian.boucherie@ubfc.fr<\/a> \/ 03 68 04 24 03<\/li>\n<li>Administrative and financial manager: Sandrine CHATRENET \/ <a href=\"mailto:sandrine.chatrenet@ubfc.fr\">sandrine.chatrenet@ubfc.fr<\/a> \/ 03 63 08 24 04<\/li>\n<li>Administrative and trainings assistant: Sa\u00efda CUGNOT \/ <a href=\"mailto:saida.cugnot@ubfc.fr\">saida.cugnot@ubfc.fr<\/a> \/ 03 63 08 24 04<\/li>\n<\/ul>\n<p><strong>RITM-BFC<\/strong><\/p>\n<ul>\n<li>Coordination: S\u00e9bastien CHEVALIER<\/li>\n<li>ATP (Acc\u00e9l\u00e9rateur de la Transformation P\u00e9dagogique, accelerator of educational transformation): Pascaline PONCE \/\u00a0<a href=\"mailto:pascaline.ponce@ubfc.fr\">pascaline.ponce@ubfc.fr<\/a>\u00a0\/ 03 80 40 33 55<\/li>\n<li>Administrative and financial coordinator of the RITM-BFC\u00a0project: Clarisse MOONCA \/\u00a0<a href=\"mailto:clarisse.moonca@ubfc.fr\">clarisse.moonca@ubfc.fr<\/a>\u00a0\/ 03 63 08 26 78<\/li>\n<li>RITM-BFC educational engineer: Rapha\u00ebla L\u2019HOTE \/ <a href=\"mailto:raphaela.l-hote@ubfc.fr\">raphaela.l-hote@ubfc.fr<\/a> \/ 03 80 40 33 56<\/li>\n<li>RITM-BFC educational engineer: Juliette BREY XAMBEU \/ <a href=\"mailto:juliette.brey-xambeu@ubfc.fr\">juliette.brey-xambeu@ubfc.fr<\/a> \/ 03 80 40 33 56<\/li>\n<\/ul>\n<p><strong>Labex LipSTIC<\/strong><\/p>\n<ul>\n<li>Coordination: Philippe SAAS<\/li>\n<li>Administrative manager: J\u00e9r\u00f4me LABBE \/ <a href=\"mailto:jerome.labbe@ubfc.fr\">jerome.labbe@ubfc.fr<\/a><\/li>\n<\/ul>\n<p><strong>Talent Campus<\/strong><\/p>\n<ul>\n<li>Coordination: S\u00e9bastien CHEVALIER<\/li>\n<li>Director: Etienne GALMICHE \/ <a href=\"mailto:etienne.galmiche@talent-campus.fr\">etienne.galmiche@talent-campus.fr<\/a><\/li>\n<\/ul>\n<p><strong>Team-Sports<\/strong><\/p>\n<ul>\n<li>Scientific manager: Micka\u00ebl CAMPO \/ <a href=\"mailto:mickael.campo@u-bourgogne.fr\">mickael.campo@u-bourgogne.fr<\/a><\/li>\n<\/ul>\n<p><strong>National platform for end-of-life research<\/strong><\/p>\n<ul>\n<li>Coordination: R\u00e9gis AUBRY and Patrick BAUDRY<\/li>\n<li>Director: Elodie CRETIN \/ <a href=\"mailto:plateforme.recherche.findevie@ubfc.fr\">plateforme.recherche.findevie@ubfc.fr<\/a> \/ 03 63 08 26 93<\/li>\n<li>Mission officer: Sophie AUPET \/ <a href=\"mailto:plateforme.recherche.findevie@ubfc.fr\">plateforme.recherche.findevie@ubfc.fr<\/a> \/ 03 63 08 26 75<\/li>\n<li>Mission officer, support to research and valorisation: Delphine GOSSET \/ <a href=\"mailto:delphine.gosset@ubfc.fr\">delphine.gosset@ubfc.fr<\/a> \/ 03 63 08 26 39<\/li>\n<\/ul>\n<p><strong>Federative public health research and training cluster of Bourgogne-Franche-Comt\u00e9\u00a0\u00a0\u00a0 <\/strong><\/p>\n<ul>\n<li>Coordination: Fran\u00e7ois BAUDIER<\/li>\n<li>Director: H\u00e9l\u00e8ne CLEAU-ANDRE \/\u00a0<a href=\"mailto:pole.sante-publique@ubfc.fr\">pole.sante-publique@ubfc.fr<\/a> \/ 03 81 66 55 75<\/li>\n<li>University assistant: Marie CORNELOUP<\/li>\n<li>Mission officer, public health summer conference (UFC): Lara DESTAING<\/li>\n<\/ul>\n<\/div>\n\t\t\t\t<\/div>\n\t\t\t\t\t\t\t<div class=\"elementor-toggle-item\">\n\t\t\t\t\t<div id=\"elementor-tab-title-1988\" class=\"elementor-tab-title\" data-tab=\"8\" role=\"button\" aria-controls=\"elementor-tab-content-1988\" aria-expanded=\"false\">\n\t\t\t\t\t\t\t\t\t\t\t\t<span class=\"elementor-toggle-icon elementor-toggle-icon-left\" aria-hidden=\"true\">\n\t\t\t\t\t\t\t\t\t\t\t\t\t\t\t<span class=\"elementor-toggle-icon-closed\"><i class=\"fas fa-caret-right\"><\/i><\/span>\n\t\t\t\t\t\t\t\t<span class=\"elementor-toggle-icon-opened\"><i class=\"elementor-toggle-icon-opened fas fa-caret-up\"><\/i><\/span>\n\t\t\t\t\t\t\t\t\t\t\t\t\t<\/span>\n\t\t\t\t\t\t\t\t\t\t\t\t<a class=\"elementor-toggle-title\" tabindex=\"0\">Training and employment<\/a>\n\t\t\t\t\t<\/div>\n\n\t\t\t\t\t<div id=\"elementor-tab-content-1988\" class=\"elementor-tab-content elementor-clearfix\" data-tab=\"8\" role=\"region\" aria-labelledby=\"elementor-tab-title-1988\"><ul>\n<li>Head of the training &amp; employment service: Oumhanie LEGEARD \/ <a href=\"mailto:oumhanie.legeard@ubfc.fr\">oumhanie.legeard@ubfc.fr <\/a>\/ 03 63 08 26 82<\/li>\n<li>Training &amp; employment service assistant: Sophie PACI \/ <a href=\"mailto:sophie.paci@ubfc.fr\">sophie.paci@ubfc.fr<\/a> \/ 03 63 08 26 59<\/li>\n<\/ul>\n<p><strong>PEPITE-BFC<\/strong><\/p>\n<ul>\n<li>Mission officer: El\u00e9onore LANET \/<a href=\"mailto:eleonore.lanet@ubfc.fr\"> eleonore.lanet@ubfc.fr<\/a> \/ 03 80 39 69 40<\/li>\n<li>Mission officer, student entrepreneurship \u2013 PEPITE-BFC: Fabienne BADET \/ <a href=\"mailto:fabienne.badet@ubfc.fr\">fabienne.badet@ubfc.fr<\/a>\/ 03 63 08 26 44<\/li>\n<li>Project manager for support and outreach : Cyril BAUDURET \/ <a href=\"mailto:cyril.bauduret@ubfc.fr\">cyril.bauduret@ubfc.fr<\/a>\/ 03 63 08 26 47<\/li>\n<\/ul>\n<p><strong>POLYTECHNICUM<\/strong><\/p>\n<ul>\n<li>Mission officer, Polytechnicum management: Catherine SILVANT \/ <a href=\"mailto:catherine.silvant@ubfc.fr\">catherine.silvant@ubfc.fr<\/a> \/ 03 63 08 26 80 \/ 06 33 86 46 06<\/li>\n<\/ul>\n<p><strong>Doctoral mission<\/strong><\/p>\n<ul>\n<li>Administrative head of doctoral studies: Pauline BERGER \/\u00a0<a href=\"mailto:pauline.berger@ubfc.fr\">pauline.berger@ubfc.fr<\/a>\/ 03 63 08 26 41<\/li>\n<li>Doctoral studies manager: Emilie FAIVRE \/\u00a0<a href=\"mailto:emilie.faivre@ubfc.fr\">emilie.faivre@ubfc.fr<\/a>\/ 03 63 08 26 46<\/li>\n<li>Doctoral school manager, site of Besan\u00e7on: Mona SOMA\u00cf \/ <a href=\"mailto:guillaune.perbet@ubfc.fr\">mona.somai@ubfc.fr<\/a><\/li>\n<li>Person in charge of promoting the doctoral degree: Candice CHAILLOU \/<a href=\"mailto:candice.chaillou@ubfc.fr\"> candice.chaillou@ubfc.fr<\/a> \/ 03 63 08 26 96 (site Besan\u00e7on) \/ 03 80 39 69 41 (site Dijon)<\/li>\n<\/ul>\n<p><strong>UBFC Master\u2019s degrees<\/strong><\/p>\n<ul>\n<li>Person in charge of the administrative process of UBFC Masters : David NOIRET \/ <a href=\"mailto:david.noiret01@ubfc.fr\">david.noiret01@ubfc.fr<\/a> \/ 03 63 08 26 76<\/li>\n<\/ul>\n<p><strong>\u00a0UBFC Alumni<\/strong><\/p>\n<ul>\n<li>Person in charge of the Alumni network: Chlo\u00e9 COMBET \/ <a href=\"mailto:chloe.combet@ubfc.fr\">chloe.combet@ubfc.fr<\/a> \/ 03 63 08 26 49<\/li>\n<\/ul>\n<p><strong>Student life<\/strong><\/p>\n<ul>\n<li>Person in charge of coordinating student life overall strategy: recruitment ongoing<\/li>\n<\/ul>\n<\/div>\n\t\t\t\t<\/div>\n\t\t\t\t\t\t\t<div class=\"elementor-toggle-item\">\n\t\t\t\t\t<div id=\"elementor-tab-title-1989\" class=\"elementor-tab-title\" data-tab=\"9\" role=\"button\" aria-controls=\"elementor-tab-content-1989\" aria-expanded=\"false\">\n\t\t\t\t\t\t\t\t\t\t\t\t<span class=\"elementor-toggle-icon elementor-toggle-icon-left\" aria-hidden=\"true\">\n\t\t\t\t\t\t\t\t\t\t\t\t\t\t\t<span class=\"elementor-toggle-icon-closed\"><i class=\"fas fa-caret-right\"><\/i><\/span>\n\t\t\t\t\t\t\t\t<span class=\"elementor-toggle-icon-opened\"><i class=\"elementor-toggle-icon-opened fas fa-caret-up\"><\/i><\/span>\n\t\t\t\t\t\t\t\t\t\t\t\t\t<\/span>\n\t\t\t\t\t\t\t\t\t\t\t\t<a class=\"elementor-toggle-title\" tabindex=\"0\">Doctoral school secretariats<\/a>\n\t\t\t\t\t<\/div>\n\n\t\t\t\t\t<div id=\"elementor-tab-content-1989\" class=\"elementor-tab-content elementor-clearfix\" data-tab=\"9\" role=\"region\" aria-labelledby=\"elementor-tab-title-1989\"><p><strong>ADMINISTRATIVE BUREAU \u2013 administrative missions related to campus life, and administrative support to doctoral schools<\/strong><\/p>\n<p><strong>Site of Besan\u00e7on<\/strong><\/p>\n<ul>\n<li>Emilie FAIVRE \/ <a href=\"mailto:Emilie.Faivre@ubfc.fr\">emilie.faivre@ubfc.fr <\/a>\/ 03 63 08 26 46<\/li>\n<li>Mona SOMA\u00cf \/ <a href=\"mailto:mona.somai@ubfc.fr\">mona.somai@ubfc.fr <\/a><\/li>\n<\/ul>\n<p><strong>Site of Belfort<\/strong><\/p>\n<ul>\n<li>Caroline DELAMARCHE \/<a href=\"mailto:caroline.delamarche@ubfc.fr\">caroline.delamarche@ubfc.fr<\/a>\u00a0\/ 03 84 58 31 39<\/li>\n<\/ul>\n<p><strong>Site of Dijon<\/strong><\/p>\n<ul>\n<li>St\u00e9phanie BARILLOT \/ <a href=\"mailto:stephanie.barillot@u-bourgogne.fr\">stephanie.barillot@u-bourgogne.fr<\/a><\/li>\n<li>Mireille QUEYROCHE \/<a href=\"mailto:Mireille.Queyroche-Moreau@u-bourgogne.fr\"> mireille.queyroche-moreau@u-bourgogne.fr<\/a><\/li>\n<li>Morgan POGGIOLI \/<a href=\"mailto:Morgan.Poggioli@u-bourgogne.fr\"> morgan.poggioli@u-bourgogne.fr<\/a><\/li>\n<\/ul>\n<p>&nbsp;<\/p>\n<p><strong>DOCTORAL SCHOOLS \u2013 Secretariat <\/strong><\/p>\n<p><strong>DS Engineer sciences and microtechniques (\u2018Sciences pour l\u2019ing\u00e9nieur et microtechniques\u2019, SPIM)\u00a0\u00a0\u00a0\u00a0 <\/strong><\/p>\n<ul>\n<li>Besan\u00e7on: Alika RSSETTI \/\u00a0<a href=\"mailto:alika.rossetti@ubfc.fr\">alika.rossetti@ubfc.fr<\/a>\u00a0\/ 03 81 66 66 02<\/li>\n<li>Belfort-Montb\u00e9liard: Caroline DELAMARCHE \u2013\u00a0<a href=\"mailto:caroline.delamarche@ubfc.fr\">caroline.delamarche@ubfc.fr<\/a> \/ 03 84 58 31 39<\/li>\n<li>Dijon: Jessy DELPIERRE \/\u00a0<a href=\"mailto:jessy.delpierre@ubfc.fr\">jessy.delpierre@ubfc.fr<\/a>\u00a0\/ 03 80 39 58 17<\/li>\n<\/ul>\n<p><strong>DS Environment &amp; health (\u2018Environnement Sant\u00e9\u2019, ES)\u00a0\u00a0\u00a0 <\/strong><\/p>\n<ul>\n<li>Besan\u00e7on: Martine GAUTHERON \/\u00a0<a href=\"mailto:martine.gautheron@ubfc.fr\">martine.gautheron@ubfc.fr<\/a>\u00a0\/ 03 63 08 22 13<\/li>\n<li>Dijon: Virginie ROS \/ <a href=\"mailto:corinne.aquilina@ubfc.fr\">virginie.ros@ubfc.fr<\/a>\u00a0\/ 03 80 39 38 68<\/li>\n<li>Dijon: Christelle CAILLOT \/ <a href=\"mailto:christelle.caillot@ubfc.fr\">christelle.caillot@ubfc.fr<\/a><\/li>\n<\/ul>\n<p><strong>DS Carnot-Pasteur (CP)\u00a0\u00a0 <\/strong><\/p>\n<ul>\n<li>Besan\u00e7on: Martine GAUTHERON \/\u00a0<a href=\"mailto:martine.gautheron@ubfc.fr\">martine.gautheron@ubfc.fr<\/a>\u00a0\/ 03 63 08 22 13<\/li>\n<li>Dijon: Emeline ILTIS \/\u00a0<a href=\"mailto:emeline.iltis@ubfc.fr\">emeline.iltis@ubfc.fr<\/a>\u00a0\/ 03 80 39 59 66<\/li>\n<\/ul>\n<p><strong>DS Law, management, economic and political sciences (\u2018Droit, Gestion, sciences Economiques et Politiques\u2019, DGEP) \u2013\u00a0DS Literature, communication, languages, art (\u2018Lettres, Communication, Langues, Art\u2019, LECLA) \u2013\u00a0DS Societies, practices, spaces, time (\u2018Soci\u00e9t\u00e9s, Espaces, Pratiques, Temps\u2019, SEPT)<\/strong><\/p>\n<p>Besan\u00e7on:<\/p>\n<ul>\n<li>Ludovic JEANNIN \/\u00a0<a href=\"mailto:ludovic.jeannin@ubfc.fr\">ludovic.jeannin@ubfc.fr<\/a>\u00a0\/ 03 81 66 53 03<\/li>\n<li>Marl\u00e8ne DUTAL \/\u00a0<a href=\"mailto:marlene.dutal@ubfc.fr\">marlene.dutal@ubfc.fr<\/a>\u00a0\/ 03 81 66 53 89<\/li>\n<\/ul>\n<p>Belfort-Montb\u00e9liard:<\/p>\n<ul>\n<li>Caroline DELAMARCHE \/\u00a0<a href=\"mailto:caroline.delamarche@ubfc.fr\">caroline.delamarche@ubfc.fr<\/a>\u00a0\/ 03 84 58 31 39<\/li>\n<\/ul>\n<p>Dijon:<\/p>\n<ul>\n<li>Morgan POGGIOLI \/\u00a0<a href=\"mailto:morgan.poggioli@ubfc.fr\">morgan.poggioli@ubfc.fr<\/a>\u00a0\/ 03 80 39 36 43<\/li>\n<li>Maryia CLEMENT \/<span id=\"OBJ_PREFIX_DWT5385_ZmEmailObjectHandler\" class=\"Object\" role=\"link\"><span id=\"OBJ_PREFIX_DWT5417_ZmEmailObjectHandler\" class=\"Object-hover\" role=\"link\"><a href=\"mailto:Maryia.Clement@u-bourgogne.fr\" target=\"_blank\" rel=\"nofollow noopener noreferrer nofollow noopener noreferrer\">maryia.clement@u-bourgogne.fr<\/a><\/span><\/span> \/ 03 80 39 35 38<\/li>\n<li>Mara CARREY ARAGAO \/ <span id=\"OBJ_PREFIX_DWT5386_ZmEmailObjectHandler\" class=\"Object\" role=\"link\"><span id=\"OBJ_PREFIX_DWT5418_ZmEmailObjectHandler\" class=\"Object\" role=\"link\"><\/span><\/span><a href=\"mailto:mara.carrey-aragao@u-bourgogne.fr\" target=\"_blank\" rel=\"nofollow noopener noreferrer nofollow noopener noreferrer\">mara.carrey-aragao@u-bourgogne.fr <\/a><span style=\"color: #000000;\">\/ 03 80 39 54 14<\/span><\/li>\n<\/ul>\n<\/div>\n\t\t\t\t<\/div>\n\t\t\t\t\t\t\t<div class=\"elementor-toggle-item\">\n\t\t\t\t\t<div id=\"elementor-tab-title-19810\" class=\"elementor-tab-title\" data-tab=\"10\" role=\"button\" aria-controls=\"elementor-tab-content-19810\" aria-expanded=\"false\">\n\t\t\t\t\t\t\t\t\t\t\t\t<span class=\"elementor-toggle-icon elementor-toggle-icon-left\" aria-hidden=\"true\">\n\t\t\t\t\t\t\t\t\t\t\t\t\t\t\t<span class=\"elementor-toggle-icon-closed\"><i class=\"fas fa-caret-right\"><\/i><\/span>\n\t\t\t\t\t\t\t\t<span class=\"elementor-toggle-icon-opened\"><i class=\"elementor-toggle-icon-opened fas fa-caret-up\"><\/i><\/span>\n\t\t\t\t\t\t\t\t\t\t\t\t\t<\/span>\n\t\t\t\t\t\t\t\t\t\t\t\t<a class=\"elementor-toggle-title\" tabindex=\"0\"> International relationships <\/a>\n\t\t\t\t\t<\/div>\n\n\t\t\t\t\t<div id=\"elementor-tab-content-19810\" class=\"elementor-tab-content elementor-clearfix\" data-tab=\"10\" role=\"region\" aria-labelledby=\"elementor-tab-title-19810\"><ul>\n<li>Head of the international cell: Yevgenya PASHAYAN-LEROY \/ <a href=\"mailto:yevgenya.pashayan-leroy@ubfc.fr\">yevgenya.pashayan-leroy@ubfc.fr <\/a>\/ 07 70 29 36 10<\/li>\n<li>Mission officer, international mobility within the ERASMUS+ project: Pauline MARCEAU \/ <a href=\"mailto:pauline.marceau@ubfc.fr\">pauline.marceau@ubfc.fr \/<\/a> 07 86 56 23 53<\/li>\n<li>Mission officer, international mobility (Dijon) : Elo\u00efse ROUSSEL \/ <a href=\"mailto:eloise.roussel@ubfc.fr\">eloise.roussel@ubfc.fr<\/a> \/ 07 72 77 52 04<\/li>\n<li>Mission officer, international mobility (Besan\u00e7on, Belfort &amp; Montb\u00e9liard) : Ma\u00eflys CLAUDIO \/ <a href=\"mailto:mailys.claudio@ubfc.fr\">mailys.claudio@ubfc.fr <\/a>\/ 07 86 76 68 18<\/li>\n<li>Mission officer, international coordination : Guillaume ALBERT \/ <span id=\"OBJ_PREFIX_DWT3823_ZmEmailObjectHandler\" class=\"Object\" role=\"link\"><span id=\"OBJ_PREFIX_DWT3831_ZmEmailObjectHandler\" class=\"Object-hover\" role=\"link\"><a href=\"mailto:guillaume.albert@ubfc.fr,\" target=\"_blank\" rel=\"nofollow noopener noreferrer\">guillaume.albert@ubfc.fr<\/a><\/span><\/span>\/ 06 72 10 54 57<\/li>\n<\/ul>\n<\/div>\n\t\t\t\t<\/div>\n\t\t\t\t\t\t\t\t<\/div>\n\t\t\t\t\t\t<\/div>\n\t\t\t\t<\/div>\n\t\t\t\t\t<\/div>\n\t\t<\/div>\n\t\t\t\t\t<\/div>\n\t\t<\/section>\n\t\t\t\t<\/div>\n\t\t","protected":false},"excerpt":{"rendered":"<p>Cabinet Temporary administrator\u2019s assistant : Delphine JOLISSAINT \/\u00a0delphine.jolissaint@ubfc.fr\u00a0\/ 03 63 08 26 50 General administration juridique@ubfc.fr Human resources rh@ubfc.fr Communication communication@ubfc.fr Digital technology Head of the computing and digital service: Jocelyn LEVREY IT project manager: Nicolas ARNAUD \/ nicolas.arnaud@ubfc.fr Computing and digital technology technicians : Christopher LANGLOIS \/ christopher.langlois@ubfc.fr \/ 03 63 08 26 86 &hellip; <a href=\"https:\/\/ubfc-preprod.u-bourgogne.fr\/en\/human-resources\/directory\/\">Continued<\/a><\/p>\n","protected":false},"author":18,"featured_media":0,"parent":45214,"menu_order":123,"comment_status":"closed","ping_status":"closed","template":"","meta":{"footnotes":""},"class_list":["post-45223","page","type-page","status-publish","hentry"],"acf":[],"_links":{"self":[{"href":"https:\/\/ubfc-preprod.u-bourgogne.fr\/en\/wp-json\/wp\/v2\/pages\/45223","targetHints":{"allow":["GET"]}}],"collection":[{"href":"https:\/\/ubfc-preprod.u-bourgogne.fr\/en\/wp-json\/wp\/v2\/pages"}],"about":[{"href":"https:\/\/ubfc-preprod.u-bourgogne.fr\/en\/wp-json\/wp\/v2\/types\/page"}],"author":[{"embeddable":true,"href":"https:\/\/ubfc-preprod.u-bourgogne.fr\/en\/wp-json\/wp\/v2\/users\/18"}],"replies":[{"embeddable":true,"href":"https:\/\/ubfc-preprod.u-bourgogne.fr\/en\/wp-json\/wp\/v2\/comments?post=45223"}],"version-history":[{"count":22,"href":"https:\/\/ubfc-preprod.u-bourgogne.fr\/en\/wp-json\/wp\/v2\/pages\/45223\/revisions"}],"predecessor-version":[{"id":48974,"href":"https:\/\/ubfc-preprod.u-bourgogne.fr\/en\/wp-json\/wp\/v2\/pages\/45223\/revisions\/48974"}],"up":[{"embeddable":true,"href":"https:\/\/ubfc-preprod.u-bourgogne.fr\/en\/wp-json\/wp\/v2\/pages\/45214"}],"wp:attachment":[{"href":"https:\/\/ubfc-preprod.u-bourgogne.fr\/en\/wp-json\/wp\/v2\/media?parent=45223"}],"curies":[{"name":"wp","href":"https:\/\/api.w.org\/{rel}","templated":true}]}}