{"id":45200,"date":"2020-07-20T15:20:40","date_gmt":"2020-07-20T13:20:40","guid":{"rendered":"https:\/\/www.ubfc.fr\/governance\/bodies\/the-member-council\/"},"modified":"2020-12-03T14:32:53","modified_gmt":"2020-12-03T13:32:53","slug":"the-member-council","status":"publish","type":"page","link":"https:\/\/ubfc-preprod.u-bourgogne.fr\/en\/governance\/bodies\/the-member-council\/","title":{"rendered":"The Member Council"},"content":{"rendered":"\t\t<div data-elementor-type=\"wp-post\" data-elementor-id=\"45200\" class=\"elementor elementor-45200\" data-elementor-post-type=\"page\">\n\t\t\t\t\t\t<section class=\"elementor-section elementor-top-section elementor-element elementor-element-48974330 elementor-section-boxed elementor-section-height-default elementor-section-height-default\" data-id=\"48974330\" data-element_type=\"section\" data-e-type=\"section\">\n\t\t\t\t\t\t<div class=\"elementor-container elementor-column-gap-default\">\n\t\t\t\t\t<div class=\"elementor-column elementor-col-100 elementor-top-column elementor-element elementor-element-7cfa18a0\" data-id=\"7cfa18a0\" data-element_type=\"column\" data-e-type=\"column\">\n\t\t\t<div class=\"elementor-widget-wrap elementor-element-populated\">\n\t\t\t\t\t\t<div class=\"elementor-element elementor-element-2e80ce3b elementor-widget elementor-widget-text-editor\" data-id=\"2e80ce3b\" data-element_type=\"widget\" data-e-type=\"widget\" data-widget_type=\"text-editor.default\">\n\t\t\t\t<div class=\"elementor-widget-container\">\n\t\t\t\t\t\t\t\t\t<p>The Member Council is <strong>presided over by<\/strong> <strong>Mr. Dominique GREVEY<\/strong>, UBFC President, and <strong>composed of the presidents and directors of the member institutions<\/strong> of the COMUE UBFC, namely:<\/p>\n<ul>\n<li><strong>Mr. Vincent THOMAS<\/strong>, president of the universit\u00e9 de Bourgogne<\/li>\n<li><strong>Mrs. Macha WORONOFF<\/strong>, president of the universit\u00e9 de Franche-Comt\u00e9<\/li>\n<li><strong>Mr. Ghislain MONTAVON<\/strong>, director general of the Universit\u00e9 de Technologie de Belfort-Montb\u00e9liard<\/li>\n<li><strong>Mr. Pascal VAIRAC<\/strong>, director general of the \u00c9cole Nationale Sup\u00e9rieure de M\u00e9canique et des Microtechniques de Besan\u00e7on (ENSMM)<\/li>\n<li><strong>Mr. Fran\u00e7ois ROCHE-BRUYN<\/strong>, director general of the Institut National Sup\u00e9rieur des Sciences Agronomiques, de l\u2019Alimentation et de l\u2019Environnement (AgroSup Dijon)<\/li>\n<li><strong>Mr. Stephan BOURCIEU<\/strong>, director general of the Burgundy School of Business (BSB, formerly ESC Dijon)<\/li>\n<li><strong>Mr. Michel JAUZEIN<\/strong>, director of the \u00c9cole Nationale Sup\u00e9rieure d\u2019Arts et M\u00e9tiers (ENSAM), campus of Cluny.<\/li>\n<\/ul>\n<p>The member council has <strong>advisory capacity<\/strong>: it assists the President and the board of administrators in the implementation of the UBFC strategic project. It is associated to upstream work and to the implementation of the board of administrators\u2019 decisions.<\/p>\n<p>Its competences are defined in article 17 of the <a href=\"http:\/\/portail.univ-bfc.fr\/ubfc\/presentation\/statuts-ubfc\/\">UBFC statutes<\/a>.<\/p>\n<ul>\n<li><a href=\"https:\/\/www.ubfc.fr\/en\/governance\/bodies\/the-member-council\/\">Summary of decisions, 2018 <\/a><\/li>\n<li><a href=\"https:\/\/www.ubfc.fr\/en\/governance\/bodies\/the-member-council\/\">Summary of decisions, 2017 <\/a><\/li>\n<li><a href=\"https:\/\/www.ubfc.fr\/en\/governance\/bodies\/the-member-council\/\">Summary of decisions, 2016 <\/a><\/li>\n<li><a href=\"https:\/\/www.ubfc.fr\/en\/governance\/bodies\/the-member-council\/\">Summary of decisions, 2015 <\/a><\/li>\n<\/ul>\n\t\t\t\t\t\t\t\t<\/div>\n\t\t\t\t<\/div>\n\t\t\t\t\t<\/div>\n\t\t<\/div>\n\t\t\t\t\t<\/div>\n\t\t<\/section>\n\t\t\t\t<\/div>\n\t\t","protected":false},"excerpt":{"rendered":"<p>The Member Council is presided over by Mr. Dominique GREVEY, UBFC President, and composed of the presidents and directors of the member institutions of the COMUE UBFC, namely: Mr. Vincent THOMAS, president of the universit\u00e9 de Bourgogne Mrs. Macha WORONOFF, president of the universit\u00e9 de Franche-Comt\u00e9 Mr. Ghislain MONTAVON, director general of the Universit\u00e9 de &hellip; <a href=\"https:\/\/ubfc-preprod.u-bourgogne.fr\/en\/governance\/bodies\/the-member-council\/\">Continued<\/a><\/p>\n","protected":false},"author":1,"featured_media":0,"parent":45184,"menu_order":380,"comment_status":"closed","ping_status":"closed","template":"views\/template-documents.blade.php","meta":{"footnotes":""},"class_list":["post-45200","page","type-page","status-publish","hentry"],"acf":[],"_links":{"self":[{"href":"https:\/\/ubfc-preprod.u-bourgogne.fr\/en\/wp-json\/wp\/v2\/pages\/45200","targetHints":{"allow":["GET"]}}],"collection":[{"href":"https:\/\/ubfc-preprod.u-bourgogne.fr\/en\/wp-json\/wp\/v2\/pages"}],"about":[{"href":"https:\/\/ubfc-preprod.u-bourgogne.fr\/en\/wp-json\/wp\/v2\/types\/page"}],"author":[{"embeddable":true,"href":"https:\/\/ubfc-preprod.u-bourgogne.fr\/en\/wp-json\/wp\/v2\/users\/1"}],"replies":[{"embeddable":true,"href":"https:\/\/ubfc-preprod.u-bourgogne.fr\/en\/wp-json\/wp\/v2\/comments?post=45200"}],"version-history":[{"count":7,"href":"https:\/\/ubfc-preprod.u-bourgogne.fr\/en\/wp-json\/wp\/v2\/pages\/45200\/revisions"}],"predecessor-version":[{"id":49401,"href":"https:\/\/ubfc-preprod.u-bourgogne.fr\/en\/wp-json\/wp\/v2\/pages\/45200\/revisions\/49401"}],"up":[{"embeddable":true,"href":"https:\/\/ubfc-preprod.u-bourgogne.fr\/en\/wp-json\/wp\/v2\/pages\/45184"}],"wp:attachment":[{"href":"https:\/\/ubfc-preprod.u-bourgogne.fr\/en\/wp-json\/wp\/v2\/media?parent=45200"}],"curies":[{"name":"wp","href":"https:\/\/api.w.org\/{rel}","templated":true}]}}