{"id":44665,"date":"2020-06-18T11:07:57","date_gmt":"2020-06-18T09:07:57","guid":{"rendered":"https:\/\/www.ubfc.fr\/?page_id=44665"},"modified":"2020-06-18T11:48:27","modified_gmt":"2020-06-18T09:48:27","slug":"rapports-deliberations-et-verbatims-2016","status":"publish","type":"page","link":"https:\/\/ubfc-preprod.u-bourgogne.fr\/en\/ubfc\/gouvernance\/instances\/conseil-administration\/rapports-deliberations-et-verbatims-2016\/","title":{"rendered":"Rapports, d\u00e9lib\u00e9rations et verbatims 2016"},"content":{"rendered":"\t\t<div data-elementor-type=\"wp-page\" data-elementor-id=\"44665\" class=\"elementor elementor-44665\" data-elementor-post-type=\"page\">\n\t\t\t\t\t\t<section class=\"elementor-section elementor-top-section elementor-element elementor-element-c4f3315 elementor-section-boxed elementor-section-height-default elementor-section-height-default\" data-id=\"c4f3315\" data-element_type=\"section\" data-e-type=\"section\">\n\t\t\t\t\t\t<div class=\"elementor-container elementor-column-gap-default\">\n\t\t\t\t\t<div class=\"elementor-column elementor-col-100 elementor-top-column elementor-element elementor-element-6ea3acc\" data-id=\"6ea3acc\" data-element_type=\"column\" data-e-type=\"column\">\n\t\t\t<div class=\"elementor-widget-wrap elementor-element-populated\">\n\t\t\t\t\t\t<div class=\"elementor-element elementor-element-e2fc45f elementor-widget elementor-widget-toggle\" data-id=\"e2fc45f\" data-element_type=\"widget\" data-e-type=\"widget\" data-widget_type=\"toggle.default\">\n\t\t\t\t<div class=\"elementor-widget-container\">\n\t\t\t\t\t\t\t<div class=\"elementor-toggle\">\n\t\t\t\t\t\t\t<div class=\"elementor-toggle-item\">\n\t\t\t\t\t<div id=\"elementor-tab-title-2381\" class=\"elementor-tab-title\" data-tab=\"1\" role=\"button\" aria-controls=\"elementor-tab-content-2381\" aria-expanded=\"false\">\n\t\t\t\t\t\t\t\t\t\t\t\t<span class=\"elementor-toggle-icon elementor-toggle-icon-left\" aria-hidden=\"true\">\n\t\t\t\t\t\t\t\t\t\t\t\t\t\t\t<span class=\"elementor-toggle-icon-closed\"><i class=\"fas fa-caret-right\"><\/i><\/span>\n\t\t\t\t\t\t\t\t<span class=\"elementor-toggle-icon-opened\"><i class=\"elementor-toggle-icon-opened fas fa-caret-up\"><\/i><\/span>\n\t\t\t\t\t\t\t\t\t\t\t\t\t<\/span>\n\t\t\t\t\t\t\t\t\t\t\t\t<a class=\"elementor-toggle-title\" tabindex=\"0\">Conseil d\u2019Administration du 13 d\u00e9cembre 2016 <\/a>\n\t\t\t\t\t<\/div>\n\n\t\t\t\t\t<div id=\"elementor-tab-content-2381\" class=\"elementor-tab-content elementor-clearfix\" data-tab=\"1\" role=\"region\" aria-labelledby=\"elementor-tab-title-2381\"><ul id=\"document-list-28\" class=\"collapse show\" data-parent=\"#document-section-28\"><li><a class=\"type-pdf\" href=\"https:\/\/www.ubfc.fr\/wp-content\/uploads\/2018\/09\/2016.CA_.40-approbation-verbatim-1-1.pdf\" target=\"_blank\" rel=\"noopener\">D\u00e9lib\u00e9ration n\u00b040 : approbation du verbatim du 15 novembre 2016<\/a><\/li><li><a class=\"type-pdf\" href=\"https:\/\/www.ubfc.fr\/wp-content\/uploads\/2018\/09\/2016.CA_.40-annexe-verbatim-COMUE-CA-15.11.16-modifi\u00e9-CA-1.pdf\" target=\"_blank\" rel=\"noopener\">Annexe \u00e0 la d\u00e9lib\u00e9ration n\u00b040 : verbatim du 15 novembre 2016<\/a><\/li><li><a class=\"type-pdf\" href=\"https:\/\/www.ubfc.fr\/wp-content\/uploads\/2018\/09\/2016.CA_.41-procurations-CA-CAC-1.pdf\" target=\"_blank\" rel=\"noopener\">D\u00e9lib\u00e9ration n\u00b041 : recours aux procurations<\/a><\/li><li><a class=\"type-pdf\" href=\"https:\/\/www.ubfc.fr\/wp-content\/uploads\/2018\/09\/2016.CA_.42-conventions-de-recherche-1.pdf\" target=\"_blank\" rel=\"noopener\">D\u00e9lib\u00e9ration n\u00b042 : frais de gestion des conventions de recherche en gestion UBFC<\/a><\/li><li><a class=\"type-pdf\" href=\"https:\/\/www.ubfc.fr\/wp-content\/uploads\/2018\/09\/2016.CA_.43-BR2-1.pdf\" target=\"_blank\" rel=\"noopener\">D\u00e9lib\u00e9ration n\u00b043 : budget rectificatif n\u00b02 \u2013 exercice 2016<\/a><\/li><li><a class=\"type-pdf\" href=\"https:\/\/www.ubfc.fr\/wp-content\/uploads\/2018\/09\/2016.CA_.43-annexe-budget-rectificatif-2-1.pdf\" target=\"_blank\" rel=\"noopener\">Annexe \u00e0 la d\u00e9lib\u00e9ration n\u00b043 : budget rectificatif n\u00b02<\/a><\/li><li><a class=\"type-pdf\" href=\"https:\/\/www.ubfc.fr\/wp-content\/uploads\/2018\/09\/2016.CA_.44-BI-2017-1.pdf\" target=\"_blank\" rel=\"noopener\">D\u00e9lib\u00e9ration n\u00b044 : budget initial 2017<\/a><\/li><li><a class=\"type-pdf\" href=\"https:\/\/www.ubfc.fr\/wp-content\/uploads\/2018\/09\/2016.CA_.44-annexe-Budget-Initial-2017-1.pdf\" target=\"_blank\" rel=\"noopener\">Annexe \u00e0 la d\u00e9lib\u00e9ration n\u00b044 : budget initial 2017<\/a><\/li><li><a class=\"type-pdf\" href=\"https:\/\/www.ubfc.fr\/wp-content\/uploads\/2018\/09\/2016.CA_.45-Coll\u00e8ge-doctoral-1.pdf\" target=\"_blank\" rel=\"noopener\">D\u00e9lib\u00e9ration n\u00b045 : constitution du coll\u00e8ge doctoral<\/a><\/li><li><a class=\"type-pdf\" href=\"https:\/\/www.ubfc.fr\/wp-content\/uploads\/2018\/09\/2016.CA_.45-annexe-Constitution-du-Coll\u00e8ge-Doctoral-1.pdf\" target=\"_blank\" rel=\"noopener\">Annexe \u00e0 la d\u00e9lib\u00e9ration n\u00b045: constitution du coll\u00e8ge doctoral<\/a><\/li><\/ul><\/div>\n\t\t\t\t<\/div>\n\t\t\t\t\t\t\t<div class=\"elementor-toggle-item\">\n\t\t\t\t\t<div id=\"elementor-tab-title-2382\" class=\"elementor-tab-title\" data-tab=\"2\" role=\"button\" aria-controls=\"elementor-tab-content-2382\" aria-expanded=\"false\">\n\t\t\t\t\t\t\t\t\t\t\t\t<span class=\"elementor-toggle-icon elementor-toggle-icon-left\" aria-hidden=\"true\">\n\t\t\t\t\t\t\t\t\t\t\t\t\t\t\t<span class=\"elementor-toggle-icon-closed\"><i class=\"fas fa-caret-right\"><\/i><\/span>\n\t\t\t\t\t\t\t\t<span class=\"elementor-toggle-icon-opened\"><i class=\"elementor-toggle-icon-opened fas fa-caret-up\"><\/i><\/span>\n\t\t\t\t\t\t\t\t\t\t\t\t\t<\/span>\n\t\t\t\t\t\t\t\t\t\t\t\t<a class=\"elementor-toggle-title\" tabindex=\"0\">Conseil d\u2019Administration du 15 novembre 2016 <\/a>\n\t\t\t\t\t<\/div>\n\n\t\t\t\t\t<div id=\"elementor-tab-content-2382\" class=\"elementor-tab-content elementor-clearfix\" data-tab=\"2\" role=\"region\" aria-labelledby=\"elementor-tab-title-2382\"><ul id=\"document-list-29\" class=\"collapse show\" data-parent=\"#document-section-29\"><li><a class=\"type-pdf\" href=\"https:\/\/www.ubfc.fr\/wp-content\/uploads\/2018\/09\/2016.CA_.28-Approbation-verbatim-du-13-sept-1.pdf\" target=\"_blank\" rel=\"noopener\">D\u00e9lib\u00e9ration n\u00b028 : approbation du verbatim du 13 septembre 2016 <\/a><\/li><li><a class=\"type-pdf\" href=\"https:\/\/www.ubfc.fr\/wp-content\/uploads\/2018\/09\/2016.CA_.29-Subventions-Region-BFC-1.pdf\" target=\"_blank\" rel=\"noopener\">D\u00e9lib\u00e9ration n\u00b029 : demandes de subventions \u00e0 la R\u00e9gion Bourgogne Franche-Comt\u00e9<\/a><\/li><li><a class=\"type-pdf\" href=\"https:\/\/www.ubfc.fr\/wp-content\/uploads\/2018\/09\/2016.CA_.30-Regimes-indemnitaires-1.pdf\" target=\"_blank\" rel=\"noopener\">D\u00e9lib\u00e9ration n\u00b030 : r\u00e9gimes indemnitaires des personnels UBFC<\/a><\/li><li><a class=\"type-pdf\" href=\"https:\/\/www.ubfc.fr\/wp-content\/uploads\/2018\/09\/2016.CA_.31-Primes-pour-charges-admininistratives-1.pdf\" target=\"_blank\" rel=\"noopener\">D\u00e9lib\u00e9ration n\u00b031 : primes pour charges administratives<\/a><\/li><li><a class=\"type-pdf\" href=\"https:\/\/www.ubfc.fr\/wp-content\/uploads\/2018\/09\/2016.CA_.32-Debat-orientations-budgetaires-1.pdf\" target=\"_blank\" rel=\"noopener\">D\u00e9lib\u00e9ration n\u00b032 : d\u00e9bat d\u2019orientation budg\u00e9taire 2017<\/a><\/li><li><a class=\"type-pdf\" href=\"https:\/\/www.ubfc.fr\/wp-content\/uploads\/2018\/09\/2016.CA_.33-Campagne-demplois-2017-1.pdf\" target=\"_blank\" rel=\"noopener\">D\u00e9lib\u00e9ration n\u00b033 : campagne d\u2019emploi 2017<\/a><\/li><li><a class=\"type-pdf\" href=\"https:\/\/www.ubfc.fr\/wp-content\/uploads\/2018\/09\/2016.CA_.34-Composition-Conseils-ED-1.pdf\" target=\"_blank\" rel=\"noopener\">D\u00e9lib\u00e9ration n\u00b034 : composition des conseils des \u00e9coles doctorales UBFC<\/a><\/li><li><a class=\"type-pdf\" href=\"https:\/\/www.ubfc.fr\/wp-content\/uploads\/2018\/09\/2016.CA_.35-Transferts-Doctorat-et-HDR-1.pdf\" target=\"_blank\" rel=\"noopener\">D\u00e9lib\u00e9ration n\u00b035 : transfert du doctorat et de l\u2019HDR \u00e0 UBFC<\/a><\/li><li><a class=\"type-pdf\" href=\"https:\/\/www.ubfc.fr\/wp-content\/uploads\/2018\/09\/2016.CA_.36-Prix-PEPITE-1.pdf\" target=\"_blank\" rel=\"noopener\">D\u00e9lib\u00e9ration n\u00b036 : attribution de prix r\u00e9gionaux Tremplin PEPITE BFC 2016<\/a><\/li><li><a class=\"type-pdf\" href=\"https:\/\/www.ubfc.fr\/wp-content\/uploads\/2018\/09\/2016.CA_.37-Charte-Erasmus-1.pdf\" target=\"_blank\" rel=\"noopener\">D\u00e9lib\u00e9ration n\u00b037 : adh\u00e9sion \u00e0 la charte Erasmus +<\/a><\/li><li><a class=\"type-pdf\" href=\"https:\/\/www.ubfc.fr\/wp-content\/uploads\/2018\/09\/2016.CA_.38-Adhesion-CEF-1.pdf\" target=\"_blank\" rel=\"noopener\">D\u00e9lib\u00e9ration n\u00b038 : adh\u00e9sion au centre des \u00e9tudes en France (CEF)<\/a><\/li><li><a class=\"type-pdf\" href=\"https:\/\/www.ubfc.fr\/wp-content\/uploads\/2018\/09\/2016.CA_.39-Adhesion-RNCD-1.pdf\" target=\"_blank\" rel=\"noopener\">D\u00e9lib\u00e9ration n\u00b039 : adh\u00e9sion au r\u00e9seau national des coll\u00e8ges doctoraux (RNCD) <\/a><\/li><\/ul><\/div>\n\t\t\t\t<\/div>\n\t\t\t\t\t\t\t<div class=\"elementor-toggle-item\">\n\t\t\t\t\t<div id=\"elementor-tab-title-2383\" class=\"elementor-tab-title\" data-tab=\"3\" role=\"button\" aria-controls=\"elementor-tab-content-2383\" aria-expanded=\"false\">\n\t\t\t\t\t\t\t\t\t\t\t\t<span class=\"elementor-toggle-icon elementor-toggle-icon-left\" aria-hidden=\"true\">\n\t\t\t\t\t\t\t\t\t\t\t\t\t\t\t<span class=\"elementor-toggle-icon-closed\"><i class=\"fas fa-caret-right\"><\/i><\/span>\n\t\t\t\t\t\t\t\t<span class=\"elementor-toggle-icon-opened\"><i class=\"elementor-toggle-icon-opened fas fa-caret-up\"><\/i><\/span>\n\t\t\t\t\t\t\t\t\t\t\t\t\t<\/span>\n\t\t\t\t\t\t\t\t\t\t\t\t<a class=\"elementor-toggle-title\" tabindex=\"0\">Conseil d\u2019Administration du 13 septembre 2016 <\/a>\n\t\t\t\t\t<\/div>\n\n\t\t\t\t\t<div id=\"elementor-tab-content-2383\" class=\"elementor-tab-content elementor-clearfix\" data-tab=\"3\" role=\"region\" aria-labelledby=\"elementor-tab-title-2383\"><ul id=\"document-list-30\" class=\"collapse show\" data-parent=\"#document-section-30\"><li><a class=\"type-pdf\" href=\"https:\/\/www.ubfc.fr\/wp-content\/uploads\/2018\/09\/2016.CA_.21_UBFC-1.pdf\" target=\"_blank\" rel=\"noopener\">D\u00e9lib\u00e9ration n\u00b021 : approbation du verbatim du CA du 12 juillet 2016 (annexe incluse)<\/a><\/li><li><a class=\"type-pdf\" href=\"https:\/\/www.ubfc.fr\/wp-content\/uploads\/2018\/09\/2016.CA_.22_UBFC-1.pdf\" target=\"_blank\" rel=\"noopener\">D\u00e9lib\u00e9ration n\u00b022 : candidature de l\u2019ENSAM Cluny \u00e0 l\u2019int\u00e9gration dans la COMUE UBFC (annexe incluse)<\/a><\/li><li><a class=\"type-pdf\" href=\"https:\/\/www.ubfc.fr\/wp-content\/uploads\/2018\/09\/2016.CA_.23_UBFC-1.pdf\" target=\"_blank\" rel=\"noopener\">D\u00e9lib\u00e9ration n\u00b023 : \u00e9lection du Vice-Pr\u00e9sident en charge de la politique num\u00e9rique<\/a><\/li><li><a class=\"type-pdf\" href=\"https:\/\/www.ubfc.fr\/wp-content\/uploads\/2018\/09\/2016.CA_.24_UBFC-1.pdf\" target=\"_blank\" rel=\"noopener\">D\u00e9lib\u00e9ration n\u00b024 : d\u00e9signation du Vice-Pr\u00e9sident en charge de l\u2019action culturelle et des liens avec la soci\u00e9t\u00e9 civile<\/a><\/li><li><a class=\"type-pdf\" href=\"https:\/\/www.ubfc.fr\/wp-content\/uploads\/2018\/09\/2016.CA_.25_UBFC-1.pdf\" target=\"_blank\" rel=\"noopener\">D\u00e9lib\u00e9ration n\u00b025 : approbation du dossier HCERES pr\u00e9sent\u00e9<\/a><\/li><li><a class=\"type-pdf\" href=\"https:\/\/www.ubfc.fr\/wp-content\/uploads\/2018\/09\/2016.CA_.26_UBFC-1.pdf\" target=\"_blank\" rel=\"noopener\">D\u00e9lib\u00e9ration n\u00b026 : budget rectificatif n\u00b01<\/a><\/li><li><a class=\"type-pdf\" href=\"https:\/\/www.ubfc.fr\/wp-content\/uploads\/2018\/09\/2016.CA_.27_UBFC-1.pdf\" target=\"_blank\" rel=\"noopener\">D\u00e9lib\u00e9ration n\u00b027 : prise en charge financi\u00e8re des jurys I-SITE BFC<\/a><\/li><\/ul><\/div>\n\t\t\t\t<\/div>\n\t\t\t\t\t\t\t<div class=\"elementor-toggle-item\">\n\t\t\t\t\t<div id=\"elementor-tab-title-2384\" class=\"elementor-tab-title\" data-tab=\"4\" role=\"button\" aria-controls=\"elementor-tab-content-2384\" aria-expanded=\"false\">\n\t\t\t\t\t\t\t\t\t\t\t\t<span class=\"elementor-toggle-icon elementor-toggle-icon-left\" aria-hidden=\"true\">\n\t\t\t\t\t\t\t\t\t\t\t\t\t\t\t<span class=\"elementor-toggle-icon-closed\"><i class=\"fas fa-caret-right\"><\/i><\/span>\n\t\t\t\t\t\t\t\t<span class=\"elementor-toggle-icon-opened\"><i class=\"elementor-toggle-icon-opened fas fa-caret-up\"><\/i><\/span>\n\t\t\t\t\t\t\t\t\t\t\t\t\t<\/span>\n\t\t\t\t\t\t\t\t\t\t\t\t<a class=\"elementor-toggle-title\" tabindex=\"0\">Conseil d\u2019Administration du 12 juillet 2016 <\/a>\n\t\t\t\t\t<\/div>\n\n\t\t\t\t\t<div id=\"elementor-tab-content-2384\" class=\"elementor-tab-content elementor-clearfix\" data-tab=\"4\" role=\"region\" aria-labelledby=\"elementor-tab-title-2384\"><ul id=\"document-list-31\" class=\"collapse show\" data-parent=\"#document-section-31\"><li><a class=\"type-pdf\" href=\"https:\/\/www.ubfc.fr\/wp-content\/uploads\/2018\/09\/CA-UBFC_D\u00e9lib\u00e9ration-n\u00b014-approbation-du-verbatim-du-30-mai-2016-1.pdf\" target=\"_blank\" rel=\"noopener\">D\u00e9lib\u00e9ration n\u00b014 : approbation du verbatim du CA du 30 mai 2016<\/a><\/li><li><a class=\"type-pdf\" href=\"https:\/\/www.ubfc.fr\/wp-content\/uploads\/2018\/09\/CA-UBFC_Annexe-\u00e0-la-d\u00e9lib\u00e9ration-n\u00b014_VERBATIM-CA-DU-30-MAI-2016-1.pdf\" target=\"_blank\" rel=\"noopener\">Annexe \u00e0 la d\u00e9lib\u00e9ration n\u00b014: verbatim du CA du 30 mai 2016<\/a><\/li><li><a class=\"type-pdf\" href=\"https:\/\/www.ubfc.fr\/wp-content\/uploads\/2018\/09\/CA-UBFC_D\u00e9lib\u00e9ration-n\u00b015-\u00e9valuation-HCERES-1.pdf\" target=\"_blank\" rel=\"noopener\">D\u00e9lib\u00e9ration n\u00b015 : \u00e9valuation HCERES <\/a><\/li><li><a class=\"type-pdf\" href=\"https:\/\/www.ubfc.fr\/wp-content\/uploads\/2018\/09\/CA-UBFC_D\u00e9lib\u00e9ration-n\u00b016-convention-de-pr\u00e9financement-I-SITE-1.pdf\" target=\"_blank\" rel=\"noopener\">D\u00e9lib\u00e9ration n\u00b016 : signature de la convention de pr\u00e9financement I-SITE BFC<\/a><\/li><li><a class=\"type-pdf\" href=\"https:\/\/www.ubfc.fr\/wp-content\/uploads\/2018\/09\/CA-UBFC_Annexe-\u00e0-la-d\u00e9lib\u00e9ration-n\u00b016-CONVENTION-DE-PREFINANCEMENT-I-SITE-1.pdf\" target=\"_blank\" rel=\"noopener\">Annexe \u00e0 la d\u00e9lib\u00e9ration n\u00b016 : convention de pr\u00e9financement I-SITE BFC<\/a><\/li><li><a class=\"type-pdf\" href=\"https:\/\/www.ubfc.fr\/wp-content\/uploads\/2018\/09\/CA-UBFC_D\u00e9lib\u00e9ration-n\u00b017-convention-cadre-de-gestion-des-personnels-des-\u00e9tudes-doctorales-1.pdf\" target=\"_blank\" rel=\"noopener\">D\u00e9lib\u00e9ration n\u00b017 : signature de la convention cadre de gestion des personnels des \u00e9tudes doctorales<\/a><\/li><li><a class=\"type-pdf\" href=\"https:\/\/www.ubfc.fr\/wp-content\/uploads\/2018\/09\/CA-UBFC_Annexe-\u00e0-la-d\u00e9lib\u00e9ration-n\u00b017-CONVENTION-CADRE-SUR-LA-GESTION-DES-ETUDES-DOCTORALES-1.pdf\" target=\"_blank\" rel=\"noopener\">Annexe \u00e0 la d\u00e9lib\u00e9ration n\u00b017 : convention cadre de gestion des \u00e9tudes doctorales <\/a><\/li><li><a class=\"type-pdf\" href=\"https:\/\/www.ubfc.fr\/wp-content\/uploads\/2018\/09\/CA-UBFC_D\u00e9lib\u00e9ration-n\u00b018-adh\u00e9sion-\u00e0-Premice-et-d\u00e9signation-du-repr\u00e9sentant-dUBFC-au-CA-de-Premice-1.pdf\" target=\"_blank\" rel=\"noopener\">D\u00e9lib\u00e9ration n\u00b018 : adh\u00e9sion \u00e0 PREMICE et d\u00e9signation du repr\u00e9sentant d\u2019UBFC au CA de PREMICE<\/a><\/li><li><a class=\"type-pdf\" href=\"https:\/\/www.ubfc.fr\/wp-content\/uploads\/2018\/09\/CA-UBFC_D\u00e9lib\u00e9ration-n\u00b019-convention-de-paye-\u00e0-fa\u00e7on-1.pdf\" target=\"_blank\" rel=\"noopener\">D\u00e9lib\u00e9ration n\u00b019 : signature de la convention de paye \u00e0 fa\u00e7on <\/a><\/li><li><a class=\"type-pdf\" href=\"https:\/\/www.ubfc.fr\/wp-content\/uploads\/2018\/09\/CA-UBFC_Annexe-\u00e0-la-d\u00e9lib\u00e9ration-n\u00b019-CONVENTION-PAYE-A-FACON-1.pdf\" target=\"_blank\" rel=\"noopener\">Annexe \u00e0 la d\u00e9lib\u00e9ration n\u00b019 : convention de paye \u00e0 fa\u00e7on<\/a><\/li><li><a class=\"type-pdf\" href=\"https:\/\/www.ubfc.fr\/wp-content\/uploads\/2018\/09\/CA-UBFC_D\u00e9lib\u00e9ration-n\u00b020-demande-de-subvention-de-la-ville-de-Belfort-1.pdf\" target=\"_blank\" rel=\"noopener\">D\u00e9lib\u00e9ration n\u00b020 : demande de subvention de la ville de Belfort<\/a><\/li><\/ul><\/div>\n\t\t\t\t<\/div>\n\t\t\t\t\t\t\t<div class=\"elementor-toggle-item\">\n\t\t\t\t\t<div id=\"elementor-tab-title-2385\" class=\"elementor-tab-title\" data-tab=\"5\" role=\"button\" aria-controls=\"elementor-tab-content-2385\" aria-expanded=\"false\">\n\t\t\t\t\t\t\t\t\t\t\t\t<span class=\"elementor-toggle-icon elementor-toggle-icon-left\" aria-hidden=\"true\">\n\t\t\t\t\t\t\t\t\t\t\t\t\t\t\t<span class=\"elementor-toggle-icon-closed\"><i class=\"fas fa-caret-right\"><\/i><\/span>\n\t\t\t\t\t\t\t\t<span class=\"elementor-toggle-icon-opened\"><i class=\"elementor-toggle-icon-opened fas fa-caret-up\"><\/i><\/span>\n\t\t\t\t\t\t\t\t\t\t\t\t\t<\/span>\n\t\t\t\t\t\t\t\t\t\t\t\t<a class=\"elementor-toggle-title\" tabindex=\"0\"> Conseil d\u2019Administration du 30 mai 2016 <\/a>\n\t\t\t\t\t<\/div>\n\n\t\t\t\t\t<div id=\"elementor-tab-content-2385\" class=\"elementor-tab-content elementor-clearfix\" data-tab=\"5\" role=\"region\" aria-labelledby=\"elementor-tab-title-2385\"><ul id=\"document-list-32\" class=\"collapse show\" data-parent=\"#document-section-32\"><li><a class=\"type-pdf\" href=\"https:\/\/www.ubfc.fr\/wp-content\/uploads\/2018\/09\/2016.CA_.07-1.pdf\" target=\"_blank\" rel=\"noopener\">D\u00e9lib\u00e9ration n\u00b07 : approbation du verbatim du 25 avril 2016<\/a><\/li><li><a class=\"type-pdf\" href=\"https:\/\/www.ubfc.fr\/wp-content\/uploads\/2018\/09\/2016.CA_.08-1.pdf\" target=\"_blank\" rel=\"noopener\">D\u00e9lib\u00e9ration n\u00b08 : d\u00e9l\u00e9gations du CA au Pr\u00e9sident d\u2019UBFC<\/a><\/li><li><a class=\"type-pdf\" href=\"https:\/\/www.ubfc.fr\/wp-content\/uploads\/2018\/09\/2016.CA_.09-1.pdf\" target=\"_blank\" rel=\"noopener\">D\u00e9lib\u00e9ration n\u00b09 : d\u00e9signation de 4 Vice-Pr\u00e9sidents d\u00e9l\u00e9gu\u00e9s<\/a><\/li><li><a class=\"type-pdf\" href=\"https:\/\/www.ubfc.fr\/wp-content\/uploads\/2018\/09\/2016.CA_.10-1.pdf\" target=\"_blank\" rel=\"noopener\">D\u00e9lib\u00e9ration n\u00b010 : dossier I-SITE BFC<\/a><\/li><li><a class=\"type-pdf\" href=\"https:\/\/www.ubfc.fr\/wp-content\/uploads\/2018\/09\/2016.CA_.11-1.pdf\" target=\"_blank\" rel=\"noopener\">D\u00e9lib\u00e9ration n\u00b011 : \u00e9valuation HCERES<\/a><\/li><li><a class=\"type-pdf\" href=\"https:\/\/www.ubfc.fr\/wp-content\/uploads\/2018\/09\/2016.CA_.12-1.pdf\" target=\"_blank\" rel=\"noopener\">D\u00e9lib\u00e9ration n\u00b012 : conventions sign\u00e9es entre le 1er janvier et le 25 avril 2016<\/a><\/li><li><a class=\"type-pdf\" href=\"https:\/\/www.ubfc.fr\/wp-content\/uploads\/2018\/09\/2016.CA_.13-1.pdf\" target=\"_blank\" rel=\"noopener\">D\u00e9lib\u00e9ration n\u00b013 : calendrier des CA <\/a><\/li><\/ul><\/div>\n\t\t\t\t<\/div>\n\t\t\t\t\t\t\t<div class=\"elementor-toggle-item\">\n\t\t\t\t\t<div id=\"elementor-tab-title-2386\" class=\"elementor-tab-title\" data-tab=\"6\" role=\"button\" aria-controls=\"elementor-tab-content-2386\" aria-expanded=\"false\">\n\t\t\t\t\t\t\t\t\t\t\t\t<span class=\"elementor-toggle-icon elementor-toggle-icon-left\" aria-hidden=\"true\">\n\t\t\t\t\t\t\t\t\t\t\t\t\t\t\t<span class=\"elementor-toggle-icon-closed\"><i class=\"fas fa-caret-right\"><\/i><\/span>\n\t\t\t\t\t\t\t\t<span class=\"elementor-toggle-icon-opened\"><i class=\"elementor-toggle-icon-opened fas fa-caret-up\"><\/i><\/span>\n\t\t\t\t\t\t\t\t\t\t\t\t\t<\/span>\n\t\t\t\t\t\t\t\t\t\t\t\t<a class=\"elementor-toggle-title\" tabindex=\"0\">Conseil d\u2019Administration du 25 avril 2016 <\/a>\n\t\t\t\t\t<\/div>\n\n\t\t\t\t\t<div id=\"elementor-tab-content-2386\" class=\"elementor-tab-content elementor-clearfix\" data-tab=\"6\" role=\"region\" aria-labelledby=\"elementor-tab-title-2386\"><p><a class=\"type-pdf\" href=\"https:\/\/www.ubfc.fr\/wp-content\/uploads\/2018\/09\/Deliberation2016.CA_.06_\u00e9lectionPsdt_25042016-1.pdf\" target=\"_blank\" rel=\"noopener\">D\u00e9lib\u00e9ration n\u00b06 : \u00e9lection du Pr\u00e9sident de la COMUE <\/a><\/p><\/div>\n\t\t\t\t<\/div>\n\t\t\t\t\t\t\t<div class=\"elementor-toggle-item\">\n\t\t\t\t\t<div id=\"elementor-tab-title-2387\" class=\"elementor-tab-title\" data-tab=\"7\" role=\"button\" aria-controls=\"elementor-tab-content-2387\" aria-expanded=\"false\">\n\t\t\t\t\t\t\t\t\t\t\t\t<span class=\"elementor-toggle-icon elementor-toggle-icon-left\" aria-hidden=\"true\">\n\t\t\t\t\t\t\t\t\t\t\t\t\t\t\t<span class=\"elementor-toggle-icon-closed\"><i class=\"fas fa-caret-right\"><\/i><\/span>\n\t\t\t\t\t\t\t\t<span class=\"elementor-toggle-icon-opened\"><i class=\"elementor-toggle-icon-opened fas fa-caret-up\"><\/i><\/span>\n\t\t\t\t\t\t\t\t\t\t\t\t\t<\/span>\n\t\t\t\t\t\t\t\t\t\t\t\t<a class=\"elementor-toggle-title\" tabindex=\"0\"> Conseil d\u2019Administration du 7 Avril 2016 <\/a>\n\t\t\t\t\t<\/div>\n\n\t\t\t\t\t<div id=\"elementor-tab-content-2387\" class=\"elementor-tab-content elementor-clearfix\" data-tab=\"7\" role=\"region\" aria-labelledby=\"elementor-tab-title-2387\"><ul id=\"document-list-34\" class=\"collapse show\" data-parent=\"#document-section-34\"><li><a class=\"type-pdf\" href=\"https:\/\/www.ubfc.fr\/wp-content\/uploads\/2018\/09\/deliberation-2016.CA_.01-1.pdf\" target=\"_blank\" rel=\"noopener\">D\u00e9lib\u00e9ration n\u00b01 : repr\u00e9sentants des \u00e9tablissements membres d\u00e9sign\u00e9s au CA d\u2019UBFC<\/a><\/li><li><a class=\"type-pdf\" href=\"https:\/\/www.ubfc.fr\/wp-content\/uploads\/2018\/09\/deliberation-2016.CA_.02-1.pdf\" target=\"_blank\" rel=\"noopener\">D\u00e9lib\u00e9ration n\u00b02 : d\u00e9signation des personnalit\u00e9s qualifi\u00e9es issues des organismes de recherche partenaires et des \u00e9tablissements publics de sant\u00e9<\/a><\/li><li><a class=\"type-pdf\" href=\"https:\/\/www.ubfc.fr\/wp-content\/uploads\/2018\/09\/deliberation-2016.CA_.03-1.pdf\" target=\"_blank\" rel=\"noopener\">D\u00e9lib\u00e9ration n\u00b03 : d\u00e9signation des agglom\u00e9rations de Bourgogne et Franche-Comt\u00e9<\/a><\/li><li><a class=\"type-pdf\" href=\"https:\/\/www.ubfc.fr\/wp-content\/uploads\/2018\/09\/deliberation-2016.CA_.04-1.pdf\" target=\"_blank\" rel=\"noopener\">D\u00e9lib\u00e9ration n\u00b04 : d\u00e9signation des repr\u00e9sentants des entreprises<\/a><\/li><li><a class=\"type-pdf\" href=\"https:\/\/www.ubfc.fr\/wp-content\/uploads\/2018\/09\/deliberation-2016.CA_.05-1.pdf\" target=\"_blank\" rel=\"noopener\">D\u00e9lib\u00e9ration n\u00b05 : d\u00e9signation des repr\u00e9sentants du CESER Bourgogne Franche-Comt\u00e9 <\/a><\/li><\/ul><\/div>\n\t\t\t\t<\/div>\n\t\t\t\t\t\t\t\t<\/div>\n\t\t\t\t\t\t<\/div>\n\t\t\t\t<\/div>\n\t\t\t\t\t<\/div>\n\t\t<\/div>\n\t\t\t\t\t<\/div>\n\t\t<\/section>\n\t\t\t\t<\/div>\n\t\t","protected":false},"excerpt":{"rendered":"<p>Conseil d\u2019Administration du 13 d\u00e9cembre 2016 D\u00e9lib\u00e9ration n\u00b040 : approbation du verbatim du 15 novembre 2016 Annexe \u00e0 la d\u00e9lib\u00e9ration n\u00b040 : verbatim du 15 novembre 2016 D\u00e9lib\u00e9ration n\u00b041 : recours aux procurations D\u00e9lib\u00e9ration n\u00b042 : frais de gestion des conventions de recherche en gestion UBFC D\u00e9lib\u00e9ration n\u00b043 : budget rectificatif n\u00b02 \u2013 exercice 2016 &hellip; <a href=\"https:\/\/ubfc-preprod.u-bourgogne.fr\/en\/ubfc\/gouvernance\/instances\/conseil-administration\/rapports-deliberations-et-verbatims-2016\/\">Continued<\/a><\/p>\n","protected":false},"author":18,"featured_media":0,"parent":734,"menu_order":66,"comment_status":"closed","ping_status":"closed","template":"","meta":{"footnotes":""},"class_list":["post-44665","page","type-page","status-publish","hentry"],"acf":[],"_links":{"self":[{"href":"https:\/\/ubfc-preprod.u-bourgogne.fr\/en\/wp-json\/wp\/v2\/pages\/44665","targetHints":{"allow":["GET"]}}],"collection":[{"href":"https:\/\/ubfc-preprod.u-bourgogne.fr\/en\/wp-json\/wp\/v2\/pages"}],"about":[{"href":"https:\/\/ubfc-preprod.u-bourgogne.fr\/en\/wp-json\/wp\/v2\/types\/page"}],"author":[{"embeddable":true,"href":"https:\/\/ubfc-preprod.u-bourgogne.fr\/en\/wp-json\/wp\/v2\/users\/18"}],"replies":[{"embeddable":true,"href":"https:\/\/ubfc-preprod.u-bourgogne.fr\/en\/wp-json\/wp\/v2\/comments?post=44665"}],"version-history":[{"count":2,"href":"https:\/\/ubfc-preprod.u-bourgogne.fr\/en\/wp-json\/wp\/v2\/pages\/44665\/revisions"}],"predecessor-version":[{"id":44672,"href":"https:\/\/ubfc-preprod.u-bourgogne.fr\/en\/wp-json\/wp\/v2\/pages\/44665\/revisions\/44672"}],"up":[{"embeddable":true,"href":"https:\/\/ubfc-preprod.u-bourgogne.fr\/en\/wp-json\/wp\/v2\/pages\/734"}],"wp:attachment":[{"href":"https:\/\/ubfc-preprod.u-bourgogne.fr\/en\/wp-json\/wp\/v2\/media?parent=44665"}],"curies":[{"name":"wp","href":"https:\/\/api.w.org\/{rel}","templated":true}]}}