{"id":44601,"date":"2020-06-17T10:20:22","date_gmt":"2020-06-17T08:20:22","guid":{"rendered":"https:\/\/www.ubfc.fr\/?page_id=44601"},"modified":"2020-11-04T15:33:36","modified_gmt":"2020-11-04T14:33:36","slug":"projets-de-recherche","status":"publish","type":"page","link":"https:\/\/ubfc-preprod.u-bourgogne.fr\/en\/recherche\/projets-de-recherche\/","title":{"rendered":"Projets de recherche"},"content":{"rendered":"\t\t<div data-elementor-type=\"wp-page\" data-elementor-id=\"44601\" class=\"elementor elementor-44601\" data-elementor-post-type=\"page\">\n\t\t\t\t\t\t<section class=\"elementor-section elementor-top-section elementor-element elementor-element-2c2a2f7 elementor-section-boxed elementor-section-height-default elementor-section-height-default\" data-id=\"2c2a2f7\" data-element_type=\"section\" data-e-type=\"section\">\n\t\t\t\t\t\t<div class=\"elementor-container elementor-column-gap-default\">\n\t\t\t\t\t<div class=\"elementor-column elementor-col-50 elementor-top-column elementor-element elementor-element-08ff275\" data-id=\"08ff275\" data-element_type=\"column\" data-e-type=\"column\">\n\t\t\t<div class=\"elementor-widget-wrap elementor-element-populated\">\n\t\t\t\t\t\t<div class=\"elementor-element elementor-element-81dbef8 elementor-widget elementor-widget-text-editor\" data-id=\"81dbef8\" data-element_type=\"widget\" data-e-type=\"widget\" data-widget_type=\"text-editor.default\">\n\t\t\t\t<div class=\"elementor-widget-container\">\n\t\t\t\t\t\t\t\t\t<p><strong>UBFC porte des projets de recherche novateurs et ambitieux.<\/strong><\/p><p>UBFC garantit une bonne articulation des champs scientifiques avec des th\u00e9matiques pr\u00e9cises. Elle \u0153uvre \u00e0 l\u2019indispensable compl\u00e9mentarit\u00e9 entre le d\u00e9veloppement des savoirs disciplinaires et celui de travaux pluri- et interdisciplinaires permettant de r\u00e9pondre, \u00e0 travers ces projets, \u00e0 des challenges soci\u00e9taux. Du croisement des axes d\u2019ISITE-BFC pourront \u00e9galement \u00e9merger des th\u00e9matiques identifiantes de Bourgogne-Franche-Comt\u00e9.<\/p>\t\t\t\t\t\t\t\t<\/div>\n\t\t\t\t<\/div>\n\t\t\t\t\t<\/div>\n\t\t<\/div>\n\t\t\t\t<div class=\"elementor-column elementor-col-50 elementor-top-column elementor-element elementor-element-9dd4967\" data-id=\"9dd4967\" data-element_type=\"column\" data-e-type=\"column\">\n\t\t\t<div class=\"elementor-widget-wrap elementor-element-populated\">\n\t\t\t\t\t\t<div class=\"elementor-element elementor-element-4628485 elementor-widget elementor-widget-text-editor\" data-id=\"4628485\" data-element_type=\"widget\" data-e-type=\"widget\" data-widget_type=\"text-editor.default\">\n\t\t\t\t<div class=\"elementor-widget-container\">\n\t\t\t\t\t\t\t\t\t<ul><li>ISITE-BFC<\/li><li>Graduate school EIPHI-BFC<\/li><li>Labex LipSTIC<\/li><li>NCU RITM-BFC<\/li><li>IDEFI TalentCampus<\/li><li>TEAM SPORTS<\/li><\/ul>\t\t\t\t\t\t\t\t<\/div>\n\t\t\t\t<\/div>\n\t\t\t\t\t<\/div>\n\t\t<\/div>\n\t\t\t\t\t<\/div>\n\t\t<\/section>\n\t\t\t\t<section class=\"elementor-section elementor-top-section elementor-element elementor-element-ee9f158 elementor-section-boxed elementor-section-height-default elementor-section-height-default\" data-id=\"ee9f158\" data-element_type=\"section\" data-e-type=\"section\">\n\t\t\t\t\t\t<div class=\"elementor-container elementor-column-gap-default\">\n\t\t\t\t\t<div class=\"elementor-column elementor-col-100 elementor-top-column elementor-element elementor-element-4d4fd37\" data-id=\"4d4fd37\" data-element_type=\"column\" data-e-type=\"column\">\n\t\t\t<div class=\"elementor-widget-wrap elementor-element-populated\">\n\t\t\t\t\t\t<div class=\"elementor-element elementor-element-4c75f56 elementor-widget elementor-widget-text-editor\" data-id=\"4c75f56\" data-element_type=\"widget\" data-e-type=\"widget\" data-widget_type=\"text-editor.default\">\n\t\t\t\t<div class=\"elementor-widget-container\">\n\t\t\t\t\t\t\t\t\t<h2><span style=\"font-size: 14pt\">Les objectifs d&#8217;UBFC<\/span><\/h2><p>Pour la dur\u00e9e du contrat, les principaux objectifs d\u2019UBFC sont :<\/p><ul><li>d&#8217;<strong>\u00e9laborer une strat\u00e9gie recherche au niveau f\u00e9d\u00e9ral<\/strong> en veillant \u00e0 la bonne articulation des strat\u00e9gies de sp\u00e9cialisation de l\u2019ensemble des sites du regroupement,<\/li><li>de <strong>coordonner<\/strong> les activit\u00e9s de recherche du site,<\/li><li>d&#8217;\u00e9tablir une cartographie th\u00e9matique,<\/li><li>d<strong>&#8216;identifier des synergies<\/strong> qui pourront conduire \u00e0 des restructurations pour augmenter la coh\u00e9rence et la synergie des activit\u00e9s de recherche du site,<\/li><li>de <strong>faire \u00e9merger de nouveaux points forts<\/strong>, disciplinaires et interdisciplinaires, identifiants pour le site, par exemple \u00e0 travers des projets aux interfaces des axes de l\u2019ISITE-BFC,<\/li><li>de <strong>d\u00e9finir des normes et des pratiques partag\u00e9es<\/strong> \u00e0 l\u2019\u00e9chelle du site pour le recrutement de personnels de recherche (enseignants-chercheurs, doctorants, chercheurs contractuels) ; en particulier, le recrutement du personnel non permanent embauch\u00e9 \u00e0 UBFC sur les projets qui y sont g\u00e9r\u00e9s doit \u00eatre organis\u00e9 en publiant les offres sur les sites internationaux des domaines concern\u00e9s, en conformit\u00e9 avec les normes internationales,<\/li><li>d&#8217;<strong>harmoniser les pratiques de management<\/strong> des laboratoires du site BFC pour correspondre aux standards nationaux,<\/li><li>d&#8217;<strong>\u00e9laborer une grille d\u2019indicateurs cl\u00e9s<\/strong> pour les laboratoires, qui sera renseign\u00e9e chaque ann\u00e9e et sera compatible avec celle des organismes de recherche.<\/li><\/ul><p>Afin de rendre plus lisible les th\u00e9matiques de recherche, UBFC s\u2019est structur\u00e9e en <a href=\"http:\/\/portail.univ-bfc.fr\/ubfc\/poles-thematiques\/\">p\u00f4les th\u00e9matiques<\/a>.<\/p><p>Ceux-ci jouent un r\u00f4le en mati\u00e8re de strat\u00e9gie et de prospective, de modalit\u00e9s de recrutement (profils recherche des postes d\u2019enseignant-chercheur d\u00e9ploy\u00e9s vers les domaines prioritaires de l\u2019ISITE-BFC), de d\u00e9marche qualit\u00e9, de partenariat avec le monde \u00e9conomique et de d\u00e9veloppement international.<\/p><p>UBFC a \u00e9tabli une cartographie des unit\u00e9s de recherche, accessible sous la rubrique <a href=\"http:\/\/portail.univ-bfc.fr\/recherche\/cartographie\/\">cartographie des laboratoires<\/a> sur ce site.<\/p>\t\t\t\t\t\t\t\t<\/div>\n\t\t\t\t<\/div>\n\t\t\t\t\t<\/div>\n\t\t<\/div>\n\t\t\t\t\t<\/div>\n\t\t<\/section>\n\t\t\t\t<\/div>\n\t\t","protected":false},"excerpt":{"rendered":"<p>UBFC porte des projets de recherche novateurs et ambitieux. UBFC garantit une bonne articulation des champs scientifiques avec des th\u00e9matiques pr\u00e9cises. Elle \u0153uvre \u00e0 l\u2019indispensable compl\u00e9mentarit\u00e9 entre le d\u00e9veloppement des savoirs disciplinaires et celui de travaux pluri- et interdisciplinaires permettant de r\u00e9pondre, \u00e0 travers ces projets, \u00e0 des challenges soci\u00e9taux. Du croisement des axes d\u2019ISITE-BFC &hellip; <a href=\"https:\/\/ubfc-preprod.u-bourgogne.fr\/en\/recherche\/projets-de-recherche\/\">Continued<\/a><\/p>\n","protected":false},"author":18,"featured_media":0,"parent":681,"menu_order":78,"comment_status":"closed","ping_status":"closed","template":"","meta":{"footnotes":""},"class_list":["post-44601","page","type-page","status-publish","hentry"],"acf":[],"_links":{"self":[{"href":"https:\/\/ubfc-preprod.u-bourgogne.fr\/en\/wp-json\/wp\/v2\/pages\/44601","targetHints":{"allow":["GET"]}}],"collection":[{"href":"https:\/\/ubfc-preprod.u-bourgogne.fr\/en\/wp-json\/wp\/v2\/pages"}],"about":[{"href":"https:\/\/ubfc-preprod.u-bourgogne.fr\/en\/wp-json\/wp\/v2\/types\/page"}],"author":[{"embeddable":true,"href":"https:\/\/ubfc-preprod.u-bourgogne.fr\/en\/wp-json\/wp\/v2\/users\/18"}],"replies":[{"embeddable":true,"href":"https:\/\/ubfc-preprod.u-bourgogne.fr\/en\/wp-json\/wp\/v2\/comments?post=44601"}],"version-history":[{"count":4,"href":"https:\/\/ubfc-preprod.u-bourgogne.fr\/en\/wp-json\/wp\/v2\/pages\/44601\/revisions"}],"predecessor-version":[{"id":48587,"href":"https:\/\/ubfc-preprod.u-bourgogne.fr\/en\/wp-json\/wp\/v2\/pages\/44601\/revisions\/48587"}],"up":[{"embeddable":true,"href":"https:\/\/ubfc-preprod.u-bourgogne.fr\/en\/wp-json\/wp\/v2\/pages\/681"}],"wp:attachment":[{"href":"https:\/\/ubfc-preprod.u-bourgogne.fr\/en\/wp-json\/wp\/v2\/media?parent=44601"}],"curies":[{"name":"wp","href":"https:\/\/api.w.org\/{rel}","templated":true}]}}