{"id":44486,"date":"2020-06-16T11:32:05","date_gmt":"2020-06-16T09:32:05","guid":{"rendered":"https:\/\/www.ubfc.fr\/?page_id=44486"},"modified":"2021-03-19T11:05:39","modified_gmt":"2021-03-19T10:05:39","slug":"etudes-doctorales-2","status":"publish","type":"page","link":"https:\/\/ubfc-preprod.u-bourgogne.fr\/en\/formation_\/etudes-doctorales-2\/","title":{"rendered":"\u00c9tudes doctorales"},"content":{"rendered":"\t\t<div data-elementor-type=\"wp-page\" data-elementor-id=\"44486\" class=\"elementor elementor-44486\" data-elementor-post-type=\"page\">\n\t\t\t\t\t\t<section class=\"elementor-section elementor-top-section elementor-element elementor-element-82ddecb elementor-section-boxed elementor-section-height-default elementor-section-height-default\" data-id=\"82ddecb\" data-element_type=\"section\" data-e-type=\"section\">\n\t\t\t\t\t\t<div class=\"elementor-container elementor-column-gap-default\">\n\t\t\t\t\t<div class=\"elementor-column elementor-col-100 elementor-top-column elementor-element elementor-element-86e75ec\" data-id=\"86e75ec\" data-element_type=\"column\" data-e-type=\"column\">\n\t\t\t<div class=\"elementor-widget-wrap elementor-element-populated\">\n\t\t\t\t\t\t<div class=\"elementor-element elementor-element-bb321f2 elementor-widget elementor-widget-text-editor\" data-id=\"bb321f2\" data-element_type=\"widget\" data-e-type=\"widget\" data-widget_type=\"text-editor.default\">\n\t\t\t\t<div class=\"elementor-widget-container\">\n\t\t\t\t\t\t\t\t\t<p><strong>UBFC g\u00e8re la formation doctorale<\/strong><\/p><p><span style=\"font-size: 12pt\">Le doctorat, le dipl\u00f4me universitaire le plus \u00e9lev\u00e9, constitue une exp\u00e9rience professionnelle qui permet d\u2019acqu\u00e9rir des comp\u00e9tences scientifiques de haut niveau et des comp\u00e9tences g\u00e9n\u00e9riques valorisables dans des m\u00e9tiers \u00e0 responsabilit\u00e9 dans tous les secteurs socio-\u00e9conomiques. Il correspond \u00e0 la conduite d\u2019un projet de recherche original et innovant d\u2019une part, et \u00e0 un Plan Individuel de Formations continues en appui du projet de recherche et du projet professionnel du doctorant d\u2019autre part.<\/span><\/p><p>La formation doctorale se d\u00e9roule dans une \u00c9cole Doctorale (ED) accr\u00e9dit\u00e9e d\u2019UBFC pour le contrat 2017-2023. Chacune des ED accr\u00e9dit\u00e9es dans le cadre du contrat 2017-2023 s\u2019engage \u00e0 mettre en \u0153uvre les programmes d\u2019actions d\u00e9finis dans l\u2019arr\u00eat\u00e9 du 25 mai 2016 et en particulier i) les formations continues qui pr\u00e9parent les futurs docteurs \u00e0 leur \u00e9volution professionnelle, et ii) des actions favorisant la structuration de la recherche et la transdisciplinarit\u00e9 sur le site de chaque \u00e9tablissement. Elle veillera \u00e0 recruter les meilleur(e)s doctorant(e)s, au financement de la th\u00e8se (salaire et fonctionnement), \u00e0 son bon d\u00e9roulement, \u00e0 la valorisation des r\u00e9sultats acquis, et au soutien \u00e9quitable des Unit\u00e9s de Recherche labellis\u00e9es. Le r\u00e8glement int\u00e9rieur de chaque ED est public.<\/p><p>Le Coll\u00e8ge doctoral est l\u2019instance UBFC charg\u00e9e de d\u00e9finir la politique doctorale en Bourgogne &#8211; Franche-Comt\u00e9 et d\u2019en garantir la qualit\u00e9. Il coordonne, harmonise et f\u00e9d\u00e8re les activit\u00e9s des \u00e9coles doctorales d\u2019UBFC. Pour tout renseignement compl\u00e9mentaire : <a href=\"http:\/\/collegedoctoral.ubfc.fr\/\">http:\/\/collegedoctoral.ubfc.fr\/<\/a><\/p><p>Les \u00e9coles doctorales sont au nombre de six :<\/p>\t\t\t\t\t\t\t\t<\/div>\n\t\t\t\t<\/div>\n\t\t\t\t\t<\/div>\n\t\t<\/div>\n\t\t\t\t\t<\/div>\n\t\t<\/section>\n\t\t\t\t<section class=\"elementor-section elementor-top-section elementor-element elementor-element-742a093 elementor-section-boxed elementor-section-height-default elementor-section-height-default\" data-id=\"742a093\" data-element_type=\"section\" data-e-type=\"section\">\n\t\t\t\t\t\t<div class=\"elementor-container elementor-column-gap-default\">\n\t\t\t\t\t<div class=\"elementor-column elementor-col-25 elementor-top-column elementor-element elementor-element-f64bbf7\" data-id=\"f64bbf7\" data-element_type=\"column\" data-e-type=\"column\">\n\t\t\t<div class=\"elementor-widget-wrap elementor-element-populated\">\n\t\t\t\t\t\t<div class=\"elementor-element elementor-element-20d018c elementor-widget elementor-widget-text-editor\" data-id=\"20d018c\" data-element_type=\"widget\" data-e-type=\"widget\" data-widget_type=\"text-editor.default\">\n\t\t\t\t<div class=\"elementor-widget-container\">\n\t\t\t\t\t\t\t\t\t<h4 style=\"text-align: center\">\u00c9cole doctorale<br \/><a href=\"http:\/\/www.ubfc.fr\/ecole-doctorale-environnements-sante-es\/\">Environnement-sant\u00e9 (ES)<\/a><\/h4><p style=\"text-align: center\">n\u00b0554<\/p>\t\t\t\t\t\t\t\t<\/div>\n\t\t\t\t<\/div>\n\t\t\t\t\t<\/div>\n\t\t<\/div>\n\t\t\t\t<div class=\"elementor-column elementor-col-25 elementor-top-column elementor-element elementor-element-68ed9ca\" data-id=\"68ed9ca\" data-element_type=\"column\" data-e-type=\"column\">\n\t\t\t<div class=\"elementor-widget-wrap elementor-element-populated\">\n\t\t\t\t\t\t<div class=\"elementor-element elementor-element-03990f5 elementor-widget elementor-widget-text-editor\" data-id=\"03990f5\" data-element_type=\"widget\" data-e-type=\"widget\" data-widget_type=\"text-editor.default\">\n\t\t\t\t<div class=\"elementor-widget-container\">\n\t\t\t\t\t\t\t\t\t<h4 style=\"text-align: center\">\u00c9cole doctorale <br \/><a href=\"http:\/\/www.ubfc.fr\/ecole-doctorale-carnot-pasteur-cp\/\">Carnot-Pasteur (CP)<\/a><\/h4><p style=\"text-align: center\">n\u00b0553<\/p>\t\t\t\t\t\t\t\t<\/div>\n\t\t\t\t<\/div>\n\t\t\t\t\t<\/div>\n\t\t<\/div>\n\t\t\t\t<div class=\"elementor-column elementor-col-25 elementor-top-column elementor-element elementor-element-49c7b04\" data-id=\"49c7b04\" data-element_type=\"column\" data-e-type=\"column\">\n\t\t\t<div class=\"elementor-widget-wrap elementor-element-populated\">\n\t\t\t\t\t\t<div class=\"elementor-element elementor-element-9265f74 elementor-widget elementor-widget-text-editor\" data-id=\"9265f74\" data-element_type=\"widget\" data-e-type=\"widget\" data-widget_type=\"text-editor.default\">\n\t\t\t\t<div class=\"elementor-widget-container\">\n\t\t\t\t\t\t\t\t\t<h4 style=\"text-align: center\">\u00c9cole doctorale<br \/><a href=\"http:\/\/www.ubfc.fr\/ecole-doctorale-sciences-pour-lingenieur-et-microtechniques-spim\/\">Sciences pour l&#8217;ing\u00e9nieur et microtechniques (SPIM)<\/a><\/h4><p style=\"text-align: center\">n\u00b037<\/p>\t\t\t\t\t\t\t\t<\/div>\n\t\t\t\t<\/div>\n\t\t\t\t\t<\/div>\n\t\t<\/div>\n\t\t\t\t<div class=\"elementor-column elementor-col-25 elementor-top-column elementor-element elementor-element-695ab48\" data-id=\"695ab48\" data-element_type=\"column\" data-e-type=\"column\">\n\t\t\t<div class=\"elementor-widget-wrap elementor-element-populated\">\n\t\t\t\t\t\t<div class=\"elementor-element elementor-element-39c0ff3 elementor-widget elementor-widget-text-editor\" data-id=\"39c0ff3\" data-element_type=\"widget\" data-e-type=\"widget\" data-widget_type=\"text-editor.default\">\n\t\t\t\t<div class=\"elementor-widget-container\">\n\t\t\t\t\t\t\t\t\t<h4 style=\"text-align: center\">\u00c9cole doctorale<br \/><a href=\"http:\/\/www.ubfc.fr\/lecole-doctorale-droit-gestion-sciences-economiques-et-politique-dgep\/\">Droit, gestion, sciences \u00e9conomiques et politiques (DGEP)<\/a><\/h4><p style=\"text-align: center\">n\u00b0593<\/p>\t\t\t\t\t\t\t\t<\/div>\n\t\t\t\t<\/div>\n\t\t\t\t\t<\/div>\n\t\t<\/div>\n\t\t\t\t\t<\/div>\n\t\t<\/section>\n\t\t\t\t<section class=\"elementor-section elementor-top-section elementor-element elementor-element-22bcbb4 elementor-section-boxed elementor-section-height-default elementor-section-height-default\" data-id=\"22bcbb4\" data-element_type=\"section\" data-e-type=\"section\">\n\t\t\t\t\t\t<div class=\"elementor-container elementor-column-gap-default\">\n\t\t\t\t\t<div class=\"elementor-column elementor-col-25 elementor-top-column elementor-element elementor-element-4371cc0\" data-id=\"4371cc0\" data-element_type=\"column\" data-e-type=\"column\">\n\t\t\t<div class=\"elementor-widget-wrap elementor-element-populated\">\n\t\t\t\t\t\t<div class=\"elementor-element elementor-element-cae6a81 elementor-widget elementor-widget-text-editor\" data-id=\"cae6a81\" data-element_type=\"widget\" data-e-type=\"widget\" data-widget_type=\"text-editor.default\">\n\t\t\t\t<div class=\"elementor-widget-container\">\n\t\t\t\t\t\t\t\t\t<h4 style=\"text-align: center\">\u00c9cole doctorale<br \/><a href=\"http:\/\/www.ubfc.fr\/ecole-doctorale-lettres-communication-langues-art-lecla\/\">Lettres, communication, langues, art (LECLA)<\/a><\/h4><p style=\"text-align: center\">n\u00b0592<\/p>\t\t\t\t\t\t\t\t<\/div>\n\t\t\t\t<\/div>\n\t\t\t\t\t<\/div>\n\t\t<\/div>\n\t\t\t\t<div class=\"elementor-column elementor-col-25 elementor-top-column elementor-element elementor-element-7cd8247\" data-id=\"7cd8247\" data-element_type=\"column\" data-e-type=\"column\">\n\t\t\t<div class=\"elementor-widget-wrap elementor-element-populated\">\n\t\t\t\t\t\t<div class=\"elementor-element elementor-element-a1b831d elementor-widget elementor-widget-text-editor\" data-id=\"a1b831d\" data-element_type=\"widget\" data-e-type=\"widget\" data-widget_type=\"text-editor.default\">\n\t\t\t\t<div class=\"elementor-widget-container\">\n\t\t\t\t\t\t\t\t\t<h4 style=\"text-align: center\"><span style=\"font-size: 14pt\">\u00c9cole doctorale<\/span><br \/><a href=\"http:\/\/www.ubfc.fr\/ecole-doctorale-societes-espace-pratiques-temps-sept\/\"><span style=\"font-size: 14pt\">Soci\u00e9t\u00e9, espace, pratiques, temps (SEPT)<\/span><\/a><\/h4><p style=\"text-align: center\">n\u00b0594<\/p>\t\t\t\t\t\t\t\t<\/div>\n\t\t\t\t<\/div>\n\t\t\t\t\t<\/div>\n\t\t<\/div>\n\t\t\t\t<div class=\"elementor-column elementor-col-25 elementor-top-column elementor-element elementor-element-6aeabc0\" data-id=\"6aeabc0\" data-element_type=\"column\" data-e-type=\"column\">\n\t\t\t<div class=\"elementor-widget-wrap\">\n\t\t\t\t\t\t\t<\/div>\n\t\t<\/div>\n\t\t\t\t<div class=\"elementor-column elementor-col-25 elementor-top-column elementor-element elementor-element-d0de7ab\" data-id=\"d0de7ab\" data-element_type=\"column\" data-e-type=\"column\">\n\t\t\t<div class=\"elementor-widget-wrap\">\n\t\t\t\t\t\t\t<\/div>\n\t\t<\/div>\n\t\t\t\t\t<\/div>\n\t\t<\/section>\n\t\t\t\t<section class=\"elementor-section elementor-top-section elementor-element elementor-element-68bacc0 elementor-section-boxed elementor-section-height-default elementor-section-height-default\" data-id=\"68bacc0\" data-element_type=\"section\" data-e-type=\"section\">\n\t\t\t\t\t\t<div class=\"elementor-container elementor-column-gap-default\">\n\t\t\t\t\t<div class=\"elementor-column elementor-col-100 elementor-top-column elementor-element elementor-element-ee69706\" data-id=\"ee69706\" data-element_type=\"column\" data-e-type=\"column\">\n\t\t\t<div class=\"elementor-widget-wrap elementor-element-populated\">\n\t\t\t\t\t\t<div class=\"elementor-element elementor-element-32a7a3a elementor-widget elementor-widget-text-editor\" data-id=\"32a7a3a\" data-element_type=\"widget\" data-e-type=\"widget\" data-widget_type=\"text-editor.default\">\n\t\t\t\t<div class=\"elementor-widget-container\">\n\t\t\t\t\t\t\t\t\t<h2 class=\"elementor-heading-title elementor-size-medium elementor-inline-editing pen\" data-elementor-setting-key=\"title\" data-pen-placeholder=\"\u00c9crivez ici...\"><span style=\"font-size: 14pt;color: #000000\">Enjeux de la politique doctorale\u200b<\/span><\/h2><p>La formation doctorale est au c\u0153ur des priorit\u00e9s d\u2019UBFC. UBFC s\u2019engage \u00e0 d\u00e9velopper une politique doctorale ambitieuse, respectueuse des individus, tourn\u00e9e vers l\u2019avenir et la r\u00e9ussite professionnelle. La formation doctorale constitue un enjeu essentiel du d\u00e9veloppement, de la visibilit\u00e9 et du rayonnement d\u2019UBFC, mais aussi un enjeu fondamental de formation par la recherche et \u00e0 la recherche de professionnels hautement qualifi\u00e9s qui permettront \u00e0 une soci\u00e9t\u00e9 et un monde socio-\u00e9conomique en profonde mutation de relever les d\u00e9fis actuels.<\/p>\t\t\t\t\t\t\t\t<\/div>\n\t\t\t\t<\/div>\n\t\t\t\t\t<\/div>\n\t\t<\/div>\n\t\t\t\t\t<\/div>\n\t\t<\/section>\n\t\t\t\t<\/div>\n\t\t","protected":false},"excerpt":{"rendered":"<p>UBFC g\u00e8re la formation doctorale Le doctorat, le dipl\u00f4me universitaire le plus \u00e9lev\u00e9, constitue une exp\u00e9rience professionnelle qui permet d\u2019acqu\u00e9rir des comp\u00e9tences scientifiques de haut niveau et des comp\u00e9tences g\u00e9n\u00e9riques valorisables dans des m\u00e9tiers \u00e0 responsabilit\u00e9 dans tous les secteurs socio-\u00e9conomiques. Il correspond \u00e0 la conduite d\u2019un projet de recherche original et innovant d\u2019une part, &hellip; <a href=\"https:\/\/ubfc-preprod.u-bourgogne.fr\/en\/formation_\/etudes-doctorales-2\/\">Continued<\/a><\/p>\n","protected":false},"author":18,"featured_media":0,"parent":44139,"menu_order":88,"comment_status":"closed","ping_status":"closed","template":"","meta":{"footnotes":""},"class_list":["post-44486","page","type-page","status-publish","hentry"],"acf":[],"_links":{"self":[{"href":"https:\/\/ubfc-preprod.u-bourgogne.fr\/en\/wp-json\/wp\/v2\/pages\/44486","targetHints":{"allow":["GET"]}}],"collection":[{"href":"https:\/\/ubfc-preprod.u-bourgogne.fr\/en\/wp-json\/wp\/v2\/pages"}],"about":[{"href":"https:\/\/ubfc-preprod.u-bourgogne.fr\/en\/wp-json\/wp\/v2\/types\/page"}],"author":[{"embeddable":true,"href":"https:\/\/ubfc-preprod.u-bourgogne.fr\/en\/wp-json\/wp\/v2\/users\/18"}],"replies":[{"embeddable":true,"href":"https:\/\/ubfc-preprod.u-bourgogne.fr\/en\/wp-json\/wp\/v2\/comments?post=44486"}],"version-history":[{"count":4,"href":"https:\/\/ubfc-preprod.u-bourgogne.fr\/en\/wp-json\/wp\/v2\/pages\/44486\/revisions"}],"predecessor-version":[{"id":52043,"href":"https:\/\/ubfc-preprod.u-bourgogne.fr\/en\/wp-json\/wp\/v2\/pages\/44486\/revisions\/52043"}],"up":[{"embeddable":true,"href":"https:\/\/ubfc-preprod.u-bourgogne.fr\/en\/wp-json\/wp\/v2\/pages\/44139"}],"wp:attachment":[{"href":"https:\/\/ubfc-preprod.u-bourgogne.fr\/en\/wp-json\/wp\/v2\/media?parent=44486"}],"curies":[{"name":"wp","href":"https:\/\/api.w.org\/{rel}","templated":true}]}}