{"id":44229,"date":"2020-05-27T11:32:45","date_gmt":"2020-05-27T09:32:45","guid":{"rendered":"https:\/\/www.ubfc.fr\/?page_id=44229"},"modified":"2020-05-27T11:34:06","modified_gmt":"2020-05-27T09:34:06","slug":"sv2tea","status":"publish","type":"page","link":"https:\/\/ubfc-preprod.u-bourgogne.fr\/en\/recherche\/sv2tea\/","title":{"rendered":"P\u00f4le Sciences de la vie et de la terre, territoires, environnements, aliments &#8211; SV2TEA"},"content":{"rendered":"\t\t<div data-elementor-type=\"wp-page\" data-elementor-id=\"44229\" class=\"elementor elementor-44229\" data-elementor-post-type=\"page\">\n\t\t\t\t\t\t<section class=\"elementor-section elementor-top-section elementor-element elementor-element-9334dfe elementor-section-boxed elementor-section-height-default elementor-section-height-default\" data-id=\"9334dfe\" data-element_type=\"section\" data-e-type=\"section\">\n\t\t\t\t\t\t<div class=\"elementor-container elementor-column-gap-default\">\n\t\t\t\t\t<div class=\"elementor-column elementor-col-100 elementor-top-column elementor-element elementor-element-2ac859d\" data-id=\"2ac859d\" data-element_type=\"column\" data-e-type=\"column\">\n\t\t\t<div class=\"elementor-widget-wrap elementor-element-populated\">\n\t\t\t\t\t\t<div class=\"elementor-element elementor-element-857873d elementor-widget elementor-widget-text-editor\" data-id=\"857873d\" data-element_type=\"widget\" data-e-type=\"widget\" data-widget_type=\"text-editor.default\">\n\t\t\t\t<div class=\"elementor-widget-container\">\n\t\t\t\t\t\t\t\t\t<div data-id=\"3ce8444\"><div><div><div data-id=\"f968975\"><div><div><p>Laboratoires\u00a0:<\/p><ul><li><a href=\"https:\/\/www6.dijon.inra.fr\/umragroecologie\">AgroEcologie &#8211;<\/a> Laboratoire d&#8217;agro\u00e9cologie (UMR 1347)<\/li><li><a href=\"http:\/\/artehis.u-bourgogne.fr\/\">ARt\u00e9HIS &#8211;<\/a> Arch\u00e9ologie, terre, histoire, soci\u00e9t\u00e9s (UMR 6298)<\/li><li><a href=\"http:\/\/biogeosciences.u-bourgogne.fr\/fr\">BGS &#8211;<\/a> Biog\u00e9osciences (UMR 6282)<\/li><li><a href=\"https:\/\/www2.dijon.inra.fr\/cesaer\/\">CESAER &#8211;<\/a> Centre d&#8217;\u00e9conomie et sociologie appliqu\u00e9es \u00e0 l&#8217;agriculture et aux espaces ruraux (UMR 1041)<\/li><li><a href=\"https:\/\/www2.dijon.inra.fr\/csga\/\">CSGA &#8211;<\/a> Centre des Sciences du Go\u00fbt et de l&#8217;Alimentation (UMR 6265 &#8211; 1324)<\/li><li><a href=\"https:\/\/chrono-environnement.univ-fcomte.fr\/\">LCE &#8211;<\/a> Laboratoire Chrono-environnement (UMR 6249)<\/li><li><a href=\"https:\/\/theta.obs-besancon.fr\/\">OSU-THETA &#8211;<\/a> Observatoire des sciences de l&#8217;univers (OSU) Terre homme environnement temps astronomie (THETA) de Franche-Comt\u00e9 &#8211; Bourgogne (UMS 3245)<\/li><li><a href=\"http:\/\/www.umr-pam.fr\/fr\/\">PAM &#8211;<\/a> Proc\u00e9d\u00e9s Alimentaires et Microbiologiques (UMR MA AGROSUP 2012 02 102)<\/li><li><a href=\"http:\/\/thema.univ-fcomte.fr\/\">Th\u00e9MA &#8211;<\/a> Th\u00e9oriser et Mod\u00e9liser pour Am\u00e9nager (UMR 6049)<\/li><li><a href=\"http:\/\/www.dijon.inra.fr\/Les-Unites\/URTA\">URTAL &#8211;<\/a> Unit\u00e9 de recherche en technologie et analyses laiti\u00e8res (UPR 0342)<\/li><\/ul><p>\u00c9cole doctorale :<\/p><ul><li><a href=\"http:\/\/www.ecoledoctoralee2s.com\/\">ED ES &#8211;<\/a> Ecole Doctorale Environnement-sant\u00e9<\/li><\/ul><p>Masters ISITE-BFC :<\/p><ul><li><a href=\"http:\/\/www.ubfc.fr\/master-p2-food\/\">Master P2FOOD &#8211; Physiological and psychological food choice determinants<\/a><\/li><li><a href=\"http:\/\/www.ubfc.fr\/master-mp2\/\">Master M2P &#8211; Microbiology and physicochemistry for food and wine processes<\/a><\/li><li><a href=\"http:\/\/www.ubfc.fr\/cartographie-des-formations\/master\/master-bewm\/\">Master BEWM &#8211; behavioral ecology and wildlife management<\/a><\/li><li><a href=\"http:\/\/www.ubfc.fr\/cartographie-des-formations\/master\/master-emme\/\">Master EMME &#8211; Ecology, monitoring and management of ecosystems<\/a><\/li><\/ul><h6>Contacts :<\/h6><ul><li><a href=\"mailto:bertand.schmitt@inra.fr\">Bertrand SCHMITT<\/a><br \/>CESAER<br \/>AgroSup Dijon<br \/>(animateur axe 2 ISITE-BFC)<\/li><li><a href=\"mailto:daniel.wipg@u-bourgogne.fr\">Daniel WIPF<\/a><br \/>UMR Agro\u00e9cologie<br \/>Universit\u00e9 de Bourgogne<\/li><li><a href=\"mailto:helene.jeanton@univ-fcomte.fr\" target=\"_blank\" rel=\"noopener\">H\u00e9l\u00e8ne CELLE-JEANTON<\/a><br \/>Laboratoire Chrono-Environnement<br \/>Universit\u00e9 de Franche-Comt\u00e9<\/li><\/ul><\/div><\/div><\/div><\/div><\/div><\/div>\t\t\t\t\t\t\t\t<\/div>\n\t\t\t\t<\/div>\n\t\t\t\t\t<\/div>\n\t\t<\/div>\n\t\t\t\t\t<\/div>\n\t\t<\/section>\n\t\t\t\t<\/div>\n\t\t","protected":false},"excerpt":{"rendered":"<p>Laboratoires\u00a0: AgroEcologie &#8211; Laboratoire d&#8217;agro\u00e9cologie (UMR 1347) ARt\u00e9HIS &#8211; Arch\u00e9ologie, terre, histoire, soci\u00e9t\u00e9s (UMR 6298) BGS &#8211; Biog\u00e9osciences (UMR 6282) CESAER &#8211; Centre d&#8217;\u00e9conomie et sociologie appliqu\u00e9es \u00e0 l&#8217;agriculture et aux espaces ruraux (UMR 1041) CSGA &#8211; Centre des Sciences du Go\u00fbt et de l&#8217;Alimentation (UMR 6265 &#8211; 1324) LCE &#8211; Laboratoire Chrono-environnement (UMR 6249) &hellip; <a href=\"https:\/\/ubfc-preprod.u-bourgogne.fr\/en\/recherche\/sv2tea\/\">Continued<\/a><\/p>\n","protected":false},"author":18,"featured_media":0,"parent":681,"menu_order":110,"comment_status":"closed","ping_status":"closed","template":"","meta":{"footnotes":""},"class_list":["post-44229","page","type-page","status-publish","hentry"],"acf":[],"_links":{"self":[{"href":"https:\/\/ubfc-preprod.u-bourgogne.fr\/en\/wp-json\/wp\/v2\/pages\/44229","targetHints":{"allow":["GET"]}}],"collection":[{"href":"https:\/\/ubfc-preprod.u-bourgogne.fr\/en\/wp-json\/wp\/v2\/pages"}],"about":[{"href":"https:\/\/ubfc-preprod.u-bourgogne.fr\/en\/wp-json\/wp\/v2\/types\/page"}],"author":[{"embeddable":true,"href":"https:\/\/ubfc-preprod.u-bourgogne.fr\/en\/wp-json\/wp\/v2\/users\/18"}],"replies":[{"embeddable":true,"href":"https:\/\/ubfc-preprod.u-bourgogne.fr\/en\/wp-json\/wp\/v2\/comments?post=44229"}],"version-history":[{"count":2,"href":"https:\/\/ubfc-preprod.u-bourgogne.fr\/en\/wp-json\/wp\/v2\/pages\/44229\/revisions"}],"predecessor-version":[{"id":44231,"href":"https:\/\/ubfc-preprod.u-bourgogne.fr\/en\/wp-json\/wp\/v2\/pages\/44229\/revisions\/44231"}],"up":[{"embeddable":true,"href":"https:\/\/ubfc-preprod.u-bourgogne.fr\/en\/wp-json\/wp\/v2\/pages\/681"}],"wp:attachment":[{"href":"https:\/\/ubfc-preprod.u-bourgogne.fr\/en\/wp-json\/wp\/v2\/media?parent=44229"}],"curies":[{"name":"wp","href":"https:\/\/api.w.org\/{rel}","templated":true}]}}