{"id":44224,"date":"2020-05-27T11:30:42","date_gmt":"2020-05-27T09:30:42","guid":{"rendered":"https:\/\/www.ubfc.fr\/?page_id=44224"},"modified":"2020-07-21T15:37:58","modified_gmt":"2020-07-21T13:37:58","slug":"shs","status":"publish","type":"page","link":"https:\/\/ubfc-preprod.u-bourgogne.fr\/en\/recherche\/shs\/","title":{"rendered":"P\u00f4le Sciences de l\u2019Homme et de la Soci\u00e9t\u00e9 \u2013 SHS"},"content":{"rendered":"\t\t<div data-elementor-type=\"wp-page\" data-elementor-id=\"44224\" class=\"elementor elementor-44224\" data-elementor-post-type=\"page\">\n\t\t\t\t\t\t<section class=\"elementor-section elementor-top-section elementor-element elementor-element-6f42988 elementor-section-boxed elementor-section-height-default elementor-section-height-default\" data-id=\"6f42988\" data-element_type=\"section\" data-e-type=\"section\">\n\t\t\t\t\t\t<div class=\"elementor-container elementor-column-gap-default\">\n\t\t\t\t\t<div class=\"elementor-column elementor-col-66 elementor-top-column elementor-element elementor-element-2f4c559\" data-id=\"2f4c559\" data-element_type=\"column\" data-e-type=\"column\">\n\t\t\t<div class=\"elementor-widget-wrap elementor-element-populated\">\n\t\t\t\t\t\t<div class=\"elementor-element elementor-element-fcce4ec elementor-widget elementor-widget-text-editor\" data-id=\"fcce4ec\" data-element_type=\"widget\" data-e-type=\"widget\" data-widget_type=\"text-editor.default\">\n\t\t\t\t<div class=\"elementor-widget-container\">\n\t\t\t\t\t\t\t\t\t<h6>Laboratoires :<\/h6><ul><li><a href=\"https:\/\/artehis.u-bourgogne.fr\/\">ART\u00e9HIS &#8211;<\/a> Arch\u00e9ologie, Terre, Histoire, Soci\u00e9t\u00e9s (UMR 6298)<\/li><li><a href=\"https:\/\/www2.dijon.inrae.fr\/cesaer\/\">CESEAR &#8211;<\/a> Centre d&#8217;\u00e9conomie et sociologie appliqu\u00e9es \u00e0 l&#8217;agriculture et aux espaces ruraux (UMR 1041)<\/li><li><a href=\"http:\/\/centre-lucien-febvre.univ-fcomte.fr\/\">CLF &#8211;<\/a> Centre Lucien Febvre (EA 2273)<\/li><li><a href=\"http:\/\/laboratoire-c3s.fr\/\">C3S &#8211;<\/a> Culture, sport, sant\u00e9, soci\u00e9t\u00e9 (EA 4660)<\/li><li><a href=\"https:\/\/eduter-recherche.fr\/umr-formation-et-apprentissages-professionnels-j-40\/\">FAP &#8211;<\/a> Formation et apprentissage professionnel (EA 7529)<\/li><li><a href=\"https:\/\/www.u-bourgogne.fr\/organisation\/laboratoires-et-entites-de-recherche\/institut-de-recherche-sur-l-education-sociologie-et-economie-de-l-education.html\">IREDU &#8211;<\/a> Institut de Recherche sur l&#8217;Economie de l&#8217;Education (EA 7318)<\/li><li><a href=\"http:\/\/www.univ-fcomte.fr\/sciences-de-lhomme-et-humanites-s2h\/ista#.XlkyGkrjKUk\">ISTA &#8211;<\/a> Institut des Sciences et techniques de l&#8217;Antiquit\u00e9 (EA 4011)<\/li><li><a href=\"http:\/\/lasa.univ-fcomte.fr\/\">LASA &#8211;<\/a> Laboratoire de Sociologie et d&#8217;Anthropologie (EA 3189)<\/li><li><a href=\"http:\/\/logiquesagir.univ-fcomte.fr\/\">LdA &#8211;<\/a> Logiques de l&#8217;Agir (EA 2274)<\/li><li><a href=\"http:\/\/psychologie.univ-fcomte.fr\/pages\/fr\/menu268\/laboratoire-de-psychologie-ea-3188\/presentation-du-labo-14151.html\">LP &#8211;<\/a> Laboratoire de Psychologie (EA 3188)<\/li><li><a href=\"http:\/\/tristan.u-bourgogne.fr\/CGC\/prodscientifique\/TC.html\">LIR3S &#8211;<\/a> Laboratoire Interdisciplinaire de Recherches Soci\u00e9t\u00e9s, Sensibilit\u00e9s, Soin (CNRS UMR 7366)<\/li><li><a href=\"https:\/\/psy-drepi.u-bourgogne.fr\/\">Psy-DREPI &#8211;<\/a> Laboratoire de Psychologie : Dynamiques Relationnelles et Processus Identitaires (EA 7458)<\/li><\/ul><p>Structures f\u00e9d\u00e9ratives :<\/p><ul><li><a href=\"http:\/\/www.univ-fcomte.fr\/structures-federatives\/fr-educ#.Xlk0UkrjKUk\">FR EDUC &#8211;<\/a> F\u00e9d\u00e9ration de recherche en \u00e9ducation<\/li><li><a href=\"https:\/\/www.u-bourgogne.fr\/organisation\/laboratoires-et-entites-de-recherche\/maison-des-sciences-de-l-homme-msh-dijon.html\">MSH &#8211;<\/a> Maison des Sciences de l&#8217;Homme de Dijon (USR 3516)<\/li><li><a href=\"http:\/\/www.univ-fcomte.fr\/structures-federatives\/mshe-cn-ledoux#.Xlk1PErjKUk\">MSHE &#8211;<\/a> Maison des Sciences de l&#8217;Homme et de l&#8217;Environnement Claude Nicolas Ledoux (USR 3124)<\/li><\/ul><p>\u00c9cole doctorale :<\/p><ul><li><a href=\"http:\/\/sept.ubfc.fr\/\">ED SEPT<\/a> &#8211; Ecole Doctorale Soci\u00e9t\u00e9s, espace, pratiques, temps<\/li><\/ul><p>Ce p\u00f4le s\u2019appuie notamment sur les programmes Investissements d&#8217;Avenir (PIA) suivants :<\/p><ul><li>RITM-BFC<\/li><\/ul><h6>Contacts :<\/h6><ul><li><a href=\"mailto:benjamin.goldlust@univ-fcomte.fr\">Benjamin GOLDLUST<\/a><br \/>ISTA<br \/>Universit\u00e9 de Franche-Comt\u00e9<\/li><li><a href=\"mailto:sandrine.garcia@u-bourgogne.fr\">Sandrine GARCIA<\/a><br \/>IREDU<br \/>Universit\u00e9 de Bourgogne<\/li><\/ul>\t\t\t\t\t\t\t\t<\/div>\n\t\t\t\t<\/div>\n\t\t\t\t\t<\/div>\n\t\t<\/div>\n\t\t\t\t<div class=\"elementor-column elementor-col-33 elementor-top-column elementor-element elementor-element-09d471b\" data-id=\"09d471b\" data-element_type=\"column\" data-e-type=\"column\">\n\t\t\t<div class=\"elementor-widget-wrap\">\n\t\t\t\t\t\t\t<\/div>\n\t\t<\/div>\n\t\t\t\t\t<\/div>\n\t\t<\/section>\n\t\t\t\t<\/div>\n\t\t","protected":false},"excerpt":{"rendered":"<p>Laboratoires : ART\u00e9HIS &#8211; Arch\u00e9ologie, Terre, Histoire, Soci\u00e9t\u00e9s (UMR 6298) CESEAR &#8211; Centre d&#8217;\u00e9conomie et sociologie appliqu\u00e9es \u00e0 l&#8217;agriculture et aux espaces ruraux (UMR 1041) CLF &#8211; Centre Lucien Febvre (EA 2273) C3S &#8211; Culture, sport, sant\u00e9, soci\u00e9t\u00e9 (EA 4660) FAP &#8211; Formation et apprentissage professionnel (EA 7529) IREDU &#8211; Institut de Recherche sur l&#8217;Economie &hellip; <a href=\"https:\/\/ubfc-preprod.u-bourgogne.fr\/en\/recherche\/shs\/\">Continued<\/a><\/p>\n","protected":false},"author":18,"featured_media":0,"parent":681,"menu_order":111,"comment_status":"closed","ping_status":"closed","template":"","meta":{"footnotes":""},"class_list":["post-44224","page","type-page","status-publish","hentry"],"acf":[],"_links":{"self":[{"href":"https:\/\/ubfc-preprod.u-bourgogne.fr\/en\/wp-json\/wp\/v2\/pages\/44224","targetHints":{"allow":["GET"]}}],"collection":[{"href":"https:\/\/ubfc-preprod.u-bourgogne.fr\/en\/wp-json\/wp\/v2\/pages"}],"about":[{"href":"https:\/\/ubfc-preprod.u-bourgogne.fr\/en\/wp-json\/wp\/v2\/types\/page"}],"author":[{"embeddable":true,"href":"https:\/\/ubfc-preprod.u-bourgogne.fr\/en\/wp-json\/wp\/v2\/users\/18"}],"replies":[{"embeddable":true,"href":"https:\/\/ubfc-preprod.u-bourgogne.fr\/en\/wp-json\/wp\/v2\/comments?post=44224"}],"version-history":[{"count":4,"href":"https:\/\/ubfc-preprod.u-bourgogne.fr\/en\/wp-json\/wp\/v2\/pages\/44224\/revisions"}],"predecessor-version":[{"id":45339,"href":"https:\/\/ubfc-preprod.u-bourgogne.fr\/en\/wp-json\/wp\/v2\/pages\/44224\/revisions\/45339"}],"up":[{"embeddable":true,"href":"https:\/\/ubfc-preprod.u-bourgogne.fr\/en\/wp-json\/wp\/v2\/pages\/681"}],"wp:attachment":[{"href":"https:\/\/ubfc-preprod.u-bourgogne.fr\/en\/wp-json\/wp\/v2\/media?parent=44224"}],"curies":[{"name":"wp","href":"https:\/\/api.w.org\/{rel}","templated":true}]}}