{"id":44221,"date":"2020-05-27T11:28:48","date_gmt":"2020-05-27T09:28:48","guid":{"rendered":"https:\/\/www.ubfc.fr\/?page_id=44221"},"modified":"2020-07-08T14:39:19","modified_gmt":"2020-07-08T12:39:19","slug":"dgep","status":"publish","type":"page","link":"https:\/\/ubfc-preprod.u-bourgogne.fr\/en\/recherche\/dgep\/","title":{"rendered":"P\u00f4le Droit, Gestion, Economie, Politique \u2013 DGEP"},"content":{"rendered":"\t\t<div data-elementor-type=\"wp-page\" data-elementor-id=\"44221\" class=\"elementor elementor-44221\" data-elementor-post-type=\"page\">\n\t\t\t\t\t\t<section class=\"elementor-section elementor-top-section elementor-element elementor-element-ae27d7a elementor-section-boxed elementor-section-height-default elementor-section-height-default\" data-id=\"ae27d7a\" data-element_type=\"section\" data-e-type=\"section\">\n\t\t\t\t\t\t<div class=\"elementor-container elementor-column-gap-default\">\n\t\t\t\t\t<div class=\"elementor-column elementor-col-66 elementor-top-column elementor-element elementor-element-5b726e5\" data-id=\"5b726e5\" data-element_type=\"column\" data-e-type=\"column\">\n\t\t\t<div class=\"elementor-widget-wrap elementor-element-populated\">\n\t\t\t\t\t\t<div class=\"elementor-element elementor-element-9da76e2 elementor-widget elementor-widget-text-editor\" data-id=\"9da76e2\" data-element_type=\"widget\" data-e-type=\"widget\" data-widget_type=\"text-editor.default\">\n\t\t\t\t<div class=\"elementor-widget-container\">\n\t\t\t\t\t\t\t\t\t<p>Laboratoires\u00a0:<\/p><ul><li><a href=\"http:\/\/credespo.u-bourgogne.fr\/\">CREDESPO &#8211;<\/a> Centre de Recherches et d&#8217;Etude en Droit et Science Politique (EA 4179)<\/li><li><a href=\"https:\/\/www2.dijon.inra.fr\/cesaer\/\">CESAER &#8211;<\/a> Centre d&#8217;\u00e9conomie et sociologie appliqu\u00e9es \u00e0 l&#8217;agriculture et aux espaces ruraux (UMR 1041)<\/li><li><a href=\"https:\/\/www.bsb-education.com\/professeurs-recherche\/la-recherche-a-bsb.html\">CEREN &#8211;<\/a> Centre de recherche sur les entreprises (EA 7477)<\/li><li><a href=\"http:\/\/credimi.u-bourgogne.fr\/\">CREDIMI &#8211;<\/a> Centre de Recherche sur le Droit des March\u00e9s et des Investissements Internationaux (UMR 6295)<\/li><li><a href=\"http:\/\/crego.u-bourgogne.fr\/\">CREGO &#8211;<\/a> Centre de Recherche en Gestion des Organisations (EA 7317)<\/li><li><a href=\"http:\/\/crese.univ-fcomte.fr\/\">CRESE &#8211;<\/a> Centre de recherche sur les strat\u00e9gies \u00e9conomiques (EA 3190)<\/li><li><a href=\"http:\/\/crjfc.univ-fcomte.fr\/\">CRJFC &#8211;<\/a> Centre de recherches juridiques de l&#8217;universit\u00e9 de Franche-Comt\u00e9 (EA 3225)<\/li><li><a href=\"http:\/\/ledi.u-bourgogne.fr\/\">LEDI &#8211;<\/a> Laboratoire d&#8217;Economie de Dijon (UMR 6307)<\/li><\/ul><p>Structures f\u00e9d\u00e9ratives :<\/p><ul><li><a href=\"http:\/\/msh-dijon.u-bourgogne.fr\/\">MSH Dijon &#8211;<\/a> Maison des Sciences de l&#8217;Homme de Dijon (USR 3516)<\/li><li><a href=\"https:\/\/mshe.univ-fcomte.fr\/\">MSHE &#8211;<\/a> Maison des Sciences de l&#8217;Homme &amp; Environnement Claude Nicolas Ledoux (USR 3124)<\/li><\/ul><p>\u00c9cole doctorale\u00a0:<\/p><ul><li><a href=\"http:\/\/dgep.ubfc.fr\/\">ED DGEP &#8211;<\/a> Ecole Doctorale Droit, Gestion, Economie et Politique<\/li><\/ul><h6>Master ISITE-BFC :<\/h6><ul><li><a href=\"http:\/\/www.ubfc.fr\/master-bdeem\/\">Master BDEEM<\/a><\/li><\/ul><h6>Contacts :<\/h6><ul><li><a href=\"mailto:karen.fiorentino@u-bourgogne.fr\">Karen FIORENTINO<\/a><br \/>CREDESPO<br \/>Universit\u00e9 de Bourgogne<\/li><li><a href=\"mailto:francois.marechal@univ-fcomte.fr\">Fran\u00e7ois MARECHAL<\/a><br \/>CRESE<br \/>Universit\u00e9 de Franche-Comt\u00e9<\/li><\/ul>\t\t\t\t\t\t\t\t<\/div>\n\t\t\t\t<\/div>\n\t\t\t\t\t<\/div>\n\t\t<\/div>\n\t\t\t\t<div class=\"elementor-column elementor-col-33 elementor-top-column elementor-element elementor-element-572ff7f\" data-id=\"572ff7f\" data-element_type=\"column\" data-e-type=\"column\">\n\t\t\t<div class=\"elementor-widget-wrap\">\n\t\t\t\t\t\t\t<\/div>\n\t\t<\/div>\n\t\t\t\t\t<\/div>\n\t\t<\/section>\n\t\t\t\t<\/div>\n\t\t","protected":false},"excerpt":{"rendered":"<p>Laboratoires\u00a0: CREDESPO &#8211; Centre de Recherches et d&#8217;Etude en Droit et Science Politique (EA 4179) CESAER &#8211; Centre d&#8217;\u00e9conomie et sociologie appliqu\u00e9es \u00e0 l&#8217;agriculture et aux espaces ruraux (UMR 1041) CEREN &#8211; Centre de recherche sur les entreprises (EA 7477) CREDIMI &#8211; Centre de Recherche sur le Droit des March\u00e9s et des Investissements Internationaux (UMR &hellip; <a href=\"https:\/\/ubfc-preprod.u-bourgogne.fr\/en\/recherche\/dgep\/\">Continued<\/a><\/p>\n","protected":false},"author":18,"featured_media":0,"parent":681,"menu_order":112,"comment_status":"closed","ping_status":"closed","template":"","meta":{"footnotes":""},"class_list":["post-44221","page","type-page","status-publish","hentry"],"acf":[],"_links":{"self":[{"href":"https:\/\/ubfc-preprod.u-bourgogne.fr\/en\/wp-json\/wp\/v2\/pages\/44221","targetHints":{"allow":["GET"]}}],"collection":[{"href":"https:\/\/ubfc-preprod.u-bourgogne.fr\/en\/wp-json\/wp\/v2\/pages"}],"about":[{"href":"https:\/\/ubfc-preprod.u-bourgogne.fr\/en\/wp-json\/wp\/v2\/types\/page"}],"author":[{"embeddable":true,"href":"https:\/\/ubfc-preprod.u-bourgogne.fr\/en\/wp-json\/wp\/v2\/users\/18"}],"replies":[{"embeddable":true,"href":"https:\/\/ubfc-preprod.u-bourgogne.fr\/en\/wp-json\/wp\/v2\/comments?post=44221"}],"version-history":[{"count":4,"href":"https:\/\/ubfc-preprod.u-bourgogne.fr\/en\/wp-json\/wp\/v2\/pages\/44221\/revisions"}],"predecessor-version":[{"id":44918,"href":"https:\/\/ubfc-preprod.u-bourgogne.fr\/en\/wp-json\/wp\/v2\/pages\/44221\/revisions\/44918"}],"up":[{"embeddable":true,"href":"https:\/\/ubfc-preprod.u-bourgogne.fr\/en\/wp-json\/wp\/v2\/pages\/681"}],"wp:attachment":[{"href":"https:\/\/ubfc-preprod.u-bourgogne.fr\/en\/wp-json\/wp\/v2\/media?parent=44221"}],"curies":[{"name":"wp","href":"https:\/\/api.w.org\/{rel}","templated":true}]}}