{"id":44215,"date":"2020-05-27T11:09:21","date_gmt":"2020-05-27T09:09:21","guid":{"rendered":"https:\/\/www.ubfc.fr\/?page_id=44215"},"modified":"2020-05-27T11:10:34","modified_gmt":"2020-05-27T09:10:34","slug":"scs","status":"publish","type":"page","link":"https:\/\/ubfc-preprod.u-bourgogne.fr\/en\/recherche\/scs\/","title":{"rendered":"P\u00f4le Sant\u00e9, Cognition, Sport \u2013 SCS"},"content":{"rendered":"\t\t<div data-elementor-type=\"wp-page\" data-elementor-id=\"44215\" class=\"elementor elementor-44215\" data-elementor-post-type=\"page\">\n\t\t\t\t\t\t<section class=\"elementor-section elementor-top-section elementor-element elementor-element-46dbf63 elementor-section-boxed elementor-section-height-default elementor-section-height-default\" data-id=\"46dbf63\" data-element_type=\"section\" data-e-type=\"section\">\n\t\t\t\t\t\t<div class=\"elementor-container elementor-column-gap-default\">\n\t\t\t\t\t<div class=\"elementor-column elementor-col-66 elementor-top-column elementor-element elementor-element-eb1b06d\" data-id=\"eb1b06d\" data-element_type=\"column\" data-e-type=\"column\">\n\t\t\t<div class=\"elementor-widget-wrap elementor-element-populated\">\n\t\t\t\t\t\t<div class=\"elementor-element elementor-element-c442243 elementor-widget elementor-widget-text-editor\" data-id=\"c442243\" data-element_type=\"widget\" data-e-type=\"widget\" data-widget_type=\"text-editor.default\">\n\t\t\t\t<div class=\"elementor-widget-container\">\n\t\t\t\t\t\t\t\t\t<p>Laboratoires\u00a0:<\/p><ul><li><a href=\"http:\/\/bioperoxil.u-bourgogne.fr\/\">Bio-PeroxIL &#8211;<\/a> Biochimie du Peroxysome, Inflammation et m\u00e9tabolisme lipidique (EA 7270)<\/li><li><a href=\"http:\/\/laboratoire-c3s.fr\/\">C3S &#8211;<\/a> Culture, sport, sant\u00e9, soci\u00e9t\u00e9 (EA 4660)<\/li><li><a href=\"http:\/\/u1093.u-bourgogne.fr\/fr\/\">CAPS &#8211;<\/a> Cognition, Action et Plasticit\u00e9 Sensorimotrice (INSERM &#8211; UMR 1093)<\/li><li><a href=\"https:\/\/www.cnr-hpv.fr\/\">CARCINO (CHPV) &#8211;<\/a> Carcinogen\u00e8se associ\u00e9e aux HPV : facteurs pr\u00e9dictifs et pronostiques (EA 3181)<\/li><li><a href=\"https:\/\/www.chu-besancon.fr\/la-recherche\/les-acteurs-de-la-recherche-au-chru\/centre-dinvestigation-clinique-inserm-cic-1431.html\">CIC Besan\u00e7on &#8211;<\/a> Centre d&#8217;Investigation Clinique (INSERM &#8211; CIC 1431)<\/li><li><a href=\"http:\/\/www.est.inserm.fr\/rubriques\/l-inserm-dans-l-est\/organisation\/structures-de-recherche\/dijon\/annexes\/centre-d-investigation-clinique-1432\">CIC Dijon &#8211;<\/a> Centre d&#8217;Investigation Clinique (INSERM &#8211; CIC 1432)<\/li><li><a href=\"http:\/\/www.univ-fcomte.fr\/sciences-de-lenvironnement-et-de-la-sante-ses\/epilab\">EPILAB &#8211;<\/a> Agents pathog\u00e8nes, inflammations et \u00e9pig\u00e9n\u00e9tique (EA 4266)<\/li><li><a href=\"http:\/\/www.icmub.com\/fr\/\">ICMUB &#8211;<\/a> Institut de Chimie Mol\u00e9culaire de l&#8217;Universit\u00e9 de Bourgogne (CNRS &#8211; UMR 6302)<\/li><li><a href=\"http:\/\/leadserv.u-bourgogne.fr\/fr\/\">LEAD &#8211;<\/a> Laboratoire d&#8217;Etude de l&#8217;Apprentissage et du D\u00e9veloppement (CNRS &#8211; UMR 5022)<\/li><li><a href=\"http:\/\/www.liic.fr\/fr\/\">LIIC &#8211;<\/a> Laboratoire d&#8217;immunologie et immunoth\u00e9rapie des cancers (EA 7269)<\/li><li><a href=\"http:\/\/inserm-u866.u-bourgogne.fr\/\">LNC &#8211;<\/a> Lipides, Nutrition, Cancer (INSERM &#8211; UMR 1231)<\/li><li><a href=\"http:\/\/neurosciences.univ-fcomte.fr\/\">LNIC &#8211;<\/a> Laboratoire de Neurosciences int\u00e9gratives et cliniques de Besan\u00e7on (EA 481)<\/li><li><a href=\"http:\/\/psychologie.univ-fcomte.fr\/pages\/fr\/menu268\/laboratoire-de-psychologie-ea-3188\/presentation-du-labo-14151.html\">LP &#8211;<\/a> Laboratoire de Psychologie (EA 3188)<\/li><li><a href=\"http:\/\/www.univ-fcomte.fr\/sciences-de-lenvironnement-et-de-la-sante-ses\/marqueurs-pronostiques-et-facteurs-de-regulation-des\">PCP &#8211;<\/a> Marqueurs pronostiques et facteurs de r\u00e9gulation des pathologies cardiaques et vasculaires (EA 3920)<\/li><li><a href=\"http:\/\/pec2.u-bourgogne.fr\/fr\/\">PEC2 &#8211;<\/a> Physiopathologie et Epid\u00e9miologie C\u00e9r\u00e9bro-Cardiovasculaire (EA 7460)<\/li><li><a href=\"http:\/\/www.univ-fcomte.fr\/sciences-de-lenvironnement-et-de-la-sante-ses\/pepite#.W9iFFuLjLj8\">PEPITE &#8211;<\/a> Pathologies et \u00e9pith\u00e9liums : pr\u00e9vention, innovation, traitements, \u00e9valuation (EA 4267)<\/li><li><a href=\"http:\/\/psy-drepi.u-bourgogne.fr\/\">Psy-DREPI &#8211;<\/a> Laboratoire de Psychologie : Dynamiques Relationnelles et Processus Identitaires (EA 7458)<\/li><li><a href=\"https:\/\/ihgt-besancon-inserm.fr\/tim-c\/\">RIHGT<\/a> Interactions h\u00f4te-greffon, tumeur et ing\u00e9nierie cellulaire et g\u00e9nique (INSERM &#8211; UMR 1098)<\/li><\/ul><p>Structures f\u00e9d\u00e9ratives :<\/p><ul><li><a href=\"http:\/\/neurosciences.univ-fcomte.fr\/pages\/fr\/menu4761\/thematiques\/histoire-19208.html\">IBCT &#8211;<\/a> Ing\u00e9nierie et biologie cellulaire et tissulaire (SFR FED 4234)<\/li><\/ul><p>Ecole doctorale\u00a0:<\/p><ul><li><a href=\"http:\/\/www.ecoledoctoralee2s.com\/\">ED ES &#8211;<\/a> Ecole Doctorale Environnement-Sant\u00e9<\/li><\/ul><p>Ce p\u00f4le s\u2019appuie notamment sur :<\/p><ul><li>LabEx LipSTIC<\/li><li>EQUIPEX IMAPPI<\/li><\/ul><h6>Contacts :<\/h6><ul><li><a href=\"mailto:xbertrand@chu-besancon.fr.\">Xavier BERTRAND<\/a><br \/>Universit\u00e9 de Franche-Comt\u00e9<br \/>CHRU Besan\u00e7on<\/li><li>Catherine VERGELY-VANDRIESSE<br \/>PEC2<br \/>Universit\u00e9 de Bourgogne<\/li><\/ul>\t\t\t\t\t\t\t\t<\/div>\n\t\t\t\t<\/div>\n\t\t\t\t\t<\/div>\n\t\t<\/div>\n\t\t\t\t<div class=\"elementor-column elementor-col-33 elementor-top-column elementor-element elementor-element-679347e\" data-id=\"679347e\" data-element_type=\"column\" data-e-type=\"column\">\n\t\t\t<div class=\"elementor-widget-wrap\">\n\t\t\t\t\t\t\t<\/div>\n\t\t<\/div>\n\t\t\t\t\t<\/div>\n\t\t<\/section>\n\t\t\t\t<\/div>\n\t\t","protected":false},"excerpt":{"rendered":"<p>Laboratoires\u00a0: Bio-PeroxIL &#8211; Biochimie du Peroxysome, Inflammation et m\u00e9tabolisme lipidique (EA 7270) C3S &#8211; Culture, sport, sant\u00e9, soci\u00e9t\u00e9 (EA 4660) CAPS &#8211; Cognition, Action et Plasticit\u00e9 Sensorimotrice (INSERM &#8211; UMR 1093) CARCINO (CHPV) &#8211; Carcinogen\u00e8se associ\u00e9e aux HPV : facteurs pr\u00e9dictifs et pronostiques (EA 3181) CIC Besan\u00e7on &#8211; Centre d&#8217;Investigation Clinique (INSERM &#8211; CIC 1431) &hellip; <a href=\"https:\/\/ubfc-preprod.u-bourgogne.fr\/en\/recherche\/scs\/\">Continued<\/a><\/p>\n","protected":false},"author":18,"featured_media":0,"parent":681,"menu_order":114,"comment_status":"closed","ping_status":"closed","template":"","meta":{"footnotes":""},"class_list":["post-44215","page","type-page","status-publish","hentry"],"acf":[],"_links":{"self":[{"href":"https:\/\/ubfc-preprod.u-bourgogne.fr\/en\/wp-json\/wp\/v2\/pages\/44215","targetHints":{"allow":["GET"]}}],"collection":[{"href":"https:\/\/ubfc-preprod.u-bourgogne.fr\/en\/wp-json\/wp\/v2\/pages"}],"about":[{"href":"https:\/\/ubfc-preprod.u-bourgogne.fr\/en\/wp-json\/wp\/v2\/types\/page"}],"author":[{"embeddable":true,"href":"https:\/\/ubfc-preprod.u-bourgogne.fr\/en\/wp-json\/wp\/v2\/users\/18"}],"replies":[{"embeddable":true,"href":"https:\/\/ubfc-preprod.u-bourgogne.fr\/en\/wp-json\/wp\/v2\/comments?post=44215"}],"version-history":[{"count":2,"href":"https:\/\/ubfc-preprod.u-bourgogne.fr\/en\/wp-json\/wp\/v2\/pages\/44215\/revisions"}],"predecessor-version":[{"id":44217,"href":"https:\/\/ubfc-preprod.u-bourgogne.fr\/en\/wp-json\/wp\/v2\/pages\/44215\/revisions\/44217"}],"up":[{"embeddable":true,"href":"https:\/\/ubfc-preprod.u-bourgogne.fr\/en\/wp-json\/wp\/v2\/pages\/681"}],"wp:attachment":[{"href":"https:\/\/ubfc-preprod.u-bourgogne.fr\/en\/wp-json\/wp\/v2\/media?parent=44215"}],"curies":[{"name":"wp","href":"https:\/\/api.w.org\/{rel}","templated":true}]}}