{"id":44209,"date":"2020-05-27T11:04:18","date_gmt":"2020-05-27T09:04:18","guid":{"rendered":"https:\/\/www.ubfc.fr\/?page_id=44209"},"modified":"2020-05-27T11:06:13","modified_gmt":"2020-05-27T09:06:13","slug":"sfat","status":"publish","type":"page","link":"https:\/\/ubfc-preprod.u-bourgogne.fr\/en\/recherche\/sfat\/","title":{"rendered":"P\u00f4le Sciences fondamentales, Appliqu\u00e9es et Technologie &#8211; SFAT"},"content":{"rendered":"\t\t<div data-elementor-type=\"wp-page\" data-elementor-id=\"44209\" class=\"elementor elementor-44209\" data-elementor-post-type=\"page\">\n\t\t\t\t\t\t<section class=\"elementor-section elementor-top-section elementor-element elementor-element-7aaefdd elementor-section-boxed elementor-section-height-default elementor-section-height-default\" data-id=\"7aaefdd\" data-element_type=\"section\" data-e-type=\"section\">\n\t\t\t\t\t\t<div class=\"elementor-container elementor-column-gap-default\">\n\t\t\t\t\t<div class=\"elementor-column elementor-col-66 elementor-top-column elementor-element elementor-element-06e510b\" data-id=\"06e510b\" data-element_type=\"column\" data-e-type=\"column\">\n\t\t\t<div class=\"elementor-widget-wrap elementor-element-populated\">\n\t\t\t\t\t\t<div class=\"elementor-element elementor-element-7fdc897 elementor-widget elementor-widget-text-editor\" data-id=\"7fdc897\" data-element_type=\"widget\" data-e-type=\"widget\" data-widget_type=\"text-editor.default\">\n\t\t\t\t<div class=\"elementor-widget-container\">\n\t\t\t\t\t\t\t\t\t<p>Laboratoires\u00a0:<\/p><ul><li><a href=\"https:\/\/www.u-bourgogne.fr\/non-categorise\/connaissance-et-intelligence-artificielle-distribuees-ciad.html\">CIAD &#8211;<\/a> Connaissance et intelligence artificielle distribu\u00e9es (EA 7533)<\/li><li><a href=\"http:\/\/www.isat.fr\/recherche\/what-is-drive.html\" target=\"_blank\" rel=\"noopener\">DRIVE<\/a><a href=\"https:\/\/recherche.u-bourgogne.fr\/potentiel-de-recherche\/laboratoires\/departement-de-recherche-en-ingenierie-des-vehicules-pour-l-environnement.html\"> &#8211; <\/a>D\u00e9partement de Recherche en Ing\u00e9nierie des V\u00e9hicules pour l&#8217;Environnement (EA 1859)<\/li><li><a href=\"https:\/\/www.femto-st.fr\/fr\">FEMTO-ST &#8211;<\/a> Institut Franche-Comt\u00e9 Electronique M\u00e9canique Thermique et Optique &#8211; Sciences et Technologies (UMR 6174)<\/li><li><a href=\"https:\/\/icb.u-bourgogne.fr\/fr\/\">ICB &#8211;<\/a> Laboratoire Interdisciplinaire CARNOT de Bourgogne (UMR 6303)<\/li><li><a href=\"http:\/\/www.icmub.com\/fr\">ICMUB &#8211;<\/a> Institut de Chimie Mol\u00e9culaire de l&#8217;Universit\u00e9 de Bourgogne (UMR 6302)<\/li><li><a href=\"http:\/\/math.u-bourgogne.fr\/\">IMB &#8211;<\/a> Institut de Math\u00e9matiques de Bourgogne (UMR 5584)<\/li><li><a href=\"http:\/\/labomap.ensam.eu\/\">LaBoMaP &#8211;<\/a> Laboratoire Bourguignon des mat\u00e9riaux et proc\u00e9d\u00e9s (EA 3633)<\/li><li><a href=\"http:\/\/le2i.cnrs.fr\/\">Le2i &#8211;<\/a> Laboratoire Electronique, Informatique et Image (UMR CNRS 6306)<\/li><li><a href=\"http:\/\/imvia.u-bourgogne.fr\/\">ImVIA &#8211;<\/a> Laboratoire Imagerie et vision Artificielle (EA 7535)<\/li><li><a href=\"https:\/\/www.u-bourgogne.fr\/organisation\/laboratoires-et-entites-de-recherche\/laboratoire-dinformatique-de-bourgogne-lib.html\">LIB &#8211;<\/a> Laboratoire d&#8217;informatique de Bourgogne (EA 7534)<\/li><li><a href=\"http:\/\/lispen.ensam.eu\/\">LISPEN &#8211;<\/a> Laboratoire d&#8217;Ing\u00e9nierie des Syst\u00e8mes Physiques et Num\u00e9riques (EA 7515)<\/li><li><a href=\"https:\/\/lmb.univ-fcomte.fr\/\">LMB &#8211;<\/a> Laboratoire de Math\u00e9matiques de Besan\u00e7on (UMR 6623)<\/li><li><a href=\"http:\/\/www.univ-fcomte.fr\/sciences-de-lenvironnement-et-de-la-sante-ses\/nanomedecine#.W9hy-uLjLj8\">NIT &#8211;<\/a> Nanomdicine Lab. Imagery and Therapeutics (EA 4662)<\/li><li><a href=\"https:\/\/theta.obs-besancon.fr\/\">OSU THETA &#8211;<\/a> Observatoire des sciences de l&#8217;univers (OSU) Terre homme environnement temps astronomie (THETA) de Franche-Comt\u00e9 &#8211; Bourgogne (UMS 3245)<\/li><li><a href=\"https:\/\/www.utinam.cnrs.fr\/\">UTINAM &#8211;<\/a> Institut Univers, Temps-fr\u00e9quence, Interfaces, Nanostructures, Atmosph\u00e8re et environnement Mol\u00e9cules (UMR 6213)<a href=\"https:\/\/www.utinam.cnrs.fr\/\"><br \/><\/a><\/li><\/ul><p>Structures f\u00e9d\u00e9ratives :<\/p><ul><li><a href=\"http:\/\/www.fclab.fr\/\">FCLAB &#8211;<\/a> Fuel Cell Lab (USR 3539)<\/li><\/ul><p>\u00c9coles doctorales\u00a0:<\/p><ul><li><a href=\"http:\/\/ed-spim.univ-fcomte.fr\/\">ED SPIM &#8211;<\/a> Ecole Doctorale Sciences pour l&#8217;Ing\u00e9nieur et microtechniques<\/li><li><a href=\"http:\/\/ed-carnot-pasteur.u-bourgogne.fr\/\">ED CP &#8211;<\/a> Ecole Doctorale Carnot-Pasteur<\/li><\/ul><p>Masters ISITE-BFC :<\/p><ul><li><a href=\"http:\/\/www.ubfc.fr\/master-greem\/\">Master GREEM<\/a><\/li><li><a href=\"http:\/\/www.ubfc.fr\/cartographie-des-formations\/master\/master-pics\/\">Master PICS<\/a><\/li><li><a href=\"http:\/\/www.ubfc.fr\/master-ppn\/\">Master PPN<\/a><\/li><li><a href=\"http:\/\/www.ubfc.fr\/math4phys\/\">Master Math4Phys<\/a><\/li><\/ul><p>Ce p\u00f4le s\u2019appuie notamment sur les programmes Investissements d&#8217;Avenir (PIA) suivants :<\/p><ul><li>EUR EIPHI<\/li><li>Labex FIRST-TF<\/li><li>Equipex REFIMEVE+<\/li><li>Equipex Robotex<\/li><\/ul><h6>Contacts :<\/h6><ul><li><a href=\"mailto:Jean-Cyrille.Hierso@u-bourgogne.fr\">Jean Cyrille HIERSO<\/a><br \/>ICMUB<br \/>Universit\u00e9 de Bourgogne.<\/li><li><a href=\"mailto:michael.gauthier@femto-st.fr\">Micha\u00ebl GAUTHIER<\/a><br \/>FEMTO-ST<br \/>Universit\u00e9 de Franche-Comt\u00e9<br \/>(animateur axe 1 ISITE-BFC)<\/li><\/ul>\t\t\t\t\t\t\t\t<\/div>\n\t\t\t\t<\/div>\n\t\t\t\t\t<\/div>\n\t\t<\/div>\n\t\t\t\t<div class=\"elementor-column elementor-col-33 elementor-top-column elementor-element elementor-element-1b29d71\" data-id=\"1b29d71\" data-element_type=\"column\" data-e-type=\"column\">\n\t\t\t<div class=\"elementor-widget-wrap\">\n\t\t\t\t\t\t\t<\/div>\n\t\t<\/div>\n\t\t\t\t\t<\/div>\n\t\t<\/section>\n\t\t\t\t<\/div>\n\t\t","protected":false},"excerpt":{"rendered":"<p>Laboratoires\u00a0: CIAD &#8211; Connaissance et intelligence artificielle distribu\u00e9es (EA 7533) DRIVE &#8211; D\u00e9partement de Recherche en Ing\u00e9nierie des V\u00e9hicules pour l&#8217;Environnement (EA 1859) FEMTO-ST &#8211; Institut Franche-Comt\u00e9 Electronique M\u00e9canique Thermique et Optique &#8211; Sciences et Technologies (UMR 6174) ICB &#8211; Laboratoire Interdisciplinaire CARNOT de Bourgogne (UMR 6303) ICMUB &#8211; Institut de Chimie Mol\u00e9culaire de l&#8217;Universit\u00e9 &hellip; <a href=\"https:\/\/ubfc-preprod.u-bourgogne.fr\/en\/recherche\/sfat\/\">Continued<\/a><\/p>\n","protected":false},"author":18,"featured_media":0,"parent":681,"menu_order":115,"comment_status":"closed","ping_status":"closed","template":"","meta":{"footnotes":""},"class_list":["post-44209","page","type-page","status-publish","hentry"],"acf":[],"_links":{"self":[{"href":"https:\/\/ubfc-preprod.u-bourgogne.fr\/en\/wp-json\/wp\/v2\/pages\/44209","targetHints":{"allow":["GET"]}}],"collection":[{"href":"https:\/\/ubfc-preprod.u-bourgogne.fr\/en\/wp-json\/wp\/v2\/pages"}],"about":[{"href":"https:\/\/ubfc-preprod.u-bourgogne.fr\/en\/wp-json\/wp\/v2\/types\/page"}],"author":[{"embeddable":true,"href":"https:\/\/ubfc-preprod.u-bourgogne.fr\/en\/wp-json\/wp\/v2\/users\/18"}],"replies":[{"embeddable":true,"href":"https:\/\/ubfc-preprod.u-bourgogne.fr\/en\/wp-json\/wp\/v2\/comments?post=44209"}],"version-history":[{"count":3,"href":"https:\/\/ubfc-preprod.u-bourgogne.fr\/en\/wp-json\/wp\/v2\/pages\/44209\/revisions"}],"predecessor-version":[{"id":44212,"href":"https:\/\/ubfc-preprod.u-bourgogne.fr\/en\/wp-json\/wp\/v2\/pages\/44209\/revisions\/44212"}],"up":[{"embeddable":true,"href":"https:\/\/ubfc-preprod.u-bourgogne.fr\/en\/wp-json\/wp\/v2\/pages\/681"}],"wp:attachment":[{"href":"https:\/\/ubfc-preprod.u-bourgogne.fr\/en\/wp-json\/wp\/v2\/media?parent=44209"}],"curies":[{"name":"wp","href":"https:\/\/api.w.org\/{rel}","templated":true}]}}