{"id":44008,"date":"2020-05-18T15:21:35","date_gmt":"2020-05-18T13:21:35","guid":{"rendered":"https:\/\/www.ubfc.fr\/?page_id=44008"},"modified":"2021-01-14T17:39:10","modified_gmt":"2021-01-14T16:39:10","slug":"partenaires","status":"publish","type":"page","link":"https:\/\/ubfc-preprod.u-bourgogne.fr\/en\/ubfc\/a-propos-dubfc\/partenaires\/","title":{"rendered":"Partenaires"},"content":{"rendered":"\t\t<div data-elementor-type=\"wp-page\" data-elementor-id=\"44008\" class=\"elementor elementor-44008\" data-elementor-post-type=\"page\">\n\t\t\t\t\t\t<section class=\"elementor-section elementor-top-section elementor-element elementor-element-f7b96d4 elementor-section-boxed elementor-section-height-default elementor-section-height-default\" data-id=\"f7b96d4\" data-element_type=\"section\" data-e-type=\"section\">\n\t\t\t\t\t\t<div class=\"elementor-container elementor-column-gap-default\">\n\t\t\t\t\t<div class=\"elementor-column elementor-col-100 elementor-top-column elementor-element elementor-element-7ea3fd2\" data-id=\"7ea3fd2\" data-element_type=\"column\" data-e-type=\"column\">\n\t\t\t<div class=\"elementor-widget-wrap elementor-element-populated\">\n\t\t\t\t\t\t<div class=\"elementor-element elementor-element-0cad62b elementor-widget elementor-widget-toggle\" data-id=\"0cad62b\" data-element_type=\"widget\" data-e-type=\"widget\" data-widget_type=\"toggle.default\">\n\t\t\t\t<div class=\"elementor-widget-container\">\n\t\t\t\t\t\t\t<div class=\"elementor-toggle\">\n\t\t\t\t\t\t\t<div class=\"elementor-toggle-item\">\n\t\t\t\t\t<div id=\"elementor-tab-title-1321\" class=\"elementor-tab-title\" data-tab=\"1\" role=\"button\" aria-controls=\"elementor-tab-content-1321\" aria-expanded=\"false\">\n\t\t\t\t\t\t\t\t\t\t\t\t<span class=\"elementor-toggle-icon elementor-toggle-icon-left\" aria-hidden=\"true\">\n\t\t\t\t\t\t\t\t\t\t\t\t\t\t\t<span class=\"elementor-toggle-icon-closed\"><i class=\"fas fa-caret-right\"><\/i><\/span>\n\t\t\t\t\t\t\t\t<span class=\"elementor-toggle-icon-opened\"><i class=\"elementor-toggle-icon-opened fas fa-caret-up\"><\/i><\/span>\n\t\t\t\t\t\t\t\t\t\t\t\t\t<\/span>\n\t\t\t\t\t\t\t\t\t\t\t\t<a class=\"elementor-toggle-title\" tabindex=\"0\">Partenaires institutionnels<\/a>\n\t\t\t\t\t<\/div>\n\n\t\t\t\t\t<div id=\"elementor-tab-content-1321\" class=\"elementor-tab-content elementor-clearfix\" data-tab=\"1\" role=\"region\" aria-labelledby=\"elementor-tab-title-1321\"><ul><li><strong>Le Rectorat de la r\u00e9gion acad\u00e9mique Bourgogne \u2013 Franche-Comt\u00e9<\/strong><\/li><\/ul><p>Il repr\u00e9sente le Minist\u00e8re de l&#8217;\u00c9ducation Nationale au niveau de la R\u00e9gion.<br \/>Le rectorat est \u00e9galement garant de la sant\u00e9 budg\u00e9taire d\u2019UBFC.<br \/>La r\u00e9gion acad\u00e9mique Bourgogne \u2013 Franche-Comt\u00e9 comprend les acad\u00e9mies de Besan\u00e7on et Dijon.<\/p><p><u>Plus d\u2019infos<\/u>\u00a0: <a href=\"http:\/\/www.ac-dijon.fr\">www.ac-dijon.fr<\/a> \/ <a href=\"http:\/\/www.ac-besancon.fr\">www.ac-besancon.fr<\/a><\/p><ul><li><strong>La D\u00e9l\u00e9gation r\u00e9gionale \u00e0 la recherche et \u00e0 la technologie Bourgogne Franche-Comt\u00e9 (D.R.R.T)<\/strong><\/li><\/ul><p>Elle est en charge de l\u2019action d\u00e9concentr\u00e9e de l\u2019Etat dans les domaines de la recherche, de la technologie et de l\u2019innovation mais aussi de la diffusion de la culture scientifique et technique.<br \/>La D.R.R.T est \u00e9galement \u00e0 l\u2019origine de financement de plateformes scientifiques et data center dont b\u00e9n\u00e9ficie UBFC.<\/p><p><u>Plus d\u2019infos<\/u>\u00a0: <a href=\"https:\/\/www.enseignementsup-recherche.gouv.fr\/pid33731\/d.r.r.t.-bourgogne-franche-comte.html\">www.enseignementsup-recherche.gouv.fr\/pid33731\/d.r.r.t.-bourgogne-franche-comte.html<\/a><\/p><ul><li><strong>La R\u00e9gion Bourgogne \u2013 Franche<\/strong><strong>-Comt\u00e9 (BFC)<\/strong><\/li><\/ul><p>Elle est un partenaire majeur pour les \u00e9tablissements d\u2019enseignement sup\u00e9rieur et ainsi pour UBFC.<\/p><p>La R\u00e9gion BFC d\u00e9finit le Sche\u0301ma Re\u0301gional de l\u2019Enseignement Sup\u00e9rieur, de la Recherche et de l\u2019Innovation (SRESRI) qui propose un cadre de r\u00e9f\u00e9rence pour la mise en \u0153uvre de la politique de la r\u00e9gion en mati\u00e8re d\u2019enseignement sup\u00e9rieur, de recherche, de transfert de technologie, de culture scientifique technique et industriel et d\u2019actions \u00e0 l\u2019international. Ce sch\u00e9ma soutient et valorise la recherche autour des projets d\u2019ISITE-BFC et d\u00e9veloppe l\u2019attractivit\u00e9 et la structuration de la BFC en mati\u00e8re de recherche en finan\u00e7ant les projets structurants et interdisciplinaires. Il permet \u00e9galement d\u2019aider les entreprises et la soci\u00e9t\u00e9 \u00e0 mieux capter les r\u00e9sultats de la recherche publique en d\u00e9veloppant des projets collaboratifs entreprises\/recherche, permettant ainsi d\u2019assurer le transfert de technologie vers les entreprises innovantes. Enfin il permet par ailleurs de soutenir la mobilit\u00e9 des \u00e9tudiants et des chercheurs.<\/p><p>La R\u00e9gion est \u00e9galement en charge de la coordination, dans le cadre de la strat\u00e9gie nationale de recherche, des initiatives territoriales visant a\u0300 d\u00e9velopper et diffuser la culture scientifique, technique et industrielle, notamment aupr\u00e8s des jeunes publics, et participe de fait activement a\u0300 leur financement.<\/p><p>De plus, la R\u00e9gion d\u00e9termine les modalit\u00e9s de l&#8217;action commune des collectivit\u00e9s territoriales et de leurs \u00e9tablissements publics pour l&#8217;exercice des comp\u00e9tences relatives au soutien de l&#8217;innovation et a\u0300 l&#8217;enseignement sup\u00e9rieur et a\u0300 la recherche.<\/p><p>La R\u00e9gion soutient massivement les doctorants en Bourgogne Franche-Comt\u00e9. Ce soutien prend plusieurs formes\u00a0:<\/p><ul><li>un appel \u00e0 projets annuel sp\u00e9cifique aux contrats doctoraux<\/li><li>un financement de contrats doctoraux, int\u00e9gr\u00e9s dans des projets de recherche (ISITE BFC, projets structurants d\u2019envergure et projets d\u2019amor\u00e7age)<\/li><li>un dispositif r\u00e9gional Itin\u00e9raire Chercheur Entrepreneurs, permettant d\u2019offrir \u00e0 des \u00e9tudiants en th\u00e8se un parcours int\u00e9grant une double comp\u00e9tence recherche et entrepreneuriat\/management.<\/li><\/ul><p>Enfin, la R\u00e9gion BFC est membre du conseil d\u2019administration et du conseil acad\u00e9mique d\u2019UBFC.<\/p><p><u>Plus d\u2019infos<\/u>\u00a0: <a href=\"http:\/\/www.bourgognefranchecomte.fr\">www.bourgognefranchecomte.fr<\/a><\/p><ul><li><strong>Le Centre r\u00e9gional des \u0152uvres Universitaires et Scolaires <\/strong><strong>Bourgogne Franche-Comt\u00e9 (Crous BFC) <\/strong><\/li><\/ul><p>Le Crous BFC est implant\u00e9 sur trois sites en Bourgogne-Franche-Comt\u00e9\u00a0: Dijon, Besan\u00e7on et le Nord Franche-Comt\u00e9 (Montb\u00e9liard et Belfort) et poss\u00e8de une antenne au Creusot.<\/p><p>C\u2019est le partenaire principal de l\u2019enseignement sup\u00e9rieur en mati\u00e8re de vie \u00e9tudiante. Le Crous BFC et UBFC travaillent ensemble sur le <a href=\"https:\/\/www.ubfc.fr\/ubfc\/a-propos-dubfc\/documents-de-reference\/\">sch\u00e9ma directeur de la vie \u00e9tudiante<\/a> et sa mise en \u0153uvre.<br \/>Le Crous BFC est membre du conseil acad\u00e9mique d\u2019UBFC.<\/p><p><u>Plus d\u2019infos<\/u>\u00a0: <a href=\"http:\/\/www.crous-bfc.fr\" target=\"_blank\" rel=\"noopener\">www.crous-bfc.fr <\/a><\/p><ul><li><strong>Les collectivit\u00e9s territoriales (villes, agglom\u00e9rations, m\u00e9tropoles<\/strong>)<\/li><\/ul><p>Elles sont des partenaires indispensables, par leur soutien \u00e0 l\u2019Enseignement sup\u00e9rieur et la recherche (ESR) dans le cadre des contrats de plan \u00c9tat-R\u00e9gion et des projets de territoires. Elles peuvent apporter \u00e9galement un soutien financier en fonctionnement annuel \u00e0 UBFC. Les 4 grands p\u00f4les urbains du territoire BFC (Dijon M\u00e9tropole, Grand Besan\u00e7on M\u00e9tropole, P\u00f4le m\u00e9tropolitain Nord Franche-Comt\u00e9 et Sud Bourgogne) sont membres du conseil d\u2019administration d\u2019UBFC.\u00a0<\/p><ul><li><strong>Le CHU de Dijon et le CHRU de Besan\u00e7on<\/strong><\/li><li><strong>Les \u00e9tablissements de sant\u00e9 Etablissement Fran\u00e7ais du Sang (EFS) et Centre Georges-Fran\u00e7ois LECLERC (CGFL)\u00a0<\/strong><\/li><\/ul><p>Ces partenaires de sant\u00e9 partagent la strat\u00e9gie recherche d\u2019UBFC au travers du Consortium ISITE-BFC, mais \u00e9galement sur l\u2019ensemble des projets li\u00e9s \u00e0 la sant\u00e9. Ils sont \u00e9galement membres de la Fondation de Coop\u00e9ration Scientifique aux c\u00f4t\u00e9s des \u00e9tablissements membres d\u2019UBFC. Le CHU de Dijon et le CHRU de Besan\u00e7on sont membres du conseil d\u2019administration d\u2019UBFC, et l\u2019EFS et le CGFL sont membres du conseil acad\u00e9mique d\u2019UBFC.<\/p><\/div>\n\t\t\t\t<\/div>\n\t\t\t\t\t\t\t<div class=\"elementor-toggle-item\">\n\t\t\t\t\t<div id=\"elementor-tab-title-1322\" class=\"elementor-tab-title\" data-tab=\"2\" role=\"button\" aria-controls=\"elementor-tab-content-1322\" aria-expanded=\"false\">\n\t\t\t\t\t\t\t\t\t\t\t\t<span class=\"elementor-toggle-icon elementor-toggle-icon-left\" aria-hidden=\"true\">\n\t\t\t\t\t\t\t\t\t\t\t\t\t\t\t<span class=\"elementor-toggle-icon-closed\"><i class=\"fas fa-caret-right\"><\/i><\/span>\n\t\t\t\t\t\t\t\t<span class=\"elementor-toggle-icon-opened\"><i class=\"elementor-toggle-icon-opened fas fa-caret-up\"><\/i><\/span>\n\t\t\t\t\t\t\t\t\t\t\t\t\t<\/span>\n\t\t\t\t\t\t\t\t\t\t\t\t<a class=\"elementor-toggle-title\" tabindex=\"0\">Partenaires de recherche<\/a>\n\t\t\t\t\t<\/div>\n\n\t\t\t\t\t<div id=\"elementor-tab-content-1322\" class=\"elementor-tab-content elementor-clearfix\" data-tab=\"2\" role=\"region\" aria-labelledby=\"elementor-tab-title-1322\"><ul><li><strong>Les organismes publics de recherche (CNRS, INRAE, INSERM, CEA, etc.)<\/strong><\/li><\/ul><p>Ces grands organismes sont les co-tutelles des unit\u00e9s mixtes de recherche (UMR). Ils sont les partenaires incontournables de la recherche universitaire et sont impliqu\u00e9s dans la strat\u00e9gie recherche d\u2019UBFC via le consortium ISITE-BFC et dans les instances d\u2019UBFC.<\/p><p>L\u2019INRAE et UBFC sont co-tutelles en plus des \u00e9tablissements membres des UMR de Bourgogne-Franche-Comt\u00e9. Une convention est actuellement en cours avec le CNRS pour la co-tutelle des UMR.<\/p><p><u>Plus d\u2019infos<\/u>\u00a0:<\/p><ul><li>CNRS d\u00e9l\u00e9gation Centre Est\u00a0: <a href=\"http:\/\/www.dr6.cnrs.fr\/centre-est\/spip.php?rubrique51\">dr6.cnrs.fr\/centre-est\/spip.php?rubrique51<\/a><\/li><li>INRAE Bourgogne Franche-Comt\u00e9\u00a0: <a href=\"https:\/\/www.inrae.fr\/centres\/bourgogne-franche-comte\">inrae.fr\/centres\/bourgogne-franche-comte<\/a><\/li><li>INSERM EST\u00a0: <a href=\"http:\/\/www.est.inserm.fr\">www.est.inserm.fr<\/a><\/li><li>CEA de Valduc\u00a0: <a href=\"http:\/\/www-dam.cea.fr\">www-dam.cea.fr<\/a><\/li><\/ul><ul><li><strong>Le Centre de Culture Scientifique, Technique et Industrielle de Bourgogne-Franche-Comt\u00e9 (CSTI).<\/strong><\/li><\/ul><p>Anciennement appel\u00e9 \u00ab\u00a0Pavillon des sciences\u00a0\u00bb, le CSTI accompagne les diff\u00e9rents acteurs de la culture scientifique r\u00e9gionaux tels que les laboratoires de recherches, les universit\u00e9s, les \u00e9tablissements scolaires\u2026. C\u2019est un partenaire majeur d\u2019UBFC et de ses \u00e9tablissements membres en mati\u00e8re d\u2019appui \u00e0 la culture scientifique, technique et industrielle.<\/p><p>\u00c0 l\u2019origine de nombreuses manifestations et animations, le CSTI organise notamment des rencontres et des d\u00e9bats sur des questions de soci\u00e9t\u00e9.<\/p><p>Il est \u00e9galement coordonnateur pour la r\u00e9gion BFC de la F\u00eate de la Science, \u00e9v\u00e9nement pour lequel UBFC assure la coordination entre tous les acteurs de l\u2019ESR.<\/p><p>Pour les professionnels de l&#8217;enseignement, de la culture et de l&#8217;animation, le CSTI est un centre de ressources qui apporte un soutien dans les projets de diffusion des sciences notamment gr\u00e2ce \u00e0 la mise \u00e0 disposition d\u2019outils de m\u00e9diation itin\u00e9rants.<\/p><p>Le CSTI s&#8217;attache \u00e0 f\u00e9d\u00e9rer un ensemble d&#8217;acteurs, professionnels ou amateurs qui souhaitent participer au rayonnement de la culture scientifique et technique en les r\u00e9unissant r\u00e9guli\u00e8rement. Deux sites administratifs, l&#8217;un \u00e0 Montb\u00e9liard, l&#8217;autre \u00e0 Dijon, sont les bases de la couverture du territoire r\u00e9gional.<\/p><p><u>Plus d\u2019infos<\/u>\u00a0: <a href=\"http:\/\/www.pavillon-sciences.com\">www.pavillon-sciences.com<\/a><\/p><\/div>\n\t\t\t\t<\/div>\n\t\t\t\t\t\t\t<div class=\"elementor-toggle-item\">\n\t\t\t\t\t<div id=\"elementor-tab-title-1323\" class=\"elementor-tab-title\" data-tab=\"3\" role=\"button\" aria-controls=\"elementor-tab-content-1323\" aria-expanded=\"false\">\n\t\t\t\t\t\t\t\t\t\t\t\t<span class=\"elementor-toggle-icon elementor-toggle-icon-left\" aria-hidden=\"true\">\n\t\t\t\t\t\t\t\t\t\t\t\t\t\t\t<span class=\"elementor-toggle-icon-closed\"><i class=\"fas fa-caret-right\"><\/i><\/span>\n\t\t\t\t\t\t\t\t<span class=\"elementor-toggle-icon-opened\"><i class=\"elementor-toggle-icon-opened fas fa-caret-up\"><\/i><\/span>\n\t\t\t\t\t\t\t\t\t\t\t\t\t<\/span>\n\t\t\t\t\t\t\t\t\t\t\t\t<a class=\"elementor-toggle-title\" tabindex=\"0\">Partenaires universitaires<\/a>\n\t\t\t\t\t<\/div>\n\n\t\t\t\t\t<div id=\"elementor-tab-content-1323\" class=\"elementor-tab-content elementor-clearfix\" data-tab=\"3\" role=\"region\" aria-labelledby=\"elementor-tab-title-1323\"><p><span style=\"font-size: 12pt\"><strong>Programme de double-dipl\u00f4mes :<\/strong><\/span><\/p><ol><li>University of Chemistry and Technology of Prague (UCT Prague, Czech Republic), Master level, Disciplines: Chemistry and Physics<\/li><li>University of Chemistry and Technology of Prague (UCT Prague, Czech Republic), PhD level, Disciplines : Chemistry and Physics<\/li><li>Russian-Armenian University (RAU, Armenia), Master level; Discipline: Physics<\/li><li>Sechenov First Moscow State Medical University (Russia), Master level, Disciplines: Innovative drugs<\/li><li>University of Ningbo (NBU, Chine), Master level, Discipline: Clinical medicine<\/li><li>University of Ningbo (NBU, Chine), PhD level; Discipline: Clinical medicine<\/li><li>Yerevan State University (YSU, Armenia), Master level, Discipline : Physics<\/li><li>Dedan Kimathi University of Technology (DKUT, Nyeri Kenya), Master level, Discipline: Automation and Robotics<\/li><li>Yerevan State University (YSU, Armenia), Master level, Disciplines: Biology, Physico-Chemistry<\/li><li>Centro de lnvestigaciones en \u00e9ptica, A. C. (M\u00e9xico), Master level, Disciplines: Optomechatronics<\/li><li>Tomsk Polytechnic University (TPU, Russia), Master level, Discipline : Physics<\/li><\/ol><p><span style=\"font-size: 12pt\"><strong>Programmes d&#8217;\u00e9changes de personnels et d&#8217;\u00e9tudiants : <\/strong><strong>\u00a0<\/strong><\/span><\/p><ol><li>Bauman Moscow State Technical University (BMSTU, Russia)<\/li><li>Saint-Petersburg State University of Information Technologies, Mechanics And Optics (ITMO, Russia); Disciplines: Chemistry, Physics, Mathematics<\/li><li>Technical University of Kaiserslautern (TUK, Germany), Disciplines: Physics, Mathematics<\/li><li>Novosibirsk State Technical University (NSTU, Russia); Disciplines: Physics, Mathematics, Cultural Engineering<\/li><li>Shanghai University (SHU, China); Disciplines : Physics, Mathematics<\/li><li>Moscow Institute of Physics and Technology (MIPT, Russia), Disciplines : Physics<\/li><li>DIPARTIMENTO DI FISICA E ASTRONOMIA UNIVERSITA\u2019 DEGLI STUDI DI PADOVA (Italy), Disciplines related to UBFC Master Program PICS.<\/li><li>University of Habana (UH, Cuba), Disciplines: Ecology, Evolution, Conservation biology<\/li><li>Universidade Federal de Pelotas (UFPEL, Brasil), Disciplines:Cultural engineering<\/li><li>University Mohammed VI Polytechnique (UM6P, Marocco), Disciplines:Cultural engineering.<\/li><\/ol><p><span style=\"font-size: 12pt\"><strong>Accords de coop\u00e9ration Erasmus + : <\/strong><\/span><\/p><ol><li>Technische Universit\u00e4t Kaiserslautern (TUK, Germany) . Disciplines : Information and Communication, Electronics and automation, Mathematics, Physics.<\/li><li>University of Economics (Prague, Czech Republic), Disciplines : Social and behavioural sciences<\/li><li>Chalmers University of Technology (Sweden), Disciplines : Food processing\/Chemistry<\/li><li>Hohenheim University (Germany), Disciplines : Food processing<\/li><li>Zagreb University (Croatia), Disciplines : Food processing<\/li><li>Szent Istvan University (Hungary), Disciplines : Food processing<\/li><li>Technical University of Cluj-Napoca (Romania). Disciplines : Food processing<\/li><li>Universita degli studi di Salerno, Disciplines :Biochemistry\/Chemistry\/Food processing<\/li><li>Universita degli studi di Teramo, Disciplines : Food processing\/Agriculture + oenology<\/li><li>Universita Cattolica del Sacro Cuore (Milan, Italy), Disciplines : Humanities<\/li><li>Universit\u00e9 de Li\u00e8ge (Belgium) , Disciplines : Media<\/li><li>Opole University, Disciplines : Cultural studies<\/li><li>Bucharest University (Romania), Disciplines : Sociology and cultural studies<\/li><li>University of Latvia (Riga, Latvia), Disciplines : Cultural studies<\/li><li>University of Chemistry and Techology (UCT Prague, Czech Republic), Disciplines : Natural sciences, mathematics and statistics\/Engineering, manufacturing and construction<\/li><li>Li\u00e8ge University Gembloux Agro-Bio Tech, Disciplines : Chemical engineering and processes\/Food processing.<\/li><\/ol><p><strong><span style=\"font-size: 12pt\">Accords-cadres : <\/span><br \/><\/strong><\/p><ol><li>Framework Agreement with College of BioMedical Engineering (CBME), Taipei Medical University (TMU), Taiwan<\/li><li>Framework Agreement with Wuhan University of Technology (WHUT, Chine)<\/li><li>Framework Agreement with Russian-Armenian University (RAU, Armenia)<\/li><li>Framework Agreement with Tomsk Polytechnic University (TPU, Russia)<\/li><li>Framework Agreement with Yerevan State University (YSU, Armenia)<\/li><li>Framework Agreement with Armenian National Agrarian University (ANAA, Armenia)<\/li><li>Universit\u00e9 Saint-Joseph de Beyrouth (Libanon)<\/li><li>Agreeement of Cooperation (PhD) with Institut de Recherche Agronomique (Liban, IRAL)<\/li><li>Framework Agreement with National Academy of Sciences of the Republic of Armenia (NAS RA, Armenia)<\/li><li>University of Habana (UH, Cuba)<\/li><li>Universidade Federal de Pelotas, Brazil<\/li><li>University Mohammed VI Polytechnique (UM6P, Marocco)<\/li><\/ol><\/div>\n\t\t\t\t<\/div>\n\t\t\t\t\t\t\t<div class=\"elementor-toggle-item\">\n\t\t\t\t\t<div id=\"elementor-tab-title-1324\" class=\"elementor-tab-title\" data-tab=\"4\" role=\"button\" aria-controls=\"elementor-tab-content-1324\" aria-expanded=\"false\">\n\t\t\t\t\t\t\t\t\t\t\t\t<span class=\"elementor-toggle-icon elementor-toggle-icon-left\" aria-hidden=\"true\">\n\t\t\t\t\t\t\t\t\t\t\t\t\t\t\t<span class=\"elementor-toggle-icon-closed\"><i class=\"fas fa-caret-right\"><\/i><\/span>\n\t\t\t\t\t\t\t\t<span class=\"elementor-toggle-icon-opened\"><i class=\"elementor-toggle-icon-opened fas fa-caret-up\"><\/i><\/span>\n\t\t\t\t\t\t\t\t\t\t\t\t\t<\/span>\n\t\t\t\t\t\t\t\t\t\t\t\t<a class=\"elementor-toggle-title\" tabindex=\"0\">Partenaires industriels<\/a>\n\t\t\t\t\t<\/div>\n\n\t\t\t\t\t<div id=\"elementor-tab-content-1324\" class=\"elementor-tab-content elementor-clearfix\" data-tab=\"4\" role=\"region\" aria-labelledby=\"elementor-tab-title-1324\"><p><span style=\"color: #32acc4\"><strong><span style=\"font-size: 12pt\">Partenaires industriels li\u00e9s \u00e0 ISITE-BFC<\/span><\/strong><\/span><\/p><table style=\"height: 225px;width: 100%;border-collapse: collapse\" border=\"1\"><tbody><tr style=\"height: 51px\"><td style=\"width: 33.3333%;height: 51px\">\u00a0<\/td><td style=\"width: 33.3333%;height: 51px;text-align: center\"><span style=\"color: #32acc4\">Entreprises en BFC<\/span><\/td><td style=\"width: 33.3333%;height: 51px;text-align: center\"><span style=\"color: #32acc4\">Entreprises hors BFC<\/span><\/td><\/tr><tr style=\"height: 130px\"><td style=\"width: 33.3333%;height: 130px\"><p><strong><span style=\"color: #32acc4\">AAP1 (2017)<\/span><\/strong><\/p><p><span style=\"color: #aaaaaa\">5 entreprises en BFC<\/span><\/p><\/td><td style=\"width: 33.3333%;height: 130px\"><ul><li>Scoder (25)<\/li><li>Dijon C\u00e9r\u00e9ales (21)<\/li><li>Artemis (21)<\/li><li>Tech-Power-Electronics (25)<\/li><li>PSA Peugeot-Citro\u00ebn (25)<\/li><\/ul><\/td><td style=\"width: 33.3333%;height: 130px\">\u00a0<\/td><\/tr><tr style=\"height: 22px\"><td style=\"width: 33.3333%;height: 22px\"><p><strong><span style=\"color: #32acc4\">AAP2 (2018)<\/span><\/strong><\/p><p><span style=\"color: #aaaaaa\">8 entreprises en BFC<\/span><\/p><p><span style=\"color: #aaaaaa\">3 entreprises hors BFC<\/span><\/p><\/td><td style=\"width: 33.3333%;height: 22px\"><ul><li>IxBlue (25)<\/li><li>Smartesting (25)<\/li><li>Delfingen (25)<\/li><li>Parkeon (25)<\/li><li>Neotiss (21)<\/li><li>CASIS (21)<\/li><li>Oncodesign (21)<\/li><li>Diaclone (21)<\/li><\/ul><\/td><td style=\"width: 33.3333%;height: 22px\"><ul><li>Gorgy Timing (38)<\/li><li>Easy Global Market (06)<\/li><li>NextPac (57)<\/li><\/ul><\/td><\/tr><tr style=\"height: 22px\"><td style=\"width: 33.3333%;height: 22px\"><p><strong><span style=\"color: #32acc4\">AAP3 (2019)<\/span><\/strong><\/p><p><span style=\"color: #aaaaaa\">8 entreprises en BFC<\/span><\/p><p><span style=\"color: #aaaaaa\">6 entreprises hors BFC<\/span><\/p><\/td><td style=\"width: 33.3333%;height: 22px\"><ul><li>Inovyn (39)<\/li><li>Covalab (21)<\/li><li>Frecnsys (25)<\/li><li>Territoire Digital (25)<\/li><li>PSA Peugeot-Citro\u00ebn (25)<\/li><li>Atol Consulting &amp; Development (21)<\/li><li>Webdrone (21)<\/li><li>Safran (71)<\/li><\/ul><\/td><td style=\"width: 33.3333%;height: 22px\"><ul><li>Annealsys (34)<\/li><li>Qualcomm (06)<\/li><li>Serpol (69)<\/li><li>Intera (69)<\/li><li>Ethera (38)<\/li><li>Groupe Roullier : Agro Innovation International (35)<\/li><\/ul><\/td><\/tr><\/tbody><\/table><\/div>\n\t\t\t\t<\/div>\n\t\t\t\t\t\t\t\t<\/div>\n\t\t\t\t\t\t<\/div>\n\t\t\t\t<\/div>\n\t\t\t\t\t<\/div>\n\t\t<\/div>\n\t\t\t\t\t<\/div>\n\t\t<\/section>\n\t\t\t\t<\/div>\n\t\t","protected":false},"excerpt":{"rendered":"<p>Partenaires institutionnels Le Rectorat de la r\u00e9gion acad\u00e9mique Bourgogne \u2013 Franche-Comt\u00e9 Il repr\u00e9sente le Minist\u00e8re de l&rsquo;\u00c9ducation Nationale au niveau de la R\u00e9gion.Le rectorat est \u00e9galement garant de la sant\u00e9 budg\u00e9taire d\u2019UBFC.La r\u00e9gion acad\u00e9mique Bourgogne \u2013 Franche-Comt\u00e9 comprend les acad\u00e9mies de Besan\u00e7on et Dijon. Plus d\u2019infos\u00a0: www.ac-dijon.fr \/ www.ac-besancon.fr La D\u00e9l\u00e9gation r\u00e9gionale \u00e0 la recherche &hellip; <a href=\"https:\/\/ubfc-preprod.u-bourgogne.fr\/en\/ubfc\/a-propos-dubfc\/partenaires\/\">Continued<\/a><\/p>\n","protected":false},"author":18,"featured_media":0,"parent":44012,"menu_order":166,"comment_status":"closed","ping_status":"closed","template":"","meta":{"footnotes":""},"class_list":["post-44008","page","type-page","status-publish","hentry"],"acf":[],"_links":{"self":[{"href":"https:\/\/ubfc-preprod.u-bourgogne.fr\/en\/wp-json\/wp\/v2\/pages\/44008","targetHints":{"allow":["GET"]}}],"collection":[{"href":"https:\/\/ubfc-preprod.u-bourgogne.fr\/en\/wp-json\/wp\/v2\/pages"}],"about":[{"href":"https:\/\/ubfc-preprod.u-bourgogne.fr\/en\/wp-json\/wp\/v2\/types\/page"}],"author":[{"embeddable":true,"href":"https:\/\/ubfc-preprod.u-bourgogne.fr\/en\/wp-json\/wp\/v2\/users\/18"}],"replies":[{"embeddable":true,"href":"https:\/\/ubfc-preprod.u-bourgogne.fr\/en\/wp-json\/wp\/v2\/comments?post=44008"}],"version-history":[{"count":13,"href":"https:\/\/ubfc-preprod.u-bourgogne.fr\/en\/wp-json\/wp\/v2\/pages\/44008\/revisions"}],"predecessor-version":[{"id":50512,"href":"https:\/\/ubfc-preprod.u-bourgogne.fr\/en\/wp-json\/wp\/v2\/pages\/44008\/revisions\/50512"}],"up":[{"embeddable":true,"href":"https:\/\/ubfc-preprod.u-bourgogne.fr\/en\/wp-json\/wp\/v2\/pages\/44012"}],"wp:attachment":[{"href":"https:\/\/ubfc-preprod.u-bourgogne.fr\/en\/wp-json\/wp\/v2\/media?parent=44008"}],"curies":[{"name":"wp","href":"https:\/\/api.w.org\/{rel}","templated":true}]}}