{"id":43880,"date":"2020-04-24T08:40:05","date_gmt":"2020-04-24T06:40:05","guid":{"rendered":"https:\/\/www.ubfc.fr\/?page_id=43880"},"modified":"2020-05-18T16:15:09","modified_gmt":"2020-05-18T14:15:09","slug":"doctorants-infos-covid19","status":"publish","type":"page","link":"https:\/\/ubfc-preprod.u-bourgogne.fr\/en\/ubfc\/covid-19\/doctorants-infos-covid19\/","title":{"rendered":"Doctorants &#8211; infos covid19"},"content":{"rendered":"\t\t<div data-elementor-type=\"wp-page\" data-elementor-id=\"43880\" class=\"elementor elementor-43880\" data-elementor-post-type=\"page\">\n\t\t\t\t\t\t<section class=\"elementor-section elementor-top-section elementor-element elementor-element-1cb33d2 elementor-section-boxed elementor-section-height-default elementor-section-height-default\" data-id=\"1cb33d2\" data-element_type=\"section\" data-e-type=\"section\">\n\t\t\t\t\t\t<div class=\"elementor-container elementor-column-gap-default\">\n\t\t\t\t\t<div class=\"elementor-column elementor-col-100 elementor-top-column elementor-element elementor-element-2e6a16c\" data-id=\"2e6a16c\" data-element_type=\"column\" data-e-type=\"column\">\n\t\t\t<div class=\"elementor-widget-wrap elementor-element-populated\">\n\t\t\t\t\t\t<div class=\"elementor-element elementor-element-a4ebc19 elementor-widget elementor-widget-text-editor\" data-id=\"a4ebc19\" data-element_type=\"widget\" data-e-type=\"widget\" data-widget_type=\"text-editor.default\">\n\t\t\t\t<div class=\"elementor-widget-container\">\n\t\t\t\t\t\t\t\t\t<p>Pour faire face aux cons\u00e9quences de la propagation de l\u2019\u00e9pid\u00e9mie de COVID-19 actuelle, UBFC prend des mesures relatives \u00e0 l\u2019organisation des soutenances.<\/p>\t\t\t\t\t\t\t\t<\/div>\n\t\t\t\t<\/div>\n\t\t\t\t\t<\/div>\n\t\t<\/div>\n\t\t\t\t\t<\/div>\n\t\t<\/section>\n\t\t\t\t<section class=\"elementor-section elementor-top-section elementor-element elementor-element-c603a5d elementor-section-boxed elementor-section-height-default elementor-section-height-default\" data-id=\"c603a5d\" data-element_type=\"section\" data-e-type=\"section\">\n\t\t\t\t\t\t<div class=\"elementor-container elementor-column-gap-default\">\n\t\t\t\t\t<div class=\"elementor-column elementor-col-100 elementor-top-column elementor-element elementor-element-60645cf\" data-id=\"60645cf\" data-element_type=\"column\" data-e-type=\"column\">\n\t\t\t<div class=\"elementor-widget-wrap elementor-element-populated\">\n\t\t\t\t\t\t<div class=\"elementor-element elementor-element-6c3f976 elementor-widget elementor-widget-toggle\" data-id=\"6c3f976\" data-element_type=\"widget\" data-e-type=\"widget\" data-widget_type=\"toggle.default\">\n\t\t\t\t<div class=\"elementor-widget-container\">\n\t\t\t\t\t\t\t<div class=\"elementor-toggle\">\n\t\t\t\t\t\t\t<div class=\"elementor-toggle-item\">\n\t\t\t\t\t<div id=\"elementor-tab-title-1131\" class=\"elementor-tab-title\" data-tab=\"1\" role=\"button\" aria-controls=\"elementor-tab-content-1131\" aria-expanded=\"false\">\n\t\t\t\t\t\t\t\t\t\t\t\t<span class=\"elementor-toggle-icon elementor-toggle-icon-left\" aria-hidden=\"true\">\n\t\t\t\t\t\t\t\t\t\t\t\t\t\t\t<span class=\"elementor-toggle-icon-closed\"><i class=\"fas fa-caret-right\"><\/i><\/span>\n\t\t\t\t\t\t\t\t<span class=\"elementor-toggle-icon-opened\"><i class=\"elementor-toggle-icon-opened fas fa-caret-up\"><\/i><\/span>\n\t\t\t\t\t\t\t\t\t\t\t\t\t<\/span>\n\t\t\t\t\t\t\t\t\t\t\t\t<a class=\"elementor-toggle-title\" tabindex=\"0\">Soutenances de doctorat et HDR<\/a>\n\t\t\t\t\t<\/div>\n\n\t\t\t\t\t<div id=\"elementor-tab-content-1131\" class=\"elementor-tab-content elementor-clearfix\" data-tab=\"1\" role=\"region\" aria-labelledby=\"elementor-tab-title-1131\"><p>En s\u2019appuyant sur l\u2019ordonnance du 27 mars 2020 (articles 1 et 4), UBFC autorise, pour les cas exceptionnels de force majeure et tant que l\u2019\u00e9tablissement accueillant la soutenance applique des mesures emp\u00eachant de r\u00e9unir doctorant\/candidat \u00e0 l\u2019HDR et pr\u00e9sident de jury ou que le d\u00e9placement du pr\u00e9sident n\u2019est pas possible du fait des r\u00e8gles nationales ou au moins jusqu\u2019\u00e0 la fin de la p\u00e9riode de confinement, la tenue de soutenances de doctorat et HDR en visioconf\u00e9rence totale.<\/p><ul><li><a href=\"https:\/\/www.ubfc.fr\/wp-content\/uploads\/2020\/04\/Soutenance-d\u00e9mat\u00e9rialis\u00e9e_pi\u00e8ces-jointes.docx\">Informations relatives \u00e0 la soutenance d\u00e9mat\u00e9rialis\u00e9e<\/a><\/li><li><p><a href=\"https:\/\/www.ubfc.fr\/wp-content\/uploads\/2020\/04\/Soutenance-d\u00e9mat\u00e9rialis\u00e9e_pi\u00e8ces-jointes.docx\">Formulaire de demande d&#8217;autorisation de soutenance de th\u00e8se \/ HDR d\u00e9mat\u00e9rialis\u00e9e<\/a><\/p><\/li><\/ul><\/div>\n\t\t\t\t<\/div>\n\t\t\t\t\t\t\t\t<\/div>\n\t\t\t\t\t\t<\/div>\n\t\t\t\t<\/div>\n\t\t\t\t\t<\/div>\n\t\t<\/div>\n\t\t\t\t\t<\/div>\n\t\t<\/section>\n\t\t\t\t<\/div>\n\t\t","protected":false},"excerpt":{"rendered":"<p>Pour faire face aux cons\u00e9quences de la propagation de l\u2019\u00e9pid\u00e9mie de COVID-19 actuelle, UBFC prend des mesures relatives \u00e0 l\u2019organisation des soutenances. Soutenances de doctorat et HDR En s\u2019appuyant sur l\u2019ordonnance du 27 mars 2020 (articles 1 et 4), UBFC autorise, pour les cas exceptionnels de force majeure et tant que l\u2019\u00e9tablissement accueillant la soutenance &hellip; <a href=\"https:\/\/ubfc-preprod.u-bourgogne.fr\/en\/ubfc\/covid-19\/doctorants-infos-covid19\/\">Continued<\/a><\/p>\n","protected":false},"author":18,"featured_media":0,"parent":43793,"menu_order":173,"comment_status":"closed","ping_status":"closed","template":"","meta":{"footnotes":""},"class_list":["post-43880","page","type-page","status-publish","hentry"],"acf":[],"_links":{"self":[{"href":"https:\/\/ubfc-preprod.u-bourgogne.fr\/en\/wp-json\/wp\/v2\/pages\/43880","targetHints":{"allow":["GET"]}}],"collection":[{"href":"https:\/\/ubfc-preprod.u-bourgogne.fr\/en\/wp-json\/wp\/v2\/pages"}],"about":[{"href":"https:\/\/ubfc-preprod.u-bourgogne.fr\/en\/wp-json\/wp\/v2\/types\/page"}],"author":[{"embeddable":true,"href":"https:\/\/ubfc-preprod.u-bourgogne.fr\/en\/wp-json\/wp\/v2\/users\/18"}],"replies":[{"embeddable":true,"href":"https:\/\/ubfc-preprod.u-bourgogne.fr\/en\/wp-json\/wp\/v2\/comments?post=43880"}],"version-history":[{"count":3,"href":"https:\/\/ubfc-preprod.u-bourgogne.fr\/en\/wp-json\/wp\/v2\/pages\/43880\/revisions"}],"predecessor-version":[{"id":44025,"href":"https:\/\/ubfc-preprod.u-bourgogne.fr\/en\/wp-json\/wp\/v2\/pages\/43880\/revisions\/44025"}],"up":[{"embeddable":true,"href":"https:\/\/ubfc-preprod.u-bourgogne.fr\/en\/wp-json\/wp\/v2\/pages\/43793"}],"wp:attachment":[{"href":"https:\/\/ubfc-preprod.u-bourgogne.fr\/en\/wp-json\/wp\/v2\/media?parent=43880"}],"curies":[{"name":"wp","href":"https:\/\/api.w.org\/{rel}","templated":true}]}}