{"id":43782,"date":"2020-04-21T10:14:55","date_gmt":"2020-04-21T08:14:55","guid":{"rendered":"https:\/\/www.ubfc.fr\/?page_id=43782"},"modified":"2020-07-01T16:14:14","modified_gmt":"2020-07-01T14:14:14","slug":"responsables-masters-infos-covid19","status":"publish","type":"page","link":"https:\/\/ubfc-preprod.u-bourgogne.fr\/en\/ubfc\/covid-19\/responsables-masters-infos-covid19\/","title":{"rendered":"Responsables Masters &#8211; infos Covid19"},"content":{"rendered":"\t\t<div data-elementor-type=\"wp-page\" data-elementor-id=\"43782\" class=\"elementor elementor-43782\" data-elementor-post-type=\"page\">\n\t\t\t\t\t\t<section class=\"elementor-section elementor-top-section elementor-element elementor-element-d9828e6 elementor-section-boxed elementor-section-height-default elementor-section-height-default\" data-id=\"d9828e6\" data-element_type=\"section\" data-e-type=\"section\">\n\t\t\t\t\t\t<div class=\"elementor-container elementor-column-gap-default\">\n\t\t\t\t\t<div class=\"elementor-column elementor-col-100 elementor-top-column elementor-element elementor-element-216a0ee\" data-id=\"216a0ee\" data-element_type=\"column\" data-e-type=\"column\">\n\t\t\t<div class=\"elementor-widget-wrap elementor-element-populated\">\n\t\t\t\t\t\t<div class=\"elementor-element elementor-element-99af6b5 elementor-widget elementor-widget-text-editor\" data-id=\"99af6b5\" data-element_type=\"widget\" data-e-type=\"widget\" data-widget_type=\"text-editor.default\">\n\t\t\t\t<div class=\"elementor-widget-container\">\n\t\t\t\t\t\t\t\t\t<p>L\u2019accueil des personnels et \u00e9tudiants \u00e9trangers est suspendu jusqu\u2019\u00e0 nouvel ordre.<\/p>\t\t\t\t\t\t\t\t<\/div>\n\t\t\t\t<\/div>\n\t\t\t\t\t<\/div>\n\t\t<\/div>\n\t\t\t\t\t<\/div>\n\t\t<\/section>\n\t\t\t\t<section class=\"elementor-section elementor-top-section elementor-element elementor-element-3e2b6f1 elementor-section-boxed elementor-section-height-default elementor-section-height-default\" data-id=\"3e2b6f1\" data-element_type=\"section\" data-e-type=\"section\">\n\t\t\t\t\t\t<div class=\"elementor-container elementor-column-gap-default\">\n\t\t\t\t\t<div class=\"elementor-column elementor-col-100 elementor-top-column elementor-element elementor-element-70075b8\" data-id=\"70075b8\" data-element_type=\"column\" data-e-type=\"column\">\n\t\t\t<div class=\"elementor-widget-wrap elementor-element-populated\">\n\t\t\t\t\t\t<div class=\"elementor-element elementor-element-c0b390d elementor-widget elementor-widget-toggle\" data-id=\"c0b390d\" data-element_type=\"widget\" data-e-type=\"widget\" data-widget_type=\"toggle.default\">\n\t\t\t\t<div class=\"elementor-widget-container\">\n\t\t\t\t\t\t\t<div class=\"elementor-toggle\">\n\t\t\t\t\t\t\t<div class=\"elementor-toggle-item\">\n\t\t\t\t\t<div id=\"elementor-tab-title-2021\" class=\"elementor-tab-title\" data-tab=\"1\" role=\"button\" aria-controls=\"elementor-tab-content-2021\" aria-expanded=\"false\">\n\t\t\t\t\t\t\t\t\t\t\t\t<span class=\"elementor-toggle-icon elementor-toggle-icon-left\" aria-hidden=\"true\">\n\t\t\t\t\t\t\t\t\t\t\t\t\t\t\t<span class=\"elementor-toggle-icon-closed\"><i class=\"fas fa-caret-right\"><\/i><\/span>\n\t\t\t\t\t\t\t\t<span class=\"elementor-toggle-icon-opened\"><i class=\"elementor-toggle-icon-opened fas fa-caret-up\"><\/i><\/span>\n\t\t\t\t\t\t\t\t\t\t\t\t\t<\/span>\n\t\t\t\t\t\t\t\t\t\t\t\t<a class=\"elementor-toggle-title\" tabindex=\"0\">Stages<\/a>\n\t\t\t\t\t<\/div>\n\n\t\t\t\t\t<div id=\"elementor-tab-content-2021\" class=\"elementor-tab-content elementor-clearfix\" data-tab=\"1\" role=\"region\" aria-labelledby=\"elementor-tab-title-2021\"><p>Les stages sont suspendus SAUF s\u2019ils peuvent \u00eatre r\u00e9alis\u00e9s int\u00e9gralement en t\u00e9l\u00e9travail et avec l\u2019accord \u00e9crit de toutes les parties.<br \/>Pour en savoir plus sur la signature de conventions de stages, veuillez svp envoyer vos documents \u00e0 :<\/p><ul><li><a href=\"mailto:sophie.paci@ubfc.fr\">sophie.paci@ubfc.fr<\/a> pour les stages d\u2019\u00e9tudiants inscrits en Masters UBFC<\/li><li><a href=\"mailto:eiphi@ubfc.fr\">eiphi@ubfc.fr<\/a> pour le conventionnement et le versement des gratifications des stagiaires inscrits dans l\u2019un des Masters de l\u2019EUR EIPHI hors Masters UBFC (masters MEETING, MIR, Computer Science, H3E, CDM)<\/li><\/ul><\/div>\n\t\t\t\t<\/div>\n\t\t\t\t\t\t\t<div class=\"elementor-toggle-item\">\n\t\t\t\t\t<div id=\"elementor-tab-title-2022\" class=\"elementor-tab-title\" data-tab=\"2\" role=\"button\" aria-controls=\"elementor-tab-content-2022\" aria-expanded=\"false\">\n\t\t\t\t\t\t\t\t\t\t\t\t<span class=\"elementor-toggle-icon elementor-toggle-icon-left\" aria-hidden=\"true\">\n\t\t\t\t\t\t\t\t\t\t\t\t\t\t\t<span class=\"elementor-toggle-icon-closed\"><i class=\"fas fa-caret-right\"><\/i><\/span>\n\t\t\t\t\t\t\t\t<span class=\"elementor-toggle-icon-opened\"><i class=\"elementor-toggle-icon-opened fas fa-caret-up\"><\/i><\/span>\n\t\t\t\t\t\t\t\t\t\t\t\t\t<\/span>\n\t\t\t\t\t\t\t\t\t\t\t\t<a class=\"elementor-toggle-title\" tabindex=\"0\">Bourses de mobilit\u00e9<\/a>\n\t\t\t\t\t<\/div>\n\n\t\t\t\t\t<div id=\"elementor-tab-content-2022\" class=\"elementor-tab-content elementor-clearfix\" data-tab=\"2\" role=\"region\" aria-labelledby=\"elementor-tab-title-2022\"><p>Le versement de bourses de mobilit\u00e9 (entrantes et sortantes) financ\u00e9es par ISITE-BFC et EIPHI et entam\u00e9 avant le confinement est maintenu par le service financier d\u2019UBFC.<\/p><\/div>\n\t\t\t\t<\/div>\n\t\t\t\t\t\t\t<div class=\"elementor-toggle-item\">\n\t\t\t\t\t<div id=\"elementor-tab-title-2023\" class=\"elementor-tab-title\" data-tab=\"3\" role=\"button\" aria-controls=\"elementor-tab-content-2023\" aria-expanded=\"false\">\n\t\t\t\t\t\t\t\t\t\t\t\t<span class=\"elementor-toggle-icon elementor-toggle-icon-left\" aria-hidden=\"true\">\n\t\t\t\t\t\t\t\t\t\t\t\t\t\t\t<span class=\"elementor-toggle-icon-closed\"><i class=\"fas fa-caret-right\"><\/i><\/span>\n\t\t\t\t\t\t\t\t<span class=\"elementor-toggle-icon-opened\"><i class=\"elementor-toggle-icon-opened fas fa-caret-up\"><\/i><\/span>\n\t\t\t\t\t\t\t\t\t\t\t\t\t<\/span>\n\t\t\t\t\t\t\t\t\t\t\t\t<a class=\"elementor-toggle-title\" tabindex=\"0\">Relations internationales<\/a>\n\t\t\t\t\t<\/div>\n\n\t\t\t\t\t<div id=\"elementor-tab-content-2023\" class=\"elementor-tab-content elementor-clearfix\" data-tab=\"3\" role=\"region\" aria-labelledby=\"elementor-tab-title-2023\"><p>Le service Relations internationales reste \u00e0 votre \u00e9coute.<\/p><ul><li>Responsable cellule internationale : Yevgenya PASHAYAN-LEROY \/ <a href=\"mailto:yevgenya.pashayan-leroy@ubfc.fr\" target=\"_blank\" rel=\"noopener\">yevgenya.pashayan-leroy@ubfc.fr <\/a>\/ 07 70 29 36 10<\/li><li>Charg\u00e9e de mission mobilit\u00e9 internationale : Nesrine YADANE GRANDEMANGE \/ <a href=\"mailto:nesrine.yadane.grandemange@ubfc.fr\" target=\"_blank\" rel=\"noopener\">nesrine.yadane.grandemange@ubfc.fr <\/a>\/ 07 72 77 52 04<\/li><li>Charg\u00e9e de mission mobilit\u00e9 internationale pour le projet ERASMUS+ : Pauline MARCEAU \/ <span role=\"link\"><a href=\"mailto:pauline.marceau@ubfc.fr\" target=\"_blank\" rel=\"nofollow noopener noreferrer\">pauline.marceau@ubfc.fr \/<\/a><\/span><span role=\"link\"> 07 86 56 23 53<\/span><\/li><li>Charg\u00e9 du suivi administratif : Corentin GAUTHERON \/ <a href=\"mailto:corentin.gautheron@ubfc.fr\">corentin.gautheron@ubfc.fr<\/a><\/li><\/ul><\/div>\n\t\t\t\t<\/div>\n\t\t\t\t\t\t\t\t<\/div>\n\t\t\t\t\t\t<\/div>\n\t\t\t\t<\/div>\n\t\t\t\t\t<\/div>\n\t\t<\/div>\n\t\t\t\t\t<\/div>\n\t\t<\/section>\n\t\t\t\t<\/div>\n\t\t","protected":false},"excerpt":{"rendered":"<p>L\u2019accueil des personnels et \u00e9tudiants \u00e9trangers est suspendu jusqu\u2019\u00e0 nouvel ordre. Stages Les stages sont suspendus SAUF s\u2019ils peuvent \u00eatre r\u00e9alis\u00e9s int\u00e9gralement en t\u00e9l\u00e9travail et avec l\u2019accord \u00e9crit de toutes les parties.Pour en savoir plus sur la signature de conventions de stages, veuillez svp envoyer vos documents \u00e0 : sophie.paci@ubfc.fr pour les stages d\u2019\u00e9tudiants inscrits &hellip; <a href=\"https:\/\/ubfc-preprod.u-bourgogne.fr\/en\/ubfc\/covid-19\/responsables-masters-infos-covid19\/\">Continued<\/a><\/p>\n","protected":false},"author":18,"featured_media":0,"parent":43793,"menu_order":176,"comment_status":"closed","ping_status":"closed","template":"","meta":{"footnotes":""},"class_list":["post-43782","page","type-page","status-publish","hentry"],"acf":[],"_links":{"self":[{"href":"https:\/\/ubfc-preprod.u-bourgogne.fr\/en\/wp-json\/wp\/v2\/pages\/43782","targetHints":{"allow":["GET"]}}],"collection":[{"href":"https:\/\/ubfc-preprod.u-bourgogne.fr\/en\/wp-json\/wp\/v2\/pages"}],"about":[{"href":"https:\/\/ubfc-preprod.u-bourgogne.fr\/en\/wp-json\/wp\/v2\/types\/page"}],"author":[{"embeddable":true,"href":"https:\/\/ubfc-preprod.u-bourgogne.fr\/en\/wp-json\/wp\/v2\/users\/18"}],"replies":[{"embeddable":true,"href":"https:\/\/ubfc-preprod.u-bourgogne.fr\/en\/wp-json\/wp\/v2\/comments?post=43782"}],"version-history":[{"count":4,"href":"https:\/\/ubfc-preprod.u-bourgogne.fr\/en\/wp-json\/wp\/v2\/pages\/43782\/revisions"}],"predecessor-version":[{"id":44821,"href":"https:\/\/ubfc-preprod.u-bourgogne.fr\/en\/wp-json\/wp\/v2\/pages\/43782\/revisions\/44821"}],"up":[{"embeddable":true,"href":"https:\/\/ubfc-preprod.u-bourgogne.fr\/en\/wp-json\/wp\/v2\/pages\/43793"}],"wp:attachment":[{"href":"https:\/\/ubfc-preprod.u-bourgogne.fr\/en\/wp-json\/wp\/v2\/media?parent=43782"}],"curies":[{"name":"wp","href":"https:\/\/api.w.org\/{rel}","templated":true}]}}