{"id":43773,"date":"2020-04-21T09:52:28","date_gmt":"2020-04-21T07:52:28","guid":{"rendered":"https:\/\/www.ubfc.fr\/?page_id=43773"},"modified":"2020-05-18T16:14:09","modified_gmt":"2020-05-18T14:14:09","slug":"gestionnaires-dun-contrat-de-recherche-infos-covid19","status":"publish","type":"page","link":"https:\/\/ubfc-preprod.u-bourgogne.fr\/en\/ubfc\/covid-19\/gestionnaires-dun-contrat-de-recherche-infos-covid19\/","title":{"rendered":"Gestionnaires d&#8217;un contrat de recherche &#8211; infos Covid19"},"content":{"rendered":"\t\t<div data-elementor-type=\"wp-page\" data-elementor-id=\"43773\" class=\"elementor elementor-43773\" data-elementor-post-type=\"page\">\n\t\t\t\t\t\t<section class=\"elementor-section elementor-top-section elementor-element elementor-element-b02afd3 elementor-section-boxed elementor-section-height-default elementor-section-height-default\" data-id=\"b02afd3\" data-element_type=\"section\" data-e-type=\"section\">\n\t\t\t\t\t\t<div class=\"elementor-container elementor-column-gap-default\">\n\t\t\t\t\t<div class=\"elementor-column elementor-col-100 elementor-top-column elementor-element elementor-element-ecb7b54\" data-id=\"ecb7b54\" data-element_type=\"column\" data-e-type=\"column\">\n\t\t\t<div class=\"elementor-widget-wrap elementor-element-populated\">\n\t\t\t\t\t\t<div class=\"elementor-element elementor-element-5d5c942 elementor-widget elementor-widget-text-editor\" data-id=\"5d5c942\" data-element_type=\"widget\" data-e-type=\"widget\" data-widget_type=\"text-editor.default\">\n\t\t\t\t<div class=\"elementor-widget-container\">\n\t\t\t\t\t\t\t\t\t<p>Si vous n\u2019avez pas acc\u00e8s \u00e0 Cocktail pour des raisons techniques et en cas de <u>commande urgente<\/u> n\u00e9cessaire \u00e0 l\u2019activit\u00e9 imm\u00e9diate du laboratoire dont l\u2019activit\u00e9 a \u00e9t\u00e9 maintenue, vous pouvez envoyer vos demandes d\u2019engagements juridiques en mentionnant la nature de la d\u00e9pense (fonctionnement ou investissement), le code projet, le code nacre et l\u2019imputation comptable (exemple : type UBFC\/907\/UB18010.MUB.IS (BIOCAIR \u2013 DENAT)\/UB18010.GE.CGFL) \u00e0 l\u2019adresse <a href=\"mailto:finances@ubfc.fr\" target=\"_blank\" rel=\"noopener\">finances@ubfc.fr<\/a>.<\/p><p>Pour les \u00e9quipes financi\u00e8res qui continuent d\u2019exercer physiquement dans leur unit\u00e9 de recherche habituelle ou les gestionnaires qui ont acc\u00e8s \u00e0 l\u2019outil de Cocktail, les proc\u00e9dures de commandes restent inchang\u00e9es.<\/p>\t\t\t\t\t\t\t\t<\/div>\n\t\t\t\t<\/div>\n\t\t\t\t\t<\/div>\n\t\t<\/div>\n\t\t\t\t\t<\/div>\n\t\t<\/section>\n\t\t\t\t<section class=\"elementor-section elementor-top-section elementor-element elementor-element-dcd8d99 elementor-section-boxed elementor-section-height-default elementor-section-height-default\" data-id=\"dcd8d99\" data-element_type=\"section\" data-e-type=\"section\">\n\t\t\t\t\t\t<div class=\"elementor-container elementor-column-gap-default\">\n\t\t\t\t\t<div class=\"elementor-column elementor-col-100 elementor-top-column elementor-element elementor-element-7a5bea1\" data-id=\"7a5bea1\" data-element_type=\"column\" data-e-type=\"column\">\n\t\t\t<div class=\"elementor-widget-wrap elementor-element-populated\">\n\t\t\t\t\t\t<div class=\"elementor-element elementor-element-71f3de5 elementor-widget elementor-widget-toggle\" data-id=\"71f3de5\" data-element_type=\"widget\" data-e-type=\"widget\" data-widget_type=\"toggle.default\">\n\t\t\t\t<div class=\"elementor-widget-container\">\n\t\t\t\t\t\t\t<div class=\"elementor-toggle\">\n\t\t\t\t\t\t\t<div class=\"elementor-toggle-item\">\n\t\t\t\t\t<div id=\"elementor-tab-title-1191\" class=\"elementor-tab-title\" data-tab=\"1\" role=\"button\" aria-controls=\"elementor-tab-content-1191\" aria-expanded=\"false\">\n\t\t\t\t\t\t\t\t\t\t\t\t<span class=\"elementor-toggle-icon elementor-toggle-icon-left\" aria-hidden=\"true\">\n\t\t\t\t\t\t\t\t\t\t\t\t\t\t\t<span class=\"elementor-toggle-icon-closed\"><i class=\"fas fa-caret-right\"><\/i><\/span>\n\t\t\t\t\t\t\t\t<span class=\"elementor-toggle-icon-opened\"><i class=\"elementor-toggle-icon-opened fas fa-caret-up\"><\/i><\/span>\n\t\t\t\t\t\t\t\t\t\t\t\t\t<\/span>\n\t\t\t\t\t\t\t\t\t\t\t\t<a class=\"elementor-toggle-title\" tabindex=\"0\">Ouverture de cr\u00e9dits<\/a>\n\t\t\t\t\t<\/div>\n\n\t\t\t\t\t<div id=\"elementor-tab-content-1191\" class=\"elementor-tab-content elementor-clearfix\" data-tab=\"1\" role=\"region\" aria-labelledby=\"elementor-tab-title-1191\"><p>Les ouvertures de cr\u00e9dits pour les projets de recherche sont toujours assur\u00e9es par nos charg\u00e9s de gestion financi\u00e8re : Victor Amand (ANR, H2020, R\u00e9gion, FEDER) et Elodie Miguel (ISITE-BFC)<\/p><\/div>\n\t\t\t\t<\/div>\n\t\t\t\t\t\t\t<div class=\"elementor-toggle-item\">\n\t\t\t\t\t<div id=\"elementor-tab-title-1192\" class=\"elementor-tab-title\" data-tab=\"2\" role=\"button\" aria-controls=\"elementor-tab-content-1192\" aria-expanded=\"false\">\n\t\t\t\t\t\t\t\t\t\t\t\t<span class=\"elementor-toggle-icon elementor-toggle-icon-left\" aria-hidden=\"true\">\n\t\t\t\t\t\t\t\t\t\t\t\t\t\t\t<span class=\"elementor-toggle-icon-closed\"><i class=\"fas fa-caret-right\"><\/i><\/span>\n\t\t\t\t\t\t\t\t<span class=\"elementor-toggle-icon-opened\"><i class=\"elementor-toggle-icon-opened fas fa-caret-up\"><\/i><\/span>\n\t\t\t\t\t\t\t\t\t\t\t\t\t<\/span>\n\t\t\t\t\t\t\t\t\t\t\t\t<a class=\"elementor-toggle-title\" tabindex=\"0\">Gestion des commandes<\/a>\n\t\t\t\t\t<\/div>\n\n\t\t\t\t\t<div id=\"elementor-tab-content-1192\" class=\"elementor-tab-content elementor-clearfix\" data-tab=\"2\" role=\"region\" aria-labelledby=\"elementor-tab-title-1192\"><p>Application des proc\u00e9dures habituelles :<\/p><ul><li>Envoyer syst\u00e9matiquement les devis sign\u00e9s par le porteur du projet au moment de la cr\u00e9ation de votre engagement juridique.<\/li><li>Envoyer toutes vos demandes \u00e0 l\u2019adresse g\u00e9n\u00e9rique du service financier d\u2019UBFC : <a href=\"mailto:finances@ubfc.fr\">finances@ubfc.fr<\/a> en rappelant imp\u00e9rativement dans l\u2019objet du mail : le code convention du projet et\/ou ligne budg\u00e9taire assimil\u00e9e (exemple : UBFC\/907\/UB18010.MUB.IS (BIOCAIR \u2013 NOM)\/UB18010.GE.CGFL) afin d\u2019am\u00e9liorer le traitement et le suivi de la demande.<\/li><\/ul><p>Afin d\u2019anticiper et d\u2019\u00eatre pr\u00eat \u00e0 la reprise d\u2019activit\u00e9, vous \u00eates pri\u00e9.e.s de bien vouloir nous transmettre d\u00e8s \u00e0 pr\u00e9sent, et dans la mesure du possible, vos <b>bons de commande et vos ordres de mission<\/b> pour la saisie, la validation Cocktail, et\/ou la mise en signature.<\/p><p>Vous pouvez aussi transmettre vos <b>demandes de remboursement de frais de mission<\/b> en envoyant \u00e0 <a href=\"mailto:finances@ubfc.fr\">finances@ubfc.fr<\/a> les pi\u00e8ces justificatives au format num\u00e9rique. Il conviendra toutefois de nous adresser par la suite les pi\u00e8ces originales en format papier.<\/p><ul><li>\u00c0 r\u00e9ception du bon de commande sign\u00e9, vous pourrez alors le transmettre au fournisseur d\u00e8s lors que la p\u00e9riode de confinement sera termin\u00e9e et convenir avec lui d\u2019une date de livraison.<\/li><li>Penser \u00e0 transmettre r\u00e9guli\u00e8rement \u00e0 <a href=\"mailto:finances@ubfc.fr\">finances@ubfc.fr<\/a>, les bons de livraison, d\u00e8s que vous constatez le service fait, ou le cas \u00e9ch\u00e9ant, un mail d\u2019information attestant de la livraison conforme<\/li><\/ul><p>Dans le cas des d\u00e9penses d\u2019investissement, veuillez transmettre \u00e9galement le <b>PV de r\u00e9ception du mat\u00e9riel <\/b>(<a href=\"https:\/\/www.ubfc.fr\/wp-content\/uploads\/2020\/04\/PV_reception_materiel.doc\" target=\"_blank\" rel=\"noopener\">canevas \u00e0 t\u00e9l\u00e9charger ici<\/a>).<\/p><p>Les modalit\u00e9s de prise en charge des demandes de paiement par l\u2019agence comptable d\u2019UBFC \u00e9voluent en fonction des instructions re\u00e7ues par la DGFIP.<\/p><p>Les d\u00e9penses (bourses, gratifications de bourses, factures et missions) continuent d\u2019\u00eatre trait\u00e9es par l\u2019agence comptable, avec cependant un rythme de transmission des fichiers de paiement limit\u00e9 \u00e0 1 envoi hebdomadaire.<\/p><\/div>\n\t\t\t\t<\/div>\n\t\t\t\t\t\t\t<div class=\"elementor-toggle-item\">\n\t\t\t\t\t<div id=\"elementor-tab-title-1193\" class=\"elementor-tab-title\" data-tab=\"3\" role=\"button\" aria-controls=\"elementor-tab-content-1193\" aria-expanded=\"false\">\n\t\t\t\t\t\t\t\t\t\t\t\t<span class=\"elementor-toggle-icon elementor-toggle-icon-left\" aria-hidden=\"true\">\n\t\t\t\t\t\t\t\t\t\t\t\t\t\t\t<span class=\"elementor-toggle-icon-closed\"><i class=\"fas fa-caret-right\"><\/i><\/span>\n\t\t\t\t\t\t\t\t<span class=\"elementor-toggle-icon-opened\"><i class=\"elementor-toggle-icon-opened fas fa-caret-up\"><\/i><\/span>\n\t\t\t\t\t\t\t\t\t\t\t\t\t<\/span>\n\t\t\t\t\t\t\t\t\t\t\t\t<a class=\"elementor-toggle-title\" tabindex=\"0\">Livraison<\/a>\n\t\t\t\t\t<\/div>\n\n\t\t\t\t\t<div id=\"elementor-tab-content-1193\" class=\"elementor-tab-content elementor-clearfix\" data-tab=\"3\" role=\"region\" aria-labelledby=\"elementor-tab-title-1193\"><p>Pour les commandes qui peuvent \u00eatre achemin\u00e9es en p\u00e9riode de confinement, les livraisons doivent \u00eatre assur\u00e9es dans vos \u00e9tablissements et non \u00e0 votre domicile. Vous devez aussi vous assurer que la marchandise pourra \u00eatre r\u00e9ceptionn\u00e9e par une personne habilit\u00e9e \u00e0 le faire et conserver le bon de livraison pour transmission \u00e0 UBFC. La commande de denr\u00e9es p\u00e9rissables est proscrite pour garantir leurs conditions de conservation et leur qualit\u00e9.<\/p><\/div>\n\t\t\t\t<\/div>\n\t\t\t\t\t\t\t<div class=\"elementor-toggle-item\">\n\t\t\t\t\t<div id=\"elementor-tab-title-1194\" class=\"elementor-tab-title\" data-tab=\"4\" role=\"button\" aria-controls=\"elementor-tab-content-1194\" aria-expanded=\"false\">\n\t\t\t\t\t\t\t\t\t\t\t\t<span class=\"elementor-toggle-icon elementor-toggle-icon-left\" aria-hidden=\"true\">\n\t\t\t\t\t\t\t\t\t\t\t\t\t\t\t<span class=\"elementor-toggle-icon-closed\"><i class=\"fas fa-caret-right\"><\/i><\/span>\n\t\t\t\t\t\t\t\t<span class=\"elementor-toggle-icon-opened\"><i class=\"elementor-toggle-icon-opened fas fa-caret-up\"><\/i><\/span>\n\t\t\t\t\t\t\t\t\t\t\t\t\t<\/span>\n\t\t\t\t\t\t\t\t\t\t\t\t<a class=\"elementor-toggle-title\" tabindex=\"0\">Eligibilit\u00e9 des d\u00e9penses ISITE-BFC<\/a>\n\t\t\t\t\t<\/div>\n\n\t\t\t\t\t<div id=\"elementor-tab-content-1194\" class=\"elementor-tab-content elementor-clearfix\" data-tab=\"4\" role=\"region\" aria-labelledby=\"elementor-tab-title-1194\"><p>Toutes les d\u00e9penses de fonctionnement et d\u2019investissement des projets (service fait certifi\u00e9) doivent \u00eatre ex\u00e9cut\u00e9es :<\/p><ul><li>avant le <strong>31\/12\/2020<\/strong> pour les projets laur\u00e9ats AAP1 et 2<\/li><li>avant le <strong>31\/12\/2022<\/strong> pour les projets laur\u00e9ats de l\u2019AAP3<\/li><\/ul><\/div>\n\t\t\t\t<\/div>\n\t\t\t\t\t\t\t<div class=\"elementor-toggle-item\">\n\t\t\t\t\t<div id=\"elementor-tab-title-1195\" class=\"elementor-tab-title\" data-tab=\"5\" role=\"button\" aria-controls=\"elementor-tab-content-1195\" aria-expanded=\"false\">\n\t\t\t\t\t\t\t\t\t\t\t\t<span class=\"elementor-toggle-icon elementor-toggle-icon-left\" aria-hidden=\"true\">\n\t\t\t\t\t\t\t\t\t\t\t\t\t\t\t<span class=\"elementor-toggle-icon-closed\"><i class=\"fas fa-caret-right\"><\/i><\/span>\n\t\t\t\t\t\t\t\t<span class=\"elementor-toggle-icon-opened\"><i class=\"elementor-toggle-icon-opened fas fa-caret-up\"><\/i><\/span>\n\t\t\t\t\t\t\t\t\t\t\t\t\t<\/span>\n\t\t\t\t\t\t\t\t\t\t\t\t<a class=\"elementor-toggle-title\" tabindex=\"0\">Recrutements sur projets ANR, H2020, FEDER, ISITE-BFC<\/a>\n\t\t\t\t\t<\/div>\n\n\t\t\t\t\t<div id=\"elementor-tab-content-1195\" class=\"elementor-tab-content elementor-clearfix\" data-tab=\"5\" role=\"region\" aria-labelledby=\"elementor-tab-title-1195\"><p>Le recrutement de contractuels de recherche (doctorants, postdoctorants, ing\u00e9nieurs, techniciens) pr\u00e9vu sur financements ANR, FEDER, H2020, ISITE-BFC reprendra d\u00e8s le 1er mai 2020 pour les missions r\u00e9alisables en mode t\u00e9l\u00e9travail.<\/p><p>Les proc\u00e9dures de recrutement restent inchang\u00e9es :<a href=\"https:\/\/www.ubfc.fr\/procedures-de-recrutement\/\" target=\"_blank\" rel=\"noopener\">www.ubfc.fr\/procedures-de-recrutement<\/a><br \/><strong>Contacts<\/strong> : <a href=\"recrutement-projet@ubfc.fr\">recrutement-projet@ubfc.fr<\/a> (ANR-H2020-FEDER) et <a href=\"isite@ubfc.fr\">isite@ubfc.fr<\/a> (recrutements ISITE)<\/p><p><b>ATTENTION : Recrutements ISITE<\/b><br \/>Si vous devez embaucher des post-doc, ing\u00e9nieurs de recherche, assistants ing\u00e9nieur ou techniciens il est possible de le faire dans les conditions suivantes :<br \/><b>\u00a0<\/b><\/p><table class=\"aligncenter\" border=\"1\" cellspacing=\"0\" cellpadding=\"0\"><tbody><tr><td valign=\"top\" width=\"107\"><p>Appel \u00e0 projets ISITE-BFC<\/p><\/td><td valign=\"top\" width=\"107\"><p>Poste<\/p><\/td><td valign=\"top\" width=\"171\"><p>Date de fin de contrat maximale<\/p><\/td><td valign=\"top\" width=\"171\"><p>Date maximale de signature des contrats et avenant(s)<\/p><\/td><\/tr><tr><td style=\"text-align: center\" rowspan=\"2\" valign=\"top\" width=\"107\"><p>AAP1 et 2<\/p><\/td><td style=\"text-align: center\" valign=\"top\" width=\"107\"><p>PostDoc<\/p><\/td><td style=\"text-align: center\" valign=\"top\" width=\"171\"><p>30 juin 2022<\/p><\/td><td style=\"text-align: center\" valign=\"top\" width=\"171\"><p>30 juin 2021<\/p><\/td><\/tr><tr><td style=\"text-align: center\" valign=\"top\" width=\"107\"><p>Autre<\/p><\/td><td style=\"text-align: center\" valign=\"top\" width=\"171\"><p>31 d\u00e9cembre 2021<\/p><\/td><td style=\"text-align: center\" valign=\"top\" width=\"171\"><p>31 d\u00e9cembre 2020<\/p><\/td><\/tr><tr><td style=\"text-align: center\" rowspan=\"3\" valign=\"top\" width=\"107\"><p>AAP3<\/p><\/td><td style=\"text-align: center\" valign=\"top\" width=\"107\"><p>Doctorant<\/p><\/td><td style=\"text-align: center\" valign=\"top\" width=\"171\"><p>30 juin 2024<\/p><\/td><td style=\"text-align: center\" valign=\"top\" width=\"171\"><p>30 juin 2021<\/p><\/td><\/tr><tr><td style=\"text-align: center\" valign=\"top\" width=\"107\"><p>PostDoc<\/p><\/td><td style=\"text-align: center\" valign=\"top\" width=\"171\"><p>30 juin 2022<\/p><\/td><td style=\"text-align: center\" valign=\"top\" width=\"171\"><p>30 juin 2021<\/p><\/td><\/tr><tr><td style=\"text-align: center\" valign=\"top\" width=\"107\"><p>Autre<\/p><\/td><td style=\"text-align: center\" valign=\"top\" width=\"171\"><p>31 d\u00e9cembre 2021<\/p><\/td><td style=\"text-align: center\" valign=\"top\" width=\"171\"><p>31 d\u00e9cembre 2020<\/p><\/td><\/tr><\/tbody><\/table><\/div>\n\t\t\t\t<\/div>\n\t\t\t\t\t\t\t<div class=\"elementor-toggle-item\">\n\t\t\t\t\t<div id=\"elementor-tab-title-1196\" class=\"elementor-tab-title\" data-tab=\"6\" role=\"button\" aria-controls=\"elementor-tab-content-1196\" aria-expanded=\"false\">\n\t\t\t\t\t\t\t\t\t\t\t\t<span class=\"elementor-toggle-icon elementor-toggle-icon-left\" aria-hidden=\"true\">\n\t\t\t\t\t\t\t\t\t\t\t\t\t\t\t<span class=\"elementor-toggle-icon-closed\"><i class=\"fas fa-caret-right\"><\/i><\/span>\n\t\t\t\t\t\t\t\t<span class=\"elementor-toggle-icon-opened\"><i class=\"elementor-toggle-icon-opened fas fa-caret-up\"><\/i><\/span>\n\t\t\t\t\t\t\t\t\t\t\t\t\t<\/span>\n\t\t\t\t\t\t\t\t\t\t\t\t<a class=\"elementor-toggle-title\" tabindex=\"0\">Conventions de stages<\/a>\n\t\t\t\t\t<\/div>\n\n\t\t\t\t\t<div id=\"elementor-tab-content-1196\" class=\"elementor-tab-content elementor-clearfix\" data-tab=\"6\" role=\"region\" aria-labelledby=\"elementor-tab-title-1196\"><p>Au titre de l\u2019ann\u00e9e universitaire 2019-2020, la signature de nouvelles conventions de stages impliquant UBFC est \u00e9tudi\u00e9e au cas par cas.<br \/>Tous les stages sont suspendus, sauf :<\/p><ul><li>les stages effectu\u00e9s int\u00e9gralement en t\u00e9l\u00e9travail (qu\u2019ils soient d\u00e9j\u00e0 en cours ou \u00e0 venir)<\/li><li>les stages \u00e0 l\u2019\u00e9tranger d\u00e9j\u00e0 commenc\u00e9s, puisque ces stages n\u2019impliquent pas de nouvelle mobilit\u00e9 ; cela, sous r\u00e9serve bien entendu de la politique de lutte contre l\u2019\u00e9pid\u00e9mie mise au point par les autorit\u00e9s locales et de l\u2019attitude de l\u2019organisme d\u2019accueil.<\/li><\/ul><p>C\u2019est naturellement au directeur de laboratoire et\/ou au responsable du stage de d\u00e9terminer avec l\u2019\u00e9tudiant la faisabilit\u00e9 de la mise en \u0153uvre du stage en lien avec les \u00e9quipes de direction des composantes dont le stagiaire est originaire.<\/p><p>Cet am\u00e9nagement doit faire l\u2019objet d\u2019un avenant ou annexe indiquant :<\/p><ul><li>les modalit\u00e9s de contr\u00f4le, d\u2019organisation de r\u00e9union et autres points de contacts n\u00e9cessairement r\u00e9guliers (sinon tous les jours au moins plusieurs fois par semaine) ;<\/li><li>les supports des \u00e9changes (visio, t\u00e9l\u00e9phone, mail\u2026) ;<\/li><li>plus g\u00e9n\u00e9ralement la nouvelle organisation du stage (temps de pr\u00e9sence, horaires, am\u00e9nagement des horaires\u2026) ;<\/li><li>les moyens mis \u00e0 disposition du stagiaire ;<\/li><li>les livrables demand\u00e9s au stagiaire ;<\/li><li>et, plus g\u00e9n\u00e9ralement, tout \u00e9l\u00e9ment utile pour permettre l\u2019organisation du stage dans ces conditions.<\/li><\/ul><p>L\u2019avenant (pdf ou email) doit \u00eatre transmis \u00e0 :<\/p><ul><li><a href=\"mailto:recrutement-projet@ubfc.fr\">recrutement-projet@ubfc.fr<\/a> pour les stages financ\u00e9s sur contrats ANR ou H2020<\/li><li><a href=\"mailto:isite@bfc.fr\">isite@bfc.fr<\/a> pour les stages financ\u00e9s dans le cadre des projets ISITE-BFC<\/li><li><a href=\"mailto:eiphi@ubfc.fr\" target=\"_blank\" rel=\"noopener\">eiphi@ubfc.fr<\/a> pour les stages d\u2019\u00e9tudiants EIPHI (hors Masters UBFC)<\/li><li><a href=\"mailto:sophie.paci@ubfc.fr\" target=\"_blank\" rel=\"noopener\">sophie.paci@ubfc.fr<\/a> pour les stages d\u2019\u00e9tudiants inscrits en Masters UBFC<\/li><\/ul><p>A la fin de la p\u00e9riode de confinement, l\u2019avenant devra \u00eatre transmis \u00e0 la m\u00eame adresse pour r\u00e9gularisation.<\/p><\/div>\n\t\t\t\t<\/div>\n\t\t\t\t\t\t\t<div class=\"elementor-toggle-item\">\n\t\t\t\t\t<div id=\"elementor-tab-title-1197\" class=\"elementor-tab-title\" data-tab=\"7\" role=\"button\" aria-controls=\"elementor-tab-content-1197\" aria-expanded=\"false\">\n\t\t\t\t\t\t\t\t\t\t\t\t<span class=\"elementor-toggle-icon elementor-toggle-icon-left\" aria-hidden=\"true\">\n\t\t\t\t\t\t\t\t\t\t\t\t\t\t\t<span class=\"elementor-toggle-icon-closed\"><i class=\"fas fa-caret-right\"><\/i><\/span>\n\t\t\t\t\t\t\t\t<span class=\"elementor-toggle-icon-opened\"><i class=\"elementor-toggle-icon-opened fas fa-caret-up\"><\/i><\/span>\n\t\t\t\t\t\t\t\t\t\t\t\t\t<\/span>\n\t\t\t\t\t\t\t\t\t\t\t\t<a class=\"elementor-toggle-title\" tabindex=\"0\">Versement des gratifications de stages r\u00e9alis\u00e9s en t\u00e9l\u00e9travail<\/a>\n\t\t\t\t\t<\/div>\n\n\t\t\t\t\t<div id=\"elementor-tab-content-1197\" class=\"elementor-tab-content elementor-clearfix\" data-tab=\"7\" role=\"region\" aria-labelledby=\"elementor-tab-title-1197\"><p>Afin que les stagiaires puissent recevoir leur gratification, il est demand\u00e9 de fournir \u00e0 <a href=\"mailto:finances@ubfc.fr\" target=\"_blank\" rel=\"noopener\">finances@ubfc.fr <\/a> :<\/p><ul><li>l\u2019attestation mensuelle de pr\u00e9sence \u00e0 la fin de chaque mois \u00e0 terme \u00e9chu.<\/li><li>si ce n\u2019est d\u00e9j\u00e0 fait, l\u2019avenant \u00e0 la convention de stage ou la copie de l\u2019email qui formalise l\u2019accord de r\u00e9alisation du stage \u00e0 distance entre les \u00e9tablissements concern\u00e9s et le stagiaire (documents qui sont demand\u00e9s par l\u2019agence comptable d\u2019UBFC).<\/li><\/ul><div><b>Suivi administratif et juridique des contrats de recherche<\/b><br \/>Les services Recherche et Affaires juridiques d\u2019UBFC restent pleinement mobilis\u00e9s pour assurer une continuit\u00e9 administrative sur les contrats de recherche en lien avec votre \u00e9tablissement de rattachement (services recherche\/valorisation\/finances).<br \/>Ils restent accessibles par email via les alias habituels : <a href=\"recherche@ubfc.fr\">recherche@ubfc.fr<\/a> et <a href=\"mailto:juridique@ubfc.fr\">juridique@ubfc.fr<\/a><\/div><\/div>\n\t\t\t\t<\/div>\n\t\t\t\t\t\t\t<div class=\"elementor-toggle-item\">\n\t\t\t\t\t<div id=\"elementor-tab-title-1198\" class=\"elementor-tab-title\" data-tab=\"8\" role=\"button\" aria-controls=\"elementor-tab-content-1198\" aria-expanded=\"false\">\n\t\t\t\t\t\t\t\t\t\t\t\t<span class=\"elementor-toggle-icon elementor-toggle-icon-left\" aria-hidden=\"true\">\n\t\t\t\t\t\t\t\t\t\t\t\t\t\t\t<span class=\"elementor-toggle-icon-closed\"><i class=\"fas fa-caret-right\"><\/i><\/span>\n\t\t\t\t\t\t\t\t<span class=\"elementor-toggle-icon-opened\"><i class=\"elementor-toggle-icon-opened fas fa-caret-up\"><\/i><\/span>\n\t\t\t\t\t\t\t\t\t\t\t\t\t<\/span>\n\t\t\t\t\t\t\t\t\t\t\t\t<a class=\"elementor-toggle-title\" tabindex=\"0\">Prolongation des contrats impact\u00e9s par la crise sanitaire <\/a>\n\t\t\t\t\t<\/div>\n\n\t\t\t\t\t<div id=\"elementor-tab-content-1198\" class=\"elementor-tab-content elementor-clearfix\" data-tab=\"8\" role=\"region\" aria-labelledby=\"elementor-tab-title-1198\"><p>Le MESRI annonce en date du 23 avril 2020 les mesures suivantes, pr\u00e9cis\u00e9es par l\u2019ANR le 12 mai 2020\u00a0 :<\/p><ul><li>Prolongation des th\u00e8ses, contrats doctoraux et post-doctoraux, lorsque jug\u00e9 n\u00e9cessaire,<strong> jusqu\u2019\u00e0\u00a01\u00a0an<\/strong>. Toute prolongation pourra \u00eatre sollicit\u00e9 aupr\u00e8s de l\u2019\u00e9tablissement d&#8217;inscription ou de l\u2019employeur.<\/li><li>Accompagnement financier des prolongations de contrats doctoraux, en particulier pour l&#8217;ensemble des contrats financ\u00e9s par l&#8217;Etat (y compris CIFRE et financements ANR).<\/li><li>Prolongation, plus g\u00e9n\u00e9ralement et si n\u00e9cessaire, des chercheurs, ing\u00e9nieurs et techniciens sous contrat \u00e0 dur\u00e9e d\u00e9termin\u00e9e, engag\u00e9s dans des projets de recherche, avec un accompagnement financier par l&#8217;Etat.<\/li><li>Prolongation <strong>syst\u00e9matique<\/strong> <strong>d\u2019une dur\u00e9e de 6 mois<\/strong> de tous les projets en cours de financement par l\u2019<strong>ANR<\/strong> (date de fin scientifique post\u00e9rieure au 17 mars 2020) sauf exceptions*. Mesure <strong>impl\u00e9ment\u00e9e automatiquement<\/strong> dans les outils m\u00e9tiers de l\u2019agence, ne demandant aucune d\u00e9marche de la part des laboratoires ou de leurs services gestionnaires aupr\u00e8s de l\u2019agence. Demande de prolongation suppl\u00e9mentaire possible,<strong> si n\u00e9cessaire,<\/strong> <strong>jusqu\u2019\u00e0 12 mois<\/strong> via la <a href=\"https:\/\/aap.agencerecherche.fr\">plateforme ANR des projets<\/a> (accessible avec les identifiants porteur ou gestionnaire).<\/li><li><strong>Financement compensatoire<\/strong> permettant la prolongation de contrats de th\u00e8se, de post-doctorat, ainsi que de CDD d\u2019ing\u00e9nieurs et de techniciens financ\u00e9s sur <strong>projet ANR<\/strong>. Report des cr\u00e9dits de l\u2019ann\u00e9e 2020 qui n\u2019auront pu \u00eatre engag\u00e9s en raison de la crise.<\/li><\/ul><p>UBFC reviendra vers vous d\u00e8s que des consignes pr\u00e9cises seront transmises par le MESRI et l\u2019ANR quant \u00e0 la mise en \u0153uvre de ces mesures.<\/p><p>* Exceptions : les projets conventionn\u00e9s dans le cadre du dispositif Carnot, ceux financ\u00e9s dans le cadre des appels Flash Covid-19 et RA-Covid, les projets financ\u00e9s dans le cadre d\u2019un appel cofinanc\u00e9 par la Commission europ\u00e9enne (Eranet Cofund) ainsi que les projets financ\u00e9s dans le cadre des programmes d\u2019investissements d\u2019avenir.<\/p><p>Vous pouvez par ailleurs consulter le communiqu\u00e9 de presse du MESRI et l\u2019annonce de l\u2019ANR en suivant ces liens :<\/p><p><a href=\"https:\/\/anr.fr\/fileadmin\/documents\/2020\/CP-MESRI-prolongation-contrats-covid-23042020.pdf\">https:\/\/anr.fr\/fileadmin\/documents\/2020\/CP-MESRI-prolongation-contrats-covid-23042020.pdf<\/a><\/p><p><a href=\"https:\/\/anr.fr\/fr\/actualites-de-lanr\/details\/news\/covid-19-prolongation-systematique-des-projets-anr-impactes-par-la-crise-sanitaire\/\">https:\/\/anr.fr\/fr\/actualites-de-lanr\/details\/news\/covid-19-prolongation-systematique-des-projets-anr-impactes-par-la-crise-sanitaire\/<\/a><\/p><\/div>\n\t\t\t\t<\/div>\n\t\t\t\t\t\t\t\t<\/div>\n\t\t\t\t\t\t<\/div>\n\t\t\t\t<\/div>\n\t\t\t\t\t<\/div>\n\t\t<\/div>\n\t\t\t\t\t<\/div>\n\t\t<\/section>\n\t\t\t\t<\/div>\n\t\t","protected":false},"excerpt":{"rendered":"<p>Si vous n\u2019avez pas acc\u00e8s \u00e0 Cocktail pour des raisons techniques et en cas de commande urgente n\u00e9cessaire \u00e0 l\u2019activit\u00e9 imm\u00e9diate du laboratoire dont l\u2019activit\u00e9 a \u00e9t\u00e9 maintenue, vous pouvez envoyer vos demandes d\u2019engagements juridiques en mentionnant la nature de la d\u00e9pense (fonctionnement ou investissement), le code projet, le code nacre et l\u2019imputation comptable (exemple &hellip; <a href=\"https:\/\/ubfc-preprod.u-bourgogne.fr\/en\/ubfc\/covid-19\/gestionnaires-dun-contrat-de-recherche-infos-covid19\/\">Continued<\/a><\/p>\n","protected":false},"author":18,"featured_media":0,"parent":43793,"menu_order":178,"comment_status":"closed","ping_status":"closed","template":"","meta":{"footnotes":""},"class_list":["post-43773","page","type-page","status-publish","hentry"],"acf":[],"_links":{"self":[{"href":"https:\/\/ubfc-preprod.u-bourgogne.fr\/en\/wp-json\/wp\/v2\/pages\/43773","targetHints":{"allow":["GET"]}}],"collection":[{"href":"https:\/\/ubfc-preprod.u-bourgogne.fr\/en\/wp-json\/wp\/v2\/pages"}],"about":[{"href":"https:\/\/ubfc-preprod.u-bourgogne.fr\/en\/wp-json\/wp\/v2\/types\/page"}],"author":[{"embeddable":true,"href":"https:\/\/ubfc-preprod.u-bourgogne.fr\/en\/wp-json\/wp\/v2\/users\/18"}],"replies":[{"embeddable":true,"href":"https:\/\/ubfc-preprod.u-bourgogne.fr\/en\/wp-json\/wp\/v2\/comments?post=43773"}],"version-history":[{"count":5,"href":"https:\/\/ubfc-preprod.u-bourgogne.fr\/en\/wp-json\/wp\/v2\/pages\/43773\/revisions"}],"predecessor-version":[{"id":44022,"href":"https:\/\/ubfc-preprod.u-bourgogne.fr\/en\/wp-json\/wp\/v2\/pages\/43773\/revisions\/44022"}],"up":[{"embeddable":true,"href":"https:\/\/ubfc-preprod.u-bourgogne.fr\/en\/wp-json\/wp\/v2\/pages\/43793"}],"wp:attachment":[{"href":"https:\/\/ubfc-preprod.u-bourgogne.fr\/en\/wp-json\/wp\/v2\/media?parent=43773"}],"curies":[{"name":"wp","href":"https:\/\/api.w.org\/{rel}","templated":true}]}}