{"id":43770,"date":"2020-04-21T09:45:26","date_gmt":"2020-04-21T07:45:26","guid":{"rendered":"https:\/\/www.ubfc.fr\/?page_id=43770"},"modified":"2020-09-22T11:30:37","modified_gmt":"2020-09-22T09:30:37","slug":"personnels-infos-covid19","status":"publish","type":"page","link":"https:\/\/ubfc-preprod.u-bourgogne.fr\/en\/ubfc\/covid-19\/personnels-infos-covid19\/","title":{"rendered":"Personnels &#8211; infos covid19"},"content":{"rendered":"\t\t<div data-elementor-type=\"wp-page\" data-elementor-id=\"43770\" class=\"elementor elementor-43770\" data-elementor-post-type=\"page\">\n\t\t\t\t\t\t<section class=\"elementor-section elementor-top-section elementor-element elementor-element-189dc5b elementor-section-boxed elementor-section-height-default elementor-section-height-default\" data-id=\"189dc5b\" data-element_type=\"section\" data-e-type=\"section\">\n\t\t\t\t\t\t<div class=\"elementor-container elementor-column-gap-default\">\n\t\t\t\t\t<div class=\"elementor-column elementor-col-100 elementor-top-column elementor-element elementor-element-00e9afb\" data-id=\"00e9afb\" data-element_type=\"column\" data-e-type=\"column\">\n\t\t\t<div class=\"elementor-widget-wrap elementor-element-populated\">\n\t\t\t\t\t\t<div class=\"elementor-element elementor-element-136c0b2 elementor-widget elementor-widget-toggle\" data-id=\"136c0b2\" data-element_type=\"widget\" data-e-type=\"widget\" data-widget_type=\"toggle.default\">\n\t\t\t\t<div class=\"elementor-widget-container\">\n\t\t\t\t\t\t\t<div class=\"elementor-toggle\">\n\t\t\t\t\t\t\t<div class=\"elementor-toggle-item\">\n\t\t\t\t\t<div id=\"elementor-tab-title-2031\" class=\"elementor-tab-title\" data-tab=\"1\" role=\"button\" aria-controls=\"elementor-tab-content-2031\" aria-expanded=\"false\">\n\t\t\t\t\t\t\t\t\t\t\t\t<span class=\"elementor-toggle-icon elementor-toggle-icon-left\" aria-hidden=\"true\">\n\t\t\t\t\t\t\t\t\t\t\t\t\t\t\t<span class=\"elementor-toggle-icon-closed\"><i class=\"fas fa-caret-right\"><\/i><\/span>\n\t\t\t\t\t\t\t\t<span class=\"elementor-toggle-icon-opened\"><i class=\"elementor-toggle-icon-opened fas fa-caret-up\"><\/i><\/span>\n\t\t\t\t\t\t\t\t\t\t\t\t\t<\/span>\n\t\t\t\t\t\t\t\t\t\t\t\t<a class=\"elementor-toggle-title\" tabindex=\"0\">Missions \u00e0 l\u2019\u00e9tranger<\/a>\n\t\t\t\t\t<\/div>\n\n\t\t\t\t\t<div id=\"elementor-tab-content-2031\" class=\"elementor-tab-content elementor-clearfix\" data-tab=\"1\" role=\"region\" aria-labelledby=\"elementor-tab-title-2031\"><div>Plus aucune mission ne sera effectu\u00e9e en France ou \u00e0 l\u2019\u00e9tranger, en dehors d\u2019une d\u00e9rogation stricte accord\u00e9e par l\u2019administrateur provisoire d\u2019UBFC et justifi\u00e9e par votre r\u00e9f\u00e9rent scientifique ou p\u00e9dagogique.<\/div><div>\u00a0<\/div><div>Avant tout d\u00e9placement \u00e0 l&#8217;\u00e9tranger, consultez la rubrique &#8220;Pour mes voyages \u00e0 l&#8217;\u00e9tranger&#8221; r\u00e9guli\u00e8rement mise \u00e0 jour sur le site du gouvernement accessible ci-contre : <span id=\"OBJ_PREFIX_DWT5118_com_zimbra_url\" class=\"Object\" role=\"link\"><span id=\"OBJ_PREFIX_DWT5136_com_zimbra_url\" class=\"Object\" role=\"link\"><a href=\"https:\/\/www.gouvernement.fr\/info-coronavirus#questions\" target=\"_blank\" rel=\"nofollow noopener noreferrer nofollow noopener noreferrer\">https:\/\/www.gouvernement.fr\/info-coronavirus#questions<\/a><\/span><\/span><\/div><div>\u00a0<\/div><div>Pensez \u00e9galement \u00e0 consulter les informations sp\u00e9cifiques \u00e0 votre pays de destination sur le site France Diplomatie \u00e0 l&#8217;aide du lien ci-contre : <span id=\"OBJ_PREFIX_DWT5119_com_zimbra_url\" class=\"Object\" role=\"link\"><span id=\"OBJ_PREFIX_DWT5137_com_zimbra_url\" class=\"Object\" role=\"link\"><a href=\"https:\/\/www.diplomatie.gouv.fr\/fr\/conseils-aux-voyageurs\" target=\"_blank\" rel=\"nofollow noopener noreferrer nofollow noopener noreferrer\">https:\/\/www.diplomatie.gouv.fr\/fr\/conseils-aux-voyageurs<\/a><\/span><\/span><\/div><\/div>\n\t\t\t\t<\/div>\n\t\t\t\t\t\t\t<div class=\"elementor-toggle-item\">\n\t\t\t\t\t<div id=\"elementor-tab-title-2032\" class=\"elementor-tab-title\" data-tab=\"2\" role=\"button\" aria-controls=\"elementor-tab-content-2032\" aria-expanded=\"false\">\n\t\t\t\t\t\t\t\t\t\t\t\t<span class=\"elementor-toggle-icon elementor-toggle-icon-left\" aria-hidden=\"true\">\n\t\t\t\t\t\t\t\t\t\t\t\t\t\t\t<span class=\"elementor-toggle-icon-closed\"><i class=\"fas fa-caret-right\"><\/i><\/span>\n\t\t\t\t\t\t\t\t<span class=\"elementor-toggle-icon-opened\"><i class=\"elementor-toggle-icon-opened fas fa-caret-up\"><\/i><\/span>\n\t\t\t\t\t\t\t\t\t\t\t\t\t<\/span>\n\t\t\t\t\t\t\t\t\t\t\t\t<a class=\"elementor-toggle-title\" tabindex=\"0\">M\u00e9decine de pr\u00e9vention<\/a>\n\t\t\t\t\t<\/div>\n\n\t\t\t\t\t<div id=\"elementor-tab-content-2032\" class=\"elementor-tab-content elementor-clearfix\" data-tab=\"2\" role=\"region\" aria-labelledby=\"elementor-tab-title-2032\"><p>Le m\u00e9decin de pr\u00e9vention, le Dr Tourneret est \u00e0 votre \u00e9coute si vous le souhaitez. Par t\u00e9l\u00e9phone : 03 81 99 36 33<br \/>Par mail via son assistante : <a href=\"mailto:sgraziu.medecine@cdg25.org\">sgraziu.medecine@cdg25.org<\/a><\/p><\/div>\n\t\t\t\t<\/div>\n\t\t\t\t\t\t\t<div class=\"elementor-toggle-item\">\n\t\t\t\t\t<div id=\"elementor-tab-title-2033\" class=\"elementor-tab-title\" data-tab=\"3\" role=\"button\" aria-controls=\"elementor-tab-content-2033\" aria-expanded=\"false\">\n\t\t\t\t\t\t\t\t\t\t\t\t<span class=\"elementor-toggle-icon elementor-toggle-icon-left\" aria-hidden=\"true\">\n\t\t\t\t\t\t\t\t\t\t\t\t\t\t\t<span class=\"elementor-toggle-icon-closed\"><i class=\"fas fa-caret-right\"><\/i><\/span>\n\t\t\t\t\t\t\t\t<span class=\"elementor-toggle-icon-opened\"><i class=\"elementor-toggle-icon-opened fas fa-caret-up\"><\/i><\/span>\n\t\t\t\t\t\t\t\t\t\t\t\t\t<\/span>\n\t\t\t\t\t\t\t\t\t\t\t\t<a class=\"elementor-toggle-title\" tabindex=\"0\">Prolongation des contrats impact\u00e9s par la crise sanitaire <\/a>\n\t\t\t\t\t<\/div>\n\n\t\t\t\t\t<div id=\"elementor-tab-content-2033\" class=\"elementor-tab-content elementor-clearfix\" data-tab=\"3\" role=\"region\" aria-labelledby=\"elementor-tab-title-2033\"><p>Le MESRI annonce en date du 23 avril 2020 les mesures suivantes, pr\u00e9cis\u00e9es par l\u2019ANR le 12 mai 2020\u00a0 :<\/p><ul><li>Prolongation des th\u00e8ses, contrats doctoraux et post-doctoraux, lorsque jug\u00e9 n\u00e9cessaire,<strong> jusqu\u2019\u00e0\u00a01\u00a0an<\/strong>. Toute prolongation pourra \u00eatre sollicit\u00e9 aupr\u00e8s de l\u2019\u00e9tablissement d&#8217;inscription ou de l\u2019employeur.<\/li><li>Accompagnement financier des prolongations de contrats doctoraux, en particulier pour l&#8217;ensemble des contrats financ\u00e9s par l&#8217;Etat (y compris CIFRE et financements ANR).<\/li><li>Prolongation, plus g\u00e9n\u00e9ralement et si n\u00e9cessaire, des chercheurs, ing\u00e9nieurs et techniciens sous contrat \u00e0 dur\u00e9e d\u00e9termin\u00e9e, engag\u00e9s dans des projets de recherche, avec un accompagnement financier par l&#8217;Etat.<\/li><li>Prolongation <strong>syst\u00e9matique<\/strong> <strong>d\u2019une dur\u00e9e de 6 mois<\/strong> de tous les projets en cours de financement par l\u2019<strong>ANR<\/strong> (date de fin scientifique post\u00e9rieure au 17 mars 2020) sauf exceptions*. Mesure <strong>impl\u00e9ment\u00e9e automatiquement<\/strong> dans les outils m\u00e9tiers de l\u2019agence, ne demandant aucune d\u00e9marche de la part des laboratoires ou de leurs services gestionnaires aupr\u00e8s de l\u2019agence. Demande de prolongation suppl\u00e9mentaire possible,<strong> si n\u00e9cessaire,<\/strong> <strong>jusqu\u2019\u00e0 12 mois<\/strong> via la <a href=\"https:\/\/aap.agencerecherche.fr\">plateforme ANR des projets<\/a> (accessible avec les identifiants porteur ou gestionnaire).<\/li><li><strong>Financement compensatoire<\/strong> permettant la prolongation de contrats de th\u00e8se, de post-doctorat, ainsi que de CDD d\u2019ing\u00e9nieurs et de techniciens financ\u00e9s sur <strong>projet ANR<\/strong>. Report des cr\u00e9dits de l\u2019ann\u00e9e 2020 qui n\u2019auront pu \u00eatre engag\u00e9s en raison de la crise.<\/li><\/ul><p>UBFC reviendra vers vous d\u00e8s que des consignes pr\u00e9cises seront transmises par le MESRI et l\u2019ANR quant \u00e0 la mise en \u0153uvre de ces mesures.<\/p><p><span style=\"font-size: 10pt\">* Exceptions : les projets conventionn\u00e9s dans le cadre du dispositif Carnot, ceux financ\u00e9s dans le cadre des appels Flash Covid-19 et RA-Covid, les projets financ\u00e9s dans le cadre d\u2019un appel cofinanc\u00e9 par la Commission europ\u00e9enne (Eranet Cofund) ainsi que les projets financ\u00e9s dans le cadre des programmes d\u2019investissements d\u2019avenir.<\/span><\/p><p>Vous pouvez par ailleurs consulter le communiqu\u00e9 de presse du MESRI et l\u2019annonce de l\u2019ANR en suivant ces liens :<\/p><p><a href=\"https:\/\/anr.fr\/fileadmin\/documents\/2020\/CP-MESRI-prolongation-contrats-covid-23042020.pdf\">https:\/\/anr.fr\/fileadmin\/documents\/2020\/CP-MESRI-prolongation-contrats-covid-23042020.pdf<\/a><\/p><p><a href=\"https:\/\/anr.fr\/fr\/actualites-de-lanr\/details\/news\/covid-19-prolongation-systematique-des-projets-anr-impactes-par-la-crise-sanitaire\/\">https:\/\/anr.fr\/fr\/actualites-de-lanr\/details\/news\/covid-19-prolongation-systematique-des-projets-anr-impactes-par-la-crise-sanitaire\/<\/a><\/p><\/div>\n\t\t\t\t<\/div>\n\t\t\t\t\t\t\t\t<\/div>\n\t\t\t\t\t\t<\/div>\n\t\t\t\t<\/div>\n\t\t\t\t\t<\/div>\n\t\t<\/div>\n\t\t\t\t\t<\/div>\n\t\t<\/section>\n\t\t\t\t<\/div>\n\t\t","protected":false},"excerpt":{"rendered":"<p>Missions \u00e0 l\u2019\u00e9tranger Plus aucune mission ne sera effectu\u00e9e en France ou \u00e0 l\u2019\u00e9tranger, en dehors d\u2019une d\u00e9rogation stricte accord\u00e9e par l\u2019administrateur provisoire d\u2019UBFC et justifi\u00e9e par votre r\u00e9f\u00e9rent scientifique ou p\u00e9dagogique.\u00a0Avant tout d\u00e9placement \u00e0 l&rsquo;\u00e9tranger, consultez la rubrique \u00ab\u00a0Pour mes voyages \u00e0 l&rsquo;\u00e9tranger\u00a0\u00bb r\u00e9guli\u00e8rement mise \u00e0 jour sur le site du gouvernement accessible ci-contre &hellip; <a href=\"https:\/\/ubfc-preprod.u-bourgogne.fr\/en\/ubfc\/covid-19\/personnels-infos-covid19\/\">Continued<\/a><\/p>\n","protected":false},"author":18,"featured_media":0,"parent":43793,"menu_order":179,"comment_status":"closed","ping_status":"closed","template":"","meta":{"footnotes":""},"class_list":["post-43770","page","type-page","status-publish","hentry"],"acf":[],"_links":{"self":[{"href":"https:\/\/ubfc-preprod.u-bourgogne.fr\/en\/wp-json\/wp\/v2\/pages\/43770","targetHints":{"allow":["GET"]}}],"collection":[{"href":"https:\/\/ubfc-preprod.u-bourgogne.fr\/en\/wp-json\/wp\/v2\/pages"}],"about":[{"href":"https:\/\/ubfc-preprod.u-bourgogne.fr\/en\/wp-json\/wp\/v2\/types\/page"}],"author":[{"embeddable":true,"href":"https:\/\/ubfc-preprod.u-bourgogne.fr\/en\/wp-json\/wp\/v2\/users\/18"}],"replies":[{"embeddable":true,"href":"https:\/\/ubfc-preprod.u-bourgogne.fr\/en\/wp-json\/wp\/v2\/comments?post=43770"}],"version-history":[{"count":7,"href":"https:\/\/ubfc-preprod.u-bourgogne.fr\/en\/wp-json\/wp\/v2\/pages\/43770\/revisions"}],"predecessor-version":[{"id":46672,"href":"https:\/\/ubfc-preprod.u-bourgogne.fr\/en\/wp-json\/wp\/v2\/pages\/43770\/revisions\/46672"}],"up":[{"embeddable":true,"href":"https:\/\/ubfc-preprod.u-bourgogne.fr\/en\/wp-json\/wp\/v2\/pages\/43793"}],"wp:attachment":[{"href":"https:\/\/ubfc-preprod.u-bourgogne.fr\/en\/wp-json\/wp\/v2\/media?parent=43770"}],"curies":[{"name":"wp","href":"https:\/\/api.w.org\/{rel}","templated":true}]}}