{"id":42902,"date":"2020-03-12T12:43:51","date_gmt":"2020-03-12T11:43:51","guid":{"rendered":"https:\/\/www.ubfc.fr\/isite-bfc-seminar-june-1819-2020\/"},"modified":"2021-02-05T16:08:38","modified_gmt":"2021-02-05T15:08:38","slug":"1st-isite-bfc-seminar-2020","status":"publish","type":"page","link":"https:\/\/ubfc-preprod.u-bourgogne.fr\/en\/isite-bfc-project\/1st-isite-bfc-seminar-2020\/","title":{"rendered":"ISITE-BFC scientific seminar"},"content":{"rendered":"\t\t<div data-elementor-type=\"wp-page\" data-elementor-id=\"42902\" class=\"elementor elementor-42902\" data-elementor-post-type=\"page\">\n\t\t\t\t\t\t<section class=\"elementor-section elementor-top-section elementor-element elementor-element-2a77af6 elementor-section-boxed elementor-section-height-default elementor-section-height-default\" data-id=\"2a77af6\" data-element_type=\"section\" data-e-type=\"section\">\n\t\t\t\t\t\t<div class=\"elementor-container elementor-column-gap-default\">\n\t\t\t\t\t<div class=\"elementor-column elementor-col-100 elementor-top-column elementor-element elementor-element-91680c9\" data-id=\"91680c9\" data-element_type=\"column\" data-e-type=\"column\">\n\t\t\t<div class=\"elementor-widget-wrap elementor-element-populated\">\n\t\t\t\t\t\t<div class=\"elementor-element elementor-element-d41d576 elementor-widget elementor-widget-text-editor\" data-id=\"d41d576\" data-element_type=\"widget\" data-e-type=\"widget\" data-widget_type=\"text-editor.default\">\n\t\t\t\t<div class=\"elementor-widget-container\">\n\t\t\t\t\t\t\t\t\t<p><strong><span style=\"font-size: 14pt;\"><a href=\"\/?p=47435\">Find here the report of these two days!<br \/>\n<\/a><\/span><\/strong><\/p>\n<p><strong><span style=\"font-size: 14pt;\">All the videos of the oral communications are available on our YouTube channel: <a href=\"https:\/\/youtube.com\/playlist?list=PLevOBLBVzLO89mGAbx4y8gw5Hk3ugYkuH\">find them here<\/a>.<\/span><\/strong><\/p>\n\t\t\t\t\t\t\t\t<\/div>\n\t\t\t\t<\/div>\n\t\t\t\t\t<\/div>\n\t\t<\/div>\n\t\t\t\t\t<\/div>\n\t\t<\/section>\n\t\t\t\t<section class=\"elementor-section elementor-top-section elementor-element elementor-element-79362b5 elementor-section-boxed elementor-section-height-default elementor-section-height-default\" data-id=\"79362b5\" data-element_type=\"section\" data-e-type=\"section\">\n\t\t\t\t\t\t<div class=\"elementor-container elementor-column-gap-default\">\n\t\t\t\t\t<div class=\"elementor-column elementor-col-100 elementor-top-column elementor-element elementor-element-d6a053e\" data-id=\"d6a053e\" data-element_type=\"column\" data-e-type=\"column\">\n\t\t\t<div class=\"elementor-widget-wrap elementor-element-populated\">\n\t\t\t\t\t\t<div class=\"elementor-element elementor-element-a16b31e elementor-widget-divider--view-line elementor-widget elementor-widget-divider\" data-id=\"a16b31e\" data-element_type=\"widget\" data-e-type=\"widget\" data-widget_type=\"divider.default\">\n\t\t\t\t<div class=\"elementor-widget-container\">\n\t\t\t\t\t\t\t<div class=\"elementor-divider\">\n\t\t\t<span class=\"elementor-divider-separator\">\n\t\t\t\t\t\t<\/span>\n\t\t<\/div>\n\t\t\t\t\t\t<\/div>\n\t\t\t\t<\/div>\n\t\t\t\t\t<\/div>\n\t\t<\/div>\n\t\t\t\t\t<\/div>\n\t\t<\/section>\n\t\t\t\t<section class=\"elementor-section elementor-top-section elementor-element elementor-element-714416c elementor-section-boxed elementor-section-height-default elementor-section-height-default\" data-id=\"714416c\" data-element_type=\"section\" data-e-type=\"section\">\n\t\t\t\t\t\t<div class=\"elementor-container elementor-column-gap-default\">\n\t\t\t\t\t<div class=\"elementor-column elementor-col-100 elementor-top-column elementor-element elementor-element-bbb361e\" data-id=\"bbb361e\" data-element_type=\"column\" data-e-type=\"column\">\n\t\t\t<div class=\"elementor-widget-wrap elementor-element-populated\">\n\t\t\t\t\t\t<div class=\"elementor-element elementor-element-be04749 elementor-widget elementor-widget-text-editor\" data-id=\"be04749\" data-element_type=\"widget\" data-e-type=\"widget\" data-widget_type=\"text-editor.default\">\n\t\t\t\t<div class=\"elementor-widget-container\">\n\t\t\t\t\t\t\t\t\t<p><strong>The year 2020 kicks off the 1st ISITE-BFC scientific seminar!<\/strong><\/p>\n<p>Two scientific days will take place on <strong>October 12<sup>th<\/sup> and 13<sup>th<\/sup> 2020<\/strong> hosted by Universit\u00e9 Bourgogne Franche-Comt\u00e9 (UBFC) and organized by the Steering Committee and the ISITE-BFC axes coordinators.<\/p>\n<p>The seminar will highlight some of the emblematic research projects of the laureates of calls for projects n\u00b01 and 2.<\/p>\n<p>It is intended to be a convivial moment of meetings and exchanges with and between the actors of ISITE-BFC. It also aims to federate the scientific community around this project and to arise new scientific collaborations.<\/p>\n<p>The seminar will take place over two days:<\/p>\n<ul>\n<li><strong>October 12<sup>th<\/sup>, 2020<\/strong> in Besan\u00e7on, at <a href=\"https:\/\/www.micropolis.fr\/\">Micropolis<\/a><\/li>\n<li><strong>October 13<sup>th<\/sup>, 2020<\/strong> in Dijon, at the <a href=\"http:\/\/www.dijon-congrexpo.com\/en\/\">Congress Center<\/a><\/li>\n<\/ul>\n\t\t\t\t\t\t\t\t<\/div>\n\t\t\t\t<\/div>\n\t\t\t\t\t<\/div>\n\t\t<\/div>\n\t\t\t\t\t<\/div>\n\t\t<\/section>\n\t\t\t\t<section class=\"elementor-section elementor-top-section elementor-element elementor-element-af4cd65 elementor-section-boxed elementor-section-height-default elementor-section-height-default\" data-id=\"af4cd65\" data-element_type=\"section\" data-e-type=\"section\">\n\t\t\t\t\t\t<div class=\"elementor-container elementor-column-gap-default\">\n\t\t\t\t\t<div class=\"elementor-column elementor-col-100 elementor-top-column elementor-element elementor-element-7e687d8\" data-id=\"7e687d8\" data-element_type=\"column\" data-e-type=\"column\">\n\t\t\t<div class=\"elementor-widget-wrap elementor-element-populated\">\n\t\t\t\t\t\t<div class=\"elementor-element elementor-element-0a10c76 elementor-widget elementor-widget-text-editor\" data-id=\"0a10c76\" data-element_type=\"widget\" data-e-type=\"widget\" data-widget_type=\"text-editor.default\">\n\t\t\t\t<div class=\"elementor-widget-container\">\n\t\t\t\t\t\t\t\t\t<p>The programs of these two days are available here :<\/p>\n\t\t\t\t\t\t\t\t<\/div>\n\t\t\t\t<\/div>\n\t\t\t\t\t<\/div>\n\t\t<\/div>\n\t\t\t\t\t<\/div>\n\t\t<\/section>\n\t\t\t\t<section class=\"elementor-section elementor-top-section elementor-element elementor-element-a89b55f elementor-section-boxed elementor-section-height-default elementor-section-height-default\" data-id=\"a89b55f\" data-element_type=\"section\" data-e-type=\"section\">\n\t\t\t\t\t\t<div class=\"elementor-container elementor-column-gap-default\">\n\t\t\t\t\t<div class=\"elementor-column elementor-col-50 elementor-top-column elementor-element elementor-element-89e7c8a\" data-id=\"89e7c8a\" data-element_type=\"column\" data-e-type=\"column\">\n\t\t\t<div class=\"elementor-widget-wrap elementor-element-populated\">\n\t\t\t\t\t\t<div class=\"elementor-element elementor-element-f08b1ac elementor-align-center elementor-widget elementor-widget-button\" data-id=\"f08b1ac\" data-element_type=\"widget\" data-e-type=\"widget\" data-widget_type=\"button.default\">\n\t\t\t\t<div class=\"elementor-widget-container\">\n\t\t\t\t\t\t\t\t\t<div class=\"elementor-button-wrapper\">\n\t\t\t\t\t<a class=\"elementor-button elementor-button-link elementor-size-sm\" href=\"https:\/\/www.ubfc.fr\/en\/isite-bfc-seminar-june-1819-2020\/october-12th-2020-programme\/\">\n\t\t\t\t\t\t<span class=\"elementor-button-content-wrapper\">\n\t\t\t\t\t\t\t\t\t<span class=\"elementor-button-text\">October 12th, 2020<\/span>\n\t\t\t\t\t<\/span>\n\t\t\t\t\t<\/a>\n\t\t\t\t<\/div>\n\t\t\t\t\t\t\t\t<\/div>\n\t\t\t\t<\/div>\n\t\t\t\t\t<\/div>\n\t\t<\/div>\n\t\t\t\t<div class=\"elementor-column elementor-col-50 elementor-top-column elementor-element elementor-element-d910afb\" data-id=\"d910afb\" data-element_type=\"column\" data-e-type=\"column\">\n\t\t\t<div class=\"elementor-widget-wrap elementor-element-populated\">\n\t\t\t\t\t\t<div class=\"elementor-element elementor-element-30caab7 elementor-align-center elementor-widget elementor-widget-button\" data-id=\"30caab7\" data-element_type=\"widget\" data-e-type=\"widget\" data-widget_type=\"button.default\">\n\t\t\t\t<div class=\"elementor-widget-container\">\n\t\t\t\t\t\t\t\t\t<div class=\"elementor-button-wrapper\">\n\t\t\t\t\t<a class=\"elementor-button elementor-button-link elementor-size-sm\" href=\"https:\/\/www.ubfc.fr\/en\/isite-bfc-seminar-june-1819-2020\/october-13th-2020-programme\/\">\n\t\t\t\t\t\t<span class=\"elementor-button-content-wrapper\">\n\t\t\t\t\t\t\t\t\t<span class=\"elementor-button-text\">October 13th, 2020<\/span>\n\t\t\t\t\t<\/span>\n\t\t\t\t\t<\/a>\n\t\t\t\t<\/div>\n\t\t\t\t\t\t\t\t<\/div>\n\t\t\t\t<\/div>\n\t\t\t\t\t<\/div>\n\t\t<\/div>\n\t\t\t\t\t<\/div>\n\t\t<\/section>\n\t\t\t\t<section class=\"elementor-section elementor-top-section elementor-element elementor-element-5b981d3 elementor-section-boxed elementor-section-height-default elementor-section-height-default\" data-id=\"5b981d3\" data-element_type=\"section\" data-e-type=\"section\">\n\t\t\t\t\t\t<div class=\"elementor-container elementor-column-gap-default\">\n\t\t\t\t\t<div class=\"elementor-column elementor-col-100 elementor-top-column elementor-element elementor-element-6c3a9e4\" data-id=\"6c3a9e4\" data-element_type=\"column\" data-e-type=\"column\">\n\t\t\t<div class=\"elementor-widget-wrap elementor-element-populated\">\n\t\t\t\t\t\t<div class=\"elementor-element elementor-element-2dbfb23 elementor-widget elementor-widget-spacer\" data-id=\"2dbfb23\" data-element_type=\"widget\" data-e-type=\"widget\" data-widget_type=\"spacer.default\">\n\t\t\t\t<div class=\"elementor-widget-container\">\n\t\t\t\t\t\t\t<div class=\"elementor-spacer\">\n\t\t\t<div class=\"elementor-spacer-inner\"><\/div>\n\t\t<\/div>\n\t\t\t\t\t\t<\/div>\n\t\t\t\t<\/div>\n\t\t\t\t<div class=\"elementor-element elementor-element-e56f961 elementor-widget elementor-widget-text-editor\" data-id=\"e56f961\" data-element_type=\"widget\" data-e-type=\"widget\" data-widget_type=\"text-editor.default\">\n\t\t\t\t<div class=\"elementor-widget-container\">\n\t\t\t\t\t\t\t\t\t<p style=\"text-align: center;\"><strong>The conference is open to all.<\/strong><\/p>\n<p style=\"text-align: center;\"><strong>For logistical reasons, registration is required. The deadline for registration is September 30, 2020.<\/strong><\/p>\n\t\t\t\t\t\t\t\t<\/div>\n\t\t\t\t<\/div>\n\t\t\t\t\t<\/div>\n\t\t<\/div>\n\t\t\t\t\t<\/div>\n\t\t<\/section>\n\t\t\t\t<section class=\"elementor-section elementor-top-section elementor-element elementor-element-ae550c4 elementor-section-boxed elementor-section-height-default elementor-section-height-default\" data-id=\"ae550c4\" data-element_type=\"section\" data-e-type=\"section\">\n\t\t\t\t\t\t<div class=\"elementor-container elementor-column-gap-default\">\n\t\t\t\t\t<div class=\"elementor-column elementor-col-100 elementor-top-column elementor-element elementor-element-2902a85\" data-id=\"2902a85\" data-element_type=\"column\" data-e-type=\"column\">\n\t\t\t<div class=\"elementor-widget-wrap elementor-element-populated\">\n\t\t\t\t\t\t<div class=\"elementor-element elementor-element-b44a9a2 elementor-align-center elementor-widget elementor-widget-button\" data-id=\"b44a9a2\" data-element_type=\"widget\" data-e-type=\"widget\" data-widget_type=\"button.default\">\n\t\t\t\t<div class=\"elementor-widget-container\">\n\t\t\t\t\t\t\t\t\t<div class=\"elementor-button-wrapper\">\n\t\t\t\t\t<a class=\"elementor-button elementor-button-link elementor-size-md\" href=\"https:\/\/isite-ubc-days.sciencesconf.org\/?forward-action=index&#038;forward-controller=index&#038;lang=en\">\n\t\t\t\t\t\t<span class=\"elementor-button-content-wrapper\">\n\t\t\t\t\t\t\t\t\t<span class=\"elementor-button-text\">To register, click here<\/span>\n\t\t\t\t\t<\/span>\n\t\t\t\t\t<\/a>\n\t\t\t\t<\/div>\n\t\t\t\t\t\t\t\t<\/div>\n\t\t\t\t<\/div>\n\t\t\t\t\t<\/div>\n\t\t<\/div>\n\t\t\t\t\t<\/div>\n\t\t<\/section>\n\t\t\t\t<section class=\"elementor-section elementor-top-section elementor-element elementor-element-343be82 elementor-section-boxed elementor-section-height-default elementor-section-height-default\" data-id=\"343be82\" data-element_type=\"section\" data-e-type=\"section\">\n\t\t\t\t\t\t<div class=\"elementor-container elementor-column-gap-default\">\n\t\t\t\t\t<div class=\"elementor-column elementor-col-100 elementor-top-column elementor-element elementor-element-1c31f8a\" data-id=\"1c31f8a\" data-element_type=\"column\" data-e-type=\"column\">\n\t\t\t<div class=\"elementor-widget-wrap elementor-element-populated\">\n\t\t\t\t\t\t<div class=\"elementor-element elementor-element-eb95f32 elementor-widget elementor-widget-text-editor\" data-id=\"eb95f32\" data-element_type=\"widget\" data-e-type=\"widget\" data-widget_type=\"text-editor.default\">\n\t\t\t\t<div class=\"elementor-widget-container\">\n\t\t\t\t\t\t\t\t\t<p><span style=\"font-size: 14pt;\"><strong>Vous ne pouvez pas vous d\u00e9placer ?<\/strong><\/span><\/p>\n<p>Le colloque sera diffus\u00e9 en direct sur YouTube via les liens ci-dessous :<\/p>\n<ul>\n<li><a href=\"https:\/\/youtu.be\/ksevyMn1E6g\">12 octobre 2020 &#8211; Besan\u00e7on<\/a><\/li>\n<li><a href=\"https:\/\/youtu.be\/NHgBq1W1D7Q\">13 octobre 2020 &#8211; Dijon<\/a><\/li>\n<\/ul>\n\t\t\t\t\t\t\t\t<\/div>\n\t\t\t\t<\/div>\n\t\t\t\t\t<\/div>\n\t\t<\/div>\n\t\t\t\t\t<\/div>\n\t\t<\/section>\n\t\t\t\t<section class=\"elementor-section elementor-top-section elementor-element elementor-element-290f24c elementor-section-boxed elementor-section-height-default elementor-section-height-default\" data-id=\"290f24c\" data-element_type=\"section\" data-e-type=\"section\">\n\t\t\t\t\t\t<div class=\"elementor-container elementor-column-gap-default\">\n\t\t\t\t\t<div class=\"elementor-column elementor-col-100 elementor-top-column elementor-element elementor-element-6ff9a38\" data-id=\"6ff9a38\" data-element_type=\"column\" data-e-type=\"column\">\n\t\t\t<div class=\"elementor-widget-wrap elementor-element-populated\">\n\t\t\t\t\t\t<div class=\"elementor-element elementor-element-77e99b1 elementor-widget elementor-widget-text-editor\" data-id=\"77e99b1\" data-element_type=\"widget\" data-e-type=\"widget\" data-widget_type=\"text-editor.default\">\n\t\t\t\t<div class=\"elementor-widget-container\">\n\t\t\t\t\t\t\t\t\t<p>Le communiqu\u00e9 de presse relatif \u00e0 cet \u00e9v\u00e9nement est disponible <a href=\"https:\/\/www.ubfc.fr\/wp-content\/uploads\/2020\/10\/2020.10.07-CP-Colloque-ISITE-BFC.pdf\">ici<\/a>.<\/p>\n\t\t\t\t\t\t\t\t<\/div>\n\t\t\t\t<\/div>\n\t\t\t\t\t<\/div>\n\t\t<\/div>\n\t\t\t\t\t<\/div>\n\t\t<\/section>\n\t\t\t\t<section class=\"elementor-section elementor-top-section elementor-element elementor-element-ceb8905 elementor-section-boxed elementor-section-height-default elementor-section-height-default\" data-id=\"ceb8905\" data-element_type=\"section\" data-e-type=\"section\">\n\t\t\t\t\t\t<div class=\"elementor-container elementor-column-gap-default\">\n\t\t\t\t\t<div class=\"elementor-column elementor-col-100 elementor-top-column elementor-element elementor-element-169c5b2\" data-id=\"169c5b2\" data-element_type=\"column\" data-e-type=\"column\">\n\t\t\t<div class=\"elementor-widget-wrap elementor-element-populated\">\n\t\t\t\t\t\t<div class=\"elementor-element elementor-element-1d0c128 elementor-widget-divider--view-line elementor-widget elementor-widget-divider\" data-id=\"1d0c128\" data-element_type=\"widget\" data-e-type=\"widget\" data-widget_type=\"divider.default\">\n\t\t\t\t<div class=\"elementor-widget-container\">\n\t\t\t\t\t\t\t<div class=\"elementor-divider\">\n\t\t\t<span class=\"elementor-divider-separator\">\n\t\t\t\t\t\t<\/span>\n\t\t<\/div>\n\t\t\t\t\t\t<\/div>\n\t\t\t\t<\/div>\n\t\t\t\t\t<\/div>\n\t\t<\/div>\n\t\t\t\t\t<\/div>\n\t\t<\/section>\n\t\t\t\t<section class=\"elementor-section elementor-top-section elementor-element elementor-element-a92cc76 elementor-section-boxed elementor-section-height-default elementor-section-height-default\" data-id=\"a92cc76\" data-element_type=\"section\" data-e-type=\"section\">\n\t\t\t\t\t\t<div class=\"elementor-container elementor-column-gap-default\">\n\t\t\t\t\t<div class=\"elementor-column elementor-col-100 elementor-top-column elementor-element elementor-element-aeb0f53\" data-id=\"aeb0f53\" data-element_type=\"column\" data-e-type=\"column\">\n\t\t\t<div class=\"elementor-widget-wrap elementor-element-populated\">\n\t\t\t\t\t\t<div class=\"elementor-element elementor-element-1439e33 elementor-widget elementor-widget-text-editor\" data-id=\"1439e33\" data-element_type=\"widget\" data-e-type=\"widget\" data-widget_type=\"text-editor.default\">\n\t\t\t\t<div class=\"elementor-widget-container\">\n\t\t\t\t\t\t\t\t\t<p><span style=\"font-size: 14pt;\"><strong>About Excellence Initiative Project ISITE-BFC :<\/strong><\/span><\/p>\n<p>In 2016, UBFC was awarded by the French Government in the framework of the national ambitious program \u201cInvestments for Future\u201d to operate the Excellence Initiative Project Initiatives &#8211; Science Innovation Territory Economy in Bourgogne Franche-Comt\u00e9 (ISITE-BFC).<\/p>\n<p>ISITE-BFC is based on the scientific fields of excellence carried out by the region and thus focuses on three main axes:<\/p>\n<ul>\n<li>Advanced Materials, Waves and Smart Systems<\/li>\n<li>Territories, Environment, Food<\/li>\n<li>Comprehensive, individual care<\/li>\n<\/ul>\n<p>Through these 3 axes, ISITE-BFC aims to create a high level and stimulating research environment, with a strong international influence attracting students and talented researchers from all over the world.<\/p>\n<p>The project also aims to develop excellence in training through the internationalization of training, valorization of lifelong learning and promotion of innovative training practices.<\/p>\n<p>The socio-economic fallouts expected from the project aim at transforming the BFC economy towards a more intense high-tech profile.<\/p>\n<p>At the same time, on a territorial scale, ISITE-BFC implementation opens access to knowledge, international cultures and exchanges, as well as to initial training and lifelong education developing employment opportunities in a competitive market.<\/p>\n<p><strong>More information <a href=\"https:\/\/www.ubfc.fr\/excellence\/isite-bfc\/\">here<\/a><\/strong><\/p>\n\t\t\t\t\t\t\t\t<\/div>\n\t\t\t\t<\/div>\n\t\t\t\t\t<\/div>\n\t\t<\/div>\n\t\t\t\t\t<\/div>\n\t\t<\/section>\n\t\t\t\t<\/div>\n\t\t","protected":false},"excerpt":{"rendered":"<p>Find here the report of these two days! All the videos of the oral communications are available on our YouTube channel: find them here. The year 2020 kicks off the 1st ISITE-BFC scientific seminar! Two scientific days will take place on October 12th and 13th 2020 hosted by Universit\u00e9 Bourgogne Franche-Comt\u00e9 (UBFC) and organized by &hellip; <a href=\"https:\/\/ubfc-preprod.u-bourgogne.fr\/en\/isite-bfc-project\/1st-isite-bfc-seminar-2020\/\">Continued<\/a><\/p>\n","protected":false},"author":18,"featured_media":0,"parent":50072,"menu_order":204,"comment_status":"closed","ping_status":"closed","template":"","meta":{"footnotes":""},"class_list":["post-42902","page","type-page","status-publish","hentry"],"acf":[],"_links":{"self":[{"href":"https:\/\/ubfc-preprod.u-bourgogne.fr\/en\/wp-json\/wp\/v2\/pages\/42902","targetHints":{"allow":["GET"]}}],"collection":[{"href":"https:\/\/ubfc-preprod.u-bourgogne.fr\/en\/wp-json\/wp\/v2\/pages"}],"about":[{"href":"https:\/\/ubfc-preprod.u-bourgogne.fr\/en\/wp-json\/wp\/v2\/types\/page"}],"author":[{"embeddable":true,"href":"https:\/\/ubfc-preprod.u-bourgogne.fr\/en\/wp-json\/wp\/v2\/users\/18"}],"replies":[{"embeddable":true,"href":"https:\/\/ubfc-preprod.u-bourgogne.fr\/en\/wp-json\/wp\/v2\/comments?post=42902"}],"version-history":[{"count":19,"href":"https:\/\/ubfc-preprod.u-bourgogne.fr\/en\/wp-json\/wp\/v2\/pages\/42902\/revisions"}],"predecessor-version":[{"id":51273,"href":"https:\/\/ubfc-preprod.u-bourgogne.fr\/en\/wp-json\/wp\/v2\/pages\/42902\/revisions\/51273"}],"up":[{"embeddable":true,"href":"https:\/\/ubfc-preprod.u-bourgogne.fr\/en\/wp-json\/wp\/v2\/pages\/50072"}],"wp:attachment":[{"href":"https:\/\/ubfc-preprod.u-bourgogne.fr\/en\/wp-json\/wp\/v2\/media?parent=42902"}],"curies":[{"name":"wp","href":"https:\/\/api.w.org\/{rel}","templated":true}]}}