{"id":42828,"date":"2020-03-10T12:56:43","date_gmt":"2020-03-10T11:56:43","guid":{"rendered":"https:\/\/www.ubfc.fr\/?page_id=42828"},"modified":"2020-04-21T11:18:11","modified_gmt":"2020-04-21T09:18:11","slug":"appel-a-projet-regional-2020","status":"publish","type":"page","link":"https:\/\/ubfc-preprod.u-bourgogne.fr\/en\/recherche-et-formation-en-sante-publique\/appel-a-projet-regional-2020\/","title":{"rendered":"Appel \u00e0 projet r\u00e9gional 2020"},"content":{"rendered":"<p><strong><span style=\"font-size: 14pt\">Le P\u00f4le f\u00e9d\u00e9ratif de recherche et de formation en sant\u00e9 publique Bourgogne Franche-Comt\u00e9 lance le deuxi\u00e8me appel \u00e0 projet (AAP) avec un montant de 80 000 \u20ac \u00e0 attribuer en 2020.<\/span><\/strong><\/p>\n<p>&nbsp;<\/p>\n<p>Le P\u00f4le veut renforcer le d\u00e9veloppement de recherches interdisciplinaires et partenariales en sant\u00e9 publique, principalement dans trois champs :<\/p>\n<ul>\n<li><strong>L\u2019organisation de l\u2019offre de sant\u00e9<\/strong> : soins primaires, articulation entre les diff\u00e9rents secteurs (h\u00f4pital\/ville, m\u00e9dico-social\/social) avec une <em>attention particuli\u00e8re<\/em> pour les questions de recherche concernant\u00a0:\n<ul>\n<li>L\u2019organisation territoriale des mobilit\u00e9s<\/li>\n<li>Les pairs et aidants dans l&#8217;organisation des parcours de sant\u00e9<\/li>\n<\/ul>\n<\/li>\n<\/ul>\n<ul>\n<li><strong>La promotion de la sant\u00e9 et la pr\u00e9vention<\/strong> incluant l\u2019am\u00e9lioration des d\u00e9terminants de la sant\u00e9<\/li>\n<\/ul>\n<ul>\n<li><strong>La sant\u00e9 et l\u2019environnement<\/strong> avec une <em>attention particuli\u00e8re<\/em> port\u00e9e \u00e0 la transition socio-\u00e9cologique et ses implications en sant\u00e9 publique. La transition socio-\u00e9cologique est un processus de transformations de nos modes de vie, sur un mod\u00e8le horizontal, dans le but de r\u00e9pondre aux enjeux \u00e0 la fois environnementaux et sociaux.<\/li>\n<\/ul>\n<p>&nbsp;<\/p>\n<p>Le P\u00f4le souhaite encourager et faciliter la co-construction des projets de recherches interventionnelles entre chercheurs, acteurs et usagers (entendu au sens large du terme : patient, aidant, citoyen ou personne accueillie).<\/p>\n<p>Deux modalit\u00e9s de soutien sont propos\u00e9es par le P\u00f4le :<\/p>\n<ul>\n<li>Participation au financement d\u2019un projet de recherche<\/li>\n<li>Fonds d\u2019amor\u00e7age <sup>[1]<\/sup>.<\/li>\n<\/ul>\n<p>Cet AAP a vocation \u00e0 \u00eatre renouvel\u00e9 annuellement.<\/p>\n<p>&nbsp;<\/p>\n<p><sup>[1] <\/sup>Un fond d\u2019amor\u00e7age pourra \u00eatre allou\u00e9 \u00e0 des \u00e9quipes souhaitant s\u2019inscrire dans une d\u00e9marche particuli\u00e8rement collaborative afin de construire une r\u00e9ponse interdisciplinaire ou associant des acteurs autres que des chercheurs \u00e0 un AAP national ou international en 2021. Le fonds d\u2019amor\u00e7age consiste \u00e0 soutenir un projet en cours de co-construction, notamment autour de la m\u00e9thodologie d\u2019\u00e9tude.<\/p>\n","protected":false},"excerpt":{"rendered":"<p>Le P\u00f4le f\u00e9d\u00e9ratif de recherche et de formation en sant\u00e9 publique Bourgogne Franche-Comt\u00e9 lance le deuxi\u00e8me appel \u00e0 projet (AAP) avec un montant de 80 000 \u20ac \u00e0 attribuer en 2020. &nbsp; Le P\u00f4le veut renforcer le d\u00e9veloppement de recherches interdisciplinaires et partenariales en sant\u00e9 publique, principalement dans trois champs : L\u2019organisation de l\u2019offre de &hellip; <a href=\"https:\/\/ubfc-preprod.u-bourgogne.fr\/en\/recherche-et-formation-en-sante-publique\/appel-a-projet-regional-2020\/\">Continued<\/a><\/p>\n","protected":false},"author":18,"featured_media":0,"parent":32749,"menu_order":198,"comment_status":"closed","ping_status":"closed","template":"views\/template-documents.blade.php","meta":{"footnotes":""},"class_list":["post-42828","page","type-page","status-publish","hentry"],"acf":[],"_links":{"self":[{"href":"https:\/\/ubfc-preprod.u-bourgogne.fr\/en\/wp-json\/wp\/v2\/pages\/42828","targetHints":{"allow":["GET"]}}],"collection":[{"href":"https:\/\/ubfc-preprod.u-bourgogne.fr\/en\/wp-json\/wp\/v2\/pages"}],"about":[{"href":"https:\/\/ubfc-preprod.u-bourgogne.fr\/en\/wp-json\/wp\/v2\/types\/page"}],"author":[{"embeddable":true,"href":"https:\/\/ubfc-preprod.u-bourgogne.fr\/en\/wp-json\/wp\/v2\/users\/18"}],"replies":[{"embeddable":true,"href":"https:\/\/ubfc-preprod.u-bourgogne.fr\/en\/wp-json\/wp\/v2\/comments?post=42828"}],"version-history":[{"count":6,"href":"https:\/\/ubfc-preprod.u-bourgogne.fr\/en\/wp-json\/wp\/v2\/pages\/42828\/revisions"}],"predecessor-version":[{"id":43803,"href":"https:\/\/ubfc-preprod.u-bourgogne.fr\/en\/wp-json\/wp\/v2\/pages\/42828\/revisions\/43803"}],"up":[{"embeddable":true,"href":"https:\/\/ubfc-preprod.u-bourgogne.fr\/en\/wp-json\/wp\/v2\/pages\/32749"}],"wp:attachment":[{"href":"https:\/\/ubfc-preprod.u-bourgogne.fr\/en\/wp-json\/wp\/v2\/media?parent=42828"}],"curies":[{"name":"wp","href":"https:\/\/api.w.org\/{rel}","templated":true}]}}