{"id":42821,"date":"2020-03-10T12:05:38","date_gmt":"2020-03-10T11:05:38","guid":{"rendered":"https:\/\/www.ubfc.fr\/?page_id=42821"},"modified":"2020-03-13T11:31:47","modified_gmt":"2020-03-13T10:31:47","slug":"charte-ubfc-communication-orale-poster","status":"publish","type":"page","link":"https:\/\/ubfc-preprod.u-bourgogne.fr\/en\/isite-bfc\/colloque-scientifique-isite-bfc\/charte-ubfc-communication-orale-poster\/","title":{"rendered":"Charte graphique UBFC &#8211; Communication orale et poster"},"content":{"rendered":"<p><span style=\"font-size: 18pt\">Consignes li\u00e9es \u00e0 la charte graphique UBFC<\/span><\/p>\n<p>Pour les pr\u00e9sentations orales avec support PPT, vous \u00eates invit\u00e9s \u00e0 utiliser\u00a0:<\/p>\n<ul>\n<li>Le canevas Power Point chart\u00e9 UBFC (PPT chart\u00e9 UBFC),<\/li>\n<li>La police Roboto<\/li>\n<li>Le code couleur UBFC (tableau codes couleurs UBFC)<\/li>\n<li>Le logo ISITE-BFC\/PIA\/ANR<\/li>\n<\/ul>\n<p>Pour les posters, vous \u00eates invit\u00e9s \u00e0 utiliser\u00a0:<\/p>\n<ul>\n<li>Le bandeau (FR ou EN)<\/li>\n<li>Le logo ISITE-BFC\/PIA\/ANR<\/li>\n<li>La police Roboto<\/li>\n<li>Le code couleur UBFC<\/li>\n<li>La vague UBFC (en blanc ou en couleur)<\/li>\n<\/ul>\n<p>&nbsp;<\/p>\n<p>&nbsp;<\/p>\n","protected":false},"excerpt":{"rendered":"<p>Consignes li\u00e9es \u00e0 la charte graphique UBFC Pour les pr\u00e9sentations orales avec support PPT, vous \u00eates invit\u00e9s \u00e0 utiliser\u00a0: Le canevas Power Point chart\u00e9 UBFC (PPT chart\u00e9 UBFC), La police Roboto Le code couleur UBFC (tableau codes couleurs UBFC) Le logo ISITE-BFC\/PIA\/ANR Pour les posters, vous \u00eates invit\u00e9s \u00e0 utiliser\u00a0: Le bandeau (FR ou EN) &hellip; <a href=\"https:\/\/ubfc-preprod.u-bourgogne.fr\/en\/isite-bfc\/colloque-scientifique-isite-bfc\/charte-ubfc-communication-orale-poster\/\">Continued<\/a><\/p>\n","protected":false},"author":18,"featured_media":0,"parent":42695,"menu_order":199,"comment_status":"closed","ping_status":"closed","template":"views\/template-documents.blade.php","meta":{"footnotes":""},"class_list":["post-42821","page","type-page","status-publish","hentry"],"acf":[],"_links":{"self":[{"href":"https:\/\/ubfc-preprod.u-bourgogne.fr\/en\/wp-json\/wp\/v2\/pages\/42821","targetHints":{"allow":["GET"]}}],"collection":[{"href":"https:\/\/ubfc-preprod.u-bourgogne.fr\/en\/wp-json\/wp\/v2\/pages"}],"about":[{"href":"https:\/\/ubfc-preprod.u-bourgogne.fr\/en\/wp-json\/wp\/v2\/types\/page"}],"author":[{"embeddable":true,"href":"https:\/\/ubfc-preprod.u-bourgogne.fr\/en\/wp-json\/wp\/v2\/users\/18"}],"replies":[{"embeddable":true,"href":"https:\/\/ubfc-preprod.u-bourgogne.fr\/en\/wp-json\/wp\/v2\/comments?post=42821"}],"version-history":[{"count":12,"href":"https:\/\/ubfc-preprod.u-bourgogne.fr\/en\/wp-json\/wp\/v2\/pages\/42821\/revisions"}],"predecessor-version":[{"id":43178,"href":"https:\/\/ubfc-preprod.u-bourgogne.fr\/en\/wp-json\/wp\/v2\/pages\/42821\/revisions\/43178"}],"up":[{"embeddable":true,"href":"https:\/\/ubfc-preprod.u-bourgogne.fr\/en\/wp-json\/wp\/v2\/pages\/42695"}],"wp:attachment":[{"href":"https:\/\/ubfc-preprod.u-bourgogne.fr\/en\/wp-json\/wp\/v2\/media?parent=42821"}],"curies":[{"name":"wp","href":"https:\/\/api.w.org\/{rel}","templated":true}]}}