{"id":42162,"date":"2020-02-14T10:22:21","date_gmt":"2020-02-14T09:22:21","guid":{"rendered":"https:\/\/www.ubfc.fr\/?page_id=42162"},"modified":"2020-11-04T15:24:16","modified_gmt":"2020-11-04T14:24:16","slug":"comment-quand-et-ou-voter","status":"publish","type":"page","link":"https:\/\/ubfc-preprod.u-bourgogne.fr\/en\/ubfc\/elections-2020-ubfc\/comment-quand-et-ou-voter\/","title":{"rendered":"Comment, quand et o\u00f9 voter ?"},"content":{"rendered":"\t\t<div data-elementor-type=\"wp-page\" data-elementor-id=\"42162\" class=\"elementor elementor-42162\" data-elementor-post-type=\"page\">\n\t\t\t\t\t\t<section class=\"elementor-section elementor-top-section elementor-element elementor-element-498af02 elementor-section-boxed elementor-section-height-default elementor-section-height-default\" data-id=\"498af02\" data-element_type=\"section\" data-e-type=\"section\">\n\t\t\t\t\t\t<div class=\"elementor-container elementor-column-gap-default\">\n\t\t\t\t\t<div class=\"elementor-column elementor-col-100 elementor-top-column elementor-element elementor-element-9492cff\" data-id=\"9492cff\" data-element_type=\"column\" data-e-type=\"column\">\n\t\t\t<div class=\"elementor-widget-wrap elementor-element-populated\">\n\t\t\t\t\t\t<div class=\"elementor-element elementor-element-fd525a2 elementor-widget elementor-widget-image\" data-id=\"fd525a2\" data-element_type=\"widget\" data-e-type=\"widget\" data-widget_type=\"image.default\">\n\t\t\t\t<div class=\"elementor-widget-container\">\n\t\t\t\t\t\t\t\t\t\t\t\t\t\t\t<img fetchpriority=\"high\" decoding=\"async\" width=\"724\" height=\"1024\" src=\"https:\/\/ubfc-preprod.u-bourgogne.fr\/wp-content\/uploads\/2020\/09\/INFO3_QD_COMT_OU_VOTER-V2-724x1024.jpg\" class=\"attachment-large size-large wp-image-46395\" alt=\"\" srcset=\"https:\/\/ubfc-preprod.u-bourgogne.fr\/wp-content\/uploads\/2020\/09\/INFO3_QD_COMT_OU_VOTER-V2-724x1024.jpg 724w, https:\/\/ubfc-preprod.u-bourgogne.fr\/wp-content\/uploads\/2020\/09\/INFO3_QD_COMT_OU_VOTER-V2-212x300.jpg 212w, https:\/\/ubfc-preprod.u-bourgogne.fr\/wp-content\/uploads\/2020\/09\/INFO3_QD_COMT_OU_VOTER-V2-768x1086.jpg 768w, https:\/\/ubfc-preprod.u-bourgogne.fr\/wp-content\/uploads\/2020\/09\/INFO3_QD_COMT_OU_VOTER-V2-1086x1536.jpg 1086w, https:\/\/ubfc-preprod.u-bourgogne.fr\/wp-content\/uploads\/2020\/09\/INFO3_QD_COMT_OU_VOTER-V2-1448x2048.jpg 1448w, https:\/\/ubfc-preprod.u-bourgogne.fr\/wp-content\/uploads\/2020\/09\/INFO3_QD_COMT_OU_VOTER-V2-scaled.jpg 1810w\" sizes=\"(max-width: 724px) 100vw, 724px\" \/>\t\t\t\t\t\t\t\t\t\t\t\t\t\t\t<\/div>\n\t\t\t\t<\/div>\n\t\t\t\t\t<\/div>\n\t\t<\/div>\n\t\t\t\t\t<\/div>\n\t\t<\/section>\n\t\t\t\t<section class=\"elementor-section elementor-top-section elementor-element elementor-element-c393b5b elementor-section-boxed elementor-section-height-default elementor-section-height-default\" data-id=\"c393b5b\" data-element_type=\"section\" data-e-type=\"section\">\n\t\t\t\t\t\t<div class=\"elementor-container elementor-column-gap-default\">\n\t\t\t\t\t<div class=\"elementor-column elementor-col-100 elementor-top-column elementor-element elementor-element-ed32d1b\" data-id=\"ed32d1b\" data-element_type=\"column\" data-e-type=\"column\">\n\t\t\t<div class=\"elementor-widget-wrap elementor-element-populated\">\n\t\t\t\t\t\t<div class=\"elementor-element elementor-element-efddf3f elementor-widget elementor-widget-text-editor\" data-id=\"efddf3f\" data-element_type=\"widget\" data-e-type=\"widget\" data-widget_type=\"text-editor.default\">\n\t\t\t\t<div class=\"elementor-widget-container\">\n\t\t\t\t\t\t\t\t\t<div><span style=\"font-size: 18pt\"><strong>Mise \u00e0 disposition d&#8217;ordinateurs :<\/strong><\/span><\/div><div>\u00a0<\/div><div>Si vous ne disposez pas de mat\u00e9riel informatique, ou du mat\u00e9riel ad\u00e9quat, ou que vous rencontrez des difficult\u00e9s dans le vote, du mat\u00e9riel est mis \u00e0 votre disposition dans au sein des \u00e9tablissements pour vous permettre de voter.<\/div><div>\u00a0<\/div><div>Au regard de la situation sanitaire et afin de se conformer aux r\u00e8glementations applicables, vous devez pr\u00e9venir pr\u00e9alablement votre \u00e9tablissement de votre d\u00e9marche.<\/div><div>\u00a0<\/div><div>Pour les \u00e9tablissements, vous pouvez vous rendre :<\/div><ul><li><a href=\"https:\/\/www.ubfc.fr\/wp-content\/uploads\/2020\/11\/Mise-\u00e0-disposition-dordinateurs_UFC.pdf\">UFC<\/a><\/li><li><a href=\"https:\/\/www.ubfc.fr\/wp-content\/uploads\/2020\/11\/Mise-\u00e0-disposition-dordinateurs_UB-1.pdf\">uB<\/a><\/li><li><a href=\"https:\/\/www.ubfc.fr\/wp-content\/uploads\/2020\/11\/Mise-\u00e0-disposition-dordinateurs_ESC-DIJON-BOURGOGNE.pdf\">BSB<\/a><\/li><li><a href=\"https:\/\/www.ubfc.fr\/wp-content\/uploads\/2020\/11\/Mise-\u00e0-disposition-dordinateurs_UBFC.pdf\">UBFC<\/a><\/li><li><a href=\"https:\/\/www.ubfc.fr\/wp-content\/uploads\/2020\/11\/Mise-\u00e0-disposition-dordinateurs_ENSAM.pdf\">ENSAM<\/a><\/li><li><a href=\"https:\/\/www.ubfc.fr\/wp-content\/uploads\/2020\/11\/Mise-\u00e0-disposition-dordinateurs_UTBM.pdf\">UTBM<\/a><\/li><li><a href=\"https:\/\/www.ubfc.fr\/wp-content\/uploads\/2020\/11\/Mise-\u00e0-disposition-dordinateurs_ENSMM.pdf\">ENSMM<\/a><\/li><\/ul><div>Pour toute difficult\u00e9, nous nous invitons \u00e0 contacter l&#8217;adresse mail <span id=\"OBJ_PREFIX_DWT4880_ZmEmailObjectHandler\" class=\"Object\"><span id=\"OBJ_PREFIX_DWT4889_ZmEmailObjectHandler\" class=\"Object\"><span id=\"OBJ_PREFIX_DWT13271_ZmEmailObjectHandler\" class=\"Object\" role=\"link\"><span id=\"OBJ_PREFIX_DWT13273_ZmEmailObjectHandler\" class=\"Object\" role=\"link\"><a href=\"mailto:elections@ubfc.fr\" target=\"_blank\" rel=\"nofollow noopener noreferrer nofollow noopener noreferrer\">elections@ubfc.fr<\/a><\/span><\/span><\/span><\/span> ou \u00e0 appeler le 03 63 08 <strong>26 36<\/strong> \/ 03 63 08 <strong>26 40<\/strong> \/ 03 63 08 <strong>26 50<\/strong> pour organiser votre vote.<\/div>\t\t\t\t\t\t\t\t<\/div>\n\t\t\t\t<\/div>\n\t\t\t\t\t<\/div>\n\t\t<\/div>\n\t\t\t\t\t<\/div>\n\t\t<\/section>\n\t\t\t\t<\/div>\n\t\t","protected":false},"excerpt":{"rendered":"<p>Mise \u00e0 disposition d&#8217;ordinateurs :\u00a0Si vous ne disposez pas de mat\u00e9riel informatique, ou du mat\u00e9riel ad\u00e9quat, ou que vous rencontrez des difficult\u00e9s dans le vote, du mat\u00e9riel est mis \u00e0 votre disposition dans au sein des \u00e9tablissements pour vous permettre de voter.\u00a0Au regard de la situation sanitaire et afin de se conformer aux r\u00e8glementations applicables, &hellip; <a href=\"https:\/\/ubfc-preprod.u-bourgogne.fr\/en\/ubfc\/elections-2020-ubfc\/comment-quand-et-ou-voter\/\">Continued<\/a><\/p>\n","protected":false},"author":18,"featured_media":0,"parent":41717,"menu_order":208,"comment_status":"closed","ping_status":"closed","template":"","meta":{"footnotes":""},"class_list":["post-42162","page","type-page","status-publish","hentry"],"acf":[],"_links":{"self":[{"href":"https:\/\/ubfc-preprod.u-bourgogne.fr\/en\/wp-json\/wp\/v2\/pages\/42162","targetHints":{"allow":["GET"]}}],"collection":[{"href":"https:\/\/ubfc-preprod.u-bourgogne.fr\/en\/wp-json\/wp\/v2\/pages"}],"about":[{"href":"https:\/\/ubfc-preprod.u-bourgogne.fr\/en\/wp-json\/wp\/v2\/types\/page"}],"author":[{"embeddable":true,"href":"https:\/\/ubfc-preprod.u-bourgogne.fr\/en\/wp-json\/wp\/v2\/users\/18"}],"replies":[{"embeddable":true,"href":"https:\/\/ubfc-preprod.u-bourgogne.fr\/en\/wp-json\/wp\/v2\/comments?post=42162"}],"version-history":[{"count":13,"href":"https:\/\/ubfc-preprod.u-bourgogne.fr\/en\/wp-json\/wp\/v2\/pages\/42162\/revisions"}],"predecessor-version":[{"id":48594,"href":"https:\/\/ubfc-preprod.u-bourgogne.fr\/en\/wp-json\/wp\/v2\/pages\/42162\/revisions\/48594"}],"up":[{"embeddable":true,"href":"https:\/\/ubfc-preprod.u-bourgogne.fr\/en\/wp-json\/wp\/v2\/pages\/41717"}],"wp:attachment":[{"href":"https:\/\/ubfc-preprod.u-bourgogne.fr\/en\/wp-json\/wp\/v2\/media?parent=42162"}],"curies":[{"name":"wp","href":"https:\/\/api.w.org\/{rel}","templated":true}]}}