{"id":42152,"date":"2020-02-14T10:23:43","date_gmt":"2020-02-14T09:23:43","guid":{"rendered":"https:\/\/www.ubfc.fr\/?page_id=42152"},"modified":"2020-11-03T11:48:13","modified_gmt":"2020-11-03T10:48:13","slug":"ou-et-quand-consulter-les-listes-de-candidats-et-leur-profession-de-foi","status":"publish","type":"page","link":"https:\/\/ubfc-preprod.u-bourgogne.fr\/en\/ubfc\/elections-2020-ubfc\/ou-et-quand-consulter-les-listes-de-candidats-et-leur-profession-de-foi\/","title":{"rendered":"O\u00f9 et quand consulter les listes de candidats et leur profession de foi ?"},"content":{"rendered":"\t\t<div data-elementor-type=\"wp-page\" data-elementor-id=\"42152\" class=\"elementor elementor-42152\" data-elementor-post-type=\"page\">\n\t\t\t\t\t\t<section class=\"elementor-section elementor-top-section elementor-element elementor-element-cf93099 elementor-section-boxed elementor-section-height-default elementor-section-height-default\" data-id=\"cf93099\" data-element_type=\"section\" data-e-type=\"section\">\n\t\t\t\t\t\t<div class=\"elementor-container elementor-column-gap-default\">\n\t\t\t\t\t<div class=\"elementor-column elementor-col-100 elementor-top-column elementor-element elementor-element-039d39e\" data-id=\"039d39e\" data-element_type=\"column\" data-e-type=\"column\">\n\t\t\t<div class=\"elementor-widget-wrap elementor-element-populated\">\n\t\t\t\t\t\t<div class=\"elementor-element elementor-element-68aaf8d elementor-widget elementor-widget-text-editor\" data-id=\"68aaf8d\" data-element_type=\"widget\" data-e-type=\"widget\" data-widget_type=\"text-editor.default\">\n\t\t\t\t<div class=\"elementor-widget-container\">\n\t\t\t\t\t\t\t\t\t<p>Les listes de candidats et leur profession de foi sont consultables dans cet espace.<\/p>\t\t\t\t\t\t\t\t<\/div>\n\t\t\t\t<\/div>\n\t\t\t\t\t<\/div>\n\t\t<\/div>\n\t\t\t\t\t<\/div>\n\t\t<\/section>\n\t\t\t\t<section class=\"elementor-section elementor-top-section elementor-element elementor-element-ec2a801 elementor-section-boxed elementor-section-height-default elementor-section-height-default\" data-id=\"ec2a801\" data-element_type=\"section\" data-e-type=\"section\">\n\t\t\t\t\t\t<div class=\"elementor-container elementor-column-gap-default\">\n\t\t\t\t\t<div class=\"elementor-column elementor-col-100 elementor-top-column elementor-element elementor-element-fbff021\" data-id=\"fbff021\" data-element_type=\"column\" data-e-type=\"column\">\n\t\t\t<div class=\"elementor-widget-wrap elementor-element-populated\">\n\t\t\t\t\t\t<div class=\"elementor-element elementor-element-008dbaf elementor-widget elementor-widget-heading\" data-id=\"008dbaf\" data-element_type=\"widget\" data-e-type=\"widget\" data-widget_type=\"heading.default\">\n\t\t\t\t<div class=\"elementor-widget-container\">\n\t\t\t\t\t<h2 class=\"elementor-heading-title elementor-size-default\">Conseil d'administration - CA<\/h2>\t\t\t\t<\/div>\n\t\t\t\t<\/div>\n\t\t\t\t\t<\/div>\n\t\t<\/div>\n\t\t\t\t\t<\/div>\n\t\t<\/section>\n\t\t\t\t<section class=\"elementor-section elementor-top-section elementor-element elementor-element-90a9edf elementor-section-boxed elementor-section-height-default elementor-section-height-default\" data-id=\"90a9edf\" data-element_type=\"section\" data-e-type=\"section\">\n\t\t\t\t\t\t<div class=\"elementor-container elementor-column-gap-default\">\n\t\t\t\t\t<div class=\"elementor-column elementor-col-100 elementor-top-column elementor-element elementor-element-4066e12\" data-id=\"4066e12\" data-element_type=\"column\" data-e-type=\"column\">\n\t\t\t<div class=\"elementor-widget-wrap elementor-element-populated\">\n\t\t\t\t\t\t<div class=\"elementor-element elementor-element-a366dee elementor-widget elementor-widget-text-editor\" data-id=\"a366dee\" data-element_type=\"widget\" data-e-type=\"widget\" data-widget_type=\"text-editor.default\">\n\t\t\t\t<div class=\"elementor-widget-container\">\n\t\t\t\t\t\t\t\t\t<p><strong>Coll\u00e8ge A<\/strong><\/p><ol><li><a href=\"https:\/\/www.ubfc.fr\/wp-content\/uploads\/2020\/10\/1-1-Pour-l\u2019Universite\u0301-Bourgogne-\u2013-Franche-Comte\u0301-\u2013-une-universite\u0301-de-Recherche-Fe\u0301de\u0301rale-et-Attractive.pdf\">Pour l\u2019Universit\u00e9 Bourgogne \u2013 Franche-Comt\u00e9, une universit\u00e9 de Recherche, F\u00e9d\u00e9rale et Attractive<\/a>\u00a0\/ <a href=\"https:\/\/www.ubfc.fr\/wp-content\/uploads\/2020\/10\/1-1-PF-Pour-l\u2019Universite\u0301-Bourgogne-\u2013-Franche-Comte\u0301-\u2013-une-universite\u0301-de-Recherche-Fe\u0301de\u0301rale-et-Attractive-1.pdf\">Profession de foi<\/a><\/li><li><a href=\"https:\/\/www.ubfc.fr\/wp-content\/uploads\/2020\/10\/1-2-De\u0301fendre-la-de\u0301mocratie-les-liberte\u0301s-universitaires-Re\u0301sister-et-reconstruire-SNESUP-FSU.pdf\">D\u00e9fendre la d\u00e9mocratie, les libert\u00e9s universitaires\u00a0; R\u00e9sister et reconstruire (<em>SNESUP FSU<\/em>)<\/a>\u00a0\/ <a href=\"https:\/\/www.ubfc.fr\/wp-content\/uploads\/2020\/10\/1-2-PF-SNESUP-1.pdf\">Profession de foi<\/a><\/li><\/ol><p><strong>Coll\u00e8ge B<\/strong><\/p><ol><li><a href=\"https:\/\/www.ubfc.fr\/wp-content\/uploads\/2020\/10\/2-1-Pour-l\u2019Universite\u0301-Bourgogne-\u2013-Franche-Comte\u0301-\u2013-une-universite\u0301-de-Recherche.pdf\">Pour l\u2019Universit\u00e9 Bourgogne \u2013 Franche-Comt\u00e9, une universit\u00e9 de Recherche, F\u00e9d\u00e9rale et Attractive<\/a>\u00a0\/ <a href=\"https:\/\/www.ubfc.fr\/wp-content\/uploads\/2020\/10\/2-1-PF-Pour-l\u2019Universite\u0301-Bourgogne-\u2013-Franche-Comte\u0301-\u2013-une-universite\u0301-de-Recherche-Fe\u0301de\u0301rale-et-Attractive-2.pdf\">Profession de foi<\/a><\/li><li><a href=\"https:\/\/www.ubfc.fr\/wp-content\/uploads\/2020\/10\/2-2-D\u00e9fendre-la-d\u00e9mocratie-les-libert\u00e9s-universitaires-R\u00e9sister-et-reconstruire-SNESUP-FSU.pdf\">D\u00e9fendre la d\u00e9mocratie, les libert\u00e9s universitaires\u00a0; R\u00e9sister et reconstruire (<em>SNESUP FSU<\/em>)<\/a> \/ <a href=\"https:\/\/www.ubfc.fr\/wp-content\/uploads\/2020\/10\/2-2-PF-SNESUP-2.pdf\">Profession de foi<\/a><\/li><\/ol><p><strong>Coll\u00e8ge C<\/strong><\/p><ol><li><a href=\"https:\/\/www.ubfc.fr\/wp-content\/uploads\/2020\/10\/3-1-UNSA-EDUCATION-SEA-UNSA.pdf\">UNSA EDUCATION \u2013 SEA UNSA<\/a>\u00a0\/ <a href=\"https:\/\/www.ubfc.fr\/wp-content\/uploads\/2020\/10\/3-1-PF-UNSA-1.pdf\">Profession de foi<\/a><\/li><li><a href=\"https:\/\/www.ubfc.fr\/wp-content\/uploads\/2020\/10\/3-2-SNPTES.pdf\">SNPTES<\/a>\u00a0\/ <a href=\"https:\/\/www.ubfc.fr\/wp-content\/uploads\/2020\/10\/3-2-PF-SNPTES-1.pdf\">Profession de foi<\/a><\/li><li><a href=\"https:\/\/www.ubfc.fr\/wp-content\/uploads\/2020\/10\/3-3-SNASUB-FSU.pdf\">SNASUB FSU<\/a>\u00a0\/ <a href=\"https:\/\/www.ubfc.fr\/wp-content\/uploads\/2020\/10\/3-3-PF-SNASUB-FSU-CA-1.pdf\">Profession de foi<\/a><\/li><li><a href=\"https:\/\/www.ubfc.fr\/wp-content\/uploads\/2020\/10\/3-4-Pour-l\u2019Universite\u0301-Bourgogne-\u2013-Franche-Comte\u0301-\u2013-une-universite\u0301-de-Recherche-Fe\u0301de\u0301rale-et-Attractive-SGEN-CFDT.pdf\">Pour l\u2019Universit\u00e9 Bourgogne \u2013 Franche-Comt\u00e9, une universit\u00e9 de Recherche, F\u00e9d\u00e9rale et Attractive (<em>SGEN-CFDT<\/em>)<\/a>\u00a0\/ <a href=\"https:\/\/www.ubfc.fr\/wp-content\/uploads\/2020\/10\/3-4-PF-Pour-l\u2019Universite\u0301-Bourgogne-\u2013-Franche-Comte\u0301-\u2013-une-universite\u0301-de-Recherche-Fe\u0301de\u0301rale-et-Attractive-1.pdf\">Profession de foi<\/a><\/li><\/ol><p><strong>\u00a0<\/strong><strong>Coll\u00e8ge D<\/strong><\/p><ol><li><a href=\"https:\/\/www.ubfc.fr\/wp-content\/uploads\/2020\/10\/4-1-Pour-une-universite\u0301-e\u0301cologique-et-sociale-avec-l\u2019UNEF-et-CGT-salarie\u0301.e.s-e\u0301tudiant.e.pdf\">Pour une universit\u00e9 \u00e9cologique et sociale avec l\u2019UNEF et CGT salari\u00e9.e.s \u00e9tudiant.e.s (<em>UNEF, CGT<\/em>)<\/a> \/ <a href=\"https:\/\/www.ubfc.fr\/wp-content\/uploads\/2020\/10\/4-1-PF-UNEF.pdf\">Profession de foi<\/a><\/li><li><a href=\"https:\/\/www.ubfc.fr\/wp-content\/uploads\/2020\/10\/4-2-UNI-on-agit-tu-re\u0301ussis-.pdf\">UNI : on agit, tu r\u00e9ussis ! (<em>Action IUT, AFED, Universit\u00e9 emploi, Campus vert, Stop les blocages, SGEG, Promotion IAE, CES, UNI, BU by night, FEEL, FLLASH\u2019HS<\/em>)<\/a> \/ <a href=\"https:\/\/www.ubfc.fr\/wp-content\/uploads\/2020\/10\/4-2-PF-UNI.pdf\">Profession de foi<\/a><\/li><li><a href=\"https:\/\/www.ubfc.fr\/wp-content\/uploads\/2020\/10\/4-3-Bouge-tes-Campus-faire-la-diffe\u0301rence.pdf\">Bouge tes campus : faire la diff\u00e9rence (<em>F\u00e9d\u00e9ration \u00e9tudiante de Bourgogne inter-Associative, Besan\u00e7on et ses Associations F\u00e9d\u00e9r\u00e9es, FAGE, ANEPF, ARES, ANESTAPS, AFNEG, ANEIC, FNESI, FNEK, AFNEUS<\/em>)<\/a> \/ <a href=\"https:\/\/www.ubfc.fr\/wp-content\/uploads\/2020\/10\/4-3-PF-Bouge-tes-campus.pdf\">Profession de foi<\/a><\/li><\/ol>\t\t\t\t\t\t\t\t<\/div>\n\t\t\t\t<\/div>\n\t\t\t\t\t<\/div>\n\t\t<\/div>\n\t\t\t\t\t<\/div>\n\t\t<\/section>\n\t\t\t\t<section class=\"elementor-section elementor-top-section elementor-element elementor-element-e0f2734 elementor-section-boxed elementor-section-height-default elementor-section-height-default\" data-id=\"e0f2734\" data-element_type=\"section\" data-e-type=\"section\">\n\t\t\t\t\t\t<div class=\"elementor-container elementor-column-gap-default\">\n\t\t\t\t\t<div class=\"elementor-column elementor-col-100 elementor-top-column elementor-element elementor-element-728ac00\" data-id=\"728ac00\" data-element_type=\"column\" data-e-type=\"column\">\n\t\t\t<div class=\"elementor-widget-wrap elementor-element-populated\">\n\t\t\t\t\t\t<div class=\"elementor-element elementor-element-6b9d2a5 elementor-widget elementor-widget-heading\" data-id=\"6b9d2a5\" data-element_type=\"widget\" data-e-type=\"widget\" data-widget_type=\"heading.default\">\n\t\t\t\t<div class=\"elementor-widget-container\">\n\t\t\t\t\t<h2 class=\"elementor-heading-title elementor-size-default\">Conseil acad\u00e9mique - CAC<\/h2>\t\t\t\t<\/div>\n\t\t\t\t<\/div>\n\t\t\t\t\t<\/div>\n\t\t<\/div>\n\t\t\t\t\t<\/div>\n\t\t<\/section>\n\t\t\t\t<section class=\"elementor-section elementor-top-section elementor-element elementor-element-556ada7 elementor-section-boxed elementor-section-height-default elementor-section-height-default\" data-id=\"556ada7\" data-element_type=\"section\" data-e-type=\"section\">\n\t\t\t\t\t\t<div class=\"elementor-container elementor-column-gap-default\">\n\t\t\t\t\t<div class=\"elementor-column elementor-col-100 elementor-top-column elementor-element elementor-element-a9c4405\" data-id=\"a9c4405\" data-element_type=\"column\" data-e-type=\"column\">\n\t\t\t<div class=\"elementor-widget-wrap elementor-element-populated\">\n\t\t\t\t\t\t<div class=\"elementor-element elementor-element-66507b1 elementor-widget elementor-widget-text-editor\" data-id=\"66507b1\" data-element_type=\"widget\" data-e-type=\"widget\" data-widget_type=\"text-editor.default\">\n\t\t\t\t<div class=\"elementor-widget-container\">\n\t\t\t\t\t\t\t\t\t<p><strong>Coll\u00e8ge A<\/strong><\/p><ol><li><a href=\"https:\/\/www.ubfc.fr\/wp-content\/uploads\/2020\/10\/5-1-De\u0301fendre-la-de\u0301mocratie-les-liberte\u0301s-universitaires-Re\u0301sister-et-reconstruire-SNESUP-FSU.pdf\">D\u00e9fendre la d\u00e9mocratie, les libert\u00e9s universitaires\u00a0; R\u00e9sister et reconstruire (<em>SNESUP FSU<\/em>)<\/a>\u00a0\/ <a href=\"https:\/\/www.ubfc.fr\/wp-content\/uploads\/2020\/10\/5-1-PF-SNESUP.pdf\">Profession de foi<\/a><\/li><li><a href=\"https:\/\/www.ubfc.fr\/wp-content\/uploads\/2020\/10\/5-2-Pour-l\u2019Universite\u0301-Bourgogne-\u2013-Franche-Comte\u0301-\u2013-une-universite\u0301-de-Recherche-Fe\u0301de\u0301rale-et-Attractive.pdf\">Pour l\u2019Universit\u00e9 Bourgogne \u2013 Franche-Comt\u00e9, une universit\u00e9 de Recherche, F\u00e9d\u00e9rale et Attractive<\/a>\u00a0\/ <a href=\"https:\/\/www.ubfc.fr\/wp-content\/uploads\/2020\/10\/5-2-PF-Pour-l\u2019Universite\u0301-Bourgogne-\u2013-Franche-Comte\u0301-\u2013-une-universite\u0301-de-Recherche-Fe\u0301de\u0301rale-et-Attractive.pdf\">Profession de foi<\/a><\/li><\/ol><p><strong>\u00a0<\/strong><strong>Coll\u00e8ge B<\/strong><strong>\u00a0<\/strong><\/p><ol><li><a href=\"https:\/\/www.ubfc.fr\/wp-content\/uploads\/2020\/10\/6-1-Pour-l\u2019Universite\u0301-Bourgogne-\u2013-Franche-Comte\u0301-\u2013-une-universite\u0301-de-Recherche-Fe\u0301de\u0301rale-et-Attractive.pdf\">Pour l&#8217;Universit\u00e9 Bourgogne &#8211; Franche-Comt\u00e9 &#8211; une universit\u00e9 de Recherche, F\u00e9d\u00e9rale et Attractive<\/a>\u00a0\/ <a href=\"https:\/\/www.ubfc.fr\/wp-content\/uploads\/2020\/10\/6-1-PF-Pour-l\u2019Universite\u0301-Bourgogne-\u2013-Franche-Comte\u0301-\u2013-une-universite\u0301-de-Recherche-Fe\u0301de\u0301rale-et-Attractive.pdf\">Profession de foi<\/a><\/li><li><a href=\"https:\/\/www.ubfc.fr\/wp-content\/uploads\/2020\/10\/6-2-De\u0301fendre-la-de\u0301mocratie-les-liberte\u0301s-universitaires-Re\u0301sister-et-reconstruire-SNESUP.pdf\">D\u00e9fendre la d\u00e9mocratie, les libert\u00e9s universitaires ; R\u00e9sister et reconstruire (<em>SNESUP &#8211; FSU<\/em>)<\/a> \/ <a href=\"https:\/\/www.ubfc.fr\/wp-content\/uploads\/2020\/10\/6-2-PF-SNESUP.pdf\">Profession de foi<\/a><\/li><\/ol><p><strong>\u00a0<\/strong><strong>Coll\u00e8ge C<\/strong><\/p><ol><li><a href=\"https:\/\/www.ubfc.fr\/wp-content\/uploads\/2020\/10\/7-1-SNPTES.pdf\">SNPTES<\/a>\u00a0\/ <a href=\"https:\/\/www.ubfc.fr\/wp-content\/uploads\/2020\/10\/7-1-PF-SNPTES.pdf\">Profession de foi<\/a><\/li><li><a href=\"https:\/\/www.ubfc.fr\/wp-content\/uploads\/2020\/10\/7-2-UNSA-EDUCATION-SEA-UNSA.pdf\">UNSA EDUCATION \u2013 SEA UNSA<\/a>\u00a0\/ <a href=\"https:\/\/www.ubfc.fr\/wp-content\/uploads\/2020\/10\/7-2-PF-UNSA.pdf\">Profession de foi<\/a><\/li><li><a href=\"https:\/\/www.ubfc.fr\/wp-content\/uploads\/2020\/10\/7-3-Pour-l\u2019Universite\u0301-Bourgogne-\u2013-Franche-Comte\u0301-\u2013-une-universite\u0301-de-Recherche-SGEN-CFDT.pdf\">Pour l\u2019Universit\u00e9 Bourgogne \u2013 Franche-Comt\u00e9, une universit\u00e9 de Recherche, F\u00e9d\u00e9rale et Attractive (<em>SGEN-CFDT<\/em>)<\/a>\u00a0\/ <a href=\"https:\/\/www.ubfc.fr\/wp-content\/uploads\/2020\/10\/7-3-PF-Pour-l\u2019Universite\u0301-Bourgogne-\u2013-Franche-Comte\u0301-\u2013-une-universite\u0301-de-Recherche-Fe\u0301de\u0301rale-et-Attractive.pdf\">Profession de foi<\/a><\/li><li><a href=\"https:\/\/www.ubfc.fr\/wp-content\/uploads\/2020\/10\/7-4-SNASUB-FSU.pdf\">SNASUB FSU<\/a>\u00a0\/ <a href=\"https:\/\/www.ubfc.fr\/wp-content\/uploads\/2020\/10\/7-4-PF-SNASUB-FSU.pdf\">Profession de foi<\/a><\/li><\/ol><p><strong>\u00a0<\/strong><strong>Coll\u00e8ge D<\/strong><\/p><p>Aucune liste n\u2019ayant \u00e9t\u00e9 d\u00e9pos\u00e9e pour ce coll\u00e8ge, le scrutin est report\u00e9 \u00e0 une date ult\u00e9rieure, date qui sera fix\u00e9e apr\u00e8s consultation du comit\u00e9 \u00e9lectoral consultatif d\u2019UBFC.<\/p><p><strong>Coll\u00e8ge E<\/strong><\/p><ol><li><a href=\"https:\/\/www.ubfc.fr\/wp-content\/uploads\/2020\/10\/8-1-UNI-on-agit-tu-re\u0301ussis-.pdf\">UNI : on agit, tu r\u00e9ussis ! (<em>Action IUT, AFED, Universit\u00e9 emploi, Campus vert, Stop les blocages, SGEG, Promotion IAE, CES, UNI, BU by night, FEEL, FLLASH\u2019HS<\/em>)<\/a>\u00a0\/ <a href=\"https:\/\/www.ubfc.fr\/wp-content\/uploads\/2020\/10\/8-1-PF-UNI.pdf\">Profession de foi<\/a><\/li><li><a href=\"https:\/\/www.ubfc.fr\/wp-content\/uploads\/2020\/10\/8-2-Bouge-tes-campus-faire-la-diffe\u0301rence.pdf\">Bouge tes campus : faire la diff\u00e9rence (<em>F\u00e9d\u00e9ration \u00e9tudiante de Bourgogne inter-Associative, Besan\u00e7on et ses Associations F\u00e9d\u00e9r\u00e9es, FAGE, ANEPF, ARES, ANESTAPS, AFNEG, ANEIC, FNESI, FNEK, AFNEUS<\/em>)<\/a>\u00a0\/ <a href=\"https:\/\/www.ubfc.fr\/wp-content\/uploads\/2020\/10\/8-2-PF-Bouge-tes-campus.pdf\">Profession de foi<\/a><\/li><li><a href=\"https:\/\/www.ubfc.fr\/wp-content\/uploads\/2020\/10\/8-3-Pour-une-universite\u0301-e\u0301cologique-et-sociale-avec-l\u2019UNEF-et-CGT-salarie\u0301.e.s-e\u0301tudiant.e.pdf\">Pour une universit\u00e9 \u00e9cologique et sociale avec l\u2019UNEF et CGT salari\u00e9.e.s \u00e9tudiant.e.s (<em>UNEF, CGT<\/em>)<\/a>\u00a0\/ <a href=\"https:\/\/www.ubfc.fr\/wp-content\/uploads\/2020\/10\/8-3-PF-UNEF.pdf\">Profession de foi<\/a><\/li><\/ol>\t\t\t\t\t\t\t\t<\/div>\n\t\t\t\t<\/div>\n\t\t\t\t\t<\/div>\n\t\t<\/div>\n\t\t\t\t\t<\/div>\n\t\t<\/section>\n\t\t\t\t<section class=\"elementor-section elementor-top-section elementor-element elementor-element-a05c9a5 elementor-section-boxed elementor-section-height-default elementor-section-height-default\" data-id=\"a05c9a5\" data-element_type=\"section\" data-e-type=\"section\">\n\t\t\t\t\t\t<div class=\"elementor-container elementor-column-gap-default\">\n\t\t\t\t\t<div class=\"elementor-column elementor-col-100 elementor-top-column elementor-element elementor-element-c6cbde5\" data-id=\"c6cbde5\" data-element_type=\"column\" data-e-type=\"column\">\n\t\t\t<div class=\"elementor-widget-wrap elementor-element-populated\">\n\t\t\t\t\t\t<div class=\"elementor-element elementor-element-2a6cdf3 elementor-widget-divider--view-line elementor-widget elementor-widget-divider\" data-id=\"2a6cdf3\" data-element_type=\"widget\" data-e-type=\"widget\" data-widget_type=\"divider.default\">\n\t\t\t\t<div class=\"elementor-widget-container\">\n\t\t\t\t\t\t\t<div class=\"elementor-divider\">\n\t\t\t<span class=\"elementor-divider-separator\">\n\t\t\t\t\t\t<\/span>\n\t\t<\/div>\n\t\t\t\t\t\t<\/div>\n\t\t\t\t<\/div>\n\t\t\t\t\t<\/div>\n\t\t<\/div>\n\t\t\t\t\t<\/div>\n\t\t<\/section>\n\t\t\t\t<section class=\"elementor-section elementor-top-section elementor-element elementor-element-7f9883a elementor-section-boxed elementor-section-height-default elementor-section-height-default\" data-id=\"7f9883a\" data-element_type=\"section\" data-e-type=\"section\">\n\t\t\t\t\t\t<div class=\"elementor-container elementor-column-gap-default\">\n\t\t\t\t\t<div class=\"elementor-column elementor-col-100 elementor-top-column elementor-element elementor-element-0677ec9\" data-id=\"0677ec9\" data-element_type=\"column\" data-e-type=\"column\">\n\t\t\t<div class=\"elementor-widget-wrap elementor-element-populated\">\n\t\t\t\t\t\t<div class=\"elementor-element elementor-element-2c805db elementor-widget elementor-widget-text-editor\" data-id=\"2c805db\" data-element_type=\"widget\" data-e-type=\"widget\" data-widget_type=\"text-editor.default\">\n\t\t\t\t<div class=\"elementor-widget-container\">\n\t\t\t\t\t\t\t\t\t<p>Listes et professions de foi publi\u00e9es le 21 octobre 2020.<br \/>Listes et professions de foi du coll\u00e8ge D \/ CA publi\u00e9es le 22 octobre 2020.<\/p>\t\t\t\t\t\t\t\t<\/div>\n\t\t\t\t<\/div>\n\t\t\t\t\t<\/div>\n\t\t<\/div>\n\t\t\t\t\t<\/div>\n\t\t<\/section>\n\t\t\t\t<\/div>\n\t\t","protected":false},"excerpt":{"rendered":"<p>Les listes de candidats et leur profession de foi sont consultables dans cet espace. Conseil d&#8217;administration &#8211; CA Coll\u00e8ge A Pour l\u2019Universit\u00e9 Bourgogne \u2013 Franche-Comt\u00e9, une universit\u00e9 de Recherche, F\u00e9d\u00e9rale et Attractive\u00a0\/ Profession de foi D\u00e9fendre la d\u00e9mocratie, les libert\u00e9s universitaires\u00a0; R\u00e9sister et reconstruire (SNESUP FSU)\u00a0\/ Profession de foi Coll\u00e8ge B Pour l\u2019Universit\u00e9 Bourgogne \u2013 &hellip; <a href=\"https:\/\/ubfc-preprod.u-bourgogne.fr\/en\/ubfc\/elections-2020-ubfc\/ou-et-quand-consulter-les-listes-de-candidats-et-leur-profession-de-foi\/\">Continued<\/a><\/p>\n","protected":false},"author":18,"featured_media":0,"parent":41717,"menu_order":211,"comment_status":"closed","ping_status":"closed","template":"views\/template-documents.blade.php","meta":{"footnotes":""},"class_list":["post-42152","page","type-page","status-publish","hentry"],"acf":[],"_links":{"self":[{"href":"https:\/\/ubfc-preprod.u-bourgogne.fr\/en\/wp-json\/wp\/v2\/pages\/42152","targetHints":{"allow":["GET"]}}],"collection":[{"href":"https:\/\/ubfc-preprod.u-bourgogne.fr\/en\/wp-json\/wp\/v2\/pages"}],"about":[{"href":"https:\/\/ubfc-preprod.u-bourgogne.fr\/en\/wp-json\/wp\/v2\/types\/page"}],"author":[{"embeddable":true,"href":"https:\/\/ubfc-preprod.u-bourgogne.fr\/en\/wp-json\/wp\/v2\/users\/18"}],"replies":[{"embeddable":true,"href":"https:\/\/ubfc-preprod.u-bourgogne.fr\/en\/wp-json\/wp\/v2\/comments?post=42152"}],"version-history":[{"count":33,"href":"https:\/\/ubfc-preprod.u-bourgogne.fr\/en\/wp-json\/wp\/v2\/pages\/42152\/revisions"}],"predecessor-version":[{"id":48511,"href":"https:\/\/ubfc-preprod.u-bourgogne.fr\/en\/wp-json\/wp\/v2\/pages\/42152\/revisions\/48511"}],"up":[{"embeddable":true,"href":"https:\/\/ubfc-preprod.u-bourgogne.fr\/en\/wp-json\/wp\/v2\/pages\/41717"}],"wp:attachment":[{"href":"https:\/\/ubfc-preprod.u-bourgogne.fr\/en\/wp-json\/wp\/v2\/media?parent=42152"}],"curies":[{"name":"wp","href":"https:\/\/api.w.org\/{rel}","templated":true}]}}