{"id":42149,"date":"2020-02-14T09:36:42","date_gmt":"2020-02-14T08:36:42","guid":{"rendered":"https:\/\/www.ubfc.fr\/?page_id=42149"},"modified":"2020-09-25T15:20:13","modified_gmt":"2020-09-25T13:20:13","slug":"comment-et-ou-deposer-une-candidature","status":"publish","type":"page","link":"https:\/\/ubfc-preprod.u-bourgogne.fr\/en\/ubfc\/elections-2020-ubfc\/comment-et-ou-deposer-une-candidature\/","title":{"rendered":"Comment et o\u00f9 d\u00e9poser une candidature ?"},"content":{"rendered":"\t\t<div data-elementor-type=\"wp-page\" data-elementor-id=\"42149\" class=\"elementor elementor-42149\" data-elementor-post-type=\"page\">\n\t\t\t\t\t\t<section class=\"elementor-section elementor-top-section elementor-element elementor-element-3dd3fef elementor-section-boxed elementor-section-height-default elementor-section-height-default\" data-id=\"3dd3fef\" data-element_type=\"section\" data-e-type=\"section\">\n\t\t\t\t\t\t<div class=\"elementor-container elementor-column-gap-default\">\n\t\t\t\t\t<div class=\"elementor-column elementor-col-100 elementor-top-column elementor-element elementor-element-ca06df1\" data-id=\"ca06df1\" data-element_type=\"column\" data-e-type=\"column\">\n\t\t\t<div class=\"elementor-widget-wrap elementor-element-populated\">\n\t\t\t\t\t\t<div class=\"elementor-element elementor-element-10c1736 elementor-widget elementor-widget-text-editor\" data-id=\"10c1736\" data-element_type=\"widget\" data-e-type=\"widget\" data-widget_type=\"text-editor.default\">\n\t\t\t\t<div class=\"elementor-widget-container\">\n\t\t\t\t\t\t\t\t\t<p>Pour candidater, plusieurs formulaires sont \u00e0 compl\u00e9ter. Ils sont t\u00e9l\u00e9chargeables via les liens disponibles dans le tableau ci-dessous.<br \/><span style=\"text-decoration: underline\"><strong>Attention<\/strong><\/span> \u00e0 bien s\u00e9lectionner les formulaires relatifs \u00e0 votre coll\u00e8ge<em>.<\/em><\/p><p>Le formulaire de d\u00e9claration de liste doit <strong>obligatoirement<\/strong> \u00eatre accompagn\u00e9 des formulaires de d\u00e9clarations individuelles de chaque candidat figurant sur la liste :<\/p><table style=\"height: 410px;width: 99.6036%\" border=\"1\" width=\"80%\"><tbody><tr style=\"height: 38px\"><td style=\"height: 38px;width: 47.1303%;text-align: center;vertical-align: middle\" width=\"312\"><p style=\"text-align: center\"><strong>CONSEIL D&#8217;ADMINISTRATION<br \/><\/strong><\/p><\/td><td style=\"height: 38px;width: 76.2575%;text-align: center;vertical-align: middle\" width=\"350\"><p style=\"text-align: center\"><strong>CONSEIL ACAD\u00c9MIQUE<br \/><\/strong><\/p><\/td><\/tr><tr style=\"height: 360px\"><td style=\"height: 372px;width: 47.1303%;vertical-align: top\" width=\"312\"><p><strong>Coll\u00e8ge des professeurs des universit\u00e9s et assimil\u00e9s (A)<\/strong><\/p><p>&#8211; <a href=\"https:\/\/www.ubfc.fr\/wp-content\/uploads\/2020\/09\/ANNEXE-2-1-CA-COLLEGE-A-PROFESSEURS-ET-ASSIMILES.docx\">d\u00e9claration de liste de candidats<\/a><br \/>&#8211; <a href=\"https:\/\/www.ubfc.fr\/wp-content\/uploads\/2020\/09\/ANNEXE-4-1-CA-DECLARATION-INDIVIDUELLE-DE-CANDIDATURE-PERSONNELS.docx\">d\u00e9claration individuelle de candidature<\/a><\/p><p><strong>Coll\u00e8ge des autres enseignants-chercheurs (B)<\/strong><\/p><p>&#8211;<a href=\"https:\/\/www.ubfc.fr\/wp-content\/uploads\/2020\/09\/ANNEXE-2-2-CA-COLLEGE-B-AUTRES-ENSEIGNANTS-CHERCHEURS-ET-ASSIMILES.docx\"> d\u00e9claration de liste de candidats<\/a><br \/><a href=\"https:\/\/www.ubfc.fr\/wp-content\/uploads\/2020\/02\/ANNEXE-5-1-CA-DECLARATION-INDIVIDUELLE-DE-CANDIDATURE-PERSONNELS.pdf\">&#8211; <\/a><a href=\"https:\/\/www.ubfc.fr\/wp-content\/uploads\/2020\/09\/ANNEXE-4-1-CA-DECLARATION-INDIVIDUELLE-DE-CANDIDATURE-PERSONNELS.docx\">d\u00e9claration individuelle de candidature<\/a><\/p><p><strong>Coll\u00e8ge des personnels (C)<\/strong><\/p><p>&#8211;<a href=\"https:\/\/www.ubfc.fr\/wp-content\/uploads\/2020\/09\/ANNEXE-2-3-CA-COLLEGE-C-AUTRES-PERSONNELS-BIATSS.docx\"> d\u00e9claration de liste de candidats<\/a><br \/><a href=\"https:\/\/www.ubfc.fr\/wp-content\/uploads\/2020\/02\/ANNEXE-5-1-CA-DECLARATION-INDIVIDUELLE-DE-CANDIDATURE-PERSONNELS.pdf\">&#8211; <\/a><a href=\"https:\/\/www.ubfc.fr\/wp-content\/uploads\/2020\/09\/ANNEXE-4-1-CA-DECLARATION-INDIVIDUELLE-DE-CANDIDATURE-PERSONNELS.docx\">d\u00e9claration individuelle de candidature<\/a><\/p><p><strong>Coll\u00e8ge des \u00e9tudiants, y compris ceux inscrits en doctorat (D)<\/strong><\/p><p>&#8211; <a href=\"https:\/\/www.ubfc.fr\/wp-content\/uploads\/2020\/09\/ANNEXE-2-4-CA-COLLEGE-D-USAGERS.docx\">d\u00e9claration de liste de candidats<\/a><br \/>&#8211; <a href=\"https:\/\/www.ubfc.fr\/wp-content\/uploads\/2020\/09\/ANNEXE-4-2-CA-DECLARATION-INDIVIDUELLE-DE-CANDIDATURE-USAGERS.docx\">d\u00e9claration individuelle de candidature<\/a><\/p><\/td><td style=\"height: 372px;width: 76.2575%;vertical-align: top\" width=\"350\"><p><strong>Coll\u00e8ge des professeurs des universit\u00e9s et assimil\u00e9s (A)<\/strong><\/p><p>&#8211; <a href=\"https:\/\/www.ubfc.fr\/wp-content\/uploads\/2020\/09\/ANNEXE-3-1-CAC-COLLEGE-A-PROFESSEURS-ET-ASSIMILES.docx\">d\u00e9claration de liste de candidats<\/a><br \/>&#8211;<a href=\"https:\/\/www.ubfc.fr\/wp-content\/uploads\/2020\/09\/ANNEXE-4-3-CAC-DECLARATION-INDIVIDUELLE-DE-CANDIDATURE-PERSONNELS-1.docx\"> d\u00e9claration individuelle de candidature<\/a><\/p><p><strong>Coll\u00e8ge des autres enseignants-chercheurs (B)<\/strong><\/p><p>&#8211; <a href=\"https:\/\/www.ubfc.fr\/wp-content\/uploads\/2020\/09\/ANNEXE-3-2-CAC-COLLEGE-B-AUTRES-ENSEIGNANTS-CHERCHEURS-ET-ASSIMILES.docx\">d\u00e9claration de liste de candidats<\/a><br \/>&#8211;<a href=\"https:\/\/www.ubfc.fr\/wp-content\/uploads\/2020\/09\/ANNEXE-4-3-CAC-DECLARATION-INDIVIDUELLE-DE-CANDIDATURE-PERSONNELS-1.docx\"> d\u00e9claration individuelle de candidature<\/a><\/p><p><strong>Coll\u00e8ge des personnels (C)<\/strong><\/p><p>&#8211; <a href=\"https:\/\/www.ubfc.fr\/wp-content\/uploads\/2020\/09\/ANNEXE-3-3-CAC-COLLEGE-C-AUTRES-PERSONNELS-BIATSS.docx\">d\u00e9claration de liste de candidats<\/a><br \/>&#8211;<a href=\"https:\/\/www.ubfc.fr\/wp-content\/uploads\/2020\/09\/ANNEXE-4-3-CAC-DECLARATION-INDIVIDUELLE-DE-CANDIDATURE-PERSONNELS-1.docx\"> d\u00e9claration individuelle de candidature<\/a><\/p><p><strong>Coll\u00e8ge des \u00e9tudiants inscrits en doctorat (D)<\/strong><\/p><p>&#8211;<a href=\"https:\/\/www.ubfc.fr\/wp-content\/uploads\/2020\/09\/ANNEXE-3-4-CAC-COLLEGE-D-USAGERS-DOCTORANTS.docx\"> d\u00e9claration de liste de candidats<\/a><br \/>&#8211; <a href=\"https:\/\/www.ubfc.fr\/wp-content\/uploads\/2020\/09\/ANNEXE-4-4-CAC-DECLARATION-INDIVIDUELLE-DE-CANDIDATURE-USAGERS.docx\">d\u00e9claration individuelle de candidature<\/a><\/p><p><strong>Coll\u00e8ge des \u00e9tudiants autres que doctorants (E)<\/strong><\/p><p>&#8211; <a href=\"https:\/\/www.ubfc.fr\/wp-content\/uploads\/2020\/09\/ANNEXE-3-5-CAC-COLLEGE-E-USAGERS-AUTRES-QUE-DOCTORANTS.docx\">d\u00e9claration de liste de candidats<\/a><br \/>&#8211; <a href=\"https:\/\/www.ubfc.fr\/wp-content\/uploads\/2020\/09\/ANNEXE-4-4-CAC-DECLARATION-INDIVIDUELLE-DE-CANDIDATURE-USAGERS.docx\">d\u00e9claration individuelle de candidature<\/a><\/p><\/td><\/tr><\/tbody><\/table><p><strong>Le d\u00e9p\u00f4t de candidature en main propre est obligatoire.<\/strong><\/p><p><strong>O\u00f9\u00a0? <\/strong>Au si\u00e8ge d\u2019UBFC, service juridique, 43 avenue de l\u2019Observatoire \u00e0 Besan\u00e7on &#8211; tous les jours ouvr\u00e9s de 9h \u00e0 12h et de 14h \u00e0 17h<\/p><p>Il est conseill\u00e9 de prendre rendez-vous pour le d\u00e9p\u00f4t des candidatures, notamment par mail \u00e0 l\u2019adresse <a href=\"mailto:elections@ubfc.fr\">elections@ubfc.fr<\/a> ou au 03 63 08 26 36 (service juridique, M. Emmanuel Paris) \/ 03 63 08 26 40 (service juridique, Mme Clarisse B\u00e9ral) \/ 03 63 08 26 50 (secr\u00e9tariat de Direction, Mme Delphine Jolissaint).<\/p><p><strong>Date limite de d\u00e9p\u00f4t des candidatures : mardi 20 octobre 2020, 12h00.<\/strong><\/p><p>Pour conna\u00eetre toutes les conditions et modalit\u00e9s de d\u00e9p\u00f4t de candidature et de profession de foi, veuillez vous reporter \u00e0 l\u2019arr\u00eat\u00e9 \u00e9lectoral.<\/p>\t\t\t\t\t\t\t\t<\/div>\n\t\t\t\t<\/div>\n\t\t\t\t\t<\/div>\n\t\t<\/div>\n\t\t\t\t\t<\/div>\n\t\t<\/section>\n\t\t\t\t<\/div>\n\t\t","protected":false},"excerpt":{"rendered":"<p>Pour candidater, plusieurs formulaires sont \u00e0 compl\u00e9ter. Ils sont t\u00e9l\u00e9chargeables via les liens disponibles dans le tableau ci-dessous.Attention \u00e0 bien s\u00e9lectionner les formulaires relatifs \u00e0 votre coll\u00e8ge. Le formulaire de d\u00e9claration de liste doit obligatoirement \u00eatre accompagn\u00e9 des formulaires de d\u00e9clarations individuelles de chaque candidat figurant sur la liste : CONSEIL D&#8217;ADMINISTRATION CONSEIL ACAD\u00c9MIQUE Coll\u00e8ge &hellip; <a href=\"https:\/\/ubfc-preprod.u-bourgogne.fr\/en\/ubfc\/elections-2020-ubfc\/comment-et-ou-deposer-une-candidature\/\">Continued<\/a><\/p>\n","protected":false},"author":18,"featured_media":0,"parent":41717,"menu_order":212,"comment_status":"closed","ping_status":"closed","template":"","meta":{"footnotes":""},"class_list":["post-42149","page","type-page","status-publish","hentry"],"acf":[],"_links":{"self":[{"href":"https:\/\/ubfc-preprod.u-bourgogne.fr\/en\/wp-json\/wp\/v2\/pages\/42149","targetHints":{"allow":["GET"]}}],"collection":[{"href":"https:\/\/ubfc-preprod.u-bourgogne.fr\/en\/wp-json\/wp\/v2\/pages"}],"about":[{"href":"https:\/\/ubfc-preprod.u-bourgogne.fr\/en\/wp-json\/wp\/v2\/types\/page"}],"author":[{"embeddable":true,"href":"https:\/\/ubfc-preprod.u-bourgogne.fr\/en\/wp-json\/wp\/v2\/users\/18"}],"replies":[{"embeddable":true,"href":"https:\/\/ubfc-preprod.u-bourgogne.fr\/en\/wp-json\/wp\/v2\/comments?post=42149"}],"version-history":[{"count":14,"href":"https:\/\/ubfc-preprod.u-bourgogne.fr\/en\/wp-json\/wp\/v2\/pages\/42149\/revisions"}],"predecessor-version":[{"id":46966,"href":"https:\/\/ubfc-preprod.u-bourgogne.fr\/en\/wp-json\/wp\/v2\/pages\/42149\/revisions\/46966"}],"up":[{"embeddable":true,"href":"https:\/\/ubfc-preprod.u-bourgogne.fr\/en\/wp-json\/wp\/v2\/pages\/41717"}],"wp:attachment":[{"href":"https:\/\/ubfc-preprod.u-bourgogne.fr\/en\/wp-json\/wp\/v2\/media?parent=42149"}],"curies":[{"name":"wp","href":"https:\/\/api.w.org\/{rel}","templated":true}]}}