{"id":42146,"date":"2020-02-14T11:34:25","date_gmt":"2020-02-14T10:34:25","guid":{"rendered":"https:\/\/www.ubfc.fr\/?page_id=42146"},"modified":"2020-09-25T11:07:09","modified_gmt":"2020-09-25T09:07:09","slug":"comment-constituer-une-liste","status":"publish","type":"page","link":"https:\/\/ubfc-preprod.u-bourgogne.fr\/en\/ubfc\/elections-2020-ubfc\/comment-constituer-une-liste\/","title":{"rendered":"Comment constituer une liste ?"},"content":{"rendered":"\t\t<div data-elementor-type=\"wp-page\" data-elementor-id=\"42146\" class=\"elementor elementor-42146\" data-elementor-post-type=\"page\">\n\t\t\t\t\t\t<section class=\"elementor-section elementor-top-section elementor-element elementor-element-ee45bc4 elementor-section-boxed elementor-section-height-default elementor-section-height-default\" data-id=\"ee45bc4\" data-element_type=\"section\" data-e-type=\"section\">\n\t\t\t\t\t\t<div class=\"elementor-container elementor-column-gap-default\">\n\t\t\t\t\t<div class=\"elementor-column elementor-col-100 elementor-top-column elementor-element elementor-element-420edb7\" data-id=\"420edb7\" data-element_type=\"column\" data-e-type=\"column\">\n\t\t\t<div class=\"elementor-widget-wrap elementor-element-populated\">\n\t\t\t\t\t\t<div class=\"elementor-element elementor-element-03dfd59 elementor-widget elementor-widget-text-editor\" data-id=\"03dfd59\" data-element_type=\"widget\" data-e-type=\"widget\" data-widget_type=\"text-editor.default\">\n\t\t\t\t<div class=\"elementor-widget-container\">\n\t\t\t\t\t\t\t\t\t<p>La liste de candidatures est compos\u00e9e, pour le Conseil d\u2019administration (CA) et le Conseil acad\u00e9mique (CAC) :<\/p><ul><li>D\u2019une parit\u00e9 femme-homme en mode altern\u00e9,<\/li><li>D\u2019un \u00e9quilibre g\u00e9ographique en mode altern\u00e9\u00a0: 1\/3 de candidats de l\u2019Universit\u00e9 de Franche-Comt\u00e9 (UFC), 1\/3 de l\u2019Universit\u00e9 de Bourgogne (uB) et 1\/3 d\u2019un autre \u00e9tablissement.<\/li><\/ul>\t\t\t\t\t\t\t\t<\/div>\n\t\t\t\t<\/div>\n\t\t\t\t<div class=\"elementor-element elementor-element-e03944b elementor-widget elementor-widget-text-editor\" data-id=\"e03944b\" data-element_type=\"widget\" data-e-type=\"widget\" data-widget_type=\"text-editor.default\">\n\t\t\t\t<div class=\"elementor-widget-container\">\n\t\t\t\t\t\t\t\t\t<p>Les personnes d\u00e9j\u00e0 \u00e9lues aupr\u00e8s d&#8217;un conseil d&#8217;administration d&#8217;\u00e9tablissement peuvent \u00eatre \u00e9lues et si\u00e9ger au conseil d&#8217;administration d&#8217;UBFC.<\/p><p>Les candidats peuvent \u00eatre \u00e9lus et si\u00e9ger aux deux conseils centraux de l&#8217;universit\u00e9 : le conseil d&#8217;administration et le conseil acad\u00e9mique.<\/p><p>Aucune liste ne peut \u00eatre incompl\u00e8te\u00a0: ainsi, une liste doit comprendre autant de noms qu\u2019il y a de si\u00e8ges de titulaires \u00e0 pourvoir.<\/p><p><u>Exception pour les coll\u00e8ges correspondant aux \u00e9tudiants, y compris ceux inscrits en doctorat<\/u>\u00a0: la liste doit pr\u00e9senter deux fois plus de noms qu\u2019il y a de si\u00e8ges \u00e0 pourvoir afin de comprendre titulaires <strong>et suppl\u00e9ants<\/strong>.<\/p>\t\t\t\t\t\t\t\t<\/div>\n\t\t\t\t<\/div>\n\t\t\t\t<div class=\"elementor-element elementor-element-dd41859 elementor-widget elementor-widget-image\" data-id=\"dd41859\" data-element_type=\"widget\" data-e-type=\"widget\" data-widget_type=\"image.default\">\n\t\t\t\t<div class=\"elementor-widget-container\">\n\t\t\t\t\t\t\t\t\t\t\t\t\t\t\t<img fetchpriority=\"high\" decoding=\"async\" width=\"768\" height=\"574\" src=\"https:\/\/ubfc-preprod.u-bourgogne.fr\/wp-content\/uploads\/2020\/02\/tableau-si\u00e8gesVF-768x574.png\" class=\"attachment-medium_large size-medium_large wp-image-42288\" alt=\"\" srcset=\"https:\/\/ubfc-preprod.u-bourgogne.fr\/wp-content\/uploads\/2020\/02\/tableau-si\u00e8gesVF-768x574.png 768w, https:\/\/ubfc-preprod.u-bourgogne.fr\/wp-content\/uploads\/2020\/02\/tableau-si\u00e8gesVF-300x224.png 300w, https:\/\/ubfc-preprod.u-bourgogne.fr\/wp-content\/uploads\/2020\/02\/tableau-si\u00e8gesVF-1024x765.png 1024w, https:\/\/ubfc-preprod.u-bourgogne.fr\/wp-content\/uploads\/2020\/02\/tableau-si\u00e8gesVF-1536x1148.png 1536w, https:\/\/ubfc-preprod.u-bourgogne.fr\/wp-content\/uploads\/2020\/02\/tableau-si\u00e8gesVF-2048x1531.png 2048w\" sizes=\"(max-width: 768px) 100vw, 768px\" \/>\t\t\t\t\t\t\t\t\t\t\t\t\t\t\t<\/div>\n\t\t\t\t<\/div>\n\t\t\t\t<div class=\"elementor-element elementor-element-25e7301 elementor-widget elementor-widget-text-editor\" data-id=\"25e7301\" data-element_type=\"widget\" data-e-type=\"widget\" data-widget_type=\"text-editor.default\">\n\t\t\t\t<div class=\"elementor-widget-container\">\n\t\t\t\t\t\t\t\t\t<p>*Les repr\u00e9sentants ext\u00e9rieurs et des \u00e9tablissements membres ne sont pas \u00e9lus par la communaut\u00e9 UBFC mais selon un processus sp\u00e9cifique d\u00e9taill\u00e9 dans <u><a href=\"https:\/\/www.ubfc.fr\/ubfc\/a-propos-dubfc\/documents-de-reference\/\">les statuts<\/a>.<br \/><\/u><\/p><p>Les \u00e9lections consistent en un scrutin de liste \u00e0 un tour avec repr\u00e9sentation proportionnelle au plus fort reste.<\/p>\t\t\t\t\t\t\t\t<\/div>\n\t\t\t\t<\/div>\n\t\t\t\t\t<\/div>\n\t\t<\/div>\n\t\t\t\t\t<\/div>\n\t\t<\/section>\n\t\t\t\t<\/div>\n\t\t","protected":false},"excerpt":{"rendered":"<p>La liste de candidatures est compos\u00e9e, pour le Conseil d\u2019administration (CA) et le Conseil acad\u00e9mique (CAC) : D\u2019une parit\u00e9 femme-homme en mode altern\u00e9, D\u2019un \u00e9quilibre g\u00e9ographique en mode altern\u00e9\u00a0: 1\/3 de candidats de l\u2019Universit\u00e9 de Franche-Comt\u00e9 (UFC), 1\/3 de l\u2019Universit\u00e9 de Bourgogne (uB) et 1\/3 d\u2019un autre \u00e9tablissement. Les personnes d\u00e9j\u00e0 \u00e9lues aupr\u00e8s d&#8217;un conseil &hellip; <a href=\"https:\/\/ubfc-preprod.u-bourgogne.fr\/en\/ubfc\/elections-2020-ubfc\/comment-constituer-une-liste\/\">Continued<\/a><\/p>\n","protected":false},"author":18,"featured_media":0,"parent":41717,"menu_order":213,"comment_status":"closed","ping_status":"closed","template":"","meta":{"footnotes":""},"class_list":["post-42146","page","type-page","status-publish","hentry"],"acf":[],"_links":{"self":[{"href":"https:\/\/ubfc-preprod.u-bourgogne.fr\/en\/wp-json\/wp\/v2\/pages\/42146","targetHints":{"allow":["GET"]}}],"collection":[{"href":"https:\/\/ubfc-preprod.u-bourgogne.fr\/en\/wp-json\/wp\/v2\/pages"}],"about":[{"href":"https:\/\/ubfc-preprod.u-bourgogne.fr\/en\/wp-json\/wp\/v2\/types\/page"}],"author":[{"embeddable":true,"href":"https:\/\/ubfc-preprod.u-bourgogne.fr\/en\/wp-json\/wp\/v2\/users\/18"}],"replies":[{"embeddable":true,"href":"https:\/\/ubfc-preprod.u-bourgogne.fr\/en\/wp-json\/wp\/v2\/comments?post=42146"}],"version-history":[{"count":12,"href":"https:\/\/ubfc-preprod.u-bourgogne.fr\/en\/wp-json\/wp\/v2\/pages\/42146\/revisions"}],"predecessor-version":[{"id":46903,"href":"https:\/\/ubfc-preprod.u-bourgogne.fr\/en\/wp-json\/wp\/v2\/pages\/42146\/revisions\/46903"}],"up":[{"embeddable":true,"href":"https:\/\/ubfc-preprod.u-bourgogne.fr\/en\/wp-json\/wp\/v2\/pages\/41717"}],"wp:attachment":[{"href":"https:\/\/ubfc-preprod.u-bourgogne.fr\/en\/wp-json\/wp\/v2\/media?parent=42146"}],"curies":[{"name":"wp","href":"https:\/\/api.w.org\/{rel}","templated":true}]}}