{"id":41841,"date":"2020-01-22T12:27:04","date_gmt":"2020-01-22T11:27:04","guid":{"rendered":"https:\/\/www.ubfc.fr\/?page_id=41841"},"modified":"2020-03-06T14:45:23","modified_gmt":"2020-03-06T13:45:23","slug":"lipstic","status":"publish","type":"page","link":"https:\/\/ubfc-preprod.u-bourgogne.fr\/en\/lipstic\/","title":{"rendered":"LipSTIC"},"content":{"rendered":"\t\t<div data-elementor-type=\"wp-page\" data-elementor-id=\"41841\" class=\"elementor elementor-41841\" data-elementor-post-type=\"page\">\n\t\t\t\t\t\t<section class=\"elementor-section elementor-top-section elementor-element elementor-element-27929fe elementor-section-boxed elementor-section-height-default elementor-section-height-default\" data-id=\"27929fe\" data-element_type=\"section\" data-e-type=\"section\">\n\t\t\t\t\t\t<div class=\"elementor-container elementor-column-gap-default\">\n\t\t\t\t\t<div class=\"elementor-column elementor-col-100 elementor-top-column elementor-element elementor-element-a4bd76b\" data-id=\"a4bd76b\" data-element_type=\"column\" data-e-type=\"column\">\n\t\t\t<div class=\"elementor-widget-wrap elementor-element-populated\">\n\t\t\t\t\t\t<div class=\"elementor-element elementor-element-9004141 elementor-widget elementor-widget-text-editor\" data-id=\"9004141\" data-element_type=\"widget\" data-e-type=\"widget\" data-widget_type=\"text-editor.default\">\n\t\t\t\t<div class=\"elementor-widget-container\">\n\t\t\t\t\t\t\t\t\t<p><strong>Les lipoprot\u00e9ines ont fait l\u2019objet de nombreux travaux dans le domaine cardio-vasculaire. Dans les ann\u00e9es 1950, le transport du cholest\u00e9rol par celles-ci constituait un sujet de recherche attractif. Ainsi, les LDL ont \u00e9t\u00e9 identifi\u00e9es comme un facteur de risque majeur alors que de nombreux travaux \u00e9pid\u00e9miologiques ont mis en \u00e9vidence le r\u00f4le \u00ab\u00a0protecteur\u00a0\u00bb des HDL.<\/strong><\/p><p>Ce n\u2019est que r\u00e9cemment que l\u2019implication et la fonction des lipoprot\u00e9ines dans le cancer et les maladies inflammatoires a \u00e9t\u00e9 d\u00e9montr\u00e9\u00a0: les LDL et les HDL sont \u00e9galement des facteurs pronostiques lors des cancers et de certaines maladies inflammatoires ou infectieuses. De ces d\u00e9couvertes r\u00e9centes d\u00e9coulent un int\u00e9r\u00eat croissant pour les lipoprot\u00e9ines.<\/p><p>L\u2019utilisation de ces complexes mol\u00e9culaires pour pr\u00e9venir, diagnostiquer ou traiter le cancer et les maladies inflammatoires mobilise et f\u00e9d\u00e8re les \u00e9quipes du Labex LipSTIC.<\/p><p>\u00a0<\/p><ul style=\"list-style-type: square\"><li><strong>Qu\u2019est qu\u2019un LabEx\u00a0?<\/strong><\/li><\/ul><p>Le LabEx (<strong>Lab<\/strong>oratoires d\u2019<strong>Ex<\/strong>cellence) est un instrument du Programme d\u2019Investissement d\u2019Avenir. Il a pour objectif\u00a0:<\/p><ul><li style=\"list-style-type: none\"><ul style=\"list-style-type: circle\"><li>de fournir des moyens significatifs aux unit\u00e9s de recherche afin de faire jeu \u00e9gal avec leurs homologues \u00e9trangers,<\/li><li>d\u2019attirer des chercheurs et enseignants chercheurs de renomm\u00e9e internationale,<\/li><li>de construire une politique int\u00e9gr\u00e9e de recherche, de formation et de valorisation de haut niveau, ainsi qu\u2019une politique de large diffusion des connaissances.<\/li><\/ul><\/li><\/ul><p>\u00a0<\/p><ul style=\"list-style-type: square\"><li><strong>LipSTIC\u00a0: Lipoprot\u00e9ines et Sant\u00e9, pr\u00e9vention et Traitement des maladies Inflammatoires et du Cancer<\/strong><\/li><\/ul><p>Le <a href=\"http:\/\/www.labex-lipstic.fr\/\">LabEx LipSTIC<\/a> est un programme de recherche multidisciplinaire unique en France\u00a0: il regroupe 23\u00a0\u00e9quipes de recherche.<br \/>Son objectif principal\u00a0: contribuer \u00e0 la longue lutte contre le fl\u00e9au que constitue le cancer mais aussi de progresser dans les domaines de la transplantation et de l\u2019inflammation.<\/p><p>Il repose sur l\u2019id\u00e9e originale et ambitieuse d\u2019utiliser les <a href=\"http:\/\/www.labex-lipstic.fr\/node\/256\">lipoprot\u00e9ines<\/a> pour :<\/p><ul><li style=\"list-style-type: none\"><ul><li>pr\u00e9venir la survenue et la progression de pathologies non-vasculaires, telles que le cancer et les maladies inflammatoires,<\/li><li>transporter des mol\u00e9cules bioactives insolubles dans l\u2019eau (lipides ou m\u00e9dicaments) jusqu\u2019\u00e0 l\u2019organe cible malade,<\/li><li>neutraliser et transporter les compos\u00e9s bact\u00e9riens pro-inflammatoires jusqu\u2019au foie pour leur \u00e9limination.<\/li><\/ul><\/li><\/ul><p>Cette recherche s\u2019articule autour de 5 axes principaux de recherche (concernant directement les lipoprot\u00e9ines) et 3 axes transversaux destin\u00e9s \u00e0 acc\u00e9l\u00e9rer les retomb\u00e9es sociales et \u00e9conomiques des connaissances nouvellement acquises.<\/p>\t\t\t\t\t\t\t\t<\/div>\n\t\t\t\t<\/div>\n\t\t\t\t\t<\/div>\n\t\t<\/div>\n\t\t\t\t\t<\/div>\n\t\t<\/section>\n\t\t\t\t<section class=\"elementor-section elementor-top-section elementor-element elementor-element-978e27f elementor-section-boxed elementor-section-height-default elementor-section-height-default\" data-id=\"978e27f\" data-element_type=\"section\" data-e-type=\"section\">\n\t\t\t\t\t\t<div class=\"elementor-container elementor-column-gap-default\">\n\t\t\t\t\t<div class=\"elementor-column elementor-col-100 elementor-top-column elementor-element elementor-element-81fa849\" data-id=\"81fa849\" data-element_type=\"column\" data-e-type=\"column\">\n\t\t\t<div class=\"elementor-widget-wrap elementor-element-populated\">\n\t\t\t\t\t\t<div class=\"elementor-element elementor-element-ee6a480 elementor-widget elementor-widget-image\" data-id=\"ee6a480\" data-element_type=\"widget\" data-e-type=\"widget\" data-widget_type=\"image.default\">\n\t\t\t\t<div class=\"elementor-widget-container\">\n\t\t\t\t\t\t\t\t\t\t\t\t\t\t\t<img fetchpriority=\"high\" decoding=\"async\" width=\"943\" height=\"564\" src=\"https:\/\/ubfc-preprod.u-bourgogne.fr\/wp-content\/uploads\/2020\/03\/WP_lipSTIC.png\" class=\"attachment-large size-large wp-image-42632\" alt=\"WP_LipSTIC\" srcset=\"https:\/\/ubfc-preprod.u-bourgogne.fr\/wp-content\/uploads\/2020\/03\/WP_lipSTIC.png 943w, https:\/\/ubfc-preprod.u-bourgogne.fr\/wp-content\/uploads\/2020\/03\/WP_lipSTIC-300x179.png 300w, https:\/\/ubfc-preprod.u-bourgogne.fr\/wp-content\/uploads\/2020\/03\/WP_lipSTIC-768x459.png 768w\" sizes=\"(max-width: 943px) 100vw, 943px\" \/>\t\t\t\t\t\t\t\t\t\t\t\t\t\t\t<\/div>\n\t\t\t\t<\/div>\n\t\t\t\t\t<\/div>\n\t\t<\/div>\n\t\t\t\t\t<\/div>\n\t\t<\/section>\n\t\t\t\t<section class=\"elementor-section elementor-top-section elementor-element elementor-element-ab56b88 elementor-section-boxed elementor-section-height-default elementor-section-height-default\" data-id=\"ab56b88\" data-element_type=\"section\" data-e-type=\"section\">\n\t\t\t\t\t\t<div class=\"elementor-container elementor-column-gap-default\">\n\t\t\t\t\t<div class=\"elementor-column elementor-col-100 elementor-top-column elementor-element elementor-element-072121e\" data-id=\"072121e\" data-element_type=\"column\" data-e-type=\"column\">\n\t\t\t<div class=\"elementor-widget-wrap elementor-element-populated\">\n\t\t\t\t\t\t<div class=\"elementor-element elementor-element-9b5f57d elementor-widget elementor-widget-text-editor\" data-id=\"9b5f57d\" data-element_type=\"widget\" data-e-type=\"widget\" data-widget_type=\"text-editor.default\">\n\t\t\t\t<div class=\"elementor-widget-container\">\n\t\t\t\t\t\t\t\t\t<p>Plus d\u2019informations sur ce projet port\u00e9 par UBFC et ses axes de recherche sur le site du LabEx LipSTIC <a href=\"http:\/\/www.labex-lipstic.fr\/\">ici<\/a>.<\/p><p>\u00a0<br \/><strong>Contact<\/strong> :<br \/><a href=\"philippe.saas@efs.sante.fr\">Philippe SAAS<\/a><br \/>Coordinateur du LabEx LipSTIC<\/p><p><img decoding=\"async\" class=\"alignnone size-medium wp-image-42724\" src=\"https:\/\/www.ubfc.fr\/wp-content\/uploads\/2020\/03\/ANR_Lipstic_GRAND-300x137.jpg\" alt=\"\" width=\"300\" height=\"137\" srcset=\"https:\/\/ubfc-preprod.u-bourgogne.fr\/wp-content\/uploads\/2020\/03\/ANR_Lipstic_GRAND-300x137.jpg 300w, https:\/\/ubfc-preprod.u-bourgogne.fr\/wp-content\/uploads\/2020\/03\/ANR_Lipstic_GRAND.jpg 339w\" sizes=\"(max-width: 300px) 100vw, 300px\" \/><br \/><span id=\"OBJ_PREFIX_DWT10692_ZmEmailObjectHandler\" class=\"Object\" role=\"link\"><span id=\"OBJ_PREFIX_DWT10699_ZmEmailObjectHandler\" class=\"Object\" role=\"link\">\u00a0<\/span><\/span><\/p><p>\u00a0<\/p>\t\t\t\t\t\t\t\t<\/div>\n\t\t\t\t<\/div>\n\t\t\t\t\t<\/div>\n\t\t<\/div>\n\t\t\t\t\t<\/div>\n\t\t<\/section>\n\t\t\t\t<\/div>\n\t\t","protected":false},"excerpt":{"rendered":"<p>Les lipoprot\u00e9ines ont fait l\u2019objet de nombreux travaux dans le domaine cardio-vasculaire. Dans les ann\u00e9es 1950, le transport du cholest\u00e9rol par celles-ci constituait un sujet de recherche attractif. Ainsi, les LDL ont \u00e9t\u00e9 identifi\u00e9es comme un facteur de risque majeur alors que de nombreux travaux \u00e9pid\u00e9miologiques ont mis en \u00e9vidence le r\u00f4le \u00ab\u00a0protecteur\u00a0\u00bb des HDL. &hellip; <a href=\"https:\/\/ubfc-preprod.u-bourgogne.fr\/en\/lipstic\/\">Continued<\/a><\/p>\n","protected":false},"author":18,"featured_media":0,"parent":0,"menu_order":214,"comment_status":"closed","ping_status":"closed","template":"","meta":{"footnotes":""},"class_list":["post-41841","page","type-page","status-publish","hentry"],"acf":[],"_links":{"self":[{"href":"https:\/\/ubfc-preprod.u-bourgogne.fr\/en\/wp-json\/wp\/v2\/pages\/41841","targetHints":{"allow":["GET"]}}],"collection":[{"href":"https:\/\/ubfc-preprod.u-bourgogne.fr\/en\/wp-json\/wp\/v2\/pages"}],"about":[{"href":"https:\/\/ubfc-preprod.u-bourgogne.fr\/en\/wp-json\/wp\/v2\/types\/page"}],"author":[{"embeddable":true,"href":"https:\/\/ubfc-preprod.u-bourgogne.fr\/en\/wp-json\/wp\/v2\/users\/18"}],"replies":[{"embeddable":true,"href":"https:\/\/ubfc-preprod.u-bourgogne.fr\/en\/wp-json\/wp\/v2\/comments?post=41841"}],"version-history":[{"count":8,"href":"https:\/\/ubfc-preprod.u-bourgogne.fr\/en\/wp-json\/wp\/v2\/pages\/41841\/revisions"}],"predecessor-version":[{"id":42727,"href":"https:\/\/ubfc-preprod.u-bourgogne.fr\/en\/wp-json\/wp\/v2\/pages\/41841\/revisions\/42727"}],"wp:attachment":[{"href":"https:\/\/ubfc-preprod.u-bourgogne.fr\/en\/wp-json\/wp\/v2\/media?parent=41841"}],"curies":[{"name":"wp","href":"https:\/\/api.w.org\/{rel}","templated":true}]}}