{"id":41798,"date":"2020-01-20T10:23:29","date_gmt":"2020-01-20T09:23:29","guid":{"rendered":"https:\/\/www.ubfc.fr\/?page_id=41798"},"modified":"2020-01-20T10:28:46","modified_gmt":"2020-01-20T09:28:46","slug":"health-insurance","status":"publish","type":"page","link":"https:\/\/ubfc-preprod.u-bourgogne.fr\/en\/international\/join-ubfc\/incoming-students\/health-insurance\/","title":{"rendered":"Health insurance"},"content":{"rendered":"\t\t<div data-elementor-type=\"wp-page\" data-elementor-id=\"41798\" class=\"elementor elementor-41798\" data-elementor-post-type=\"page\">\n\t\t\t\t\t\t<section class=\"elementor-section elementor-top-section elementor-element elementor-element-a8b5b51 elementor-section-boxed elementor-section-height-default elementor-section-height-default\" data-id=\"a8b5b51\" data-element_type=\"section\" data-e-type=\"section\">\n\t\t\t\t\t\t<div class=\"elementor-container elementor-column-gap-default\">\n\t\t\t\t\t<div class=\"elementor-column elementor-col-100 elementor-top-column elementor-element elementor-element-103358e\" data-id=\"103358e\" data-element_type=\"column\" data-e-type=\"column\">\n\t\t\t<div class=\"elementor-widget-wrap elementor-element-populated\">\n\t\t\t\t\t\t<div class=\"elementor-element elementor-element-f3519d0 elementor-widget elementor-widget-text-editor\" data-id=\"f3519d0\" data-element_type=\"widget\" data-e-type=\"widget\" data-widget_type=\"text-editor.default\">\n\t\t\t\t<div class=\"elementor-widget-container\">\n\t\t\t\t\t\t\t\t\t<p>Health insurance is part of the French social welfare system. Since 2018, it has become free for every international student. It enables you to benefit from a reimbursement of your medical expenses (about 60 to 70% of the total amount based on the social security basic rate).<\/p><p><em>&gt; More information on <\/em><a href=\"https:\/\/www.ameli.fr\/cote-d-or\/assure\/droits-demarches\/etudes-emploi-retraite\/etudiant\/french-social-security-registration-process-foreign-students\"><em>Ameli.<\/em><\/a><\/p><p>In addition, you can take out a complementary health care cover, which enables you to get a refund on the additional part. Prices vary from 5\u20ac to 35\u20ac\/month.<\/p><p><em>&gt; Examples for consultations costs :<\/em><\/p><table class=\" aligncenter\" style=\"width: 73.4812%\" width=\"73.4812%\"><tbody><tr><td style=\"border-style: groove;border-color: #000000;width: 21.4744%\" width=\"44%\"><p>\u00a0<\/p><\/td><td style=\"border-style: groove;border-color: #000000;width: 10.7166%\" width=\"22%\"><p>General practitioner<\/p><\/td><td style=\"border-style: groove;border-color: #000000;width: 7.70873%\" width=\"33%\"><p>Specialist practitioner<\/p><\/td><\/tr><tr><td style=\"border-style: groove;border-color: #000000;width: 21.4744%\" width=\"44%\"><p>Cost<\/p><\/td><td style=\"border-style: groove;border-color: #000000;width: 10.7166%\" width=\"22%\"><p>25\u20ac<\/p><\/td><td style=\"border-style: groove;border-color: #000000;width: 7.70873%\" width=\"33%\"><p>28\u20ac<\/p><\/td><\/tr><tr><td style=\"border-style: groove;border-color: #000000;width: 21.4744%\" width=\"44%\"><p>Social security reimbursement<\/p><\/td><td style=\"border-style: groove;border-color: #000000;width: 10.7166%\" width=\"22%\"><p>16,50\u20ac (70%)<\/p><\/td><td style=\"border-style: groove;border-color: #000000;width: 7.70873%\" width=\"33%\"><p>18,60\u20ac (70%)<\/p><\/td><\/tr><tr><td style=\"border-style: groove;border-color: #000000;width: 21.4744%\" width=\"44%\"><p>Remaining cost (which can be covered with a complementary health care cover)<\/p><\/td><td style=\"border-style: groove;border-color: #000000;width: 10.7166%\" width=\"22%\"><p>7,50\u20ac<\/p><\/td><td style=\"border-style: groove;border-color: #000000;width: 7.70873%\" width=\"33%\"><p>8,40\u20ac<\/p><\/td><\/tr><tr><td style=\"border-style: groove;border-color: #000000;width: 21.4744%\" width=\"44%\"><p>Compulsory remaining cost<\/p><\/td><td style=\"border-style: groove;border-color: #000000;width: 10.7166%\" width=\"22%\"><p>1\u20ac<\/p><\/td><td style=\"border-style: groove;border-color: #000000;width: 7.70873%\" width=\"33%\"><p>1\u20ac<\/p><\/td><\/tr><\/tbody><\/table><p>\u00a0<\/p><p>Student health centers offer free consultations &#8211; available on all campuses:<\/p><p>SUMPPS Dijon<br \/>6a rue du Recteur Marcel Bouchard<br \/>21000 Dijon<br \/>T\u00e9l. (+33) 3 80 39 51 53<br \/><a href=\"mailto:medecine-preventive@u-bourgogne.fr\">medecine-preventive@u-bourgogne.fr<\/a><\/p><p>SUMPPS Besan\u00e7on<br \/>45 C, avenue de l&#8217;Observatoire<br \/>BP 1535<br \/>25009 Besan\u00e7on<br \/>T\u00e9l. (+33) 3 81 66 61 30<br \/><a href=\"mailto:sumpps@univ-fcomte.fr\">sumpps@univ-fcomte.fr<\/a><\/p><p>SUMPPS Belfort<br \/>IUT<br \/>D\u00e9partement informatique, 3\u00e8me \u00e9tage<br \/>19 avenue du Mar\u00e9chal Juin<br \/>90000 Belfort<br \/>T\u00e9l. (+33) 3 84 58 77 78 &#8211; (+33) 7 85 64 01 60<br \/><a href=\"mailto:sumpps-belfort@univ-fcomte.fr\">sumpps-belfort@univ-fcomte.fr<\/a><\/p><p>SUMPPS Montb\u00e9liard<br \/>BP 71427<br \/>P\u00f4le Universitaire<br \/>4 place Tharradin<br \/>25211 Montb\u00e9liard<br \/>T\u00e9l. (+33) 3 81 99 47 38 &#8211; (+33) 7 85 64 01 60<br \/><a href=\"mailto:sumpps-montbeliard@univ-fcomte.fr\">sumpps-montbeliard@univ-fcomte.fr<\/a><\/p><p>An emergency department is also available within the university hospitals:<\/p><p><a href=\"https:\/\/www.chu-dijon.fr\/en\/node\/182\">CHU Dijon<\/a><\/p><p><a href=\"http:\/\/translate.google.fr\/translate?hl=fr&amp;sl=fr&amp;tl=en&amp;u=https:\/\/www.chu-besancon.fr\/offre-de-soins\/les-services-et-activites\/service-daccueil-des-urgences.html\">CHRU Besan\u00e7on<\/a><\/p><p><a href=\"http:\/\/www.hnfc.fr\/offre-de-soins,221,196.html?&amp;args=k1zzMo8pnxrfw9ItJ9P152Wax2WVJmuqypTJbqANv1LpO6pboOFA8B5HY9y1e1CwASKUJiferXr-8RKWALp73A&amp;offre_soin_service_id=72\">H\u00f4pital Nord Franche-Comt\u00e9 (Belfort-Montb\u00e9liard)<\/a><\/p>\t\t\t\t\t\t\t\t<\/div>\n\t\t\t\t<\/div>\n\t\t\t\t\t<\/div>\n\t\t<\/div>\n\t\t\t\t\t<\/div>\n\t\t<\/section>\n\t\t\t\t<\/div>\n\t\t","protected":false},"excerpt":{"rendered":"<p>Health insurance is part of the French social welfare system. Since 2018, it has become free for every international student. It enables you to benefit from a reimbursement of your medical expenses (about 60 to 70% of the total amount based on the social security basic rate). &gt; More information on Ameli. In addition, you &hellip; <a href=\"https:\/\/ubfc-preprod.u-bourgogne.fr\/en\/international\/join-ubfc\/incoming-students\/health-insurance\/\">Continued<\/a><\/p>\n","protected":false},"author":14,"featured_media":0,"parent":41229,"menu_order":219,"comment_status":"closed","ping_status":"closed","template":"","meta":{"footnotes":""},"class_list":["post-41798","page","type-page","status-publish","hentry"],"acf":[],"_links":{"self":[{"href":"https:\/\/ubfc-preprod.u-bourgogne.fr\/en\/wp-json\/wp\/v2\/pages\/41798","targetHints":{"allow":["GET"]}}],"collection":[{"href":"https:\/\/ubfc-preprod.u-bourgogne.fr\/en\/wp-json\/wp\/v2\/pages"}],"about":[{"href":"https:\/\/ubfc-preprod.u-bourgogne.fr\/en\/wp-json\/wp\/v2\/types\/page"}],"author":[{"embeddable":true,"href":"https:\/\/ubfc-preprod.u-bourgogne.fr\/en\/wp-json\/wp\/v2\/users\/14"}],"replies":[{"embeddable":true,"href":"https:\/\/ubfc-preprod.u-bourgogne.fr\/en\/wp-json\/wp\/v2\/comments?post=41798"}],"version-history":[{"count":2,"href":"https:\/\/ubfc-preprod.u-bourgogne.fr\/en\/wp-json\/wp\/v2\/pages\/41798\/revisions"}],"predecessor-version":[{"id":41800,"href":"https:\/\/ubfc-preprod.u-bourgogne.fr\/en\/wp-json\/wp\/v2\/pages\/41798\/revisions\/41800"}],"up":[{"embeddable":true,"href":"https:\/\/ubfc-preprod.u-bourgogne.fr\/en\/wp-json\/wp\/v2\/pages\/41229"}],"wp:attachment":[{"href":"https:\/\/ubfc-preprod.u-bourgogne.fr\/en\/wp-json\/wp\/v2\/media?parent=41798"}],"curies":[{"name":"wp","href":"https:\/\/api.w.org\/{rel}","templated":true}]}}