{"id":41795,"date":"2020-01-20T10:21:34","date_gmt":"2020-01-20T09:21:34","guid":{"rendered":"https:\/\/www.ubfc.fr\/?page_id=41795"},"modified":"2020-01-20T10:22:17","modified_gmt":"2020-01-20T09:22:17","slug":"transportation","status":"publish","type":"page","link":"https:\/\/ubfc-preprod.u-bourgogne.fr\/en\/international\/join-ubfc\/incoming-students\/transportation\/","title":{"rendered":"Transportation"},"content":{"rendered":"\t\t<div data-elementor-type=\"wp-page\" data-elementor-id=\"41795\" class=\"elementor elementor-41795\" data-elementor-post-type=\"page\">\n\t\t\t\t\t\t<section class=\"elementor-section elementor-top-section elementor-element elementor-element-da5a237 elementor-section-boxed elementor-section-height-default elementor-section-height-default\" data-id=\"da5a237\" data-element_type=\"section\" data-e-type=\"section\">\n\t\t\t\t\t\t<div class=\"elementor-container elementor-column-gap-default\">\n\t\t\t\t\t<div class=\"elementor-column elementor-col-100 elementor-top-column elementor-element elementor-element-aa37d7d\" data-id=\"aa37d7d\" data-element_type=\"column\" data-e-type=\"column\">\n\t\t\t<div class=\"elementor-widget-wrap elementor-element-populated\">\n\t\t\t\t\t\t<div class=\"elementor-element elementor-element-96120fa elementor-widget elementor-widget-text-editor\" data-id=\"96120fa\" data-element_type=\"widget\" data-e-type=\"widget\" data-widget_type=\"text-editor.default\">\n\t\t\t\t<div class=\"elementor-widget-container\">\n\t\t\t\t\t\t\t\t\t<p style=\"text-align: justify\">In all four cities, you will enjoy a diversified public transport network (trains, buses and bikes), where campuses can easily be reached. In Dijon and Besan\u00e7on, public transportation also includes tramways.<\/p><p style=\"text-align: justify\">Dijon: <a href=\"https:\/\/www.divia.fr\">Divia<\/a><\/p><p style=\"text-align: justify\">Besan\u00e7on: <a href=\"https:\/\/www.ginko.voyage\/\">Ginko<\/a><\/p><p style=\"text-align: justify\">Belfort-Montb\u00e9liard: <a href=\"https:\/\/www.optymo.fr\/\">Optymo<\/a> \/ <a href=\"https:\/\/www.optymo.fr\/\">\u00e9volitY<\/a><\/p>\t\t\t\t\t\t\t\t<\/div>\n\t\t\t\t<\/div>\n\t\t\t\t\t<\/div>\n\t\t<\/div>\n\t\t\t\t\t<\/div>\n\t\t<\/section>\n\t\t\t\t<\/div>\n\t\t","protected":false},"excerpt":{"rendered":"<p>In all four cities, you will enjoy a diversified public transport network (trains, buses and bikes), where campuses can easily be reached. In Dijon and Besan\u00e7on, public transportation also includes tramways. Dijon: Divia Besan\u00e7on: Ginko Belfort-Montb\u00e9liard: Optymo \/ \u00e9volitY<\/p>\n","protected":false},"author":14,"featured_media":0,"parent":41229,"menu_order":220,"comment_status":"closed","ping_status":"closed","template":"","meta":{"footnotes":""},"class_list":["post-41795","page","type-page","status-publish","hentry"],"acf":[],"_links":{"self":[{"href":"https:\/\/ubfc-preprod.u-bourgogne.fr\/en\/wp-json\/wp\/v2\/pages\/41795","targetHints":{"allow":["GET"]}}],"collection":[{"href":"https:\/\/ubfc-preprod.u-bourgogne.fr\/en\/wp-json\/wp\/v2\/pages"}],"about":[{"href":"https:\/\/ubfc-preprod.u-bourgogne.fr\/en\/wp-json\/wp\/v2\/types\/page"}],"author":[{"embeddable":true,"href":"https:\/\/ubfc-preprod.u-bourgogne.fr\/en\/wp-json\/wp\/v2\/users\/14"}],"replies":[{"embeddable":true,"href":"https:\/\/ubfc-preprod.u-bourgogne.fr\/en\/wp-json\/wp\/v2\/comments?post=41795"}],"version-history":[{"count":2,"href":"https:\/\/ubfc-preprod.u-bourgogne.fr\/en\/wp-json\/wp\/v2\/pages\/41795\/revisions"}],"predecessor-version":[{"id":41797,"href":"https:\/\/ubfc-preprod.u-bourgogne.fr\/en\/wp-json\/wp\/v2\/pages\/41795\/revisions\/41797"}],"up":[{"embeddable":true,"href":"https:\/\/ubfc-preprod.u-bourgogne.fr\/en\/wp-json\/wp\/v2\/pages\/41229"}],"wp:attachment":[{"href":"https:\/\/ubfc-preprod.u-bourgogne.fr\/en\/wp-json\/wp\/v2\/media?parent=41795"}],"curies":[{"name":"wp","href":"https:\/\/api.w.org\/{rel}","templated":true}]}}