{"id":41034,"date":"2019-11-28T14:44:24","date_gmt":"2019-11-28T13:44:24","guid":{"rendered":"https:\/\/www.ubfc.fr\/?page_id=41034"},"modified":"2020-04-24T15:35:52","modified_gmt":"2020-04-24T13:35:52","slug":"bourse-daide-a-la-mobilite-ritm-bfc","status":"publish","type":"page","link":"https:\/\/ubfc-preprod.u-bourgogne.fr\/en\/bourse-daide-a-la-mobilite-ritm-bfc\/","title":{"rendered":"Bourse d&#8217;aide \u00e0 la mobilit\u00e9 RITM-BFC"},"content":{"rendered":"\t\t<div data-elementor-type=\"wp-page\" data-elementor-id=\"41034\" class=\"elementor elementor-41034\" data-elementor-post-type=\"page\">\n\t\t\t\t\t\t<section class=\"elementor-section elementor-top-section elementor-element elementor-element-276c9f7d elementor-section-boxed elementor-section-height-default elementor-section-height-default\" data-id=\"276c9f7d\" data-element_type=\"section\" data-e-type=\"section\">\n\t\t\t\t\t\t<div class=\"elementor-container elementor-column-gap-default\">\n\t\t\t\t\t<div class=\"elementor-column elementor-col-100 elementor-top-column elementor-element elementor-element-100a018c\" data-id=\"100a018c\" data-element_type=\"column\" data-e-type=\"column\">\n\t\t\t<div class=\"elementor-widget-wrap elementor-element-populated\">\n\t\t\t\t\t\t<div class=\"elementor-element elementor-element-35fb96ff elementor-widget elementor-widget-text-editor\" data-id=\"35fb96ff\" data-element_type=\"widget\" data-e-type=\"widget\" data-widget_type=\"text-editor.default\">\n\t\t\t\t<div class=\"elementor-widget-container\">\n\t\t\t\t\t\t\t\t\t<p><span style=\"font-size: 18pt\">Stages en recherche \u00e0 l\u2019\u00e9tranger en licence (ou \u00e9quivalent)<\/span><\/p><p>RITM-BFC soutient en 2019-2020 la mobilit\u00e9 des \u00e9tudiants de licence (ou \u00e9quivalent) au sein de l\u2019universit\u00e9 de Bourgogne, de l\u2019universit\u00e9 de Franche-Comt\u00e9 ou de l\u2019UTBM souhaitant d\u00e9couvrir le monde de la recherche dans un environnement international, en proposant des bourses de mobilit\u00e9 pour des stages dans des laboratoires de recherche (publics ou priv\u00e9s) \u00e0 l\u2019\u00e9tranger.<br \/>Son but est de proposer des parcours en licence qui renforcent le lien formation-recherche en permettant aux \u00e9tudiants :<\/p><ul style=\"list-style-type: disc\"><li>de d\u00e9couvrir l\u2019activit\u00e9 de recherche en immersion en laboratoire,<\/li><li>d\u2019avoir une exp\u00e9rience \u00e0 l\u2019international,<\/li><li>de leur donner l\u2019ambition de poursuivre en Master.<\/li><\/ul><p>Pour les universit\u00e9s : cette action s\u2019adresse aux \u00e9tudiants au niveau licence ou \u00e9quivalent (IUT, etc.) qui se questionnent encore sur leur poursuite d\u2019\u00e9tude.<\/p><p>Pour les \u00e9coles : l\u2019objectif est de promouvoir les parcours ing\u00e9nieur-docteur en encourageant en tout d\u00e9but de cycle ing\u00e9nieur les stages dans les laboratoires de recherche \u00e0 l\u2019international.<\/p><h6><b>D\u00e9tail de l\u2019offre :<\/b><\/h6><p>Le laur\u00e9at b\u00e9n\u00e9ficiera d\u2019une aide \u00e0 la mobilit\u00e9 sortante de 800 \u20ac, pr\u00e9f\u00e9rentiellement en derni\u00e8re ann\u00e9e de licence (ou \u00e9quivalent) ou en stage niveau technicien en \u00e9cole d\u2019ing\u00e9nieur. En 2019-2020, dans le cadre du levier 3 de RITM BFC \u00ab Renforcement des liens formation-recherche \u00bb, un soutien financier est propos\u00e9 \u00e0 15 \u00e9tudiants.<br \/>N.B. : Le montant total de l\u2019action s\u2019\u00e9l\u00e8ve dans une premi\u00e8re phase transitoire \u00e0 12 k\u20ac pour l\u2019ann\u00e9e 2019-2020, avec 5 bourses par \u00e9tablissement (uB, UFC et UTBM).<\/p><h6>Crit\u00e8res d\u2019\u00e9ligibilit\u00e9 &#8211; aide la mobilit\u00e9 stage de recherche en licence RITM-BFC:<\/h6><ul><li>Pr\u00e9parer un dipl\u00f4me de licence ou \u00e9quivalent (IUT) qui propose un stage en fin d\u2019\u00e9tude, optionnel ou obligatoire. Les Unit\u00e9s d\u2019Enseignement libres \u00ab stages \u00bb sont aussi \u00e9ligibles.<br \/><i>ou bien<\/i><\/li><li>\u00catre inscrit en \u00e9cole d\u2019ing\u00e9nieur.<\/li><\/ul><p>N.B. : l\u2019aide est cumulable avec d\u2019autres bourses, au cas par cas en fonction des financements d\u00e9j\u00e0 obtenus (I-SITE BFC\u2026). Vu le nombre restreint d\u2019aides attribu\u00e9es cette ann\u00e9e, le nombre de bourse sera limit\u00e9 par mention de licence (ou \u00e9quivalent).<\/p><h6>Crit\u00e8res de s\u00e9lection :<\/h6><ul><li>Motivation pour une immersion en laboratoire de recherche (public ou priv\u00e9) \u00e0 l\u2019international.<\/li><li>R\u00e9sultats acad\u00e9miques du candidat et projet de poursuite d\u2019\u00e9tude en master.<\/li><li>Qualit\u00e9 du projet scientifique associ\u00e9 \u00e0 la mobilit\u00e9 dans le laboratoire vis\u00e9.<\/li><\/ul><h6>Modalit\u00e9s de candidature : dossier de candidature \u00e0 t\u00e9l\u00e9charger<\/h6><p>Documents \u00e0 fournir :<\/p><ul><li>Formulaire de renseignements (annexe 1)<\/li><li>Projet de mobilit\u00e9 (annexe 2) de maximum 1 page, r\u00e9dig\u00e9 en fran\u00e7ais ou en anglais qui d\u00e9taille la motivation, l\u2019objectif de la mobilit\u00e9, le projet de recherche associ\u00e9, les partenariats, les co-financements \u00e9ventuels, la p\u00e9riode et la dur\u00e9e de la mobilit\u00e9.<\/li><li>Lettre de motivation, pr\u00e9cisant les objectifs d\u2019une poursuite d\u2019\u00e9tudes en master pour les licences ou \u00e9coles d\u2019ing\u00e9nieur.<\/li><li>Curriculum Vitae, r\u00e9dig\u00e9 en anglais ou en fran\u00e7ais.<\/li><li>Relev\u00e9 de notes et classement de la derni\u00e8re ann\u00e9e universitaire (Licence ou \u00e9quivalent)<\/li><li>Copie du passeport ou de la carte d\u2019identit\u00e9 nationale en cours de validit\u00e9.<\/li><\/ul><h6>Calendrier de l\u2019appel d\u2019offre :<\/h6><ul><li>Ouverture de l\u2019appel d\u2019offre : 1e d\u00e9cembre 2019<\/li><li>D\u00e9p\u00f4t des dossiers : au fil de l\u2019eau :<strong><span style=\"color: #cc2e6d\"> en raison de la situation sanitaire actuelle, il n&#8217;y a plus de date limite de candidature pour les projets de mobilit\u00e9 2020. <\/span><\/strong><br \/>Une session de s\u00e9lection par mois est pr\u00e9vue jusqu\u2019\u00e0 \u00e9puisement de l\u2019enveloppe, par le comit\u00e9 de s\u00e9lection RITM-BFC, avec validation des responsables des fili\u00e8res concern\u00e9es.<\/li><li>Publication des r\u00e9sultats : les laur\u00e9ats seront inform\u00e9s individuellement par voie \u00e9lectronique \u00e0 l\u2019issue de chaque session mensuelle.<\/li><\/ul><h6>Les candidats devront transmettre leur dossier de candidature exclusivement par voie \u00e9lectronique sous la forme d\u2019un seul document pdf \u00e0 :<strong><span style=\"color: #2facdb\"> ritm-bfc@ubfc.fr<\/span><\/strong> <\/h6><h6>Modalit\u00e9 d\u2019attribution des aides \u00e0 la mobilit\u00e9 en laboratoire de recherche RITM-BFC<\/h6><ul><li>uB et UFC :<br \/>La commission uB et UFC d\u2019attribution des bourses est compos\u00e9e des pilotes du levier 3 RITM-BFC \u00ab Renforcement des liens formation-recherche \u00bb et d\u2019un ou plusieurs repr\u00e9sentants de l\u2019ATP-BFC.<br \/>Cette commission classe les dossiers de candidature et les \u00e9tudie ensuite avec les candidatures issues de l\u2019UTBM pour attribuer les aides.<\/li><li>UTBM :<br \/>La commission UTBM d\u2019attribution des bourses est compos\u00e9e du directeur de la recherche UTBM, d\u2019un repr\u00e9sentant du service des stages et mobilit\u00e9s internationales, d\u2019un correspondant RITM-BFC pour l\u2019UTBM. Cette commission classe les dossiers et remonte \u00e0 RITM-BFC une liste class\u00e9e de candidature pour validation.<\/li><li><span style=\"color: #cc2e6d\">Certaines mobilit\u00e9s \u00e9tant annul\u00e9es ou diff\u00e9r\u00e9es en raison du contexte sanitaire, les aides seront vers\u00e9es sous r\u00e9serve que les mobilit\u00e9s soient effectivement r\u00e9alis\u00e9es.<\/span><\/li><\/ul><div>\u00a0<\/div><div>\u00a0<\/div>\t\t\t\t\t\t\t\t<\/div>\n\t\t\t\t<\/div>\n\t\t\t\t<div class=\"elementor-element elementor-element-ba57c4d elementor-widget elementor-widget-button\" data-id=\"ba57c4d\" data-element_type=\"widget\" data-e-type=\"widget\" data-widget_type=\"button.default\">\n\t\t\t\t<div class=\"elementor-widget-container\">\n\t\t\t\t\t\t\t\t\t<div class=\"elementor-button-wrapper\">\n\t\t\t\t\t<a class=\"elementor-button elementor-button-link elementor-size-sm\" href=\"https:\/\/www.ubfc.fr\/wp-content\/uploads\/2020\/02\/Appel-a-candidature-_Bourse-mobilit\u00e9-2019_RITM-BFC-V5.docx\">\n\t\t\t\t\t\t<span class=\"elementor-button-content-wrapper\">\n\t\t\t\t\t\t\t\t\t<span class=\"elementor-button-text\">T\u00e9l\u00e9charger l'Appel \u00e0 candidature : bourses d'aide \u00e0 la mobilit\u00e9 2019-2020<\/span>\n\t\t\t\t\t<\/span>\n\t\t\t\t\t<\/a>\n\t\t\t\t<\/div>\n\t\t\t\t\t\t\t\t<\/div>\n\t\t\t\t<\/div>\n\t\t\t\t\t<\/div>\n\t\t<\/div>\n\t\t\t\t\t<\/div>\n\t\t<\/section>\n\t\t\t\t<\/div>\n\t\t","protected":false},"excerpt":{"rendered":"<p>Stages en recherche \u00e0 l\u2019\u00e9tranger en licence (ou \u00e9quivalent) RITM-BFC soutient en 2019-2020 la mobilit\u00e9 des \u00e9tudiants de licence (ou \u00e9quivalent) au sein de l\u2019universit\u00e9 de Bourgogne, de l\u2019universit\u00e9 de Franche-Comt\u00e9 ou de l\u2019UTBM souhaitant d\u00e9couvrir le monde de la recherche dans un environnement international, en proposant des bourses de mobilit\u00e9 pour des stages dans &hellip; <a href=\"https:\/\/ubfc-preprod.u-bourgogne.fr\/en\/bourse-daide-a-la-mobilite-ritm-bfc\/\">Continued<\/a><\/p>\n","protected":false},"author":58,"featured_media":0,"parent":0,"menu_order":238,"comment_status":"closed","ping_status":"closed","template":"","meta":{"footnotes":""},"class_list":["post-41034","page","type-page","status-publish","hentry"],"acf":[],"_links":{"self":[{"href":"https:\/\/ubfc-preprod.u-bourgogne.fr\/en\/wp-json\/wp\/v2\/pages\/41034","targetHints":{"allow":["GET"]}}],"collection":[{"href":"https:\/\/ubfc-preprod.u-bourgogne.fr\/en\/wp-json\/wp\/v2\/pages"}],"about":[{"href":"https:\/\/ubfc-preprod.u-bourgogne.fr\/en\/wp-json\/wp\/v2\/types\/page"}],"author":[{"embeddable":true,"href":"https:\/\/ubfc-preprod.u-bourgogne.fr\/en\/wp-json\/wp\/v2\/users\/58"}],"replies":[{"embeddable":true,"href":"https:\/\/ubfc-preprod.u-bourgogne.fr\/en\/wp-json\/wp\/v2\/comments?post=41034"}],"version-history":[{"count":16,"href":"https:\/\/ubfc-preprod.u-bourgogne.fr\/en\/wp-json\/wp\/v2\/pages\/41034\/revisions"}],"predecessor-version":[{"id":43897,"href":"https:\/\/ubfc-preprod.u-bourgogne.fr\/en\/wp-json\/wp\/v2\/pages\/41034\/revisions\/43897"}],"wp:attachment":[{"href":"https:\/\/ubfc-preprod.u-bourgogne.fr\/en\/wp-json\/wp\/v2\/media?parent=41034"}],"curies":[{"name":"wp","href":"https:\/\/api.w.org\/{rel}","templated":true}]}}