{"id":35057,"date":"2019-04-15T14:21:14","date_gmt":"2019-04-15T12:21:14","guid":{"rendered":"http:\/\/www.ubfc.fr\/?page_id=35057"},"modified":"2020-07-08T14:08:21","modified_gmt":"2020-07-08T12:08:21","slug":"procedures-de-recrutement","status":"publish","type":"page","link":"https:\/\/ubfc-preprod.u-bourgogne.fr\/en\/procedures-de-recrutement\/","title":{"rendered":"Proc\u00e9dures de recrutement"},"content":{"rendered":"\t\t<div data-elementor-type=\"wp-post\" data-elementor-id=\"35057\" class=\"elementor elementor-35057\" data-elementor-post-type=\"page\">\n\t\t\t\t\t\t<section class=\"elementor-section elementor-top-section elementor-element elementor-element-30ce568c elementor-section-boxed elementor-section-height-default elementor-section-height-default\" data-id=\"30ce568c\" data-element_type=\"section\" data-e-type=\"section\">\n\t\t\t\t\t\t<div class=\"elementor-container elementor-column-gap-default\">\n\t\t\t\t\t<div class=\"elementor-column elementor-col-100 elementor-top-column elementor-element elementor-element-68a4d53d\" data-id=\"68a4d53d\" data-element_type=\"column\" data-e-type=\"column\">\n\t\t\t<div class=\"elementor-widget-wrap elementor-element-populated\">\n\t\t\t\t\t\t<div class=\"elementor-element elementor-element-1ab35a95 elementor-widget elementor-widget-text-editor\" data-id=\"1ab35a95\" data-element_type=\"widget\" data-e-type=\"widget\" data-widget_type=\"text-editor.default\">\n\t\t\t\t<div class=\"elementor-widget-container\">\n\t\t\t\t\t\t\t\t\t<h4><span style=\"color: #2facdb\">\u00c9tudes doctorales<\/span><\/h4><ul><li><span style=\"color: #000000\"><a style=\"color: #000000\" href=\"https:\/\/fr.collegedoctoral.univ-bfc.fr\/index.php\/2018\/06\/20\/rentree-universitaire-2019-2020\/\">Proc\u00e9dure d&#8217;inscription<\/a><\/span><\/li><li><span style=\"color: #000000\"><a style=\"color: #000000\" href=\"https:\/\/www.ubfc.fr\/wp-content\/uploads\/2019\/12\/Formulaire_Demande-de-recrutement_Doctorant1.pdf\">Demande de recrutement de doctorants<\/a><\/span><\/li><\/ul><h4><span style=\"color: #2facdb\">I-SITE<\/span><\/h4><ul style=\"list-style-type: disc\"><li><a href=\"http:\/\/www.ubfc.fr\/wp-content\/uploads\/2019\/04\/ISITE-BFC-publication-fiche-de-poste.docx\"><span style=\"color: #000000\">Demande publication profil poste<\/span><\/a><\/li><li><a href=\"http:\/\/www.ubfc.fr\/wp-content\/uploads\/2019\/04\/Circuit-RH-contrats-de-recherche-UBFC-ISITE-BFC-1-1-1.pdf\"><span style=\"color: #000000\">Circuit RH-contrat de recherche I-SITE<\/span><\/a><\/li><li><a href=\"http:\/\/www.ubfc.fr\/wp-content\/uploads\/2019\/05\/Demande-pr\u00e9alable-embauche-I-Site-1.pdf\"><span style=\"color: #000000\">Demande pr\u00e9alable embauche I-SITE<\/span><\/a><\/li><li><a href=\"http:\/\/www.ubfc.fr\/wp-content\/uploads\/2019\/05\/Demande-de-recrutement-I-Site-1.pdf\"><span style=\"color: #000000\">Demande recrutement I-SITE<\/span><\/a><\/li><\/ul><h4><span style=\"color: #2facdb\">Contrat Recherche (ANR, H2020, Feder, R\u00e9gion, EIPHI-BFC)<\/span><\/h4><ul style=\"list-style-type: disc\"><li><a href=\"http:\/\/www.ubfc.fr\/wp-content\/uploads\/2019\/09\/Circuit_RH_Contrat-Recherche_UBFC-1.docx\"><span style=\"color: #000000\">Circuit RH-contrat de recherche UBFC hors I-Site (\u00e0 lire avant toute demande de recrutement)<\/span><\/a><\/li><li><span style=\"color: #000000\"><a style=\"color: #000000\" href=\"http:\/\/www.ubfc.fr\/wp-content\/uploads\/2019\/09\/DEMANDE_DE_RECRUTEMENT-1.pdf\" target=\"_blank\" rel=\"noopener\">Demande de recrutement<\/a><\/span><\/li><li><a href=\"https:\/\/www.ubfc.fr\/wp-content\/uploads\/2020\/03\/Doc-recrutement_H2020_Marie-Curie.docx\"><span style=\"color: #000000\">Demande de recrutement H2020 &#8211; Marie Curie<\/span><\/a><\/li><li><span style=\"color: #000000\"><a style=\"color: #000000\" href=\"https:\/\/www.ubfc.fr\/wp-content\/uploads\/2020\/02\/Canevas_offreEmploi_contrat_recherche.docx\" target=\"_blank\" rel=\"noopener\">Canevas offre d&#8217;emploi<\/a><\/span><\/li><\/ul><div><h4><span style=\"color: #2facdb\">Documents compl\u00e9mentaires pour tout recrutement<br \/><\/span><\/h4><\/div><ul><li><span style=\"color: #000000\"><a style=\"color: #000000\" href=\"http:\/\/www.ubfc.fr\/wp-content\/uploads\/2019\/04\/Demande_d_affiliation_au_Centre_de_Securite_sociale_MGEN.pdf\">Demande d&#8217;affiliation au Centre de s\u00e9curit\u00e9 sociale MGEN<\/a><\/span><\/li><li><span style=\"color: #000000\"><a style=\"color: #000000\" href=\"http:\/\/www.ubfc.fr\/wp-content\/uploads\/2019\/04\/AttestationSFT.pdf\">Demande de suppl\u00e9ment familial (SFT) <\/a><\/span><\/li><li><span style=\"color: #000000\"><a style=\"color: #000000\" href=\"http:\/\/www.ubfc.fr\/wp-content\/uploads\/2019\/04\/certificat-m\u00e9dical-UBFC-et-demande-de-r\u00e9glement.pdf\">Certificat m\u00e9dical d&#8217;aptitude et formulaire de remboursement d&#8217;honoraires<\/a><\/span><\/li><li><a href=\"https:\/\/www.ubfc.fr\/wp-content\/uploads\/2020\/07\/ConventionAccueil_2.0.pdf\"><span style=\"color: #000000\">Convention d&#8217;accueil<\/span><\/a><\/li><li><span style=\"color: #000000\"><a style=\"color: #000000\" href=\"http:\/\/www.ubfc.fr\/wp-content\/uploads\/2019\/04\/Formulaire_demande_de_remboursement_partiel_frais_de_transport_UBFC.pdf\">Demande de prise en charge partielle des frais de transport<\/a><\/span><\/li><li><span style=\"color: #000000\"><a style=\"color: #000000\" href=\"http:\/\/www.ubfc.fr\/wp-content\/uploads\/2019\/04\/Fiche-de-renseignements-COMUE-UBFC.pdf\">Fiche de renseignements (FR)<\/a><\/span> \/ <span style=\"color: #000000\"><a style=\"color: #000000\" href=\"https:\/\/www.ubfc.fr\/wp-content\/uploads\/2020\/05\/Employee_information_sheet-UBFC.pdf\">Information sheet (ENG)<\/a><\/span><\/li><li><a href=\"https:\/\/www.ubfc.fr\/wp-content\/uploads\/2020\/03\/GRILLE-DE-SALAIRES-DES-CONTRACTUELS-2020.pdf\"><span style=\"color: #000000\">Grilles de r\u00e9mun\u00e9ration appliqu\u00e9es aux contractuels recrut\u00e9s par UBFC (\u00e0 titre indicatif)<\/span><\/a><\/li><\/ul><ul style=\"list-style-type: disc\"><li style=\"list-style-type: none\"><ul style=\"list-style-type: square\"><li style=\"list-style-type: none\">\u00a0<\/li><\/ul><\/li><\/ul>\t\t\t\t\t\t\t\t<\/div>\n\t\t\t\t<\/div>\n\t\t\t\t\t<\/div>\n\t\t<\/div>\n\t\t\t\t\t<\/div>\n\t\t<\/section>\n\t\t\t\t<\/div>\n\t\t","protected":false},"excerpt":{"rendered":"<p>\u00c9tudes doctorales Proc\u00e9dure d&#8217;inscription Demande de recrutement de doctorants I-SITE Demande publication profil poste Circuit RH-contrat de recherche I-SITE Demande pr\u00e9alable embauche I-SITE Demande recrutement I-SITE Contrat Recherche (ANR, H2020, Feder, R\u00e9gion, EIPHI-BFC) Circuit RH-contrat de recherche UBFC hors I-Site (\u00e0 lire avant toute demande de recrutement) Demande de recrutement Demande de recrutement H2020 &#8211; &hellip; <a href=\"https:\/\/ubfc-preprod.u-bourgogne.fr\/en\/procedures-de-recrutement\/\">Continued<\/a><\/p>\n","protected":false},"author":58,"featured_media":0,"parent":0,"menu_order":291,"comment_status":"closed","ping_status":"closed","template":"","meta":{"footnotes":""},"class_list":["post-35057","page","type-page","status-publish","hentry"],"acf":[],"_links":{"self":[{"href":"https:\/\/ubfc-preprod.u-bourgogne.fr\/en\/wp-json\/wp\/v2\/pages\/35057","targetHints":{"allow":["GET"]}}],"collection":[{"href":"https:\/\/ubfc-preprod.u-bourgogne.fr\/en\/wp-json\/wp\/v2\/pages"}],"about":[{"href":"https:\/\/ubfc-preprod.u-bourgogne.fr\/en\/wp-json\/wp\/v2\/types\/page"}],"author":[{"embeddable":true,"href":"https:\/\/ubfc-preprod.u-bourgogne.fr\/en\/wp-json\/wp\/v2\/users\/58"}],"replies":[{"embeddable":true,"href":"https:\/\/ubfc-preprod.u-bourgogne.fr\/en\/wp-json\/wp\/v2\/comments?post=35057"}],"version-history":[{"count":58,"href":"https:\/\/ubfc-preprod.u-bourgogne.fr\/en\/wp-json\/wp\/v2\/pages\/35057\/revisions"}],"predecessor-version":[{"id":44912,"href":"https:\/\/ubfc-preprod.u-bourgogne.fr\/en\/wp-json\/wp\/v2\/pages\/35057\/revisions\/44912"}],"wp:attachment":[{"href":"https:\/\/ubfc-preprod.u-bourgogne.fr\/en\/wp-json\/wp\/v2\/media?parent=35057"}],"curies":[{"name":"wp","href":"https:\/\/api.w.org\/{rel}","templated":true}]}}