{"id":35002,"date":"2019-04-11T17:03:11","date_gmt":"2019-04-11T15:03:11","guid":{"rendered":"http:\/\/www.ubfc.fr\/?page_id=35002"},"modified":"2019-04-15T10:54:22","modified_gmt":"2019-04-15T08:54:22","slug":"appel-a-projet-regional-2019","status":"publish","type":"page","link":"https:\/\/ubfc-preprod.u-bourgogne.fr\/en\/appel-a-projet-regional-2019\/","title":{"rendered":"Appel \u00e0 projet r\u00e9gional 2019"},"content":{"rendered":"<p><span style=\"font-size: 18pt\">Le P\u00f4le f\u00e9d\u00e9ratif de recherche et de formation en sant\u00e9 publique Bourgogne Franche-Comt\u00e9 lance son premier appel \u00e0 projet (AAP) avec un montant de 80 000 \u20ac \u00e0 attribuer en 2019.<\/span><\/p>\n<p>Cet AAP a vocation \u00e0 \u00eatre renouvel\u00e9 annuellement. Le P\u00f4le veut renforcer le d\u00e9veloppement de recherches interdisciplinaires et partenariales en sant\u00e9 publique, principalement dans deux champs :<\/p>\n<ul>\n<li><strong>Les services et l\u2019offre de sant\u00e9<\/strong> avec u<em>ne attention particuli\u00e8re<\/em> pour les questions de recherche concernant\u00a0:<\/li>\n<li>l\u2019acc\u00e8s aux services de sant\u00e9 (\u00e9tablissements et professionnels) et ses diff\u00e9rentes dimensions, avec un int\u00e9r\u00eat particulier pour les mobilit\u00e9s (professionnels et usagers) dans la perspective d\u2019am\u00e9lioration de la r\u00e9ponse aux besoins de sant\u00e9 des habitants, notamment sur les territoires d\u00e9ficitaires (zones blanches et d\u00e9serts m\u00e9dicaux).<\/li>\n<li>les questions de communication et de coordination entre professionnels, et la n\u00e9cessit\u00e9 de travailler sur les moyens d\u2019inclure les populations les plus fragiles dans les d\u00e9marches de sant\u00e9 publique.<\/li>\n<li><strong>La sant\u00e9 et l\u2019environnement<\/strong> avec <em>une attention particuli\u00e8re <\/em>accord\u00e9e aux questions de recherche en lien avec l&#8217;identification des d\u00e9terminants impliqu\u00e9s en sant\u00e9 environnementale, en particulier les facteurs d&#8217;iniquit\u00e9 environnementale.<\/li>\n<\/ul>\n<p><strong>\u00c0 noter<\/strong>\u00a0: les projets d\u2019amor\u00e7age<\/p>\n<p>Le P\u00f4le souhaite encourager et faciliter la co-construction des projets de recherches interventionnelles entre chercheurs, acteurs et usagers (entendu au sens large du terme : patient, aidant, citoyen ou personne accueillie). Un fond d\u2019amor\u00e7age pourra \u00eatre allou\u00e9 \u00e0 des \u00e9quipes souhaitant s\u2019inscrire dans cette d\u00e9marche la plus collaborative possible afin de construire une r\u00e9ponse \u00e0 un AAP national ou international en 2020.<\/p>\n<p><strong>Documents \u00e0 t\u00e9l\u00e9charger<\/strong> :<\/p>\n<ul>\n<li><a href=\"http:\/\/www.ubfc.fr\/wp-content\/uploads\/2019\/04\/AAP_P\u00f4le_SP_BFC_2019_12_04_19.pdf\">Appel \u00e0 projets de recherche 2019<\/a><\/li>\n<li><a href=\"http:\/\/www.ubfc.fr\/wp-content\/uploads\/2019\/04\/AAP_P\u00f4le_SP_BFC_2019_dossier_de_candidature_projet_recherche.docx\">Dossier de candidature<\/a><\/li>\n<li><a href=\"http:\/\/www.ubfc.fr\/wp-content\/uploads\/2019\/04\/AAP_P\u00f4le_SP_BFC_2019_lettre_dintention_amor\u00e7age-1.docx\">Lettre d&#8217;intention pour les fonds d&#8217;amor\u00e7age<\/a><\/li>\n<\/ul>\n","protected":false},"excerpt":{"rendered":"<p>Le P\u00f4le f\u00e9d\u00e9ratif de recherche et de formation en sant\u00e9 publique Bourgogne Franche-Comt\u00e9 lance son premier appel \u00e0 projet (AAP) avec un montant de 80 000 \u20ac \u00e0 attribuer en 2019. Cet AAP a vocation \u00e0 \u00eatre renouvel\u00e9 annuellement. Le P\u00f4le veut renforcer le d\u00e9veloppement de recherches interdisciplinaires et partenariales en sant\u00e9 publique, principalement dans &hellip; <a href=\"https:\/\/ubfc-preprod.u-bourgogne.fr\/en\/appel-a-projet-regional-2019\/\">Continued<\/a><\/p>\n","protected":false},"author":6,"featured_media":0,"parent":0,"menu_order":290,"comment_status":"closed","ping_status":"closed","template":"","meta":{"footnotes":""},"class_list":["post-35002","page","type-page","status-publish","hentry"],"acf":[],"_links":{"self":[{"href":"https:\/\/ubfc-preprod.u-bourgogne.fr\/en\/wp-json\/wp\/v2\/pages\/35002","targetHints":{"allow":["GET"]}}],"collection":[{"href":"https:\/\/ubfc-preprod.u-bourgogne.fr\/en\/wp-json\/wp\/v2\/pages"}],"about":[{"href":"https:\/\/ubfc-preprod.u-bourgogne.fr\/en\/wp-json\/wp\/v2\/types\/page"}],"author":[{"embeddable":true,"href":"https:\/\/ubfc-preprod.u-bourgogne.fr\/en\/wp-json\/wp\/v2\/users\/6"}],"replies":[{"embeddable":true,"href":"https:\/\/ubfc-preprod.u-bourgogne.fr\/en\/wp-json\/wp\/v2\/comments?post=35002"}],"version-history":[{"count":4,"href":"https:\/\/ubfc-preprod.u-bourgogne.fr\/en\/wp-json\/wp\/v2\/pages\/35002\/revisions"}],"predecessor-version":[{"id":35056,"href":"https:\/\/ubfc-preprod.u-bourgogne.fr\/en\/wp-json\/wp\/v2\/pages\/35002\/revisions\/35056"}],"wp:attachment":[{"href":"https:\/\/ubfc-preprod.u-bourgogne.fr\/en\/wp-json\/wp\/v2\/media?parent=35002"}],"curies":[{"name":"wp","href":"https:\/\/api.w.org\/{rel}","templated":true}]}}