{"id":33537,"date":"2019-02-25T14:31:55","date_gmt":"2019-02-25T13:31:55","guid":{"rendered":"http:\/\/www.ubfc.fr\/?page_id=33537"},"modified":"2019-11-12T16:01:52","modified_gmt":"2019-11-12T15:01:52","slug":"les-appels-a-candidatures-ritm-bfc","status":"publish","type":"page","link":"https:\/\/ubfc-preprod.u-bourgogne.fr\/en\/les-appels-a-candidatures-ritm-bfc\/","title":{"rendered":"Les appels \u00e0 candidatures RITM-BFC"},"content":{"rendered":"<p><span style=\"font-size: 18pt\">\u00c0 travers ses appels \u00e0 candidatures, RITM-BFC permet\u00a0 aux enseignants d&#8217;obtenir des d\u00e9charges de service pour des projets li\u00e9s \u00e0 la formation et \u00e0 l\u2019innovation p\u00e9dagogique (les <\/span><span style=\"font-size: 18pt\">\u00ab R\u00e9sidences de la p\u00e9dagogie \u00bb) <\/span><span style=\"font-size: 18pt\">ou de suivre des stages d\u2019immersion en entreprise pour contribuer au d\u00e9veloppement de la formation tout au long de la vie (FTLV).<\/span><\/p>\n<p>Les Appels \u00e0 candidatures RITM-BFC sont permanents et les candidatures seront \u00e9tudi\u00e9es au fil de l\u2019eau. Elles seront \u00e9valu\u00e9es par le Comit\u00e9 Scientifique et d\u2019Evaluation (CSE) de RITM-BFC, accompagn\u00e9 par des experts. Deux appels \u00e0 candidatures sont propos\u00e9s pour 2019-2020\u00a0:<\/p>\n<p>L\u2019appel \u00e0 candidatures \u00ab\u00a0Immersion Formation Tout au Long de la Vie (FTLV)\u00a0\u00bb s\u2019inscrit dans le levier 5 \u00ab\u00a0Acculturation \u00e0 la FTLV\u00a0\u00bb dont l\u2019enjeu est d&#8217;accro\u00eetre l\u2019activit\u00e9 Formation Continue dans les \u00e9tablissements par une acculturation des acteurs : \u00e9tudiants, apprenants, enseignants, personnels, entreprises et acteurs \u00e9conomiques du territoire.<\/p>\n<p>L\u2019appel \u00e0 candidatures \u00ab\u00a0R\u00e9sidences de la P\u00e9dagogie\u00a0\u00bb s\u2019inscrit dans le levier 4 au niveau du plan d\u2019action \u00ab\u00a0L\u2019enseignant engag\u00e9\u00a0\u00bb. Le d\u00e9fi \u00e0 relever consiste \u00e0 faire \u00e9voluer, de mani\u00e8re durable, la posture de l&#8217;enseignant du sup\u00e9rieur au service d&#8217;une pratique r\u00e9flexive vis-\u00e0-vis de sa p\u00e9dagogie et <em>in fine<\/em> de former \u00e0 la p\u00e9dagogie 100% des enseignants et enseignants-chercheurs d&#8217;UBFC. Cela passe notamment par <strong>le d\u00e9veloppement d\u2019une culture de l\u2019am\u00e9lioration continue des formations, de la transformation p\u00e9dagogique et une pratique de la formation initiale et permanente en p\u00e9dagogie<\/strong> (questions de p\u00e9dagogie, d&#8217;alignement, de comp\u00e9tences, de connaissance du public ou d&#8217;environnement socio- \u00e9conomique).<\/p>\n<h2>Appel \u00e0 Candidatures \u00ab R\u00e9sidences de la p\u00e9dagogie \u00bb<\/h2>\n<p>A l\u2019\u00e9gal des CRCT dans le domaine de la recherche, ces R\u00e9sidences de la P\u00e9dagogie donnent, au niveau de la formation et de l\u2019innovation p\u00e9dagogique, le temps et les moyens d\u2019initier un projet, de le d\u00e9velopper, de le diffuser, via <strong>une d\u00e9charge\/d\u00e9l\u00e9gation de services accord\u00e9e sur un semestre ou une ann\u00e9e universitaire<\/strong>, une fois tous les cinq ans par enseignant, pour un volume de 25% (enseignants) ou 50 % (enseignants-chercheurs) du service, soit <strong>l\u2019\u00e9quivalent de 96h TD.<\/strong><\/p>\n<p>Il s\u2019agit d\u2019un dispositif original, pour ne pas dire in\u00e9dit, qui sur une dizaine d\u2019ann\u00e9es cr\u00e9era un r\u00e9seau d\u2019innovation et d\u2019expertise p\u00e9dagogique tr\u00e8s d\u00e9velopp\u00e9 au niveau d\u2019UBFC.<\/p>\n<p>Ces \u00ab\u00a0r\u00e9sidences de la p\u00e9dagogie\u00a0\u00bb repr\u00e9sentent un premier r\u00e9seau d&#8217;experts enseignants impliqu\u00e9s dans la diss\u00e9mination des pratiques, l&#8217;accompagnement et la formation de leurs coll\u00e8gues, en appui de l\u2019Acc\u00e9l\u00e9rateur de la Transformation P\u00e9dagogique (ATP-BFC) et des structures existantes de recherche, d&#8217;\u00e9valuation et d&#8217;ing\u00e9nierie de soutien.<\/p>\n<p>Sont concern\u00e9s les enseignants et enseignants-chercheurs, toutes disciplines confondues, au niveau de tous les \u00e9tablissements impliqu\u00e9s dans le projet RITM-BFC, tout particuli\u00e8rement mais sans exclusivit\u00e9, au niveau de la formation en premier cycle universitaire. Les projets peuvent relever de la recherche-action en p\u00e9dagogie ; de la mise en place d\u2019une p\u00e9dagogie innovante ; de la mise en place de dispositifs impactants, de production de ressources, de modules d&#8217;auto-formation \u00e0 destination des enseignants, etc., ou de toute innovation qui prend valeur de transformation pour l\u2019avenir de la p\u00e9dagogie.<\/p>\n<p>Les projets devront s\u2019appuyer sur des services d\u2019innovation p\u00e9dagogiques ou un laboratoire ou f\u00e9d\u00e9ration de recherche en p\u00e9dagogie ou sciences de l\u2019\u00e9ducation.<\/p>\n<p>Les premi\u00e8res R\u00e9sidences ont vu le jour en septembre 2019.<\/p>\n<h2>Appel \u00e0 Candidatures \u00ab Immersion Formation Tout au Long de la Vie (FTLV) \u00bb<\/h2>\n<p>Les objectifs de cette action sont les suivants :<\/p>\n<ul>\n<li>Acculturer les coll\u00e8gues (tous corps) \u00e0 la FTLV mais plus sp\u00e9cifiquement permettre \u00e0 chacun (monde universitaire et monde industriel) de mieux appr\u00e9hender les besoins des uns et des autres mais \u00e9galement de mieux conna\u00eetre les organisations.<\/li>\n<li>Faire de l\u2019\u00e9quipe universitaire un \u00ab ambassadeur \u00bb de l\u2019offre universitaire (enseignement sup\u00e9rieur) et r\u00e9pertorier des besoins de l\u2019entreprise pour enrichir l\u2019offre de Formation Continue.<\/li>\n<li>D\u00e9velopper des partenariats et impliquer davantage les acteurs du monde socio-professionnel dans les formations<\/li>\n<li>Pour l\u2019entreprise, il s\u2019agit de mettre en lien ses besoins avec l\u2019offre de formation dipl\u00f4mante afin d\u2019accompagner la mont\u00e9e en comp\u00e9tences de ses collaborateurs<\/li>\n<li>Changer la posture des enseignants et plus globalement des coll\u00e8gues vis-\u00e0-vis du monde socio-\u00e9conomique.<\/li>\n<\/ul>\n<p>\u00c0 travers cette action, il s\u2019agira de former les coll\u00e8gues candidats \u00e0 la formation tout au long de la vie. Les candidats b\u00e9n\u00e9ficieront d\u2019un accompagnement du service de formation de l\u2019\u00e9tablissement.<\/p>\n<p>Deux types de candidatures peuvent \u00eatre envisag\u00e9es :<\/p>\n<ul>\n<li>Candidature individuelle.<\/li>\n<li>Candidature en bin\u00f4me : il s\u2019agira de constituer des bin\u00f4mes soit : 1) interdisciplinaire (SHS &amp; Sciences Exp\u00e9rimentales) afin de refl\u00e9ter la pluridisciplinarit\u00e9 de l\u2019offre de l\u2019enseignement sup\u00e9rieur, 2) personnels administratifs\/techniques d\u00e9j\u00e0 investis dans la formation tout au long de la vie et enseignant ou enseignant-chercheur en phase de d\u00e9couverte.<\/li>\n<\/ul>\n<p>Pour les enseignants et enseignant-chercheurs, la participation donnera lieu \u00e0 une d\u00e9charge horaire ou \u00e0 des heures compl\u00e9mentaires.<br \/>\nPour les personnels administratifs, la participation donnera lieu \u00e0 une compensation financi\u00e8re en cas de remplacement du coll\u00e8gue.<\/p>\n<p>L\u2019action se d\u00e9roule sous la forme de p\u00e9riodes d\u2019immersion pendant 15 jours (cons\u00e9cutifs ou non) avec une indemnisation \u00e0 hauteur de 40 heures (\u00e9q. TD) pour les coll\u00e8gues enseignants et enseignants-chercheurs.<\/p>\n<h2>Proc\u00e9dure pour candidater<\/h2>\n<h3>Conditions<\/h3>\n<ul>\n<li>Le dossier doit recevoir l\u2019avis du directeur de composante ainsi que le visa du service ou laboratoire en appui le cas \u00e9ch\u00e9ant.<\/li>\n<li>Soumission d\u2019un dossier complet (dossier de candidature + avis composante + fiche financi\u00e8re).<\/li>\n<li>Le porteur de projet \u00ab R\u00e9sidence de la P\u00e9dagogie \u00bb et b\u00e9n\u00e9ficiaire de la d\u00e9charge est enseignant ou enseignant-chercheur d\u2019un des \u00e9tablissements membres d\u2019UBFC.<\/li>\n<li>Les candidats \u00e0 l\u2019action \u00ab Immersion FTLV \u00bb sont des personnels d\u2019un des \u00e9tablissements membres d\u2019UBFC.<\/li>\n<\/ul>\n<h3>Modalit\u00e9s<\/h3>\n<p>Le dossier pour chaque appel \u00e0 candidature est compos\u00e9 :<\/p>\n<ul>\n<li>d\u2019un dossier de candidature au format word (\u00e0 transformer en pdf avant d\u00e9p\u00f4t), nomm\u00e9 de la mani\u00e8re suivante :\n<ul>\n<li>Pour les <a href=\"http:\/\/www.ubfc.fr\/wp-content\/uploads\/2019\/02\/dossier-de-candidature-Immersion-FTLV.docx\">dossier de candidature\u00a0\u00ab Immersion FTLV<\/a>\u00a0\u00bb : FTLV-nom du projet-dossier<\/li>\n<li>Pour les<a href=\"http:\/\/www.ubfc.fr\/wp-content\/uploads\/2019\/02\/Dossier-de-candidatures-Residences-Pedagogiques-2019.doc\"> dossiers de candidatures <\/a><a href=\"http:\/\/www.ubfc.fr\/wp-content\/uploads\/2019\/02\/dossier-de-candidature-Immersion-FTLV.docx\">\u00ab <\/a><a href=\"http:\/\/www.ubfc.fr\/wp-content\/uploads\/2019\/02\/Dossier-de-candidatures-Residences-Pedagogiques-2019.doc\">R\u00e9sidences de la p\u00e9dagogie<\/a> \u00bb: RP-nom du projet-dossier<\/li>\n<\/ul>\n<\/li>\n<li>d\u2019une <a href=\"http:\/\/www.ubfc.fr\/wp-content\/uploads\/2019\/02\/fiche-financi\u00e8re-prev-AAC.xls\">fiche financi\u00e8re prev AAC<\/a> au format excel, nomm\u00e9e de la mani\u00e8re suivante :\n<ul>\n<li>Pour les dossiers \u00ab Immersion FTLV \u00bb : FTLV-nom du projet-annexef<\/li>\n<li>Pour les dossiers \u00ab R\u00e9sidence de la P\u00e9dagogie \u00bb : RP-nom du projet-annexef<\/li>\n<\/ul>\n<\/li>\n<li>d\u2019un mod\u00e8le type d\u2019<a href=\"http:\/\/www.ubfc.fr\/wp-content\/uploads\/2019\/02\/avis-composante-AAC.docx\">avis de la composante \/ du service : du laboratoire<\/a> (direction ou instance) au format word (\u00e0 transformer en pdf avant d\u00e9p\u00f4t) par partenaire concern\u00e9 par le projet, nomm\u00e9 de la mani\u00e8re suivante :\n<ul>\n<li>Pour les dossiers \u00ab Immersion FTLV \u00bb : FTLV-nom du projet-avis<\/li>\n<li>Pour les dossiers \u00ab R\u00e9sidence de la P\u00e9dagogie \u00bb : RP-nom du projet-avis<\/li>\n<\/ul>\n<\/li>\n<\/ul>\n<p>Les trois documents <strong>compl\u00e9t\u00e9s et vis\u00e9s par le responsable la composante ou du service<\/strong> seront \u00e0 envoyer par mail \u00e0 : <a href=\"mailto:ritm-bfc@ubfc.fr\">ritm-bfc@ubfc.fr<\/a><\/p>\n<p>Un accus\u00e9 de r\u00e9ception vous sera adress\u00e9 \u00e0 la r\u00e9ception de votre dossier complet (Dossier de candidature + avis composante + annexe financi\u00e8re), merci de bien vouloir le conserver, il fera preuve de d\u00e9p\u00f4t.<\/p>\n<h3>Calendrier g\u00e9n\u00e9ral :<\/h3>\n<ul>\n<li>Les candidatures sont accept\u00e9es tout au long de l&#8217;ann\u00e9e scolaire, de septembre \u00e0 juin<strong><br \/>\n<\/strong><\/li>\n<li>Retour au candidat dans les deux mois suivant la soumission de la candidature<\/li>\n<li>D\u00e9marrage effectif du projet possible d\u00e8s l\u2019annonce du r\u00e9sultat<\/li>\n<\/ul>\n<h3>Engagement des laur\u00e9ats<\/h3>\n<p>Les laur\u00e9ats de cet Appel \u00e0 Candidatures soutenu par RITM-BFC s&#8217;engagent \u00e0 :<\/p>\n<ul>\n<li>Participer au s\u00e9minaire de r\u00e9sidence p\u00e9dagogique organis\u00e9 par RITM-BFC dans la p\u00e9riode du projet<\/li>\n<li>Transmettre l&#8217;\u00e9tat d&#8217;avancement et\/ou le bilan d&#8217;activit\u00e9 du projet \u00e0 la demande du coordinateur du projet RITM-BFC. Ces bilans faciliteront notamment la production de justificatifs aupr\u00e8s des partenaires et financeurs publics (ANR, collectivit\u00e9s, etc.) ainsi que la valorisation des travaux de RITM-BFC dans le cadre de ses actions de communication<\/li>\n<li>Fournir un compte rendu \u00e0 la fin de la r\u00e9sidence ou de l\u2019immersion en entreprise<\/li>\n<li>Mentionner dans le cadre d\u2019une \u00e9ventuelle publication :\u00ab\u00a0This project has been performed thanks to the RITM-BFC program (contract ANR-17-NCUN-0003)\u00a0\u00bb ou \u00ab\u00a0Ce travail a b\u00e9n\u00e9fici\u00e9 du soutien du projet NCU RITM-BFC portant la r\u00e9f\u00e9rence ANR-17-NCUN-0003)\u00a0\u00bb<\/li>\n<li>Afficher dans le cadre d&#8217;une \u00e9ventuelle communication orale ou \u00e9crite (poster, conf\u00e9rence, s\u00e9minaire, workshop, rapport d&#8217;activit\u00e9, rapport de stage\u2026) les logos d\u2019UBFC, de RITM-BFC et de l\u2019ANR.<\/li>\n<li>Participer \u00e0 des actions de partage de pratiques p\u00e9dagogiques, dans le cadre de sollicitations par RITM-BFC, \u00e0 l\u2019issue de la r\u00e9sidence.<\/li>\n<li>Partager des ressources (via les services d\u2019appui) facilitant l\u2019essaimage de pratiques p\u00e9dagogiques innovantes test\u00e9es.<\/li>\n<\/ul>\n<h3>Contact :<\/h3>\n<p><a href=\"mailto:ritm-bfc@ubfc.fr\">ritm-bfc@ubfc.fr<\/a><\/p>\n<p><img decoding=\"async\" class=\"alignnone size-medium wp-image-21219\" src=\"http:\/\/www.ubfc.fr\/wp-content\/uploads\/2018\/10\/RITM-BFC-300x164.jpg\" alt=\"\" width=\"300\" height=\"164\" srcset=\"https:\/\/ubfc-preprod.u-bourgogne.fr\/wp-content\/uploads\/2018\/10\/RITM-BFC-300x164.jpg 300w, https:\/\/ubfc-preprod.u-bourgogne.fr\/wp-content\/uploads\/2018\/10\/RITM-BFC-768x419.jpg 768w, https:\/\/ubfc-preprod.u-bourgogne.fr\/wp-content\/uploads\/2018\/10\/RITM-BFC-1024x559.jpg 1024w, https:\/\/ubfc-preprod.u-bourgogne.fr\/wp-content\/uploads\/2018\/10\/RITM-BFC.jpg 1363w\" sizes=\"(max-width: 300px) 100vw, 300px\" \/><\/p>\n","protected":false},"excerpt":{"rendered":"<p>\u00c0 travers ses appels \u00e0 candidatures, RITM-BFC permet\u00a0 aux enseignants d&#8217;obtenir des d\u00e9charges de service pour des projets li\u00e9s \u00e0 la formation et \u00e0 l\u2019innovation p\u00e9dagogique (les \u00ab R\u00e9sidences de la p\u00e9dagogie \u00bb) ou de suivre des stages d\u2019immersion en entreprise pour contribuer au d\u00e9veloppement de la formation tout au long de la vie (FTLV). &hellip; <a href=\"https:\/\/ubfc-preprod.u-bourgogne.fr\/en\/les-appels-a-candidatures-ritm-bfc\/\">Continued<\/a><\/p>\n","protected":false},"author":6,"featured_media":0,"parent":0,"menu_order":311,"comment_status":"closed","ping_status":"closed","template":"","meta":{"footnotes":""},"class_list":["post-33537","page","type-page","status-publish","hentry"],"acf":[],"_links":{"self":[{"href":"https:\/\/ubfc-preprod.u-bourgogne.fr\/en\/wp-json\/wp\/v2\/pages\/33537","targetHints":{"allow":["GET"]}}],"collection":[{"href":"https:\/\/ubfc-preprod.u-bourgogne.fr\/en\/wp-json\/wp\/v2\/pages"}],"about":[{"href":"https:\/\/ubfc-preprod.u-bourgogne.fr\/en\/wp-json\/wp\/v2\/types\/page"}],"author":[{"embeddable":true,"href":"https:\/\/ubfc-preprod.u-bourgogne.fr\/en\/wp-json\/wp\/v2\/users\/6"}],"replies":[{"embeddable":true,"href":"https:\/\/ubfc-preprod.u-bourgogne.fr\/en\/wp-json\/wp\/v2\/comments?post=33537"}],"version-history":[{"count":11,"href":"https:\/\/ubfc-preprod.u-bourgogne.fr\/en\/wp-json\/wp\/v2\/pages\/33537\/revisions"}],"predecessor-version":[{"id":40716,"href":"https:\/\/ubfc-preprod.u-bourgogne.fr\/en\/wp-json\/wp\/v2\/pages\/33537\/revisions\/40716"}],"wp:attachment":[{"href":"https:\/\/ubfc-preprod.u-bourgogne.fr\/en\/wp-json\/wp\/v2\/media?parent=33537"}],"curies":[{"name":"wp","href":"https:\/\/api.w.org\/{rel}","templated":true}]}}