{"id":32753,"date":"2019-02-04T11:25:23","date_gmt":"2019-02-04T10:25:23","guid":{"rendered":"http:\/\/www.ubfc.fr\/?page_id=32753"},"modified":"2022-01-28T12:21:59","modified_gmt":"2022-01-28T11:21:59","slug":"les-appels-a-projets-ritm-bfc","status":"publish","type":"page","link":"https:\/\/ubfc-preprod.u-bourgogne.fr\/en\/les-appels-a-projets-ritm-bfc\/","title":{"rendered":"Les appels \u00e0 projets RITM-BFC"},"content":{"rendered":"\t\t<div data-elementor-type=\"wp-page\" data-elementor-id=\"32753\" class=\"elementor elementor-32753\" data-elementor-post-type=\"page\">\n\t\t\t\t\t\t<section class=\"elementor-section elementor-top-section elementor-element elementor-element-6c9b4d8f elementor-section-boxed elementor-section-height-default elementor-section-height-default\" data-id=\"6c9b4d8f\" data-element_type=\"section\" data-e-type=\"section\">\n\t\t\t\t\t\t<div class=\"elementor-container elementor-column-gap-default\">\n\t\t\t\t\t<div class=\"elementor-column elementor-col-100 elementor-top-column elementor-element elementor-element-6f11d56a\" data-id=\"6f11d56a\" data-element_type=\"column\" data-e-type=\"column\">\n\t\t\t<div class=\"elementor-widget-wrap elementor-element-populated\">\n\t\t\t\t\t\t<div class=\"elementor-element elementor-element-e9d121e elementor-widget elementor-widget-html\" data-id=\"e9d121e\" data-element_type=\"widget\" data-e-type=\"widget\" data-widget_type=\"html.default\">\n\t\t\t\t<div class=\"elementor-widget-container\">\n\t\t\t\t\t<div style=\"width: 100%;\"><div style=\"position: relative; padding-bottom: 56.25%; padding-top: 0; height: 0;\"><iframe frameborder=\"0\" width=\"1200px\" height=\"675px\" style=\"position: absolute; top: 0; left: 0; width: 100%; height: 100%;\" src=\"https:\/\/view.genial.ly\/60ec2ce7e1e1db0dc803dfba\" type=\"text\/html\" allowscriptaccess=\"always\" allowfullscreen=\"true\" scrolling=\"yes\" allownetworking=\"all\"><\/iframe> <\/div> <\/div>\t\t\t\t<\/div>\n\t\t\t\t<\/div>\n\t\t\t\t<div class=\"elementor-element elementor-element-3b0534e2 elementor-widget elementor-widget-text-editor\" data-id=\"3b0534e2\" data-element_type=\"widget\" data-e-type=\"widget\" data-widget_type=\"text-editor.default\">\n\t\t\t\t<div class=\"elementor-widget-container\">\n\t\t\t\t\t\t\t\t\t<p><span style=\"font-size: 18pt\">L&#8217;ambition de RITM-BFC est de favoriser des initiatives p\u00e9dagogiques innovantes qu&#8217;il finance \u00e0 travers des appels \u00e0 projets.<\/span><\/p><p><span style=\"font-size: 12pt\">Les appels \u00e0 projet RITM-BFC sont annuels. Selon leur nature et leur ambition, les projets retenus pourront \u00eatre pluriannuels avec un financement maximum sur 3 ans. Les projets seront \u00e9valu\u00e9s par le comit\u00e9 scientifique et d\u2019\u00e9valuation (CSE) de RITM-BFC accompagn\u00e9 par des experts nationaux et internationaux. Deux appels \u00e0 projets sont propos\u00e9s en 2020-21 :<br \/><\/span><\/p><p><span style=\"font-size: 12pt\">L&#8217;<strong>appel \u00e0 projets <\/strong><\/span><strong>\u00ab Nouvelles pratiques p\u00e9dagogiques \u00bb<\/strong>, dot\u00e9 de 150 k\u20ac pour l\u2019ann\u00e9e 2020-21, est principalement d\u00e9di\u00e9 aux pratiques p\u00e9dagogiques pour les \u00e9tudiants\/\u00e9l\u00e8ves du premier cycle de l\u2019enseignement sup\u00e9rieur.<br \/>Deux actions seront financ\u00e9es cette ann\u00e9e : \u00ab Innovations p\u00e9dagogiques \u00bb (100 k\u20ac au total) et \u00ab Mise en place d\u2019Open Labs \u00bb (50 k\u20ac au total).<\/p><p>L&#8217;<strong>appel \u00e0 projets recherche \u00ab R\u00e9ussite \u00e9tudiante \u00bb,<\/strong> dot\u00e9 de 100K\u20ac pour l&#8217;ann\u00e9e 2020-2021, a pour objectif de d\u00e9velopper des travaux de recherche sur les conditions et d\u00e9terminants de la r\u00e9ussite \u00e9tudiante.<\/p><h2>Appel \u00e0 projets \u00ab Nouvelles pratiques p\u00e9dagogiques \u00bb<\/h2><h4>Action \u00ab Innovations p\u00e9dagogiques \u00bb<\/h4><p>L\u2019Appel \u00e0 Projet \u00ab Innovations p\u00e9dagogiques\u00bb vise \u00e0 mettre en place des actions prospectives permettant la cr\u00e9ativit\u00e9 et l\u2019exp\u00e9rimentation. Il doit permettre d\u2019innover autour des pratiques p\u00e9dagogiques et inscrire le territoire Bourgogne Franche-Comt\u00e9 comme une r\u00e9f\u00e9rence de l\u2019innovation p\u00e9dagogique au plan national et international.<br \/>Chaque projet retenu dans le cadre des AAP RITM-BFC adh\u00e8re \u00e0 la consigne : <strong>exp\u00e9rimenter, \u00e9valuer puis diss\u00e9miner<\/strong>.<\/p><p>L\u2019appel \u00e0 projet doit permettre aux \u00e9quipes p\u00e9dagogiques (\u00e0 l\u2019\u00e9chelle d\u2019un dipl\u00f4me, d\u2019une composante, d\u2019un \u00e9tablissement, de plusieurs \u00e9tablissements) de <strong>penser la p\u00e9dagogie \u00ab de demain \u00bb<\/strong>. \u00c0 titre d\u2019exemple, les actions finan\u00e7ables dans le cadre cet appel \u00e0 projet peuvent \u00eatre :<\/p><ul><li>l\u2019aide \u00e0 l\u2019orientation en amont de l\u2019entr\u00e9e dans le sup\u00e9rieur,<\/li><li>la d\u00e9clinaison de pratiques p\u00e9dagogiques permettant une meilleure r\u00e9ussite des \u00e9tudiants,<\/li><li>la mise en place d\u2019outils innovants permettant une p\u00e9dagogie diff\u00e9rente,<\/li><li>la cr\u00e9ation d\u2019actions p\u00e9dagogiques nouvelles,<\/li><li>l\u2019adaptation de pratiques p\u00e9dagogiques existantes \u00e0 un public plus large,<\/li><li>la mise en place d\u2019actions de valorisation de la recherche en licence (modes projets, nouveaux outils, nouvelles pratiques p\u00e9dagogiques en lien avec la recherche\u2026).<\/li><\/ul><p>Les projets retenus suivront une <strong>d\u00e9marche de recherche\/action<\/strong> avec la mise en place d\u2019une \u00e9valuation compl\u00e8te, d\u2019indicateurs de suivi et avec la perspective de rendre le dispositif p\u00e9renne au-del\u00e0 de la phase d\u2019exp\u00e9rimentation. Enfin, les projets devront \u00eatre essaimables \u00e0 l\u2019\u00e9chelle du territoire, et au-del\u00e0.<\/p><h4>Mise en place d&#8217;Open Labs UBFC<\/h4><p>L&#8217;<strong>apprentissage par projet<\/strong> est un des leviers permettant de rapprocher les \u00e9tudiants et apprenants du monde de la recherche et des enjeux du monde socio-\u00e9conomique en leur proposant \u00ab d&#8217;apprendre en faisant \u00bb. Les OpenLabs, FabLabs et autres tiers-lieux sont autant d&#8217;ateliers d&#8217;innovation, pluridisciplinaires, offrant une porosit\u00e9 forte entre les laboratoires et les lieux d&#8217;apprentissages. Le d\u00e9veloppement et l&#8217;animation de ces lieux repr\u00e9sentent donc un enjeu important pour UBFC et l&#8217;AAP Open Labs.<\/p><p>Le projet RITM BFC ambitionne de soutenir \u00e0 travers cet AAP la mise en place ou le d\u00e9veloppement d\u2019Open Labs pr\u00e9existant dans les \u00e9tablissements et laboratoires au sein des Tiers-lieux d&#8217;UBFC (Openlabs, FabLabs, salle de prototypage, Espace d&#8217;Id\u00e9ation, etc&#8230;).<\/p><p>Les projets devront int\u00e9grer la dimension UBFC en mettant en avant leur apport pour le r\u00e9seau des Open Labs et en proposant un livrable sur la diffusion et le partage des pratiques. Le dossier devra pr\u00e9ciser comment le projet peut s\u2019int\u00e9grer au r\u00e9seau des Open Labs UBFC.<\/p><p>Les d\u00e9penses \u00e9ligibles pour soutenir les projets soumis dans le cadre de cet AAP sont des d\u00e9penses de fonctionnement couvrant :<\/p><ul><li>l&#8217;achat de petit mat\u00e9riel propre au d\u00e9veloppement du projet (&lt; 4 k\u20ac),<\/li><li>le personnel (heures compl\u00e9mentaires, contrats \u00e9tudiants, gratification stage, etc.),<\/li><li>les missions.<\/li><\/ul><h2>Appel \u00e0 projet recherche \u00ab R\u00e9ussite \u00e9tudiante \u00bb<\/h2><h3>Contenu scientifique et objectifs :<\/h3><p>L\u2019appel \u00e0 projets Recherches \u00ab R\u00e9ussite \u00e9tudiante \u00bb a pour objectif de<strong> d\u00e9velopper des travaux de recherche sur les conditions et les d\u00e9terminants de la r\u00e9ussite \u00e9tudiante<\/strong>.<\/p><p>Les \u00e9quipes de recherche des \u00e9tablissements de la COMUE UBFC sont ainsi sollicit\u00e9es pour participer au projet RITM-BFC \u00e0 travers leur expertise sp\u00e9cifique. Il s\u2019agira en particulier de d\u00e9velopper des travaux soit qui concernent l\u2019\u00e9valuation des dispositifs de r\u00e9ussite mis en place par RITM-BFC (effets, impacts, analyse des d\u00e9terminants et de leurs effets au niveau de l\u2019efficacit\u00e9 des dispositifs comme de leur capacit\u00e9 \u00e0 r\u00e9duire les in\u00e9galit\u00e9s de r\u00e9ussite), soit qui concernent l\u2019\u00e9tude de param\u00e8tres compl\u00e9mentaires (psychologiques, sociologiques, socio-\u00e9conomiques\u2026 ) en lien avec les enjeux de la r\u00e9ussite \u00e9tudiante (\u00e9chec, conditions de vie des \u00e9tudiants, sant\u00e9, professionnalisation, orientation\/r\u00e9orientation et insertion des \u00e9tudiants).<\/p><p>Il s\u2019agira aussi de <strong>croiser les regards<\/strong> de diff\u00e9rentes disciplines pour appr\u00e9hender au mieux les diff\u00e9rentes variables impliqu\u00e9es dans la r\u00e9ussite.<\/p><p>Enfin, l\u2019appel \u00e0 projets pourra int\u00e9grer des travaux conduisant \u00e0 discuter et \u00e9largir les mesures de la r\u00e9ussite au niveau des indicateurs utilis\u00e9s (r\u00e9ussite aux examens, orientation souhait\u00e9e, acquisition de connaissances et de comp\u00e9tences, engagement \u00e9tudiant \u2026) comme au niveau des temporalit\u00e9s qui permettent de mesurer cette r\u00e9ussite (en d\u00e9veloppant par exemple des approches en termes de parcours de r\u00e9ussite et de pers\u00e9v\u00e9rance).<\/p><p>Dans le cadre de cet appel \u00e0 projets <strong>plusieurs th\u00e9matiques<\/strong> peuvent \u00eatre propos\u00e9es (liste non limitative) :<\/p><ul><li>Meilleure connaissance des d\u00e9terminants de la r\u00e9ussite \u00e9tudiante et de l\u2019\u00e9chec des \u00e9tudiants : \u00e9tude des param\u00e8tres psychologiques, cognitifs ou non cognitifs, sociologiques, socio-\u00e9conomique en lien notamment avec la trajectoire et les acquis scolaires ant\u00e9rieurs,<\/li><li>Influence des conditions de vie et d\u2019\u00e9tudes sur la r\u00e9ussite (conditions d\u2019apprentissage, mani\u00e8res d\u2019\u00e9tudier, gestion des temps \u00e9tudiants, mode d\u2019int\u00e9gration au sein des \u00e9tablissements et des formations, utilisation des ressources num\u00e9riques\u2026),<\/li><li>Des r\u00e9flexions scientifiques sur l\u2019apport des diff\u00e9rentes th\u00e9ories et mod\u00e8les de l\u2019innovation p\u00e9dagogique. Elles pourraient notamment viser \u00e0 r\u00e9pondre aux questions suivantes. Quelles sont les caract\u00e9ristiques d\u2019un programme innovant ? Comment les innovations p\u00e9dagogiques ou curriculaires peuvent \u00eatre source de changements ? Comment favoriser leur diss\u00e9mination au sein des diff\u00e9rentes fili\u00e8res et des diff\u00e9rents \u00e9tablissements\u00a0?<\/li><li>\u00c9valuation des dispositifs de r\u00e9ussite mis en place par RITM-BFC. L\u2019association entre \u00e9quipes p\u00e9dagogiques et \u00e9quipes de recherche pourra \u00eatre sollicit\u00e9e autour d\u2019un projet innovant comprenant \u00e0 la fois mise en place d\u2019un nouveau dispositif p\u00e9dagogique et m\u00e9thodologie d\u2019\u00e9valuation permettant de r\u00e9pondre aux indicateurs d\u2019\u00e9volution du projet RITM-BFC.<\/li><\/ul><p>Les projets devront mettre en avant des <strong>collaborations entre \u00e9quipes p\u00e9dagogiques et \u00e9quipes de recherche<\/strong> et \u00e9ventuellement entre \u00e9tablissements du site BFC. Les \u00e9l\u00e9ments suivants seront particuli\u00e8rement appr\u00e9ci\u00e9s :<\/p><ul><li>valorisation de la pluridisciplinarit\u00e9 et\/ou de l\u2019interdisciplinarit\u00e9,<\/li><li>dimension internationale,<\/li><li>implication de jeunes chercheurs et doctorants,<\/li><li>renforcement de r\u00e9seaux nationaux ou internationaux,<\/li><li>liens avec des partenaires institutionnels ou socio-\u00e9conomiques,<\/li><li>retomb\u00e9es du projet pour am\u00e9liorer la r\u00e9ussite \u00e9tudiante.<\/li><\/ul><p>Le porteur de projet doit \u00eatre enseignant-chercheur et appartenir \u00e0 une \u00e9quipe de recherche d\u2019un des \u00e9tablissements membres d\u2019UBFC.<\/p><h2>Proc\u00e9dure pour candidater<\/h2><p><strong><span style=\"color: #cc2e6d\">L&#8217;appel \u00e0 projet RITM-BFC 2020-2021 est clos depuis le 21 f\u00e9vrier 2020<br \/><\/span><\/strong><\/p><h2>Engagement des laur\u00e9ats<\/h2><p>Les \u00e9quipes laur\u00e9ates d&#8217;un projet soutenu par RITM-BFC s&#8217;engagent \u00e0 :<\/p><ul><li><strong>transmettre l&#8217;\u00e9tat d&#8217;avancement et\/ou le bilan d&#8217;activit\u00e9 du projet<\/strong> \u00e0 la demande du coordinateur du projet RITM-BFC. Ces bilans faciliteront notamment la production de justificatifs aupr\u00e8s des partenaires et financeurs publics (ANR, collectivit\u00e9s, etc.) ainsi que la valorisation des travaux de RITM-BFC dans le cadre de ses actions de communication,<\/li><li>actualiser et transmettre r\u00e9guli\u00e8rement les <strong>outils de suiv<span style=\"color: #cc2e6d\"><span style=\"color: #000000\">i<\/span> <\/span><\/strong>\u00e0 ritm-bfc@ubfc.fr,<\/li><li><strong>mentionner le projet et afficher les logos<\/strong> dans toute communication (cf. ci-dessous)<\/li><\/ul><table style=\"border-collapse: collapse;width: 100%\"><tbody><tr><td style=\"width: 33.3333%\">\u00a0<\/td><td style=\"width: 33.3333%\">\u00a0<\/td><td style=\"width: 33.3333%\">\u00a0<\/td><\/tr><\/tbody><\/table><p><span style=\"font-size: 12pt\"><span style=\"color: #32acc4\"><span style=\"color: #cc2e6d\"><strong>*********************************************************************************************************************************<\/strong><\/span><\/span><\/span><\/p><p><span style=\"font-size: 18pt\"><em><span style=\"color: #32acc4\"><span style=\"color: #cc2e6d\"><strong>NOUVEAU !\u00a0 <\/strong><\/span><\/span><\/em><\/span><span style=\"font-size: 14pt\"><span style=\"color: #32acc4;font-size: 18pt\"><span style=\"color: #cc2e6d\"><strong>Portfolio des porteurs de projets ou actions RITM-BFC : k<\/strong><\/span><\/span><span style=\"color: #32acc4\"><span style=\"color: #cc2e6d\"><strong><span style=\"font-size: 18pt\">it de suivi et documents utiles<\/span> <\/strong><\/span><\/span><\/span><\/p><p><span style=\"color: #cc2e6d\"><strong>*********************************************************************************************************************************<\/strong><\/span><\/p><p style=\"text-align: justify\"><span style=\"font-size: 12pt\"><strong><span style=\"font-size: 10pt\">RITM-BFC est un projet structurant port\u00e9 par UBFC : <a href=\"https:\/\/www.ubfc.fr\/wp-content\/uploads\/2020\/12\/UBFC-portage-projets_RITMvf2.pdf\">d\u00e9couvrez ici le portage et la coordination de projets structurants par UBFC<span style=\"color: #000000\">, les enjeux et la trajectoire vis\u00e9e<\/span><\/a><span style=\"color: #000000\">.<\/span> L\u2019\u00e9quipe met \u00e0 disposition des porteurs de projets ou d\u2019actions (levier) un portfolio de vid\u00e9o et documents utiles.<\/span>\u00a0 <\/strong><\/span><span style=\"font-size: 10pt\"><strong>Ce portfolio a \u00e9t\u00e9 pr\u00e9sent\u00e9 lors de 2 sessions d\u2019information collective en septembre et octobre 2020 : retrouvez la <a href=\"https:\/\/www.youtube.com\/watch?v=nbZYDptvRFE&amp;feature=youtu.be\">vid\u00e9o<\/a> et le <a href=\"https:\/\/www.ubfc.fr\/wp-content\/uploads\/2020\/12\/infocollectivesessions2020.pdf\">diaporama<\/a> pr\u00e9sent\u00e9 \u00e0 cette occasion.<\/strong><\/span><\/p><p><em><span style=\"color: #cc2e6d;font-size: 10pt\">Derni\u00e8re mise \u00e0 jour le 7 d\u00e9cembre 2020 <\/span><\/em><\/p><p><span style=\"font-size: 10pt\"><strong><span style=\"color: #cc2e6d;font-size: 12pt\">1. Kit de suivi<\/span><\/strong><br \/><\/span><\/p><p><span style=\"font-size: 10pt\">Il comprend 2 \u00e9l\u00e9ments principaux :<\/span><\/p><p style=\"text-align: justify\"><span style=\"font-size: 10pt\"><span style=\"color: #cc2e6d\"><strong><span style=\"color: #000000\">1 &#8211; une fiche financi\u00e8re<\/span><\/strong> <\/span>qui permet un suivi des d\u00e9penses r\u00e9alis\u00e9es \u00e0 partir du pr\u00e9visionnel. Il existe <strong>2 types de fiches<\/strong> en fonction du projet que vous portez :<\/span><\/p><ul style=\"list-style-type: disc\"><li style=\"text-align: justify\"><span style=\"font-size: 10pt\"><a href=\"https:\/\/www.ubfc.fr\/wp-content\/uploads\/2020\/12\/FICHEFINANCIERERITM-BFCPROJETLAUREAT2020mod.xls\">fiche financi\u00e8re de suivi de <strong>projets laur\u00e9at d\u2019un AAP<span style=\"color: #32acc4\"> RITM-BFC <\/span><\/strong><\/a><span style=\"color: #000000\">qui doit \u00eatre retourn\u00e9e \u00e0 ritm\u2010bfc@ubfc.fr <strong>3 fois par an :\u00a0<\/strong><\/span><a href=\"https:\/\/www.ubfc.fr\/wp-content\/uploads\/2020\/12\/FICHEFINANCIERERITM-BFCPROJETLAUREAT2020mod.xls\"><span style=\"color: #000000\"> <strong>les <span id=\"OBJ_PREFIX_DWT2331_com_zimbra_date\" class=\"Object\" role=\"link\"><span id=\"OBJ_PREFIX_DWT2483_com_zimbra_date\" class=\"Object\" role=\"link\">31 mars, 30<\/span><\/span> juin et 31 d\u00e9cembre <\/strong>de chaque ann\u00e9e, en commen\u00e7ant au 31 d\u00e9cembre de l&#8217;ann\u00e9e de d\u00e9marrage du projet<\/span><\/a>.<br \/><\/span><\/li><li style=\"text-align: justify\"><span style=\"font-size: 10pt\"><a href=\"https:\/\/www.ubfc.fr\/wp-content\/uploads\/2020\/12\/FICHEFINANCIERERITM-BFCACTIONLEVIERS2020.xls\"> fiche financi\u00e8re de suivi d\u2019une <strong>action dans le cadre d\u2019un levier<\/strong><\/a> RITM-BFC <br \/><\/span><\/li><\/ul><p style=\"text-align: justify\"><span style=\"font-size: 10pt\"><strong><span style=\"color: #cc2e6d\"><span style=\"color: #000000\">2 &#8211; un<\/span> <span style=\"color: #000000\">formulaire bilan et indicateurs<\/span><\/span> : <\/strong>\u00e0 compl\u00e9ter en ligne chaque ann\u00e9e en <strong>juin<\/strong>. <\/span><span style=\"font-size: 10pt\">Ce questionnaire <span style=\"color: #cc2e6d\"><strong>annule et remplace l\u2019ancienne \u00ab fiche compteur \u00bb<\/strong> <\/span>devenue caduque. <\/span><span style=\"font-size: 10pt\"><a href=\"https:\/\/www.ubfc.fr\/wp-content\/uploads\/2020\/12\/Extraction-Bilan-et-indicateurs-annuels-projet-RITM-VF.pdf\"><span style=\"color: #000000\">Les renseignements qui seront demand\u00e9s annuellement aux porteurs<\/span> <span style=\"color: #000000\">d&#8217;actions et de projets <\/span><strong>sont consultables ici<\/strong>, <\/a>\u00e0 titre indicatif et sous r\u00e9serve de modification. <\/span><\/p><p><span style=\"font-size: 12pt\"><strong><span style=\"color: #cc2e6d\">2. Proc\u00e9dures internes aux \u00e9tablissements et d\u00e9penses \u00e9ligibles<\/span><\/strong><\/span><\/p><p style=\"text-align: justify\"><span style=\"font-size: 10pt\">Les actions ou projets men\u00e9s doivent <strong>respecter les proc\u00e9dures pour l\u2019engagement des d\u00e9penses sur le dispositif RITM-BFC propres \u00e0 chaque \u00e9tablissement <\/strong>(proc\u00e9dures internes). Nous vous invitons vivement \u00e0 consulter les proc\u00e9dures mises en place \u00e0 <a href=\"https:\/\/www.ubfc.fr\/wp-content\/uploads\/2021\/01\/Procedureinterne_uB_MAJjanv-21.pdf\">l\u2019<span style=\"color: #32acc4\"><strong>uB<\/strong><\/span><\/a>, \u00e0 l\u2019<strong><a href=\"https:\/\/www.ubfc.fr\/wp-content\/uploads\/2021\/01\/Procedureinterne_UFC_MAJjanv-21.pdf\">UFC<\/a><\/strong> et<strong><a href=\"https:\/\/www.ubfc.fr\/wp-content\/uploads\/2021\/01\/Procedureinterne_AGROSUP_MAJjanv-21.pdf\"> AgroSup Dijon<\/a>.<\/strong><\/span><\/p><p style=\"text-align: justify\"><span style=\"font-size: 10pt\"><span style=\"color: #cc2e6d\">IMPORTANT\u00a0:<\/span> les projets ou actions sont encadr\u00e9es par <strong><a href=\"https:\/\/www.ubfc.fr\/wp-content\/uploads\/2020\/12\/Reglement-NCU.pdf\">r\u00e8glement relatif aux modalit\u00e9s d\u2019attribution des aides au titre de l\u2019appel \u00e0 projets \u00ab\u00a0Nouveaux Cursus \u00e0 l\u2019Universit\u00e9\u00a0\u00bb<\/a> <\/strong>et les d\u00e9penses engag\u00e9es doivent \u00eatre<strong> <a href=\"https:\/\/www.ubfc.fr\/wp-content\/uploads\/2020\/12\/ANR-RF-Fiche-COUTS.pdf\">\u00e9ligibles par l\u2019ANR<\/a>.<\/strong><\/span><\/p><p><span style=\"font-size: 12pt\"><strong><span style=\"color: #cc2e6d\">3. Communication et logos<\/span><\/strong><\/span><\/p><p><span style=\"font-size: 10pt\">Les \u00e9quipes laur\u00e9ates d\u2019un projet soutenu par RITM-BFC s\u2019engagent \u00e0 : <\/span><\/p><ul style=\"list-style-type: disc\"><li><span style=\"font-size: 10pt\">mentionner dans le cadre de toute publication :<strong><em> \u00ab This project has been performed thanks to the RITM-BFC program (contract ANR-17-NCUN-0003) \u00bb<\/em><\/strong> ou \u00ab <em><strong>Ce travail a b\u00e9n\u00e9fici\u00e9 du soutien du projet NCU RITM-BFC portant la r\u00e9f\u00e9rence ANR-17-NCUN-0003)<\/strong>&#8220;<\/em><\/span><\/li><li><span style=\"font-size: 10pt\">afficher dans le cadre d\u2019une communication orale ou \u00e9crite (poster, conf\u00e9rence, s\u00e9minaire, workshop, rapport d\u2019activit\u00e9, rapport de stage\u2026) <strong>les logos<\/strong> d\u2019<a href=\"https:\/\/www.ubfc.fr\/wp-content\/uploads\/2020\/12\/logo-UBFC_couleurs_fondtransparent.png\"><strong>UBFC<\/strong><\/a> et de <\/span><a href=\"https:\/\/www.ubfc.fr\/wp-content\/uploads\/2020\/12\/Logo_RITM-BFCPIA_VECTORIS\u00c9_fondtransparent.png\"><span style=\"font-size: 10pt\"><strong>RITM-BFC \/ ANR.<\/strong><\/span><\/a><\/li><\/ul><p style=\"text-align: justify\"><span style=\"font-size: 12pt\"><strong><span style=\"color: #cc2e6d\">4. Et aussi\u2026<\/span><\/strong><\/span><\/p><p style=\"text-align: justify\"><span style=\"font-size: 10pt\">Parce que le montage, la coordination et la conduite de projet ne sont pas forc\u00e9ment \u00e9vidents, vous pouvez consulter le <strong><a href=\"https:\/\/www.ubfc.fr\/wp-content\/uploads\/2020\/12\/NDI_guidemethodo.pdf\">Guide m\u00e9thodologique de la conduite de projet, tr\u00e8s utile, con\u00e7u par le Minist\u00e8re de la Jeunesse et des Sports en 2004<\/a>. <\/strong><\/span><span style=\"font-size: 10pt\">Enfin, l\u2019\u00e9quipe propose r\u00e9guli\u00e8rement des sessions d\u2019informations\u00a0: n\u2019h\u00e9sitez pas \u00e0 consulter r\u00e9guli\u00e8rement la page <strong><span style=\"color: #32acc4\">A<\/span><a href=\"https:\/\/www.ubfc.fr\/excellence\/ritm-bfc\/actualites-et-vie-du-reseau-ritm-bfc\/\">ctualit\u00e9 et vie du r\u00e9seau RITM-BFC. <\/a><\/strong><br \/><\/span><\/p><p><span style=\"font-size: 10pt\">Nous vous souhaitons de tr\u00e8s belles r\u00e9ussites de vos projets !<\/span><\/p><p><a href=\"https:\/\/www.ubfc.fr\/wp-content\/uploads\/2020\/12\/Logo_RITM-BFCPIA_VECTORIS\u00c9_fondtransparent.png\"><img decoding=\"async\" class=\"alignnone wp-image-21219\" src=\"http:\/\/www.ubfc.fr\/wp-content\/uploads\/2018\/10\/RITM-BFC-300x164.jpg\" alt=\"\" width=\"229\" height=\"125\" srcset=\"https:\/\/ubfc-preprod.u-bourgogne.fr\/wp-content\/uploads\/2018\/10\/RITM-BFC-300x164.jpg 300w, https:\/\/ubfc-preprod.u-bourgogne.fr\/wp-content\/uploads\/2018\/10\/RITM-BFC-768x419.jpg 768w, https:\/\/ubfc-preprod.u-bourgogne.fr\/wp-content\/uploads\/2018\/10\/RITM-BFC-1024x559.jpg 1024w, https:\/\/ubfc-preprod.u-bourgogne.fr\/wp-content\/uploads\/2018\/10\/RITM-BFC.jpg 1363w\" sizes=\"(max-width: 229px) 100vw, 229px\" \/><\/a><\/p>\t\t\t\t\t\t\t\t<\/div>\n\t\t\t\t<\/div>\n\t\t\t\t\t<\/div>\n\t\t<\/div>\n\t\t\t\t\t<\/div>\n\t\t<\/section>\n\t\t\t\t<section class=\"elementor-section elementor-top-section elementor-element elementor-element-6a14556 elementor-section-boxed elementor-section-height-default elementor-section-height-default\" data-id=\"6a14556\" data-element_type=\"section\" data-e-type=\"section\">\n\t\t\t\t\t\t<div class=\"elementor-container elementor-column-gap-default\">\n\t\t\t\t\t<div class=\"elementor-column elementor-col-100 elementor-top-column elementor-element elementor-element-3015de6\" data-id=\"3015de6\" data-element_type=\"column\" data-e-type=\"column\">\n\t\t\t<div class=\"elementor-widget-wrap\">\n\t\t\t\t\t\t\t<\/div>\n\t\t<\/div>\n\t\t\t\t\t<\/div>\n\t\t<\/section>\n\t\t\t\t<\/div>\n\t\t","protected":false},"excerpt":{"rendered":"<p>L&#8217;ambition de RITM-BFC est de favoriser des initiatives p\u00e9dagogiques innovantes qu&#8217;il finance \u00e0 travers des appels \u00e0 projets. Les appels \u00e0 projet RITM-BFC sont annuels. Selon leur nature et leur ambition, les projets retenus pourront \u00eatre pluriannuels avec un financement maximum sur 3 ans. Les projets seront \u00e9valu\u00e9s par le comit\u00e9 scientifique et d\u2019\u00e9valuation (CSE) &hellip; <a href=\"https:\/\/ubfc-preprod.u-bourgogne.fr\/en\/les-appels-a-projets-ritm-bfc\/\">Continued<\/a><\/p>\n","protected":false},"author":6,"featured_media":0,"parent":0,"menu_order":347,"comment_status":"closed","ping_status":"closed","template":"","meta":{"footnotes":""},"class_list":["post-32753","page","type-page","status-publish","hentry"],"acf":[],"_links":{"self":[{"href":"https:\/\/ubfc-preprod.u-bourgogne.fr\/en\/wp-json\/wp\/v2\/pages\/32753","targetHints":{"allow":["GET"]}}],"collection":[{"href":"https:\/\/ubfc-preprod.u-bourgogne.fr\/en\/wp-json\/wp\/v2\/pages"}],"about":[{"href":"https:\/\/ubfc-preprod.u-bourgogne.fr\/en\/wp-json\/wp\/v2\/types\/page"}],"author":[{"embeddable":true,"href":"https:\/\/ubfc-preprod.u-bourgogne.fr\/en\/wp-json\/wp\/v2\/users\/6"}],"replies":[{"embeddable":true,"href":"https:\/\/ubfc-preprod.u-bourgogne.fr\/en\/wp-json\/wp\/v2\/comments?post=32753"}],"version-history":[{"count":93,"href":"https:\/\/ubfc-preprod.u-bourgogne.fr\/en\/wp-json\/wp\/v2\/pages\/32753\/revisions"}],"predecessor-version":[{"id":52372,"href":"https:\/\/ubfc-preprod.u-bourgogne.fr\/en\/wp-json\/wp\/v2\/pages\/32753\/revisions\/52372"}],"wp:attachment":[{"href":"https:\/\/ubfc-preprod.u-bourgogne.fr\/en\/wp-json\/wp\/v2\/media?parent=32753"}],"curies":[{"name":"wp","href":"https:\/\/api.w.org\/{rel}","templated":true}]}}